{"id":54,"date":"2024-09-11T14:23:38","date_gmt":"2024-09-11T12:23:38","guid":{"rendered":"https:\/\/iwhiteinstant.com\/hr\/?post_type=product&#038;p=54"},"modified":"2024-12-20T15:10:07","modified_gmt":"2024-12-20T14:10:07","slug":"iwhite-supreme-zubna-pasta-za-izbjeljivanje","status":"publish","type":"product","link":"https:\/\/iwhiteinstant.com\/hr\/proizvod\/iwhite-supreme-zubna-pasta-za-izbjeljivanje\/","title":{"rendered":"iWhite Supreme zubna pasta za izbjeljivanje"},"content":{"rendered":"\n<div class=\"wp-block-karopharma-free-text pt-large pb-small bg-center bg-cover bg-no-repeat\" style=\"background-image:url()\"><div class=\"free-text-wrapper container max-w-medium text-left\">\n<h2 class=\"wp-block-heading is-style-heading-h2\">Kad dvoje postane jedno: kombinacija jedinstvenih tehnologija<\/h2>\n\n\n\n<p>iWhite je poznat po svojoj jedinstvenoj iWhite tehnologiji koja uklju\u010duje P.A.P., jaku molekulu za uklanjanje mrlja koja razgra\u0111uje diskoloracije na zubima u male komadi\u0107e bez utjecaja na strukturu zuba. Zbog toga su va\u0161a zubna caklina i desni savr\u0161eno sigurni jer iWhite tehnologija radi isklju\u010divo na samim mrljama na zubima, \u0161to dovodi do jasno bjeljih zubi i daje vam briljantno bijeli osmijeh.<\/p>\n\n\n\n<p>S kontinuiranim inovativnim na\u010dinom razmi\u0161ljanja, iWhite je razvio novu tehnologiju koja podr\u017eava iWhite tehnologiju i omogu\u0107uje postizanje jo\u0161 boljih rezultata.<\/p>\n<\/div><\/div>\n\n\n\n<div class=\"wp-block-karopharma-product-promotion text-align-right pt-medium pb-medium bg-center bg-cover bg-no-repeat\" style=\"background-image:url()\"><div class=\"container max-w-medium\">\n<div class=\"wp-block-group is-layout-flow wp-block-group-is-layout-flow\">\n<figure class=\"wp-block-karopharma-product-promotion-image product-promotion-image\"><img fetchpriority=\"high\" decoding=\"async\" datatest=\"image\" src=\"https:\/\/iwhiteinstant.com\/cdn-cgi\/image\/format=auto\/app\/uploads\/sites\/12\/2024\/09\/Active-Micropearls-Technology.png\" loading=\"eager\" alt=\"Active-Micropearls-Technology\" width=\"518\" height=\"432\" srcset=\"https:\/\/iwhiteinstant.com\/cdn-cgi\/image\/format=auto,width=584\/app\/uploads\/sites\/12\/2024\/09\/Active-Micropearls-Technology.png 584w, https:\/\/iwhiteinstant.com\/cdn-cgi\/image\/format=auto,width=272\/app\/uploads\/sites\/12\/2024\/09\/Active-Micropearls-Technology.png 272w\" sizes=\"(max-width: 584px) 100vw, 584px\"\/><\/figure>\n<\/div>\n\n\n\n<div class=\"wp-block-group is-layout-flow wp-block-group-is-layout-flow\">\n<h2 class=\"wp-block-heading heading is-style-heading-h4\">Upoznajte iWhiteovu najnoviju tehnologiju Active Micropearls<\/h2>\n\n\n\n<p class=\"paragraph is-style-paragraph-body-text\">Kori\u0161tenjem Active Micropearls tehnologije mogu\u0107e je posti\u0107i ciljano otpu\u0161tanje aktivnih sastojaka. Dakle, kada perete zube, koncentrirane aktivne tvari otpu\u0161taju se izravno na caklinu. U iWhite Supreme pasti za zube, Active Micropearls Technology inkapsulirani su aktivni sastojci koji neutraliziraju mrlje: pirofosfate. Ove aktivne tvari stvaraju za\u0161titnu barijeru na povr\u0161ini va\u0161ih zubi i poma\u017eu u sprje\u010davanju bojenja va\u0161ih zubi.<\/p>\n<\/div>\n<\/div><\/div>\n\n\n\n<div class=\"wp-block-karopharma-free-text pt-small pb-large bg-center bg-cover bg-no-repeat\" style=\"background-image:url()\"><div class=\"free-text-wrapper container max-w-medium text-left\">\n<h3 class=\"wp-block-heading is-style-heading-h4 has-primary-color has-text-color\">&#8220;Budu\u0107i da drugi proizvodi mogu izgubiti svoju u\u010dinkovitost zbog isparavanja sastojaka, iWhite&#8217;s Supreme pasta za zube kontinuirano zadr\u017eava sna\u017ene, aktivne sastojke zahvaljuju\u0107i mikrokristalima.&#8221;<\/h3>\n<\/div><\/div>\n\n\n\n<div class=\"wp-block-karopharma-free-text pt-large pb-large bg-center bg-cover bg-no-repeat  is-style-primary\" style=\"background-image:url()\"><div class=\"free-text-wrapper container max-w-medium text-center\">\n<h3 class=\"wp-block-heading is-style-heading-h2\">Rutina daje najbolji rezultat<\/h3>\n\n\n\n<p class=\"is-style-paragraph-preamble\">Kako biste postigli najbolje rezultate izbjeljivanja, va\u017eno je odr\u017eavati rutinu. Na\u0161u pastu za zube mo\u017eete kombinirati s na\u0161im setom za izbjeljivanje (mjese\u010dno) i s na\u0161om vodicom za ispiranje usta i interdentalnim koncem za izbjeljivanje (svakodnevno).<\/p>\n\n\n\n<div class=\"wp-block-buttons is-layout-flex wp-block-buttons-is-layout-flex\">\n<div class=\"wp-block-button\"><a class=\"wp-block-button__link wp-element-button\" href=\"https:\/\/iwhiteinstant.com\/hr\/iwhite-rutina\/\">Pro\u010ditajte vi\u0161e o iWhite rutini<\/a><\/div>\n<\/div>\n<\/div><\/div>\n","protected":false},"excerpt":{"rendered":"<p>Izbjeljuje i \u0161titi va\u0161e zube stvaraju\u0107i za\u0161titni sloj na zubima.<\/p>\n","protected":false},"featured_media":63,"comment_status":"closed","ping_status":"closed","template":"","meta":{"_acf_changed":false,"footnotes":""},"product_brand":[],"product_cat":[19],"product_tag":[],"class_list":{"0":"post-54","1":"product","2":"type-product","3":"status-publish","4":"has-post-thumbnail","6":"product_cat-proizvodi-za-dnevno-izbjeljivanje","8":"first","9":"instock","10":"shipping-taxable","11":"product-type-simple"},"acf":[],"yoast_head":"<!-- This site is optimized with the Yoast SEO plugin v26.6 - https:\/\/yoast.com\/wordpress\/plugins\/seo\/ -->\n<title>iWhite Supreme zubna pasta za izbjeljivanje - iWhite<\/title>\n<meta name=\"description\" content=\"Zubna pasta iWhite Supreme savr\u0161ena je za svakodnevno izbjeljivanje zubi i za\u0161titu od vanjskih utjecaja. Aktivni sastojci stvaraju za\u0161titnu barijeru na povr\u0161ini zubi kako bi sprije\u010dili bojenje zubi.\" \/>\n<meta name=\"robots\" content=\"index, follow, max-snippet:-1, max-image-preview:large, max-video-preview:-1\" \/>\n<link rel=\"canonical\" href=\"https:\/\/iwhiteinstant.com\/hr\/proizvod\/iwhite-supreme-zubna-pasta-za-izbjeljivanje\/\" \/>\n<meta property=\"og:locale\" content=\"hr_HR\" \/>\n<meta property=\"og:type\" content=\"article\" \/>\n<meta property=\"og:title\" content=\"iWhite Supreme zubna pasta za izbjeljivanje - iWhite\" \/>\n<meta property=\"og:description\" content=\"Zubna pasta iWhite Supreme savr\u0161ena je za svakodnevno izbjeljivanje zubi i za\u0161titu od vanjskih utjecaja. Aktivni sastojci stvaraju za\u0161titnu barijeru na povr\u0161ini zubi kako bi sprije\u010dili bojenje zubi.\" \/>\n<meta property=\"og:url\" content=\"https:\/\/iwhiteinstant.com\/hr\/proizvod\/iwhite-supreme-zubna-pasta-za-izbjeljivanje\/\" \/>\n<meta property=\"og:site_name\" content=\"iWhite\" \/>\n<meta property=\"article:modified_time\" content=\"2024-12-20T14:10:07+00:00\" \/>\n<meta property=\"og:image\" content=\"https:\/\/iwhiteinstant.com\/app\/uploads\/sites\/12\/2024\/09\/iWhite-Supreme-toothpaste.png\" \/>\n\t<meta property=\"og:image:width\" content=\"800\" \/>\n\t<meta property=\"og:image:height\" content=\"800\" \/>\n\t<meta property=\"og:image:type\" content=\"image\/png\" \/>\n<meta name=\"twitter:card\" content=\"summary_large_image\" \/>\n<meta name=\"twitter:label1\" content=\"Est. reading time\" \/>\n\t<meta name=\"twitter:data1\" content=\"2 minutes\" \/>\n<script type=\"application\/ld+json\" class=\"yoast-schema-graph\">{\"@context\":\"https:\/\/schema.org\",\"@graph\":[{\"@type\":\"WebPage\",\"@id\":\"https:\/\/iwhiteinstant.com\/hr\/proizvod\/iwhite-supreme-zubna-pasta-za-izbjeljivanje\/\",\"url\":\"https:\/\/iwhiteinstant.com\/hr\/proizvod\/iwhite-supreme-zubna-pasta-za-izbjeljivanje\/\",\"name\":\"iWhite Supreme zubna pasta za izbjeljivanje - iWhite\",\"isPartOf\":{\"@id\":\"https:\/\/iwhiteinstant.com\/hr\/#website\"},\"primaryImageOfPage\":{\"@id\":\"https:\/\/iwhiteinstant.com\/hr\/proizvod\/iwhite-supreme-zubna-pasta-za-izbjeljivanje\/#primaryimage\"},\"image\":{\"@id\":\"https:\/\/iwhiteinstant.com\/hr\/proizvod\/iwhite-supreme-zubna-pasta-za-izbjeljivanje\/#primaryimage\"},\"thumbnailUrl\":\"https:\/\/iwhiteinstant.com\/app\/uploads\/sites\/12\/2024\/09\/iWhite-Supreme-toothpaste.png\",\"datePublished\":\"2024-09-11T12:23:38+00:00\",\"dateModified\":\"2024-12-20T14:10:07+00:00\",\"description\":\"Zubna pasta iWhite Supreme savr\u0161ena je za svakodnevno izbjeljivanje zubi i za\u0161titu od vanjskih utjecaja. Aktivni sastojci stvaraju za\u0161titnu barijeru na povr\u0161ini zubi kako bi sprije\u010dili bojenje zubi.\",\"breadcrumb\":{\"@id\":\"https:\/\/iwhiteinstant.com\/hr\/proizvod\/iwhite-supreme-zubna-pasta-za-izbjeljivanje\/#breadcrumb\"},\"inLanguage\":\"hr-HR\",\"potentialAction\":[{\"@type\":\"ReadAction\",\"target\":[\"https:\/\/iwhiteinstant.com\/hr\/proizvod\/iwhite-supreme-zubna-pasta-za-izbjeljivanje\/\"]}]},{\"@type\":\"ImageObject\",\"inLanguage\":\"hr-HR\",\"@id\":\"https:\/\/iwhiteinstant.com\/hr\/proizvod\/iwhite-supreme-zubna-pasta-za-izbjeljivanje\/#primaryimage\",\"url\":\"https:\/\/iwhiteinstant.com\/app\/uploads\/sites\/12\/2024\/09\/iWhite-Supreme-toothpaste.png\",\"contentUrl\":\"https:\/\/iwhiteinstant.com\/app\/uploads\/sites\/12\/2024\/09\/iWhite-Supreme-toothpaste.png\",\"width\":800,\"height\":800,\"caption\":\"iWhite-Supreme-toothpaste\"},{\"@type\":\"BreadcrumbList\",\"@id\":\"https:\/\/iwhiteinstant.com\/hr\/proizvod\/iwhite-supreme-zubna-pasta-za-izbjeljivanje\/#breadcrumb\",\"itemListElement\":[{\"@type\":\"ListItem\",\"position\":1,\"name\":\"Home\",\"item\":\"https:\/\/iwhiteinstant.com\/hr\/\"},{\"@type\":\"ListItem\",\"position\":2,\"name\":\"Proizvodi iWhite\",\"item\":\"https:\/\/iwhiteinstant.com\/hr\/proizvodi-iwhite\/\"},{\"@type\":\"ListItem\",\"position\":3,\"name\":\"iWhite Supreme zubna pasta za izbjeljivanje\"}]},{\"@type\":\"WebSite\",\"@id\":\"https:\/\/iwhiteinstant.com\/hr\/#website\",\"url\":\"https:\/\/iwhiteinstant.com\/hr\/\",\"name\":\"iWhite\",\"description\":\"\",\"publisher\":{\"@id\":\"https:\/\/iwhiteinstant.com\/hr\/#organization\"},\"potentialAction\":[{\"@type\":\"SearchAction\",\"target\":{\"@type\":\"EntryPoint\",\"urlTemplate\":\"https:\/\/iwhiteinstant.com\/hr\/?s={search_term_string}\"},\"query-input\":{\"@type\":\"PropertyValueSpecification\",\"valueRequired\":true,\"valueName\":\"search_term_string\"}}],\"inLanguage\":\"hr-HR\"},{\"@type\":\"Organization\",\"@id\":\"https:\/\/iwhiteinstant.com\/hr\/#organization\",\"name\":\"iWhite\",\"url\":\"https:\/\/iwhiteinstant.com\/hr\/\",\"logo\":{\"@type\":\"ImageObject\",\"inLanguage\":\"hr-HR\",\"@id\":\"https:\/\/iwhiteinstant.com\/hr\/#\/schema\/logo\/image\/\",\"url\":\"https:\/\/iwhiteinstant.com\/app\/uploads\/sites\/12\/2024\/09\/Iwhite-logo.png\",\"contentUrl\":\"https:\/\/iwhiteinstant.com\/app\/uploads\/sites\/12\/2024\/09\/Iwhite-logo.png\",\"width\":160,\"height\":40,\"caption\":\"iWhite\"},\"image\":{\"@id\":\"https:\/\/iwhiteinstant.com\/hr\/#\/schema\/logo\/image\/\"}}]}<\/script>\n<!-- \/ Yoast SEO plugin. -->","yoast_head_json":{"title":"iWhite Supreme zubna pasta za izbjeljivanje - iWhite","description":"Zubna pasta iWhite Supreme savr\u0161ena je za svakodnevno izbjeljivanje zubi i za\u0161titu od vanjskih utjecaja. Aktivni sastojci stvaraju za\u0161titnu barijeru na povr\u0161ini zubi kako bi sprije\u010dili bojenje zubi.","robots":{"index":"index","follow":"follow","max-snippet":"max-snippet:-1","max-image-preview":"max-image-preview:large","max-video-preview":"max-video-preview:-1"},"canonical":"https:\/\/iwhiteinstant.com\/hr\/proizvod\/iwhite-supreme-zubna-pasta-za-izbjeljivanje\/","og_locale":"hr_HR","og_type":"article","og_title":"iWhite Supreme zubna pasta za izbjeljivanje - iWhite","og_description":"Zubna pasta iWhite Supreme savr\u0161ena je za svakodnevno izbjeljivanje zubi i za\u0161titu od vanjskih utjecaja. Aktivni sastojci stvaraju za\u0161titnu barijeru na povr\u0161ini zubi kako bi sprije\u010dili bojenje zubi.","og_url":"https:\/\/iwhiteinstant.com\/hr\/proizvod\/iwhite-supreme-zubna-pasta-za-izbjeljivanje\/","og_site_name":"iWhite","article_modified_time":"2024-12-20T14:10:07+00:00","og_image":[{"width":800,"height":800,"url":"https:\/\/iwhiteinstant.com\/app\/uploads\/sites\/12\/2024\/09\/iWhite-Supreme-toothpaste.png","type":"image\/png"}],"twitter_card":"summary_large_image","twitter_misc":{"Est. reading time":"2 minutes"},"schema":{"@context":"https:\/\/schema.org","@graph":[{"@type":"WebPage","@id":"https:\/\/iwhiteinstant.com\/hr\/proizvod\/iwhite-supreme-zubna-pasta-za-izbjeljivanje\/","url":"https:\/\/iwhiteinstant.com\/hr\/proizvod\/iwhite-supreme-zubna-pasta-za-izbjeljivanje\/","name":"iWhite Supreme zubna pasta za izbjeljivanje - iWhite","isPartOf":{"@id":"https:\/\/iwhiteinstant.com\/hr\/#website"},"primaryImageOfPage":{"@id":"https:\/\/iwhiteinstant.com\/hr\/proizvod\/iwhite-supreme-zubna-pasta-za-izbjeljivanje\/#primaryimage"},"image":{"@id":"https:\/\/iwhiteinstant.com\/hr\/proizvod\/iwhite-supreme-zubna-pasta-za-izbjeljivanje\/#primaryimage"},"thumbnailUrl":"https:\/\/iwhiteinstant.com\/app\/uploads\/sites\/12\/2024\/09\/iWhite-Supreme-toothpaste.png","datePublished":"2024-09-11T12:23:38+00:00","dateModified":"2024-12-20T14:10:07+00:00","description":"Zubna pasta iWhite Supreme savr\u0161ena je za svakodnevno izbjeljivanje zubi i za\u0161titu od vanjskih utjecaja. Aktivni sastojci stvaraju za\u0161titnu barijeru na povr\u0161ini zubi kako bi sprije\u010dili bojenje zubi.","breadcrumb":{"@id":"https:\/\/iwhiteinstant.com\/hr\/proizvod\/iwhite-supreme-zubna-pasta-za-izbjeljivanje\/#breadcrumb"},"inLanguage":"hr-HR","potentialAction":[{"@type":"ReadAction","target":["https:\/\/iwhiteinstant.com\/hr\/proizvod\/iwhite-supreme-zubna-pasta-za-izbjeljivanje\/"]}]},{"@type":"ImageObject","inLanguage":"hr-HR","@id":"https:\/\/iwhiteinstant.com\/hr\/proizvod\/iwhite-supreme-zubna-pasta-za-izbjeljivanje\/#primaryimage","url":"https:\/\/iwhiteinstant.com\/app\/uploads\/sites\/12\/2024\/09\/iWhite-Supreme-toothpaste.png","contentUrl":"https:\/\/iwhiteinstant.com\/app\/uploads\/sites\/12\/2024\/09\/iWhite-Supreme-toothpaste.png","width":800,"height":800,"caption":"iWhite-Supreme-toothpaste"},{"@type":"BreadcrumbList","@id":"https:\/\/iwhiteinstant.com\/hr\/proizvod\/iwhite-supreme-zubna-pasta-za-izbjeljivanje\/#breadcrumb","itemListElement":[{"@type":"ListItem","position":1,"name":"Home","item":"https:\/\/iwhiteinstant.com\/hr\/"},{"@type":"ListItem","position":2,"name":"Proizvodi iWhite","item":"https:\/\/iwhiteinstant.com\/hr\/proizvodi-iwhite\/"},{"@type":"ListItem","position":3,"name":"iWhite Supreme zubna pasta za izbjeljivanje"}]},{"@type":"WebSite","@id":"https:\/\/iwhiteinstant.com\/hr\/#website","url":"https:\/\/iwhiteinstant.com\/hr\/","name":"iWhite","description":"","publisher":{"@id":"https:\/\/iwhiteinstant.com\/hr\/#organization"},"potentialAction":[{"@type":"SearchAction","target":{"@type":"EntryPoint","urlTemplate":"https:\/\/iwhiteinstant.com\/hr\/?s={search_term_string}"},"query-input":{"@type":"PropertyValueSpecification","valueRequired":true,"valueName":"search_term_string"}}],"inLanguage":"hr-HR"},{"@type":"Organization","@id":"https:\/\/iwhiteinstant.com\/hr\/#organization","name":"iWhite","url":"https:\/\/iwhiteinstant.com\/hr\/","logo":{"@type":"ImageObject","inLanguage":"hr-HR","@id":"https:\/\/iwhiteinstant.com\/hr\/#\/schema\/logo\/image\/","url":"https:\/\/iwhiteinstant.com\/app\/uploads\/sites\/12\/2024\/09\/Iwhite-logo.png","contentUrl":"https:\/\/iwhiteinstant.com\/app\/uploads\/sites\/12\/2024\/09\/Iwhite-logo.png","width":160,"height":40,"caption":"iWhite"},"image":{"@id":"https:\/\/iwhiteinstant.com\/hr\/#\/schema\/logo\/image\/"}}]}},"_links":{"self":[{"href":"https:\/\/iwhiteinstant.com\/hr\/wp-json\/wp\/v2\/product\/54","targetHints":{"allow":["GET"]}}],"collection":[{"href":"https:\/\/iwhiteinstant.com\/hr\/wp-json\/wp\/v2\/product"}],"about":[{"href":"https:\/\/iwhiteinstant.com\/hr\/wp-json\/wp\/v2\/types\/product"}],"replies":[{"embeddable":true,"href":"https:\/\/iwhiteinstant.com\/hr\/wp-json\/wp\/v2\/comments?post=54"}],"version-history":[{"count":2,"href":"https:\/\/iwhiteinstant.com\/hr\/wp-json\/wp\/v2\/product\/54\/revisions"}],"predecessor-version":[{"id":116,"href":"https:\/\/iwhiteinstant.com\/hr\/wp-json\/wp\/v2\/product\/54\/revisions\/116"}],"wp:featuredmedia":[{"embeddable":true,"href":"https:\/\/iwhiteinstant.com\/hr\/wp-json\/wp\/v2\/media\/63"}],"wp:attachment":[{"href":"https:\/\/iwhiteinstant.com\/hr\/wp-json\/wp\/v2\/media?parent=54"}],"wp:term":[{"taxonomy":"product_brand","embeddable":true,"href":"https:\/\/iwhiteinstant.com\/hr\/wp-json\/wp\/v2\/product_brand?post=54"},{"taxonomy":"product_cat","embeddable":true,"href":"https:\/\/iwhiteinstant.com\/hr\/wp-json\/wp\/v2\/product_cat?post=54"},{"taxonomy":"product_tag","embeddable":true,"href":"https:\/\/iwhiteinstant.com\/hr\/wp-json\/wp\/v2\/product_tag?post=54"}],"curies":[{"name":"wp","href":"https:\/\/api.w.org\/{rel}","templated":true}]}}