{"id":56,"date":"2024-09-11T14:24:26","date_gmt":"2024-09-11T12:24:26","guid":{"rendered":"https:\/\/iwhiteinstant.com\/hr\/?post_type=product&#038;p=56"},"modified":"2024-12-20T15:10:05","modified_gmt":"2024-12-20T14:10:05","slug":"iwhite-otapajuce-trakice-za-izbjeljivanje","status":"publish","type":"product","link":"https:\/\/iwhiteinstant.com\/hr\/proizvod\/iwhite-otapajuce-trakice-za-izbjeljivanje\/","title":{"rendered":"iWhite otapaju\u0107e trakice za izbjeljivanje"},"content":{"rendered":"\n<div class=\"wp-block-karopharma-accordions is-style-secondary\"><div class=\"container\">\n<details class=\"wp-block-karopharma-accordion\"><summary><h2 class=\"accordion-title\">Svjetliji i bjelji zubi zahvaljuju\u0107i na\u0161oj revolucionarnoj tehnologiji trostrukog djelovanja iwhite<\/h2><\/summary><div class=\"accordion-content\">\n<p><strong>Do 7 nijansi bjelji zubi<\/strong><br>iWhite je bio i ostao vode\u0107i u izbjeljivanju zubi bez vodikovog peroksida. iWhite Prirodne otapaju\u0107e trake za izbjeljivanje formulirane su s istom iWhite tehnologijom kao i na\u0161i vrhunski setovi za izbjeljivanje bez vodikovog peroksida, \u0161to zna\u010di da je klini\u010dki dokazano sigurno i u\u010dinkovito. Rezultat? Blistav bijeli osmijeh do 7 nijansi bjelji zubi!<\/p>\n\n\n\n<p><strong>Pro\u017eete prirodnim aktivnim tvarima za izbjeljivanje zubi<br><\/strong>Odre\u0111eno vo\u0107e poput papaina i jagoda ima mo\u0107 izbjeljivanja zuba! Podijelimo neke uvide o tim mo\u0107nim izbjeljuju\u0107im plodovima koji vam daju veliki bijeli osmijeh:<\/p>\n\n\n\n<p><strong><mark style=\"background-color:rgba(0, 0, 0, 0)\" class=\"has-inline-color has-secondary-color\">Papain<\/mark><\/strong> osigurava uklanjanje proteinskog dijela plaka, \u010dime uklanja mrlje koje su vezane za te proteine. Klini\u010dki je dokazano da nakon 1 primjene imate u\u010dinak izbjeljivanja.<\/p>\n\n\n\n<p><strong><mark style=\"background-color:rgba(0, 0, 0, 0)\" class=\"has-inline-color has-secondary-color\">Jagode<\/mark><\/strong> su poznate i kao jaka prirodna sredstva za izbjeljivanje. Klini\u010dki je dokazano da jagode imaju u\u010dinak izbjeljivanja i \u010di\u0161\u0107enja zubi koji poma\u017eu u otklanjanju mrlja.<\/p>\n<\/div><\/details>\n\n\n\n<details class=\"wp-block-karopharma-accordion\"><summary><h2 class=\"accordion-title\">Izbjeljivanje zubi bez napora!<\/h2><\/summary><div class=\"accordion-content\">\n<p>Samo stavite trakice za izbjeljivanje na svoje zube i pustite ih da obave sav posao umjesto vas. Oni \u0107e izbijeliti i zatim se automatski otopiti. Bez muke i gnjava\u017ee, trakice mo\u017eete koristiti bilo kada i bilo gdje kada \u017dELITE izbijeliti zube!<\/p>\n\n\n\n<p>Koristite 14 uzastopnih dana za najnevjerojatnije i optimalne rezultate.<\/p>\n<\/div><\/details>\n<\/div><\/div>\n","protected":false},"excerpt":{"rendered":"<p>Sigurno izbjeljuju va\u0161e zube, bilo gdje i bilo kada<\/p>\n","protected":false},"featured_media":61,"comment_status":"closed","ping_status":"closed","template":"","meta":{"_acf_changed":false,"footnotes":""},"product_brand":[],"product_cat":[20],"product_tag":[],"class_list":{"0":"post-56","1":"product","2":"type-product","3":"status-publish","4":"has-post-thumbnail","6":"product_cat-prirodno-izbjeljivanje","8":"first","9":"instock","10":"shipping-taxable","11":"product-type-simple"},"acf":[],"yoast_head":"<!-- This site is optimized with the Yoast SEO plugin v26.6 - https:\/\/yoast.com\/wordpress\/plugins\/seo\/ -->\n<title>iWhite otapaju\u0107e trakice za izbjeljivanje - iWhite<\/title>\n<meta name=\"description\" content=\"IWhite Natural samootapaju\u0107e trakice za izbjeljivanje sigurno izbjeljuju va\u0161e zube, bilo gdje i bilo kada bez potrebe za uklanjanjem. Povrh toga, ove revolucionarne trake pune su prirodnih sastojaka koji su nje\u017eni za va\u0161u caklinu, ali otporni na mrlje.\" \/>\n<meta name=\"robots\" content=\"index, follow, max-snippet:-1, max-image-preview:large, max-video-preview:-1\" \/>\n<link rel=\"canonical\" href=\"https:\/\/iwhiteinstant.com\/hr\/proizvod\/iwhite-otapajuce-trakice-za-izbjeljivanje\/\" \/>\n<meta property=\"og:locale\" content=\"hr_HR\" \/>\n<meta property=\"og:type\" content=\"article\" \/>\n<meta property=\"og:title\" content=\"iWhite otapaju\u0107e trakice za izbjeljivanje - iWhite\" \/>\n<meta property=\"og:description\" content=\"IWhite Natural samootapaju\u0107e trakice za izbjeljivanje sigurno izbjeljuju va\u0161e zube, bilo gdje i bilo kada bez potrebe za uklanjanjem. Povrh toga, ove revolucionarne trake pune su prirodnih sastojaka koji su nje\u017eni za va\u0161u caklinu, ali otporni na mrlje.\" \/>\n<meta property=\"og:url\" content=\"https:\/\/iwhiteinstant.com\/hr\/proizvod\/iwhite-otapajuce-trakice-za-izbjeljivanje\/\" \/>\n<meta property=\"og:site_name\" content=\"iWhite\" \/>\n<meta property=\"article:modified_time\" content=\"2024-12-20T14:10:05+00:00\" \/>\n<meta property=\"og:image\" content=\"https:\/\/iwhiteinstant.com\/app\/uploads\/sites\/12\/2024\/09\/iWhite-Natural-Dissolving-Whitening-Strips.png\" \/>\n\t<meta property=\"og:image:width\" content=\"800\" \/>\n\t<meta property=\"og:image:height\" content=\"800\" \/>\n\t<meta property=\"og:image:type\" content=\"image\/png\" \/>\n<meta name=\"twitter:card\" content=\"summary_large_image\" \/>\n<meta name=\"twitter:label1\" content=\"Est. reading time\" \/>\n\t<meta name=\"twitter:data1\" content=\"2 minutes\" \/>\n<script type=\"application\/ld+json\" class=\"yoast-schema-graph\">{\"@context\":\"https:\/\/schema.org\",\"@graph\":[{\"@type\":\"WebPage\",\"@id\":\"https:\/\/iwhiteinstant.com\/hr\/proizvod\/iwhite-otapajuce-trakice-za-izbjeljivanje\/\",\"url\":\"https:\/\/iwhiteinstant.com\/hr\/proizvod\/iwhite-otapajuce-trakice-za-izbjeljivanje\/\",\"name\":\"iWhite otapaju\u0107e trakice za izbjeljivanje - iWhite\",\"isPartOf\":{\"@id\":\"https:\/\/iwhiteinstant.com\/hr\/#website\"},\"primaryImageOfPage\":{\"@id\":\"https:\/\/iwhiteinstant.com\/hr\/proizvod\/iwhite-otapajuce-trakice-za-izbjeljivanje\/#primaryimage\"},\"image\":{\"@id\":\"https:\/\/iwhiteinstant.com\/hr\/proizvod\/iwhite-otapajuce-trakice-za-izbjeljivanje\/#primaryimage\"},\"thumbnailUrl\":\"https:\/\/iwhiteinstant.com\/app\/uploads\/sites\/12\/2024\/09\/iWhite-Natural-Dissolving-Whitening-Strips.png\",\"datePublished\":\"2024-09-11T12:24:26+00:00\",\"dateModified\":\"2024-12-20T14:10:05+00:00\",\"description\":\"IWhite Natural samootapaju\u0107e trakice za izbjeljivanje sigurno izbjeljuju va\u0161e zube, bilo gdje i bilo kada bez potrebe za uklanjanjem. Povrh toga, ove revolucionarne trake pune su prirodnih sastojaka koji su nje\u017eni za va\u0161u caklinu, ali otporni na mrlje.\",\"breadcrumb\":{\"@id\":\"https:\/\/iwhiteinstant.com\/hr\/proizvod\/iwhite-otapajuce-trakice-za-izbjeljivanje\/#breadcrumb\"},\"inLanguage\":\"hr-HR\",\"potentialAction\":[{\"@type\":\"ReadAction\",\"target\":[\"https:\/\/iwhiteinstant.com\/hr\/proizvod\/iwhite-otapajuce-trakice-za-izbjeljivanje\/\"]}]},{\"@type\":\"ImageObject\",\"inLanguage\":\"hr-HR\",\"@id\":\"https:\/\/iwhiteinstant.com\/hr\/proizvod\/iwhite-otapajuce-trakice-za-izbjeljivanje\/#primaryimage\",\"url\":\"https:\/\/iwhiteinstant.com\/app\/uploads\/sites\/12\/2024\/09\/iWhite-Natural-Dissolving-Whitening-Strips.png\",\"contentUrl\":\"https:\/\/iwhiteinstant.com\/app\/uploads\/sites\/12\/2024\/09\/iWhite-Natural-Dissolving-Whitening-Strips.png\",\"width\":800,\"height\":800,\"caption\":\"iWhite otapaju\u0107e trakice za izbjeljivanje\"},{\"@type\":\"BreadcrumbList\",\"@id\":\"https:\/\/iwhiteinstant.com\/hr\/proizvod\/iwhite-otapajuce-trakice-za-izbjeljivanje\/#breadcrumb\",\"itemListElement\":[{\"@type\":\"ListItem\",\"position\":1,\"name\":\"Home\",\"item\":\"https:\/\/iwhiteinstant.com\/hr\/\"},{\"@type\":\"ListItem\",\"position\":2,\"name\":\"Proizvodi iWhite\",\"item\":\"https:\/\/iwhiteinstant.com\/hr\/proizvodi-iwhite\/\"},{\"@type\":\"ListItem\",\"position\":3,\"name\":\"iWhite otapaju\u0107e trakice za izbjeljivanje\"}]},{\"@type\":\"WebSite\",\"@id\":\"https:\/\/iwhiteinstant.com\/hr\/#website\",\"url\":\"https:\/\/iwhiteinstant.com\/hr\/\",\"name\":\"iWhite\",\"description\":\"\",\"publisher\":{\"@id\":\"https:\/\/iwhiteinstant.com\/hr\/#organization\"},\"potentialAction\":[{\"@type\":\"SearchAction\",\"target\":{\"@type\":\"EntryPoint\",\"urlTemplate\":\"https:\/\/iwhiteinstant.com\/hr\/?s={search_term_string}\"},\"query-input\":{\"@type\":\"PropertyValueSpecification\",\"valueRequired\":true,\"valueName\":\"search_term_string\"}}],\"inLanguage\":\"hr-HR\"},{\"@type\":\"Organization\",\"@id\":\"https:\/\/iwhiteinstant.com\/hr\/#organization\",\"name\":\"iWhite\",\"url\":\"https:\/\/iwhiteinstant.com\/hr\/\",\"logo\":{\"@type\":\"ImageObject\",\"inLanguage\":\"hr-HR\",\"@id\":\"https:\/\/iwhiteinstant.com\/hr\/#\/schema\/logo\/image\/\",\"url\":\"https:\/\/iwhiteinstant.com\/app\/uploads\/sites\/12\/2024\/09\/Iwhite-logo.png\",\"contentUrl\":\"https:\/\/iwhiteinstant.com\/app\/uploads\/sites\/12\/2024\/09\/Iwhite-logo.png\",\"width\":160,\"height\":40,\"caption\":\"iWhite\"},\"image\":{\"@id\":\"https:\/\/iwhiteinstant.com\/hr\/#\/schema\/logo\/image\/\"}}]}<\/script>\n<!-- \/ Yoast SEO plugin. -->","yoast_head_json":{"title":"iWhite otapaju\u0107e trakice za izbjeljivanje - iWhite","description":"IWhite Natural samootapaju\u0107e trakice za izbjeljivanje sigurno izbjeljuju va\u0161e zube, bilo gdje i bilo kada bez potrebe za uklanjanjem. Povrh toga, ove revolucionarne trake pune su prirodnih sastojaka koji su nje\u017eni za va\u0161u caklinu, ali otporni na mrlje.","robots":{"index":"index","follow":"follow","max-snippet":"max-snippet:-1","max-image-preview":"max-image-preview:large","max-video-preview":"max-video-preview:-1"},"canonical":"https:\/\/iwhiteinstant.com\/hr\/proizvod\/iwhite-otapajuce-trakice-za-izbjeljivanje\/","og_locale":"hr_HR","og_type":"article","og_title":"iWhite otapaju\u0107e trakice za izbjeljivanje - iWhite","og_description":"IWhite Natural samootapaju\u0107e trakice za izbjeljivanje sigurno izbjeljuju va\u0161e zube, bilo gdje i bilo kada bez potrebe za uklanjanjem. Povrh toga, ove revolucionarne trake pune su prirodnih sastojaka koji su nje\u017eni za va\u0161u caklinu, ali otporni na mrlje.","og_url":"https:\/\/iwhiteinstant.com\/hr\/proizvod\/iwhite-otapajuce-trakice-za-izbjeljivanje\/","og_site_name":"iWhite","article_modified_time":"2024-12-20T14:10:05+00:00","og_image":[{"width":800,"height":800,"url":"https:\/\/iwhiteinstant.com\/app\/uploads\/sites\/12\/2024\/09\/iWhite-Natural-Dissolving-Whitening-Strips.png","type":"image\/png"}],"twitter_card":"summary_large_image","twitter_misc":{"Est. reading time":"2 minutes"},"schema":{"@context":"https:\/\/schema.org","@graph":[{"@type":"WebPage","@id":"https:\/\/iwhiteinstant.com\/hr\/proizvod\/iwhite-otapajuce-trakice-za-izbjeljivanje\/","url":"https:\/\/iwhiteinstant.com\/hr\/proizvod\/iwhite-otapajuce-trakice-za-izbjeljivanje\/","name":"iWhite otapaju\u0107e trakice za izbjeljivanje - iWhite","isPartOf":{"@id":"https:\/\/iwhiteinstant.com\/hr\/#website"},"primaryImageOfPage":{"@id":"https:\/\/iwhiteinstant.com\/hr\/proizvod\/iwhite-otapajuce-trakice-za-izbjeljivanje\/#primaryimage"},"image":{"@id":"https:\/\/iwhiteinstant.com\/hr\/proizvod\/iwhite-otapajuce-trakice-za-izbjeljivanje\/#primaryimage"},"thumbnailUrl":"https:\/\/iwhiteinstant.com\/app\/uploads\/sites\/12\/2024\/09\/iWhite-Natural-Dissolving-Whitening-Strips.png","datePublished":"2024-09-11T12:24:26+00:00","dateModified":"2024-12-20T14:10:05+00:00","description":"IWhite Natural samootapaju\u0107e trakice za izbjeljivanje sigurno izbjeljuju va\u0161e zube, bilo gdje i bilo kada bez potrebe za uklanjanjem. Povrh toga, ove revolucionarne trake pune su prirodnih sastojaka koji su nje\u017eni za va\u0161u caklinu, ali otporni na mrlje.","breadcrumb":{"@id":"https:\/\/iwhiteinstant.com\/hr\/proizvod\/iwhite-otapajuce-trakice-za-izbjeljivanje\/#breadcrumb"},"inLanguage":"hr-HR","potentialAction":[{"@type":"ReadAction","target":["https:\/\/iwhiteinstant.com\/hr\/proizvod\/iwhite-otapajuce-trakice-za-izbjeljivanje\/"]}]},{"@type":"ImageObject","inLanguage":"hr-HR","@id":"https:\/\/iwhiteinstant.com\/hr\/proizvod\/iwhite-otapajuce-trakice-za-izbjeljivanje\/#primaryimage","url":"https:\/\/iwhiteinstant.com\/app\/uploads\/sites\/12\/2024\/09\/iWhite-Natural-Dissolving-Whitening-Strips.png","contentUrl":"https:\/\/iwhiteinstant.com\/app\/uploads\/sites\/12\/2024\/09\/iWhite-Natural-Dissolving-Whitening-Strips.png","width":800,"height":800,"caption":"iWhite otapaju\u0107e trakice za izbjeljivanje"},{"@type":"BreadcrumbList","@id":"https:\/\/iwhiteinstant.com\/hr\/proizvod\/iwhite-otapajuce-trakice-za-izbjeljivanje\/#breadcrumb","itemListElement":[{"@type":"ListItem","position":1,"name":"Home","item":"https:\/\/iwhiteinstant.com\/hr\/"},{"@type":"ListItem","position":2,"name":"Proizvodi iWhite","item":"https:\/\/iwhiteinstant.com\/hr\/proizvodi-iwhite\/"},{"@type":"ListItem","position":3,"name":"iWhite otapaju\u0107e trakice za izbjeljivanje"}]},{"@type":"WebSite","@id":"https:\/\/iwhiteinstant.com\/hr\/#website","url":"https:\/\/iwhiteinstant.com\/hr\/","name":"iWhite","description":"","publisher":{"@id":"https:\/\/iwhiteinstant.com\/hr\/#organization"},"potentialAction":[{"@type":"SearchAction","target":{"@type":"EntryPoint","urlTemplate":"https:\/\/iwhiteinstant.com\/hr\/?s={search_term_string}"},"query-input":{"@type":"PropertyValueSpecification","valueRequired":true,"valueName":"search_term_string"}}],"inLanguage":"hr-HR"},{"@type":"Organization","@id":"https:\/\/iwhiteinstant.com\/hr\/#organization","name":"iWhite","url":"https:\/\/iwhiteinstant.com\/hr\/","logo":{"@type":"ImageObject","inLanguage":"hr-HR","@id":"https:\/\/iwhiteinstant.com\/hr\/#\/schema\/logo\/image\/","url":"https:\/\/iwhiteinstant.com\/app\/uploads\/sites\/12\/2024\/09\/Iwhite-logo.png","contentUrl":"https:\/\/iwhiteinstant.com\/app\/uploads\/sites\/12\/2024\/09\/Iwhite-logo.png","width":160,"height":40,"caption":"iWhite"},"image":{"@id":"https:\/\/iwhiteinstant.com\/hr\/#\/schema\/logo\/image\/"}}]}},"_links":{"self":[{"href":"https:\/\/iwhiteinstant.com\/hr\/wp-json\/wp\/v2\/product\/56","targetHints":{"allow":["GET"]}}],"collection":[{"href":"https:\/\/iwhiteinstant.com\/hr\/wp-json\/wp\/v2\/product"}],"about":[{"href":"https:\/\/iwhiteinstant.com\/hr\/wp-json\/wp\/v2\/types\/product"}],"replies":[{"embeddable":true,"href":"https:\/\/iwhiteinstant.com\/hr\/wp-json\/wp\/v2\/comments?post=56"}],"version-history":[{"count":5,"href":"https:\/\/iwhiteinstant.com\/hr\/wp-json\/wp\/v2\/product\/56\/revisions"}],"predecessor-version":[{"id":127,"href":"https:\/\/iwhiteinstant.com\/hr\/wp-json\/wp\/v2\/product\/56\/revisions\/127"}],"wp:featuredmedia":[{"embeddable":true,"href":"https:\/\/iwhiteinstant.com\/hr\/wp-json\/wp\/v2\/media\/61"}],"wp:attachment":[{"href":"https:\/\/iwhiteinstant.com\/hr\/wp-json\/wp\/v2\/media?parent=56"}],"wp:term":[{"taxonomy":"product_brand","embeddable":true,"href":"https:\/\/iwhiteinstant.com\/hr\/wp-json\/wp\/v2\/product_brand?post=56"},{"taxonomy":"product_cat","embeddable":true,"href":"https:\/\/iwhiteinstant.com\/hr\/wp-json\/wp\/v2\/product_cat?post=56"},{"taxonomy":"product_tag","embeddable":true,"href":"https:\/\/iwhiteinstant.com\/hr\/wp-json\/wp\/v2\/product_tag?post=56"}],"curies":[{"name":"wp","href":"https:\/\/api.w.org\/{rel}","templated":true}]}}