{"id":28,"date":"2024-08-19T11:01:53","date_gmt":"2024-08-19T09:01:53","guid":{"rendered":"https:\/\/iwhiteinstant.com\/it\/?page_id=28"},"modified":"2024-12-20T15:11:55","modified_gmt":"2024-12-20T14:11:55","slug":"routine-iwhite","status":"publish","type":"page","link":"https:\/\/iwhiteinstant.com\/it\/routine-iwhite\/","title":{"rendered":"Routine iWhite"},"content":{"rendered":"\n<div class=\"wp-block-karopharma-free-text pt-large pb-large bg-center bg-cover bg-no-repeat bg-box is-style-primary\" style=\"background-image:url(https:\/\/iwhiteinstant.com\/cdn-cgi\/image\/format=auto\/app\/uploads\/sites\/8\/2024\/09\/iwhite-routine.jpg)\"><div class=\"free-text-wrapper container max-w-small text-center\">\n<h1 class=\"wp-block-heading is-style-heading-huge has-primary-color has-text-color\">Routine iWhite<\/h1>\n\n\n\n<h2 class=\"wp-block-heading is-style-heading-h3\">Ottieni all&#8217;istante un sorriso smagliante grazie alla nostra routine di sbiancamento in 2 step<\/h2>\n\n\n\n<p>iWhite crede fortemente nell&#8217;importanza della routine dentale. Ecco perch\u00e8 iWhite offre prodotti da utilizzare ogni giorno, ogni settimana e ogni mese. La routine iWhite di sbiancamento dentale non solo sbiancher\u00e0 i tuoi denti, ma li render\u00e0 anche pi\u00f9 forti.<\/p>\n<\/div><\/div>\n\n\n\n<div class=\"wp-block-karopharma-free-text pt-large pb-none bg-center bg-cover bg-no-repeat\" style=\"background-image:url()\"><div class=\"free-text-wrapper container max-w-medium text-center\">\n<h2 class=\"wp-block-heading\">Step 1: trattamento di sbiancamento mensile<\/h2>\n\n\n\n<p>I kit sbiancanti iWhite costituiscono una parte essenziale della tua routine mensile di sbiancamento. I prodotti facili da usare e clinicamente dimostrati possono essere utilizzati come trattamento sbiancante di 5 giorni e renderanno i tuoi denti fino ad 8 volte pi\u00f9 bianchi.<\/p>\n<\/div><\/div>\n\n\n<div class=\"product-list wp-block-karopharma-product-list\" data-testid=\"product-list\">\n      <div class=\"swiper-container\">\n      <div class=\"swiper\">\n        <div class=\"swiper-wrapper\">\n                      <div class=\"swiper-slide\">\n              <div class=\"product-card\" data-testid=\"product-card\">\n  <a\n    href=https:\/\/iwhiteinstant.com\/it\/prodotto\/iwhite-glow-kit-sbiancante\/\n    class=\"product-card-link\"\n    title=\"iWhite Glow Kit Sbiancante\"\n  >\n  <figure class=\"product-card-image\" data-testid=\"product-image\">\n                          <img decoding=\"async\" src=\"https:\/\/iwhiteinstant.com\/cdn-cgi\/image\/width=700,format=auto\/app\/uploads\/sites\/8\/2024\/08\/iWhite-Glow-whitening-kit.png\"\n        srcset=\"https:\/\/iwhiteinstant.com\/cdn-cgi\/image\/width=250,format=auto\/app\/uploads\/sites\/8\/2024\/08\/iWhite-Glow-whitening-kit.png 250w,\n                https:\/\/iwhiteinstant.com\/cdn-cgi\/image\/width=500,format=auto\/app\/uploads\/sites\/8\/2024\/08\/iWhite-Glow-whitening-kit.png 500w,\n                https:\/\/iwhiteinstant.com\/cdn-cgi\/image\/width=700,format=auto\/app\/uploads\/sites\/8\/2024\/08\/iWhite-Glow-whitening-kit.png 700w\"\n        sizes=\"(max-width: 400px) 250px, (max-width: 800px) 500px, 700px\"\n        alt=\"iWhite Glow Kit Sbiancante\"\n        class=\"img\">\n            <\/figure>\n    <div class=\"product-card-content\">\n      <div class=\"heading-wrapper\">\n        <h2 class=\"heading\">iWhite Glow Kit Sbiancante<\/h2>\n      <\/div>\n      <div class=\"product-card-description\">Sbiancamento istantaneo con effetto luminoso diurno e notturno<\/div>\n                      <\/div>\n  <\/a>\n      <div class=\"button-wrapper\">\n    <a\n      href=https:\/\/iwhiteinstant.com\/it\/prodotto\/iwhite-glow-kit-sbiancante\/\n      target=_self\n      class=\"theme-button button-primary-color rounded-button\"\n      rel=\"noopener\"\n      title=\"Per saperne di pi\u00f9\"\n    >\n       Per saperne di pi\u00f9\n    <\/a>\n<\/div>  <\/div>\n            <\/div>\n                      <div class=\"swiper-slide\">\n              <div class=\"product-card\" data-testid=\"product-card\">\n  <a\n    href=https:\/\/iwhiteinstant.com\/it\/prodotto\/kit-sbiancante-iwhite-classic\/\n    class=\"product-card-link\"\n    title=\"Kit Sbiancante iWhite Classic\"\n  >\n  <figure class=\"product-card-image\" data-testid=\"product-image\">\n                          <img decoding=\"async\" src=\"https:\/\/iwhiteinstant.com\/cdn-cgi\/image\/width=700,format=auto\/app\/uploads\/sites\/8\/2024\/08\/iWhite-Classic-whitening-kit.png\"\n        srcset=\"https:\/\/iwhiteinstant.com\/cdn-cgi\/image\/width=250,format=auto\/app\/uploads\/sites\/8\/2024\/08\/iWhite-Classic-whitening-kit.png 250w,\n                https:\/\/iwhiteinstant.com\/cdn-cgi\/image\/width=500,format=auto\/app\/uploads\/sites\/8\/2024\/08\/iWhite-Classic-whitening-kit.png 500w,\n                https:\/\/iwhiteinstant.com\/cdn-cgi\/image\/width=700,format=auto\/app\/uploads\/sites\/8\/2024\/08\/iWhite-Classic-whitening-kit.png 700w\"\n        sizes=\"(max-width: 400px) 250px, (max-width: 800px) 500px, 700px\"\n        alt=\"Kit Sbiancante iWhite Classic\"\n        class=\"img\">\n            <\/figure>\n    <div class=\"product-card-content\">\n      <div class=\"heading-wrapper\">\n        <h2 class=\"heading\">Kit Sbiancante iWhite Classic<\/h2>\n      <\/div>\n      <div class=\"product-card-description\">Denti fino a 8 tonalit\u00e0 pi\u00f9 bianchi<\/div>\n                      <\/div>\n  <\/a>\n      <div class=\"button-wrapper\">\n    <a\n      href=https:\/\/iwhiteinstant.com\/it\/prodotto\/kit-sbiancante-iwhite-classic\/\n      target=_self\n      class=\"theme-button button-primary-color rounded-button\"\n      rel=\"noopener\"\n      title=\"Per saperne di pi\u00f9\"\n    >\n       Per saperne di pi\u00f9\n    <\/a>\n<\/div>  <\/div>\n            <\/div>\n                      <div class=\"swiper-slide\">\n              <div class=\"product-card\" data-testid=\"product-card\">\n  <a\n    href=https:\/\/iwhiteinstant.com\/it\/prodotto\/kit-sbiancante-iwhite-superior\/\n    class=\"product-card-link\"\n    title=\"Kit sbiancante iWhite Superior\"\n  >\n  <figure class=\"product-card-image\" data-testid=\"product-image\">\n                          <img decoding=\"async\" src=\"https:\/\/iwhiteinstant.com\/cdn-cgi\/image\/width=700,format=auto\/app\/uploads\/sites\/8\/2024\/08\/iWhite-Superior-whitening-kit.png\"\n        srcset=\"https:\/\/iwhiteinstant.com\/cdn-cgi\/image\/width=250,format=auto\/app\/uploads\/sites\/8\/2024\/08\/iWhite-Superior-whitening-kit.png 250w,\n                https:\/\/iwhiteinstant.com\/cdn-cgi\/image\/width=500,format=auto\/app\/uploads\/sites\/8\/2024\/08\/iWhite-Superior-whitening-kit.png 500w,\n                https:\/\/iwhiteinstant.com\/cdn-cgi\/image\/width=700,format=auto\/app\/uploads\/sites\/8\/2024\/08\/iWhite-Superior-whitening-kit.png 700w\"\n        sizes=\"(max-width: 400px) 250px, (max-width: 800px) 500px, 700px\"\n        alt=\"Kit sbiancante iWhite Superior\"\n        class=\"img\">\n            <\/figure>\n    <div class=\"product-card-content\">\n      <div class=\"heading-wrapper\">\n        <h2 class=\"heading\">Kit sbiancante iWhite Superior<\/h2>\n      <\/div>\n      <div class=\"product-card-description\">Sbianca e rinforza istantaneamente i tuoi denti<\/div>\n                      <\/div>\n  <\/a>\n      <div class=\"button-wrapper\">\n    <a\n      href=https:\/\/iwhiteinstant.com\/it\/prodotto\/kit-sbiancante-iwhite-superior\/\n      target=_self\n      class=\"theme-button button-primary-color rounded-button\"\n      rel=\"noopener\"\n      title=\"Per saperne di pi\u00f9\"\n    >\n       Per saperne di pi\u00f9\n    <\/a>\n<\/div>  <\/div>\n            <\/div>\n                  <\/div>\n        <div class=\"swiper-scrollbar\"><\/div>\n      <\/div>\n    <\/div>\n  <\/div>\n\n\n\n<div class=\"wp-block-karopharma-free-text pt-large pb-none bg-center bg-cover bg-no-repeat  is-style-primary\" style=\"background-image:url()\"><div class=\"free-text-wrapper container max-w-medium text-center\">\n<h2 class=\"wp-block-heading\">Step 2: cura quotidiana<\/h2>\n\n\n\n<p>\u00c8 importante lavare i denti due volte al giorno per mantenerli sani e per rinforzarli. I dentifrici iWhite sono il partner perfetto per sbiancare e rafforzare I tuoi denti.<\/p>\n<\/div><\/div>\n\n\n<div class=\"product-list wp-block-karopharma-product-list is-style-primary\" data-testid=\"product-list\">\n      <div class=\"swiper-container\">\n      <div class=\"swiper\">\n        <div class=\"swiper-wrapper\">\n                      <div class=\"swiper-slide\">\n              <div class=\"product-card\" data-testid=\"product-card\">\n  <a\n    href=https:\/\/iwhiteinstant.com\/it\/prodotto\/dentrificio-iwhite-dark-stains\/\n    class=\"product-card-link\"\n    title=\"Dentrificio iWhite Dark Stains\"\n  >\n  <figure class=\"product-card-image\" data-testid=\"product-image\">\n                          <img decoding=\"async\" src=\"https:\/\/iwhiteinstant.com\/cdn-cgi\/image\/width=700,format=auto\/app\/uploads\/sites\/8\/2024\/08\/iWhite-Advanced-dark-stains-toothpaste.png\"\n        srcset=\"https:\/\/iwhiteinstant.com\/cdn-cgi\/image\/width=250,format=auto\/app\/uploads\/sites\/8\/2024\/08\/iWhite-Advanced-dark-stains-toothpaste.png 250w,\n                https:\/\/iwhiteinstant.com\/cdn-cgi\/image\/width=500,format=auto\/app\/uploads\/sites\/8\/2024\/08\/iWhite-Advanced-dark-stains-toothpaste.png 500w,\n                https:\/\/iwhiteinstant.com\/cdn-cgi\/image\/width=700,format=auto\/app\/uploads\/sites\/8\/2024\/08\/iWhite-Advanced-dark-stains-toothpaste.png 700w\"\n        sizes=\"(max-width: 400px) 250px, (max-width: 800px) 500px, 700px\"\n        alt=\"Dentrificio iWhite Dark Stains\"\n        class=\"img\">\n            <\/figure>\n    <div class=\"product-card-content\">\n      <div class=\"heading-wrapper\">\n        <h2 class=\"heading\">Dentrificio iWhite Dark Stains<\/h2>\n      <\/div>\n      <div class=\"product-card-description\">Dentifricio che aiuta a rimuovere le macchie di caff\u00e8, t\u00e8, tabacco e vino<\/div>\n                      <\/div>\n  <\/a>\n      <div class=\"button-wrapper\">\n    <a\n      href=https:\/\/iwhiteinstant.com\/it\/prodotto\/dentrificio-iwhite-dark-stains\/\n      target=_self\n      class=\"theme-button button-primary-color rounded-button\"\n      rel=\"noopener\"\n      title=\"Per saperne di pi\u00f9\"\n    >\n       Per saperne di pi\u00f9\n    <\/a>\n<\/div>  <\/div>\n            <\/div>\n                      <div class=\"swiper-slide\">\n              <div class=\"product-card\" data-testid=\"product-card\">\n  <a\n    href=https:\/\/iwhiteinstant.com\/it\/prodotto\/dentifricio-iwhite-supreme\/\n    class=\"product-card-link\"\n    title=\"Dentifricio iWhite Supreme\"\n  >\n  <figure class=\"product-card-image\" data-testid=\"product-image\">\n                          <img decoding=\"async\" src=\"https:\/\/iwhiteinstant.com\/cdn-cgi\/image\/width=700,format=auto\/app\/uploads\/sites\/8\/2024\/08\/iWhite-Supreme-toothpaste.png\"\n        srcset=\"https:\/\/iwhiteinstant.com\/cdn-cgi\/image\/width=250,format=auto\/app\/uploads\/sites\/8\/2024\/08\/iWhite-Supreme-toothpaste.png 250w,\n                https:\/\/iwhiteinstant.com\/cdn-cgi\/image\/width=500,format=auto\/app\/uploads\/sites\/8\/2024\/08\/iWhite-Supreme-toothpaste.png 500w,\n                https:\/\/iwhiteinstant.com\/cdn-cgi\/image\/width=700,format=auto\/app\/uploads\/sites\/8\/2024\/08\/iWhite-Supreme-toothpaste.png 700w\"\n        sizes=\"(max-width: 400px) 250px, (max-width: 800px) 500px, 700px\"\n        alt=\"Dentifricio iWhite Supreme\"\n        class=\"img\">\n            <\/figure>\n    <div class=\"product-card-content\">\n      <div class=\"heading-wrapper\">\n        <h2 class=\"heading\">Dentifricio iWhite Supreme<\/h2>\n      <\/div>\n      <div class=\"product-card-description\">Sbianca e protegge i denti creando uno strato protettivo sui denti<\/div>\n                      <\/div>\n  <\/a>\n      <div class=\"button-wrapper\">\n    <a\n      href=https:\/\/iwhiteinstant.com\/it\/prodotto\/dentifricio-iwhite-supreme\/\n      target=_self\n      class=\"theme-button button-primary-color rounded-button\"\n      rel=\"noopener\"\n      title=\"Per saperne di pi\u00f9\"\n    >\n       Per saperne di pi\u00f9\n    <\/a>\n<\/div>  <\/div>\n            <\/div>\n                  <\/div>\n        <div class=\"swiper-scrollbar\"><\/div>\n      <\/div>\n    <\/div>\n  <\/div>\n\n\n\n<div class=\"wp-block-karopharma-free-text pt-large pb-none bg-center bg-cover bg-no-repeat\" style=\"background-image:url()\"><div class=\"free-text-wrapper container max-w-medium text-center\">\n<h3 class=\"wp-block-heading is-style-heading-h3\">La gamma iWhite offre anche altri prodotti per rafforzare l&#8217;effetto della tua routine quotidiana di pulizia dei denti<\/h3>\n<\/div><\/div>\n\n\n<div class=\"product-list wp-block-karopharma-product-list\" data-testid=\"product-list\">\n      <div class=\"swiper-container\">\n      <div class=\"swiper\">\n        <div class=\"swiper-wrapper\">\n                      <div class=\"swiper-slide\">\n              <div class=\"product-card\" data-testid=\"product-card\">\n  <a\n    href=https:\/\/iwhiteinstant.com\/it\/prodotto\/iwhite-sbiancante-interdentale\/\n    class=\"product-card-link\"\n    title=\"iWhite Sbiancante Interdentale\"\n  >\n  <figure class=\"product-card-image\" data-testid=\"product-image\">\n                          <img decoding=\"async\" src=\"https:\/\/iwhiteinstant.com\/cdn-cgi\/image\/width=700,format=auto\/app\/uploads\/sites\/8\/2024\/08\/iWhite-Interdental-Whitener.png\"\n        srcset=\"https:\/\/iwhiteinstant.com\/cdn-cgi\/image\/width=250,format=auto\/app\/uploads\/sites\/8\/2024\/08\/iWhite-Interdental-Whitener.png 250w,\n                https:\/\/iwhiteinstant.com\/cdn-cgi\/image\/width=500,format=auto\/app\/uploads\/sites\/8\/2024\/08\/iWhite-Interdental-Whitener.png 500w,\n                https:\/\/iwhiteinstant.com\/cdn-cgi\/image\/width=700,format=auto\/app\/uploads\/sites\/8\/2024\/08\/iWhite-Interdental-Whitener.png 700w\"\n        sizes=\"(max-width: 400px) 250px, (max-width: 800px) 500px, 700px\"\n        alt=\"iWhite Sbiancante Interdentale\"\n        class=\"img\">\n            <\/figure>\n    <div class=\"product-card-content\">\n      <div class=\"heading-wrapper\">\n        <h2 class=\"heading\">iWhite Sbiancante Interdentale<\/h2>\n      <\/div>\n      <div class=\"product-card-description\">Elimina le macchie interdentali e la placca grazie alla sua tripla formula sbiancante<\/div>\n                      <\/div>\n  <\/a>\n      <div class=\"button-wrapper\">\n    <a\n      href=https:\/\/iwhiteinstant.com\/it\/prodotto\/iwhite-sbiancante-interdentale\/\n      target=_self\n      class=\"theme-button button-primary-color rounded-button\"\n      rel=\"noopener\"\n      title=\"Per saperne di pi\u00f9\"\n    >\n       Per saperne di pi\u00f9\n    <\/a>\n<\/div>  <\/div>\n            <\/div>\n                      <div class=\"swiper-slide\">\n              <div class=\"product-card\" data-testid=\"product-card\">\n  <a\n    href=https:\/\/iwhiteinstant.com\/it\/prodotto\/spazzolino-iwhite-sonic\/\n    class=\"product-card-link\"\n    title=\"Spazzolino iWhite Sonic\"\n  >\n  <figure class=\"product-card-image\" data-testid=\"product-image\">\n                          <img decoding=\"async\" src=\"https:\/\/iwhiteinstant.com\/cdn-cgi\/image\/width=700,format=auto\/app\/uploads\/sites\/8\/2024\/08\/iWhite-Sonic-Toothbrush.png\"\n        srcset=\"https:\/\/iwhiteinstant.com\/cdn-cgi\/image\/width=250,format=auto\/app\/uploads\/sites\/8\/2024\/08\/iWhite-Sonic-Toothbrush.png 250w,\n                https:\/\/iwhiteinstant.com\/cdn-cgi\/image\/width=500,format=auto\/app\/uploads\/sites\/8\/2024\/08\/iWhite-Sonic-Toothbrush.png 500w,\n                https:\/\/iwhiteinstant.com\/cdn-cgi\/image\/width=700,format=auto\/app\/uploads\/sites\/8\/2024\/08\/iWhite-Sonic-Toothbrush.png 700w\"\n        sizes=\"(max-width: 400px) 250px, (max-width: 800px) 500px, 700px\"\n        alt=\"Spazzolino iWhite Sonic\"\n        class=\"img\">\n            <\/figure>\n    <div class=\"product-card-content\">\n      <div class=\"heading-wrapper\">\n        <h2 class=\"heading\">Spazzolino iWhite Sonic<\/h2>\n      <\/div>\n      <div class=\"product-card-description\">Spazzolino con carbone attivo per uno sbiancamento superiore<\/div>\n                      <\/div>\n  <\/a>\n      <div class=\"button-wrapper\">\n    <a\n      href=https:\/\/iwhiteinstant.com\/it\/prodotto\/spazzolino-iwhite-sonic\/\n      target=_self\n      class=\"theme-button button-primary-color rounded-button\"\n      rel=\"noopener\"\n      title=\"Per saperne di pi\u00f9\"\n    >\n       Per saperne di pi\u00f9\n    <\/a>\n<\/div>  <\/div>\n            <\/div>\n                      <div class=\"swiper-slide\">\n              <div class=\"product-card\" data-testid=\"product-card\">\n  <a\n    href=https:\/\/iwhiteinstant.com\/it\/prodotto\/collutorio-iwhite-instant-whitening\/\n    class=\"product-card-link\"\n    title=\"Collutorio iWhite Instant Whitening\"\n  >\n  <figure class=\"product-card-image\" data-testid=\"product-image\">\n                          <img decoding=\"async\" src=\"https:\/\/iwhiteinstant.com\/cdn-cgi\/image\/width=700,format=auto\/app\/uploads\/sites\/8\/2024\/08\/iWhite-Instant-Whitening-Mouthwash.png\"\n        srcset=\"https:\/\/iwhiteinstant.com\/cdn-cgi\/image\/width=250,format=auto\/app\/uploads\/sites\/8\/2024\/08\/iWhite-Instant-Whitening-Mouthwash.png 250w,\n                https:\/\/iwhiteinstant.com\/cdn-cgi\/image\/width=500,format=auto\/app\/uploads\/sites\/8\/2024\/08\/iWhite-Instant-Whitening-Mouthwash.png 500w,\n                https:\/\/iwhiteinstant.com\/cdn-cgi\/image\/width=700,format=auto\/app\/uploads\/sites\/8\/2024\/08\/iWhite-Instant-Whitening-Mouthwash.png 700w\"\n        sizes=\"(max-width: 400px) 250px, (max-width: 800px) 500px, 700px\"\n        alt=\"Collutorio iWhite Instant Whitening\"\n        class=\"img\">\n            <\/figure>\n    <div class=\"product-card-content\">\n      <div class=\"heading-wrapper\">\n        <h2 class=\"heading\">Collutorio iWhite Instant Whitening<\/h2>\n      <\/div>\n      <div class=\"product-card-description\">Colluttorio sbiancante per uso quotidiano. Rimuove la placca dai denti e ne previene la formazione<\/div>\n                      <\/div>\n  <\/a>\n      <div class=\"button-wrapper\">\n    <a\n      href=https:\/\/iwhiteinstant.com\/it\/prodotto\/collutorio-iwhite-instant-whitening\/\n      target=_self\n      class=\"theme-button button-primary-color rounded-button\"\n      rel=\"noopener\"\n      title=\"Per saperne di pi\u00f9\"\n    >\n       Per saperne di pi\u00f9\n    <\/a>\n<\/div>  <\/div>\n            <\/div>\n                  <\/div>\n        <div class=\"swiper-scrollbar\"><\/div>\n      <\/div>\n    <\/div>\n  <\/div>\n\n\n\n<div class=\"wp-block-karopharma-free-text pt-large pb-large bg-center bg-cover bg-no-repeat  is-style-secondary\" style=\"background-image:url()\"><div class=\"free-text-wrapper container max-w-medium text-center\">\n<h2 class=\"wp-block-heading is-style-heading-h2\">iWhite si impegna per la tua igiene orale. Scopri i nostri consigli &amp; trucchi per aiutarti a migliorare la salute della tua igiene orale.<\/h2>\n\n\n\n<div class=\"wp-block-buttons is-layout-flex wp-block-buttons-is-layout-flex\">\n<div class=\"wp-block-button\"><a class=\"wp-block-button__link wp-element-button\" href=\"https:\/\/iwhiteinstant.com\/it\/consigli-trucchi\/\">Consigli &amp; Trucchi<\/a><\/div>\n<\/div>\n<\/div><\/div>\n","protected":false},"excerpt":{"rendered":"","protected":false},"author":2,"featured_media":0,"parent":0,"menu_order":0,"comment_status":"closed","ping_status":"closed","template":"","meta":{"_acf_changed":false,"footnotes":""},"from-article-database":[],"class_list":["post-28","page","type-page","status-publish","hentry"],"acf":[],"yoast_head":"<!-- This site is optimized with the Yoast SEO plugin v26.6 - https:\/\/yoast.com\/wordpress\/plugins\/seo\/ -->\n<title>Routine iWhite - iWhite<\/title>\n<meta name=\"description\" content=\"iWhite crede fortemente nell&#039;importanza della routine dentale. Ecco perch\u00e8 iWhite offre prodotti da utilizzare ogni giorno, ogni settimana e ogni mese.\" \/>\n<meta name=\"robots\" content=\"index, follow, max-snippet:-1, max-image-preview:large, max-video-preview:-1\" \/>\n<link rel=\"canonical\" href=\"https:\/\/iwhiteinstant.com\/it\/routine-iwhite\/\" \/>\n<meta property=\"og:locale\" content=\"it_IT\" \/>\n<meta property=\"og:type\" content=\"article\" \/>\n<meta property=\"og:title\" content=\"Routine iWhite - iWhite\" \/>\n<meta property=\"og:description\" content=\"iWhite crede fortemente nell&#039;importanza della routine dentale. Ecco perch\u00e8 iWhite offre prodotti da utilizzare ogni giorno, ogni settimana e ogni mese.\" \/>\n<meta property=\"og:url\" content=\"https:\/\/iwhiteinstant.com\/it\/routine-iwhite\/\" \/>\n<meta property=\"og:site_name\" content=\"iWhite\" \/>\n<meta property=\"article:modified_time\" content=\"2024-12-20T14:11:55+00:00\" \/>\n<meta name=\"twitter:card\" content=\"summary_large_image\" \/>\n<meta name=\"twitter:label1\" content=\"Est. reading time\" \/>\n\t<meta name=\"twitter:data1\" content=\"1 minuto\" \/>\n<script type=\"application\/ld+json\" class=\"yoast-schema-graph\">{\"@context\":\"https:\/\/schema.org\",\"@graph\":[{\"@type\":\"WebPage\",\"@id\":\"https:\/\/iwhiteinstant.com\/it\/routine-iwhite\/\",\"url\":\"https:\/\/iwhiteinstant.com\/it\/routine-iwhite\/\",\"name\":\"Routine iWhite - iWhite\",\"isPartOf\":{\"@id\":\"https:\/\/iwhiteinstant.com\/it\/#website\"},\"datePublished\":\"2024-08-19T09:01:53+00:00\",\"dateModified\":\"2024-12-20T14:11:55+00:00\",\"description\":\"iWhite crede fortemente nell'importanza della routine dentale. Ecco perch\u00e8 iWhite offre prodotti da utilizzare ogni giorno, ogni settimana e ogni mese.\",\"breadcrumb\":{\"@id\":\"https:\/\/iwhiteinstant.com\/it\/routine-iwhite\/#breadcrumb\"},\"inLanguage\":\"it-IT\",\"potentialAction\":[{\"@type\":\"ReadAction\",\"target\":[\"https:\/\/iwhiteinstant.com\/it\/routine-iwhite\/\"]}]},{\"@type\":\"BreadcrumbList\",\"@id\":\"https:\/\/iwhiteinstant.com\/it\/routine-iwhite\/#breadcrumb\",\"itemListElement\":[{\"@type\":\"ListItem\",\"position\":1,\"name\":\"Home\",\"item\":\"https:\/\/iwhiteinstant.com\/it\/\"},{\"@type\":\"ListItem\",\"position\":2,\"name\":\"Routine iWhite\"}]},{\"@type\":\"WebSite\",\"@id\":\"https:\/\/iwhiteinstant.com\/it\/#website\",\"url\":\"https:\/\/iwhiteinstant.com\/it\/\",\"name\":\"iWhite\",\"description\":\"\",\"publisher\":{\"@id\":\"https:\/\/iwhiteinstant.com\/it\/#organization\"},\"potentialAction\":[{\"@type\":\"SearchAction\",\"target\":{\"@type\":\"EntryPoint\",\"urlTemplate\":\"https:\/\/iwhiteinstant.com\/it\/?s={search_term_string}\"},\"query-input\":{\"@type\":\"PropertyValueSpecification\",\"valueRequired\":true,\"valueName\":\"search_term_string\"}}],\"inLanguage\":\"it-IT\"},{\"@type\":\"Organization\",\"@id\":\"https:\/\/iwhiteinstant.com\/it\/#organization\",\"name\":\"iWhite\",\"url\":\"https:\/\/iwhiteinstant.com\/it\/\",\"logo\":{\"@type\":\"ImageObject\",\"inLanguage\":\"it-IT\",\"@id\":\"https:\/\/iwhiteinstant.com\/it\/#\/schema\/logo\/image\/\",\"url\":\"https:\/\/iwhiteinstant.com\/app\/uploads\/sites\/8\/2024\/08\/Iwhite-logo.png\",\"contentUrl\":\"https:\/\/iwhiteinstant.com\/app\/uploads\/sites\/8\/2024\/08\/Iwhite-logo.png\",\"width\":160,\"height\":40,\"caption\":\"iWhite\"},\"image\":{\"@id\":\"https:\/\/iwhiteinstant.com\/it\/#\/schema\/logo\/image\/\"}}]}<\/script>\n<!-- \/ Yoast SEO plugin. -->","yoast_head_json":{"title":"Routine iWhite - iWhite","description":"iWhite crede fortemente nell'importanza della routine dentale. Ecco perch\u00e8 iWhite offre prodotti da utilizzare ogni giorno, ogni settimana e ogni mese.","robots":{"index":"index","follow":"follow","max-snippet":"max-snippet:-1","max-image-preview":"max-image-preview:large","max-video-preview":"max-video-preview:-1"},"canonical":"https:\/\/iwhiteinstant.com\/it\/routine-iwhite\/","og_locale":"it_IT","og_type":"article","og_title":"Routine iWhite - iWhite","og_description":"iWhite crede fortemente nell'importanza della routine dentale. Ecco perch\u00e8 iWhite offre prodotti da utilizzare ogni giorno, ogni settimana e ogni mese.","og_url":"https:\/\/iwhiteinstant.com\/it\/routine-iwhite\/","og_site_name":"iWhite","article_modified_time":"2024-12-20T14:11:55+00:00","twitter_card":"summary_large_image","twitter_misc":{"Est. reading time":"1 minuto"},"schema":{"@context":"https:\/\/schema.org","@graph":[{"@type":"WebPage","@id":"https:\/\/iwhiteinstant.com\/it\/routine-iwhite\/","url":"https:\/\/iwhiteinstant.com\/it\/routine-iwhite\/","name":"Routine iWhite - iWhite","isPartOf":{"@id":"https:\/\/iwhiteinstant.com\/it\/#website"},"datePublished":"2024-08-19T09:01:53+00:00","dateModified":"2024-12-20T14:11:55+00:00","description":"iWhite crede fortemente nell'importanza della routine dentale. Ecco perch\u00e8 iWhite offre prodotti da utilizzare ogni giorno, ogni settimana e ogni mese.","breadcrumb":{"@id":"https:\/\/iwhiteinstant.com\/it\/routine-iwhite\/#breadcrumb"},"inLanguage":"it-IT","potentialAction":[{"@type":"ReadAction","target":["https:\/\/iwhiteinstant.com\/it\/routine-iwhite\/"]}]},{"@type":"BreadcrumbList","@id":"https:\/\/iwhiteinstant.com\/it\/routine-iwhite\/#breadcrumb","itemListElement":[{"@type":"ListItem","position":1,"name":"Home","item":"https:\/\/iwhiteinstant.com\/it\/"},{"@type":"ListItem","position":2,"name":"Routine iWhite"}]},{"@type":"WebSite","@id":"https:\/\/iwhiteinstant.com\/it\/#website","url":"https:\/\/iwhiteinstant.com\/it\/","name":"iWhite","description":"","publisher":{"@id":"https:\/\/iwhiteinstant.com\/it\/#organization"},"potentialAction":[{"@type":"SearchAction","target":{"@type":"EntryPoint","urlTemplate":"https:\/\/iwhiteinstant.com\/it\/?s={search_term_string}"},"query-input":{"@type":"PropertyValueSpecification","valueRequired":true,"valueName":"search_term_string"}}],"inLanguage":"it-IT"},{"@type":"Organization","@id":"https:\/\/iwhiteinstant.com\/it\/#organization","name":"iWhite","url":"https:\/\/iwhiteinstant.com\/it\/","logo":{"@type":"ImageObject","inLanguage":"it-IT","@id":"https:\/\/iwhiteinstant.com\/it\/#\/schema\/logo\/image\/","url":"https:\/\/iwhiteinstant.com\/app\/uploads\/sites\/8\/2024\/08\/Iwhite-logo.png","contentUrl":"https:\/\/iwhiteinstant.com\/app\/uploads\/sites\/8\/2024\/08\/Iwhite-logo.png","width":160,"height":40,"caption":"iWhite"},"image":{"@id":"https:\/\/iwhiteinstant.com\/it\/#\/schema\/logo\/image\/"}}]}},"_links":{"self":[{"href":"https:\/\/iwhiteinstant.com\/it\/wp-json\/wp\/v2\/pages\/28","targetHints":{"allow":["GET"]}}],"collection":[{"href":"https:\/\/iwhiteinstant.com\/it\/wp-json\/wp\/v2\/pages"}],"about":[{"href":"https:\/\/iwhiteinstant.com\/it\/wp-json\/wp\/v2\/types\/page"}],"author":[{"embeddable":true,"href":"https:\/\/iwhiteinstant.com\/it\/wp-json\/wp\/v2\/users\/2"}],"replies":[{"embeddable":true,"href":"https:\/\/iwhiteinstant.com\/it\/wp-json\/wp\/v2\/comments?post=28"}],"version-history":[{"count":9,"href":"https:\/\/iwhiteinstant.com\/it\/wp-json\/wp\/v2\/pages\/28\/revisions"}],"predecessor-version":[{"id":246,"href":"https:\/\/iwhiteinstant.com\/it\/wp-json\/wp\/v2\/pages\/28\/revisions\/246"}],"wp:attachment":[{"href":"https:\/\/iwhiteinstant.com\/it\/wp-json\/wp\/v2\/media?parent=28"}],"wp:term":[{"taxonomy":"from-article-database","embeddable":true,"href":"https:\/\/iwhiteinstant.com\/it\/wp-json\/wp\/v2\/from-article-database?post=28"}],"curies":[{"name":"wp","href":"https:\/\/api.w.org\/{rel}","templated":true}]}}