{"id":32,"date":"2024-08-19T11:02:51","date_gmt":"2024-08-19T09:02:51","guid":{"rendered":"https:\/\/iwhiteinstant.com\/it\/?page_id=32"},"modified":"2025-06-23T14:35:29","modified_gmt":"2025-06-23T12:35:29","slug":"domande-frequenti","status":"publish","type":"page","link":"https:\/\/iwhiteinstant.com\/it\/domande-frequenti\/","title":{"rendered":"Domande frequenti"},"content":{"rendered":"\n<div class=\"wp-block-karopharma-free-text pt-large pb-large bg-center bg-cover bg-no-repeat bg-box is-style-primary\" style=\"background-image:url(https:\/\/iwhiteinstant.com\/cdn-cgi\/image\/format=auto\/app\/uploads\/sites\/8\/2024\/09\/faq.jpg)\"><div class=\"free-text-wrapper container max-w-small text-center\">\n<h1 class=\"wp-block-heading is-style-heading-huge has-primary-color has-text-color\">Domande frequenti<\/h1>\n\n\n\n<h2 class=\"wp-block-heading is-style-heading-h3\">Scopri le risposte alle domande pi\u00f9 comuni<\/h2>\n<\/div><\/div>\n\n\n\n<div class=\"wp-block-karopharma-accordions\"><div class=\"container\">\n<details class=\"wp-block-karopharma-accordion\"><summary><h2 class=\"accordion-title\">Quanto diventeranno bianchi i miei denti?<\/h2><\/summary><div class=\"accordion-content\">\n<p>I risultati dello sbiancamento possono variare da persona a persona e possono dipendere dall&#8217;origine e dalla gravit\u00e0 dello scolorimento dei denti o dalla natura della struttura del dente. Tuttavia diversi test di efficacia indipendenti mostrano risultati significativi e soddisfacenti con la tecnologia iWhite. Questa tecnologia ha dimostrato di sbiancare i denti fino a 8 tonalit\u00e0 in una sola applicazione di 20 minuti.<\/p>\n<\/div><\/details>\n\n\n\n<details class=\"wp-block-karopharma-accordion\"><summary><h2 class=\"accordion-title\">Quanto dureranno i risultati dello sbiancamento?<\/h2><\/summary><div class=\"accordion-content\">\n<p>Ci\u00f2 dipender\u00e0 dalla tua igiene orale personale e dallo scolorimento iniziale. Prodotti come tabacco, vino rosso, t\u00e8 e caff\u00e8 possono causare nuove scoloriture. Per risultati ottimali si consiglia di utilizzare i nostri prodotti iWhite su base giornaliera, settimanale e\/o mensile.<\/p>\n<\/div><\/details>\n\n\n\n<details class=\"wp-block-karopharma-accordion\"><summary><h2 class=\"accordion-title\">Con quale frequenza posso utilizzare i prodotti per lo sbiancamento dei denti iWhite?<\/h2><\/summary><div class=\"accordion-content\">\n<p>Dipende dal prodotto iWhite che stai utilizzando. Ad esempio, i kit sbiancanti (iWhite Instant Whitening Kit, iWhite Instant2 Whitening Kit e iWhite Dark Stains Whitening Kit) possono essere utilizzati tutti i giorni per 5 giorni consecutivi, ma il kit iWhite Express pu\u00f2 essere utilizzato solo una volta alla settimana. Si consiglia di controllare le istruzioni per l&#8217;uso di ogni prodotto prima dell&#8217;applicazione.<\/p>\n<\/div><\/details>\n\n\n\n<details class=\"wp-block-karopharma-accordion\"><summary><h2 class=\"accordion-title\">I prodotti per lo sbiancamento dentale iWhite sono sicuri?<\/h2><\/summary><div class=\"accordion-content\">\n<p>S\u00ec, assolutamente, la gamma di sbiancanti per denti iWhite \u00e8 composta da prodotti cosmetici registrati e contiene ingredienti cosmetici approvati in Europa. Poich\u00e9 i prodotti per lo sbiancamento dei denti iWhite sono privi di perossido di idrogeno, non si verificheranno danni e\/o sensibilit\u00e0 dei denti e\/o delle gengive.<\/p>\n<\/div><\/details>\n\n\n\n<details class=\"wp-block-karopharma-accordion\"><summary><h2 class=\"accordion-title\">Posso utilizzare i prodotti sbiancanti per denti iWhite se soffro di problemi gengivali?<\/h2><\/summary><div class=\"accordion-content\">\n<p>La nostra gamma iWhite sensitive potrebbe essere la soluzione perfetta per te, tuttavia \u00e8 comunque consigliabile consultare un dentista prima di utilizzare il prodotto.<\/p>\n<\/div><\/details>\n\n\n\n<details class=\"wp-block-karopharma-accordion\"><summary><h2 class=\"accordion-title\">Posso utilizzare i prodotti per lo sbiancamento dei denti iWhite se ho\/ho avuto trattamenti dentistici e\/o ortodontici?<\/h2><\/summary><div class=\"accordion-content\">\n<p>Non utilizzare questo prodotto per 2 settimane in caso di trattamenti dentistici e\/o ortodontici (otturazioni, corone, impianti, canale radicolare, \u2026)<\/p>\n<\/div><\/details>\n\n\n\n<details class=\"wp-block-karopharma-accordion\"><summary><h2 class=\"accordion-title\">I prodotti per lo sbiancamento dei denti iWhite potrebbero avere qualche effetto su otturazioni, corone e faccette?<\/h2><\/summary><div class=\"accordion-content\">\n<p>Corone, faccette e otturazioni non subiscono sbiancamento, ma non vengono influenzate dal trattamento.<\/p>\n<\/div><\/details>\n\n\n\n<details class=\"wp-block-karopharma-accordion\"><summary><h2 class=\"accordion-title\">La gamma di sbiancamento dei denti iWhite pu\u00f2 essere utilizzata durante la gravidanza e\/o l&#8217;allattamento?<\/h2><\/summary><div class=\"accordion-content\">\n<p>Si consiglia di non utilizzare la gamma di sbiancamento dei denti iWhite durante la gravidanza o l&#8217;allattamento.<\/p>\n<\/div><\/details>\n<\/div><\/div>\n","protected":false},"excerpt":{"rendered":"","protected":false},"author":2,"featured_media":0,"parent":0,"menu_order":0,"comment_status":"closed","ping_status":"closed","template":"","meta":{"_acf_changed":false,"footnotes":""},"from-article-database":[],"class_list":["post-32","page","type-page","status-publish","hentry"],"acf":[],"yoast_head":"<!-- This site is optimized with the Yoast SEO plugin v26.6 - https:\/\/yoast.com\/wordpress\/plugins\/seo\/ -->\n<title>Domande frequenti - iWhite<\/title>\n<meta name=\"description\" content=\"Scopri la risposta alle domande pi\u00f9 comuni: Quanto diventeranno bianchi I miei denti? Quanto dureranno i risultati dello sbiancamento?\" \/>\n<meta name=\"robots\" content=\"index, follow, max-snippet:-1, max-image-preview:large, max-video-preview:-1\" \/>\n<link rel=\"canonical\" href=\"https:\/\/iwhiteinstant.com\/it\/domande-frequenti\/\" \/>\n<meta property=\"og:locale\" content=\"it_IT\" \/>\n<meta property=\"og:type\" content=\"article\" \/>\n<meta property=\"og:title\" content=\"Domande frequenti - iWhite\" \/>\n<meta property=\"og:description\" content=\"Scopri la risposta alle domande pi\u00f9 comuni: Quanto diventeranno bianchi I miei denti? Quanto dureranno i risultati dello sbiancamento?\" \/>\n<meta property=\"og:url\" content=\"https:\/\/iwhiteinstant.com\/it\/domande-frequenti\/\" \/>\n<meta property=\"og:site_name\" content=\"iWhite\" \/>\n<meta property=\"article:modified_time\" content=\"2025-06-23T12:35:29+00:00\" \/>\n<meta name=\"twitter:card\" content=\"summary_large_image\" \/>\n<meta name=\"twitter:label1\" content=\"Est. reading time\" \/>\n\t<meta name=\"twitter:data1\" content=\"3 minuti\" \/>\n<script type=\"application\/ld+json\" class=\"yoast-schema-graph\">{\"@context\":\"https:\/\/schema.org\",\"@graph\":[{\"@type\":\"WebPage\",\"@id\":\"https:\/\/iwhiteinstant.com\/it\/domande-frequenti\/\",\"url\":\"https:\/\/iwhiteinstant.com\/it\/domande-frequenti\/\",\"name\":\"Domande frequenti - iWhite\",\"isPartOf\":{\"@id\":\"https:\/\/iwhiteinstant.com\/it\/#website\"},\"datePublished\":\"2024-08-19T09:02:51+00:00\",\"dateModified\":\"2025-06-23T12:35:29+00:00\",\"description\":\"Scopri la risposta alle domande pi\u00f9 comuni: Quanto diventeranno bianchi I miei denti? Quanto dureranno i risultati dello sbiancamento?\",\"breadcrumb\":{\"@id\":\"https:\/\/iwhiteinstant.com\/it\/domande-frequenti\/#breadcrumb\"},\"inLanguage\":\"it-IT\",\"potentialAction\":[{\"@type\":\"ReadAction\",\"target\":[\"https:\/\/iwhiteinstant.com\/it\/domande-frequenti\/\"]}]},{\"@type\":\"BreadcrumbList\",\"@id\":\"https:\/\/iwhiteinstant.com\/it\/domande-frequenti\/#breadcrumb\",\"itemListElement\":[{\"@type\":\"ListItem\",\"position\":1,\"name\":\"Home\",\"item\":\"https:\/\/iwhiteinstant.com\/it\/\"},{\"@type\":\"ListItem\",\"position\":2,\"name\":\"Domande frequenti\"}]},{\"@type\":\"WebSite\",\"@id\":\"https:\/\/iwhiteinstant.com\/it\/#website\",\"url\":\"https:\/\/iwhiteinstant.com\/it\/\",\"name\":\"iWhite\",\"description\":\"\",\"publisher\":{\"@id\":\"https:\/\/iwhiteinstant.com\/it\/#organization\"},\"potentialAction\":[{\"@type\":\"SearchAction\",\"target\":{\"@type\":\"EntryPoint\",\"urlTemplate\":\"https:\/\/iwhiteinstant.com\/it\/?s={search_term_string}\"},\"query-input\":{\"@type\":\"PropertyValueSpecification\",\"valueRequired\":true,\"valueName\":\"search_term_string\"}}],\"inLanguage\":\"it-IT\"},{\"@type\":\"Organization\",\"@id\":\"https:\/\/iwhiteinstant.com\/it\/#organization\",\"name\":\"iWhite\",\"url\":\"https:\/\/iwhiteinstant.com\/it\/\",\"logo\":{\"@type\":\"ImageObject\",\"inLanguage\":\"it-IT\",\"@id\":\"https:\/\/iwhiteinstant.com\/it\/#\/schema\/logo\/image\/\",\"url\":\"https:\/\/iwhiteinstant.com\/app\/uploads\/sites\/8\/2024\/08\/Iwhite-logo.png\",\"contentUrl\":\"https:\/\/iwhiteinstant.com\/app\/uploads\/sites\/8\/2024\/08\/Iwhite-logo.png\",\"width\":160,\"height\":40,\"caption\":\"iWhite\"},\"image\":{\"@id\":\"https:\/\/iwhiteinstant.com\/it\/#\/schema\/logo\/image\/\"}}]}<\/script>\n<!-- \/ Yoast SEO plugin. -->","yoast_head_json":{"title":"Domande frequenti - iWhite","description":"Scopri la risposta alle domande pi\u00f9 comuni: Quanto diventeranno bianchi I miei denti? Quanto dureranno i risultati dello sbiancamento?","robots":{"index":"index","follow":"follow","max-snippet":"max-snippet:-1","max-image-preview":"max-image-preview:large","max-video-preview":"max-video-preview:-1"},"canonical":"https:\/\/iwhiteinstant.com\/it\/domande-frequenti\/","og_locale":"it_IT","og_type":"article","og_title":"Domande frequenti - iWhite","og_description":"Scopri la risposta alle domande pi\u00f9 comuni: Quanto diventeranno bianchi I miei denti? Quanto dureranno i risultati dello sbiancamento?","og_url":"https:\/\/iwhiteinstant.com\/it\/domande-frequenti\/","og_site_name":"iWhite","article_modified_time":"2025-06-23T12:35:29+00:00","twitter_card":"summary_large_image","twitter_misc":{"Est. reading time":"3 minuti"},"schema":{"@context":"https:\/\/schema.org","@graph":[{"@type":"WebPage","@id":"https:\/\/iwhiteinstant.com\/it\/domande-frequenti\/","url":"https:\/\/iwhiteinstant.com\/it\/domande-frequenti\/","name":"Domande frequenti - iWhite","isPartOf":{"@id":"https:\/\/iwhiteinstant.com\/it\/#website"},"datePublished":"2024-08-19T09:02:51+00:00","dateModified":"2025-06-23T12:35:29+00:00","description":"Scopri la risposta alle domande pi\u00f9 comuni: Quanto diventeranno bianchi I miei denti? Quanto dureranno i risultati dello sbiancamento?","breadcrumb":{"@id":"https:\/\/iwhiteinstant.com\/it\/domande-frequenti\/#breadcrumb"},"inLanguage":"it-IT","potentialAction":[{"@type":"ReadAction","target":["https:\/\/iwhiteinstant.com\/it\/domande-frequenti\/"]}]},{"@type":"BreadcrumbList","@id":"https:\/\/iwhiteinstant.com\/it\/domande-frequenti\/#breadcrumb","itemListElement":[{"@type":"ListItem","position":1,"name":"Home","item":"https:\/\/iwhiteinstant.com\/it\/"},{"@type":"ListItem","position":2,"name":"Domande frequenti"}]},{"@type":"WebSite","@id":"https:\/\/iwhiteinstant.com\/it\/#website","url":"https:\/\/iwhiteinstant.com\/it\/","name":"iWhite","description":"","publisher":{"@id":"https:\/\/iwhiteinstant.com\/it\/#organization"},"potentialAction":[{"@type":"SearchAction","target":{"@type":"EntryPoint","urlTemplate":"https:\/\/iwhiteinstant.com\/it\/?s={search_term_string}"},"query-input":{"@type":"PropertyValueSpecification","valueRequired":true,"valueName":"search_term_string"}}],"inLanguage":"it-IT"},{"@type":"Organization","@id":"https:\/\/iwhiteinstant.com\/it\/#organization","name":"iWhite","url":"https:\/\/iwhiteinstant.com\/it\/","logo":{"@type":"ImageObject","inLanguage":"it-IT","@id":"https:\/\/iwhiteinstant.com\/it\/#\/schema\/logo\/image\/","url":"https:\/\/iwhiteinstant.com\/app\/uploads\/sites\/8\/2024\/08\/Iwhite-logo.png","contentUrl":"https:\/\/iwhiteinstant.com\/app\/uploads\/sites\/8\/2024\/08\/Iwhite-logo.png","width":160,"height":40,"caption":"iWhite"},"image":{"@id":"https:\/\/iwhiteinstant.com\/it\/#\/schema\/logo\/image\/"}}]}},"_links":{"self":[{"href":"https:\/\/iwhiteinstant.com\/it\/wp-json\/wp\/v2\/pages\/32","targetHints":{"allow":["GET"]}}],"collection":[{"href":"https:\/\/iwhiteinstant.com\/it\/wp-json\/wp\/v2\/pages"}],"about":[{"href":"https:\/\/iwhiteinstant.com\/it\/wp-json\/wp\/v2\/types\/page"}],"author":[{"embeddable":true,"href":"https:\/\/iwhiteinstant.com\/it\/wp-json\/wp\/v2\/users\/2"}],"replies":[{"embeddable":true,"href":"https:\/\/iwhiteinstant.com\/it\/wp-json\/wp\/v2\/comments?post=32"}],"version-history":[{"count":5,"href":"https:\/\/iwhiteinstant.com\/it\/wp-json\/wp\/v2\/pages\/32\/revisions"}],"predecessor-version":[{"id":263,"href":"https:\/\/iwhiteinstant.com\/it\/wp-json\/wp\/v2\/pages\/32\/revisions\/263"}],"wp:attachment":[{"href":"https:\/\/iwhiteinstant.com\/it\/wp-json\/wp\/v2\/media?parent=32"}],"wp:term":[{"taxonomy":"from-article-database","embeddable":true,"href":"https:\/\/iwhiteinstant.com\/it\/wp-json\/wp\/v2\/from-article-database?post=32"}],"curies":[{"name":"wp","href":"https:\/\/api.w.org\/{rel}","templated":true}]}}