{"id":34,"date":"2024-08-19T11:03:10","date_gmt":"2024-08-19T09:03:10","guid":{"rendered":"https:\/\/iwhiteinstant.com\/it\/?page_id=34"},"modified":"2024-12-20T15:11:49","modified_gmt":"2024-12-20T14:11:49","slug":"consigli-trucchi","status":"publish","type":"page","link":"https:\/\/iwhiteinstant.com\/it\/consigli-trucchi\/","title":{"rendered":"Consigli &#038; Trucchi"},"content":{"rendered":"\n<div class=\"wp-block-karopharma-free-text pt-large pb-large bg-bottom bg-cover bg-no-repeat bg-box is-style-primary\" style=\"background-image:url(https:\/\/iwhiteinstant.com\/cdn-cgi\/image\/format=auto\/app\/uploads\/sites\/8\/2024\/09\/tips-tricks.jpg)\"><div class=\"free-text-wrapper container max-w-small text-center\">\n<h1 class=\"wp-block-heading is-style-heading-huge has-primary-color has-text-color\">Consigli &amp; Trucchi<\/h1>\n\n\n\n<h2 class=\"wp-block-heading is-style-heading-h3\">iWhite si impegna per la tua igiene orale. Scopri i nostri consigli &amp; trucchi per aiutarti a migliorare la salute della tua igiene orale.<\/h2>\n<\/div><\/div>\n\n\n\n<div class=\"wp-block-karopharma-accordions\"><div class=\"container\">\n<details class=\"wp-block-karopharma-accordion\"><summary><h2 class=\"accordion-title\">Per quanto tempo dovresti spazzolare i denti?<\/h2><\/summary><div class=\"accordion-content\">\n<p>Spazzola i denti almeno per 2 minuti per un risultato ottimale e per rimuovere placche, cibo, residui e batteri. Spazzolare ognuna delle 4 zone per almeno 30 secondi.<\/p>\n\n\n\n<figure class=\"wp-block-image size-large is-resized\"><img loading=\"lazy\" decoding=\"async\" width=\"1024\" height=\"1024\" src=\"https:\/\/iwhiteinstant.com\/app\/uploads\/sites\/8\/2024\/09\/how-long-1024x1024.jpg\" alt=\"Per quanto tempo dovresti spazzolare I denti?\" class=\"wp-image-161\" style=\"width:512px;height:512px\" srcset=\"https:\/\/iwhiteinstant.com\/app\/uploads\/sites\/8\/2024\/09\/how-long-1024x1024.jpg 1024w, https:\/\/iwhiteinstant.com\/app\/uploads\/sites\/8\/2024\/09\/how-long-320x320.jpg 320w, https:\/\/iwhiteinstant.com\/app\/uploads\/sites\/8\/2024\/09\/how-long-150x150.jpg 150w, https:\/\/iwhiteinstant.com\/app\/uploads\/sites\/8\/2024\/09\/how-long-768x768.jpg 768w, https:\/\/iwhiteinstant.com\/app\/uploads\/sites\/8\/2024\/09\/how-long-300x300.jpg 300w, https:\/\/iwhiteinstant.com\/app\/uploads\/sites\/8\/2024\/09\/how-long-600x600.jpg 600w, https:\/\/iwhiteinstant.com\/app\/uploads\/sites\/8\/2024\/09\/how-long-100x100.jpg 100w, https:\/\/iwhiteinstant.com\/app\/uploads\/sites\/8\/2024\/09\/how-long.jpg 1200w\" sizes=\"auto, (max-width: 1024px) 100vw, 1024px\" \/><\/figure>\n<\/div><\/details>\n\n\n\n<details class=\"wp-block-karopharma-accordion\"><summary><h2 class=\"accordion-title\">Quanto spesso bisognerebbe cambiare spazzolino?<\/h2><\/summary><div class=\"accordion-content\">\n<p>Sostituisci il tuo spazzolino ogni 3 mesi. Cambialo prima se sei stato male, soprattuto se lo spazzolino viene conservato vicino ad altri.<\/p>\n\n\n\n<figure class=\"wp-block-image size-full is-resized\"><img loading=\"lazy\" decoding=\"async\" width=\"720\" height=\"720\" src=\"https:\/\/iwhiteinstant.com\/app\/uploads\/sites\/8\/2024\/09\/how-often.jpg\" alt=\"Quanto spesso bisognerebbe cambiare spazzolino?\" class=\"wp-image-163\" style=\"width:360px;height:360px\" srcset=\"https:\/\/iwhiteinstant.com\/app\/uploads\/sites\/8\/2024\/09\/how-often.jpg 720w, https:\/\/iwhiteinstant.com\/app\/uploads\/sites\/8\/2024\/09\/how-often-320x320.jpg 320w, https:\/\/iwhiteinstant.com\/app\/uploads\/sites\/8\/2024\/09\/how-often-150x150.jpg 150w, https:\/\/iwhiteinstant.com\/app\/uploads\/sites\/8\/2024\/09\/how-often-300x300.jpg 300w, https:\/\/iwhiteinstant.com\/app\/uploads\/sites\/8\/2024\/09\/how-often-600x600.jpg 600w, https:\/\/iwhiteinstant.com\/app\/uploads\/sites\/8\/2024\/09\/how-often-100x100.jpg 100w\" sizes=\"auto, (max-width: 720px) 100vw, 720px\" \/><\/figure>\n<\/div><\/details>\n\n\n\n<details class=\"wp-block-karopharma-accordion\"><summary><h2 class=\"accordion-title\">Quando dovresti lavare i denti?<\/h2><\/summary><div class=\"accordion-content\">\n<p>\u00c8 meglio spazzolare i denti prima di colazione. In realt\u00e0 potresti avere maggiore successo nel prevenire la carie se lavi i denti prima di fare colazione, perch\u00e9 cos\u00ec rimuoverai quanti pi\u00f9 batteri possibile invece di &#8220;nutrirli&#8221;. Consigliamo di lavare i denti due volte al giorno per 2 minuti.<\/p>\n\n\n\n<figure class=\"wp-block-image size-large is-resized\"><img loading=\"lazy\" decoding=\"async\" width=\"1024\" height=\"1024\" src=\"https:\/\/iwhiteinstant.com\/app\/uploads\/sites\/8\/2024\/09\/when-should-you-1024x1024.jpg\" alt=\"Quando dovresti lavare i denti?\" class=\"wp-image-229\" style=\"width:512px;height:512px\" srcset=\"https:\/\/iwhiteinstant.com\/app\/uploads\/sites\/8\/2024\/09\/when-should-you-1024x1024.jpg 1024w, https:\/\/iwhiteinstant.com\/app\/uploads\/sites\/8\/2024\/09\/when-should-you-320x320.jpg 320w, https:\/\/iwhiteinstant.com\/app\/uploads\/sites\/8\/2024\/09\/when-should-you-150x150.jpg 150w, https:\/\/iwhiteinstant.com\/app\/uploads\/sites\/8\/2024\/09\/when-should-you-768x768.jpg 768w, https:\/\/iwhiteinstant.com\/app\/uploads\/sites\/8\/2024\/09\/when-should-you-300x300.jpg 300w, https:\/\/iwhiteinstant.com\/app\/uploads\/sites\/8\/2024\/09\/when-should-you-600x600.jpg 600w, https:\/\/iwhiteinstant.com\/app\/uploads\/sites\/8\/2024\/09\/when-should-you-100x100.jpg 100w, https:\/\/iwhiteinstant.com\/app\/uploads\/sites\/8\/2024\/09\/when-should-you.jpg 1200w\" sizes=\"auto, (max-width: 1024px) 100vw, 1024px\" \/><\/figure>\n<\/div><\/details>\n\n\n\n<details class=\"wp-block-karopharma-accordion\"><summary><h2 class=\"accordion-title\">3 motivi per cui dovresti usare il collutorio<\/h2><\/summary><div class=\"accordion-content\">\n<p>Sbianca i denti immediatamente, rimuove e previene le placche, rafforza e remineralizza i denti. Goditi il tuo sorriso smagliante!<\/p>\n\n\n\n<figure class=\"wp-block-image size-large is-resized\"><img loading=\"lazy\" decoding=\"async\" width=\"1024\" height=\"1024\" src=\"https:\/\/iwhiteinstant.com\/app\/uploads\/sites\/8\/2024\/09\/mouthwash-1024x1024.jpg\" alt=\"3 motivi per cui dovresti usare il collutorio\" class=\"wp-image-73\" style=\"width:512px;height:512px\" srcset=\"https:\/\/iwhiteinstant.com\/app\/uploads\/sites\/8\/2024\/09\/mouthwash-1024x1024.jpg 1024w, https:\/\/iwhiteinstant.com\/app\/uploads\/sites\/8\/2024\/09\/mouthwash-320x320.jpg 320w, https:\/\/iwhiteinstant.com\/app\/uploads\/sites\/8\/2024\/09\/mouthwash-150x150.jpg 150w, https:\/\/iwhiteinstant.com\/app\/uploads\/sites\/8\/2024\/09\/mouthwash-768x768.jpg 768w, https:\/\/iwhiteinstant.com\/app\/uploads\/sites\/8\/2024\/09\/mouthwash-300x300.jpg 300w, https:\/\/iwhiteinstant.com\/app\/uploads\/sites\/8\/2024\/09\/mouthwash-600x600.jpg 600w, https:\/\/iwhiteinstant.com\/app\/uploads\/sites\/8\/2024\/09\/mouthwash-100x100.jpg 100w, https:\/\/iwhiteinstant.com\/app\/uploads\/sites\/8\/2024\/09\/mouthwash.jpg 1080w\" sizes=\"auto, (max-width: 1024px) 100vw, 1024px\" \/><\/figure>\n<\/div><\/details>\n\n\n\n<details class=\"wp-block-karopharma-accordion\"><summary><h2 class=\"accordion-title\">Cosa fare dopo aver mangiato o bevuto frutti acidi?<\/h2><\/summary><div class=\"accordion-content\">\n<p>\u00c8 meglio sciacquare la bocca con acqua dopo aver mangiato questi frutti e non spazzolarsi. L&#8217;acido naturale del frutto rimasto in bocca dopo averlo mangiato pu\u00f2 ammorbidire temporaneamente lo strato esterno del dente. Questo ammorbidimento temporaneo potrebbe consentire allo spazzolino di rimuovere lo smalto dei denti. Pertanto \u00e8 meglio prima sciacquare la bocca con acqua.<\/p>\n\n\n\n<figure class=\"wp-block-image size-large is-resized\"><img loading=\"lazy\" decoding=\"async\" width=\"1024\" height=\"1024\" src=\"https:\/\/iwhiteinstant.com\/app\/uploads\/sites\/8\/2024\/09\/what-to-do-after-1024x1024.jpg\" alt=\"Cosa fare dopo aver mangiato o bevuto frutti acidi?\" class=\"wp-image-226\" style=\"width:512px;height:512px\" srcset=\"https:\/\/iwhiteinstant.com\/app\/uploads\/sites\/8\/2024\/09\/what-to-do-after-1024x1024.jpg 1024w, https:\/\/iwhiteinstant.com\/app\/uploads\/sites\/8\/2024\/09\/what-to-do-after-320x320.jpg 320w, https:\/\/iwhiteinstant.com\/app\/uploads\/sites\/8\/2024\/09\/what-to-do-after-150x150.jpg 150w, https:\/\/iwhiteinstant.com\/app\/uploads\/sites\/8\/2024\/09\/what-to-do-after-768x768.jpg 768w, https:\/\/iwhiteinstant.com\/app\/uploads\/sites\/8\/2024\/09\/what-to-do-after-300x300.jpg 300w, https:\/\/iwhiteinstant.com\/app\/uploads\/sites\/8\/2024\/09\/what-to-do-after-600x600.jpg 600w, https:\/\/iwhiteinstant.com\/app\/uploads\/sites\/8\/2024\/09\/what-to-do-after-100x100.jpg 100w, https:\/\/iwhiteinstant.com\/app\/uploads\/sites\/8\/2024\/09\/what-to-do-after.jpg 1200w\" sizes=\"auto, (max-width: 1024px) 100vw, 1024px\" \/><\/figure>\n<\/div><\/details>\n\n\n\n<details class=\"wp-block-karopharma-accordion\"><summary><h2 class=\"accordion-title\">Perch\u00e8 le fragole fanno bene ai denti?<\/h2><\/summary><div class=\"accordion-content\">\n<p>Le fragole aiutano a dissolvere le macchie e contengono vitamina C che rafforza i denti.<\/p>\n\n\n\n<figure class=\"wp-block-image size-large is-resized\"><img loading=\"lazy\" decoding=\"async\" width=\"1024\" height=\"1024\" src=\"https:\/\/iwhiteinstant.com\/app\/uploads\/sites\/8\/2024\/09\/why-are-strawberries-1024x1024.jpg\" alt=\"Perch\u00e8 le fragole fanno bene ai denti?\" class=\"wp-image-74\" style=\"width:512px;height:512px\" srcset=\"https:\/\/iwhiteinstant.com\/app\/uploads\/sites\/8\/2024\/09\/why-are-strawberries-1024x1024.jpg 1024w, https:\/\/iwhiteinstant.com\/app\/uploads\/sites\/8\/2024\/09\/why-are-strawberries-320x320.jpg 320w, https:\/\/iwhiteinstant.com\/app\/uploads\/sites\/8\/2024\/09\/why-are-strawberries-150x150.jpg 150w, https:\/\/iwhiteinstant.com\/app\/uploads\/sites\/8\/2024\/09\/why-are-strawberries-768x768.jpg 768w, https:\/\/iwhiteinstant.com\/app\/uploads\/sites\/8\/2024\/09\/why-are-strawberries-300x300.jpg 300w, https:\/\/iwhiteinstant.com\/app\/uploads\/sites\/8\/2024\/09\/why-are-strawberries-600x600.jpg 600w, https:\/\/iwhiteinstant.com\/app\/uploads\/sites\/8\/2024\/09\/why-are-strawberries-100x100.jpg 100w, https:\/\/iwhiteinstant.com\/app\/uploads\/sites\/8\/2024\/09\/why-are-strawberries.jpg 1099w\" sizes=\"auto, (max-width: 1024px) 100vw, 1024px\" \/><\/figure>\n<\/div><\/details>\n\n\n\n<details class=\"wp-block-karopharma-accordion\"><summary><h2 class=\"accordion-title\">Sapevi che il cioccolato fondente aiuta a proteggere i denti?<\/h2><\/summary><div class=\"accordion-content\">\n<p>Il cioccolato fondente contiene teobromina che aiuta a rafforzare lo smalto dei denti.<\/p>\n\n\n\n<figure class=\"wp-block-image size-full is-resized\"><img loading=\"lazy\" decoding=\"async\" width=\"991\" height=\"991\" src=\"https:\/\/iwhiteinstant.com\/app\/uploads\/sites\/8\/2024\/09\/dark-chocolate.jpg\" alt=\"Sapevi che il cioccolato fondente aiuta a proteggere I denti?\" class=\"wp-image-75\" style=\"width:496px;height:496px\" srcset=\"https:\/\/iwhiteinstant.com\/app\/uploads\/sites\/8\/2024\/09\/dark-chocolate.jpg 991w, https:\/\/iwhiteinstant.com\/app\/uploads\/sites\/8\/2024\/09\/dark-chocolate-320x320.jpg 320w, https:\/\/iwhiteinstant.com\/app\/uploads\/sites\/8\/2024\/09\/dark-chocolate-150x150.jpg 150w, https:\/\/iwhiteinstant.com\/app\/uploads\/sites\/8\/2024\/09\/dark-chocolate-768x768.jpg 768w, https:\/\/iwhiteinstant.com\/app\/uploads\/sites\/8\/2024\/09\/dark-chocolate-300x300.jpg 300w, https:\/\/iwhiteinstant.com\/app\/uploads\/sites\/8\/2024\/09\/dark-chocolate-600x600.jpg 600w, https:\/\/iwhiteinstant.com\/app\/uploads\/sites\/8\/2024\/09\/dark-chocolate-100x100.jpg 100w\" sizes=\"auto, (max-width: 991px) 100vw, 991px\" \/><\/figure>\n<\/div><\/details>\n\n\n\n<details class=\"wp-block-karopharma-accordion\"><summary><h2 class=\"accordion-title\">Lo smato si rigenera?<\/h2><\/summary><div class=\"accordion-content\">\n<p>No, anche se \u00e8 il materiale pi\u00f9 duro del corpo, a volte \u00e8 messo sotto pressione da cibi acidi, bevande o spazzolatura eccessiva. iWhite Instant 2 non solo sbiancher\u00e0 i tuoi denti, ma render\u00e0 anche il tuo smalto pi\u00f9 forte e lo ricostruir\u00e0, restituendogli il suo colore bianco naturale.<\/p>\n\n\n\n<figure class=\"wp-block-image size-full is-resized\"><img loading=\"lazy\" decoding=\"async\" width=\"860\" height=\"608\" src=\"https:\/\/iwhiteinstant.com\/app\/uploads\/sites\/8\/2024\/09\/instant-whitening-kits.jpg\" alt=\"Lo smato si rigenera?\" class=\"wp-image-76\" style=\"width:430px;height:304px\" srcset=\"https:\/\/iwhiteinstant.com\/app\/uploads\/sites\/8\/2024\/09\/instant-whitening-kits.jpg 860w, https:\/\/iwhiteinstant.com\/app\/uploads\/sites\/8\/2024\/09\/instant-whitening-kits-320x226.jpg 320w, https:\/\/iwhiteinstant.com\/app\/uploads\/sites\/8\/2024\/09\/instant-whitening-kits-768x543.jpg 768w, https:\/\/iwhiteinstant.com\/app\/uploads\/sites\/8\/2024\/09\/instant-whitening-kits-600x424.jpg 600w\" sizes=\"auto, (max-width: 860px) 100vw, 860px\" \/><\/figure>\n<\/div><\/details>\n\n\n\n<details class=\"wp-block-karopharma-accordion\"><summary><h2 class=\"accordion-title\">Sapevi che \u00e8 meglio spazzolare i denti prima di applicare iWhite Dark Stains?<\/h2><\/summary><div class=\"accordion-content\">\n<p>Lo spazzolamento rimuove il biofilm dai denti. Rimuovendo questo strato lubrificante naturale, il prodotto pu\u00f2 agire in maniera pi\u00f9 efficace sulla superficie dentale.<\/p>\n\n\n\n<figure class=\"wp-block-image size-large is-resized\"><img loading=\"lazy\" decoding=\"async\" width=\"1024\" height=\"1024\" src=\"https:\/\/iwhiteinstant.com\/app\/uploads\/sites\/8\/2024\/09\/darkstains-new-1024x1024.jpg\" alt=\"Sapevi che \u00e8 meglio spazzolare I denti prima di applicare iWhite Dark Stains?\" class=\"wp-image-77\" style=\"width:512px;height:512px\" srcset=\"https:\/\/iwhiteinstant.com\/app\/uploads\/sites\/8\/2024\/09\/darkstains-new-1024x1024.jpg 1024w, https:\/\/iwhiteinstant.com\/app\/uploads\/sites\/8\/2024\/09\/darkstains-new-320x320.jpg 320w, https:\/\/iwhiteinstant.com\/app\/uploads\/sites\/8\/2024\/09\/darkstains-new-150x150.jpg 150w, https:\/\/iwhiteinstant.com\/app\/uploads\/sites\/8\/2024\/09\/darkstains-new-768x768.jpg 768w, https:\/\/iwhiteinstant.com\/app\/uploads\/sites\/8\/2024\/09\/darkstains-new-300x300.jpg 300w, https:\/\/iwhiteinstant.com\/app\/uploads\/sites\/8\/2024\/09\/darkstains-new-600x600.jpg 600w, https:\/\/iwhiteinstant.com\/app\/uploads\/sites\/8\/2024\/09\/darkstains-new-100x100.jpg 100w, https:\/\/iwhiteinstant.com\/app\/uploads\/sites\/8\/2024\/09\/darkstains-new.jpg 1418w\" sizes=\"auto, (max-width: 1024px) 100vw, 1024px\" \/><\/figure>\n<\/div><\/details>\n\n\n\n<details class=\"wp-block-karopharma-accordion\"><summary><h2 class=\"accordion-title\">La zucca fa bene ai denti?<\/h2><\/summary><div class=\"accordion-content\">\n<p>Si! La zucca \u00e8 piena di zinco, magnesio, vitamina A e vitamina C: tutte benefiche per le tue gengive, lo smalto e la salute orale in generale.<\/p>\n\n\n\n<figure class=\"wp-block-image size-large is-resized\"><img loading=\"lazy\" decoding=\"async\" width=\"1024\" height=\"1024\" src=\"https:\/\/iwhiteinstant.com\/app\/uploads\/sites\/8\/2024\/09\/pumpkin-1024x1024.jpg\" alt=\"La zucca fa bene ai denti? \" class=\"wp-image-78\" style=\"width:512px;height:512px\" srcset=\"https:\/\/iwhiteinstant.com\/app\/uploads\/sites\/8\/2024\/09\/pumpkin-1024x1024.jpg 1024w, https:\/\/iwhiteinstant.com\/app\/uploads\/sites\/8\/2024\/09\/pumpkin-320x320.jpg 320w, https:\/\/iwhiteinstant.com\/app\/uploads\/sites\/8\/2024\/09\/pumpkin-150x150.jpg 150w, https:\/\/iwhiteinstant.com\/app\/uploads\/sites\/8\/2024\/09\/pumpkin-768x768.jpg 768w, https:\/\/iwhiteinstant.com\/app\/uploads\/sites\/8\/2024\/09\/pumpkin-300x300.jpg 300w, https:\/\/iwhiteinstant.com\/app\/uploads\/sites\/8\/2024\/09\/pumpkin-600x600.jpg 600w, https:\/\/iwhiteinstant.com\/app\/uploads\/sites\/8\/2024\/09\/pumpkin-100x100.jpg 100w, https:\/\/iwhiteinstant.com\/app\/uploads\/sites\/8\/2024\/09\/pumpkin.jpg 1080w\" sizes=\"auto, (max-width: 1024px) 100vw, 1024px\" \/><\/figure>\n<\/div><\/details>\n<\/div><\/div>\n","protected":false},"excerpt":{"rendered":"","protected":false},"author":2,"featured_media":0,"parent":0,"menu_order":0,"comment_status":"closed","ping_status":"closed","template":"","meta":{"_acf_changed":false,"footnotes":""},"from-article-database":[],"class_list":["post-34","page","type-page","status-publish","hentry"],"acf":[],"yoast_head":"<!-- This site is optimized with the Yoast SEO plugin v26.6 - https:\/\/yoast.com\/wordpress\/plugins\/seo\/ -->\n<title>Consigli &amp; Trucchi - iWhite<\/title>\n<meta name=\"description\" content=\"iWhite si impegna per la tua igiene orale. Scopri I nostri consigli &amp; trucchi per aiutarti a migliorare la salute della tua igiene orale.\" \/>\n<meta name=\"robots\" content=\"index, follow, max-snippet:-1, max-image-preview:large, max-video-preview:-1\" \/>\n<link rel=\"canonical\" href=\"https:\/\/iwhiteinstant.com\/it\/consigli-trucchi\/\" \/>\n<meta property=\"og:locale\" content=\"it_IT\" \/>\n<meta property=\"og:type\" content=\"article\" \/>\n<meta property=\"og:title\" content=\"Consigli &amp; Trucchi - iWhite\" \/>\n<meta property=\"og:description\" content=\"iWhite si impegna per la tua igiene orale. Scopri I nostri consigli &amp; trucchi per aiutarti a migliorare la salute della tua igiene orale.\" \/>\n<meta property=\"og:url\" content=\"https:\/\/iwhiteinstant.com\/it\/consigli-trucchi\/\" \/>\n<meta property=\"og:site_name\" content=\"iWhite\" \/>\n<meta property=\"article:modified_time\" content=\"2024-12-20T14:11:49+00:00\" \/>\n<meta property=\"og:image\" content=\"https:\/\/iwhiteinstant.com\/app\/uploads\/sites\/8\/2024\/09\/how-long.jpg\" \/>\n\t<meta property=\"og:image:width\" content=\"1200\" \/>\n\t<meta property=\"og:image:height\" content=\"1200\" \/>\n\t<meta property=\"og:image:type\" content=\"image\/jpeg\" \/>\n<meta name=\"twitter:card\" content=\"summary_large_image\" \/>\n<meta name=\"twitter:label1\" content=\"Est. reading time\" \/>\n\t<meta name=\"twitter:data1\" content=\"5 minuti\" \/>\n<script type=\"application\/ld+json\" class=\"yoast-schema-graph\">{\"@context\":\"https:\/\/schema.org\",\"@graph\":[{\"@type\":\"WebPage\",\"@id\":\"https:\/\/iwhiteinstant.com\/it\/consigli-trucchi\/\",\"url\":\"https:\/\/iwhiteinstant.com\/it\/consigli-trucchi\/\",\"name\":\"Consigli & Trucchi - iWhite\",\"isPartOf\":{\"@id\":\"https:\/\/iwhiteinstant.com\/it\/#website\"},\"primaryImageOfPage\":{\"@id\":\"https:\/\/iwhiteinstant.com\/it\/consigli-trucchi\/#primaryimage\"},\"image\":{\"@id\":\"https:\/\/iwhiteinstant.com\/it\/consigli-trucchi\/#primaryimage\"},\"thumbnailUrl\":\"https:\/\/iwhiteinstant.com\/app\/uploads\/sites\/8\/2024\/09\/how-long-1024x1024.jpg\",\"datePublished\":\"2024-08-19T09:03:10+00:00\",\"dateModified\":\"2024-12-20T14:11:49+00:00\",\"description\":\"iWhite si impegna per la tua igiene orale. Scopri I nostri consigli & trucchi per aiutarti a migliorare la salute della tua igiene orale.\",\"breadcrumb\":{\"@id\":\"https:\/\/iwhiteinstant.com\/it\/consigli-trucchi\/#breadcrumb\"},\"inLanguage\":\"it-IT\",\"potentialAction\":[{\"@type\":\"ReadAction\",\"target\":[\"https:\/\/iwhiteinstant.com\/it\/consigli-trucchi\/\"]}]},{\"@type\":\"ImageObject\",\"inLanguage\":\"it-IT\",\"@id\":\"https:\/\/iwhiteinstant.com\/it\/consigli-trucchi\/#primaryimage\",\"url\":\"https:\/\/iwhiteinstant.com\/app\/uploads\/sites\/8\/2024\/09\/how-long-1024x1024.jpg\",\"contentUrl\":\"https:\/\/iwhiteinstant.com\/app\/uploads\/sites\/8\/2024\/09\/how-long-1024x1024.jpg\"},{\"@type\":\"BreadcrumbList\",\"@id\":\"https:\/\/iwhiteinstant.com\/it\/consigli-trucchi\/#breadcrumb\",\"itemListElement\":[{\"@type\":\"ListItem\",\"position\":1,\"name\":\"Home\",\"item\":\"https:\/\/iwhiteinstant.com\/it\/\"},{\"@type\":\"ListItem\",\"position\":2,\"name\":\"Consigli &#038; Trucchi\"}]},{\"@type\":\"WebSite\",\"@id\":\"https:\/\/iwhiteinstant.com\/it\/#website\",\"url\":\"https:\/\/iwhiteinstant.com\/it\/\",\"name\":\"iWhite\",\"description\":\"\",\"publisher\":{\"@id\":\"https:\/\/iwhiteinstant.com\/it\/#organization\"},\"potentialAction\":[{\"@type\":\"SearchAction\",\"target\":{\"@type\":\"EntryPoint\",\"urlTemplate\":\"https:\/\/iwhiteinstant.com\/it\/?s={search_term_string}\"},\"query-input\":{\"@type\":\"PropertyValueSpecification\",\"valueRequired\":true,\"valueName\":\"search_term_string\"}}],\"inLanguage\":\"it-IT\"},{\"@type\":\"Organization\",\"@id\":\"https:\/\/iwhiteinstant.com\/it\/#organization\",\"name\":\"iWhite\",\"url\":\"https:\/\/iwhiteinstant.com\/it\/\",\"logo\":{\"@type\":\"ImageObject\",\"inLanguage\":\"it-IT\",\"@id\":\"https:\/\/iwhiteinstant.com\/it\/#\/schema\/logo\/image\/\",\"url\":\"https:\/\/iwhiteinstant.com\/app\/uploads\/sites\/8\/2024\/08\/Iwhite-logo.png\",\"contentUrl\":\"https:\/\/iwhiteinstant.com\/app\/uploads\/sites\/8\/2024\/08\/Iwhite-logo.png\",\"width\":160,\"height\":40,\"caption\":\"iWhite\"},\"image\":{\"@id\":\"https:\/\/iwhiteinstant.com\/it\/#\/schema\/logo\/image\/\"}}]}<\/script>\n<!-- \/ Yoast SEO plugin. -->","yoast_head_json":{"title":"Consigli & Trucchi - iWhite","description":"iWhite si impegna per la tua igiene orale. Scopri I nostri consigli & trucchi per aiutarti a migliorare la salute della tua igiene orale.","robots":{"index":"index","follow":"follow","max-snippet":"max-snippet:-1","max-image-preview":"max-image-preview:large","max-video-preview":"max-video-preview:-1"},"canonical":"https:\/\/iwhiteinstant.com\/it\/consigli-trucchi\/","og_locale":"it_IT","og_type":"article","og_title":"Consigli & Trucchi - iWhite","og_description":"iWhite si impegna per la tua igiene orale. Scopri I nostri consigli & trucchi per aiutarti a migliorare la salute della tua igiene orale.","og_url":"https:\/\/iwhiteinstant.com\/it\/consigli-trucchi\/","og_site_name":"iWhite","article_modified_time":"2024-12-20T14:11:49+00:00","og_image":[{"width":1200,"height":1200,"url":"https:\/\/iwhiteinstant.com\/app\/uploads\/sites\/8\/2024\/09\/how-long.jpg","type":"image\/jpeg"}],"twitter_card":"summary_large_image","twitter_misc":{"Est. reading time":"5 minuti"},"schema":{"@context":"https:\/\/schema.org","@graph":[{"@type":"WebPage","@id":"https:\/\/iwhiteinstant.com\/it\/consigli-trucchi\/","url":"https:\/\/iwhiteinstant.com\/it\/consigli-trucchi\/","name":"Consigli & Trucchi - iWhite","isPartOf":{"@id":"https:\/\/iwhiteinstant.com\/it\/#website"},"primaryImageOfPage":{"@id":"https:\/\/iwhiteinstant.com\/it\/consigli-trucchi\/#primaryimage"},"image":{"@id":"https:\/\/iwhiteinstant.com\/it\/consigli-trucchi\/#primaryimage"},"thumbnailUrl":"https:\/\/iwhiteinstant.com\/app\/uploads\/sites\/8\/2024\/09\/how-long-1024x1024.jpg","datePublished":"2024-08-19T09:03:10+00:00","dateModified":"2024-12-20T14:11:49+00:00","description":"iWhite si impegna per la tua igiene orale. Scopri I nostri consigli & trucchi per aiutarti a migliorare la salute della tua igiene orale.","breadcrumb":{"@id":"https:\/\/iwhiteinstant.com\/it\/consigli-trucchi\/#breadcrumb"},"inLanguage":"it-IT","potentialAction":[{"@type":"ReadAction","target":["https:\/\/iwhiteinstant.com\/it\/consigli-trucchi\/"]}]},{"@type":"ImageObject","inLanguage":"it-IT","@id":"https:\/\/iwhiteinstant.com\/it\/consigli-trucchi\/#primaryimage","url":"https:\/\/iwhiteinstant.com\/app\/uploads\/sites\/8\/2024\/09\/how-long-1024x1024.jpg","contentUrl":"https:\/\/iwhiteinstant.com\/app\/uploads\/sites\/8\/2024\/09\/how-long-1024x1024.jpg"},{"@type":"BreadcrumbList","@id":"https:\/\/iwhiteinstant.com\/it\/consigli-trucchi\/#breadcrumb","itemListElement":[{"@type":"ListItem","position":1,"name":"Home","item":"https:\/\/iwhiteinstant.com\/it\/"},{"@type":"ListItem","position":2,"name":"Consigli &#038; Trucchi"}]},{"@type":"WebSite","@id":"https:\/\/iwhiteinstant.com\/it\/#website","url":"https:\/\/iwhiteinstant.com\/it\/","name":"iWhite","description":"","publisher":{"@id":"https:\/\/iwhiteinstant.com\/it\/#organization"},"potentialAction":[{"@type":"SearchAction","target":{"@type":"EntryPoint","urlTemplate":"https:\/\/iwhiteinstant.com\/it\/?s={search_term_string}"},"query-input":{"@type":"PropertyValueSpecification","valueRequired":true,"valueName":"search_term_string"}}],"inLanguage":"it-IT"},{"@type":"Organization","@id":"https:\/\/iwhiteinstant.com\/it\/#organization","name":"iWhite","url":"https:\/\/iwhiteinstant.com\/it\/","logo":{"@type":"ImageObject","inLanguage":"it-IT","@id":"https:\/\/iwhiteinstant.com\/it\/#\/schema\/logo\/image\/","url":"https:\/\/iwhiteinstant.com\/app\/uploads\/sites\/8\/2024\/08\/Iwhite-logo.png","contentUrl":"https:\/\/iwhiteinstant.com\/app\/uploads\/sites\/8\/2024\/08\/Iwhite-logo.png","width":160,"height":40,"caption":"iWhite"},"image":{"@id":"https:\/\/iwhiteinstant.com\/it\/#\/schema\/logo\/image\/"}}]}},"_links":{"self":[{"href":"https:\/\/iwhiteinstant.com\/it\/wp-json\/wp\/v2\/pages\/34","targetHints":{"allow":["GET"]}}],"collection":[{"href":"https:\/\/iwhiteinstant.com\/it\/wp-json\/wp\/v2\/pages"}],"about":[{"href":"https:\/\/iwhiteinstant.com\/it\/wp-json\/wp\/v2\/types\/page"}],"author":[{"embeddable":true,"href":"https:\/\/iwhiteinstant.com\/it\/wp-json\/wp\/v2\/users\/2"}],"replies":[{"embeddable":true,"href":"https:\/\/iwhiteinstant.com\/it\/wp-json\/wp\/v2\/comments?post=34"}],"version-history":[{"count":10,"href":"https:\/\/iwhiteinstant.com\/it\/wp-json\/wp\/v2\/pages\/34\/revisions"}],"predecessor-version":[{"id":244,"href":"https:\/\/iwhiteinstant.com\/it\/wp-json\/wp\/v2\/pages\/34\/revisions\/244"}],"wp:attachment":[{"href":"https:\/\/iwhiteinstant.com\/it\/wp-json\/wp\/v2\/media?parent=34"}],"wp:term":[{"taxonomy":"from-article-database","embeddable":true,"href":"https:\/\/iwhiteinstant.com\/it\/wp-json\/wp\/v2\/from-article-database?post=34"}],"curies":[{"name":"wp","href":"https:\/\/api.w.org\/{rel}","templated":true}]}}