{"id":43,"date":"2024-08-19T11:06:59","date_gmt":"2024-08-19T09:06:59","guid":{"rendered":"https:\/\/iwhiteinstant.com\/it\/?post_type=product&#038;p=43"},"modified":"2024-12-20T15:11:47","modified_gmt":"2024-12-20T14:11:47","slug":"kit-sbiancante-iwhite-superior","status":"publish","type":"product","link":"https:\/\/iwhiteinstant.com\/it\/prodotto\/kit-sbiancante-iwhite-superior\/","title":{"rendered":"Kit sbiancante iWhite Superior"},"content":{"rendered":"\n<div style=\"height:100px\" aria-hidden=\"true\" class=\"wp-block-spacer is-style-responsive-small\"><\/div>\n\n\n\n<section class=\"wp-block-karopharma-image-with-text image-with-text image-with-text__not-full-width is-style-primary\"><div class=\"image-with-text-container \"><div class=\"image-with-text-container-image-container\"><img decoding=\"async\" loading=\"lazy\" src=\"https:\/\/iwhiteinstant.com\/cdn-cgi\/image\/format=auto\/app\/uploads\/sites\/8\/2024\/08\/superior-image.jpg\" alt=\"superior-image\"\/><\/div><div class=\"image-with-text-container-content\" style=\"text-align:left\" data-test=\"content\"><div class=\"content\"><h2>\u00c8 facile da indossare e utilizzare<\/h2><p class=\"body\" data-test=\"body\">Questo trattamento professionale a casa \u00e8 facile da indossare e utilizzare. Gli stampi monouso iWhite sono sottili e flessibili per garantire una vestibilit\u00e0 comoda e le massime prestazioni. Le mascherine iWhite contengono un nuovo, potente gel sbiancante infuso con bicarbonato di sodio e minerali sbiancanti\u2026 regalandoti un sorriso bianco e scintillante. Oltre a ci\u00f2, questa nuova formula \u00e8 rinforzata con calcio e Xilitolo, principi attivi essenziali con una comprovata esperienza clinica per rafforzare i denti.<\/p>\n<div class=\"wp-block-buttons is-layout-flex wp-block-buttons-is-layout-flex\"><\/div>\n<\/div><\/div><\/div><\/section>\n\n\n\n<div class=\"wp-block-karopharma-accordions is-style-secondary\"><div class=\"container\">\n<details class=\"wp-block-karopharma-accordion\"><summary><h2 class=\"accordion-title\">Come si usa?<\/h2><\/summary><div class=\"accordion-content\">\n<p>Questo trattamento in casa dovrebbe essere indossato per soli 20 minuti al giorno con effetto sbiancante immediato dopo la prima applicazione, con denti fino ad 8 volte pi\u00f9 bianchi! Utilizza il kit per 5 giorni consecutivi per risultati ancora pi\u00f9 sorprendenti e ottimali.<\/p>\n<\/div><\/details>\n\n\n\n<details class=\"wp-block-karopharma-accordion\"><summary><h2 class=\"accordion-title\">In che modo iWhite Superior sbianca e rinforza i denti?<\/h2><\/summary><div class=\"accordion-content\">\n<p><strong>Azione 1:<\/strong> la tecnologia iWhite \u00e8 rafforzata da ingredienti che potenziano l&#8217;effetto sbiancante<\/p>\n\n\n\n<ul class=\"is-style-default wp-block-list\">\n<li>Bicarbonato di sodio 100% naturale: \u00e8 un principio attivo sbiancante naturale, anche efficace nel rimuovere le macchie donando un sorriso luminoso.<\/li>\n\n\n\n<li>Innovativo minerale vulcanico naturale, specificamente studiato per massimizzare l&#8217;efficacia sbiancante rispettando lo smalto.<\/li>\n<\/ul>\n\n\n\n<p><strong>Azione 2:<\/strong> Poich\u00e9 i denti invecchiano, \u00e8 anche importante rafforzare e potenziare lo smalto per proteggere la bianchezza dei denti:<\/p>\n\n\n\n<ul class=\"is-style-default wp-block-list\">\n<li>Microperle di Calcio: la perdita di calcio dovuta all\u2019invecchiamento influenzer\u00e0 il colore dei denti. Aggiungendo calcio al nostro trattamento sbiancante, questo alimenter\u00e0, rinforzer\u00e0 e ricostruir\u00e0 lo smalto. La tecnologia di microperle consente un rilascio concentrato e mirato dei principi attivi, il che significa che sei tu a decidere quando e dove rilasciare i principi attivi concentrati. Quindi quando inserisci le mascherine in bocca: dovrai spingere delicatamente le mascherine sui denti, le microperle scoppieranno e solo allora gli attivi concentrati verranno rilasciati direttamente sullo smalto.<\/li>\n\n\n\n<li>Xilitolo: \u00e8 un componente attivo importante per garantire l&#8217;igiene dentale. Come? Interferendo con la capacit\u00e0 dei batteri di produrre acido e aumentando il pH, ci\u00f2 preverr\u00e0 e riparer\u00e0 persino i danni allo smalto.<\/li>\n<\/ul>\n<\/div><\/details>\n\n\n\n<details class=\"wp-block-karopharma-accordion\"><summary><h2 class=\"accordion-title\">iWhite Micropearl technology = cos&#8217;\u00e8?<\/h2><\/summary><div class=\"accordion-content\">\n<p>Una tecnologia innovativa che permette il rilascio concentrato e mirato degli attivi all&#8217;interno. Questo significa che sei tu a decidere quando e dove gli attivi concentrati verranno rilasciati direttamente sullo smalto. Nel kit sbiancante iWhite Dark Stains, le Microperle Attive sono ricche di Calcio.<\/p>\n<\/div><\/details>\n<\/div><\/div>\n\n\n\n<div class=\"wp-block-karopharma-free-text pt-large pb-none bg-center bg-cover bg-no-repeat\" style=\"background-image:url()\"><div class=\"free-text-wrapper container max-w-medium text-center\">\n<h2 class=\"wp-block-heading\">A soli 3 passi da un sorriso bianco e luminoso&#8230;<\/h2>\n<\/div><\/div>\n\n\n\n<section class=\"wp-block-karopharma-usp usp undefined\"><div class=\"usp-wrapper\">\n<section class=\"wp-block-karopharma-usp-single usp-single undefined\"><div class=\"icon\"><svg width=\"21\" height=\"16\" viewBox=\"0 0 21 16\" fill=\"none\" xmlns=\"http:\/\/www.w3.org\/2000\/svg\"><path d=\"M19.2567 0.164742L6.13095 13.2905L1.49056 8.65006C1.2709 8.4304 0.914742 8.4304 0.695039 8.65006L0.164742 9.18036C-0.0549141 9.40001 -0.0549141 9.75617 0.164742 9.97587L5.73321 15.5443C5.95287 15.764 6.30903 15.764 6.52873 15.5443L20.5825 1.4906C20.8021 1.27095 20.8021 0.914789 20.5825 0.695086L20.0521 0.164742C19.8325 -0.0549141 19.4763 -0.0549141 19.2567 0.164742Z\" fill=\"white\"><\/path><\/svg><\/div>\n<h4 class=\"wp-block-heading has-text-align-center is-style-heading-h4\">1. PREMERE<\/h4>\n\n\n\n<p class=\"has-text-align-center is-style-body-text\">Premendo delicatamente sulle mascherine, le microperle scoppieranno.<\/p>\n<\/section>\n\n\n\n<section class=\"wp-block-karopharma-usp-single usp-single undefined\"><div class=\"icon\"><svg width=\"21\" height=\"16\" viewBox=\"0 0 21 16\" fill=\"none\" xmlns=\"http:\/\/www.w3.org\/2000\/svg\"><path d=\"M19.2567 0.164742L6.13095 13.2905L1.49056 8.65006C1.2709 8.4304 0.914742 8.4304 0.695039 8.65006L0.164742 9.18036C-0.0549141 9.40001 -0.0549141 9.75617 0.164742 9.97587L5.73321 15.5443C5.95287 15.764 6.30903 15.764 6.52873 15.5443L20.5825 1.4906C20.8021 1.27095 20.8021 0.914789 20.5825 0.695086L20.0521 0.164742C19.8325 -0.0549141 19.4763 -0.0549141 19.2567 0.164742Z\" fill=\"white\"><\/path><\/svg><\/div>\n<h4 class=\"wp-block-heading has-text-align-center is-style-heading-h4\">2. ATTIVARE<\/h4>\n\n\n\n<p class=\"has-text-align-center is-style-body-text\">Gli attivi concentrati nelle microperle verranno rilasciati.<\/p>\n<\/section>\n\n\n\n<section class=\"wp-block-karopharma-usp-single usp-single undefined\"><div class=\"icon\"><svg width=\"21\" height=\"16\" viewBox=\"0 0 21 16\" fill=\"none\" xmlns=\"http:\/\/www.w3.org\/2000\/svg\"><path d=\"M19.2567 0.164742L6.13095 13.2905L1.49056 8.65006C1.2709 8.4304 0.914742 8.4304 0.695039 8.65006L0.164742 9.18036C-0.0549141 9.40001 -0.0549141 9.75617 0.164742 9.97587L5.73321 15.5443C5.95287 15.764 6.30903 15.764 6.52873 15.5443L20.5825 1.4906C20.8021 1.27095 20.8021 0.914789 20.5825 0.695086L20.0521 0.164742C19.8325 -0.0549141 19.4763 -0.0549141 19.2567 0.164742Z\" fill=\"white\"><\/path><\/svg><\/div>\n<h4 class=\"wp-block-heading has-text-align-center is-style-heading-h4\">3. RISULTATO<\/h4>\n\n\n\n<p class=\"has-text-align-center is-style-body-text\">iWhite gel sbiancante + Microperle= MAGIA!<br>Indossalo per 20 minuti e guarda tu stesso i risultati istantanei!!<\/p>\n<\/section>\n<\/div><\/section>\n\n\n\n<div class=\"wp-block-karopharma-free-text pt-large pb-none bg-center bg-cover bg-no-repeat\" style=\"background-image:url()\"><div class=\"free-text-wrapper container max-w-medium text-center\">\n<h3 class=\"wp-block-heading is-style-heading-h2 has-primary-color has-text-color\">Potrebbe piacerti anche<\/h3>\n<\/div><\/div>\n","protected":false},"excerpt":{"rendered":"<p>Sbianca e rinforza istantaneamente i tuoi denti<\/p>\n","protected":false},"featured_media":108,"comment_status":"closed","ping_status":"closed","template":"","meta":{"_acf_changed":false,"footnotes":""},"product_brand":[],"product_cat":[19],"product_tag":[],"class_list":{"0":"post-43","1":"product","2":"type-product","3":"status-publish","4":"has-post-thumbnail","6":"product_cat-kit-sbiancante","8":"first","9":"instock","10":"shipping-taxable","11":"product-type-simple"},"acf":[],"yoast_head":"<!-- This site is optimized with the Yoast SEO plugin v26.6 - https:\/\/yoast.com\/wordpress\/plugins\/seo\/ -->\n<title>Kit sbiancante iWhite Superior - iWhite<\/title>\n<meta name=\"description\" content=\"Il kit sbiancante iWhite Superior \u00e8 potenziato dalla nuova e unica tecnologia di sbiancamento dei denti che sbianca istantaneamente I denti fino a 8 tonalit\u00e0 e rinfronza i denti.\" \/>\n<meta name=\"robots\" content=\"index, follow, max-snippet:-1, max-image-preview:large, max-video-preview:-1\" \/>\n<link rel=\"canonical\" href=\"https:\/\/iwhiteinstant.com\/it\/prodotto\/kit-sbiancante-iwhite-superior\/\" \/>\n<meta property=\"og:locale\" content=\"it_IT\" \/>\n<meta property=\"og:type\" content=\"article\" \/>\n<meta property=\"og:title\" content=\"Kit sbiancante iWhite Superior - iWhite\" \/>\n<meta property=\"og:description\" content=\"Il kit sbiancante iWhite Superior \u00e8 potenziato dalla nuova e unica tecnologia di sbiancamento dei denti che sbianca istantaneamente I denti fino a 8 tonalit\u00e0 e rinfronza i denti.\" \/>\n<meta property=\"og:url\" content=\"https:\/\/iwhiteinstant.com\/it\/prodotto\/kit-sbiancante-iwhite-superior\/\" \/>\n<meta property=\"og:site_name\" content=\"iWhite\" \/>\n<meta property=\"article:modified_time\" content=\"2024-12-20T14:11:47+00:00\" \/>\n<meta property=\"og:image\" content=\"https:\/\/iwhiteinstant.com\/app\/uploads\/sites\/8\/2024\/08\/iWhite-Superior-whitening-kit.png\" \/>\n\t<meta property=\"og:image:width\" content=\"800\" \/>\n\t<meta property=\"og:image:height\" content=\"800\" \/>\n\t<meta property=\"og:image:type\" content=\"image\/png\" \/>\n<meta name=\"twitter:card\" content=\"summary_large_image\" \/>\n<meta name=\"twitter:label1\" content=\"Est. reading time\" \/>\n\t<meta name=\"twitter:data1\" content=\"3 minuti\" \/>\n<script type=\"application\/ld+json\" class=\"yoast-schema-graph\">{\"@context\":\"https:\/\/schema.org\",\"@graph\":[{\"@type\":\"WebPage\",\"@id\":\"https:\/\/iwhiteinstant.com\/it\/prodotto\/kit-sbiancante-iwhite-superior\/\",\"url\":\"https:\/\/iwhiteinstant.com\/it\/prodotto\/kit-sbiancante-iwhite-superior\/\",\"name\":\"Kit sbiancante iWhite Superior - iWhite\",\"isPartOf\":{\"@id\":\"https:\/\/iwhiteinstant.com\/it\/#website\"},\"primaryImageOfPage\":{\"@id\":\"https:\/\/iwhiteinstant.com\/it\/prodotto\/kit-sbiancante-iwhite-superior\/#primaryimage\"},\"image\":{\"@id\":\"https:\/\/iwhiteinstant.com\/it\/prodotto\/kit-sbiancante-iwhite-superior\/#primaryimage\"},\"thumbnailUrl\":\"https:\/\/iwhiteinstant.com\/app\/uploads\/sites\/8\/2024\/08\/iWhite-Superior-whitening-kit.png\",\"datePublished\":\"2024-08-19T09:06:59+00:00\",\"dateModified\":\"2024-12-20T14:11:47+00:00\",\"description\":\"Il kit sbiancante iWhite Superior \u00e8 potenziato dalla nuova e unica tecnologia di sbiancamento dei denti che sbianca istantaneamente I denti fino a 8 tonalit\u00e0 e rinfronza i denti.\",\"breadcrumb\":{\"@id\":\"https:\/\/iwhiteinstant.com\/it\/prodotto\/kit-sbiancante-iwhite-superior\/#breadcrumb\"},\"inLanguage\":\"it-IT\",\"potentialAction\":[{\"@type\":\"ReadAction\",\"target\":[\"https:\/\/iwhiteinstant.com\/it\/prodotto\/kit-sbiancante-iwhite-superior\/\"]}]},{\"@type\":\"ImageObject\",\"inLanguage\":\"it-IT\",\"@id\":\"https:\/\/iwhiteinstant.com\/it\/prodotto\/kit-sbiancante-iwhite-superior\/#primaryimage\",\"url\":\"https:\/\/iwhiteinstant.com\/app\/uploads\/sites\/8\/2024\/08\/iWhite-Superior-whitening-kit.png\",\"contentUrl\":\"https:\/\/iwhiteinstant.com\/app\/uploads\/sites\/8\/2024\/08\/iWhite-Superior-whitening-kit.png\",\"width\":800,\"height\":800,\"caption\":\"Kit sbiancante iWhite Superior\"},{\"@type\":\"BreadcrumbList\",\"@id\":\"https:\/\/iwhiteinstant.com\/it\/prodotto\/kit-sbiancante-iwhite-superior\/#breadcrumb\",\"itemListElement\":[{\"@type\":\"ListItem\",\"position\":1,\"name\":\"Home\",\"item\":\"https:\/\/iwhiteinstant.com\/it\/\"},{\"@type\":\"ListItem\",\"position\":2,\"name\":\"I prodotti iWhite\",\"item\":\"https:\/\/iwhiteinstant.com\/it\/i-prodotti-iwhite\/\"},{\"@type\":\"ListItem\",\"position\":3,\"name\":\"Kit sbiancante iWhite Superior\"}]},{\"@type\":\"WebSite\",\"@id\":\"https:\/\/iwhiteinstant.com\/it\/#website\",\"url\":\"https:\/\/iwhiteinstant.com\/it\/\",\"name\":\"iWhite\",\"description\":\"\",\"publisher\":{\"@id\":\"https:\/\/iwhiteinstant.com\/it\/#organization\"},\"potentialAction\":[{\"@type\":\"SearchAction\",\"target\":{\"@type\":\"EntryPoint\",\"urlTemplate\":\"https:\/\/iwhiteinstant.com\/it\/?s={search_term_string}\"},\"query-input\":{\"@type\":\"PropertyValueSpecification\",\"valueRequired\":true,\"valueName\":\"search_term_string\"}}],\"inLanguage\":\"it-IT\"},{\"@type\":\"Organization\",\"@id\":\"https:\/\/iwhiteinstant.com\/it\/#organization\",\"name\":\"iWhite\",\"url\":\"https:\/\/iwhiteinstant.com\/it\/\",\"logo\":{\"@type\":\"ImageObject\",\"inLanguage\":\"it-IT\",\"@id\":\"https:\/\/iwhiteinstant.com\/it\/#\/schema\/logo\/image\/\",\"url\":\"https:\/\/iwhiteinstant.com\/app\/uploads\/sites\/8\/2024\/08\/Iwhite-logo.png\",\"contentUrl\":\"https:\/\/iwhiteinstant.com\/app\/uploads\/sites\/8\/2024\/08\/Iwhite-logo.png\",\"width\":160,\"height\":40,\"caption\":\"iWhite\"},\"image\":{\"@id\":\"https:\/\/iwhiteinstant.com\/it\/#\/schema\/logo\/image\/\"}}]}<\/script>\n<!-- \/ Yoast SEO plugin. -->","yoast_head_json":{"title":"Kit sbiancante iWhite Superior - iWhite","description":"Il kit sbiancante iWhite Superior \u00e8 potenziato dalla nuova e unica tecnologia di sbiancamento dei denti che sbianca istantaneamente I denti fino a 8 tonalit\u00e0 e rinfronza i denti.","robots":{"index":"index","follow":"follow","max-snippet":"max-snippet:-1","max-image-preview":"max-image-preview:large","max-video-preview":"max-video-preview:-1"},"canonical":"https:\/\/iwhiteinstant.com\/it\/prodotto\/kit-sbiancante-iwhite-superior\/","og_locale":"it_IT","og_type":"article","og_title":"Kit sbiancante iWhite Superior - iWhite","og_description":"Il kit sbiancante iWhite Superior \u00e8 potenziato dalla nuova e unica tecnologia di sbiancamento dei denti che sbianca istantaneamente I denti fino a 8 tonalit\u00e0 e rinfronza i denti.","og_url":"https:\/\/iwhiteinstant.com\/it\/prodotto\/kit-sbiancante-iwhite-superior\/","og_site_name":"iWhite","article_modified_time":"2024-12-20T14:11:47+00:00","og_image":[{"width":800,"height":800,"url":"https:\/\/iwhiteinstant.com\/app\/uploads\/sites\/8\/2024\/08\/iWhite-Superior-whitening-kit.png","type":"image\/png"}],"twitter_card":"summary_large_image","twitter_misc":{"Est. reading time":"3 minuti"},"schema":{"@context":"https:\/\/schema.org","@graph":[{"@type":"WebPage","@id":"https:\/\/iwhiteinstant.com\/it\/prodotto\/kit-sbiancante-iwhite-superior\/","url":"https:\/\/iwhiteinstant.com\/it\/prodotto\/kit-sbiancante-iwhite-superior\/","name":"Kit sbiancante iWhite Superior - iWhite","isPartOf":{"@id":"https:\/\/iwhiteinstant.com\/it\/#website"},"primaryImageOfPage":{"@id":"https:\/\/iwhiteinstant.com\/it\/prodotto\/kit-sbiancante-iwhite-superior\/#primaryimage"},"image":{"@id":"https:\/\/iwhiteinstant.com\/it\/prodotto\/kit-sbiancante-iwhite-superior\/#primaryimage"},"thumbnailUrl":"https:\/\/iwhiteinstant.com\/app\/uploads\/sites\/8\/2024\/08\/iWhite-Superior-whitening-kit.png","datePublished":"2024-08-19T09:06:59+00:00","dateModified":"2024-12-20T14:11:47+00:00","description":"Il kit sbiancante iWhite Superior \u00e8 potenziato dalla nuova e unica tecnologia di sbiancamento dei denti che sbianca istantaneamente I denti fino a 8 tonalit\u00e0 e rinfronza i denti.","breadcrumb":{"@id":"https:\/\/iwhiteinstant.com\/it\/prodotto\/kit-sbiancante-iwhite-superior\/#breadcrumb"},"inLanguage":"it-IT","potentialAction":[{"@type":"ReadAction","target":["https:\/\/iwhiteinstant.com\/it\/prodotto\/kit-sbiancante-iwhite-superior\/"]}]},{"@type":"ImageObject","inLanguage":"it-IT","@id":"https:\/\/iwhiteinstant.com\/it\/prodotto\/kit-sbiancante-iwhite-superior\/#primaryimage","url":"https:\/\/iwhiteinstant.com\/app\/uploads\/sites\/8\/2024\/08\/iWhite-Superior-whitening-kit.png","contentUrl":"https:\/\/iwhiteinstant.com\/app\/uploads\/sites\/8\/2024\/08\/iWhite-Superior-whitening-kit.png","width":800,"height":800,"caption":"Kit sbiancante iWhite Superior"},{"@type":"BreadcrumbList","@id":"https:\/\/iwhiteinstant.com\/it\/prodotto\/kit-sbiancante-iwhite-superior\/#breadcrumb","itemListElement":[{"@type":"ListItem","position":1,"name":"Home","item":"https:\/\/iwhiteinstant.com\/it\/"},{"@type":"ListItem","position":2,"name":"I prodotti iWhite","item":"https:\/\/iwhiteinstant.com\/it\/i-prodotti-iwhite\/"},{"@type":"ListItem","position":3,"name":"Kit sbiancante iWhite Superior"}]},{"@type":"WebSite","@id":"https:\/\/iwhiteinstant.com\/it\/#website","url":"https:\/\/iwhiteinstant.com\/it\/","name":"iWhite","description":"","publisher":{"@id":"https:\/\/iwhiteinstant.com\/it\/#organization"},"potentialAction":[{"@type":"SearchAction","target":{"@type":"EntryPoint","urlTemplate":"https:\/\/iwhiteinstant.com\/it\/?s={search_term_string}"},"query-input":{"@type":"PropertyValueSpecification","valueRequired":true,"valueName":"search_term_string"}}],"inLanguage":"it-IT"},{"@type":"Organization","@id":"https:\/\/iwhiteinstant.com\/it\/#organization","name":"iWhite","url":"https:\/\/iwhiteinstant.com\/it\/","logo":{"@type":"ImageObject","inLanguage":"it-IT","@id":"https:\/\/iwhiteinstant.com\/it\/#\/schema\/logo\/image\/","url":"https:\/\/iwhiteinstant.com\/app\/uploads\/sites\/8\/2024\/08\/Iwhite-logo.png","contentUrl":"https:\/\/iwhiteinstant.com\/app\/uploads\/sites\/8\/2024\/08\/Iwhite-logo.png","width":160,"height":40,"caption":"iWhite"},"image":{"@id":"https:\/\/iwhiteinstant.com\/it\/#\/schema\/logo\/image\/"}}]}},"_links":{"self":[{"href":"https:\/\/iwhiteinstant.com\/it\/wp-json\/wp\/v2\/product\/43","targetHints":{"allow":["GET"]}}],"collection":[{"href":"https:\/\/iwhiteinstant.com\/it\/wp-json\/wp\/v2\/product"}],"about":[{"href":"https:\/\/iwhiteinstant.com\/it\/wp-json\/wp\/v2\/types\/product"}],"replies":[{"embeddable":true,"href":"https:\/\/iwhiteinstant.com\/it\/wp-json\/wp\/v2\/comments?post=43"}],"version-history":[{"count":10,"href":"https:\/\/iwhiteinstant.com\/it\/wp-json\/wp\/v2\/product\/43\/revisions"}],"predecessor-version":[{"id":251,"href":"https:\/\/iwhiteinstant.com\/it\/wp-json\/wp\/v2\/product\/43\/revisions\/251"}],"wp:featuredmedia":[{"embeddable":true,"href":"https:\/\/iwhiteinstant.com\/it\/wp-json\/wp\/v2\/media\/108"}],"wp:attachment":[{"href":"https:\/\/iwhiteinstant.com\/it\/wp-json\/wp\/v2\/media?parent=43"}],"wp:term":[{"taxonomy":"product_brand","embeddable":true,"href":"https:\/\/iwhiteinstant.com\/it\/wp-json\/wp\/v2\/product_brand?post=43"},{"taxonomy":"product_cat","embeddable":true,"href":"https:\/\/iwhiteinstant.com\/it\/wp-json\/wp\/v2\/product_cat?post=43"},{"taxonomy":"product_tag","embeddable":true,"href":"https:\/\/iwhiteinstant.com\/it\/wp-json\/wp\/v2\/product_tag?post=43"}],"curies":[{"name":"wp","href":"https:\/\/api.w.org\/{rel}","templated":true}]}}