{"id":59,"date":"2024-08-19T11:11:36","date_gmt":"2024-08-19T09:11:36","guid":{"rendered":"https:\/\/iwhiteinstant.com\/it\/?post_type=product&#038;p=59"},"modified":"2024-12-20T15:11:31","modified_gmt":"2024-12-20T14:11:31","slug":"iwhite-glow-kit-sbiancante","status":"publish","type":"product","link":"https:\/\/iwhiteinstant.com\/it\/prodotto\/iwhite-glow-kit-sbiancante\/","title":{"rendered":"iWhite Glow Kit Sbiancante"},"content":{"rendered":"\n<section class=\"wp-block-karopharma-image-with-text image-with-text image-with-text__not-full-width is-style-primary\"><div class=\"image-with-text-container \"><div class=\"image-with-text-container-image-container\"><img decoding=\"async\" loading=\"lazy\" src=\"https:\/\/iwhiteinstant.com\/cdn-cgi\/image\/format=auto\/app\/uploads\/sites\/8\/2024\/08\/whitening-kit-mirror-large.jpg\" alt=\"Cosa rende iWhite Glow differente?\"\/><\/div><div class=\"image-with-text-container-content\" style=\"text-align:left\" data-test=\"content\"><div class=\"content\"><h2>Cosa rende iWhite Glow differente?<\/h2><p class=\"body\" data-test=\"body\">Le mascherine iWhite contengono uno gel sbiancante unico nel quale la tecnologia iWhite \u00e8 arricchita con ingredienti per un bagliore naturale e particelle di diamante.<br><br>Da un lato, la tecnologia iWhite ti offre denti fino a 8 tonalit\u00e0 pi\u00f9 bianchi. Dall&#8217;altro, i diamanti scintillano, i cristalli blu e le particelle luminose illumineranno i tuoi denti in modo naturale.<br><br>La combinazione della Tecnologia iWhite con questi 3 ingredienti dar\u00e0 una spinta al tuo sorriso bianco.<br><br>\u00c9 importante sapere che iWhite \u00e8 al 100% sicuro da utilizzare. iWhite Glow contiene ingredienti clinicamente testati ed \u00e8 privo al 100% di perossido di idrogeno. Nessun effetto collaterale, solamente un sorriso bianco e luminoso.<\/p>\n<div class=\"wp-block-buttons is-layout-flex wp-block-buttons-is-layout-flex\"><\/div>\n<\/div><\/div><\/div><\/section>\n\n\n\n<div class=\"wp-block-karopharma-free-text pt-large pb-none bg-center bg-cover bg-no-repeat\" style=\"background-image:url()\"><div class=\"free-text-wrapper container max-w-medium text-center\">\n<h3 class=\"wp-block-heading is-style-heading-h2 has-primary-color has-text-color\">Potrebbe piacerti anche<\/h3>\n<\/div><\/div>\n","protected":false},"excerpt":{"rendered":"<p>Sbiancamento istantaneo con effetto luminoso diurno e notturno<\/p>\n","protected":false},"featured_media":88,"comment_status":"closed","ping_status":"closed","template":"","meta":{"_acf_changed":false,"footnotes":""},"product_brand":[],"product_cat":[19],"product_tag":[],"class_list":{"0":"post-59","1":"product","2":"type-product","3":"status-publish","4":"has-post-thumbnail","6":"product_cat-kit-sbiancante","8":"first","9":"instock","10":"shipping-taxable","11":"product-type-simple"},"acf":[],"yoast_head":"<!-- This site is optimized with the Yoast SEO plugin v26.6 - https:\/\/yoast.com\/wordpress\/plugins\/seo\/ -->\n<title>iWhite Glow Kit Sbiancante - iWhite<\/title>\n<meta name=\"description\" content=\"Un nuovo e rivoluzionario kit sbiancante che rende I tuoi denti fino a 8 tonalit\u00e0 pi\u00f9 bianchi\u2026ma che inoltre li rende splendenti e brillanti? Ci pensiamo noi.\" \/>\n<meta name=\"robots\" content=\"index, follow, max-snippet:-1, max-image-preview:large, max-video-preview:-1\" \/>\n<link rel=\"canonical\" href=\"https:\/\/iwhiteinstant.com\/it\/prodotto\/iwhite-glow-kit-sbiancante\/\" \/>\n<meta property=\"og:locale\" content=\"it_IT\" \/>\n<meta property=\"og:type\" content=\"article\" \/>\n<meta property=\"og:title\" content=\"iWhite Glow Kit Sbiancante - iWhite\" \/>\n<meta property=\"og:description\" content=\"Un nuovo e rivoluzionario kit sbiancante che rende I tuoi denti fino a 8 tonalit\u00e0 pi\u00f9 bianchi\u2026ma che inoltre li rende splendenti e brillanti? Ci pensiamo noi.\" \/>\n<meta property=\"og:url\" content=\"https:\/\/iwhiteinstant.com\/it\/prodotto\/iwhite-glow-kit-sbiancante\/\" \/>\n<meta property=\"og:site_name\" content=\"iWhite\" \/>\n<meta property=\"article:modified_time\" content=\"2024-12-20T14:11:31+00:00\" \/>\n<meta property=\"og:image\" content=\"https:\/\/iwhiteinstant.com\/app\/uploads\/sites\/8\/2024\/08\/iWhite-Glow-whitening-kit.png\" \/>\n\t<meta property=\"og:image:width\" content=\"800\" \/>\n\t<meta property=\"og:image:height\" content=\"800\" \/>\n\t<meta property=\"og:image:type\" content=\"image\/png\" \/>\n<meta name=\"twitter:card\" content=\"summary_large_image\" \/>\n<meta name=\"twitter:label1\" content=\"Est. reading time\" \/>\n\t<meta name=\"twitter:data1\" content=\"2 minuti\" \/>\n<script type=\"application\/ld+json\" class=\"yoast-schema-graph\">{\"@context\":\"https:\/\/schema.org\",\"@graph\":[{\"@type\":\"WebPage\",\"@id\":\"https:\/\/iwhiteinstant.com\/it\/prodotto\/iwhite-glow-kit-sbiancante\/\",\"url\":\"https:\/\/iwhiteinstant.com\/it\/prodotto\/iwhite-glow-kit-sbiancante\/\",\"name\":\"iWhite Glow Kit Sbiancante - iWhite\",\"isPartOf\":{\"@id\":\"https:\/\/iwhiteinstant.com\/it\/#website\"},\"primaryImageOfPage\":{\"@id\":\"https:\/\/iwhiteinstant.com\/it\/prodotto\/iwhite-glow-kit-sbiancante\/#primaryimage\"},\"image\":{\"@id\":\"https:\/\/iwhiteinstant.com\/it\/prodotto\/iwhite-glow-kit-sbiancante\/#primaryimage\"},\"thumbnailUrl\":\"https:\/\/iwhiteinstant.com\/app\/uploads\/sites\/8\/2024\/08\/iWhite-Glow-whitening-kit.png\",\"datePublished\":\"2024-08-19T09:11:36+00:00\",\"dateModified\":\"2024-12-20T14:11:31+00:00\",\"description\":\"Un nuovo e rivoluzionario kit sbiancante che rende I tuoi denti fino a 8 tonalit\u00e0 pi\u00f9 bianchi\u2026ma che inoltre li rende splendenti e brillanti? Ci pensiamo noi.\",\"breadcrumb\":{\"@id\":\"https:\/\/iwhiteinstant.com\/it\/prodotto\/iwhite-glow-kit-sbiancante\/#breadcrumb\"},\"inLanguage\":\"it-IT\",\"potentialAction\":[{\"@type\":\"ReadAction\",\"target\":[\"https:\/\/iwhiteinstant.com\/it\/prodotto\/iwhite-glow-kit-sbiancante\/\"]}]},{\"@type\":\"ImageObject\",\"inLanguage\":\"it-IT\",\"@id\":\"https:\/\/iwhiteinstant.com\/it\/prodotto\/iwhite-glow-kit-sbiancante\/#primaryimage\",\"url\":\"https:\/\/iwhiteinstant.com\/app\/uploads\/sites\/8\/2024\/08\/iWhite-Glow-whitening-kit.png\",\"contentUrl\":\"https:\/\/iwhiteinstant.com\/app\/uploads\/sites\/8\/2024\/08\/iWhite-Glow-whitening-kit.png\",\"width\":800,\"height\":800,\"caption\":\"iWhite Glow Kit Sbiancante\"},{\"@type\":\"BreadcrumbList\",\"@id\":\"https:\/\/iwhiteinstant.com\/it\/prodotto\/iwhite-glow-kit-sbiancante\/#breadcrumb\",\"itemListElement\":[{\"@type\":\"ListItem\",\"position\":1,\"name\":\"Home\",\"item\":\"https:\/\/iwhiteinstant.com\/it\/\"},{\"@type\":\"ListItem\",\"position\":2,\"name\":\"I prodotti iWhite\",\"item\":\"https:\/\/iwhiteinstant.com\/it\/i-prodotti-iwhite\/\"},{\"@type\":\"ListItem\",\"position\":3,\"name\":\"iWhite Glow Kit Sbiancante\"}]},{\"@type\":\"WebSite\",\"@id\":\"https:\/\/iwhiteinstant.com\/it\/#website\",\"url\":\"https:\/\/iwhiteinstant.com\/it\/\",\"name\":\"iWhite\",\"description\":\"\",\"publisher\":{\"@id\":\"https:\/\/iwhiteinstant.com\/it\/#organization\"},\"potentialAction\":[{\"@type\":\"SearchAction\",\"target\":{\"@type\":\"EntryPoint\",\"urlTemplate\":\"https:\/\/iwhiteinstant.com\/it\/?s={search_term_string}\"},\"query-input\":{\"@type\":\"PropertyValueSpecification\",\"valueRequired\":true,\"valueName\":\"search_term_string\"}}],\"inLanguage\":\"it-IT\"},{\"@type\":\"Organization\",\"@id\":\"https:\/\/iwhiteinstant.com\/it\/#organization\",\"name\":\"iWhite\",\"url\":\"https:\/\/iwhiteinstant.com\/it\/\",\"logo\":{\"@type\":\"ImageObject\",\"inLanguage\":\"it-IT\",\"@id\":\"https:\/\/iwhiteinstant.com\/it\/#\/schema\/logo\/image\/\",\"url\":\"https:\/\/iwhiteinstant.com\/app\/uploads\/sites\/8\/2024\/08\/Iwhite-logo.png\",\"contentUrl\":\"https:\/\/iwhiteinstant.com\/app\/uploads\/sites\/8\/2024\/08\/Iwhite-logo.png\",\"width\":160,\"height\":40,\"caption\":\"iWhite\"},\"image\":{\"@id\":\"https:\/\/iwhiteinstant.com\/it\/#\/schema\/logo\/image\/\"}}]}<\/script>\n<!-- \/ Yoast SEO plugin. -->","yoast_head_json":{"title":"iWhite Glow Kit Sbiancante - iWhite","description":"Un nuovo e rivoluzionario kit sbiancante che rende I tuoi denti fino a 8 tonalit\u00e0 pi\u00f9 bianchi\u2026ma che inoltre li rende splendenti e brillanti? Ci pensiamo noi.","robots":{"index":"index","follow":"follow","max-snippet":"max-snippet:-1","max-image-preview":"max-image-preview:large","max-video-preview":"max-video-preview:-1"},"canonical":"https:\/\/iwhiteinstant.com\/it\/prodotto\/iwhite-glow-kit-sbiancante\/","og_locale":"it_IT","og_type":"article","og_title":"iWhite Glow Kit Sbiancante - iWhite","og_description":"Un nuovo e rivoluzionario kit sbiancante che rende I tuoi denti fino a 8 tonalit\u00e0 pi\u00f9 bianchi\u2026ma che inoltre li rende splendenti e brillanti? Ci pensiamo noi.","og_url":"https:\/\/iwhiteinstant.com\/it\/prodotto\/iwhite-glow-kit-sbiancante\/","og_site_name":"iWhite","article_modified_time":"2024-12-20T14:11:31+00:00","og_image":[{"width":800,"height":800,"url":"https:\/\/iwhiteinstant.com\/app\/uploads\/sites\/8\/2024\/08\/iWhite-Glow-whitening-kit.png","type":"image\/png"}],"twitter_card":"summary_large_image","twitter_misc":{"Est. reading time":"2 minuti"},"schema":{"@context":"https:\/\/schema.org","@graph":[{"@type":"WebPage","@id":"https:\/\/iwhiteinstant.com\/it\/prodotto\/iwhite-glow-kit-sbiancante\/","url":"https:\/\/iwhiteinstant.com\/it\/prodotto\/iwhite-glow-kit-sbiancante\/","name":"iWhite Glow Kit Sbiancante - iWhite","isPartOf":{"@id":"https:\/\/iwhiteinstant.com\/it\/#website"},"primaryImageOfPage":{"@id":"https:\/\/iwhiteinstant.com\/it\/prodotto\/iwhite-glow-kit-sbiancante\/#primaryimage"},"image":{"@id":"https:\/\/iwhiteinstant.com\/it\/prodotto\/iwhite-glow-kit-sbiancante\/#primaryimage"},"thumbnailUrl":"https:\/\/iwhiteinstant.com\/app\/uploads\/sites\/8\/2024\/08\/iWhite-Glow-whitening-kit.png","datePublished":"2024-08-19T09:11:36+00:00","dateModified":"2024-12-20T14:11:31+00:00","description":"Un nuovo e rivoluzionario kit sbiancante che rende I tuoi denti fino a 8 tonalit\u00e0 pi\u00f9 bianchi\u2026ma che inoltre li rende splendenti e brillanti? Ci pensiamo noi.","breadcrumb":{"@id":"https:\/\/iwhiteinstant.com\/it\/prodotto\/iwhite-glow-kit-sbiancante\/#breadcrumb"},"inLanguage":"it-IT","potentialAction":[{"@type":"ReadAction","target":["https:\/\/iwhiteinstant.com\/it\/prodotto\/iwhite-glow-kit-sbiancante\/"]}]},{"@type":"ImageObject","inLanguage":"it-IT","@id":"https:\/\/iwhiteinstant.com\/it\/prodotto\/iwhite-glow-kit-sbiancante\/#primaryimage","url":"https:\/\/iwhiteinstant.com\/app\/uploads\/sites\/8\/2024\/08\/iWhite-Glow-whitening-kit.png","contentUrl":"https:\/\/iwhiteinstant.com\/app\/uploads\/sites\/8\/2024\/08\/iWhite-Glow-whitening-kit.png","width":800,"height":800,"caption":"iWhite Glow Kit Sbiancante"},{"@type":"BreadcrumbList","@id":"https:\/\/iwhiteinstant.com\/it\/prodotto\/iwhite-glow-kit-sbiancante\/#breadcrumb","itemListElement":[{"@type":"ListItem","position":1,"name":"Home","item":"https:\/\/iwhiteinstant.com\/it\/"},{"@type":"ListItem","position":2,"name":"I prodotti iWhite","item":"https:\/\/iwhiteinstant.com\/it\/i-prodotti-iwhite\/"},{"@type":"ListItem","position":3,"name":"iWhite Glow Kit Sbiancante"}]},{"@type":"WebSite","@id":"https:\/\/iwhiteinstant.com\/it\/#website","url":"https:\/\/iwhiteinstant.com\/it\/","name":"iWhite","description":"","publisher":{"@id":"https:\/\/iwhiteinstant.com\/it\/#organization"},"potentialAction":[{"@type":"SearchAction","target":{"@type":"EntryPoint","urlTemplate":"https:\/\/iwhiteinstant.com\/it\/?s={search_term_string}"},"query-input":{"@type":"PropertyValueSpecification","valueRequired":true,"valueName":"search_term_string"}}],"inLanguage":"it-IT"},{"@type":"Organization","@id":"https:\/\/iwhiteinstant.com\/it\/#organization","name":"iWhite","url":"https:\/\/iwhiteinstant.com\/it\/","logo":{"@type":"ImageObject","inLanguage":"it-IT","@id":"https:\/\/iwhiteinstant.com\/it\/#\/schema\/logo\/image\/","url":"https:\/\/iwhiteinstant.com\/app\/uploads\/sites\/8\/2024\/08\/Iwhite-logo.png","contentUrl":"https:\/\/iwhiteinstant.com\/app\/uploads\/sites\/8\/2024\/08\/Iwhite-logo.png","width":160,"height":40,"caption":"iWhite"},"image":{"@id":"https:\/\/iwhiteinstant.com\/it\/#\/schema\/logo\/image\/"}}]}},"_links":{"self":[{"href":"https:\/\/iwhiteinstant.com\/it\/wp-json\/wp\/v2\/product\/59","targetHints":{"allow":["GET"]}}],"collection":[{"href":"https:\/\/iwhiteinstant.com\/it\/wp-json\/wp\/v2\/product"}],"about":[{"href":"https:\/\/iwhiteinstant.com\/it\/wp-json\/wp\/v2\/types\/product"}],"replies":[{"embeddable":true,"href":"https:\/\/iwhiteinstant.com\/it\/wp-json\/wp\/v2\/comments?post=59"}],"version-history":[{"count":10,"href":"https:\/\/iwhiteinstant.com\/it\/wp-json\/wp\/v2\/product\/59\/revisions"}],"predecessor-version":[{"id":254,"href":"https:\/\/iwhiteinstant.com\/it\/wp-json\/wp\/v2\/product\/59\/revisions\/254"}],"wp:featuredmedia":[{"embeddable":true,"href":"https:\/\/iwhiteinstant.com\/it\/wp-json\/wp\/v2\/media\/88"}],"wp:attachment":[{"href":"https:\/\/iwhiteinstant.com\/it\/wp-json\/wp\/v2\/media?parent=59"}],"wp:term":[{"taxonomy":"product_brand","embeddable":true,"href":"https:\/\/iwhiteinstant.com\/it\/wp-json\/wp\/v2\/product_brand?post=59"},{"taxonomy":"product_cat","embeddable":true,"href":"https:\/\/iwhiteinstant.com\/it\/wp-json\/wp\/v2\/product_cat?post=59"},{"taxonomy":"product_tag","embeddable":true,"href":"https:\/\/iwhiteinstant.com\/it\/wp-json\/wp\/v2\/product_tag?post=59"}],"curies":[{"name":"wp","href":"https:\/\/api.w.org\/{rel}","templated":true}]}}