{"id":51,"date":"2024-11-11T10:25:41","date_gmt":"2024-11-11T09:25:41","guid":{"rendered":"https:\/\/iwhiteinstant.com\/no\/?page_id=51"},"modified":"2025-09-16T12:03:33","modified_gmt":"2025-09-16T10:03:33","slug":"iwhite-rutinen","status":"publish","type":"page","link":"https:\/\/iwhiteinstant.com\/no\/iwhite-rutinen\/","title":{"rendered":"iWhite-rutinen"},"content":{"rendered":"\n<div class=\"wp-block-karopharma-free-text pt-large pb-large bg-center bg-cover bg-no-repeat bg-box is-style-primary\" style=\"background-image:url(https:\/\/iwhiteinstant.com\/cdn-cgi\/image\/format=auto\/app\/uploads\/sites\/14\/2024\/11\/iwhite-routine.jpg)\"><div class=\"free-text-wrapper container max-w-small text-center\">\n<h1 class=\"wp-block-heading is-style-heading-huge has-primary-color has-text-color\">iWhite-rutinen<\/h1>\n\n\n\n<h2 class=\"wp-block-heading is-style-heading-h3\">F\u00e5 et \u00f8yeblikkelig glitrende hvitt smil takket v\u00e6re v\u00e5r 2-trinns blekingsrutine<\/h2>\n\n\n\n<p>iWhite tror virkelig p\u00e5 viktigheten av en god tannpleierutine. Derfor tilbyr iWhite produkter som kan brukes daglig, ukentlig og m\u00e5nedlig. Tannblekingsrutinen til iWhite vil ikke bare gj\u00f8re tennene dine hvitere, men den vil ogs\u00e5 gj\u00f8re dem sterkere.<\/p>\n<\/div><\/div>\n\n\n\n<div class=\"wp-block-karopharma-free-text pt-large pb-none bg-center bg-cover bg-no-repeat\" style=\"background-image:url()\"><div class=\"free-text-wrapper container max-w-medium text-center\">\n<h2 class=\"wp-block-heading\">Trinn 1: m\u00e5nedlig blekingsbehandling<\/h2>\n\n\n\n<p>iWhite Whitening-settene er en viktig del av din m\u00e5nedlige blekerutine. De brukervennlige og klinisk utpr\u00f8vde produktene kan brukes som en 5 dagers blekebehandling og vil gj\u00f8re tennene opptil 8 nyanser hvitere.<\/p>\n<\/div><\/div>\n\n\n<div class=\"product-list wp-block-karopharma-product-list\" data-testid=\"product-list\">\n      <div class=\"swiper-container\">\n      <div class=\"swiper\">\n        <div class=\"swiper-wrapper\">\n                      <div class=\"swiper-slide\">\n              <div class=\"product-card\" data-testid=\"product-card\">\n  <a\n    href=https:\/\/iwhiteinstant.com\/no\/produkt\/iwhite-superior-whitening-kit\/\n    class=\"product-card-link\"\n    title=\"iWhite Superior Whitening Kit\"\n  >\n  <figure class=\"product-card-image\" data-testid=\"product-image\">\n                          <img decoding=\"async\" src=\"https:\/\/iwhiteinstant.com\/cdn-cgi\/image\/width=700,format=auto\/app\/uploads\/sites\/14\/2024\/11\/iWhite-Superior-whitening-kit.png\"\n        srcset=\"https:\/\/iwhiteinstant.com\/cdn-cgi\/image\/width=250,format=auto\/app\/uploads\/sites\/14\/2024\/11\/iWhite-Superior-whitening-kit.png 250w,\n                https:\/\/iwhiteinstant.com\/cdn-cgi\/image\/width=500,format=auto\/app\/uploads\/sites\/14\/2024\/11\/iWhite-Superior-whitening-kit.png 500w,\n                https:\/\/iwhiteinstant.com\/cdn-cgi\/image\/width=700,format=auto\/app\/uploads\/sites\/14\/2024\/11\/iWhite-Superior-whitening-kit.png 700w\"\n        sizes=\"(max-width: 400px) 250px, (max-width: 800px) 500px, 700px\"\n        alt=\"iWhite-Superior-whitening-kit\"\n        class=\"img\">\n            <\/figure>\n    <div class=\"product-card-content\">\n      <div class=\"heading-wrapper\">\n        <h2 class=\"heading\">iWhite Superior Whitening Kit<\/h2>\n      <\/div>\n      <div class=\"product-card-description\">Bleker og styrker tennene dine umiddelbart.<\/div>\n                      <\/div>\n  <\/a>\n          <div class=\"button-wrapper buy-now no-resellers\" data-testid=\"buy-now\">\n          <div class=\"buy-now-container dropdown-container\">\n    <a\n      class=\"theme-button button-primary-color rounded-button\"\n      href=\"https:\/\/www.apotera.no\/iwhite-superior-whitening-kit-10x0-8-g\" onclick=\"dataLayer.push({'event':'ga_event', 'eventCategory':'Click on Reseller', 'eventAction':'Apotera', 'eventLabel':'iWhite Superior Whitening Kit', 'eventValue': undefined})\" rel=\"noopener\" target=\"_blank\" title=\"Apotera\"\n      data-testid=\"buy-now-reseller\">\n      Kj\u00f8p n\u00e5\n    <\/a>\n    <\/div>\n  <\/div>\n  <\/div>\n            <\/div>\n                  <\/div>\n        <div class=\"swiper-scrollbar\"><\/div>\n      <\/div>\n    <\/div>\n  <\/div>\n\n\n\n<div class=\"wp-block-karopharma-free-text pt-large pb-none bg-center bg-cover bg-no-repeat  is-style-primary\" style=\"background-image:url()\"><div class=\"free-text-wrapper container max-w-medium text-center\">\n<h2 class=\"wp-block-heading\">Trinn 2: daglig omsorg<\/h2>\n\n\n\n<p>Det er viktig \u00e5 pusse tennene to ganger om dagen for \u00e5 holde dem friske og for \u00e5 styrke dem. iWhite-tannkremene er din perfekte partner for \u00e5 bleke og styrke tennene dine.<\/p>\n<\/div><\/div>\n\n\n<div class=\"product-list wp-block-karopharma-product-list is-style-primary\" data-testid=\"product-list\">\n      <div class=\"swiper-container\">\n      <div class=\"swiper\">\n        <div class=\"swiper-wrapper\">\n                      <div class=\"swiper-slide\">\n              <div class=\"product-card\" data-testid=\"product-card\">\n  <a\n    href=https:\/\/iwhiteinstant.com\/no\/produkt\/iwhite-dark-stains-tannpasta\/\n    class=\"product-card-link\"\n    title=\"iWhite Dark Stains Tannpasta\"\n  >\n  <figure class=\"product-card-image\" data-testid=\"product-image\">\n                          <img decoding=\"async\" src=\"https:\/\/iwhiteinstant.com\/cdn-cgi\/image\/width=700,format=auto\/app\/uploads\/sites\/14\/2024\/11\/iWhite-Advanced-dark-stains-toothpaste.png\"\n        srcset=\"https:\/\/iwhiteinstant.com\/cdn-cgi\/image\/width=250,format=auto\/app\/uploads\/sites\/14\/2024\/11\/iWhite-Advanced-dark-stains-toothpaste.png 250w,\n                https:\/\/iwhiteinstant.com\/cdn-cgi\/image\/width=500,format=auto\/app\/uploads\/sites\/14\/2024\/11\/iWhite-Advanced-dark-stains-toothpaste.png 500w,\n                https:\/\/iwhiteinstant.com\/cdn-cgi\/image\/width=700,format=auto\/app\/uploads\/sites\/14\/2024\/11\/iWhite-Advanced-dark-stains-toothpaste.png 700w\"\n        sizes=\"(max-width: 400px) 250px, (max-width: 800px) 500px, 700px\"\n        alt=\"iWhite Dark Stains Tannpasta\"\n        class=\"img\">\n            <\/figure>\n    <div class=\"product-card-content\">\n      <div class=\"heading-wrapper\">\n        <h2 class=\"heading\">iWhite Dark Stains Tannpasta<\/h2>\n      <\/div>\n      <div class=\"product-card-description\">Tannpasta som hjelper til med \u00e5 fjerne flekker fra kaffe, te, tobakk og vin.<\/div>\n                      <\/div>\n  <\/a>\n          <div class=\"button-wrapper buy-now \" data-testid=\"buy-now\">\n      <div class=\"buy-now-container dropdown-container\">\n      <div class=\"theme-button button-primary-color dropdown-link\" aria-label=\"Kj\u00f8p n\u00e5\">\n          Kj\u00f8p n\u00e5 <i class=\"dropdown\"><\/i>\n      <\/div>\n      <ul class=\"reseller-list submenu\">\n                    <li>\n              <a\n                href=\"https:\/\/www.apotera.no\/iwhite-dark-stains-whitening-toothpaste-75ml\" onclick=\"dataLayer.push({'event':'ga_event', 'eventCategory':'Click on Reseller', 'eventAction':'Apotera', 'eventLabel':'iWhite Dark Stains Tannpasta', 'eventValue': undefined})\" rel=\"noopener\" target=\"_blank\" title=\"Apotera\"\n                data-testid=\"buy-now-reseller\">\n                <i class=\"fa-solid fa-arrow-right\"><\/i> Apotera\n              <\/a>\n          <\/li>\n                    <li>\n              <a\n                href=\"https:\/\/www.vitusapotek.no\/munn-og-tann\/tannkrem\/iwhite-dark-stains-whitening-tannkrem-75-ml\/p\/968973\" onclick=\"dataLayer.push({'event':'ga_event', 'eventCategory':'Click on Reseller', 'eventAction':'Vitusapotek', 'eventLabel':'iWhite Dark Stains Tannpasta', 'eventValue': undefined})\" rel=\"noopener\" target=\"_blank\" title=\"Vitusapotek\"\n                data-testid=\"buy-now-reseller\">\n                <i class=\"fa-solid fa-arrow-right\"><\/i> Vitusapotek\n              <\/a>\n          <\/li>\n                <\/ul>\n    <\/div>\n  <\/div>\n  <\/div>\n            <\/div>\n                      <div class=\"swiper-slide\">\n              <div class=\"product-card\" data-testid=\"product-card\">\n  <a\n    href=https:\/\/iwhiteinstant.com\/no\/produkt\/iwhite-supreme-tannpasta\/\n    class=\"product-card-link\"\n    title=\"iWhite Supreme Tannpasta\"\n  >\n  <figure class=\"product-card-image\" data-testid=\"product-image\">\n                          <img decoding=\"async\" src=\"https:\/\/iwhiteinstant.com\/cdn-cgi\/image\/width=700,format=auto\/app\/uploads\/sites\/14\/2024\/11\/iWhite-Supreme-toothpaste.png\"\n        srcset=\"https:\/\/iwhiteinstant.com\/cdn-cgi\/image\/width=250,format=auto\/app\/uploads\/sites\/14\/2024\/11\/iWhite-Supreme-toothpaste.png 250w,\n                https:\/\/iwhiteinstant.com\/cdn-cgi\/image\/width=500,format=auto\/app\/uploads\/sites\/14\/2024\/11\/iWhite-Supreme-toothpaste.png 500w,\n                https:\/\/iwhiteinstant.com\/cdn-cgi\/image\/width=700,format=auto\/app\/uploads\/sites\/14\/2024\/11\/iWhite-Supreme-toothpaste.png 700w\"\n        sizes=\"(max-width: 400px) 250px, (max-width: 800px) 500px, 700px\"\n        alt=\"iWhite Supreme Tannpasta\"\n        class=\"img\">\n            <\/figure>\n    <div class=\"product-card-content\">\n      <div class=\"heading-wrapper\">\n        <h2 class=\"heading\">iWhite Supreme Tannpasta<\/h2>\n      <\/div>\n      <div class=\"product-card-description\">Bleker og beskytter tennene ved \u00e5 lage et beskyttende lag p\u00e5 tennene.<\/div>\n                      <\/div>\n  <\/a>\n          <div class=\"button-wrapper buy-now \" data-testid=\"buy-now\">\n      <div class=\"buy-now-container dropdown-container\">\n      <div class=\"theme-button button-primary-color dropdown-link\" aria-label=\"Kj\u00f8p n\u00e5\">\n          Kj\u00f8p n\u00e5 <i class=\"dropdown\"><\/i>\n      <\/div>\n      <ul class=\"reseller-list submenu\">\n                    <li>\n              <a\n                href=\"https:\/\/www.apotera.no\/iwhite-supreme-whitening-toothpaste-75ml\" onclick=\"dataLayer.push({'event':'ga_event', 'eventCategory':'Click on Reseller', 'eventAction':'Apotera', 'eventLabel':'iWhite Supreme Tannpasta', 'eventValue': undefined})\" rel=\"noopener\" target=\"_blank\" title=\"Apotera\"\n                data-testid=\"buy-now-reseller\">\n                <i class=\"fa-solid fa-arrow-right\"><\/i> Apotera\n              <\/a>\n          <\/li>\n                    <li>\n              <a\n                href=\"https:\/\/www.vitusapotek.no\/munn-og-tann\/tannkrem\/iwhite-supreme-whitening-tannkrem-75-ml-\/p\/986946\" onclick=\"dataLayer.push({'event':'ga_event', 'eventCategory':'Click on Reseller', 'eventAction':'Vitusapotek', 'eventLabel':'iWhite Supreme Tannpasta', 'eventValue': undefined})\" rel=\"noopener\" target=\"_blank\" title=\"Vitusapotek\"\n                data-testid=\"buy-now-reseller\">\n                <i class=\"fa-solid fa-arrow-right\"><\/i> Vitusapotek\n              <\/a>\n          <\/li>\n                <\/ul>\n    <\/div>\n  <\/div>\n  <\/div>\n            <\/div>\n                  <\/div>\n        <div class=\"swiper-scrollbar\"><\/div>\n      <\/div>\n    <\/div>\n  <\/div>\n\n\n\n<div class=\"wp-block-karopharma-free-text pt-large pb-large bg-center bg-cover bg-no-repeat  is-style-transparent\" style=\"background-image:url()\"><div class=\"free-text-wrapper container max-w-medium text-center\">\n<h2 class=\"wp-block-heading is-style-heading-h2\">iWhite bryr seg om din munnhelse. Oppdag v\u00e5re tips og triks som hjelper deg med \u00e5 forbedre munnhelsen din.<\/h2>\n\n\n\n<div class=\"wp-block-buttons is-layout-flex wp-block-buttons-is-layout-flex\">\n<div class=\"wp-block-button\"><a class=\"wp-block-button__link wp-element-button\" href=\"https:\/\/iwhiteinstant.com\/no\/tips-og-triks\/\">Tips &amp; Triks<\/a><\/div>\n<\/div>\n<\/div><\/div>\n","protected":false},"excerpt":{"rendered":"","protected":false},"author":2,"featured_media":0,"parent":0,"menu_order":0,"comment_status":"closed","ping_status":"closed","template":"","meta":{"_acf_changed":false,"footnotes":""},"from-article-database":[],"class_list":["post-51","page","type-page","status-publish","hentry"],"acf":[],"yoast_head":"<!-- This site is optimized with the Yoast SEO plugin v26.6 - https:\/\/yoast.com\/wordpress\/plugins\/seo\/ -->\n<title>iWhite-rutinen - iWhite<\/title>\n<meta name=\"description\" content=\"iWhite tror virkelig p\u00e5 viktigheten av en god tannpleierutine. Derfor tilbyr iWhite produkter som kan brukes daglig, ukentlig og m\u00e5nedlig. Tannblekingsrutinen til iWhite vil ikke bare gj\u00f8re tennene dine hvitere, men den vil ogs\u00e5 gj\u00f8re dem sterkere.\" \/>\n<meta name=\"robots\" content=\"index, follow, max-snippet:-1, max-image-preview:large, max-video-preview:-1\" \/>\n<link rel=\"canonical\" href=\"https:\/\/iwhiteinstant.com\/no\/iwhite-rutinen\/\" \/>\n<meta property=\"og:locale\" content=\"nb_NO\" \/>\n<meta property=\"og:type\" content=\"article\" \/>\n<meta property=\"og:title\" content=\"iWhite-rutinen - iWhite\" \/>\n<meta property=\"og:description\" content=\"iWhite tror virkelig p\u00e5 viktigheten av en god tannpleierutine. Derfor tilbyr iWhite produkter som kan brukes daglig, ukentlig og m\u00e5nedlig. Tannblekingsrutinen til iWhite vil ikke bare gj\u00f8re tennene dine hvitere, men den vil ogs\u00e5 gj\u00f8re dem sterkere.\" \/>\n<meta property=\"og:url\" content=\"https:\/\/iwhiteinstant.com\/no\/iwhite-rutinen\/\" \/>\n<meta property=\"og:site_name\" content=\"iWhite\" \/>\n<meta property=\"article:modified_time\" content=\"2025-09-16T10:03:33+00:00\" \/>\n<meta name=\"twitter:card\" content=\"summary_large_image\" \/>\n<meta name=\"twitter:label1\" content=\"Est. reading time\" \/>\n\t<meta name=\"twitter:data1\" content=\"1 minutt\" \/>\n<script type=\"application\/ld+json\" class=\"yoast-schema-graph\">{\"@context\":\"https:\/\/schema.org\",\"@graph\":[{\"@type\":\"WebPage\",\"@id\":\"https:\/\/iwhiteinstant.com\/no\/iwhite-rutinen\/\",\"url\":\"https:\/\/iwhiteinstant.com\/no\/iwhite-rutinen\/\",\"name\":\"iWhite-rutinen - iWhite\",\"isPartOf\":{\"@id\":\"https:\/\/iwhiteinstant.com\/no\/#website\"},\"datePublished\":\"2024-11-11T09:25:41+00:00\",\"dateModified\":\"2025-09-16T10:03:33+00:00\",\"description\":\"iWhite tror virkelig p\u00e5 viktigheten av en god tannpleierutine. Derfor tilbyr iWhite produkter som kan brukes daglig, ukentlig og m\u00e5nedlig. Tannblekingsrutinen til iWhite vil ikke bare gj\u00f8re tennene dine hvitere, men den vil ogs\u00e5 gj\u00f8re dem sterkere.\",\"breadcrumb\":{\"@id\":\"https:\/\/iwhiteinstant.com\/no\/iwhite-rutinen\/#breadcrumb\"},\"inLanguage\":\"nb-NO\",\"potentialAction\":[{\"@type\":\"ReadAction\",\"target\":[\"https:\/\/iwhiteinstant.com\/no\/iwhite-rutinen\/\"]}]},{\"@type\":\"BreadcrumbList\",\"@id\":\"https:\/\/iwhiteinstant.com\/no\/iwhite-rutinen\/#breadcrumb\",\"itemListElement\":[{\"@type\":\"ListItem\",\"position\":1,\"name\":\"Home\",\"item\":\"https:\/\/iwhiteinstant.com\/no\/\"},{\"@type\":\"ListItem\",\"position\":2,\"name\":\"iWhite-rutinen\"}]},{\"@type\":\"WebSite\",\"@id\":\"https:\/\/iwhiteinstant.com\/no\/#website\",\"url\":\"https:\/\/iwhiteinstant.com\/no\/\",\"name\":\"iWhite\",\"description\":\"\",\"publisher\":{\"@id\":\"https:\/\/iwhiteinstant.com\/no\/#organization\"},\"potentialAction\":[{\"@type\":\"SearchAction\",\"target\":{\"@type\":\"EntryPoint\",\"urlTemplate\":\"https:\/\/iwhiteinstant.com\/no\/?s={search_term_string}\"},\"query-input\":{\"@type\":\"PropertyValueSpecification\",\"valueRequired\":true,\"valueName\":\"search_term_string\"}}],\"inLanguage\":\"nb-NO\"},{\"@type\":\"Organization\",\"@id\":\"https:\/\/iwhiteinstant.com\/no\/#organization\",\"name\":\"iWhite\",\"url\":\"https:\/\/iwhiteinstant.com\/no\/\",\"logo\":{\"@type\":\"ImageObject\",\"inLanguage\":\"nb-NO\",\"@id\":\"https:\/\/iwhiteinstant.com\/no\/#\/schema\/logo\/image\/\",\"url\":\"https:\/\/iwhiteinstant.com\/app\/uploads\/sites\/14\/2024\/11\/Iwhite-logo.png\",\"contentUrl\":\"https:\/\/iwhiteinstant.com\/app\/uploads\/sites\/14\/2024\/11\/Iwhite-logo.png\",\"width\":160,\"height\":40,\"caption\":\"iWhite\"},\"image\":{\"@id\":\"https:\/\/iwhiteinstant.com\/no\/#\/schema\/logo\/image\/\"}}]}<\/script>\n<!-- \/ Yoast SEO plugin. -->","yoast_head_json":{"title":"iWhite-rutinen - iWhite","description":"iWhite tror virkelig p\u00e5 viktigheten av en god tannpleierutine. Derfor tilbyr iWhite produkter som kan brukes daglig, ukentlig og m\u00e5nedlig. Tannblekingsrutinen til iWhite vil ikke bare gj\u00f8re tennene dine hvitere, men den vil ogs\u00e5 gj\u00f8re dem sterkere.","robots":{"index":"index","follow":"follow","max-snippet":"max-snippet:-1","max-image-preview":"max-image-preview:large","max-video-preview":"max-video-preview:-1"},"canonical":"https:\/\/iwhiteinstant.com\/no\/iwhite-rutinen\/","og_locale":"nb_NO","og_type":"article","og_title":"iWhite-rutinen - iWhite","og_description":"iWhite tror virkelig p\u00e5 viktigheten av en god tannpleierutine. Derfor tilbyr iWhite produkter som kan brukes daglig, ukentlig og m\u00e5nedlig. Tannblekingsrutinen til iWhite vil ikke bare gj\u00f8re tennene dine hvitere, men den vil ogs\u00e5 gj\u00f8re dem sterkere.","og_url":"https:\/\/iwhiteinstant.com\/no\/iwhite-rutinen\/","og_site_name":"iWhite","article_modified_time":"2025-09-16T10:03:33+00:00","twitter_card":"summary_large_image","twitter_misc":{"Est. reading time":"1 minutt"},"schema":{"@context":"https:\/\/schema.org","@graph":[{"@type":"WebPage","@id":"https:\/\/iwhiteinstant.com\/no\/iwhite-rutinen\/","url":"https:\/\/iwhiteinstant.com\/no\/iwhite-rutinen\/","name":"iWhite-rutinen - iWhite","isPartOf":{"@id":"https:\/\/iwhiteinstant.com\/no\/#website"},"datePublished":"2024-11-11T09:25:41+00:00","dateModified":"2025-09-16T10:03:33+00:00","description":"iWhite tror virkelig p\u00e5 viktigheten av en god tannpleierutine. Derfor tilbyr iWhite produkter som kan brukes daglig, ukentlig og m\u00e5nedlig. Tannblekingsrutinen til iWhite vil ikke bare gj\u00f8re tennene dine hvitere, men den vil ogs\u00e5 gj\u00f8re dem sterkere.","breadcrumb":{"@id":"https:\/\/iwhiteinstant.com\/no\/iwhite-rutinen\/#breadcrumb"},"inLanguage":"nb-NO","potentialAction":[{"@type":"ReadAction","target":["https:\/\/iwhiteinstant.com\/no\/iwhite-rutinen\/"]}]},{"@type":"BreadcrumbList","@id":"https:\/\/iwhiteinstant.com\/no\/iwhite-rutinen\/#breadcrumb","itemListElement":[{"@type":"ListItem","position":1,"name":"Home","item":"https:\/\/iwhiteinstant.com\/no\/"},{"@type":"ListItem","position":2,"name":"iWhite-rutinen"}]},{"@type":"WebSite","@id":"https:\/\/iwhiteinstant.com\/no\/#website","url":"https:\/\/iwhiteinstant.com\/no\/","name":"iWhite","description":"","publisher":{"@id":"https:\/\/iwhiteinstant.com\/no\/#organization"},"potentialAction":[{"@type":"SearchAction","target":{"@type":"EntryPoint","urlTemplate":"https:\/\/iwhiteinstant.com\/no\/?s={search_term_string}"},"query-input":{"@type":"PropertyValueSpecification","valueRequired":true,"valueName":"search_term_string"}}],"inLanguage":"nb-NO"},{"@type":"Organization","@id":"https:\/\/iwhiteinstant.com\/no\/#organization","name":"iWhite","url":"https:\/\/iwhiteinstant.com\/no\/","logo":{"@type":"ImageObject","inLanguage":"nb-NO","@id":"https:\/\/iwhiteinstant.com\/no\/#\/schema\/logo\/image\/","url":"https:\/\/iwhiteinstant.com\/app\/uploads\/sites\/14\/2024\/11\/Iwhite-logo.png","contentUrl":"https:\/\/iwhiteinstant.com\/app\/uploads\/sites\/14\/2024\/11\/Iwhite-logo.png","width":160,"height":40,"caption":"iWhite"},"image":{"@id":"https:\/\/iwhiteinstant.com\/no\/#\/schema\/logo\/image\/"}}]}},"_links":{"self":[{"href":"https:\/\/iwhiteinstant.com\/no\/wp-json\/wp\/v2\/pages\/51","targetHints":{"allow":["GET"]}}],"collection":[{"href":"https:\/\/iwhiteinstant.com\/no\/wp-json\/wp\/v2\/pages"}],"about":[{"href":"https:\/\/iwhiteinstant.com\/no\/wp-json\/wp\/v2\/types\/page"}],"author":[{"embeddable":true,"href":"https:\/\/iwhiteinstant.com\/no\/wp-json\/wp\/v2\/users\/2"}],"replies":[{"embeddable":true,"href":"https:\/\/iwhiteinstant.com\/no\/wp-json\/wp\/v2\/comments?post=51"}],"version-history":[{"count":4,"href":"https:\/\/iwhiteinstant.com\/no\/wp-json\/wp\/v2\/pages\/51\/revisions"}],"predecessor-version":[{"id":150,"href":"https:\/\/iwhiteinstant.com\/no\/wp-json\/wp\/v2\/pages\/51\/revisions\/150"}],"wp:attachment":[{"href":"https:\/\/iwhiteinstant.com\/no\/wp-json\/wp\/v2\/media?parent=51"}],"wp:term":[{"taxonomy":"from-article-database","embeddable":true,"href":"https:\/\/iwhiteinstant.com\/no\/wp-json\/wp\/v2\/from-article-database?post=51"}],"curies":[{"name":"wp","href":"https:\/\/api.w.org\/{rel}","templated":true}]}}