{"id":53,"date":"2024-11-11T10:26:01","date_gmt":"2024-11-11T09:26:01","guid":{"rendered":"https:\/\/iwhiteinstant.com\/no\/?page_id=53"},"modified":"2024-12-20T15:13:08","modified_gmt":"2024-12-20T14:13:08","slug":"iwhite-technology","status":"publish","type":"page","link":"https:\/\/iwhiteinstant.com\/no\/iwhite-technology\/","title":{"rendered":"iWhite Technology"},"content":{"rendered":"\n<div class=\"wp-block-karopharma-free-text pt-large pb-large bg-center bg-cover bg-no-repeat\" style=\"background-image:url()\"><div class=\"free-text-wrapper container max-w-medium text-left\">\n<h1 class=\"wp-block-heading is-style-heading-huge has-primary-color has-text-color\">iWhite Technology<sup>\u00a9<\/sup><\/h1>\n\n\n\n<p>Vi oppfant en tannblekingsbehandling som er\u00a0<strong>uten hydrogenperoksid<\/strong>\u00a0men enda\u00a0<strong>mer effektiv<\/strong>,\u00a0basert p\u00e5 en unik FCC-teknologi (Film-Crystallized Calcium).<\/p>\n\n\n\n<p>Sm\u00e5 hvite bioaktive krystaller brukes i kombinasjon med et sterkt filmdannende polymert middel. Takket v\u00e6re denne innovative teknologien vil de hvite bioaktive krystallene festes fysisk p\u00e5 tannoverflaten. Den fysiske fikseringen av de hvite krystallene f\u00f8rer til en optisk blekende effekt. Denne FCC-teknologien er forsterket av en nyskapende tannblekingsnyhet: P.A.P. som er et sterkt flekkfjernende molekyl som bryter ned misfarginger p\u00e5 tennene i sm\u00e5 biter uten \u00e5 p\u00e5virke tannstrukturen.<\/p>\n\n\n\n<p><strong>Kliniske studier har vist at iWhite Instant er 100 % tryggt for tennene<\/strong> og gir deg en\u00a0 <strong>umiddelbar blekingseffekt<\/strong> etter den <strong>f\u00f8rste p\u00e5f\u00f8ringen<\/strong>. Noen pasienter hadde en forbedring p\u00e5 opptil 8 nyanser etter \u00e9n behandling. Men hver person er forskjellig og resultatene kan variere fra person til person.<\/p>\n<\/div><\/div>\n\n\n\n<div class=\"wp-block-karopharma-free-text pt-large pb-large bg-center bg-cover bg-no-repeat  is-style-primary\" style=\"background-image:url()\"><div class=\"free-text-wrapper container max-w-medium text-left\">\n<h2 class=\"wp-block-heading is-style-heading-h2\">\u00d8yeblikkelige resultat<sup>****<\/sup><\/h2>\n\n\n\n<p>En klinisk studie ble utf\u00f8rt p\u00e5 kontoret til en uavhengig, respektert ekspert. Denne tannlegen var tidligere president for det belgiske akademiet for estetisk odontologi (BAED) og medlem av flere akademier for estetiske unders\u00f8kelser og har utf\u00f8rt blekeprosedyrer i mer enn 20 \u00e5r. Resultater fra denne studien av iWhite Instant effelt viste et gjennomsnitt p\u00e5 4,8 nyanser, mens noen pasienter hadde resultater p\u00e5 8 nyanser etter en 20 minutters behandling!<\/p>\n<\/div><\/div>\n\n\n\n<div class=\"wp-block-karopharma-free-text pt-large pb-large bg-center bg-cover bg-no-repeat\" style=\"background-image:url()\"><div class=\"free-text-wrapper container max-w-medium text-left\">\n<figure class=\"wp-block-table is-style-secondary-stripes\"><table><thead><tr><th>Shade Improvement (SH)<\/th><th>Andel av pasienter (%)<\/th><\/tr><\/thead><tbody><tr><td>SH 0<\/td><td>4%<\/td><\/tr><tr><td>SH 1<\/td><td>0%<\/td><\/tr><tr><td>SH 2<\/td><td>4%<\/td><\/tr><tr><td>SH 3<\/td><td>24%<\/td><\/tr><tr><td>SH 4<\/td><td>16%<\/td><\/tr><tr><td>SH 5<\/td><td>8%<\/td><\/tr><tr><td>SH 6<\/td><td>12%<\/td><\/tr><tr><td>SH 7<\/td><td>24%<\/td><\/tr><tr><td>SH 8<\/td><td>8%<\/td><\/tr><\/tbody><\/table><figcaption class=\"wp-element-caption\"><small>Tabell 1: Fordeling av nyanseforbedring<\/small><\/figcaption><\/figure>\n<\/div><\/div>\n\n\n\n<div class=\"wp-block-karopharma-free-text pt-large pb-large bg-center bg-cover bg-no-repeat  is-style-primary\" style=\"background-image:url()\"><div class=\"free-text-wrapper container max-w-medium text-left\">\n<h2 class=\"wp-block-heading is-style-heading-h2\">100% trygg<\/h2>\n\n\n\n<p>Ingen av pasientene led av tannkj\u00f8ttproblemer eller sensitivitet etter behandlingen, og alle var forn\u00f8yde med den generelle bekvemmeligheten til de brukervennlige skuffene.<\/p>\n<\/div><\/div>\n\n\n\n<div class=\"wp-block-karopharma-free-text pt-large pb-large bg-center bg-cover bg-no-repeat\" style=\"background-image:url()\"><div class=\"free-text-wrapper container max-w-medium text-left\">\n<figure class=\"wp-block-table is-style-secondary-stripes\"><table><thead><tr><th>Sp\u00f8rsm\u00e5l<\/th><th>Svar<\/th><th>T1 (n)<\/th><th>T2 (n)<\/th><\/tr><\/thead><tbody><tr><td>Har pasienten munnskold?<\/td><td>Nei<br>Ja<\/td><td>100%<br>0<\/td><td>100%<br>0<\/td><\/tr><tr><td>Har pasienten hvite flekker p\u00e5 bl\u00f8tvevet?<\/td><td>Nei<br>Ja<\/td><td>100%<br>0<\/td><td>100%<br>0<\/td><\/tr><tr><td>F\u00f8ler du f\u00f8lsomhet for tennene dine?<\/td><td>Nei<br>Ja<\/td><td>100%<br>0<\/td><td>100%<br>0<\/td><\/tr><\/tbody><\/table><figcaption class=\"wp-element-caption\"><small>Tabell 2: Fordeling p\u00e5 akseptabilitetsdata<\/small><\/figcaption><\/figure>\n\n\n\n<p class=\"is-style-paragraph-small\">**** Klinisk studie (dobbelt blindet randomisert klinisk studie av et tannblekingsprodukt kontra placebo).<\/p>\n<\/div><\/div>\n","protected":false},"excerpt":{"rendered":"","protected":false},"author":2,"featured_media":0,"parent":0,"menu_order":0,"comment_status":"closed","ping_status":"closed","template":"","meta":{"_acf_changed":false,"footnotes":""},"from-article-database":[],"class_list":["post-53","page","type-page","status-publish","hentry"],"acf":[],"yoast_head":"<!-- This site is optimized with the Yoast SEO plugin v26.6 - https:\/\/yoast.com\/wordpress\/plugins\/seo\/ -->\n<title>iWhite Technology - iWhite<\/title>\n<meta name=\"description\" content=\"Vi oppfant en tannblekingsbehandling som er\u00a0uten hydrogenperoksid\u00a0men enda\u00a0mer effektiv,\u00a0basert p\u00e5 en unik FCC-teknologi (Film-Crystallized Calcium).\" \/>\n<meta name=\"robots\" content=\"index, follow, max-snippet:-1, max-image-preview:large, max-video-preview:-1\" \/>\n<link rel=\"canonical\" href=\"https:\/\/iwhiteinstant.com\/no\/iwhite-technology\/\" \/>\n<meta property=\"og:locale\" content=\"nb_NO\" \/>\n<meta property=\"og:type\" content=\"article\" \/>\n<meta property=\"og:title\" content=\"iWhite Technology - iWhite\" \/>\n<meta property=\"og:description\" content=\"Vi oppfant en tannblekingsbehandling som er\u00a0uten hydrogenperoksid\u00a0men enda\u00a0mer effektiv,\u00a0basert p\u00e5 en unik FCC-teknologi (Film-Crystallized Calcium).\" \/>\n<meta property=\"og:url\" content=\"https:\/\/iwhiteinstant.com\/no\/iwhite-technology\/\" \/>\n<meta property=\"og:site_name\" content=\"iWhite\" \/>\n<meta property=\"article:modified_time\" content=\"2024-12-20T14:13:08+00:00\" \/>\n<meta name=\"twitter:card\" content=\"summary_large_image\" \/>\n<meta name=\"twitter:label1\" content=\"Est. reading time\" \/>\n\t<meta name=\"twitter:data1\" content=\"2 minutter\" \/>\n<script type=\"application\/ld+json\" class=\"yoast-schema-graph\">{\"@context\":\"https:\/\/schema.org\",\"@graph\":[{\"@type\":\"WebPage\",\"@id\":\"https:\/\/iwhiteinstant.com\/no\/iwhite-technology\/\",\"url\":\"https:\/\/iwhiteinstant.com\/no\/iwhite-technology\/\",\"name\":\"iWhite Technology - iWhite\",\"isPartOf\":{\"@id\":\"https:\/\/iwhiteinstant.com\/no\/#website\"},\"datePublished\":\"2024-11-11T09:26:01+00:00\",\"dateModified\":\"2024-12-20T14:13:08+00:00\",\"description\":\"Vi oppfant en tannblekingsbehandling som er\u00a0uten hydrogenperoksid\u00a0men enda\u00a0mer effektiv,\u00a0basert p\u00e5 en unik FCC-teknologi (Film-Crystallized Calcium).\",\"breadcrumb\":{\"@id\":\"https:\/\/iwhiteinstant.com\/no\/iwhite-technology\/#breadcrumb\"},\"inLanguage\":\"nb-NO\",\"potentialAction\":[{\"@type\":\"ReadAction\",\"target\":[\"https:\/\/iwhiteinstant.com\/no\/iwhite-technology\/\"]}]},{\"@type\":\"BreadcrumbList\",\"@id\":\"https:\/\/iwhiteinstant.com\/no\/iwhite-technology\/#breadcrumb\",\"itemListElement\":[{\"@type\":\"ListItem\",\"position\":1,\"name\":\"Home\",\"item\":\"https:\/\/iwhiteinstant.com\/no\/\"},{\"@type\":\"ListItem\",\"position\":2,\"name\":\"iWhite Technology\"}]},{\"@type\":\"WebSite\",\"@id\":\"https:\/\/iwhiteinstant.com\/no\/#website\",\"url\":\"https:\/\/iwhiteinstant.com\/no\/\",\"name\":\"iWhite\",\"description\":\"\",\"publisher\":{\"@id\":\"https:\/\/iwhiteinstant.com\/no\/#organization\"},\"potentialAction\":[{\"@type\":\"SearchAction\",\"target\":{\"@type\":\"EntryPoint\",\"urlTemplate\":\"https:\/\/iwhiteinstant.com\/no\/?s={search_term_string}\"},\"query-input\":{\"@type\":\"PropertyValueSpecification\",\"valueRequired\":true,\"valueName\":\"search_term_string\"}}],\"inLanguage\":\"nb-NO\"},{\"@type\":\"Organization\",\"@id\":\"https:\/\/iwhiteinstant.com\/no\/#organization\",\"name\":\"iWhite\",\"url\":\"https:\/\/iwhiteinstant.com\/no\/\",\"logo\":{\"@type\":\"ImageObject\",\"inLanguage\":\"nb-NO\",\"@id\":\"https:\/\/iwhiteinstant.com\/no\/#\/schema\/logo\/image\/\",\"url\":\"https:\/\/iwhiteinstant.com\/app\/uploads\/sites\/14\/2024\/11\/Iwhite-logo.png\",\"contentUrl\":\"https:\/\/iwhiteinstant.com\/app\/uploads\/sites\/14\/2024\/11\/Iwhite-logo.png\",\"width\":160,\"height\":40,\"caption\":\"iWhite\"},\"image\":{\"@id\":\"https:\/\/iwhiteinstant.com\/no\/#\/schema\/logo\/image\/\"}}]}<\/script>\n<!-- \/ Yoast SEO plugin. -->","yoast_head_json":{"title":"iWhite Technology - iWhite","description":"Vi oppfant en tannblekingsbehandling som er\u00a0uten hydrogenperoksid\u00a0men enda\u00a0mer effektiv,\u00a0basert p\u00e5 en unik FCC-teknologi (Film-Crystallized Calcium).","robots":{"index":"index","follow":"follow","max-snippet":"max-snippet:-1","max-image-preview":"max-image-preview:large","max-video-preview":"max-video-preview:-1"},"canonical":"https:\/\/iwhiteinstant.com\/no\/iwhite-technology\/","og_locale":"nb_NO","og_type":"article","og_title":"iWhite Technology - iWhite","og_description":"Vi oppfant en tannblekingsbehandling som er\u00a0uten hydrogenperoksid\u00a0men enda\u00a0mer effektiv,\u00a0basert p\u00e5 en unik FCC-teknologi (Film-Crystallized Calcium).","og_url":"https:\/\/iwhiteinstant.com\/no\/iwhite-technology\/","og_site_name":"iWhite","article_modified_time":"2024-12-20T14:13:08+00:00","twitter_card":"summary_large_image","twitter_misc":{"Est. reading time":"2 minutter"},"schema":{"@context":"https:\/\/schema.org","@graph":[{"@type":"WebPage","@id":"https:\/\/iwhiteinstant.com\/no\/iwhite-technology\/","url":"https:\/\/iwhiteinstant.com\/no\/iwhite-technology\/","name":"iWhite Technology - iWhite","isPartOf":{"@id":"https:\/\/iwhiteinstant.com\/no\/#website"},"datePublished":"2024-11-11T09:26:01+00:00","dateModified":"2024-12-20T14:13:08+00:00","description":"Vi oppfant en tannblekingsbehandling som er\u00a0uten hydrogenperoksid\u00a0men enda\u00a0mer effektiv,\u00a0basert p\u00e5 en unik FCC-teknologi (Film-Crystallized Calcium).","breadcrumb":{"@id":"https:\/\/iwhiteinstant.com\/no\/iwhite-technology\/#breadcrumb"},"inLanguage":"nb-NO","potentialAction":[{"@type":"ReadAction","target":["https:\/\/iwhiteinstant.com\/no\/iwhite-technology\/"]}]},{"@type":"BreadcrumbList","@id":"https:\/\/iwhiteinstant.com\/no\/iwhite-technology\/#breadcrumb","itemListElement":[{"@type":"ListItem","position":1,"name":"Home","item":"https:\/\/iwhiteinstant.com\/no\/"},{"@type":"ListItem","position":2,"name":"iWhite Technology"}]},{"@type":"WebSite","@id":"https:\/\/iwhiteinstant.com\/no\/#website","url":"https:\/\/iwhiteinstant.com\/no\/","name":"iWhite","description":"","publisher":{"@id":"https:\/\/iwhiteinstant.com\/no\/#organization"},"potentialAction":[{"@type":"SearchAction","target":{"@type":"EntryPoint","urlTemplate":"https:\/\/iwhiteinstant.com\/no\/?s={search_term_string}"},"query-input":{"@type":"PropertyValueSpecification","valueRequired":true,"valueName":"search_term_string"}}],"inLanguage":"nb-NO"},{"@type":"Organization","@id":"https:\/\/iwhiteinstant.com\/no\/#organization","name":"iWhite","url":"https:\/\/iwhiteinstant.com\/no\/","logo":{"@type":"ImageObject","inLanguage":"nb-NO","@id":"https:\/\/iwhiteinstant.com\/no\/#\/schema\/logo\/image\/","url":"https:\/\/iwhiteinstant.com\/app\/uploads\/sites\/14\/2024\/11\/Iwhite-logo.png","contentUrl":"https:\/\/iwhiteinstant.com\/app\/uploads\/sites\/14\/2024\/11\/Iwhite-logo.png","width":160,"height":40,"caption":"iWhite"},"image":{"@id":"https:\/\/iwhiteinstant.com\/no\/#\/schema\/logo\/image\/"}}]}},"_links":{"self":[{"href":"https:\/\/iwhiteinstant.com\/no\/wp-json\/wp\/v2\/pages\/53","targetHints":{"allow":["GET"]}}],"collection":[{"href":"https:\/\/iwhiteinstant.com\/no\/wp-json\/wp\/v2\/pages"}],"about":[{"href":"https:\/\/iwhiteinstant.com\/no\/wp-json\/wp\/v2\/types\/page"}],"author":[{"embeddable":true,"href":"https:\/\/iwhiteinstant.com\/no\/wp-json\/wp\/v2\/users\/2"}],"replies":[{"embeddable":true,"href":"https:\/\/iwhiteinstant.com\/no\/wp-json\/wp\/v2\/comments?post=53"}],"version-history":[{"count":2,"href":"https:\/\/iwhiteinstant.com\/no\/wp-json\/wp\/v2\/pages\/53\/revisions"}],"predecessor-version":[{"id":74,"href":"https:\/\/iwhiteinstant.com\/no\/wp-json\/wp\/v2\/pages\/53\/revisions\/74"}],"wp:attachment":[{"href":"https:\/\/iwhiteinstant.com\/no\/wp-json\/wp\/v2\/media?parent=53"}],"wp:term":[{"taxonomy":"from-article-database","embeddable":true,"href":"https:\/\/iwhiteinstant.com\/no\/wp-json\/wp\/v2\/from-article-database?post=53"}],"curies":[{"name":"wp","href":"https:\/\/api.w.org\/{rel}","templated":true}]}}