{"id":55,"date":"2024-11-11T10:26:21","date_gmt":"2024-11-11T09:26:21","guid":{"rendered":"https:\/\/iwhiteinstant.com\/no\/?page_id=55"},"modified":"2025-06-23T14:36:16","modified_gmt":"2025-06-23T12:36:16","slug":"ofte-stilte-sporsmal","status":"publish","type":"page","link":"https:\/\/iwhiteinstant.com\/no\/ofte-stilte-sporsmal\/","title":{"rendered":"FAQ"},"content":{"rendered":"\n<div class=\"wp-block-karopharma-free-text pt-large pb-large bg-center bg-cover bg-no-repeat bg-box is-style-primary\" style=\"background-image:url(https:\/\/iwhiteinstant.com\/cdn-cgi\/image\/format=auto\/app\/uploads\/sites\/2\/2024\/04\/faq2-1.jpg)\"><div class=\"free-text-wrapper container max-w-small text-center\">\n<h1 class=\"wp-block-heading is-style-heading-huge has-primary-color has-text-color\">Ofte stilte sp\u00f8rsm\u00e5l<\/h1>\n\n\n\n<h2 class=\"wp-block-heading is-style-heading-h3\">Finn svaret p\u00e5 vanlige sp\u00f8rsm\u00e5l<\/h2>\n<\/div><\/div>\n\n\n\n<div class=\"wp-block-karopharma-accordions\"><div class=\"container\">\n<details class=\"wp-block-karopharma-accordion\"><summary><h2 class=\"accordion-title\">Hvor hvite blir tennene mine?<\/h2><\/summary><div class=\"accordion-content\">\n<p>Resultatet av blekingen kan variere fra person til person og kan bero p\u00e5 grunnen til og alvorlighetsgraden av tannens misfarging, og tannstrukturen. Imidlertid viser flere uavhengige effekttester signifikante, tilfredsstillende resultater med iWhite-teknologien. Denne teknologien har vist seg \u00e5 bleke tennene dine opptil 8 nyanser p\u00e5 bare \u00e9n p\u00e5f\u00f8ring p\u00e5 20 minutter.<\/p>\n<\/div><\/details>\n\n\n\n<details class=\"wp-block-karopharma-accordion\"><summary><h2 class=\"accordion-title\">Hvor lenge vil blekingsresultatene vare?<\/h2><\/summary><div class=\"accordion-content\">\n<p>Dette vil avhenge av din personlige munnhygiene, og den ursprunglige misfargingen. Produkter som tobakk, r\u00f8dvin, te og kaffe kan gi nye misfarginger. For optimalt resultat anbefales det \u00e5 bruke v\u00e5re iWhite-produkter p\u00e5 daglig, ukentlig og\/eller m\u00e5nedlig basis.<\/p>\n<\/div><\/details>\n\n\n\n<details class=\"wp-block-karopharma-accordion\"><summary><h2 class=\"accordion-title\">Hvor ofte kan jeg bruke iWhite tannblekingsprodukter?<\/h2><\/summary><div class=\"accordion-content\">\n<p>Dette avhenger av hvilket iWhite-produkt du bruker. For eksempel kan blekesettene (iWhite Instant Whitening Kit, iWhite Instant2 Whitening Kit og iWhite Dark Stains Whitening Kit) brukes hver dag i 5 p\u00e5f\u00f8lgende dager, men iWhite Express-settet kan bare brukes en gang i uken. Det anbefales \u00e5 sjekke bruksanvisningen for hvert produkt f\u00f8r p\u00e5f\u00f8ring.<\/p>\n<\/div><\/details>\n\n\n\n<details class=\"wp-block-karopharma-accordion\"><summary><h2 class=\"accordion-title\">Er iWhite tannblekingsprodukter trygge?<\/h2><\/summary><div class=\"accordion-content\">\n<p>Ja absolutt, iiWhite tannblekingsproduktene er registrerte kosmetiske produkter og inneholder godkjente europeiske kosmetiske ingredienser. Siden iWhite tannblekingsproduktene er fri for hydrogenperoksid, vil skade og\/eller f\u00f8lsomhet p\u00e5 tennene og\/eller tannkj\u00f8ttet ikke oppst\u00e5.<\/p>\n<\/div><\/details>\n\n\n\n<details class=\"wp-block-karopharma-accordion\"><summary><h2 class=\"accordion-title\">Kan jeg bruke iWhite tannblekingsprodukter hvis jeg lider av tannkj\u00f8ttproblemer?<\/h2><\/summary><div class=\"accordion-content\">\n<p>V\u00e5r iWhite sensitive serie kan v\u00e6re den perfekte l\u00f8sningen for deg, men det er fortsatt lurt \u00e5 konsultere en tannlege f\u00f8r du bruker produktet.<\/p>\n<\/div><\/details>\n\n\n\n<details class=\"wp-block-karopharma-accordion\"><summary><h2 class=\"accordion-title\">Kan jeg bruke iWhite tannblekingsprodukter hvis jeg har\/har hatt tannbehandling og\/eller kjeveortopedisk behandling?<\/h2><\/summary><div class=\"accordion-content\">\n<p>Ikke bruk dette produktet innen 2 uker ved tannbehandling og\/eller kjeveortopedisk behandling (fyllinger, kroner, implantater, rotkanal, \u2026)<\/p>\n<\/div><\/details>\n\n\n\n<details class=\"wp-block-karopharma-accordion\"><summary><h2 class=\"accordion-title\">Vil iWhite tannblekingsproduktene ha noen effekt p\u00e5 fyllinger, kroner og fin\u00e9r?<\/h2><\/summary><div class=\"accordion-content\">\n<p>Kroner, finer og fyllinger bleker ikke, men p\u00e5virkes ikke av behandlingen.<\/p>\n<\/div><\/details>\n\n\n\n<details class=\"wp-block-karopharma-accordion\"><summary><h2 class=\"accordion-title\">Kan iWhite tannblekingsserien brukes under graviditet og\/eller amming?<\/h2><\/summary><div class=\"accordion-content\">\n<p>Vi anbefaler ikke \u00e5 bruke iWhite tannblekingsserie n\u00e5r du er gravid eller ammer.<\/p>\n<\/div><\/details>\n<\/div><\/div>\n","protected":false},"excerpt":{"rendered":"","protected":false},"author":2,"featured_media":0,"parent":0,"menu_order":0,"comment_status":"closed","ping_status":"closed","template":"","meta":{"_acf_changed":false,"footnotes":""},"from-article-database":[],"class_list":["post-55","page","type-page","status-publish","hentry"],"acf":[],"yoast_head":"<!-- This site is optimized with the Yoast SEO plugin v26.6 - https:\/\/yoast.com\/wordpress\/plugins\/seo\/ -->\n<title>FAQ - iWhite<\/title>\n<meta name=\"description\" content=\"Finn svaret p\u00e5 vanlige sp\u00f8rsm\u00e5l: Hvor hvite blir tennene mine? Hvor lenge vil blekingsresultatene vare? Hvor ofte kan jeg bruke iWhite?\" \/>\n<meta name=\"robots\" content=\"index, follow, max-snippet:-1, max-image-preview:large, max-video-preview:-1\" \/>\n<link rel=\"canonical\" href=\"https:\/\/iwhiteinstant.com\/no\/ofte-stilte-sporsmal\/\" \/>\n<meta property=\"og:locale\" content=\"nb_NO\" \/>\n<meta property=\"og:type\" content=\"article\" \/>\n<meta property=\"og:title\" content=\"FAQ - iWhite\" \/>\n<meta property=\"og:description\" content=\"Finn svaret p\u00e5 vanlige sp\u00f8rsm\u00e5l: Hvor hvite blir tennene mine? Hvor lenge vil blekingsresultatene vare? Hvor ofte kan jeg bruke iWhite?\" \/>\n<meta property=\"og:url\" content=\"https:\/\/iwhiteinstant.com\/no\/ofte-stilte-sporsmal\/\" \/>\n<meta property=\"og:site_name\" content=\"iWhite\" \/>\n<meta property=\"article:modified_time\" content=\"2025-06-23T12:36:16+00:00\" \/>\n<meta name=\"twitter:card\" content=\"summary_large_image\" \/>\n<meta name=\"twitter:label1\" content=\"Est. reading time\" \/>\n\t<meta name=\"twitter:data1\" content=\"2 minutter\" \/>\n<script type=\"application\/ld+json\" class=\"yoast-schema-graph\">{\"@context\":\"https:\/\/schema.org\",\"@graph\":[{\"@type\":\"WebPage\",\"@id\":\"https:\/\/iwhiteinstant.com\/no\/ofte-stilte-sporsmal\/\",\"url\":\"https:\/\/iwhiteinstant.com\/no\/ofte-stilte-sporsmal\/\",\"name\":\"FAQ - iWhite\",\"isPartOf\":{\"@id\":\"https:\/\/iwhiteinstant.com\/no\/#website\"},\"datePublished\":\"2024-11-11T09:26:21+00:00\",\"dateModified\":\"2025-06-23T12:36:16+00:00\",\"description\":\"Finn svaret p\u00e5 vanlige sp\u00f8rsm\u00e5l: Hvor hvite blir tennene mine? Hvor lenge vil blekingsresultatene vare? Hvor ofte kan jeg bruke iWhite?\",\"breadcrumb\":{\"@id\":\"https:\/\/iwhiteinstant.com\/no\/ofte-stilte-sporsmal\/#breadcrumb\"},\"inLanguage\":\"nb-NO\",\"potentialAction\":[{\"@type\":\"ReadAction\",\"target\":[\"https:\/\/iwhiteinstant.com\/no\/ofte-stilte-sporsmal\/\"]}]},{\"@type\":\"BreadcrumbList\",\"@id\":\"https:\/\/iwhiteinstant.com\/no\/ofte-stilte-sporsmal\/#breadcrumb\",\"itemListElement\":[{\"@type\":\"ListItem\",\"position\":1,\"name\":\"Home\",\"item\":\"https:\/\/iwhiteinstant.com\/no\/\"},{\"@type\":\"ListItem\",\"position\":2,\"name\":\"FAQ\"}]},{\"@type\":\"WebSite\",\"@id\":\"https:\/\/iwhiteinstant.com\/no\/#website\",\"url\":\"https:\/\/iwhiteinstant.com\/no\/\",\"name\":\"iWhite\",\"description\":\"\",\"publisher\":{\"@id\":\"https:\/\/iwhiteinstant.com\/no\/#organization\"},\"potentialAction\":[{\"@type\":\"SearchAction\",\"target\":{\"@type\":\"EntryPoint\",\"urlTemplate\":\"https:\/\/iwhiteinstant.com\/no\/?s={search_term_string}\"},\"query-input\":{\"@type\":\"PropertyValueSpecification\",\"valueRequired\":true,\"valueName\":\"search_term_string\"}}],\"inLanguage\":\"nb-NO\"},{\"@type\":\"Organization\",\"@id\":\"https:\/\/iwhiteinstant.com\/no\/#organization\",\"name\":\"iWhite\",\"url\":\"https:\/\/iwhiteinstant.com\/no\/\",\"logo\":{\"@type\":\"ImageObject\",\"inLanguage\":\"nb-NO\",\"@id\":\"https:\/\/iwhiteinstant.com\/no\/#\/schema\/logo\/image\/\",\"url\":\"https:\/\/iwhiteinstant.com\/app\/uploads\/sites\/14\/2024\/11\/Iwhite-logo.png\",\"contentUrl\":\"https:\/\/iwhiteinstant.com\/app\/uploads\/sites\/14\/2024\/11\/Iwhite-logo.png\",\"width\":160,\"height\":40,\"caption\":\"iWhite\"},\"image\":{\"@id\":\"https:\/\/iwhiteinstant.com\/no\/#\/schema\/logo\/image\/\"}}]}<\/script>\n<!-- \/ Yoast SEO plugin. -->","yoast_head_json":{"title":"FAQ - iWhite","description":"Finn svaret p\u00e5 vanlige sp\u00f8rsm\u00e5l: Hvor hvite blir tennene mine? Hvor lenge vil blekingsresultatene vare? Hvor ofte kan jeg bruke iWhite?","robots":{"index":"index","follow":"follow","max-snippet":"max-snippet:-1","max-image-preview":"max-image-preview:large","max-video-preview":"max-video-preview:-1"},"canonical":"https:\/\/iwhiteinstant.com\/no\/ofte-stilte-sporsmal\/","og_locale":"nb_NO","og_type":"article","og_title":"FAQ - iWhite","og_description":"Finn svaret p\u00e5 vanlige sp\u00f8rsm\u00e5l: Hvor hvite blir tennene mine? Hvor lenge vil blekingsresultatene vare? Hvor ofte kan jeg bruke iWhite?","og_url":"https:\/\/iwhiteinstant.com\/no\/ofte-stilte-sporsmal\/","og_site_name":"iWhite","article_modified_time":"2025-06-23T12:36:16+00:00","twitter_card":"summary_large_image","twitter_misc":{"Est. reading time":"2 minutter"},"schema":{"@context":"https:\/\/schema.org","@graph":[{"@type":"WebPage","@id":"https:\/\/iwhiteinstant.com\/no\/ofte-stilte-sporsmal\/","url":"https:\/\/iwhiteinstant.com\/no\/ofte-stilte-sporsmal\/","name":"FAQ - iWhite","isPartOf":{"@id":"https:\/\/iwhiteinstant.com\/no\/#website"},"datePublished":"2024-11-11T09:26:21+00:00","dateModified":"2025-06-23T12:36:16+00:00","description":"Finn svaret p\u00e5 vanlige sp\u00f8rsm\u00e5l: Hvor hvite blir tennene mine? Hvor lenge vil blekingsresultatene vare? Hvor ofte kan jeg bruke iWhite?","breadcrumb":{"@id":"https:\/\/iwhiteinstant.com\/no\/ofte-stilte-sporsmal\/#breadcrumb"},"inLanguage":"nb-NO","potentialAction":[{"@type":"ReadAction","target":["https:\/\/iwhiteinstant.com\/no\/ofte-stilte-sporsmal\/"]}]},{"@type":"BreadcrumbList","@id":"https:\/\/iwhiteinstant.com\/no\/ofte-stilte-sporsmal\/#breadcrumb","itemListElement":[{"@type":"ListItem","position":1,"name":"Home","item":"https:\/\/iwhiteinstant.com\/no\/"},{"@type":"ListItem","position":2,"name":"FAQ"}]},{"@type":"WebSite","@id":"https:\/\/iwhiteinstant.com\/no\/#website","url":"https:\/\/iwhiteinstant.com\/no\/","name":"iWhite","description":"","publisher":{"@id":"https:\/\/iwhiteinstant.com\/no\/#organization"},"potentialAction":[{"@type":"SearchAction","target":{"@type":"EntryPoint","urlTemplate":"https:\/\/iwhiteinstant.com\/no\/?s={search_term_string}"},"query-input":{"@type":"PropertyValueSpecification","valueRequired":true,"valueName":"search_term_string"}}],"inLanguage":"nb-NO"},{"@type":"Organization","@id":"https:\/\/iwhiteinstant.com\/no\/#organization","name":"iWhite","url":"https:\/\/iwhiteinstant.com\/no\/","logo":{"@type":"ImageObject","inLanguage":"nb-NO","@id":"https:\/\/iwhiteinstant.com\/no\/#\/schema\/logo\/image\/","url":"https:\/\/iwhiteinstant.com\/app\/uploads\/sites\/14\/2024\/11\/Iwhite-logo.png","contentUrl":"https:\/\/iwhiteinstant.com\/app\/uploads\/sites\/14\/2024\/11\/Iwhite-logo.png","width":160,"height":40,"caption":"iWhite"},"image":{"@id":"https:\/\/iwhiteinstant.com\/no\/#\/schema\/logo\/image\/"}}]}},"_links":{"self":[{"href":"https:\/\/iwhiteinstant.com\/no\/wp-json\/wp\/v2\/pages\/55","targetHints":{"allow":["GET"]}}],"collection":[{"href":"https:\/\/iwhiteinstant.com\/no\/wp-json\/wp\/v2\/pages"}],"about":[{"href":"https:\/\/iwhiteinstant.com\/no\/wp-json\/wp\/v2\/types\/page"}],"author":[{"embeddable":true,"href":"https:\/\/iwhiteinstant.com\/no\/wp-json\/wp\/v2\/users\/2"}],"replies":[{"embeddable":true,"href":"https:\/\/iwhiteinstant.com\/no\/wp-json\/wp\/v2\/comments?post=55"}],"version-history":[{"count":4,"href":"https:\/\/iwhiteinstant.com\/no\/wp-json\/wp\/v2\/pages\/55\/revisions"}],"predecessor-version":[{"id":148,"href":"https:\/\/iwhiteinstant.com\/no\/wp-json\/wp\/v2\/pages\/55\/revisions\/148"}],"wp:attachment":[{"href":"https:\/\/iwhiteinstant.com\/no\/wp-json\/wp\/v2\/media?parent=55"}],"wp:term":[{"taxonomy":"from-article-database","embeddable":true,"href":"https:\/\/iwhiteinstant.com\/no\/wp-json\/wp\/v2\/from-article-database?post=55"}],"curies":[{"name":"wp","href":"https:\/\/api.w.org\/{rel}","templated":true}]}}