{"id":77,"date":"2024-11-12T08:33:59","date_gmt":"2024-11-12T07:33:59","guid":{"rendered":"https:\/\/iwhiteinstant.com\/no\/?post_type=product&#038;p=77"},"modified":"2024-12-20T15:13:01","modified_gmt":"2024-12-20T14:13:01","slug":"iwhite-superior-whitening-kit","status":"publish","type":"product","link":"https:\/\/iwhiteinstant.com\/no\/produkt\/iwhite-superior-whitening-kit\/","title":{"rendered":"iWhite Superior Whitening Kit"},"content":{"rendered":"\n<div style=\"height:100px\" aria-hidden=\"true\" class=\"wp-block-spacer is-style-responsive-small\"><\/div>\n\n\n\n<section class=\"wp-block-karopharma-image-with-text image-with-text image-with-text__not-full-width is-style-primary\"><div class=\"image-with-text-container \"><div class=\"image-with-text-container-image-container\"><img decoding=\"async\" loading=\"lazy\" src=\"https:\/\/iwhiteinstant.com\/cdn-cgi\/image\/format=auto\/app\/uploads\/sites\/14\/2024\/11\/superior-image.jpg\" alt=\"superior-image\"\/><\/div><div class=\"image-with-text-container-content\" style=\"text-align:left\" data-test=\"content\"><div class=\"content\"><h2>Enkel \u00e5 bruke<\/h2><p class=\"body\" data-test=\"body\">Denne profesjonelle hjemmebehandlingen er enkel \u00e5 bruke. iWhite-engangsskinnene er tynne og fleksible for \u00e5 sikre en behagelig passform og maksimal ytelse. iWhite-skinnene inneholder en ny, kraftig blekegel tilsatt natron og blekemineraler \u2026 som gir deg et hvitt og glitrende smil. I tillegg er denne nye formelen forsterket med kalsium og xylitol, viktige aktive stoffer med dokumentert klinisk effekt for \u00e5 styrke tennene dine.<\/p>\n<div class=\"wp-block-buttons is-layout-flex wp-block-buttons-is-layout-flex\"><\/div>\n<\/div><\/div><\/div><\/section>\n\n\n\n<div class=\"wp-block-karopharma-accordions is-style-secondary\"><div class=\"container\">\n<details class=\"wp-block-karopharma-accordion\"><summary><h2 class=\"accordion-title\">Hvordan bruke?<\/h2><\/summary><div class=\"accordion-content\">\n<p>Denne hjemmebehandlingen skal bare brukes 20 minutter om dagen med umiddelbar blekingseffekt etter f\u00f8rste p\u00e5f\u00f8ring, til og med opptil 8 nyanser hvitere tenner! Bruk i 5 p\u00e5f\u00f8lgende dager for enda mer forbl\u00f8ffende og optimale resultater.<\/p>\n<\/div><\/details>\n\n\n\n<details class=\"wp-block-karopharma-accordion\"><summary><h2 class=\"accordion-title\">Hvordan bleker og styrker iWhite Superior tennene dine?<\/h2><\/summary><div class=\"accordion-content\">\n<p><strong>Steg 1:<\/strong> iWhite-teknologien er forsterket av blekeforsterkeringredienser:<\/p>\n\n\n\n<ul class=\"is-style-default wp-block-list\">\n<li>100 % naturlig natron: Dette er et naturlig tannblekingsmiddel som ogs\u00e5 er effektivt til \u00e5 fjerne flekker og gi deg et lysere smil.<\/li>\n\n\n\n<li>Innovativt, naturlig vulkansk mineral, spesielt utviklet for \u00e5 maksimere blekningseffekten samtidig som emaljen sk\u00e5nes.<\/li>\n<\/ul>\n\n\n\n<p><strong>Steg 2:<\/strong> Ettersom tennene dine ogs\u00e5 eldes, er det viktig \u00e5 styrke og forsterke emaljen din for \u00e5 beskytte hvitheten til tennene dine:<\/p>\n\n\n\n<ul class=\"is-style-default wp-block-list\">\n<li>Kalsiummikroperler: Tap av kalsium p\u00e5 grunn av aldring vil p\u00e5virke fargen p\u00e5 tennene dine. Ved \u00e5 tilsette kalsium til blekebehandlingen v\u00e5r, vil dette gi n\u00e6ring, forsterke og gjenoppbygge emaljen. Mikroperleteknologien muliggj\u00f8r konsentrert og m\u00e5lrettet frigj\u00f8ring av de aktive stoffene, noe som betyr at du bestemmer n\u00e5r og hvor de konsentrerte aktive stoffene skal frigj\u00f8res. S\u00e5 n\u00e5r du setter inn skinnene i munnen: du m\u00e5 skyve skinnene forsiktig p\u00e5 tennene, mikroperlene vil sprekke, og f\u00f8rst da frigj\u00f8res de konsentrerte aktive stoffene direkte p\u00e5 emaljen.<\/li>\n\n\n\n<li>Xylitol: er en viktig aktiv ingrediens for \u00e5 garantere tannhygiene. Hvordan? Ved \u00e5 forstyrre bakterienes evne til \u00e5 produsere syre og \u00f8ke pH, vil dette forhindre og til og med gjenopprette skade p\u00e5 emaljen.<\/li>\n<\/ul>\n<\/div><\/details>\n\n\n\n<details class=\"wp-block-karopharma-accordion\"><summary><h2 class=\"accordion-title\">iWhite Micropearl-teknologi = hva?<\/h2><\/summary><div class=\"accordion-content\">\n<p>En innovativ teknologi som muliggj\u00f8r konsentrert og m\u00e5lrettet frigj\u00f8ring av de aktive stoffene. Dette betyr at du bestemmer n\u00e5r og hvor de konsentrerte aktive stoffene frigj\u00f8res direkte til emaljen. I iWhite Dark Stains blekesett er de aktive mikroperlene fylt med kalsium.<\/p>\n<\/div><\/details>\n<\/div><\/div>\n\n\n\n<div class=\"wp-block-karopharma-free-text pt-large pb-none bg-center bg-cover bg-no-repeat\" style=\"background-image:url()\"><div class=\"free-text-wrapper container max-w-medium text-center\">\n<h2 class=\"wp-block-heading\">3 steg unna et lyst, hvitt smil..<\/h2>\n<\/div><\/div>\n\n\n\n<section class=\"wp-block-karopharma-usp usp undefined\"><div class=\"usp-wrapper\">\n<section class=\"wp-block-karopharma-usp-single usp-single undefined\"><div class=\"icon\"><svg width=\"21\" height=\"16\" viewBox=\"0 0 21 16\" fill=\"none\" xmlns=\"http:\/\/www.w3.org\/2000\/svg\"><path d=\"M19.2567 0.164742L6.13095 13.2905L1.49056 8.65006C1.2709 8.4304 0.914742 8.4304 0.695039 8.65006L0.164742 9.18036C-0.0549141 9.40001 -0.0549141 9.75617 0.164742 9.97587L5.73321 15.5443C5.95287 15.764 6.30903 15.764 6.52873 15.5443L20.5825 1.4906C20.8021 1.27095 20.8021 0.914789 20.5825 0.695086L20.0521 0.164742C19.8325 -0.0549141 19.4763 -0.0549141 19.2567 0.164742Z\" fill=\"white\"><\/path><\/svg><\/div>\n<h4 class=\"wp-block-heading has-text-align-center is-style-heading-h4\">1. TRYKK<\/h4>\n\n\n\n<p class=\"has-text-align-center is-style-body-text\">Ved \u00e5 trykke forsiktig p\u00e5 brettene vil mikroperlene sprekke.<\/p>\n<\/section>\n\n\n\n<section class=\"wp-block-karopharma-usp-single usp-single undefined\"><div class=\"icon\"><svg width=\"21\" height=\"16\" viewBox=\"0 0 21 16\" fill=\"none\" xmlns=\"http:\/\/www.w3.org\/2000\/svg\"><path d=\"M19.2567 0.164742L6.13095 13.2905L1.49056 8.65006C1.2709 8.4304 0.914742 8.4304 0.695039 8.65006L0.164742 9.18036C-0.0549141 9.40001 -0.0549141 9.75617 0.164742 9.97587L5.73321 15.5443C5.95287 15.764 6.30903 15.764 6.52873 15.5443L20.5825 1.4906C20.8021 1.27095 20.8021 0.914789 20.5825 0.695086L20.0521 0.164742C19.8325 -0.0549141 19.4763 -0.0549141 19.2567 0.164742Z\" fill=\"white\"><\/path><\/svg><\/div>\n<h4 class=\"wp-block-heading has-text-align-center is-style-heading-h4\">2. AKTIVER<\/h4>\n\n\n\n<p class=\"has-text-align-center is-style-body-text\">De konsentrerte aktive stoffene i mikroperlene frigj\u00f8res.<\/p>\n<\/section>\n\n\n\n<section class=\"wp-block-karopharma-usp-single usp-single undefined\"><div class=\"icon\"><svg width=\"21\" height=\"16\" viewBox=\"0 0 21 16\" fill=\"none\" xmlns=\"http:\/\/www.w3.org\/2000\/svg\"><path d=\"M19.2567 0.164742L6.13095 13.2905L1.49056 8.65006C1.2709 8.4304 0.914742 8.4304 0.695039 8.65006L0.164742 9.18036C-0.0549141 9.40001 -0.0549141 9.75617 0.164742 9.97587L5.73321 15.5443C5.95287 15.764 6.30903 15.764 6.52873 15.5443L20.5825 1.4906C20.8021 1.27095 20.8021 0.914789 20.5825 0.695086L20.0521 0.164742C19.8325 -0.0549141 19.4763 -0.0549141 19.2567 0.164742Z\" fill=\"white\"><\/path><\/svg><\/div>\n<h4 class=\"wp-block-heading has-text-align-center is-style-heading-h4\">3. RESULTAT<\/h4>\n\n\n\n<p class=\"has-text-align-center is-style-body-text\">iWhite blekegel + mikroperler = MAGISK! <br>Bruk den i 20 minutter og sjekk ut de umiddelbare resultatene!!<\/p>\n<\/section>\n<\/div><\/section>\n","protected":false},"excerpt":{"rendered":"<p>Bleker og styrker tennene dine umiddelbart.<\/p>\n","protected":false},"featured_media":78,"comment_status":"closed","ping_status":"closed","template":"","meta":{"_acf_changed":false,"footnotes":""},"product_brand":[],"product_cat":[18],"product_tag":[],"class_list":{"0":"post-77","1":"product","2":"type-product","3":"status-publish","4":"has-post-thumbnail","6":"product_cat-selvbleking-set","8":"first","9":"instock","10":"shipping-taxable","11":"product-type-simple"},"acf":[],"yoast_head":"<!-- This site is optimized with the Yoast SEO plugin v26.6 - https:\/\/yoast.com\/wordpress\/plugins\/seo\/ -->\n<title>iWhite Superior Whitening Kit - iWhite<\/title>\n<meta name=\"description\" content=\"iWhite Superior Whitening kit er drevet av den nye og unike tannblekingsteknologien som \u00f8yeblikkelig bleker tennene opptil 8 nyanser og styrker tennene.\" \/>\n<meta name=\"robots\" content=\"index, follow, max-snippet:-1, max-image-preview:large, max-video-preview:-1\" \/>\n<link rel=\"canonical\" href=\"https:\/\/iwhiteinstant.com\/no\/produkt\/iwhite-superior-whitening-kit\/\" \/>\n<meta property=\"og:locale\" content=\"nb_NO\" \/>\n<meta property=\"og:type\" content=\"article\" \/>\n<meta property=\"og:title\" content=\"iWhite Superior Whitening Kit - iWhite\" \/>\n<meta property=\"og:description\" content=\"iWhite Superior Whitening kit er drevet av den nye og unike tannblekingsteknologien som \u00f8yeblikkelig bleker tennene opptil 8 nyanser og styrker tennene.\" \/>\n<meta property=\"og:url\" content=\"https:\/\/iwhiteinstant.com\/no\/produkt\/iwhite-superior-whitening-kit\/\" \/>\n<meta property=\"og:site_name\" content=\"iWhite\" \/>\n<meta property=\"article:modified_time\" content=\"2024-12-20T14:13:01+00:00\" \/>\n<meta property=\"og:image\" content=\"https:\/\/iwhiteinstant.com\/app\/uploads\/sites\/14\/2024\/11\/iWhite-Superior-whitening-kit.png\" \/>\n\t<meta property=\"og:image:width\" content=\"800\" \/>\n\t<meta property=\"og:image:height\" content=\"800\" \/>\n\t<meta property=\"og:image:type\" content=\"image\/png\" \/>\n<meta name=\"twitter:card\" content=\"summary_large_image\" \/>\n<meta name=\"twitter:label1\" content=\"Est. reading time\" \/>\n\t<meta name=\"twitter:data1\" content=\"3 minutter\" \/>\n<script type=\"application\/ld+json\" class=\"yoast-schema-graph\">{\"@context\":\"https:\/\/schema.org\",\"@graph\":[{\"@type\":\"WebPage\",\"@id\":\"https:\/\/iwhiteinstant.com\/no\/produkt\/iwhite-superior-whitening-kit\/\",\"url\":\"https:\/\/iwhiteinstant.com\/no\/produkt\/iwhite-superior-whitening-kit\/\",\"name\":\"iWhite Superior Whitening Kit - iWhite\",\"isPartOf\":{\"@id\":\"https:\/\/iwhiteinstant.com\/no\/#website\"},\"primaryImageOfPage\":{\"@id\":\"https:\/\/iwhiteinstant.com\/no\/produkt\/iwhite-superior-whitening-kit\/#primaryimage\"},\"image\":{\"@id\":\"https:\/\/iwhiteinstant.com\/no\/produkt\/iwhite-superior-whitening-kit\/#primaryimage\"},\"thumbnailUrl\":\"https:\/\/iwhiteinstant.com\/app\/uploads\/sites\/14\/2024\/11\/iWhite-Superior-whitening-kit.png\",\"datePublished\":\"2024-11-12T07:33:59+00:00\",\"dateModified\":\"2024-12-20T14:13:01+00:00\",\"description\":\"iWhite Superior Whitening kit er drevet av den nye og unike tannblekingsteknologien som \u00f8yeblikkelig bleker tennene opptil 8 nyanser og styrker tennene.\",\"breadcrumb\":{\"@id\":\"https:\/\/iwhiteinstant.com\/no\/produkt\/iwhite-superior-whitening-kit\/#breadcrumb\"},\"inLanguage\":\"nb-NO\",\"potentialAction\":[{\"@type\":\"ReadAction\",\"target\":[\"https:\/\/iwhiteinstant.com\/no\/produkt\/iwhite-superior-whitening-kit\/\"]}]},{\"@type\":\"ImageObject\",\"inLanguage\":\"nb-NO\",\"@id\":\"https:\/\/iwhiteinstant.com\/no\/produkt\/iwhite-superior-whitening-kit\/#primaryimage\",\"url\":\"https:\/\/iwhiteinstant.com\/app\/uploads\/sites\/14\/2024\/11\/iWhite-Superior-whitening-kit.png\",\"contentUrl\":\"https:\/\/iwhiteinstant.com\/app\/uploads\/sites\/14\/2024\/11\/iWhite-Superior-whitening-kit.png\",\"width\":800,\"height\":800,\"caption\":\"iWhite-Superior-whitening-kit\"},{\"@type\":\"BreadcrumbList\",\"@id\":\"https:\/\/iwhiteinstant.com\/no\/produkt\/iwhite-superior-whitening-kit\/#breadcrumb\",\"itemListElement\":[{\"@type\":\"ListItem\",\"position\":1,\"name\":\"Home\",\"item\":\"https:\/\/iwhiteinstant.com\/no\/\"},{\"@type\":\"ListItem\",\"position\":2,\"name\":\"iWhite-serien\",\"item\":\"https:\/\/iwhiteinstant.com\/no\/iwhite-serien\/\"},{\"@type\":\"ListItem\",\"position\":3,\"name\":\"iWhite Superior Whitening Kit\"}]},{\"@type\":\"WebSite\",\"@id\":\"https:\/\/iwhiteinstant.com\/no\/#website\",\"url\":\"https:\/\/iwhiteinstant.com\/no\/\",\"name\":\"iWhite\",\"description\":\"\",\"publisher\":{\"@id\":\"https:\/\/iwhiteinstant.com\/no\/#organization\"},\"potentialAction\":[{\"@type\":\"SearchAction\",\"target\":{\"@type\":\"EntryPoint\",\"urlTemplate\":\"https:\/\/iwhiteinstant.com\/no\/?s={search_term_string}\"},\"query-input\":{\"@type\":\"PropertyValueSpecification\",\"valueRequired\":true,\"valueName\":\"search_term_string\"}}],\"inLanguage\":\"nb-NO\"},{\"@type\":\"Organization\",\"@id\":\"https:\/\/iwhiteinstant.com\/no\/#organization\",\"name\":\"iWhite\",\"url\":\"https:\/\/iwhiteinstant.com\/no\/\",\"logo\":{\"@type\":\"ImageObject\",\"inLanguage\":\"nb-NO\",\"@id\":\"https:\/\/iwhiteinstant.com\/no\/#\/schema\/logo\/image\/\",\"url\":\"https:\/\/iwhiteinstant.com\/app\/uploads\/sites\/14\/2024\/11\/Iwhite-logo.png\",\"contentUrl\":\"https:\/\/iwhiteinstant.com\/app\/uploads\/sites\/14\/2024\/11\/Iwhite-logo.png\",\"width\":160,\"height\":40,\"caption\":\"iWhite\"},\"image\":{\"@id\":\"https:\/\/iwhiteinstant.com\/no\/#\/schema\/logo\/image\/\"}}]}<\/script>\n<!-- \/ Yoast SEO plugin. -->","yoast_head_json":{"title":"iWhite Superior Whitening Kit - iWhite","description":"iWhite Superior Whitening kit er drevet av den nye og unike tannblekingsteknologien som \u00f8yeblikkelig bleker tennene opptil 8 nyanser og styrker tennene.","robots":{"index":"index","follow":"follow","max-snippet":"max-snippet:-1","max-image-preview":"max-image-preview:large","max-video-preview":"max-video-preview:-1"},"canonical":"https:\/\/iwhiteinstant.com\/no\/produkt\/iwhite-superior-whitening-kit\/","og_locale":"nb_NO","og_type":"article","og_title":"iWhite Superior Whitening Kit - iWhite","og_description":"iWhite Superior Whitening kit er drevet av den nye og unike tannblekingsteknologien som \u00f8yeblikkelig bleker tennene opptil 8 nyanser og styrker tennene.","og_url":"https:\/\/iwhiteinstant.com\/no\/produkt\/iwhite-superior-whitening-kit\/","og_site_name":"iWhite","article_modified_time":"2024-12-20T14:13:01+00:00","og_image":[{"width":800,"height":800,"url":"https:\/\/iwhiteinstant.com\/app\/uploads\/sites\/14\/2024\/11\/iWhite-Superior-whitening-kit.png","type":"image\/png"}],"twitter_card":"summary_large_image","twitter_misc":{"Est. reading time":"3 minutter"},"schema":{"@context":"https:\/\/schema.org","@graph":[{"@type":"WebPage","@id":"https:\/\/iwhiteinstant.com\/no\/produkt\/iwhite-superior-whitening-kit\/","url":"https:\/\/iwhiteinstant.com\/no\/produkt\/iwhite-superior-whitening-kit\/","name":"iWhite Superior Whitening Kit - iWhite","isPartOf":{"@id":"https:\/\/iwhiteinstant.com\/no\/#website"},"primaryImageOfPage":{"@id":"https:\/\/iwhiteinstant.com\/no\/produkt\/iwhite-superior-whitening-kit\/#primaryimage"},"image":{"@id":"https:\/\/iwhiteinstant.com\/no\/produkt\/iwhite-superior-whitening-kit\/#primaryimage"},"thumbnailUrl":"https:\/\/iwhiteinstant.com\/app\/uploads\/sites\/14\/2024\/11\/iWhite-Superior-whitening-kit.png","datePublished":"2024-11-12T07:33:59+00:00","dateModified":"2024-12-20T14:13:01+00:00","description":"iWhite Superior Whitening kit er drevet av den nye og unike tannblekingsteknologien som \u00f8yeblikkelig bleker tennene opptil 8 nyanser og styrker tennene.","breadcrumb":{"@id":"https:\/\/iwhiteinstant.com\/no\/produkt\/iwhite-superior-whitening-kit\/#breadcrumb"},"inLanguage":"nb-NO","potentialAction":[{"@type":"ReadAction","target":["https:\/\/iwhiteinstant.com\/no\/produkt\/iwhite-superior-whitening-kit\/"]}]},{"@type":"ImageObject","inLanguage":"nb-NO","@id":"https:\/\/iwhiteinstant.com\/no\/produkt\/iwhite-superior-whitening-kit\/#primaryimage","url":"https:\/\/iwhiteinstant.com\/app\/uploads\/sites\/14\/2024\/11\/iWhite-Superior-whitening-kit.png","contentUrl":"https:\/\/iwhiteinstant.com\/app\/uploads\/sites\/14\/2024\/11\/iWhite-Superior-whitening-kit.png","width":800,"height":800,"caption":"iWhite-Superior-whitening-kit"},{"@type":"BreadcrumbList","@id":"https:\/\/iwhiteinstant.com\/no\/produkt\/iwhite-superior-whitening-kit\/#breadcrumb","itemListElement":[{"@type":"ListItem","position":1,"name":"Home","item":"https:\/\/iwhiteinstant.com\/no\/"},{"@type":"ListItem","position":2,"name":"iWhite-serien","item":"https:\/\/iwhiteinstant.com\/no\/iwhite-serien\/"},{"@type":"ListItem","position":3,"name":"iWhite Superior Whitening Kit"}]},{"@type":"WebSite","@id":"https:\/\/iwhiteinstant.com\/no\/#website","url":"https:\/\/iwhiteinstant.com\/no\/","name":"iWhite","description":"","publisher":{"@id":"https:\/\/iwhiteinstant.com\/no\/#organization"},"potentialAction":[{"@type":"SearchAction","target":{"@type":"EntryPoint","urlTemplate":"https:\/\/iwhiteinstant.com\/no\/?s={search_term_string}"},"query-input":{"@type":"PropertyValueSpecification","valueRequired":true,"valueName":"search_term_string"}}],"inLanguage":"nb-NO"},{"@type":"Organization","@id":"https:\/\/iwhiteinstant.com\/no\/#organization","name":"iWhite","url":"https:\/\/iwhiteinstant.com\/no\/","logo":{"@type":"ImageObject","inLanguage":"nb-NO","@id":"https:\/\/iwhiteinstant.com\/no\/#\/schema\/logo\/image\/","url":"https:\/\/iwhiteinstant.com\/app\/uploads\/sites\/14\/2024\/11\/Iwhite-logo.png","contentUrl":"https:\/\/iwhiteinstant.com\/app\/uploads\/sites\/14\/2024\/11\/Iwhite-logo.png","width":160,"height":40,"caption":"iWhite"},"image":{"@id":"https:\/\/iwhiteinstant.com\/no\/#\/schema\/logo\/image\/"}}]}},"_links":{"self":[{"href":"https:\/\/iwhiteinstant.com\/no\/wp-json\/wp\/v2\/product\/77","targetHints":{"allow":["GET"]}}],"collection":[{"href":"https:\/\/iwhiteinstant.com\/no\/wp-json\/wp\/v2\/product"}],"about":[{"href":"https:\/\/iwhiteinstant.com\/no\/wp-json\/wp\/v2\/types\/product"}],"replies":[{"embeddable":true,"href":"https:\/\/iwhiteinstant.com\/no\/wp-json\/wp\/v2\/comments?post=77"}],"version-history":[{"count":3,"href":"https:\/\/iwhiteinstant.com\/no\/wp-json\/wp\/v2\/product\/77\/revisions"}],"predecessor-version":[{"id":131,"href":"https:\/\/iwhiteinstant.com\/no\/wp-json\/wp\/v2\/product\/77\/revisions\/131"}],"wp:featuredmedia":[{"embeddable":true,"href":"https:\/\/iwhiteinstant.com\/no\/wp-json\/wp\/v2\/media\/78"}],"wp:attachment":[{"href":"https:\/\/iwhiteinstant.com\/no\/wp-json\/wp\/v2\/media?parent=77"}],"wp:term":[{"taxonomy":"product_brand","embeddable":true,"href":"https:\/\/iwhiteinstant.com\/no\/wp-json\/wp\/v2\/product_brand?post=77"},{"taxonomy":"product_cat","embeddable":true,"href":"https:\/\/iwhiteinstant.com\/no\/wp-json\/wp\/v2\/product_cat?post=77"},{"taxonomy":"product_tag","embeddable":true,"href":"https:\/\/iwhiteinstant.com\/no\/wp-json\/wp\/v2\/product_tag?post=77"}],"curies":[{"name":"wp","href":"https:\/\/api.w.org\/{rel}","templated":true}]}}