{"id":80,"date":"2024-11-12T08:34:45","date_gmt":"2024-11-12T07:34:45","guid":{"rendered":"https:\/\/iwhiteinstant.com\/no\/?post_type=product&#038;p=80"},"modified":"2024-12-20T15:12:59","modified_gmt":"2024-12-20T14:12:59","slug":"iwhite-supreme-tannpasta","status":"publish","type":"product","link":"https:\/\/iwhiteinstant.com\/no\/produkt\/iwhite-supreme-tannpasta\/","title":{"rendered":"iWhite Supreme Tannpasta"},"content":{"rendered":"\n<div class=\"wp-block-karopharma-free-text pt-large pb-small bg-center bg-cover bg-no-repeat\" style=\"background-image:url()\"><div class=\"free-text-wrapper container max-w-medium text-left\">\n<h2 class=\"wp-block-heading is-style-heading-h2\">N\u00e5r to blir \u00e9n: en kombinasjon av unike teknologier<\/h2>\n\n\n\n<p>iWhite er kjent for sin unike iWhite-teknologi med P.A.P., som er et sterkt flekkfjernende molekyl som bryter ned misfargingene p\u00e5 tennene i sm\u00e5 biter uten \u00e5 p\u00e5virke tannstrukturen. Derfor er tannemaljen og tannkj\u00f8ttet ditt helt trygt fordi iWhite-teknologien utelukkende virker p\u00e5 selve flekkene p\u00e5 tennene, noe som f\u00f8rer til klart hvitere tenner og gir deg det str\u00e5lende hvite smilet.<\/p>\n\n\n\n<p>Med et kontinuerlig innovativt tankesett har iWhite utviklet en ny teknologi som st\u00f8tter iWhite-teknologien og gj\u00f8r det mulig \u00e5 oppn\u00e5 enda bedre resultater.<\/p>\n<\/div><\/div>\n\n\n\n<div class=\"wp-block-karopharma-product-promotion text-align-right pt-medium pb-medium bg-center bg-cover bg-no-repeat\" style=\"background-image:url()\"><div class=\"container max-w-medium\">\n<div class=\"wp-block-group is-layout-flow wp-block-group-is-layout-flow\">\n<figure class=\"wp-block-karopharma-product-promotion-image product-promotion-image\"><img fetchpriority=\"high\" decoding=\"async\" datatest=\"image\" src=\"https:\/\/iwhiteinstant.com\/cdn-cgi\/image\/format=auto\/app\/uploads\/sites\/14\/2024\/11\/Active-Micropearls-Technology.png\" loading=\"eager\" alt=\"Active-Micropearls-Technology\" width=\"518\" height=\"432\" srcset=\"https:\/\/iwhiteinstant.com\/cdn-cgi\/image\/format=auto,width=584\/app\/uploads\/sites\/14\/2024\/11\/Active-Micropearls-Technology.png 584w, https:\/\/iwhiteinstant.com\/cdn-cgi\/image\/format=auto,width=272\/app\/uploads\/sites\/14\/2024\/11\/Active-Micropearls-Technology.png 272w\" sizes=\"(max-width: 584px) 100vw, 584px\"\/><\/figure>\n<\/div>\n\n\n\n<div class=\"wp-block-group is-layout-flow wp-block-group-is-layout-flow\">\n<h2 class=\"wp-block-heading heading is-style-heading-h4\">Bli kjent med iWhites nyeste Active Micropearls-teknologi<\/h2>\n\n\n\n<p class=\"paragraph is-style-paragraph-body-text\">Ved \u00e5 bruke Active Micropearls Technology er det mulig \u00e5 f\u00e5 en m\u00e5lrettet frigj\u00f8ring av de aktive ingrediensene. S\u00e5 n\u00e5r du pusser tennene, er det f\u00f8rst da de konsentrerte virkestoffene frigj\u00f8res direkte til emaljen. I iWhite Supreme Whitening Toothpaste innkapsler Active Micropearls Technology flekkn\u00f8ytraliserende aktive stoffer: pyrofosfater. Disse aktive stoffene danner en beskyttende barriere over tannoverflaten og bidrar til \u00e5 forhindre misfarging av tennene.<\/p>\n<\/div>\n<\/div><\/div>\n\n\n\n<div class=\"wp-block-karopharma-free-text pt-small pb-large bg-center bg-cover bg-no-repeat\" style=\"background-image:url()\"><div class=\"free-text-wrapper container max-w-medium text-left\">\n<h3 class=\"wp-block-heading is-style-heading-h4 has-primary-color has-text-color\">&laquo;Mens andre produkter kan miste sin effektivitet fordi ingrediensene fordamper, beholder iWhite&#8217;s Supreme Toothpaste kontinuerlig de sterke, aktive ingrediensene takket v\u00e6re mikroperlene.&raquo;<\/h3>\n<\/div><\/div>\n\n\n\n<div class=\"wp-block-karopharma-free-text pt-large pb-large bg-center bg-cover bg-no-repeat  is-style-primary\" style=\"background-image:url()\"><div class=\"free-text-wrapper container max-w-medium text-center\">\n<h3 class=\"wp-block-heading is-style-heading-h2\">Rutine gir det beste resultatet<\/h3>\n\n\n\n<p class=\"is-style-paragraph-preamble\">For \u00e5 oppn\u00e5 de beste blekeresultatene er det viktig \u00e5 opprettholde en rutine. Du kan kombinere tannkremen v\u00e5r med v\u00e5rt blekingssett (m\u00e5nedlig) og med v\u00e5rt munnskyllevann og interdentalbleking (daglig).<\/p>\n\n\n\n<div class=\"wp-block-buttons is-layout-flex wp-block-buttons-is-layout-flex\">\n<div class=\"wp-block-button\"><a class=\"wp-block-button__link wp-element-button\" href=\"https:\/\/iwhiteinstant.com\/no\/iwhite-rutinen\/\">Les mer om iWhite-rutinen<\/a><\/div>\n<\/div>\n<\/div><\/div>\n","protected":false},"excerpt":{"rendered":"<p>Bleker og beskytter tennene ved \u00e5 lage et beskyttende lag p\u00e5 tennene.<\/p>\n","protected":false},"featured_media":81,"comment_status":"closed","ping_status":"closed","template":"","meta":{"_acf_changed":false,"footnotes":""},"product_brand":[],"product_cat":[19],"product_tag":[],"class_list":{"0":"post-80","1":"product","2":"type-product","3":"status-publish","4":"has-post-thumbnail","6":"product_cat-tannpasta","8":"first","9":"instock","10":"shipping-taxable","11":"product-type-simple"},"acf":[],"yoast_head":"<!-- This site is optimized with the Yoast SEO plugin v26.6 - https:\/\/yoast.com\/wordpress\/plugins\/seo\/ -->\n<title>iWhite Supreme Tannpasta - iWhite<\/title>\n<meta name=\"description\" content=\"iWhite Supreme Tannkrem er perfekt for \u00e5 bleke tennene dine p\u00e5 daglig basis og for \u00e5 beskytte tennene dine mot ytre p\u00e5virkninger.\" \/>\n<meta name=\"robots\" content=\"index, follow, max-snippet:-1, max-image-preview:large, max-video-preview:-1\" \/>\n<link rel=\"canonical\" href=\"https:\/\/iwhiteinstant.com\/no\/produkt\/iwhite-supreme-tannpasta\/\" \/>\n<meta property=\"og:locale\" content=\"nb_NO\" \/>\n<meta property=\"og:type\" content=\"article\" \/>\n<meta property=\"og:title\" content=\"iWhite Supreme Tannpasta - iWhite\" \/>\n<meta property=\"og:description\" content=\"iWhite Supreme Tannkrem er perfekt for \u00e5 bleke tennene dine p\u00e5 daglig basis og for \u00e5 beskytte tennene dine mot ytre p\u00e5virkninger.\" \/>\n<meta property=\"og:url\" content=\"https:\/\/iwhiteinstant.com\/no\/produkt\/iwhite-supreme-tannpasta\/\" \/>\n<meta property=\"og:site_name\" content=\"iWhite\" \/>\n<meta property=\"article:modified_time\" content=\"2024-12-20T14:12:59+00:00\" \/>\n<meta property=\"og:image\" content=\"https:\/\/iwhiteinstant.com\/app\/uploads\/sites\/14\/2024\/11\/iWhite-Supreme-toothpaste.png\" \/>\n\t<meta property=\"og:image:width\" content=\"800\" \/>\n\t<meta property=\"og:image:height\" content=\"800\" \/>\n\t<meta property=\"og:image:type\" content=\"image\/png\" \/>\n<meta name=\"twitter:card\" content=\"summary_large_image\" \/>\n<meta name=\"twitter:label1\" content=\"Est. reading time\" \/>\n\t<meta name=\"twitter:data1\" content=\"2 minutter\" \/>\n<script type=\"application\/ld+json\" class=\"yoast-schema-graph\">{\"@context\":\"https:\/\/schema.org\",\"@graph\":[{\"@type\":\"WebPage\",\"@id\":\"https:\/\/iwhiteinstant.com\/no\/produkt\/iwhite-supreme-tannpasta\/\",\"url\":\"https:\/\/iwhiteinstant.com\/no\/produkt\/iwhite-supreme-tannpasta\/\",\"name\":\"iWhite Supreme Tannpasta - iWhite\",\"isPartOf\":{\"@id\":\"https:\/\/iwhiteinstant.com\/no\/#website\"},\"primaryImageOfPage\":{\"@id\":\"https:\/\/iwhiteinstant.com\/no\/produkt\/iwhite-supreme-tannpasta\/#primaryimage\"},\"image\":{\"@id\":\"https:\/\/iwhiteinstant.com\/no\/produkt\/iwhite-supreme-tannpasta\/#primaryimage\"},\"thumbnailUrl\":\"https:\/\/iwhiteinstant.com\/app\/uploads\/sites\/14\/2024\/11\/iWhite-Supreme-toothpaste.png\",\"datePublished\":\"2024-11-12T07:34:45+00:00\",\"dateModified\":\"2024-12-20T14:12:59+00:00\",\"description\":\"iWhite Supreme Tannkrem er perfekt for \u00e5 bleke tennene dine p\u00e5 daglig basis og for \u00e5 beskytte tennene dine mot ytre p\u00e5virkninger.\",\"breadcrumb\":{\"@id\":\"https:\/\/iwhiteinstant.com\/no\/produkt\/iwhite-supreme-tannpasta\/#breadcrumb\"},\"inLanguage\":\"nb-NO\",\"potentialAction\":[{\"@type\":\"ReadAction\",\"target\":[\"https:\/\/iwhiteinstant.com\/no\/produkt\/iwhite-supreme-tannpasta\/\"]}]},{\"@type\":\"ImageObject\",\"inLanguage\":\"nb-NO\",\"@id\":\"https:\/\/iwhiteinstant.com\/no\/produkt\/iwhite-supreme-tannpasta\/#primaryimage\",\"url\":\"https:\/\/iwhiteinstant.com\/app\/uploads\/sites\/14\/2024\/11\/iWhite-Supreme-toothpaste.png\",\"contentUrl\":\"https:\/\/iwhiteinstant.com\/app\/uploads\/sites\/14\/2024\/11\/iWhite-Supreme-toothpaste.png\",\"width\":800,\"height\":800,\"caption\":\"iWhite Supreme Tannpasta\"},{\"@type\":\"BreadcrumbList\",\"@id\":\"https:\/\/iwhiteinstant.com\/no\/produkt\/iwhite-supreme-tannpasta\/#breadcrumb\",\"itemListElement\":[{\"@type\":\"ListItem\",\"position\":1,\"name\":\"Home\",\"item\":\"https:\/\/iwhiteinstant.com\/no\/\"},{\"@type\":\"ListItem\",\"position\":2,\"name\":\"iWhite-serien\",\"item\":\"https:\/\/iwhiteinstant.com\/no\/iwhite-serien\/\"},{\"@type\":\"ListItem\",\"position\":3,\"name\":\"iWhite Supreme Tannpasta\"}]},{\"@type\":\"WebSite\",\"@id\":\"https:\/\/iwhiteinstant.com\/no\/#website\",\"url\":\"https:\/\/iwhiteinstant.com\/no\/\",\"name\":\"iWhite\",\"description\":\"\",\"publisher\":{\"@id\":\"https:\/\/iwhiteinstant.com\/no\/#organization\"},\"potentialAction\":[{\"@type\":\"SearchAction\",\"target\":{\"@type\":\"EntryPoint\",\"urlTemplate\":\"https:\/\/iwhiteinstant.com\/no\/?s={search_term_string}\"},\"query-input\":{\"@type\":\"PropertyValueSpecification\",\"valueRequired\":true,\"valueName\":\"search_term_string\"}}],\"inLanguage\":\"nb-NO\"},{\"@type\":\"Organization\",\"@id\":\"https:\/\/iwhiteinstant.com\/no\/#organization\",\"name\":\"iWhite\",\"url\":\"https:\/\/iwhiteinstant.com\/no\/\",\"logo\":{\"@type\":\"ImageObject\",\"inLanguage\":\"nb-NO\",\"@id\":\"https:\/\/iwhiteinstant.com\/no\/#\/schema\/logo\/image\/\",\"url\":\"https:\/\/iwhiteinstant.com\/app\/uploads\/sites\/14\/2024\/11\/Iwhite-logo.png\",\"contentUrl\":\"https:\/\/iwhiteinstant.com\/app\/uploads\/sites\/14\/2024\/11\/Iwhite-logo.png\",\"width\":160,\"height\":40,\"caption\":\"iWhite\"},\"image\":{\"@id\":\"https:\/\/iwhiteinstant.com\/no\/#\/schema\/logo\/image\/\"}}]}<\/script>\n<!-- \/ Yoast SEO plugin. -->","yoast_head_json":{"title":"iWhite Supreme Tannpasta - iWhite","description":"iWhite Supreme Tannkrem er perfekt for \u00e5 bleke tennene dine p\u00e5 daglig basis og for \u00e5 beskytte tennene dine mot ytre p\u00e5virkninger.","robots":{"index":"index","follow":"follow","max-snippet":"max-snippet:-1","max-image-preview":"max-image-preview:large","max-video-preview":"max-video-preview:-1"},"canonical":"https:\/\/iwhiteinstant.com\/no\/produkt\/iwhite-supreme-tannpasta\/","og_locale":"nb_NO","og_type":"article","og_title":"iWhite Supreme Tannpasta - iWhite","og_description":"iWhite Supreme Tannkrem er perfekt for \u00e5 bleke tennene dine p\u00e5 daglig basis og for \u00e5 beskytte tennene dine mot ytre p\u00e5virkninger.","og_url":"https:\/\/iwhiteinstant.com\/no\/produkt\/iwhite-supreme-tannpasta\/","og_site_name":"iWhite","article_modified_time":"2024-12-20T14:12:59+00:00","og_image":[{"width":800,"height":800,"url":"https:\/\/iwhiteinstant.com\/app\/uploads\/sites\/14\/2024\/11\/iWhite-Supreme-toothpaste.png","type":"image\/png"}],"twitter_card":"summary_large_image","twitter_misc":{"Est. reading time":"2 minutter"},"schema":{"@context":"https:\/\/schema.org","@graph":[{"@type":"WebPage","@id":"https:\/\/iwhiteinstant.com\/no\/produkt\/iwhite-supreme-tannpasta\/","url":"https:\/\/iwhiteinstant.com\/no\/produkt\/iwhite-supreme-tannpasta\/","name":"iWhite Supreme Tannpasta - iWhite","isPartOf":{"@id":"https:\/\/iwhiteinstant.com\/no\/#website"},"primaryImageOfPage":{"@id":"https:\/\/iwhiteinstant.com\/no\/produkt\/iwhite-supreme-tannpasta\/#primaryimage"},"image":{"@id":"https:\/\/iwhiteinstant.com\/no\/produkt\/iwhite-supreme-tannpasta\/#primaryimage"},"thumbnailUrl":"https:\/\/iwhiteinstant.com\/app\/uploads\/sites\/14\/2024\/11\/iWhite-Supreme-toothpaste.png","datePublished":"2024-11-12T07:34:45+00:00","dateModified":"2024-12-20T14:12:59+00:00","description":"iWhite Supreme Tannkrem er perfekt for \u00e5 bleke tennene dine p\u00e5 daglig basis og for \u00e5 beskytte tennene dine mot ytre p\u00e5virkninger.","breadcrumb":{"@id":"https:\/\/iwhiteinstant.com\/no\/produkt\/iwhite-supreme-tannpasta\/#breadcrumb"},"inLanguage":"nb-NO","potentialAction":[{"@type":"ReadAction","target":["https:\/\/iwhiteinstant.com\/no\/produkt\/iwhite-supreme-tannpasta\/"]}]},{"@type":"ImageObject","inLanguage":"nb-NO","@id":"https:\/\/iwhiteinstant.com\/no\/produkt\/iwhite-supreme-tannpasta\/#primaryimage","url":"https:\/\/iwhiteinstant.com\/app\/uploads\/sites\/14\/2024\/11\/iWhite-Supreme-toothpaste.png","contentUrl":"https:\/\/iwhiteinstant.com\/app\/uploads\/sites\/14\/2024\/11\/iWhite-Supreme-toothpaste.png","width":800,"height":800,"caption":"iWhite Supreme Tannpasta"},{"@type":"BreadcrumbList","@id":"https:\/\/iwhiteinstant.com\/no\/produkt\/iwhite-supreme-tannpasta\/#breadcrumb","itemListElement":[{"@type":"ListItem","position":1,"name":"Home","item":"https:\/\/iwhiteinstant.com\/no\/"},{"@type":"ListItem","position":2,"name":"iWhite-serien","item":"https:\/\/iwhiteinstant.com\/no\/iwhite-serien\/"},{"@type":"ListItem","position":3,"name":"iWhite Supreme Tannpasta"}]},{"@type":"WebSite","@id":"https:\/\/iwhiteinstant.com\/no\/#website","url":"https:\/\/iwhiteinstant.com\/no\/","name":"iWhite","description":"","publisher":{"@id":"https:\/\/iwhiteinstant.com\/no\/#organization"},"potentialAction":[{"@type":"SearchAction","target":{"@type":"EntryPoint","urlTemplate":"https:\/\/iwhiteinstant.com\/no\/?s={search_term_string}"},"query-input":{"@type":"PropertyValueSpecification","valueRequired":true,"valueName":"search_term_string"}}],"inLanguage":"nb-NO"},{"@type":"Organization","@id":"https:\/\/iwhiteinstant.com\/no\/#organization","name":"iWhite","url":"https:\/\/iwhiteinstant.com\/no\/","logo":{"@type":"ImageObject","inLanguage":"nb-NO","@id":"https:\/\/iwhiteinstant.com\/no\/#\/schema\/logo\/image\/","url":"https:\/\/iwhiteinstant.com\/app\/uploads\/sites\/14\/2024\/11\/Iwhite-logo.png","contentUrl":"https:\/\/iwhiteinstant.com\/app\/uploads\/sites\/14\/2024\/11\/Iwhite-logo.png","width":160,"height":40,"caption":"iWhite"},"image":{"@id":"https:\/\/iwhiteinstant.com\/no\/#\/schema\/logo\/image\/"}}]}},"_links":{"self":[{"href":"https:\/\/iwhiteinstant.com\/no\/wp-json\/wp\/v2\/product\/80","targetHints":{"allow":["GET"]}}],"collection":[{"href":"https:\/\/iwhiteinstant.com\/no\/wp-json\/wp\/v2\/product"}],"about":[{"href":"https:\/\/iwhiteinstant.com\/no\/wp-json\/wp\/v2\/types\/product"}],"replies":[{"embeddable":true,"href":"https:\/\/iwhiteinstant.com\/no\/wp-json\/wp\/v2\/comments?post=80"}],"version-history":[{"count":3,"href":"https:\/\/iwhiteinstant.com\/no\/wp-json\/wp\/v2\/product\/80\/revisions"}],"predecessor-version":[{"id":127,"href":"https:\/\/iwhiteinstant.com\/no\/wp-json\/wp\/v2\/product\/80\/revisions\/127"}],"wp:featuredmedia":[{"embeddable":true,"href":"https:\/\/iwhiteinstant.com\/no\/wp-json\/wp\/v2\/media\/81"}],"wp:attachment":[{"href":"https:\/\/iwhiteinstant.com\/no\/wp-json\/wp\/v2\/media?parent=80"}],"wp:term":[{"taxonomy":"product_brand","embeddable":true,"href":"https:\/\/iwhiteinstant.com\/no\/wp-json\/wp\/v2\/product_brand?post=80"},{"taxonomy":"product_cat","embeddable":true,"href":"https:\/\/iwhiteinstant.com\/no\/wp-json\/wp\/v2\/product_cat?post=80"},{"taxonomy":"product_tag","embeddable":true,"href":"https:\/\/iwhiteinstant.com\/no\/wp-json\/wp\/v2\/product_tag?post=80"}],"curies":[{"name":"wp","href":"https:\/\/api.w.org\/{rel}","templated":true}]}}