{"id":83,"date":"2024-11-12T08:35:23","date_gmt":"2024-11-12T07:35:23","guid":{"rendered":"https:\/\/iwhiteinstant.com\/no\/?post_type=product&#038;p=83"},"modified":"2025-01-22T08:51:11","modified_gmt":"2025-01-22T07:51:11","slug":"iwhite-dark-stains-tannpasta","status":"publish","type":"product","link":"https:\/\/iwhiteinstant.com\/no\/produkt\/iwhite-dark-stains-tannpasta\/","title":{"rendered":"iWhite Dark Stains Tannpasta"},"content":{"rendered":"\n<div class=\"wp-block-karopharma-free-text pt-large pb-large bg-center bg-cover bg-no-repeat  is-style-transparent\" style=\"background-image:url()\"><div class=\"free-text-wrapper container max-w-medium text-center\">\n<h3 class=\"wp-block-heading is-style-heading-h2\">Rutine gir det beste resultatet<\/h3>\n\n\n\n<p class=\"is-style-paragraph-preamble\">For \u00e5 oppn\u00e5 de beste blekeresultatene er det viktig \u00e5 opprettholde en rutine. Du kan kombinere tannkremen v\u00e5r med flere andre produkter (for eksempel munnskyllevann eller mellomromsblekemiddel) som en daglig blekebehandling.<\/p>\n\n\n\n<div class=\"wp-block-buttons is-layout-flex wp-block-buttons-is-layout-flex\">\n<div class=\"wp-block-button\"><a class=\"wp-block-button__link wp-element-button\" href=\"https:\/\/iwhiteinstant.com\/no\/iwhite-rutinen\/\">Les mer om iWhite-rutinen<\/a><\/div>\n<\/div>\n<\/div><\/div>\n\n\n<div class=\"product-list wp-block-karopharma-product-list is-style-primary\" data-testid=\"product-list\">\n      <div class=\"swiper-container\">\n      <div class=\"swiper\">\n        <div class=\"swiper-wrapper\">\n                      <div class=\"swiper-slide\">\n              <div class=\"product-card\" data-testid=\"product-card\">\n  <a\n    href=https:\/\/iwhiteinstant.com\/no\/produkt\/iwhite-dark-stains-whitening-kit\/\n    class=\"product-card-link\"\n    title=\"iWhite Dark Stains Whitening Kit\"\n  >\n  <figure class=\"product-card-image\" data-testid=\"product-image\">\n                          <img decoding=\"async\" src=\"https:\/\/iwhiteinstant.com\/cdn-cgi\/image\/width=700,format=auto\/app\/uploads\/sites\/14\/2024\/11\/iWhite-Dark-stains-whitening-kit.png\"\n        srcset=\"https:\/\/iwhiteinstant.com\/cdn-cgi\/image\/width=250,format=auto\/app\/uploads\/sites\/14\/2024\/11\/iWhite-Dark-stains-whitening-kit.png 250w,\n                https:\/\/iwhiteinstant.com\/cdn-cgi\/image\/width=500,format=auto\/app\/uploads\/sites\/14\/2024\/11\/iWhite-Dark-stains-whitening-kit.png 500w,\n                https:\/\/iwhiteinstant.com\/cdn-cgi\/image\/width=700,format=auto\/app\/uploads\/sites\/14\/2024\/11\/iWhite-Dark-stains-whitening-kit.png 700w\"\n        sizes=\"(max-width: 400px) 250px, (max-width: 800px) 500px, 700px\"\n        alt=\"iWhite Dark Stains Whitening Kit\"\n        class=\"img\">\n            <\/figure>\n    <div class=\"product-card-content\">\n      <div class=\"heading-wrapper\">\n        <h2 class=\"heading\">iWhite Dark Stains Whitening Kit<\/h2>\n      <\/div>\n      <div class=\"product-card-description\">Whitening kit for \u00e5 fjerne flekker fra kaffe, te, tobakk og r\u00f8dvin.<\/div>\n                      <\/div>\n  <\/a>\n          <div class=\"button-wrapper buy-now \" data-testid=\"buy-now\">\n      <div class=\"buy-now-container dropdown-container\">\n      <div class=\"theme-button button-primary-color dropdown-link\" aria-label=\"Kj\u00f8p n\u00e5\">\n          Kj\u00f8p n\u00e5 <i class=\"dropdown\"><\/i>\n      <\/div>\n      <ul class=\"reseller-list submenu\">\n                    <li>\n              <a\n                href=\"https:\/\/www.apotera.no\/iwhite-dark-stains-retail-kit-1-stk\" onclick=\"dataLayer.push({'event':'ga_event', 'eventCategory':'Click on Reseller', 'eventAction':'Apotera', 'eventLabel':'iWhite Dark Stains Whitening Kit', 'eventValue': undefined})\" rel=\"noopener\" target=\"_blank\" title=\"Apotera\"\n                data-testid=\"buy-now-reseller\">\n                <i class=\"fa-solid fa-arrow-right\"><\/i> Apotera\n              <\/a>\n          <\/li>\n                    <li>\n              <a\n                href=\"https:\/\/www.vitusapotek.no\/munn-og-tann\/tannbleking-hjemme\/iwhite-dark-stains-flekkfjerner\/p\/950254\" onclick=\"dataLayer.push({'event':'ga_event', 'eventCategory':'Click on Reseller', 'eventAction':'Vitusapotek', 'eventLabel':'iWhite Dark Stains Whitening Kit', 'eventValue': undefined})\" rel=\"noopener\" target=\"_blank\" title=\"Vitusapotek\"\n                data-testid=\"buy-now-reseller\">\n                <i class=\"fa-solid fa-arrow-right\"><\/i> Vitusapotek\n              <\/a>\n          <\/li>\n                <\/ul>\n    <\/div>\n  <\/div>\n  <\/div>\n            <\/div>\n                  <\/div>\n        <div class=\"swiper-scrollbar\"><\/div>\n      <\/div>\n    <\/div>\n  <\/div>\n","protected":false},"excerpt":{"rendered":"<p>Tannpasta som hjelper til med \u00e5 fjerne flekker fra kaffe, te, tobakk og vin.<\/p>\n","protected":false},"featured_media":84,"comment_status":"closed","ping_status":"closed","template":"","meta":{"_acf_changed":false,"footnotes":""},"product_brand":[],"product_cat":[19],"product_tag":[],"class_list":{"0":"post-83","1":"product","2":"type-product","3":"status-publish","4":"has-post-thumbnail","6":"product_cat-tannpasta","8":"first","9":"instock","10":"shipping-taxable","11":"product-type-simple"},"acf":[],"yoast_head":"<!-- This site is optimized with the Yoast SEO plugin v26.6 - https:\/\/yoast.com\/wordpress\/plugins\/seo\/ -->\n<title>iWhite Dark Stains Tannpasta - iWhite<\/title>\n<meta name=\"description\" content=\"iWhite Dark Stains Toothpaste bruker Dark Pigment Adsorption Technology. Denne teknologien retter seg aktivt mot m\u00f8rke flekker ved \u00e5 adsorbere og eliminere fargede stoffer.\" \/>\n<meta name=\"robots\" content=\"index, follow, max-snippet:-1, max-image-preview:large, max-video-preview:-1\" \/>\n<link rel=\"canonical\" href=\"https:\/\/iwhiteinstant.com\/no\/produkt\/iwhite-dark-stains-tannpasta\/\" \/>\n<meta property=\"og:locale\" content=\"nb_NO\" \/>\n<meta property=\"og:type\" content=\"article\" \/>\n<meta property=\"og:title\" content=\"iWhite Dark Stains Tannpasta - iWhite\" \/>\n<meta property=\"og:description\" content=\"iWhite Dark Stains Toothpaste bruker Dark Pigment Adsorption Technology. Denne teknologien retter seg aktivt mot m\u00f8rke flekker ved \u00e5 adsorbere og eliminere fargede stoffer.\" \/>\n<meta property=\"og:url\" content=\"https:\/\/iwhiteinstant.com\/no\/produkt\/iwhite-dark-stains-tannpasta\/\" \/>\n<meta property=\"og:site_name\" content=\"iWhite\" \/>\n<meta property=\"article:modified_time\" content=\"2025-01-22T07:51:11+00:00\" \/>\n<meta property=\"og:image\" content=\"https:\/\/iwhiteinstant.com\/app\/uploads\/sites\/14\/2024\/11\/iWhite-Advanced-dark-stains-toothpaste.png\" \/>\n\t<meta property=\"og:image:width\" content=\"800\" \/>\n\t<meta property=\"og:image:height\" content=\"800\" \/>\n\t<meta property=\"og:image:type\" content=\"image\/png\" \/>\n<meta name=\"twitter:card\" content=\"summary_large_image\" \/>\n<meta name=\"twitter:label1\" content=\"Est. reading time\" \/>\n\t<meta name=\"twitter:data1\" content=\"1 minutt\" \/>\n<script type=\"application\/ld+json\" class=\"yoast-schema-graph\">{\"@context\":\"https:\/\/schema.org\",\"@graph\":[{\"@type\":\"WebPage\",\"@id\":\"https:\/\/iwhiteinstant.com\/no\/produkt\/iwhite-dark-stains-tannpasta\/\",\"url\":\"https:\/\/iwhiteinstant.com\/no\/produkt\/iwhite-dark-stains-tannpasta\/\",\"name\":\"iWhite Dark Stains Tannpasta - iWhite\",\"isPartOf\":{\"@id\":\"https:\/\/iwhiteinstant.com\/no\/#website\"},\"primaryImageOfPage\":{\"@id\":\"https:\/\/iwhiteinstant.com\/no\/produkt\/iwhite-dark-stains-tannpasta\/#primaryimage\"},\"image\":{\"@id\":\"https:\/\/iwhiteinstant.com\/no\/produkt\/iwhite-dark-stains-tannpasta\/#primaryimage\"},\"thumbnailUrl\":\"https:\/\/iwhiteinstant.com\/app\/uploads\/sites\/14\/2024\/11\/iWhite-Advanced-dark-stains-toothpaste.png\",\"datePublished\":\"2024-11-12T07:35:23+00:00\",\"dateModified\":\"2025-01-22T07:51:11+00:00\",\"description\":\"iWhite Dark Stains Toothpaste bruker Dark Pigment Adsorption Technology. Denne teknologien retter seg aktivt mot m\u00f8rke flekker ved \u00e5 adsorbere og eliminere fargede stoffer.\",\"breadcrumb\":{\"@id\":\"https:\/\/iwhiteinstant.com\/no\/produkt\/iwhite-dark-stains-tannpasta\/#breadcrumb\"},\"inLanguage\":\"nb-NO\",\"potentialAction\":[{\"@type\":\"ReadAction\",\"target\":[\"https:\/\/iwhiteinstant.com\/no\/produkt\/iwhite-dark-stains-tannpasta\/\"]}]},{\"@type\":\"ImageObject\",\"inLanguage\":\"nb-NO\",\"@id\":\"https:\/\/iwhiteinstant.com\/no\/produkt\/iwhite-dark-stains-tannpasta\/#primaryimage\",\"url\":\"https:\/\/iwhiteinstant.com\/app\/uploads\/sites\/14\/2024\/11\/iWhite-Advanced-dark-stains-toothpaste.png\",\"contentUrl\":\"https:\/\/iwhiteinstant.com\/app\/uploads\/sites\/14\/2024\/11\/iWhite-Advanced-dark-stains-toothpaste.png\",\"width\":800,\"height\":800,\"caption\":\"iWhite Dark Stains Tannpasta\"},{\"@type\":\"BreadcrumbList\",\"@id\":\"https:\/\/iwhiteinstant.com\/no\/produkt\/iwhite-dark-stains-tannpasta\/#breadcrumb\",\"itemListElement\":[{\"@type\":\"ListItem\",\"position\":1,\"name\":\"Home\",\"item\":\"https:\/\/iwhiteinstant.com\/no\/\"},{\"@type\":\"ListItem\",\"position\":2,\"name\":\"iWhite-serien\",\"item\":\"https:\/\/iwhiteinstant.com\/no\/iwhite-serien\/\"},{\"@type\":\"ListItem\",\"position\":3,\"name\":\"iWhite Dark Stains Tannpasta\"}]},{\"@type\":\"WebSite\",\"@id\":\"https:\/\/iwhiteinstant.com\/no\/#website\",\"url\":\"https:\/\/iwhiteinstant.com\/no\/\",\"name\":\"iWhite\",\"description\":\"\",\"publisher\":{\"@id\":\"https:\/\/iwhiteinstant.com\/no\/#organization\"},\"potentialAction\":[{\"@type\":\"SearchAction\",\"target\":{\"@type\":\"EntryPoint\",\"urlTemplate\":\"https:\/\/iwhiteinstant.com\/no\/?s={search_term_string}\"},\"query-input\":{\"@type\":\"PropertyValueSpecification\",\"valueRequired\":true,\"valueName\":\"search_term_string\"}}],\"inLanguage\":\"nb-NO\"},{\"@type\":\"Organization\",\"@id\":\"https:\/\/iwhiteinstant.com\/no\/#organization\",\"name\":\"iWhite\",\"url\":\"https:\/\/iwhiteinstant.com\/no\/\",\"logo\":{\"@type\":\"ImageObject\",\"inLanguage\":\"nb-NO\",\"@id\":\"https:\/\/iwhiteinstant.com\/no\/#\/schema\/logo\/image\/\",\"url\":\"https:\/\/iwhiteinstant.com\/app\/uploads\/sites\/14\/2024\/11\/Iwhite-logo.png\",\"contentUrl\":\"https:\/\/iwhiteinstant.com\/app\/uploads\/sites\/14\/2024\/11\/Iwhite-logo.png\",\"width\":160,\"height\":40,\"caption\":\"iWhite\"},\"image\":{\"@id\":\"https:\/\/iwhiteinstant.com\/no\/#\/schema\/logo\/image\/\"}}]}<\/script>\n<!-- \/ Yoast SEO plugin. -->","yoast_head_json":{"title":"iWhite Dark Stains Tannpasta - iWhite","description":"iWhite Dark Stains Toothpaste bruker Dark Pigment Adsorption Technology. Denne teknologien retter seg aktivt mot m\u00f8rke flekker ved \u00e5 adsorbere og eliminere fargede stoffer.","robots":{"index":"index","follow":"follow","max-snippet":"max-snippet:-1","max-image-preview":"max-image-preview:large","max-video-preview":"max-video-preview:-1"},"canonical":"https:\/\/iwhiteinstant.com\/no\/produkt\/iwhite-dark-stains-tannpasta\/","og_locale":"nb_NO","og_type":"article","og_title":"iWhite Dark Stains Tannpasta - iWhite","og_description":"iWhite Dark Stains Toothpaste bruker Dark Pigment Adsorption Technology. Denne teknologien retter seg aktivt mot m\u00f8rke flekker ved \u00e5 adsorbere og eliminere fargede stoffer.","og_url":"https:\/\/iwhiteinstant.com\/no\/produkt\/iwhite-dark-stains-tannpasta\/","og_site_name":"iWhite","article_modified_time":"2025-01-22T07:51:11+00:00","og_image":[{"width":800,"height":800,"url":"https:\/\/iwhiteinstant.com\/app\/uploads\/sites\/14\/2024\/11\/iWhite-Advanced-dark-stains-toothpaste.png","type":"image\/png"}],"twitter_card":"summary_large_image","twitter_misc":{"Est. reading time":"1 minutt"},"schema":{"@context":"https:\/\/schema.org","@graph":[{"@type":"WebPage","@id":"https:\/\/iwhiteinstant.com\/no\/produkt\/iwhite-dark-stains-tannpasta\/","url":"https:\/\/iwhiteinstant.com\/no\/produkt\/iwhite-dark-stains-tannpasta\/","name":"iWhite Dark Stains Tannpasta - iWhite","isPartOf":{"@id":"https:\/\/iwhiteinstant.com\/no\/#website"},"primaryImageOfPage":{"@id":"https:\/\/iwhiteinstant.com\/no\/produkt\/iwhite-dark-stains-tannpasta\/#primaryimage"},"image":{"@id":"https:\/\/iwhiteinstant.com\/no\/produkt\/iwhite-dark-stains-tannpasta\/#primaryimage"},"thumbnailUrl":"https:\/\/iwhiteinstant.com\/app\/uploads\/sites\/14\/2024\/11\/iWhite-Advanced-dark-stains-toothpaste.png","datePublished":"2024-11-12T07:35:23+00:00","dateModified":"2025-01-22T07:51:11+00:00","description":"iWhite Dark Stains Toothpaste bruker Dark Pigment Adsorption Technology. Denne teknologien retter seg aktivt mot m\u00f8rke flekker ved \u00e5 adsorbere og eliminere fargede stoffer.","breadcrumb":{"@id":"https:\/\/iwhiteinstant.com\/no\/produkt\/iwhite-dark-stains-tannpasta\/#breadcrumb"},"inLanguage":"nb-NO","potentialAction":[{"@type":"ReadAction","target":["https:\/\/iwhiteinstant.com\/no\/produkt\/iwhite-dark-stains-tannpasta\/"]}]},{"@type":"ImageObject","inLanguage":"nb-NO","@id":"https:\/\/iwhiteinstant.com\/no\/produkt\/iwhite-dark-stains-tannpasta\/#primaryimage","url":"https:\/\/iwhiteinstant.com\/app\/uploads\/sites\/14\/2024\/11\/iWhite-Advanced-dark-stains-toothpaste.png","contentUrl":"https:\/\/iwhiteinstant.com\/app\/uploads\/sites\/14\/2024\/11\/iWhite-Advanced-dark-stains-toothpaste.png","width":800,"height":800,"caption":"iWhite Dark Stains Tannpasta"},{"@type":"BreadcrumbList","@id":"https:\/\/iwhiteinstant.com\/no\/produkt\/iwhite-dark-stains-tannpasta\/#breadcrumb","itemListElement":[{"@type":"ListItem","position":1,"name":"Home","item":"https:\/\/iwhiteinstant.com\/no\/"},{"@type":"ListItem","position":2,"name":"iWhite-serien","item":"https:\/\/iwhiteinstant.com\/no\/iwhite-serien\/"},{"@type":"ListItem","position":3,"name":"iWhite Dark Stains Tannpasta"}]},{"@type":"WebSite","@id":"https:\/\/iwhiteinstant.com\/no\/#website","url":"https:\/\/iwhiteinstant.com\/no\/","name":"iWhite","description":"","publisher":{"@id":"https:\/\/iwhiteinstant.com\/no\/#organization"},"potentialAction":[{"@type":"SearchAction","target":{"@type":"EntryPoint","urlTemplate":"https:\/\/iwhiteinstant.com\/no\/?s={search_term_string}"},"query-input":{"@type":"PropertyValueSpecification","valueRequired":true,"valueName":"search_term_string"}}],"inLanguage":"nb-NO"},{"@type":"Organization","@id":"https:\/\/iwhiteinstant.com\/no\/#organization","name":"iWhite","url":"https:\/\/iwhiteinstant.com\/no\/","logo":{"@type":"ImageObject","inLanguage":"nb-NO","@id":"https:\/\/iwhiteinstant.com\/no\/#\/schema\/logo\/image\/","url":"https:\/\/iwhiteinstant.com\/app\/uploads\/sites\/14\/2024\/11\/Iwhite-logo.png","contentUrl":"https:\/\/iwhiteinstant.com\/app\/uploads\/sites\/14\/2024\/11\/Iwhite-logo.png","width":160,"height":40,"caption":"iWhite"},"image":{"@id":"https:\/\/iwhiteinstant.com\/no\/#\/schema\/logo\/image\/"}}]}},"_links":{"self":[{"href":"https:\/\/iwhiteinstant.com\/no\/wp-json\/wp\/v2\/product\/83","targetHints":{"allow":["GET"]}}],"collection":[{"href":"https:\/\/iwhiteinstant.com\/no\/wp-json\/wp\/v2\/product"}],"about":[{"href":"https:\/\/iwhiteinstant.com\/no\/wp-json\/wp\/v2\/types\/product"}],"replies":[{"embeddable":true,"href":"https:\/\/iwhiteinstant.com\/no\/wp-json\/wp\/v2\/comments?post=83"}],"version-history":[{"count":8,"href":"https:\/\/iwhiteinstant.com\/no\/wp-json\/wp\/v2\/product\/83\/revisions"}],"predecessor-version":[{"id":147,"href":"https:\/\/iwhiteinstant.com\/no\/wp-json\/wp\/v2\/product\/83\/revisions\/147"}],"wp:featuredmedia":[{"embeddable":true,"href":"https:\/\/iwhiteinstant.com\/no\/wp-json\/wp\/v2\/media\/84"}],"wp:attachment":[{"href":"https:\/\/iwhiteinstant.com\/no\/wp-json\/wp\/v2\/media?parent=83"}],"wp:term":[{"taxonomy":"product_brand","embeddable":true,"href":"https:\/\/iwhiteinstant.com\/no\/wp-json\/wp\/v2\/product_brand?post=83"},{"taxonomy":"product_cat","embeddable":true,"href":"https:\/\/iwhiteinstant.com\/no\/wp-json\/wp\/v2\/product_cat?post=83"},{"taxonomy":"product_tag","embeddable":true,"href":"https:\/\/iwhiteinstant.com\/no\/wp-json\/wp\/v2\/product_tag?post=83"}],"curies":[{"name":"wp","href":"https:\/\/api.w.org\/{rel}","templated":true}]}}