{"id":86,"date":"2024-11-12T08:35:55","date_gmt":"2024-11-12T07:35:55","guid":{"rendered":"https:\/\/iwhiteinstant.com\/no\/?post_type=product&#038;p=86"},"modified":"2024-12-20T15:12:55","modified_gmt":"2024-12-20T14:12:55","slug":"iwhite-dark-stains-whitening-kit","status":"publish","type":"product","link":"https:\/\/iwhiteinstant.com\/no\/produkt\/iwhite-dark-stains-whitening-kit\/","title":{"rendered":"iWhite Dark Stains Whitening Kit"},"content":{"rendered":"\n<div style=\"height:100px\" aria-hidden=\"true\" class=\"wp-block-spacer is-style-responsive-small\"><\/div>\n\n\n\n<section class=\"wp-block-karopharma-image-with-text image-with-text image-with-text__not-full-width is-style-primary\"><div class=\"image-with-text-container \"><div class=\"image-with-text-container-image-container\"><img decoding=\"async\" loading=\"lazy\" src=\"https:\/\/iwhiteinstant.com\/cdn-cgi\/image\/format=auto\/app\/uploads\/sites\/14\/2024\/11\/iwhite-dark-stains-image.jpg\" alt=\"iwhite-dark-stains-image\"\/><\/div><div class=\"image-with-text-container-content\" style=\"text-align:left\" data-test=\"content\"><div class=\"content\"><h2>Nyter du en kopp kaffe eller te samtidig som du har et lyst, hvitt smil?<\/h2><p class=\"body\" data-test=\"body\">Ingen bekymringer lenger takket v\u00e6re dette banebrytende blekingssettet, som ogs\u00e5 er veldig enkelt \u00e5 bruke: ingen forberedelser med geler eller blanding av ingredienser, og det tar bare 20 minutter om dagen!<br><br>iWhite engangsskinner er tynne og fleksible for \u00e5 sikre en behagelig passform og maksimal ytelse. De inneholder en ny, revolusjonerende blekegel tilsatt aktivt kull. Denne unike aktive ingrediensen n\u00f8ytraliserer og eliminerer m\u00f8rke flekker fra kaffe, te, tobakk og r\u00f8dvin! En innovativ formel basert p\u00e5 teknologi som har vist seg \u00e5 v\u00e6re tannlegetrygg og umiddelbart effektiv. Gir deg et str\u00e5lende hvitt smil og opptil 8 nyanser* hvitere tenner.<\/p>\n<div class=\"wp-block-buttons is-layout-flex wp-block-buttons-is-layout-flex\"><\/div>\n<\/div><\/div><\/div><\/section>\n\n\n\n<div class=\"wp-block-karopharma-accordions is-style-secondary\"><div class=\"container\">\n<details class=\"wp-block-karopharma-accordion\"><summary><h2 class=\"accordion-title\">Hvordan bruke?<\/h2><\/summary><div class=\"accordion-content\">\n<p>Du kan starte med en gang du \u00e5pner pakken. Og til og med oppdage en umiddelbar blekende effekt etter den f\u00f8rste p\u00e5f\u00f8ringen! Bruk i 5 dager p\u00e5 rad for enda mer forbl\u00f8ffende og optimale resultater.<\/p>\n<\/div><\/details>\n\n\n\n<details class=\"wp-block-karopharma-accordion\"><summary><h2 class=\"accordion-title\">Hvordan bleker og styrker iWhite tennene dine?<\/h2><\/summary><div class=\"accordion-content\">\n<p><strong>Handling 1: <\/strong>ved \u00e5 bruke mikroperler med aktivt kull, vil m\u00f8rke flekker fanges opp og d\u00e5rlig \u00e5nde elimineres. Ettersom aktivt kull har sterke fysiske adsorpsjoner, vil flekker fjernes.<\/p>\n\n\n\n<p><strong>Virkning 2: <\/strong>Heksametafosfat forhindrer at det oppst\u00e5r nye flekker. Det skaper et beskyttende lag p\u00e5 emaljen som forhindrer dannelsen av nye flekker.<\/p>\n<\/div><\/details>\n\n\n\n<details class=\"wp-block-karopharma-accordion\"><summary><h2 class=\"accordion-title\">iWhite Micropearl-teknologi = hva?<\/h2><\/summary><div class=\"accordion-content\">\n<p>En innovativ teknologi som muliggj\u00f8r konsentrert og m\u00e5lrettet frigj\u00f8ring av de aktive stoffene. Det betyr at du bestemmer n\u00e5r og hvor de konsentrerte aktive stoffene skal frigj\u00f8res direkte til emaljen. I iWhite Dark Stains blekesett er de aktive mikroperlene fylt med aktivt kull.<\/p>\n<\/div><\/details>\n<\/div><\/div>\n\n\n\n<div class=\"wp-block-karopharma-free-text pt-large pb-none bg-center bg-cover bg-no-repeat\" style=\"background-image:url()\"><div class=\"free-text-wrapper container max-w-medium text-center\">\n<h2 class=\"wp-block-heading\">3 skritt unna et skinnende hvitt smil.<\/h2>\n<\/div><\/div>\n\n\n\n<section class=\"wp-block-karopharma-usp usp undefined\"><div class=\"usp-wrapper\">\n<section class=\"wp-block-karopharma-usp-single usp-single undefined\"><div class=\"icon\"><svg width=\"21\" height=\"16\" viewBox=\"0 0 21 16\" fill=\"none\" xmlns=\"http:\/\/www.w3.org\/2000\/svg\"><path d=\"M19.2567 0.164742L6.13095 13.2905L1.49056 8.65006C1.2709 8.4304 0.914742 8.4304 0.695039 8.65006L0.164742 9.18036C-0.0549141 9.40001 -0.0549141 9.75617 0.164742 9.97587L5.73321 15.5443C5.95287 15.764 6.30903 15.764 6.52873 15.5443L20.5825 1.4906C20.8021 1.27095 20.8021 0.914789 20.5825 0.695086L20.0521 0.164742C19.8325 -0.0549141 19.4763 -0.0549141 19.2567 0.164742Z\" fill=\"white\"><\/path><\/svg><\/div>\n<h4 class=\"wp-block-heading has-text-align-center is-style-heading-h4\">1. TRYKK<\/h4>\n\n\n\n<p class=\"has-text-align-center is-style-body-text\">Ved \u00e5 trykke forsiktig p\u00e5 brettene vil mikroperlene sprekke.<\/p>\n<\/section>\n\n\n\n<section class=\"wp-block-karopharma-usp-single usp-single undefined\"><div class=\"icon\"><svg width=\"21\" height=\"16\" viewBox=\"0 0 21 16\" fill=\"none\" xmlns=\"http:\/\/www.w3.org\/2000\/svg\"><path d=\"M19.2567 0.164742L6.13095 13.2905L1.49056 8.65006C1.2709 8.4304 0.914742 8.4304 0.695039 8.65006L0.164742 9.18036C-0.0549141 9.40001 -0.0549141 9.75617 0.164742 9.97587L5.73321 15.5443C5.95287 15.764 6.30903 15.764 6.52873 15.5443L20.5825 1.4906C20.8021 1.27095 20.8021 0.914789 20.5825 0.695086L20.0521 0.164742C19.8325 -0.0549141 19.4763 -0.0549141 19.2567 0.164742Z\" fill=\"white\"><\/path><\/svg><\/div>\n<h4 class=\"wp-block-heading has-text-align-center is-style-heading-h4\">2. AKTIVER<\/h4>\n\n\n\n<p class=\"has-text-align-center is-style-body-text\">De konsentrerte aktive stoffene i mikroperlene frigj\u00f8res.<\/p>\n<\/section>\n\n\n\n<section class=\"wp-block-karopharma-usp-single usp-single undefined\"><div class=\"icon\"><svg width=\"21\" height=\"16\" viewBox=\"0 0 21 16\" fill=\"none\" xmlns=\"http:\/\/www.w3.org\/2000\/svg\"><path d=\"M19.2567 0.164742L6.13095 13.2905L1.49056 8.65006C1.2709 8.4304 0.914742 8.4304 0.695039 8.65006L0.164742 9.18036C-0.0549141 9.40001 -0.0549141 9.75617 0.164742 9.97587L5.73321 15.5443C5.95287 15.764 6.30903 15.764 6.52873 15.5443L20.5825 1.4906C20.8021 1.27095 20.8021 0.914789 20.5825 0.695086L20.0521 0.164742C19.8325 -0.0549141 19.4763 -0.0549141 19.2567 0.164742Z\" fill=\"white\"><\/path><\/svg><\/div>\n<h4 class=\"wp-block-heading has-text-align-center is-style-heading-h4\">3. RESULTAT<\/h4>\n\n\n\n<p class=\"has-text-align-center is-style-body-text\">iWhite blekegel + mikroperler = MAGISK! Bruk den i 20 minutter og sjekk ut de umiddelbare resultatene!!<\/p>\n<\/section>\n<\/div><\/section>\n","protected":false},"excerpt":{"rendered":"<p>Whitening kit for \u00e5 fjerne flekker fra kaffe, te, tobakk og r\u00f8dvin.<\/p>\n","protected":false},"featured_media":87,"comment_status":"closed","ping_status":"closed","template":"","meta":{"_acf_changed":false,"footnotes":""},"product_brand":[],"product_cat":[18],"product_tag":[],"class_list":{"0":"post-86","1":"product","2":"type-product","3":"status-publish","4":"has-post-thumbnail","6":"product_cat-selvbleking-set","8":"first","9":"instock","10":"shipping-taxable","11":"product-type-simple"},"acf":[],"yoast_head":"<!-- This site is optimized with the Yoast SEO plugin v26.6 - https:\/\/yoast.com\/wordpress\/plugins\/seo\/ -->\n<title>iWhite Dark Stains Whitening Kit - iWhite<\/title>\n<meta name=\"description\" content=\"\u00c5 drikke vin, kaffe eller te og r\u00f8yke ... kan dessverre for\u00e5rsake flekker p\u00e5 tennene dine. Siden ingen \u00f8nsker \u00e5 ha flekkete tenner, har iWhite utviklet et unikt blekingssett\" \/>\n<meta name=\"robots\" content=\"index, follow, max-snippet:-1, max-image-preview:large, max-video-preview:-1\" \/>\n<link rel=\"canonical\" href=\"https:\/\/iwhiteinstant.com\/no\/produkt\/iwhite-dark-stains-whitening-kit\/\" \/>\n<meta property=\"og:locale\" content=\"nb_NO\" \/>\n<meta property=\"og:type\" content=\"article\" \/>\n<meta property=\"og:title\" content=\"iWhite Dark Stains Whitening Kit - iWhite\" \/>\n<meta property=\"og:description\" content=\"\u00c5 drikke vin, kaffe eller te og r\u00f8yke ... kan dessverre for\u00e5rsake flekker p\u00e5 tennene dine. Siden ingen \u00f8nsker \u00e5 ha flekkete tenner, har iWhite utviklet et unikt blekingssett\" \/>\n<meta property=\"og:url\" content=\"https:\/\/iwhiteinstant.com\/no\/produkt\/iwhite-dark-stains-whitening-kit\/\" \/>\n<meta property=\"og:site_name\" content=\"iWhite\" \/>\n<meta property=\"article:modified_time\" content=\"2024-12-20T14:12:55+00:00\" \/>\n<meta property=\"og:image\" content=\"https:\/\/iwhiteinstant.com\/app\/uploads\/sites\/14\/2024\/11\/iWhite-Dark-stains-whitening-kit.png\" \/>\n\t<meta property=\"og:image:width\" content=\"800\" \/>\n\t<meta property=\"og:image:height\" content=\"800\" \/>\n\t<meta property=\"og:image:type\" content=\"image\/png\" \/>\n<meta name=\"twitter:card\" content=\"summary_large_image\" \/>\n<meta name=\"twitter:label1\" content=\"Est. reading time\" \/>\n\t<meta name=\"twitter:data1\" content=\"3 minutter\" \/>\n<script type=\"application\/ld+json\" class=\"yoast-schema-graph\">{\"@context\":\"https:\/\/schema.org\",\"@graph\":[{\"@type\":\"WebPage\",\"@id\":\"https:\/\/iwhiteinstant.com\/no\/produkt\/iwhite-dark-stains-whitening-kit\/\",\"url\":\"https:\/\/iwhiteinstant.com\/no\/produkt\/iwhite-dark-stains-whitening-kit\/\",\"name\":\"iWhite Dark Stains Whitening Kit - iWhite\",\"isPartOf\":{\"@id\":\"https:\/\/iwhiteinstant.com\/no\/#website\"},\"primaryImageOfPage\":{\"@id\":\"https:\/\/iwhiteinstant.com\/no\/produkt\/iwhite-dark-stains-whitening-kit\/#primaryimage\"},\"image\":{\"@id\":\"https:\/\/iwhiteinstant.com\/no\/produkt\/iwhite-dark-stains-whitening-kit\/#primaryimage\"},\"thumbnailUrl\":\"https:\/\/iwhiteinstant.com\/app\/uploads\/sites\/14\/2024\/11\/iWhite-Dark-stains-whitening-kit.png\",\"datePublished\":\"2024-11-12T07:35:55+00:00\",\"dateModified\":\"2024-12-20T14:12:55+00:00\",\"description\":\"\u00c5 drikke vin, kaffe eller te og r\u00f8yke ... kan dessverre for\u00e5rsake flekker p\u00e5 tennene dine. Siden ingen \u00f8nsker \u00e5 ha flekkete tenner, har iWhite utviklet et unikt blekingssett\",\"breadcrumb\":{\"@id\":\"https:\/\/iwhiteinstant.com\/no\/produkt\/iwhite-dark-stains-whitening-kit\/#breadcrumb\"},\"inLanguage\":\"nb-NO\",\"potentialAction\":[{\"@type\":\"ReadAction\",\"target\":[\"https:\/\/iwhiteinstant.com\/no\/produkt\/iwhite-dark-stains-whitening-kit\/\"]}]},{\"@type\":\"ImageObject\",\"inLanguage\":\"nb-NO\",\"@id\":\"https:\/\/iwhiteinstant.com\/no\/produkt\/iwhite-dark-stains-whitening-kit\/#primaryimage\",\"url\":\"https:\/\/iwhiteinstant.com\/app\/uploads\/sites\/14\/2024\/11\/iWhite-Dark-stains-whitening-kit.png\",\"contentUrl\":\"https:\/\/iwhiteinstant.com\/app\/uploads\/sites\/14\/2024\/11\/iWhite-Dark-stains-whitening-kit.png\",\"width\":800,\"height\":800,\"caption\":\"iWhite Dark Stains Whitening Kit\"},{\"@type\":\"BreadcrumbList\",\"@id\":\"https:\/\/iwhiteinstant.com\/no\/produkt\/iwhite-dark-stains-whitening-kit\/#breadcrumb\",\"itemListElement\":[{\"@type\":\"ListItem\",\"position\":1,\"name\":\"Home\",\"item\":\"https:\/\/iwhiteinstant.com\/no\/\"},{\"@type\":\"ListItem\",\"position\":2,\"name\":\"iWhite-serien\",\"item\":\"https:\/\/iwhiteinstant.com\/no\/iwhite-serien\/\"},{\"@type\":\"ListItem\",\"position\":3,\"name\":\"iWhite Dark Stains Whitening Kit\"}]},{\"@type\":\"WebSite\",\"@id\":\"https:\/\/iwhiteinstant.com\/no\/#website\",\"url\":\"https:\/\/iwhiteinstant.com\/no\/\",\"name\":\"iWhite\",\"description\":\"\",\"publisher\":{\"@id\":\"https:\/\/iwhiteinstant.com\/no\/#organization\"},\"potentialAction\":[{\"@type\":\"SearchAction\",\"target\":{\"@type\":\"EntryPoint\",\"urlTemplate\":\"https:\/\/iwhiteinstant.com\/no\/?s={search_term_string}\"},\"query-input\":{\"@type\":\"PropertyValueSpecification\",\"valueRequired\":true,\"valueName\":\"search_term_string\"}}],\"inLanguage\":\"nb-NO\"},{\"@type\":\"Organization\",\"@id\":\"https:\/\/iwhiteinstant.com\/no\/#organization\",\"name\":\"iWhite\",\"url\":\"https:\/\/iwhiteinstant.com\/no\/\",\"logo\":{\"@type\":\"ImageObject\",\"inLanguage\":\"nb-NO\",\"@id\":\"https:\/\/iwhiteinstant.com\/no\/#\/schema\/logo\/image\/\",\"url\":\"https:\/\/iwhiteinstant.com\/app\/uploads\/sites\/14\/2024\/11\/Iwhite-logo.png\",\"contentUrl\":\"https:\/\/iwhiteinstant.com\/app\/uploads\/sites\/14\/2024\/11\/Iwhite-logo.png\",\"width\":160,\"height\":40,\"caption\":\"iWhite\"},\"image\":{\"@id\":\"https:\/\/iwhiteinstant.com\/no\/#\/schema\/logo\/image\/\"}}]}<\/script>\n<!-- \/ Yoast SEO plugin. -->","yoast_head_json":{"title":"iWhite Dark Stains Whitening Kit - iWhite","description":"\u00c5 drikke vin, kaffe eller te og r\u00f8yke ... kan dessverre for\u00e5rsake flekker p\u00e5 tennene dine. Siden ingen \u00f8nsker \u00e5 ha flekkete tenner, har iWhite utviklet et unikt blekingssett","robots":{"index":"index","follow":"follow","max-snippet":"max-snippet:-1","max-image-preview":"max-image-preview:large","max-video-preview":"max-video-preview:-1"},"canonical":"https:\/\/iwhiteinstant.com\/no\/produkt\/iwhite-dark-stains-whitening-kit\/","og_locale":"nb_NO","og_type":"article","og_title":"iWhite Dark Stains Whitening Kit - iWhite","og_description":"\u00c5 drikke vin, kaffe eller te og r\u00f8yke ... kan dessverre for\u00e5rsake flekker p\u00e5 tennene dine. Siden ingen \u00f8nsker \u00e5 ha flekkete tenner, har iWhite utviklet et unikt blekingssett","og_url":"https:\/\/iwhiteinstant.com\/no\/produkt\/iwhite-dark-stains-whitening-kit\/","og_site_name":"iWhite","article_modified_time":"2024-12-20T14:12:55+00:00","og_image":[{"width":800,"height":800,"url":"https:\/\/iwhiteinstant.com\/app\/uploads\/sites\/14\/2024\/11\/iWhite-Dark-stains-whitening-kit.png","type":"image\/png"}],"twitter_card":"summary_large_image","twitter_misc":{"Est. reading time":"3 minutter"},"schema":{"@context":"https:\/\/schema.org","@graph":[{"@type":"WebPage","@id":"https:\/\/iwhiteinstant.com\/no\/produkt\/iwhite-dark-stains-whitening-kit\/","url":"https:\/\/iwhiteinstant.com\/no\/produkt\/iwhite-dark-stains-whitening-kit\/","name":"iWhite Dark Stains Whitening Kit - iWhite","isPartOf":{"@id":"https:\/\/iwhiteinstant.com\/no\/#website"},"primaryImageOfPage":{"@id":"https:\/\/iwhiteinstant.com\/no\/produkt\/iwhite-dark-stains-whitening-kit\/#primaryimage"},"image":{"@id":"https:\/\/iwhiteinstant.com\/no\/produkt\/iwhite-dark-stains-whitening-kit\/#primaryimage"},"thumbnailUrl":"https:\/\/iwhiteinstant.com\/app\/uploads\/sites\/14\/2024\/11\/iWhite-Dark-stains-whitening-kit.png","datePublished":"2024-11-12T07:35:55+00:00","dateModified":"2024-12-20T14:12:55+00:00","description":"\u00c5 drikke vin, kaffe eller te og r\u00f8yke ... kan dessverre for\u00e5rsake flekker p\u00e5 tennene dine. Siden ingen \u00f8nsker \u00e5 ha flekkete tenner, har iWhite utviklet et unikt blekingssett","breadcrumb":{"@id":"https:\/\/iwhiteinstant.com\/no\/produkt\/iwhite-dark-stains-whitening-kit\/#breadcrumb"},"inLanguage":"nb-NO","potentialAction":[{"@type":"ReadAction","target":["https:\/\/iwhiteinstant.com\/no\/produkt\/iwhite-dark-stains-whitening-kit\/"]}]},{"@type":"ImageObject","inLanguage":"nb-NO","@id":"https:\/\/iwhiteinstant.com\/no\/produkt\/iwhite-dark-stains-whitening-kit\/#primaryimage","url":"https:\/\/iwhiteinstant.com\/app\/uploads\/sites\/14\/2024\/11\/iWhite-Dark-stains-whitening-kit.png","contentUrl":"https:\/\/iwhiteinstant.com\/app\/uploads\/sites\/14\/2024\/11\/iWhite-Dark-stains-whitening-kit.png","width":800,"height":800,"caption":"iWhite Dark Stains Whitening Kit"},{"@type":"BreadcrumbList","@id":"https:\/\/iwhiteinstant.com\/no\/produkt\/iwhite-dark-stains-whitening-kit\/#breadcrumb","itemListElement":[{"@type":"ListItem","position":1,"name":"Home","item":"https:\/\/iwhiteinstant.com\/no\/"},{"@type":"ListItem","position":2,"name":"iWhite-serien","item":"https:\/\/iwhiteinstant.com\/no\/iwhite-serien\/"},{"@type":"ListItem","position":3,"name":"iWhite Dark Stains Whitening Kit"}]},{"@type":"WebSite","@id":"https:\/\/iwhiteinstant.com\/no\/#website","url":"https:\/\/iwhiteinstant.com\/no\/","name":"iWhite","description":"","publisher":{"@id":"https:\/\/iwhiteinstant.com\/no\/#organization"},"potentialAction":[{"@type":"SearchAction","target":{"@type":"EntryPoint","urlTemplate":"https:\/\/iwhiteinstant.com\/no\/?s={search_term_string}"},"query-input":{"@type":"PropertyValueSpecification","valueRequired":true,"valueName":"search_term_string"}}],"inLanguage":"nb-NO"},{"@type":"Organization","@id":"https:\/\/iwhiteinstant.com\/no\/#organization","name":"iWhite","url":"https:\/\/iwhiteinstant.com\/no\/","logo":{"@type":"ImageObject","inLanguage":"nb-NO","@id":"https:\/\/iwhiteinstant.com\/no\/#\/schema\/logo\/image\/","url":"https:\/\/iwhiteinstant.com\/app\/uploads\/sites\/14\/2024\/11\/Iwhite-logo.png","contentUrl":"https:\/\/iwhiteinstant.com\/app\/uploads\/sites\/14\/2024\/11\/Iwhite-logo.png","width":160,"height":40,"caption":"iWhite"},"image":{"@id":"https:\/\/iwhiteinstant.com\/no\/#\/schema\/logo\/image\/"}}]}},"_links":{"self":[{"href":"https:\/\/iwhiteinstant.com\/no\/wp-json\/wp\/v2\/product\/86","targetHints":{"allow":["GET"]}}],"collection":[{"href":"https:\/\/iwhiteinstant.com\/no\/wp-json\/wp\/v2\/product"}],"about":[{"href":"https:\/\/iwhiteinstant.com\/no\/wp-json\/wp\/v2\/types\/product"}],"replies":[{"embeddable":true,"href":"https:\/\/iwhiteinstant.com\/no\/wp-json\/wp\/v2\/comments?post=86"}],"version-history":[{"count":4,"href":"https:\/\/iwhiteinstant.com\/no\/wp-json\/wp\/v2\/product\/86\/revisions"}],"predecessor-version":[{"id":128,"href":"https:\/\/iwhiteinstant.com\/no\/wp-json\/wp\/v2\/product\/86\/revisions\/128"}],"wp:featuredmedia":[{"embeddable":true,"href":"https:\/\/iwhiteinstant.com\/no\/wp-json\/wp\/v2\/media\/87"}],"wp:attachment":[{"href":"https:\/\/iwhiteinstant.com\/no\/wp-json\/wp\/v2\/media?parent=86"}],"wp:term":[{"taxonomy":"product_brand","embeddable":true,"href":"https:\/\/iwhiteinstant.com\/no\/wp-json\/wp\/v2\/product_brand?post=86"},{"taxonomy":"product_cat","embeddable":true,"href":"https:\/\/iwhiteinstant.com\/no\/wp-json\/wp\/v2\/product_cat?post=86"},{"taxonomy":"product_tag","embeddable":true,"href":"https:\/\/iwhiteinstant.com\/no\/wp-json\/wp\/v2\/product_tag?post=86"}],"curies":[{"name":"wp","href":"https:\/\/api.w.org\/{rel}","templated":true}]}}