{"id":14,"date":"2024-08-19T10:33:09","date_gmt":"2024-08-19T09:33:09","guid":{"rendered":"https:\/\/iwhiteinstant.com\/pt\/?page_id=14"},"modified":"2025-01-22T07:43:19","modified_gmt":"2025-01-22T07:43:19","slug":"iwhite","status":"publish","type":"page","link":"https:\/\/iwhiteinstant.com\/pt\/","title":{"rendered":"iWhite"},"content":{"rendered":"\n<div class=\"wp-block-karopharma-product-promotion text-align-left pt-medium pb-medium bg-center bg-cover bg-no-repeat\" style=\"background-image:url(https:\/\/iwhiteinstant.com\/cdn-cgi\/image\/format=auto\/app\/uploads\/sites\/9\/2024\/08\/test-bg.jpg)\"><div class=\"container max-w-medium\">\n<div class=\"wp-block-group is-layout-flow wp-block-group-is-layout-flow\">\n<figure class=\"wp-block-karopharma-product-promotion-image product-promotion-image\"><img fetchpriority=\"high\" decoding=\"async\" datatest=\"image\" src=\"https:\/\/iwhiteinstant.com\/cdn-cgi\/image\/format=auto\/app\/uploads\/sites\/9\/2024\/08\/iWhite-Natural-Dissolving-Whitening-Strips-hero.png\" loading=\"eager\" alt=\"iWhite-Natural-Dissolving-Whitening-Strips-hero\" width=\"800\" height=\"800\" srcset=\"https:\/\/iwhiteinstant.com\/cdn-cgi\/image\/format=auto,width=584\/app\/uploads\/sites\/9\/2024\/08\/iWhite-Natural-Dissolving-Whitening-Strips-hero.png 584w, https:\/\/iwhiteinstant.com\/cdn-cgi\/image\/format=auto,width=272\/app\/uploads\/sites\/9\/2024\/08\/iWhite-Natural-Dissolving-Whitening-Strips-hero.png 272w\" sizes=\"(max-width: 584px) 100vw, 584px\"\/><\/figure>\n<\/div>\n\n\n\n<div class=\"wp-block-group is-layout-flow wp-block-group-is-layout-flow\">\n<h1 class=\"wp-block-heading title is-style-heading-huge\"><mark style=\"background-color:rgba(0, 0, 0, 0)\" class=\"has-inline-color has-white-color\">iWhite \u00e9 a sua raz\u00e3o di\u00e1ria para sorrir<\/mark><\/h1>\n\n\n\n<ul class=\"wp-block-list is-style-icon has-white-color has-text-color\">\n<li><strong>Branqueamento dent\u00e1rio profissional<\/strong><\/li>\n\n\n\n<li><strong>F\u00e1cil de utilizar<\/strong><\/li>\n\n\n\n<li><strong>Clinicamente comprovado<\/strong><\/li>\n\n\n\n<li><strong>Efeito instant\u00e2neo<\/strong><\/li>\n<\/ul>\n\n\n\n<div class=\"wp-block-buttons is-layout-flex wp-block-buttons-is-layout-flex\">\n<div class=\"wp-block-button\"><a class=\"wp-block-button__link wp-element-button\" href=\"https:\/\/iwhiteinstant.com\/pt\/produtos-iwhite\/\">Os nossos produtos<\/a><\/div>\n<\/div>\n<\/div>\n<\/div><\/div>\n\n\n\n<div class=\"wp-block-karopharma-free-text pt-large pb-large bg-center bg-cover bg-no-repeat\" style=\"background-image:url()\"><div class=\"free-text-wrapper container max-w-medium text-left\">\n<h2 class=\"wp-block-heading is-style-heading-h2\">Branqueamento dent\u00e1rio natural &amp; ainda mais f\u00e1cil!<\/h2>\n\n\n\n<h3 class=\"wp-block-heading is-style-heading-h4 has-primary-color has-text-color\">Saiba mais sobre as tiras de branqueamento naturais iWhite. Como \u00e9 que funcionam?<\/h3>\n\n\n\n<p>Aplic\u00e1mos a tecnologia avan\u00e7ada de iWhite a uma tira de branqueamento e ingredientes 100% naturais. Uma combina\u00e7\u00e3o revolucion\u00e1ria que \u00e9 suave no esmalte, mas eficaz nas manchas.<\/p>\n\n\n\n<p>Proporciona um sorriso branco e brilhante!<\/p>\n\n\n\n<p>As tiras de branqueamento iWhite dissolvem-se naturalmente, o que significa que podem ser usadas a qualquer hora e em qualquer lugar. Sem complica\u00e7\u00f5es ou inc\u00f3modos\u2026 \u00e9 s\u00f3 aplicar, dissolver e sorrir!<\/p>\n\n\n\n<div class=\"wp-block-buttons is-layout-flex wp-block-buttons-is-layout-flex\">\n<div class=\"wp-block-button\"><a class=\"wp-block-button__link wp-element-button\" href=\"https:\/\/iwhiteinstant.com\/pt\/produtos\/iwhite-natural-tiras-de-branqueamento\/\">Quer saber mais?<\/a><\/div>\n<\/div>\n<\/div><\/div>\n\n\n\n<div class=\"wp-block-karopharma-free-text pt-medium pb-none bg-center bg-cover bg-no-repeat  is-style-primary\" style=\"background-image:url()\"><div class=\"free-text-wrapper container max-w-medium text-left\">\n<h2 class=\"wp-block-heading\"><\/h2>\n<\/div><\/div>\n\n\n\n<div class=\"wp-block-karopharma-several-images-with-text several-images-with-text is-style-primary\"><div class=\"container large col-1 content-align-center\" test-data=\"inner-content\">\n<section class=\"wp-block-karopharma-image-with-text image-with-text image-with-text__full-width\"><div class=\"image-with-text-container \"><div class=\"image-with-text-container-image-container\"><img decoding=\"async\" loading=\"lazy\" src=\"https:\/\/iwhiteinstant.com\/cdn-cgi\/image\/format=auto\/app\/uploads\/sites\/9\/2024\/08\/instant-whitening-kits.jpg\" alt=\"instant-whitening-kits\"\/><\/div><div class=\"image-with-text-container-content\" style=\"text-align:left\" data-test=\"content\"><div class=\"content\"><h2>Kit de Branqueamento Instant\u00e2neo<\/h2><p class=\"body\" data-test=\"body\">Uma tecnologia de branqueamento \u00fanica que oferece resultados instant\u00e2neos e dentes at\u00e9 8 tons mais brancos.<\/p>\n<div class=\"wp-block-buttons is-layout-flex wp-block-buttons-is-layout-flex\">\n<div class=\"wp-block-button\"><a class=\"wp-block-button__link wp-element-button\" href=\"https:\/\/iwhiteinstant.com\/pt\/produto\/iwhite-glow-whitening-kit\/\">Ver produto<\/a><\/div>\n<\/div>\n<\/div><\/div><\/div><\/section>\n\n\n\n<section class=\"wp-block-karopharma-image-with-text image-with-text image-with-text__full-width\"><div class=\"image-with-text-container \"><div class=\"image-with-text-container-image-container\"><img decoding=\"async\" loading=\"lazy\" src=\"https:\/\/iwhiteinstant.com\/cdn-cgi\/image\/format=auto\/app\/uploads\/sites\/9\/2024\/08\/daily-whitening-products.jpg\" alt=\"daily-whitening-products\"\/><\/div><div class=\"image-with-text-container-content\" style=\"text-align:left\" data-test=\"content\"><div class=\"content\"><h2>Produto de Branqueamento Di\u00e1rio<\/h2><p class=\"body\" data-test=\"body\">Descubra os nossos produtos de cuidado di\u00e1rio que oferecem uma higiene oral adequada e dentes mais brancos.<\/p>\n<div class=\"wp-block-buttons is-layout-flex wp-block-buttons-is-layout-flex\">\n<div class=\"wp-block-button\"><a class=\"wp-block-button__link wp-element-button\" href=\"https:\/\/iwhiteinstant.com\/pt\/produtos\/iwhite-pasta-supreme-whitening\/\">Ver produto<\/a><\/div>\n<\/div>\n<\/div><\/div><\/div><\/section>\n\n\n\n<section class=\"wp-block-karopharma-image-with-text image-with-text image-with-text__full-width\"><div class=\"image-with-text-container \"><div class=\"image-with-text-container-image-container\"><img decoding=\"async\" loading=\"lazy\" src=\"https:\/\/iwhiteinstant.com\/cdn-cgi\/image\/format=auto\/app\/uploads\/sites\/9\/2024\/08\/natural-whitening-hero.jpg\" alt=\"natural-whitening-hero\"\/><\/div><div class=\"image-with-text-container-content\" style=\"text-align:left\" data-test=\"content\"><div class=\"content\"><h2>Branqueamento Natural<\/h2><p class=\"body\" data-test=\"body\">Produto inovador que combina resultados de branqueamento eficazes com uma apar\u00eancia naturalmente radiante!<\/p>\n<div class=\"wp-block-buttons is-layout-flex wp-block-buttons-is-layout-flex\">\n<div class=\"wp-block-button\"><a class=\"wp-block-button__link wp-element-button\" href=\"https:\/\/iwhiteinstant.com\/pt\/produtos\/iwhite-natural-tiras-de-branqueamento\/\">Ver produto<\/a><\/div>\n<\/div>\n<\/div><\/div><\/div><\/section>\n<\/div><\/div>\n\n\n\n<div class=\"wp-block-karopharma-free-text pt-large pb-none bg-center bg-cover bg-no-repeat  is-style-transparent\" style=\"background-image:url()\"><div class=\"free-text-wrapper container max-w-medium text-left\">\n<h2 class=\"wp-block-heading has-text-align-center is-style-heading-h2 has-primary-color has-text-color\">Encontre a solu\u00e7\u00e3o perfeita para branqueamento dent\u00e1rio<\/h2>\n<\/div><\/div>\n\n\n<div class=\"product-list wp-block-karopharma-product-list is-style-transparent\" data-testid=\"product-list\">\n      <div class=\"swiper-container\">\n      <div class=\"swiper\">\n        <div class=\"swiper-wrapper\">\n                      <div class=\"swiper-slide\">\n              <div class=\"product-card\" data-testid=\"product-card\">\n  <a\n    href=https:\/\/iwhiteinstant.com\/pt\/produto\/iwhite-glow-whitening-kit\/\n    class=\"product-card-link\"\n    title=\"iWhite Glow Whitening Kit\"\n  >\n  <figure class=\"product-card-image\" data-testid=\"product-image\">\n                          <img decoding=\"async\" src=\"https:\/\/iwhiteinstant.com\/cdn-cgi\/image\/width=700,format=auto\/app\/uploads\/sites\/9\/2024\/08\/iWhite-Glow-whitening-kit.png\"\n        srcset=\"https:\/\/iwhiteinstant.com\/cdn-cgi\/image\/width=250,format=auto\/app\/uploads\/sites\/9\/2024\/08\/iWhite-Glow-whitening-kit.png 250w,\n                https:\/\/iwhiteinstant.com\/cdn-cgi\/image\/width=500,format=auto\/app\/uploads\/sites\/9\/2024\/08\/iWhite-Glow-whitening-kit.png 500w,\n                https:\/\/iwhiteinstant.com\/cdn-cgi\/image\/width=700,format=auto\/app\/uploads\/sites\/9\/2024\/08\/iWhite-Glow-whitening-kit.png 700w\"\n        sizes=\"(max-width: 400px) 250px, (max-width: 800px) 500px, 700px\"\n        alt=\"iWhite-Glow-whitening-kit\"\n        class=\"img\">\n            <\/figure>\n    <div class=\"product-card-content\">\n      <div class=\"heading-wrapper\">\n        <h2 class=\"heading\">iWhite Glow Whitening Kit<\/h2>\n      <\/div>\n      <div class=\"product-card-description\">At\u00e9 8 tons mais brancos <\/div>\n                      <\/div>\n  <\/a>\n      <div class=\"button-wrapper\">\n    <a\n      href=https:\/\/iwhiteinstant.com\/pt\/produto\/iwhite-glow-whitening-kit\/\n      target=_self\n      class=\"theme-button button-primary-color rounded-button\"\n      rel=\"noopener\"\n      title=\"Ler mais\"\n    >\n       Ler mais\n    <\/a>\n<\/div>  <\/div>\n            <\/div>\n                      <div class=\"swiper-slide\">\n              <div class=\"product-card\" data-testid=\"product-card\">\n  <a\n    href=https:\/\/iwhiteinstant.com\/pt\/produto\/iwhite-natural-tiras-de-branqueamento\/\n    class=\"product-card-link\"\n    title=\"iWhite Natural Tiras de branqueamento\"\n  >\n  <figure class=\"product-card-image\" data-testid=\"product-image\">\n                          <img decoding=\"async\" src=\"https:\/\/iwhiteinstant.com\/cdn-cgi\/image\/width=700,format=auto\/app\/uploads\/sites\/9\/2024\/08\/iWhite-Natural-Dissolving-Whitening-Strips.png\"\n        srcset=\"https:\/\/iwhiteinstant.com\/cdn-cgi\/image\/width=250,format=auto\/app\/uploads\/sites\/9\/2024\/08\/iWhite-Natural-Dissolving-Whitening-Strips.png 250w,\n                https:\/\/iwhiteinstant.com\/cdn-cgi\/image\/width=500,format=auto\/app\/uploads\/sites\/9\/2024\/08\/iWhite-Natural-Dissolving-Whitening-Strips.png 500w,\n                https:\/\/iwhiteinstant.com\/cdn-cgi\/image\/width=700,format=auto\/app\/uploads\/sites\/9\/2024\/08\/iWhite-Natural-Dissolving-Whitening-Strips.png 700w\"\n        sizes=\"(max-width: 400px) 250px, (max-width: 800px) 500px, 700px\"\n        alt=\"iWhite Natural Tiras de branqueamento\"\n        class=\"img\">\n            <\/figure>\n    <div class=\"product-card-content\">\n      <div class=\"heading-wrapper\">\n        <h2 class=\"heading\">iWhite Natural Tiras de branqueamento<\/h2>\n      <\/div>\n      <div class=\"product-card-description\">Tiras inv\u00edsiveis que se dissolvem naturalmente<\/div>\n                      <\/div>\n  <\/a>\n      <div class=\"button-wrapper\">\n    <a\n      href=https:\/\/iwhiteinstant.com\/pt\/produto\/iwhite-natural-tiras-de-branqueamento\/\n      target=_self\n      class=\"theme-button button-primary-color rounded-button\"\n      rel=\"noopener\"\n      title=\"Ler mais\"\n    >\n       Ler mais\n    <\/a>\n<\/div>  <\/div>\n            <\/div>\n                      <div class=\"swiper-slide\">\n              <div class=\"product-card\" data-testid=\"product-card\">\n  <a\n    href=https:\/\/iwhiteinstant.com\/pt\/produto\/iwhite-pasta-supreme-whitening\/\n    class=\"product-card-link\"\n    title=\"iWhite Pasta Supreme Whitening\"\n  >\n  <figure class=\"product-card-image\" data-testid=\"product-image\">\n                          <img decoding=\"async\" src=\"https:\/\/iwhiteinstant.com\/cdn-cgi\/image\/width=700,format=auto\/app\/uploads\/sites\/9\/2024\/08\/iWhite-Supreme-toothpaste.png\"\n        srcset=\"https:\/\/iwhiteinstant.com\/cdn-cgi\/image\/width=250,format=auto\/app\/uploads\/sites\/9\/2024\/08\/iWhite-Supreme-toothpaste.png 250w,\n                https:\/\/iwhiteinstant.com\/cdn-cgi\/image\/width=500,format=auto\/app\/uploads\/sites\/9\/2024\/08\/iWhite-Supreme-toothpaste.png 500w,\n                https:\/\/iwhiteinstant.com\/cdn-cgi\/image\/width=700,format=auto\/app\/uploads\/sites\/9\/2024\/08\/iWhite-Supreme-toothpaste.png 700w\"\n        sizes=\"(max-width: 400px) 250px, (max-width: 800px) 500px, 700px\"\n        alt=\"iWhite Pasta Supreme Whitening\"\n        class=\"img\">\n            <\/figure>\n    <div class=\"product-card-content\">\n      <div class=\"heading-wrapper\">\n        <h2 class=\"heading\">iWhite Pasta Supreme Whitening<\/h2>\n      <\/div>\n      <div class=\"product-card-description\">Branqueamento dent\u00e1rio di\u00e1rio com a\u00e7\u00e3o protetora<\/div>\n                      <\/div>\n  <\/a>\n      <div class=\"button-wrapper\">\n    <a\n      href=https:\/\/iwhiteinstant.com\/pt\/produto\/iwhite-pasta-supreme-whitening\/\n      target=_self\n      class=\"theme-button button-primary-color rounded-button\"\n      rel=\"noopener\"\n      title=\"Ler mais\"\n    >\n       Ler mais\n    <\/a>\n<\/div>  <\/div>\n            <\/div>\n                  <\/div>\n        <div class=\"swiper-scrollbar\"><\/div>\n      <\/div>\n    <\/div>\n  <\/div>\n","protected":false},"excerpt":{"rendered":"","protected":false},"author":2,"featured_media":0,"parent":0,"menu_order":0,"comment_status":"closed","ping_status":"closed","template":"","meta":{"_acf_changed":false,"footnotes":""},"from-article-database":[],"class_list":["post-14","page","type-page","status-publish","hentry"],"acf":[],"yoast_head":"<!-- This site is optimized with the Yoast SEO plugin v26.6 - https:\/\/yoast.com\/wordpress\/plugins\/seo\/ -->\n<title>iWhite - iWhite<\/title>\n<meta name=\"description\" content=\"iWhite \u00e9 a tua raz\u00e3o di\u00e1ria para sorrir: Branqueamento dent\u00e1rio profissional - F\u00e1cil de utilizar - Clinicamente comprovado - Efeito instant\u00e2neo\" \/>\n<meta name=\"robots\" content=\"index, follow, max-snippet:-1, max-image-preview:large, max-video-preview:-1\" \/>\n<link rel=\"canonical\" href=\"https:\/\/iwhiteinstant.com\/pt\/\" \/>\n<meta property=\"og:locale\" content=\"pt_PT\" \/>\n<meta property=\"og:type\" content=\"article\" \/>\n<meta property=\"og:title\" content=\"iWhite - iWhite\" \/>\n<meta property=\"og:description\" content=\"iWhite \u00e9 a tua raz\u00e3o di\u00e1ria para sorrir: Branqueamento dent\u00e1rio profissional - F\u00e1cil de utilizar - Clinicamente comprovado - Efeito instant\u00e2neo\" \/>\n<meta property=\"og:url\" content=\"https:\/\/iwhiteinstant.com\/pt\/\" \/>\n<meta property=\"og:site_name\" content=\"iWhite\" \/>\n<meta property=\"article:modified_time\" content=\"2025-01-22T07:43:19+00:00\" \/>\n<meta property=\"og:image\" content=\"https:\/\/iwhiteinstant.com\/cdn-cgi\/image\/format=auto\/app\/uploads\/sites\/9\/2024\/08\/iWhite-Natural-Dissolving-Whitening-Strips-hero.png\" \/>\n<meta name=\"twitter:card\" content=\"summary_large_image\" \/>\n<meta name=\"twitter:label1\" content=\"Est. reading time\" \/>\n\t<meta name=\"twitter:data1\" content=\"2 minutos\" \/>\n<script type=\"application\/ld+json\" class=\"yoast-schema-graph\">{\"@context\":\"https:\/\/schema.org\",\"@graph\":[{\"@type\":\"WebPage\",\"@id\":\"https:\/\/iwhiteinstant.com\/pt\/\",\"url\":\"https:\/\/iwhiteinstant.com\/pt\/\",\"name\":\"iWhite - iWhite\",\"isPartOf\":{\"@id\":\"https:\/\/iwhiteinstant.com\/pt\/#website\"},\"primaryImageOfPage\":{\"@id\":\"https:\/\/iwhiteinstant.com\/pt\/#primaryimage\"},\"image\":{\"@id\":\"https:\/\/iwhiteinstant.com\/pt\/#primaryimage\"},\"thumbnailUrl\":\"https:\/\/iwhiteinstant.com\/cdn-cgi\/image\/format=auto\/app\/uploads\/sites\/9\/2024\/08\/iWhite-Natural-Dissolving-Whitening-Strips-hero.png\",\"datePublished\":\"2024-08-19T09:33:09+00:00\",\"dateModified\":\"2025-01-22T07:43:19+00:00\",\"description\":\"iWhite \u00e9 a tua raz\u00e3o di\u00e1ria para sorrir: Branqueamento dent\u00e1rio profissional - F\u00e1cil de utilizar - Clinicamente comprovado - Efeito instant\u00e2neo\",\"breadcrumb\":{\"@id\":\"https:\/\/iwhiteinstant.com\/pt\/#breadcrumb\"},\"inLanguage\":\"pt-PT\",\"potentialAction\":[{\"@type\":\"ReadAction\",\"target\":[\"https:\/\/iwhiteinstant.com\/pt\/\"]}]},{\"@type\":\"ImageObject\",\"inLanguage\":\"pt-PT\",\"@id\":\"https:\/\/iwhiteinstant.com\/pt\/#primaryimage\",\"url\":\"https:\/\/iwhiteinstant.com\/cdn-cgi\/image\/format=auto\/app\/uploads\/sites\/9\/2024\/08\/iWhite-Natural-Dissolving-Whitening-Strips-hero.png\",\"contentUrl\":\"https:\/\/iwhiteinstant.com\/cdn-cgi\/image\/format=auto\/app\/uploads\/sites\/9\/2024\/08\/iWhite-Natural-Dissolving-Whitening-Strips-hero.png\"},{\"@type\":\"BreadcrumbList\",\"@id\":\"https:\/\/iwhiteinstant.com\/pt\/#breadcrumb\",\"itemListElement\":[{\"@type\":\"ListItem\",\"position\":1,\"name\":\"Home\",\"item\":\"https:\/\/iwhiteinstant.com\/pt\/\"},{\"@type\":\"ListItem\",\"position\":2,\"name\":\"iWhite\"}]},{\"@type\":\"WebSite\",\"@id\":\"https:\/\/iwhiteinstant.com\/pt\/#website\",\"url\":\"https:\/\/iwhiteinstant.com\/pt\/\",\"name\":\"iWhite\",\"description\":\"\",\"publisher\":{\"@id\":\"https:\/\/iwhiteinstant.com\/pt\/#organization\"},\"potentialAction\":[{\"@type\":\"SearchAction\",\"target\":{\"@type\":\"EntryPoint\",\"urlTemplate\":\"https:\/\/iwhiteinstant.com\/pt\/?s={search_term_string}\"},\"query-input\":{\"@type\":\"PropertyValueSpecification\",\"valueRequired\":true,\"valueName\":\"search_term_string\"}}],\"inLanguage\":\"pt-PT\"},{\"@type\":\"Organization\",\"@id\":\"https:\/\/iwhiteinstant.com\/pt\/#organization\",\"name\":\"iWhite\",\"url\":\"https:\/\/iwhiteinstant.com\/pt\/\",\"logo\":{\"@type\":\"ImageObject\",\"inLanguage\":\"pt-PT\",\"@id\":\"https:\/\/iwhiteinstant.com\/pt\/#\/schema\/logo\/image\/\",\"url\":\"https:\/\/iwhiteinstant.com\/app\/uploads\/sites\/9\/2024\/08\/Iwhite-logo.png\",\"contentUrl\":\"https:\/\/iwhiteinstant.com\/app\/uploads\/sites\/9\/2024\/08\/Iwhite-logo.png\",\"width\":160,\"height\":40,\"caption\":\"iWhite\"},\"image\":{\"@id\":\"https:\/\/iwhiteinstant.com\/pt\/#\/schema\/logo\/image\/\"}}]}<\/script>\n<!-- \/ Yoast SEO plugin. -->","yoast_head_json":{"title":"iWhite - iWhite","description":"iWhite \u00e9 a tua raz\u00e3o di\u00e1ria para sorrir: Branqueamento dent\u00e1rio profissional - F\u00e1cil de utilizar - Clinicamente comprovado - Efeito instant\u00e2neo","robots":{"index":"index","follow":"follow","max-snippet":"max-snippet:-1","max-image-preview":"max-image-preview:large","max-video-preview":"max-video-preview:-1"},"canonical":"https:\/\/iwhiteinstant.com\/pt\/","og_locale":"pt_PT","og_type":"article","og_title":"iWhite - iWhite","og_description":"iWhite \u00e9 a tua raz\u00e3o di\u00e1ria para sorrir: Branqueamento dent\u00e1rio profissional - F\u00e1cil de utilizar - Clinicamente comprovado - Efeito instant\u00e2neo","og_url":"https:\/\/iwhiteinstant.com\/pt\/","og_site_name":"iWhite","article_modified_time":"2025-01-22T07:43:19+00:00","og_image":[{"url":"https:\/\/iwhiteinstant.com\/cdn-cgi\/image\/format=auto\/app\/uploads\/sites\/9\/2024\/08\/iWhite-Natural-Dissolving-Whitening-Strips-hero.png","type":"","width":"","height":""}],"twitter_card":"summary_large_image","twitter_misc":{"Est. reading time":"2 minutos"},"schema":{"@context":"https:\/\/schema.org","@graph":[{"@type":"WebPage","@id":"https:\/\/iwhiteinstant.com\/pt\/","url":"https:\/\/iwhiteinstant.com\/pt\/","name":"iWhite - iWhite","isPartOf":{"@id":"https:\/\/iwhiteinstant.com\/pt\/#website"},"primaryImageOfPage":{"@id":"https:\/\/iwhiteinstant.com\/pt\/#primaryimage"},"image":{"@id":"https:\/\/iwhiteinstant.com\/pt\/#primaryimage"},"thumbnailUrl":"https:\/\/iwhiteinstant.com\/cdn-cgi\/image\/format=auto\/app\/uploads\/sites\/9\/2024\/08\/iWhite-Natural-Dissolving-Whitening-Strips-hero.png","datePublished":"2024-08-19T09:33:09+00:00","dateModified":"2025-01-22T07:43:19+00:00","description":"iWhite \u00e9 a tua raz\u00e3o di\u00e1ria para sorrir: Branqueamento dent\u00e1rio profissional - F\u00e1cil de utilizar - Clinicamente comprovado - Efeito instant\u00e2neo","breadcrumb":{"@id":"https:\/\/iwhiteinstant.com\/pt\/#breadcrumb"},"inLanguage":"pt-PT","potentialAction":[{"@type":"ReadAction","target":["https:\/\/iwhiteinstant.com\/pt\/"]}]},{"@type":"ImageObject","inLanguage":"pt-PT","@id":"https:\/\/iwhiteinstant.com\/pt\/#primaryimage","url":"https:\/\/iwhiteinstant.com\/cdn-cgi\/image\/format=auto\/app\/uploads\/sites\/9\/2024\/08\/iWhite-Natural-Dissolving-Whitening-Strips-hero.png","contentUrl":"https:\/\/iwhiteinstant.com\/cdn-cgi\/image\/format=auto\/app\/uploads\/sites\/9\/2024\/08\/iWhite-Natural-Dissolving-Whitening-Strips-hero.png"},{"@type":"BreadcrumbList","@id":"https:\/\/iwhiteinstant.com\/pt\/#breadcrumb","itemListElement":[{"@type":"ListItem","position":1,"name":"Home","item":"https:\/\/iwhiteinstant.com\/pt\/"},{"@type":"ListItem","position":2,"name":"iWhite"}]},{"@type":"WebSite","@id":"https:\/\/iwhiteinstant.com\/pt\/#website","url":"https:\/\/iwhiteinstant.com\/pt\/","name":"iWhite","description":"","publisher":{"@id":"https:\/\/iwhiteinstant.com\/pt\/#organization"},"potentialAction":[{"@type":"SearchAction","target":{"@type":"EntryPoint","urlTemplate":"https:\/\/iwhiteinstant.com\/pt\/?s={search_term_string}"},"query-input":{"@type":"PropertyValueSpecification","valueRequired":true,"valueName":"search_term_string"}}],"inLanguage":"pt-PT"},{"@type":"Organization","@id":"https:\/\/iwhiteinstant.com\/pt\/#organization","name":"iWhite","url":"https:\/\/iwhiteinstant.com\/pt\/","logo":{"@type":"ImageObject","inLanguage":"pt-PT","@id":"https:\/\/iwhiteinstant.com\/pt\/#\/schema\/logo\/image\/","url":"https:\/\/iwhiteinstant.com\/app\/uploads\/sites\/9\/2024\/08\/Iwhite-logo.png","contentUrl":"https:\/\/iwhiteinstant.com\/app\/uploads\/sites\/9\/2024\/08\/Iwhite-logo.png","width":160,"height":40,"caption":"iWhite"},"image":{"@id":"https:\/\/iwhiteinstant.com\/pt\/#\/schema\/logo\/image\/"}}]}},"_links":{"self":[{"href":"https:\/\/iwhiteinstant.com\/pt\/wp-json\/wp\/v2\/pages\/14","targetHints":{"allow":["GET"]}}],"collection":[{"href":"https:\/\/iwhiteinstant.com\/pt\/wp-json\/wp\/v2\/pages"}],"about":[{"href":"https:\/\/iwhiteinstant.com\/pt\/wp-json\/wp\/v2\/types\/page"}],"author":[{"embeddable":true,"href":"https:\/\/iwhiteinstant.com\/pt\/wp-json\/wp\/v2\/users\/2"}],"replies":[{"embeddable":true,"href":"https:\/\/iwhiteinstant.com\/pt\/wp-json\/wp\/v2\/comments?post=14"}],"version-history":[{"count":10,"href":"https:\/\/iwhiteinstant.com\/pt\/wp-json\/wp\/v2\/pages\/14\/revisions"}],"predecessor-version":[{"id":197,"href":"https:\/\/iwhiteinstant.com\/pt\/wp-json\/wp\/v2\/pages\/14\/revisions\/197"}],"wp:attachment":[{"href":"https:\/\/iwhiteinstant.com\/pt\/wp-json\/wp\/v2\/media?parent=14"}],"wp:term":[{"taxonomy":"from-article-database","embeddable":true,"href":"https:\/\/iwhiteinstant.com\/pt\/wp-json\/wp\/v2\/from-article-database?post=14"}],"curies":[{"name":"wp","href":"https:\/\/api.w.org\/{rel}","templated":true}]}}