{"id":23,"date":"2024-08-19T10:37:52","date_gmt":"2024-08-19T09:37:52","guid":{"rendered":"https:\/\/iwhiteinstant.com\/pt\/?page_id=23"},"modified":"2024-12-20T14:20:19","modified_gmt":"2024-12-20T14:20:19","slug":"tecnologia-iwhite","status":"publish","type":"page","link":"https:\/\/iwhiteinstant.com\/pt\/tecnologia-iwhite\/","title":{"rendered":"Tecnologia iWhite"},"content":{"rendered":"\n<div class=\"wp-block-karopharma-free-text pt-large pb-large bg-center bg-cover bg-no-repeat\" style=\"background-image:url()\"><div class=\"free-text-wrapper container max-w-medium text-left\">\n<h1 class=\"wp-block-heading is-style-heading-huge has-primary-color has-text-color\">Tecnologia iWhite<sup>\u00a9<\/sup><\/h1>\n\n\n\n<p>Desenvolvemos um tratamento de branqueamento dent\u00e1rio sem per\u00f3xido de hidrog\u00e9nio. Com base na tecnologia Film-crystallized Calcium &#8211; os cristais brancos que se fixam no dente, formam uma camada com efeito branqueador imediato o que torna este tratamento mais eficaz.<\/p>\n\n\n\n<p>Pequenos cristais bioativos brancos s\u00e3o utilizados em combina\u00e7\u00e3o com um agente polim\u00e9rico formador de filme forte. Gra\u00e7as a essa tecnologia inovadora, os cristais bioativos brancos s\u00e3o fisicamente fixados na superf\u00edcie dos dentes. A fixa\u00e7\u00e3o f\u00edsica dos cristais brancos resulta num efeito \u00f3ptico de branqueamento. Essa tecnologia FCC \u00e9 refor\u00e7ada por uma novidade inovadora no branqueamento dent\u00e1rio: P.A.P., que \u00e9 uma mol\u00e9cula forte que remove manchas que quebram as descolora\u00e7\u00f5es dent\u00e1rias em pequenos peda\u00e7os sem afetar a estrutura dos dentes.<\/p>\n\n\n\n<p>Estudos cl\u00ednicos comprovaram que iWhite Instant \u00e9 100% seguro para os dentes e proporciona um efeito imediato de branqueamento ap\u00f3s a primeira aplica\u00e7\u00e3o. Alguns utilizadores apresentaram melhorias at\u00e9 8 tons ap\u00f3s um \u00fanico tratamento. No entanto, cada pessoa \u00e9 diferente e os resultados podem variar de indiv\u00edduo para indiv\u00edduo.<\/p>\n<\/div><\/div>\n\n\n\n<div class=\"wp-block-karopharma-free-text pt-large pb-large bg-center bg-cover bg-no-repeat  is-style-primary\" style=\"background-image:url()\"><div class=\"free-text-wrapper container max-w-medium text-left\">\n<h2 class=\"wp-block-heading is-style-heading-h2\">Resultados Instant\u00e2neos <sup>****<\/sup><\/h2>\n\n\n\n<p>Um estudo cl\u00ednico foi conduzido nos consult\u00f3rios de um especialista independente e conceituado. Este dentista foi presidente da Academia Belga de Odontologia Est\u00e9tica (BAED), \u00e9 membro de diversos grupos de pesquisa est\u00e9tica e possui mais de 20 anos de experi\u00eancia em procedimentos de branqueamento dent\u00e1rio. <\/p>\n\n\n\n<p>Os resultados deste estudo sobre a efic\u00e1cia de iWhite Instant demonstraram uma melhoria m\u00e9dia de 4,8 tons, enquanto alguns utilizadores obtiveram uma melhoria at\u00e9 8 tons ap\u00f3s um tratamento de 20 minutos!<\/p>\n<\/div><\/div>\n\n\n\n<div class=\"wp-block-karopharma-free-text pt-large pb-large bg-center bg-cover bg-no-repeat\" style=\"background-image:url()\"><div class=\"free-text-wrapper container max-w-medium text-left\">\n<figure class=\"wp-block-table is-style-secondary-stripes\"><table><thead><tr><th>Melhoria do tom<\/th><th>Percentagem de utilizadores (%)<\/th><\/tr><\/thead><tbody><tr><td>MT 0<\/td><td>4%<\/td><\/tr><tr><td>MT 1<\/td><td>0%<\/td><\/tr><tr><td>MT 2<\/td><td>4%<\/td><\/tr><tr><td>MT 3<\/td><td>24%<\/td><\/tr><tr><td>MT 4<\/td><td>16%<\/td><\/tr><tr><td>MT 5<\/td><td>8%<\/td><\/tr><tr><td>MT 6<\/td><td>12%<\/td><\/tr><tr><td>MT 7<\/td><td>24%<\/td><\/tr><tr><td>MT 8<\/td><td>8%<\/td><\/tr><\/tbody><\/table><figcaption class=\"wp-element-caption\"><small>Tabela 1: Distribui\u00e7\u00e3o da melhoria do tom de branqueamento<\/small><\/figcaption><\/figure>\n<\/div><\/div>\n\n\n\n<div class=\"wp-block-karopharma-free-text pt-large pb-large bg-center bg-cover bg-no-repeat  is-style-primary\" style=\"background-image:url()\"><div class=\"free-text-wrapper container max-w-medium text-left\">\n<h2 class=\"wp-block-heading is-style-heading-h2\">100% seguro<\/h2>\n\n\n\n<p>Nenhum dos utilizadores experienciou problemas nas gengivas ou sensibilidade dent\u00e1ria ap\u00f3s o tratamento, e todos ficaram satisfeitos com a conveni\u00eancia de utiliza\u00e7\u00e3o do produto.<\/p>\n<\/div><\/div>\n\n\n\n<div class=\"wp-block-karopharma-free-text pt-large pb-large bg-center bg-cover bg-no-repeat\" style=\"background-image:url()\"><div class=\"free-text-wrapper container max-w-medium text-left\">\n<figure class=\"wp-block-table is-style-secondary-stripes\"><table><thead><tr><th>Quest\u00e3o<\/th><th>Resposta<\/th><th>T1 (n)<\/th><th>T2 (n)<\/th><\/tr><\/thead><tbody><tr><td>O utilizador tem \u00falceras orais?<\/td><td>N\u00e3o<br>Sim<\/td><td>100%<br>0<\/td><td>100%<br>0<\/td><\/tr><tr><td>O utilizador tem manchas brancas nos tecidos moles?<\/td><td>N\u00e3o<br>Sim<\/td><td>100%<br>0<\/td><td>100%<br>0<\/td><\/tr><tr><td>O utilizador experienciou sensibilidade dent\u00e1ria?<\/td><td>N\u00e3o<br>Sim<\/td><td>100%<br>0<\/td><td>100%<br>0<\/td><\/tr><\/tbody><\/table><figcaption class=\"wp-element-caption\"><small>Tabela 2: Distribui\u00e7\u00e3o dos dados de aceitabilidade<\/small><\/figcaption><\/figure>\n\n\n\n<p class=\"is-style-paragraph-small\">**** Estudo cl\u00ednico (Ensaio cl\u00ednico randomizado duplo-cego de um produto de branqueamento dent\u00e1rio versus placebo).<\/p>\n<\/div><\/div>\n","protected":false},"excerpt":{"rendered":"","protected":false},"author":2,"featured_media":0,"parent":0,"menu_order":0,"comment_status":"closed","ping_status":"closed","template":"","meta":{"_acf_changed":false,"footnotes":""},"from-article-database":[],"class_list":["post-23","page","type-page","status-publish","hentry"],"acf":[],"yoast_head":"<!-- This site is optimized with the Yoast SEO plugin v26.6 - https:\/\/yoast.com\/wordpress\/plugins\/seo\/ -->\n<title>Tecnologia iWhite - iWhite<\/title>\n<meta name=\"description\" content=\"Desenvolvemos um tratamento de branqueamento dent\u00e1rio sem per\u00f3xido de hidrog\u00e9nio, mas mais eficiente com base na tecnologia Film-crystallized Calcium - cristais brancos que se fixam no dente\" \/>\n<meta name=\"robots\" content=\"index, follow, max-snippet:-1, max-image-preview:large, max-video-preview:-1\" \/>\n<link rel=\"canonical\" href=\"https:\/\/iwhiteinstant.com\/pt\/tecnologia-iwhite\/\" \/>\n<meta property=\"og:locale\" content=\"pt_PT\" \/>\n<meta property=\"og:type\" content=\"article\" \/>\n<meta property=\"og:title\" content=\"Tecnologia iWhite - iWhite\" \/>\n<meta property=\"og:description\" content=\"Desenvolvemos um tratamento de branqueamento dent\u00e1rio sem per\u00f3xido de hidrog\u00e9nio, mas mais eficiente com base na tecnologia Film-crystallized Calcium - cristais brancos que se fixam no dente\" \/>\n<meta property=\"og:url\" content=\"https:\/\/iwhiteinstant.com\/pt\/tecnologia-iwhite\/\" \/>\n<meta property=\"og:site_name\" content=\"iWhite\" \/>\n<meta property=\"article:modified_time\" content=\"2024-12-20T14:20:19+00:00\" \/>\n<meta name=\"twitter:card\" content=\"summary_large_image\" \/>\n<meta name=\"twitter:label1\" content=\"Est. reading time\" \/>\n\t<meta name=\"twitter:data1\" content=\"3 minutos\" \/>\n<script type=\"application\/ld+json\" class=\"yoast-schema-graph\">{\"@context\":\"https:\/\/schema.org\",\"@graph\":[{\"@type\":\"WebPage\",\"@id\":\"https:\/\/iwhiteinstant.com\/pt\/tecnologia-iwhite\/\",\"url\":\"https:\/\/iwhiteinstant.com\/pt\/tecnologia-iwhite\/\",\"name\":\"Tecnologia iWhite - iWhite\",\"isPartOf\":{\"@id\":\"https:\/\/iwhiteinstant.com\/pt\/#website\"},\"datePublished\":\"2024-08-19T09:37:52+00:00\",\"dateModified\":\"2024-12-20T14:20:19+00:00\",\"description\":\"Desenvolvemos um tratamento de branqueamento dent\u00e1rio sem per\u00f3xido de hidrog\u00e9nio, mas mais eficiente com base na tecnologia Film-crystallized Calcium - cristais brancos que se fixam no dente\",\"breadcrumb\":{\"@id\":\"https:\/\/iwhiteinstant.com\/pt\/tecnologia-iwhite\/#breadcrumb\"},\"inLanguage\":\"pt-PT\",\"potentialAction\":[{\"@type\":\"ReadAction\",\"target\":[\"https:\/\/iwhiteinstant.com\/pt\/tecnologia-iwhite\/\"]}]},{\"@type\":\"BreadcrumbList\",\"@id\":\"https:\/\/iwhiteinstant.com\/pt\/tecnologia-iwhite\/#breadcrumb\",\"itemListElement\":[{\"@type\":\"ListItem\",\"position\":1,\"name\":\"Home\",\"item\":\"https:\/\/iwhiteinstant.com\/pt\/\"},{\"@type\":\"ListItem\",\"position\":2,\"name\":\"Tecnologia iWhite\"}]},{\"@type\":\"WebSite\",\"@id\":\"https:\/\/iwhiteinstant.com\/pt\/#website\",\"url\":\"https:\/\/iwhiteinstant.com\/pt\/\",\"name\":\"iWhite\",\"description\":\"\",\"publisher\":{\"@id\":\"https:\/\/iwhiteinstant.com\/pt\/#organization\"},\"potentialAction\":[{\"@type\":\"SearchAction\",\"target\":{\"@type\":\"EntryPoint\",\"urlTemplate\":\"https:\/\/iwhiteinstant.com\/pt\/?s={search_term_string}\"},\"query-input\":{\"@type\":\"PropertyValueSpecification\",\"valueRequired\":true,\"valueName\":\"search_term_string\"}}],\"inLanguage\":\"pt-PT\"},{\"@type\":\"Organization\",\"@id\":\"https:\/\/iwhiteinstant.com\/pt\/#organization\",\"name\":\"iWhite\",\"url\":\"https:\/\/iwhiteinstant.com\/pt\/\",\"logo\":{\"@type\":\"ImageObject\",\"inLanguage\":\"pt-PT\",\"@id\":\"https:\/\/iwhiteinstant.com\/pt\/#\/schema\/logo\/image\/\",\"url\":\"https:\/\/iwhiteinstant.com\/app\/uploads\/sites\/9\/2024\/08\/Iwhite-logo.png\",\"contentUrl\":\"https:\/\/iwhiteinstant.com\/app\/uploads\/sites\/9\/2024\/08\/Iwhite-logo.png\",\"width\":160,\"height\":40,\"caption\":\"iWhite\"},\"image\":{\"@id\":\"https:\/\/iwhiteinstant.com\/pt\/#\/schema\/logo\/image\/\"}}]}<\/script>\n<!-- \/ Yoast SEO plugin. -->","yoast_head_json":{"title":"Tecnologia iWhite - iWhite","description":"Desenvolvemos um tratamento de branqueamento dent\u00e1rio sem per\u00f3xido de hidrog\u00e9nio, mas mais eficiente com base na tecnologia Film-crystallized Calcium - cristais brancos que se fixam no dente","robots":{"index":"index","follow":"follow","max-snippet":"max-snippet:-1","max-image-preview":"max-image-preview:large","max-video-preview":"max-video-preview:-1"},"canonical":"https:\/\/iwhiteinstant.com\/pt\/tecnologia-iwhite\/","og_locale":"pt_PT","og_type":"article","og_title":"Tecnologia iWhite - iWhite","og_description":"Desenvolvemos um tratamento de branqueamento dent\u00e1rio sem per\u00f3xido de hidrog\u00e9nio, mas mais eficiente com base na tecnologia Film-crystallized Calcium - cristais brancos que se fixam no dente","og_url":"https:\/\/iwhiteinstant.com\/pt\/tecnologia-iwhite\/","og_site_name":"iWhite","article_modified_time":"2024-12-20T14:20:19+00:00","twitter_card":"summary_large_image","twitter_misc":{"Est. reading time":"3 minutos"},"schema":{"@context":"https:\/\/schema.org","@graph":[{"@type":"WebPage","@id":"https:\/\/iwhiteinstant.com\/pt\/tecnologia-iwhite\/","url":"https:\/\/iwhiteinstant.com\/pt\/tecnologia-iwhite\/","name":"Tecnologia iWhite - iWhite","isPartOf":{"@id":"https:\/\/iwhiteinstant.com\/pt\/#website"},"datePublished":"2024-08-19T09:37:52+00:00","dateModified":"2024-12-20T14:20:19+00:00","description":"Desenvolvemos um tratamento de branqueamento dent\u00e1rio sem per\u00f3xido de hidrog\u00e9nio, mas mais eficiente com base na tecnologia Film-crystallized Calcium - cristais brancos que se fixam no dente","breadcrumb":{"@id":"https:\/\/iwhiteinstant.com\/pt\/tecnologia-iwhite\/#breadcrumb"},"inLanguage":"pt-PT","potentialAction":[{"@type":"ReadAction","target":["https:\/\/iwhiteinstant.com\/pt\/tecnologia-iwhite\/"]}]},{"@type":"BreadcrumbList","@id":"https:\/\/iwhiteinstant.com\/pt\/tecnologia-iwhite\/#breadcrumb","itemListElement":[{"@type":"ListItem","position":1,"name":"Home","item":"https:\/\/iwhiteinstant.com\/pt\/"},{"@type":"ListItem","position":2,"name":"Tecnologia iWhite"}]},{"@type":"WebSite","@id":"https:\/\/iwhiteinstant.com\/pt\/#website","url":"https:\/\/iwhiteinstant.com\/pt\/","name":"iWhite","description":"","publisher":{"@id":"https:\/\/iwhiteinstant.com\/pt\/#organization"},"potentialAction":[{"@type":"SearchAction","target":{"@type":"EntryPoint","urlTemplate":"https:\/\/iwhiteinstant.com\/pt\/?s={search_term_string}"},"query-input":{"@type":"PropertyValueSpecification","valueRequired":true,"valueName":"search_term_string"}}],"inLanguage":"pt-PT"},{"@type":"Organization","@id":"https:\/\/iwhiteinstant.com\/pt\/#organization","name":"iWhite","url":"https:\/\/iwhiteinstant.com\/pt\/","logo":{"@type":"ImageObject","inLanguage":"pt-PT","@id":"https:\/\/iwhiteinstant.com\/pt\/#\/schema\/logo\/image\/","url":"https:\/\/iwhiteinstant.com\/app\/uploads\/sites\/9\/2024\/08\/Iwhite-logo.png","contentUrl":"https:\/\/iwhiteinstant.com\/app\/uploads\/sites\/9\/2024\/08\/Iwhite-logo.png","width":160,"height":40,"caption":"iWhite"},"image":{"@id":"https:\/\/iwhiteinstant.com\/pt\/#\/schema\/logo\/image\/"}}]}},"_links":{"self":[{"href":"https:\/\/iwhiteinstant.com\/pt\/wp-json\/wp\/v2\/pages\/23","targetHints":{"allow":["GET"]}}],"collection":[{"href":"https:\/\/iwhiteinstant.com\/pt\/wp-json\/wp\/v2\/pages"}],"about":[{"href":"https:\/\/iwhiteinstant.com\/pt\/wp-json\/wp\/v2\/types\/page"}],"author":[{"embeddable":true,"href":"https:\/\/iwhiteinstant.com\/pt\/wp-json\/wp\/v2\/users\/2"}],"replies":[{"embeddable":true,"href":"https:\/\/iwhiteinstant.com\/pt\/wp-json\/wp\/v2\/comments?post=23"}],"version-history":[{"count":10,"href":"https:\/\/iwhiteinstant.com\/pt\/wp-json\/wp\/v2\/pages\/23\/revisions"}],"predecessor-version":[{"id":188,"href":"https:\/\/iwhiteinstant.com\/pt\/wp-json\/wp\/v2\/pages\/23\/revisions\/188"}],"wp:attachment":[{"href":"https:\/\/iwhiteinstant.com\/pt\/wp-json\/wp\/v2\/media?parent=23"}],"wp:term":[{"taxonomy":"from-article-database","embeddable":true,"href":"https:\/\/iwhiteinstant.com\/pt\/wp-json\/wp\/v2\/from-article-database?post=23"}],"curies":[{"name":"wp","href":"https:\/\/api.w.org\/{rel}","templated":true}]}}