{"id":25,"date":"2024-08-19T10:38:14","date_gmt":"2024-08-19T09:38:14","guid":{"rendered":"https:\/\/iwhiteinstant.com\/pt\/?page_id=25"},"modified":"2025-06-23T13:36:39","modified_gmt":"2025-06-23T12:36:39","slug":"questoes-frequentes","status":"publish","type":"page","link":"https:\/\/iwhiteinstant.com\/pt\/questoes-frequentes\/","title":{"rendered":"Quest\u00f5es frequentes"},"content":{"rendered":"\n<div class=\"wp-block-karopharma-free-text pt-large pb-large bg-center bg-cover bg-no-repeat bg-box is-style-primary\" style=\"background-image:url(https:\/\/iwhiteinstant.com\/cdn-cgi\/image\/format=auto\/app\/uploads\/sites\/9\/2024\/08\/faq.jpg)\"><div class=\"free-text-wrapper container max-w-small text-center\">\n<h1 class=\"wp-block-heading is-style-heading-huge has-primary-color has-text-color\">Quest\u00f5es frequentes<\/h1>\n\n\n\n<h2 class=\"wp-block-heading is-style-heading-h3\">Descubra a resposta para perguntas frequentes<\/h2>\n<\/div><\/div>\n\n\n\n<div class=\"wp-block-karopharma-accordions\"><div class=\"container\">\n<details class=\"wp-block-karopharma-accordion\"><summary><h2 class=\"accordion-title\">Qu\u00e3o brancos ficar\u00e3o os meus dentes?<\/h2><\/summary><div class=\"accordion-content\">\n<p>Os resultados de branqueamento podem variar de uma pessoa para outra e podem depender da origem e gravidade da descolora\u00e7\u00e3o dos dentes ou da natureza da estrutura dos seus dentes. No entanto, v\u00e1rios testes independentes de efic\u00e1cia mostram resultados satisfat\u00f3rios significativos com a tecnologia iWhite. Esta tecnologia comprovou o branqueamento dos dentes at\u00e9 8 tons em apenas uma aplica\u00e7\u00e3o de 20 minutos.<\/p>\n<\/div><\/details>\n\n\n\n<details class=\"wp-block-karopharma-accordion\"><summary><h2 class=\"accordion-title\">Quanto tempo duram os resultados do branqueamento iWhite?<\/h2><\/summary><div class=\"accordion-content\">\n<p>A dura\u00e7\u00e3o dos resultados ir\u00e1 depender da sua higiene oral pessoal e da descolora\u00e7\u00e3o inicial. Produtos como tabaco, vinho tinto, ch\u00e1 e caf\u00e9 podem causar novas descolora\u00e7\u00f5es. Para resultados \u00f3timos, \u00e9 aconselh\u00e1vel utilizar os produtos iWhite diariamente, semanalmente e\/ou mensalmente &#8211; conforme o adequado.<\/p>\n<\/div><\/details>\n\n\n\n<details class=\"wp-block-karopharma-accordion\"><summary><h2 class=\"accordion-title\">Com que frequ\u00eancia posso utilizar os produtos de branqueamento iWhite?<\/h2><\/summary><div class=\"accordion-content\">\n<p>A frequ\u00eancia de utiliza\u00e7\u00e3o depende do produto que est\u00e1 a ser utilizado. O Kit Glow de Branqueamento iWhite deve ser utilizado durante 5 dias consecutivos, enquanto que as Tiras de Branqueamento iWhite t\u00eam um tratamento de 14 dias. Aconselhamos a verifica\u00e7\u00e3o das instru\u00e7\u00f5es de utiliza\u00e7\u00e3o de cada produto antes da aplica\u00e7\u00e3o.<\/p>\n<\/div><\/details>\n\n\n\n<details class=\"wp-block-karopharma-accordion\"><summary><h2 class=\"accordion-title\">Os produtos de branqueamento dent\u00e1rio iWhite s\u00e3o seguros?<\/h2><\/summary><div class=\"accordion-content\">\n<p>Sim, os produtos de branqueamento iWhite s\u00e3o clinicamente comprovados e cont\u00e9m ingredientes com aprova\u00e7\u00e3o Europeia. N\u00e3o existe risco de sensibilidade ou danos nos dentes com a utiliza\u00e7\u00e3o dos produtos iWhite, uma vez que n\u00e3o cont\u00e9m per\u00f3xido de hidrog\u00e9nio.<\/p>\n<\/div><\/details>\n\n\n\n<details class=\"wp-block-karopharma-accordion\"><summary><h2 class=\"accordion-title\">Posso utilizar os produtos iWhite se tiver problemas nas gengivas?<\/h2><\/summary><div class=\"accordion-content\">\n<p>Consulte o seu dentista antes de utilizar os produtos iWhite.<\/p>\n<\/div><\/details>\n\n\n\n<details class=\"wp-block-karopharma-accordion\"><summary><h2 class=\"accordion-title\">Posso usar os produtos de branqueamento dent\u00e1rio iWhite se tiver\/tive tratamentos dent\u00e1rios e\/ou ortod\u00f4nticos?<\/h2><\/summary><div class=\"accordion-content\">\n<p>N\u00e3o use este produto 2 semanas ap\u00f3s efetuar tratamentos dent\u00e1rios e\/ou ortod\u00f4nticos (obtura\u00e7\u00f5es, coroas, implantes, canal radicular, \u2026).<\/p>\n<\/div><\/details>\n\n\n\n<details class=\"wp-block-karopharma-accordion\"><summary><h2 class=\"accordion-title\">Os produtos de branqueamento dent\u00e1rio iWhite podem ter algum efeito em obtura\u00e7\u00f5es, coroas e facetas?<\/h2><\/summary><div class=\"accordion-content\">\n<p>As coroas, facetas e obtura\u00e7\u00f5es n\u00e3o ser\u00e3o branqueadas com o produto, mas n\u00e3o ser\u00e3o afetadas pelo tratamento.<\/p>\n<\/div><\/details>\n\n\n\n<details class=\"wp-block-karopharma-accordion\"><summary><h2 class=\"accordion-title\">Os produtos de branqueamento dent\u00e1rio iWhite podem ser utilizados durante a gravidez e\/ou amamenta\u00e7\u00e3o?<\/h2><\/summary><div class=\"accordion-content\">\n<p>N\u00e3o aconselhamos a utiliza\u00e7\u00e3o de produtos de branqueamento iWhite durante a gravidez e\/ou durante a amamenta\u00e7\u00e3o.<\/p>\n<\/div><\/details>\n<\/div><\/div>\n","protected":false},"excerpt":{"rendered":"","protected":false},"author":2,"featured_media":0,"parent":0,"menu_order":0,"comment_status":"closed","ping_status":"closed","template":"","meta":{"_acf_changed":false,"footnotes":""},"from-article-database":[],"class_list":["post-25","page","type-page","status-publish","hentry"],"acf":[],"yoast_head":"<!-- This site is optimized with the Yoast SEO plugin v26.6 - https:\/\/yoast.com\/wordpress\/plugins\/seo\/ -->\n<title>Quest\u00f5es frequentes - iWhite<\/title>\n<meta name=\"description\" content=\"Descubra a resposta para perguntas frequentes sobre iWhite\" \/>\n<meta name=\"robots\" content=\"index, follow, max-snippet:-1, max-image-preview:large, max-video-preview:-1\" \/>\n<link rel=\"canonical\" href=\"https:\/\/iwhiteinstant.com\/pt\/questoes-frequentes\/\" \/>\n<meta property=\"og:locale\" content=\"pt_PT\" \/>\n<meta property=\"og:type\" content=\"article\" \/>\n<meta property=\"og:title\" content=\"Quest\u00f5es frequentes - iWhite\" \/>\n<meta property=\"og:description\" content=\"Descubra a resposta para perguntas frequentes sobre iWhite\" \/>\n<meta property=\"og:url\" content=\"https:\/\/iwhiteinstant.com\/pt\/questoes-frequentes\/\" \/>\n<meta property=\"og:site_name\" content=\"iWhite\" \/>\n<meta property=\"article:modified_time\" content=\"2025-06-23T12:36:39+00:00\" \/>\n<meta name=\"twitter:card\" content=\"summary_large_image\" \/>\n<meta name=\"twitter:label1\" content=\"Est. reading time\" \/>\n\t<meta name=\"twitter:data1\" content=\"2 minutos\" \/>\n<script type=\"application\/ld+json\" class=\"yoast-schema-graph\">{\"@context\":\"https:\/\/schema.org\",\"@graph\":[{\"@type\":\"WebPage\",\"@id\":\"https:\/\/iwhiteinstant.com\/pt\/questoes-frequentes\/\",\"url\":\"https:\/\/iwhiteinstant.com\/pt\/questoes-frequentes\/\",\"name\":\"Quest\u00f5es frequentes - iWhite\",\"isPartOf\":{\"@id\":\"https:\/\/iwhiteinstant.com\/pt\/#website\"},\"datePublished\":\"2024-08-19T09:38:14+00:00\",\"dateModified\":\"2025-06-23T12:36:39+00:00\",\"description\":\"Descubra a resposta para perguntas frequentes sobre iWhite\",\"breadcrumb\":{\"@id\":\"https:\/\/iwhiteinstant.com\/pt\/questoes-frequentes\/#breadcrumb\"},\"inLanguage\":\"pt-PT\",\"potentialAction\":[{\"@type\":\"ReadAction\",\"target\":[\"https:\/\/iwhiteinstant.com\/pt\/questoes-frequentes\/\"]}]},{\"@type\":\"BreadcrumbList\",\"@id\":\"https:\/\/iwhiteinstant.com\/pt\/questoes-frequentes\/#breadcrumb\",\"itemListElement\":[{\"@type\":\"ListItem\",\"position\":1,\"name\":\"Home\",\"item\":\"https:\/\/iwhiteinstant.com\/pt\/\"},{\"@type\":\"ListItem\",\"position\":2,\"name\":\"Quest\u00f5es frequentes\"}]},{\"@type\":\"WebSite\",\"@id\":\"https:\/\/iwhiteinstant.com\/pt\/#website\",\"url\":\"https:\/\/iwhiteinstant.com\/pt\/\",\"name\":\"iWhite\",\"description\":\"\",\"publisher\":{\"@id\":\"https:\/\/iwhiteinstant.com\/pt\/#organization\"},\"potentialAction\":[{\"@type\":\"SearchAction\",\"target\":{\"@type\":\"EntryPoint\",\"urlTemplate\":\"https:\/\/iwhiteinstant.com\/pt\/?s={search_term_string}\"},\"query-input\":{\"@type\":\"PropertyValueSpecification\",\"valueRequired\":true,\"valueName\":\"search_term_string\"}}],\"inLanguage\":\"pt-PT\"},{\"@type\":\"Organization\",\"@id\":\"https:\/\/iwhiteinstant.com\/pt\/#organization\",\"name\":\"iWhite\",\"url\":\"https:\/\/iwhiteinstant.com\/pt\/\",\"logo\":{\"@type\":\"ImageObject\",\"inLanguage\":\"pt-PT\",\"@id\":\"https:\/\/iwhiteinstant.com\/pt\/#\/schema\/logo\/image\/\",\"url\":\"https:\/\/iwhiteinstant.com\/app\/uploads\/sites\/9\/2024\/08\/Iwhite-logo.png\",\"contentUrl\":\"https:\/\/iwhiteinstant.com\/app\/uploads\/sites\/9\/2024\/08\/Iwhite-logo.png\",\"width\":160,\"height\":40,\"caption\":\"iWhite\"},\"image\":{\"@id\":\"https:\/\/iwhiteinstant.com\/pt\/#\/schema\/logo\/image\/\"}}]}<\/script>\n<!-- \/ Yoast SEO plugin. -->","yoast_head_json":{"title":"Quest\u00f5es frequentes - iWhite","description":"Descubra a resposta para perguntas frequentes sobre iWhite","robots":{"index":"index","follow":"follow","max-snippet":"max-snippet:-1","max-image-preview":"max-image-preview:large","max-video-preview":"max-video-preview:-1"},"canonical":"https:\/\/iwhiteinstant.com\/pt\/questoes-frequentes\/","og_locale":"pt_PT","og_type":"article","og_title":"Quest\u00f5es frequentes - iWhite","og_description":"Descubra a resposta para perguntas frequentes sobre iWhite","og_url":"https:\/\/iwhiteinstant.com\/pt\/questoes-frequentes\/","og_site_name":"iWhite","article_modified_time":"2025-06-23T12:36:39+00:00","twitter_card":"summary_large_image","twitter_misc":{"Est. reading time":"2 minutos"},"schema":{"@context":"https:\/\/schema.org","@graph":[{"@type":"WebPage","@id":"https:\/\/iwhiteinstant.com\/pt\/questoes-frequentes\/","url":"https:\/\/iwhiteinstant.com\/pt\/questoes-frequentes\/","name":"Quest\u00f5es frequentes - iWhite","isPartOf":{"@id":"https:\/\/iwhiteinstant.com\/pt\/#website"},"datePublished":"2024-08-19T09:38:14+00:00","dateModified":"2025-06-23T12:36:39+00:00","description":"Descubra a resposta para perguntas frequentes sobre iWhite","breadcrumb":{"@id":"https:\/\/iwhiteinstant.com\/pt\/questoes-frequentes\/#breadcrumb"},"inLanguage":"pt-PT","potentialAction":[{"@type":"ReadAction","target":["https:\/\/iwhiteinstant.com\/pt\/questoes-frequentes\/"]}]},{"@type":"BreadcrumbList","@id":"https:\/\/iwhiteinstant.com\/pt\/questoes-frequentes\/#breadcrumb","itemListElement":[{"@type":"ListItem","position":1,"name":"Home","item":"https:\/\/iwhiteinstant.com\/pt\/"},{"@type":"ListItem","position":2,"name":"Quest\u00f5es frequentes"}]},{"@type":"WebSite","@id":"https:\/\/iwhiteinstant.com\/pt\/#website","url":"https:\/\/iwhiteinstant.com\/pt\/","name":"iWhite","description":"","publisher":{"@id":"https:\/\/iwhiteinstant.com\/pt\/#organization"},"potentialAction":[{"@type":"SearchAction","target":{"@type":"EntryPoint","urlTemplate":"https:\/\/iwhiteinstant.com\/pt\/?s={search_term_string}"},"query-input":{"@type":"PropertyValueSpecification","valueRequired":true,"valueName":"search_term_string"}}],"inLanguage":"pt-PT"},{"@type":"Organization","@id":"https:\/\/iwhiteinstant.com\/pt\/#organization","name":"iWhite","url":"https:\/\/iwhiteinstant.com\/pt\/","logo":{"@type":"ImageObject","inLanguage":"pt-PT","@id":"https:\/\/iwhiteinstant.com\/pt\/#\/schema\/logo\/image\/","url":"https:\/\/iwhiteinstant.com\/app\/uploads\/sites\/9\/2024\/08\/Iwhite-logo.png","contentUrl":"https:\/\/iwhiteinstant.com\/app\/uploads\/sites\/9\/2024\/08\/Iwhite-logo.png","width":160,"height":40,"caption":"iWhite"},"image":{"@id":"https:\/\/iwhiteinstant.com\/pt\/#\/schema\/logo\/image\/"}}]}},"_links":{"self":[{"href":"https:\/\/iwhiteinstant.com\/pt\/wp-json\/wp\/v2\/pages\/25","targetHints":{"allow":["GET"]}}],"collection":[{"href":"https:\/\/iwhiteinstant.com\/pt\/wp-json\/wp\/v2\/pages"}],"about":[{"href":"https:\/\/iwhiteinstant.com\/pt\/wp-json\/wp\/v2\/types\/page"}],"author":[{"embeddable":true,"href":"https:\/\/iwhiteinstant.com\/pt\/wp-json\/wp\/v2\/users\/2"}],"replies":[{"embeddable":true,"href":"https:\/\/iwhiteinstant.com\/pt\/wp-json\/wp\/v2\/comments?post=25"}],"version-history":[{"count":10,"href":"https:\/\/iwhiteinstant.com\/pt\/wp-json\/wp\/v2\/pages\/25\/revisions"}],"predecessor-version":[{"id":199,"href":"https:\/\/iwhiteinstant.com\/pt\/wp-json\/wp\/v2\/pages\/25\/revisions\/199"}],"wp:attachment":[{"href":"https:\/\/iwhiteinstant.com\/pt\/wp-json\/wp\/v2\/media?parent=25"}],"wp:term":[{"taxonomy":"from-article-database","embeddable":true,"href":"https:\/\/iwhiteinstant.com\/pt\/wp-json\/wp\/v2\/from-article-database?post=25"}],"curies":[{"name":"wp","href":"https:\/\/api.w.org\/{rel}","templated":true}]}}