{"id":29,"date":"2024-08-19T10:40:30","date_gmt":"2024-08-19T09:40:30","guid":{"rendered":"https:\/\/iwhiteinstant.com\/pt\/?post_type=product&#038;p=29"},"modified":"2024-12-20T14:20:13","modified_gmt":"2024-12-20T14:20:13","slug":"iwhite-pasta-supreme-whitening","status":"publish","type":"product","link":"https:\/\/iwhiteinstant.com\/pt\/produto\/iwhite-pasta-supreme-whitening\/","title":{"rendered":"iWhite Pasta Supreme Whitening"},"content":{"rendered":"\n<div class=\"wp-block-karopharma-free-text pt-large pb-small bg-center bg-cover bg-no-repeat\" style=\"background-image:url()\"><div class=\"free-text-wrapper container max-w-medium text-left\">\n<h2 class=\"wp-block-heading is-style-heading-h2\">Quando dois se tornam um: uma combina\u00e7\u00e3o de tecnologias \u00fanicas<\/h2>\n\n\n\n<p>iWhite \u00e9 reconhecida pela sua tecnologia branqueadora exclusiva. Os produtos iWhite cont\u00e9m \u00e1cido ftalimido peroxi-caproico (PAP) &#8211; ingrediente patenteado que dissolve as manchas do esmalte de uma forma suave e eficaz. A superf\u00edcie do dente \u00e9 branqueada e as manchas s\u00e3o removidas.<\/p>\n\n\n\n<p>Inibe o crescimento de bact\u00e9rias, impedindo a forma\u00e7\u00e3o de placa bacteriana. Os seus dentes e as suas gengivas est\u00e3o 100% seguros, os produtos iWhite atuam nas manchas dos dentes, tornando-os mais brancos e proporcionando um sorriso brilhante.<\/p>\n\n\n\n<p>Sempre com a inova\u00e7\u00e3o cont\u00ednua em mente, iWhite desenvolveu uma nova tecnologia complementar que possibilita alcan\u00e7ar resultados ainda melhores.<\/p>\n<\/div><\/div>\n\n\n\n<div class=\"wp-block-karopharma-product-promotion text-align-right pt-medium pb-medium bg-center bg-cover bg-no-repeat\" style=\"background-image:url()\"><div class=\"container max-w-medium\">\n<div class=\"wp-block-group is-layout-flow wp-block-group-is-layout-flow\">\n<figure class=\"wp-block-karopharma-product-promotion-image product-promotion-image\"><img fetchpriority=\"high\" decoding=\"async\" datatest=\"image\" src=\"https:\/\/iwhiteinstant.com\/cdn-cgi\/image\/format=auto\/app\/uploads\/sites\/2\/2024\/03\/Active-Micropearls-Technology.png\" loading=\"eager\" alt=\"Active-Micropearls-Technology\" width=\"518\" height=\"432\" srcset=\"https:\/\/iwhiteinstant.com\/cdn-cgi\/image\/format=auto,width=584\/app\/uploads\/sites\/2\/2024\/03\/Active-Micropearls-Technology.png 584w, https:\/\/iwhiteinstant.com\/cdn-cgi\/image\/format=auto,width=272\/app\/uploads\/sites\/2\/2024\/03\/Active-Micropearls-Technology.png 272w\" sizes=\"(max-width: 584px) 100vw, 584px\"\/><\/figure>\n<\/div>\n\n\n\n<div class=\"wp-block-group is-layout-flow wp-block-group-is-layout-flow\">\n<h2 class=\"wp-block-heading heading is-style-heading-h4\">Conhe\u00e7a a mais recente tecnologia Active Micropearls da iWhite<\/h2>\n\n\n\n<p class=\"paragraph is-style-paragraph-body-text\">Ao utilizar a Tecnologia Active Micropearls, \u00e9 poss\u00edvel ter uma liberta\u00e7\u00e3o direcionada dos ingredientes ativos. Assim ao escovar os dentes, os ativos concentrados s\u00e3o libertados diretamente no esmalte. Na Pasta de Dentes Branqueadora iWhite Supreme, a Tecnologia Active Micropearls cria uma c\u00e1psula com ativos neutralizadores de manchas: os pirofosfatos. Esses ativos formam uma barreira protetora sobre a superf\u00edcie dos seus dentes e ajudam a prevenir o aparecimento de manchas nos dentes.<\/p>\n<\/div>\n<\/div><\/div>\n\n\n\n<div class=\"wp-block-karopharma-free-text pt-small pb-large bg-center bg-cover bg-no-repeat\" style=\"background-image:url()\"><div class=\"free-text-wrapper container max-w-medium text-left\">\n<h3 class=\"wp-block-heading is-style-heading-h4 has-primary-color has-text-color\">&#8220;Ao contr\u00e1rio de outros produtos que podem perder a sua efic\u00e1cia devido \u00e0 evapora\u00e7\u00e3o dos ingredientes, a Pasta de Dentes iWhite Supreme mant\u00e9m continuamente os seus ingredientes ativos e potentes gra\u00e7as \u00e0s micropearls.&#8221;<\/h3>\n<\/div><\/div>\n","protected":false},"excerpt":{"rendered":"<p>Branqueamento dent\u00e1rio di\u00e1rio com a\u00e7\u00e3o protetora<\/p>\n","protected":false},"featured_media":80,"comment_status":"closed","ping_status":"closed","template":"","meta":{"_acf_changed":false,"footnotes":""},"product_brand":[],"product_cat":[],"product_tag":[],"class_list":{"0":"post-29","1":"product","2":"type-product","3":"status-publish","4":"has-post-thumbnail","7":"first","8":"instock","9":"shipping-taxable","10":"product-type-simple"},"acf":[],"yoast_head":"<!-- This site is optimized with the Yoast SEO plugin v26.6 - https:\/\/yoast.com\/wordpress\/plugins\/seo\/ -->\n<title>iWhite Pasta Supreme Whitening - iWhite<\/title>\n<meta name=\"description\" content=\"A Pasta de Dentes iWhite Supreme \u00e9 perfeita para branquear os seus dentes diariamente e proteg\u00ea-los contra influ\u00eancias externas.\" \/>\n<meta name=\"robots\" content=\"index, follow, max-snippet:-1, max-image-preview:large, max-video-preview:-1\" \/>\n<link rel=\"canonical\" href=\"https:\/\/iwhiteinstant.com\/pt\/produto\/iwhite-pasta-supreme-whitening\/\" \/>\n<meta property=\"og:locale\" content=\"pt_PT\" \/>\n<meta property=\"og:type\" content=\"article\" \/>\n<meta property=\"og:title\" content=\"iWhite Pasta Supreme Whitening - iWhite\" \/>\n<meta property=\"og:description\" content=\"A Pasta de Dentes iWhite Supreme \u00e9 perfeita para branquear os seus dentes diariamente e proteg\u00ea-los contra influ\u00eancias externas.\" \/>\n<meta property=\"og:url\" content=\"https:\/\/iwhiteinstant.com\/pt\/produto\/iwhite-pasta-supreme-whitening\/\" \/>\n<meta property=\"og:site_name\" content=\"iWhite\" \/>\n<meta property=\"article:modified_time\" content=\"2024-12-20T14:20:13+00:00\" \/>\n<meta property=\"og:image\" content=\"https:\/\/iwhiteinstant.com\/app\/uploads\/sites\/9\/2024\/08\/iWhite-Supreme-toothpaste.png\" \/>\n\t<meta property=\"og:image:width\" content=\"800\" \/>\n\t<meta property=\"og:image:height\" content=\"800\" \/>\n\t<meta property=\"og:image:type\" content=\"image\/png\" \/>\n<meta name=\"twitter:card\" content=\"summary_large_image\" \/>\n<meta name=\"twitter:label1\" content=\"Est. reading time\" \/>\n\t<meta name=\"twitter:data1\" content=\"2 minutos\" \/>\n<script type=\"application\/ld+json\" class=\"yoast-schema-graph\">{\"@context\":\"https:\/\/schema.org\",\"@graph\":[{\"@type\":\"WebPage\",\"@id\":\"https:\/\/iwhiteinstant.com\/pt\/produto\/iwhite-pasta-supreme-whitening\/\",\"url\":\"https:\/\/iwhiteinstant.com\/pt\/produto\/iwhite-pasta-supreme-whitening\/\",\"name\":\"iWhite Pasta Supreme Whitening - iWhite\",\"isPartOf\":{\"@id\":\"https:\/\/iwhiteinstant.com\/pt\/#website\"},\"primaryImageOfPage\":{\"@id\":\"https:\/\/iwhiteinstant.com\/pt\/produto\/iwhite-pasta-supreme-whitening\/#primaryimage\"},\"image\":{\"@id\":\"https:\/\/iwhiteinstant.com\/pt\/produto\/iwhite-pasta-supreme-whitening\/#primaryimage\"},\"thumbnailUrl\":\"https:\/\/iwhiteinstant.com\/app\/uploads\/sites\/9\/2024\/08\/iWhite-Supreme-toothpaste.png\",\"datePublished\":\"2024-08-19T09:40:30+00:00\",\"dateModified\":\"2024-12-20T14:20:13+00:00\",\"description\":\"A Pasta de Dentes iWhite Supreme \u00e9 perfeita para branquear os seus dentes diariamente e proteg\u00ea-los contra influ\u00eancias externas.\",\"breadcrumb\":{\"@id\":\"https:\/\/iwhiteinstant.com\/pt\/produto\/iwhite-pasta-supreme-whitening\/#breadcrumb\"},\"inLanguage\":\"pt-PT\",\"potentialAction\":[{\"@type\":\"ReadAction\",\"target\":[\"https:\/\/iwhiteinstant.com\/pt\/produto\/iwhite-pasta-supreme-whitening\/\"]}]},{\"@type\":\"ImageObject\",\"inLanguage\":\"pt-PT\",\"@id\":\"https:\/\/iwhiteinstant.com\/pt\/produto\/iwhite-pasta-supreme-whitening\/#primaryimage\",\"url\":\"https:\/\/iwhiteinstant.com\/app\/uploads\/sites\/9\/2024\/08\/iWhite-Supreme-toothpaste.png\",\"contentUrl\":\"https:\/\/iwhiteinstant.com\/app\/uploads\/sites\/9\/2024\/08\/iWhite-Supreme-toothpaste.png\",\"width\":800,\"height\":800,\"caption\":\"iWhite Pasta Supreme Whitening\"},{\"@type\":\"BreadcrumbList\",\"@id\":\"https:\/\/iwhiteinstant.com\/pt\/produto\/iwhite-pasta-supreme-whitening\/#breadcrumb\",\"itemListElement\":[{\"@type\":\"ListItem\",\"position\":1,\"name\":\"Home\",\"item\":\"https:\/\/iwhiteinstant.com\/pt\/\"},{\"@type\":\"ListItem\",\"position\":2,\"name\":\"Produtos iWhite\",\"item\":\"https:\/\/iwhiteinstant.com\/pt\/produtos-iwhite\/\"},{\"@type\":\"ListItem\",\"position\":3,\"name\":\"iWhite Pasta Supreme Whitening\"}]},{\"@type\":\"WebSite\",\"@id\":\"https:\/\/iwhiteinstant.com\/pt\/#website\",\"url\":\"https:\/\/iwhiteinstant.com\/pt\/\",\"name\":\"iWhite\",\"description\":\"\",\"publisher\":{\"@id\":\"https:\/\/iwhiteinstant.com\/pt\/#organization\"},\"potentialAction\":[{\"@type\":\"SearchAction\",\"target\":{\"@type\":\"EntryPoint\",\"urlTemplate\":\"https:\/\/iwhiteinstant.com\/pt\/?s={search_term_string}\"},\"query-input\":{\"@type\":\"PropertyValueSpecification\",\"valueRequired\":true,\"valueName\":\"search_term_string\"}}],\"inLanguage\":\"pt-PT\"},{\"@type\":\"Organization\",\"@id\":\"https:\/\/iwhiteinstant.com\/pt\/#organization\",\"name\":\"iWhite\",\"url\":\"https:\/\/iwhiteinstant.com\/pt\/\",\"logo\":{\"@type\":\"ImageObject\",\"inLanguage\":\"pt-PT\",\"@id\":\"https:\/\/iwhiteinstant.com\/pt\/#\/schema\/logo\/image\/\",\"url\":\"https:\/\/iwhiteinstant.com\/app\/uploads\/sites\/9\/2024\/08\/Iwhite-logo.png\",\"contentUrl\":\"https:\/\/iwhiteinstant.com\/app\/uploads\/sites\/9\/2024\/08\/Iwhite-logo.png\",\"width\":160,\"height\":40,\"caption\":\"iWhite\"},\"image\":{\"@id\":\"https:\/\/iwhiteinstant.com\/pt\/#\/schema\/logo\/image\/\"}}]}<\/script>\n<!-- \/ Yoast SEO plugin. -->","yoast_head_json":{"title":"iWhite Pasta Supreme Whitening - iWhite","description":"A Pasta de Dentes iWhite Supreme \u00e9 perfeita para branquear os seus dentes diariamente e proteg\u00ea-los contra influ\u00eancias externas.","robots":{"index":"index","follow":"follow","max-snippet":"max-snippet:-1","max-image-preview":"max-image-preview:large","max-video-preview":"max-video-preview:-1"},"canonical":"https:\/\/iwhiteinstant.com\/pt\/produto\/iwhite-pasta-supreme-whitening\/","og_locale":"pt_PT","og_type":"article","og_title":"iWhite Pasta Supreme Whitening - iWhite","og_description":"A Pasta de Dentes iWhite Supreme \u00e9 perfeita para branquear os seus dentes diariamente e proteg\u00ea-los contra influ\u00eancias externas.","og_url":"https:\/\/iwhiteinstant.com\/pt\/produto\/iwhite-pasta-supreme-whitening\/","og_site_name":"iWhite","article_modified_time":"2024-12-20T14:20:13+00:00","og_image":[{"width":800,"height":800,"url":"https:\/\/iwhiteinstant.com\/app\/uploads\/sites\/9\/2024\/08\/iWhite-Supreme-toothpaste.png","type":"image\/png"}],"twitter_card":"summary_large_image","twitter_misc":{"Est. reading time":"2 minutos"},"schema":{"@context":"https:\/\/schema.org","@graph":[{"@type":"WebPage","@id":"https:\/\/iwhiteinstant.com\/pt\/produto\/iwhite-pasta-supreme-whitening\/","url":"https:\/\/iwhiteinstant.com\/pt\/produto\/iwhite-pasta-supreme-whitening\/","name":"iWhite Pasta Supreme Whitening - iWhite","isPartOf":{"@id":"https:\/\/iwhiteinstant.com\/pt\/#website"},"primaryImageOfPage":{"@id":"https:\/\/iwhiteinstant.com\/pt\/produto\/iwhite-pasta-supreme-whitening\/#primaryimage"},"image":{"@id":"https:\/\/iwhiteinstant.com\/pt\/produto\/iwhite-pasta-supreme-whitening\/#primaryimage"},"thumbnailUrl":"https:\/\/iwhiteinstant.com\/app\/uploads\/sites\/9\/2024\/08\/iWhite-Supreme-toothpaste.png","datePublished":"2024-08-19T09:40:30+00:00","dateModified":"2024-12-20T14:20:13+00:00","description":"A Pasta de Dentes iWhite Supreme \u00e9 perfeita para branquear os seus dentes diariamente e proteg\u00ea-los contra influ\u00eancias externas.","breadcrumb":{"@id":"https:\/\/iwhiteinstant.com\/pt\/produto\/iwhite-pasta-supreme-whitening\/#breadcrumb"},"inLanguage":"pt-PT","potentialAction":[{"@type":"ReadAction","target":["https:\/\/iwhiteinstant.com\/pt\/produto\/iwhite-pasta-supreme-whitening\/"]}]},{"@type":"ImageObject","inLanguage":"pt-PT","@id":"https:\/\/iwhiteinstant.com\/pt\/produto\/iwhite-pasta-supreme-whitening\/#primaryimage","url":"https:\/\/iwhiteinstant.com\/app\/uploads\/sites\/9\/2024\/08\/iWhite-Supreme-toothpaste.png","contentUrl":"https:\/\/iwhiteinstant.com\/app\/uploads\/sites\/9\/2024\/08\/iWhite-Supreme-toothpaste.png","width":800,"height":800,"caption":"iWhite Pasta Supreme Whitening"},{"@type":"BreadcrumbList","@id":"https:\/\/iwhiteinstant.com\/pt\/produto\/iwhite-pasta-supreme-whitening\/#breadcrumb","itemListElement":[{"@type":"ListItem","position":1,"name":"Home","item":"https:\/\/iwhiteinstant.com\/pt\/"},{"@type":"ListItem","position":2,"name":"Produtos iWhite","item":"https:\/\/iwhiteinstant.com\/pt\/produtos-iwhite\/"},{"@type":"ListItem","position":3,"name":"iWhite Pasta Supreme Whitening"}]},{"@type":"WebSite","@id":"https:\/\/iwhiteinstant.com\/pt\/#website","url":"https:\/\/iwhiteinstant.com\/pt\/","name":"iWhite","description":"","publisher":{"@id":"https:\/\/iwhiteinstant.com\/pt\/#organization"},"potentialAction":[{"@type":"SearchAction","target":{"@type":"EntryPoint","urlTemplate":"https:\/\/iwhiteinstant.com\/pt\/?s={search_term_string}"},"query-input":{"@type":"PropertyValueSpecification","valueRequired":true,"valueName":"search_term_string"}}],"inLanguage":"pt-PT"},{"@type":"Organization","@id":"https:\/\/iwhiteinstant.com\/pt\/#organization","name":"iWhite","url":"https:\/\/iwhiteinstant.com\/pt\/","logo":{"@type":"ImageObject","inLanguage":"pt-PT","@id":"https:\/\/iwhiteinstant.com\/pt\/#\/schema\/logo\/image\/","url":"https:\/\/iwhiteinstant.com\/app\/uploads\/sites\/9\/2024\/08\/Iwhite-logo.png","contentUrl":"https:\/\/iwhiteinstant.com\/app\/uploads\/sites\/9\/2024\/08\/Iwhite-logo.png","width":160,"height":40,"caption":"iWhite"},"image":{"@id":"https:\/\/iwhiteinstant.com\/pt\/#\/schema\/logo\/image\/"}}]}},"_links":{"self":[{"href":"https:\/\/iwhiteinstant.com\/pt\/wp-json\/wp\/v2\/product\/29","targetHints":{"allow":["GET"]}}],"collection":[{"href":"https:\/\/iwhiteinstant.com\/pt\/wp-json\/wp\/v2\/product"}],"about":[{"href":"https:\/\/iwhiteinstant.com\/pt\/wp-json\/wp\/v2\/types\/product"}],"replies":[{"embeddable":true,"href":"https:\/\/iwhiteinstant.com\/pt\/wp-json\/wp\/v2\/comments?post=29"}],"version-history":[{"count":7,"href":"https:\/\/iwhiteinstant.com\/pt\/wp-json\/wp\/v2\/product\/29\/revisions"}],"predecessor-version":[{"id":173,"href":"https:\/\/iwhiteinstant.com\/pt\/wp-json\/wp\/v2\/product\/29\/revisions\/173"}],"wp:featuredmedia":[{"embeddable":true,"href":"https:\/\/iwhiteinstant.com\/pt\/wp-json\/wp\/v2\/media\/80"}],"wp:attachment":[{"href":"https:\/\/iwhiteinstant.com\/pt\/wp-json\/wp\/v2\/media?parent=29"}],"wp:term":[{"taxonomy":"product_brand","embeddable":true,"href":"https:\/\/iwhiteinstant.com\/pt\/wp-json\/wp\/v2\/product_brand?post=29"},{"taxonomy":"product_cat","embeddable":true,"href":"https:\/\/iwhiteinstant.com\/pt\/wp-json\/wp\/v2\/product_cat?post=29"},{"taxonomy":"product_tag","embeddable":true,"href":"https:\/\/iwhiteinstant.com\/pt\/wp-json\/wp\/v2\/product_tag?post=29"}],"curies":[{"name":"wp","href":"https:\/\/api.w.org\/{rel}","templated":true}]}}