{"id":31,"date":"2024-08-19T10:40:59","date_gmt":"2024-08-19T09:40:59","guid":{"rendered":"https:\/\/iwhiteinstant.com\/pt\/?post_type=product&#038;p=31"},"modified":"2024-12-20T14:20:10","modified_gmt":"2024-12-20T14:20:10","slug":"iwhite-natural-tiras-de-branqueamento","status":"publish","type":"product","link":"https:\/\/iwhiteinstant.com\/pt\/produto\/iwhite-natural-tiras-de-branqueamento\/","title":{"rendered":"iWhite Natural Tiras de branqueamento"},"content":{"rendered":"\n<div class=\"wp-block-karopharma-accordions is-style-secondary\"><div class=\"container\">\n<details class=\"wp-block-karopharma-accordion\"><summary><h2 class=\"accordion-title\">Dentes mais brilhantes e mais brancos gra\u00e7as \u00e0 nossa tecnologia inovadora de tripla a\u00e7\u00e3o iWhite:<\/h2><\/summary><div class=\"accordion-content\">\n<p><strong>At\u00e9 7 tons mais brancos<\/strong><br>A iWhite foi e continua a ser pioneira no branqueamento dent\u00e1rio sem per\u00f3xido de hidrog\u00e9nio. As tiras de branqueamento iWhite, que se dissolvem naturalmente, s\u00e3o formuladas com a mesma tecnologia iWhite dos nossos kits de branqueamento que s\u00e3o mais eficazes e sem per\u00f3xido de hidrog\u00e9nio. S\u00e3o clinicamente comprovadas e eficazes. O resultado? Um sorriso branco e radiante com dentes at\u00e9 7 tons mais claros!<\/p>\n\n\n\n<p><strong>Impregnadas com ingredientes de branqueamento 100% naturais<\/strong><br>Certas frutas como a papa\u00edna e os morangos t\u00eam o poder de branquear os dentes! Vamos partilhar alguns insights sobre essas frutas poderosas que proporcionam um sorriso branco e radiante:<\/p>\n\n\n\n<p>A<strong><mark style=\"background-color:rgba(0, 0, 0, 0)\" class=\"has-inline-color has-secondary-color\"> Papa\u00edna<\/mark><\/strong> remove a propor\u00e7\u00e3o proteica da placa, eliminando assim as manchas associadas a essa prote\u00edna. Est\u00e1 clinicamente comprovado que ir\u00e1 observar resultados v\u00edsivies de branqueamento ap\u00f3s 1 aplica\u00e7\u00e3o.<\/p>\n\n\n\n<p>Os <strong><mark style=\"background-color:rgba(0, 0, 0, 0)\" class=\"has-inline-color has-secondary-color\">morangos<\/mark><\/strong> tamb\u00e9m s\u00e3o conhecidos como poderosos agentes de branqueamento naturais. Est\u00e1 clinicamento comprovado que os morangos t\u00eam um efeito branqueador e de limpeza dos dentes, pois ajudam a dissolver as manchas.<\/p>\n<\/div><\/details>\n\n\n\n<details class=\"wp-block-karopharma-accordion\"><summary><h2 class=\"accordion-title\">Branqueamento dent\u00e1rio de modo f\u00e1cil e eficaz!<\/h2><\/summary><div class=\"accordion-content\">\n<p>Basta colocar as tiras de branqueamento nos seus dentes e deix\u00e1-las atuar. Estas v\u00e3o branquear e dissolver-se naturalmente. Sem complica\u00e7\u00f5es ou preocupa\u00e7\u00f5es, pode usar as tiras de branqueamento iWhite a qualquer hora e em qualquer lugar!<\/p>\n\n\n\n<p>Para resultados \u00f3timos, utilize as tiras durante 14 dias consecutivos.<\/p>\n<\/div><\/details>\n<\/div><\/div>\n","protected":false},"excerpt":{"rendered":"<p>Tiras inv\u00edsiveis que se dissolvem naturalmente<\/p>\n","protected":false},"featured_media":79,"comment_status":"closed","ping_status":"closed","template":"","meta":{"_acf_changed":false,"footnotes":""},"product_brand":[],"product_cat":[],"product_tag":[],"class_list":{"0":"post-31","1":"product","2":"type-product","3":"status-publish","4":"has-post-thumbnail","7":"first","8":"instock","9":"shipping-taxable","10":"product-type-simple"},"acf":[],"yoast_head":"<!-- This site is optimized with the Yoast SEO plugin v26.6 - https:\/\/yoast.com\/wordpress\/plugins\/seo\/ -->\n<title>iWhite Natural Tiras de branqueamento - iWhite<\/title>\n<meta name=\"description\" content=\"As tiras de braqueamento iWhite dissolvem-se naturalmente e atuam de modo seguro nos seus dentes, a qualquer hora e em qualquer lugar. Ingredientes 100% naturais, s\u00e3o suaves para o esmalte, mas eficazes contra manchas.\" \/>\n<meta name=\"robots\" content=\"index, follow, max-snippet:-1, max-image-preview:large, max-video-preview:-1\" \/>\n<link rel=\"canonical\" href=\"https:\/\/iwhiteinstant.com\/pt\/produto\/iwhite-natural-tiras-de-branqueamento\/\" \/>\n<meta property=\"og:locale\" content=\"pt_PT\" \/>\n<meta property=\"og:type\" content=\"article\" \/>\n<meta property=\"og:title\" content=\"iWhite Natural Tiras de branqueamento - iWhite\" \/>\n<meta property=\"og:description\" content=\"As tiras de braqueamento iWhite dissolvem-se naturalmente e atuam de modo seguro nos seus dentes, a qualquer hora e em qualquer lugar. Ingredientes 100% naturais, s\u00e3o suaves para o esmalte, mas eficazes contra manchas.\" \/>\n<meta property=\"og:url\" content=\"https:\/\/iwhiteinstant.com\/pt\/produto\/iwhite-natural-tiras-de-branqueamento\/\" \/>\n<meta property=\"og:site_name\" content=\"iWhite\" \/>\n<meta property=\"article:modified_time\" content=\"2024-12-20T14:20:10+00:00\" \/>\n<meta property=\"og:image\" content=\"https:\/\/iwhiteinstant.com\/app\/uploads\/sites\/9\/2024\/08\/iWhite-Natural-Dissolving-Whitening-Strips.png\" \/>\n\t<meta property=\"og:image:width\" content=\"800\" \/>\n\t<meta property=\"og:image:height\" content=\"800\" \/>\n\t<meta property=\"og:image:type\" content=\"image\/png\" \/>\n<meta name=\"twitter:card\" content=\"summary_large_image\" \/>\n<meta name=\"twitter:label1\" content=\"Est. reading time\" \/>\n\t<meta name=\"twitter:data1\" content=\"2 minutos\" \/>\n<script type=\"application\/ld+json\" class=\"yoast-schema-graph\">{\"@context\":\"https:\/\/schema.org\",\"@graph\":[{\"@type\":\"WebPage\",\"@id\":\"https:\/\/iwhiteinstant.com\/pt\/produto\/iwhite-natural-tiras-de-branqueamento\/\",\"url\":\"https:\/\/iwhiteinstant.com\/pt\/produto\/iwhite-natural-tiras-de-branqueamento\/\",\"name\":\"iWhite Natural Tiras de branqueamento - iWhite\",\"isPartOf\":{\"@id\":\"https:\/\/iwhiteinstant.com\/pt\/#website\"},\"primaryImageOfPage\":{\"@id\":\"https:\/\/iwhiteinstant.com\/pt\/produto\/iwhite-natural-tiras-de-branqueamento\/#primaryimage\"},\"image\":{\"@id\":\"https:\/\/iwhiteinstant.com\/pt\/produto\/iwhite-natural-tiras-de-branqueamento\/#primaryimage\"},\"thumbnailUrl\":\"https:\/\/iwhiteinstant.com\/app\/uploads\/sites\/9\/2024\/08\/iWhite-Natural-Dissolving-Whitening-Strips.png\",\"datePublished\":\"2024-08-19T09:40:59+00:00\",\"dateModified\":\"2024-12-20T14:20:10+00:00\",\"description\":\"As tiras de braqueamento iWhite dissolvem-se naturalmente e atuam de modo seguro nos seus dentes, a qualquer hora e em qualquer lugar. Ingredientes 100% naturais, s\u00e3o suaves para o esmalte, mas eficazes contra manchas.\",\"breadcrumb\":{\"@id\":\"https:\/\/iwhiteinstant.com\/pt\/produto\/iwhite-natural-tiras-de-branqueamento\/#breadcrumb\"},\"inLanguage\":\"pt-PT\",\"potentialAction\":[{\"@type\":\"ReadAction\",\"target\":[\"https:\/\/iwhiteinstant.com\/pt\/produto\/iwhite-natural-tiras-de-branqueamento\/\"]}]},{\"@type\":\"ImageObject\",\"inLanguage\":\"pt-PT\",\"@id\":\"https:\/\/iwhiteinstant.com\/pt\/produto\/iwhite-natural-tiras-de-branqueamento\/#primaryimage\",\"url\":\"https:\/\/iwhiteinstant.com\/app\/uploads\/sites\/9\/2024\/08\/iWhite-Natural-Dissolving-Whitening-Strips.png\",\"contentUrl\":\"https:\/\/iwhiteinstant.com\/app\/uploads\/sites\/9\/2024\/08\/iWhite-Natural-Dissolving-Whitening-Strips.png\",\"width\":800,\"height\":800,\"caption\":\"iWhite Natural Tiras de branqueamento\"},{\"@type\":\"BreadcrumbList\",\"@id\":\"https:\/\/iwhiteinstant.com\/pt\/produto\/iwhite-natural-tiras-de-branqueamento\/#breadcrumb\",\"itemListElement\":[{\"@type\":\"ListItem\",\"position\":1,\"name\":\"Home\",\"item\":\"https:\/\/iwhiteinstant.com\/pt\/\"},{\"@type\":\"ListItem\",\"position\":2,\"name\":\"Produtos iWhite\",\"item\":\"https:\/\/iwhiteinstant.com\/pt\/produtos-iwhite\/\"},{\"@type\":\"ListItem\",\"position\":3,\"name\":\"iWhite Natural Tiras de branqueamento\"}]},{\"@type\":\"WebSite\",\"@id\":\"https:\/\/iwhiteinstant.com\/pt\/#website\",\"url\":\"https:\/\/iwhiteinstant.com\/pt\/\",\"name\":\"iWhite\",\"description\":\"\",\"publisher\":{\"@id\":\"https:\/\/iwhiteinstant.com\/pt\/#organization\"},\"potentialAction\":[{\"@type\":\"SearchAction\",\"target\":{\"@type\":\"EntryPoint\",\"urlTemplate\":\"https:\/\/iwhiteinstant.com\/pt\/?s={search_term_string}\"},\"query-input\":{\"@type\":\"PropertyValueSpecification\",\"valueRequired\":true,\"valueName\":\"search_term_string\"}}],\"inLanguage\":\"pt-PT\"},{\"@type\":\"Organization\",\"@id\":\"https:\/\/iwhiteinstant.com\/pt\/#organization\",\"name\":\"iWhite\",\"url\":\"https:\/\/iwhiteinstant.com\/pt\/\",\"logo\":{\"@type\":\"ImageObject\",\"inLanguage\":\"pt-PT\",\"@id\":\"https:\/\/iwhiteinstant.com\/pt\/#\/schema\/logo\/image\/\",\"url\":\"https:\/\/iwhiteinstant.com\/app\/uploads\/sites\/9\/2024\/08\/Iwhite-logo.png\",\"contentUrl\":\"https:\/\/iwhiteinstant.com\/app\/uploads\/sites\/9\/2024\/08\/Iwhite-logo.png\",\"width\":160,\"height\":40,\"caption\":\"iWhite\"},\"image\":{\"@id\":\"https:\/\/iwhiteinstant.com\/pt\/#\/schema\/logo\/image\/\"}}]}<\/script>\n<!-- \/ Yoast SEO plugin. -->","yoast_head_json":{"title":"iWhite Natural Tiras de branqueamento - iWhite","description":"As tiras de braqueamento iWhite dissolvem-se naturalmente e atuam de modo seguro nos seus dentes, a qualquer hora e em qualquer lugar. Ingredientes 100% naturais, s\u00e3o suaves para o esmalte, mas eficazes contra manchas.","robots":{"index":"index","follow":"follow","max-snippet":"max-snippet:-1","max-image-preview":"max-image-preview:large","max-video-preview":"max-video-preview:-1"},"canonical":"https:\/\/iwhiteinstant.com\/pt\/produto\/iwhite-natural-tiras-de-branqueamento\/","og_locale":"pt_PT","og_type":"article","og_title":"iWhite Natural Tiras de branqueamento - iWhite","og_description":"As tiras de braqueamento iWhite dissolvem-se naturalmente e atuam de modo seguro nos seus dentes, a qualquer hora e em qualquer lugar. Ingredientes 100% naturais, s\u00e3o suaves para o esmalte, mas eficazes contra manchas.","og_url":"https:\/\/iwhiteinstant.com\/pt\/produto\/iwhite-natural-tiras-de-branqueamento\/","og_site_name":"iWhite","article_modified_time":"2024-12-20T14:20:10+00:00","og_image":[{"width":800,"height":800,"url":"https:\/\/iwhiteinstant.com\/app\/uploads\/sites\/9\/2024\/08\/iWhite-Natural-Dissolving-Whitening-Strips.png","type":"image\/png"}],"twitter_card":"summary_large_image","twitter_misc":{"Est. reading time":"2 minutos"},"schema":{"@context":"https:\/\/schema.org","@graph":[{"@type":"WebPage","@id":"https:\/\/iwhiteinstant.com\/pt\/produto\/iwhite-natural-tiras-de-branqueamento\/","url":"https:\/\/iwhiteinstant.com\/pt\/produto\/iwhite-natural-tiras-de-branqueamento\/","name":"iWhite Natural Tiras de branqueamento - iWhite","isPartOf":{"@id":"https:\/\/iwhiteinstant.com\/pt\/#website"},"primaryImageOfPage":{"@id":"https:\/\/iwhiteinstant.com\/pt\/produto\/iwhite-natural-tiras-de-branqueamento\/#primaryimage"},"image":{"@id":"https:\/\/iwhiteinstant.com\/pt\/produto\/iwhite-natural-tiras-de-branqueamento\/#primaryimage"},"thumbnailUrl":"https:\/\/iwhiteinstant.com\/app\/uploads\/sites\/9\/2024\/08\/iWhite-Natural-Dissolving-Whitening-Strips.png","datePublished":"2024-08-19T09:40:59+00:00","dateModified":"2024-12-20T14:20:10+00:00","description":"As tiras de braqueamento iWhite dissolvem-se naturalmente e atuam de modo seguro nos seus dentes, a qualquer hora e em qualquer lugar. Ingredientes 100% naturais, s\u00e3o suaves para o esmalte, mas eficazes contra manchas.","breadcrumb":{"@id":"https:\/\/iwhiteinstant.com\/pt\/produto\/iwhite-natural-tiras-de-branqueamento\/#breadcrumb"},"inLanguage":"pt-PT","potentialAction":[{"@type":"ReadAction","target":["https:\/\/iwhiteinstant.com\/pt\/produto\/iwhite-natural-tiras-de-branqueamento\/"]}]},{"@type":"ImageObject","inLanguage":"pt-PT","@id":"https:\/\/iwhiteinstant.com\/pt\/produto\/iwhite-natural-tiras-de-branqueamento\/#primaryimage","url":"https:\/\/iwhiteinstant.com\/app\/uploads\/sites\/9\/2024\/08\/iWhite-Natural-Dissolving-Whitening-Strips.png","contentUrl":"https:\/\/iwhiteinstant.com\/app\/uploads\/sites\/9\/2024\/08\/iWhite-Natural-Dissolving-Whitening-Strips.png","width":800,"height":800,"caption":"iWhite Natural Tiras de branqueamento"},{"@type":"BreadcrumbList","@id":"https:\/\/iwhiteinstant.com\/pt\/produto\/iwhite-natural-tiras-de-branqueamento\/#breadcrumb","itemListElement":[{"@type":"ListItem","position":1,"name":"Home","item":"https:\/\/iwhiteinstant.com\/pt\/"},{"@type":"ListItem","position":2,"name":"Produtos iWhite","item":"https:\/\/iwhiteinstant.com\/pt\/produtos-iwhite\/"},{"@type":"ListItem","position":3,"name":"iWhite Natural Tiras de branqueamento"}]},{"@type":"WebSite","@id":"https:\/\/iwhiteinstant.com\/pt\/#website","url":"https:\/\/iwhiteinstant.com\/pt\/","name":"iWhite","description":"","publisher":{"@id":"https:\/\/iwhiteinstant.com\/pt\/#organization"},"potentialAction":[{"@type":"SearchAction","target":{"@type":"EntryPoint","urlTemplate":"https:\/\/iwhiteinstant.com\/pt\/?s={search_term_string}"},"query-input":{"@type":"PropertyValueSpecification","valueRequired":true,"valueName":"search_term_string"}}],"inLanguage":"pt-PT"},{"@type":"Organization","@id":"https:\/\/iwhiteinstant.com\/pt\/#organization","name":"iWhite","url":"https:\/\/iwhiteinstant.com\/pt\/","logo":{"@type":"ImageObject","inLanguage":"pt-PT","@id":"https:\/\/iwhiteinstant.com\/pt\/#\/schema\/logo\/image\/","url":"https:\/\/iwhiteinstant.com\/app\/uploads\/sites\/9\/2024\/08\/Iwhite-logo.png","contentUrl":"https:\/\/iwhiteinstant.com\/app\/uploads\/sites\/9\/2024\/08\/Iwhite-logo.png","width":160,"height":40,"caption":"iWhite"},"image":{"@id":"https:\/\/iwhiteinstant.com\/pt\/#\/schema\/logo\/image\/"}}]}},"_links":{"self":[{"href":"https:\/\/iwhiteinstant.com\/pt\/wp-json\/wp\/v2\/product\/31","targetHints":{"allow":["GET"]}}],"collection":[{"href":"https:\/\/iwhiteinstant.com\/pt\/wp-json\/wp\/v2\/product"}],"about":[{"href":"https:\/\/iwhiteinstant.com\/pt\/wp-json\/wp\/v2\/types\/product"}],"replies":[{"embeddable":true,"href":"https:\/\/iwhiteinstant.com\/pt\/wp-json\/wp\/v2\/comments?post=31"}],"version-history":[{"count":10,"href":"https:\/\/iwhiteinstant.com\/pt\/wp-json\/wp\/v2\/product\/31\/revisions"}],"predecessor-version":[{"id":186,"href":"https:\/\/iwhiteinstant.com\/pt\/wp-json\/wp\/v2\/product\/31\/revisions\/186"}],"wp:featuredmedia":[{"embeddable":true,"href":"https:\/\/iwhiteinstant.com\/pt\/wp-json\/wp\/v2\/media\/79"}],"wp:attachment":[{"href":"https:\/\/iwhiteinstant.com\/pt\/wp-json\/wp\/v2\/media?parent=31"}],"wp:term":[{"taxonomy":"product_brand","embeddable":true,"href":"https:\/\/iwhiteinstant.com\/pt\/wp-json\/wp\/v2\/product_brand?post=31"},{"taxonomy":"product_cat","embeddable":true,"href":"https:\/\/iwhiteinstant.com\/pt\/wp-json\/wp\/v2\/product_cat?post=31"},{"taxonomy":"product_tag","embeddable":true,"href":"https:\/\/iwhiteinstant.com\/pt\/wp-json\/wp\/v2\/product_tag?post=31"}],"curies":[{"name":"wp","href":"https:\/\/api.w.org\/{rel}","templated":true}]}}