{"id":33,"date":"2024-08-19T10:43:40","date_gmt":"2024-08-19T09:43:40","guid":{"rendered":"https:\/\/iwhiteinstant.com\/pt\/?post_type=product&#038;p=33"},"modified":"2024-12-20T14:20:09","modified_gmt":"2024-12-20T14:20:09","slug":"iwhite-glow-whitening-kit","status":"publish","type":"product","link":"https:\/\/iwhiteinstant.com\/pt\/produto\/iwhite-glow-whitening-kit\/","title":{"rendered":"iWhite Glow Whitening Kit"},"content":{"rendered":"\n<section class=\"wp-block-karopharma-image-with-text image-with-text image-with-text__not-full-width is-style-primary\"><div class=\"image-with-text-container \"><div class=\"image-with-text-container-image-container\"><img decoding=\"async\" loading=\"lazy\" src=\"https:\/\/iwhiteinstant.com\/cdn-cgi\/image\/format=auto\/app\/uploads\/sites\/2\/2024\/03\/whitening-kit-mirror-large.jpg\" alt=\"whitening-kit-mirror-large\"\/><\/div><div class=\"image-with-text-container-content\" style=\"text-align:left\" data-test=\"content\"><div class=\"content\"><h2>Como funciona?<\/h2><p class=\"body\" data-test=\"body\">S\u00f3 precisa de utilizar o molde durante 20 minutos por dia\u2026 e obter um efeito de branqueamento imediato ap\u00f3s a primeira aplica\u00e7\u00e3o, com dentes at\u00e9 8 tons mais brancos*! Use durante 5 dias consecutivos para resultados ainda mais surpreendentes e \u00f3timos.<br><br><strong>A rotina de branqueamento perfeita em combina\u00e7\u00e3o com o nosso iWhite Glow Whitening Kit<\/strong><br>Para obter os melhores resultados, use o iWhite Glow Whitening kit com a pasta de dentes iWhite Supreme.<\/p>\n<div class=\"wp-block-buttons is-layout-flex wp-block-buttons-is-layout-flex\"><\/div>\n<\/div><\/div><\/div><\/section>\n","protected":false},"excerpt":{"rendered":"<p>At\u00e9 8 tons mais brancos <\/p>\n","protected":false},"featured_media":179,"comment_status":"closed","ping_status":"closed","template":"","meta":{"_acf_changed":false,"footnotes":""},"product_brand":[],"product_cat":[],"product_tag":[],"class_list":{"0":"post-33","1":"product","2":"type-product","3":"status-publish","4":"has-post-thumbnail","7":"first","8":"instock","9":"shipping-taxable","10":"product-type-simple"},"acf":[],"yoast_head":"<!-- This site is optimized with the Yoast SEO plugin v26.6 - https:\/\/yoast.com\/wordpress\/plugins\/seo\/ -->\n<title>iWhite Glow Whitening Kit - iWhite<\/title>\n<meta name=\"description\" content=\"Conhe\u00e7a um dos kits de branqueamento dent\u00e1rio mais premium do mundo: iWhite Glow Whitening\" \/>\n<meta name=\"robots\" content=\"index, follow, max-snippet:-1, max-image-preview:large, max-video-preview:-1\" \/>\n<link rel=\"canonical\" href=\"https:\/\/iwhiteinstant.com\/pt\/produto\/iwhite-glow-whitening-kit\/\" \/>\n<meta property=\"og:locale\" content=\"pt_PT\" \/>\n<meta property=\"og:type\" content=\"article\" \/>\n<meta property=\"og:title\" content=\"iWhite Glow Whitening Kit - iWhite\" \/>\n<meta property=\"og:description\" content=\"Conhe\u00e7a um dos kits de branqueamento dent\u00e1rio mais premium do mundo: iWhite Glow Whitening\" \/>\n<meta property=\"og:url\" content=\"https:\/\/iwhiteinstant.com\/pt\/produto\/iwhite-glow-whitening-kit\/\" \/>\n<meta property=\"og:site_name\" content=\"iWhite\" \/>\n<meta property=\"article:modified_time\" content=\"2024-12-20T14:20:09+00:00\" \/>\n<meta property=\"og:image\" content=\"https:\/\/iwhiteinstant.com\/app\/uploads\/sites\/9\/2024\/08\/iWhite-Glow-whitening-kit.png\" \/>\n\t<meta property=\"og:image:width\" content=\"800\" \/>\n\t<meta property=\"og:image:height\" content=\"800\" \/>\n\t<meta property=\"og:image:type\" content=\"image\/png\" \/>\n<meta name=\"twitter:card\" content=\"summary_large_image\" \/>\n<meta name=\"twitter:label1\" content=\"Est. reading time\" \/>\n\t<meta name=\"twitter:data1\" content=\"1 minuto\" \/>\n<script type=\"application\/ld+json\" class=\"yoast-schema-graph\">{\"@context\":\"https:\/\/schema.org\",\"@graph\":[{\"@type\":\"WebPage\",\"@id\":\"https:\/\/iwhiteinstant.com\/pt\/produto\/iwhite-glow-whitening-kit\/\",\"url\":\"https:\/\/iwhiteinstant.com\/pt\/produto\/iwhite-glow-whitening-kit\/\",\"name\":\"iWhite Glow Whitening Kit - iWhite\",\"isPartOf\":{\"@id\":\"https:\/\/iwhiteinstant.com\/pt\/#website\"},\"primaryImageOfPage\":{\"@id\":\"https:\/\/iwhiteinstant.com\/pt\/produto\/iwhite-glow-whitening-kit\/#primaryimage\"},\"image\":{\"@id\":\"https:\/\/iwhiteinstant.com\/pt\/produto\/iwhite-glow-whitening-kit\/#primaryimage\"},\"thumbnailUrl\":\"https:\/\/iwhiteinstant.com\/app\/uploads\/sites\/9\/2024\/08\/iWhite-Glow-whitening-kit.png\",\"datePublished\":\"2024-08-19T09:43:40+00:00\",\"dateModified\":\"2024-12-20T14:20:09+00:00\",\"description\":\"Conhe\u00e7a um dos kits de branqueamento dent\u00e1rio mais premium do mundo: iWhite Glow Whitening\",\"breadcrumb\":{\"@id\":\"https:\/\/iwhiteinstant.com\/pt\/produto\/iwhite-glow-whitening-kit\/#breadcrumb\"},\"inLanguage\":\"pt-PT\",\"potentialAction\":[{\"@type\":\"ReadAction\",\"target\":[\"https:\/\/iwhiteinstant.com\/pt\/produto\/iwhite-glow-whitening-kit\/\"]}]},{\"@type\":\"ImageObject\",\"inLanguage\":\"pt-PT\",\"@id\":\"https:\/\/iwhiteinstant.com\/pt\/produto\/iwhite-glow-whitening-kit\/#primaryimage\",\"url\":\"https:\/\/iwhiteinstant.com\/app\/uploads\/sites\/9\/2024\/08\/iWhite-Glow-whitening-kit.png\",\"contentUrl\":\"https:\/\/iwhiteinstant.com\/app\/uploads\/sites\/9\/2024\/08\/iWhite-Glow-whitening-kit.png\",\"width\":800,\"height\":800,\"caption\":\"iWhite-Glow-whitening-kit\"},{\"@type\":\"BreadcrumbList\",\"@id\":\"https:\/\/iwhiteinstant.com\/pt\/produto\/iwhite-glow-whitening-kit\/#breadcrumb\",\"itemListElement\":[{\"@type\":\"ListItem\",\"position\":1,\"name\":\"Home\",\"item\":\"https:\/\/iwhiteinstant.com\/pt\/\"},{\"@type\":\"ListItem\",\"position\":2,\"name\":\"Produtos iWhite\",\"item\":\"https:\/\/iwhiteinstant.com\/pt\/produtos-iwhite\/\"},{\"@type\":\"ListItem\",\"position\":3,\"name\":\"iWhite Glow Whitening Kit\"}]},{\"@type\":\"WebSite\",\"@id\":\"https:\/\/iwhiteinstant.com\/pt\/#website\",\"url\":\"https:\/\/iwhiteinstant.com\/pt\/\",\"name\":\"iWhite\",\"description\":\"\",\"publisher\":{\"@id\":\"https:\/\/iwhiteinstant.com\/pt\/#organization\"},\"potentialAction\":[{\"@type\":\"SearchAction\",\"target\":{\"@type\":\"EntryPoint\",\"urlTemplate\":\"https:\/\/iwhiteinstant.com\/pt\/?s={search_term_string}\"},\"query-input\":{\"@type\":\"PropertyValueSpecification\",\"valueRequired\":true,\"valueName\":\"search_term_string\"}}],\"inLanguage\":\"pt-PT\"},{\"@type\":\"Organization\",\"@id\":\"https:\/\/iwhiteinstant.com\/pt\/#organization\",\"name\":\"iWhite\",\"url\":\"https:\/\/iwhiteinstant.com\/pt\/\",\"logo\":{\"@type\":\"ImageObject\",\"inLanguage\":\"pt-PT\",\"@id\":\"https:\/\/iwhiteinstant.com\/pt\/#\/schema\/logo\/image\/\",\"url\":\"https:\/\/iwhiteinstant.com\/app\/uploads\/sites\/9\/2024\/08\/Iwhite-logo.png\",\"contentUrl\":\"https:\/\/iwhiteinstant.com\/app\/uploads\/sites\/9\/2024\/08\/Iwhite-logo.png\",\"width\":160,\"height\":40,\"caption\":\"iWhite\"},\"image\":{\"@id\":\"https:\/\/iwhiteinstant.com\/pt\/#\/schema\/logo\/image\/\"}}]}<\/script>\n<!-- \/ Yoast SEO plugin. -->","yoast_head_json":{"title":"iWhite Glow Whitening Kit - iWhite","description":"Conhe\u00e7a um dos kits de branqueamento dent\u00e1rio mais premium do mundo: iWhite Glow Whitening","robots":{"index":"index","follow":"follow","max-snippet":"max-snippet:-1","max-image-preview":"max-image-preview:large","max-video-preview":"max-video-preview:-1"},"canonical":"https:\/\/iwhiteinstant.com\/pt\/produto\/iwhite-glow-whitening-kit\/","og_locale":"pt_PT","og_type":"article","og_title":"iWhite Glow Whitening Kit - iWhite","og_description":"Conhe\u00e7a um dos kits de branqueamento dent\u00e1rio mais premium do mundo: iWhite Glow Whitening","og_url":"https:\/\/iwhiteinstant.com\/pt\/produto\/iwhite-glow-whitening-kit\/","og_site_name":"iWhite","article_modified_time":"2024-12-20T14:20:09+00:00","og_image":[{"width":800,"height":800,"url":"https:\/\/iwhiteinstant.com\/app\/uploads\/sites\/9\/2024\/08\/iWhite-Glow-whitening-kit.png","type":"image\/png"}],"twitter_card":"summary_large_image","twitter_misc":{"Est. reading time":"1 minuto"},"schema":{"@context":"https:\/\/schema.org","@graph":[{"@type":"WebPage","@id":"https:\/\/iwhiteinstant.com\/pt\/produto\/iwhite-glow-whitening-kit\/","url":"https:\/\/iwhiteinstant.com\/pt\/produto\/iwhite-glow-whitening-kit\/","name":"iWhite Glow Whitening Kit - iWhite","isPartOf":{"@id":"https:\/\/iwhiteinstant.com\/pt\/#website"},"primaryImageOfPage":{"@id":"https:\/\/iwhiteinstant.com\/pt\/produto\/iwhite-glow-whitening-kit\/#primaryimage"},"image":{"@id":"https:\/\/iwhiteinstant.com\/pt\/produto\/iwhite-glow-whitening-kit\/#primaryimage"},"thumbnailUrl":"https:\/\/iwhiteinstant.com\/app\/uploads\/sites\/9\/2024\/08\/iWhite-Glow-whitening-kit.png","datePublished":"2024-08-19T09:43:40+00:00","dateModified":"2024-12-20T14:20:09+00:00","description":"Conhe\u00e7a um dos kits de branqueamento dent\u00e1rio mais premium do mundo: iWhite Glow Whitening","breadcrumb":{"@id":"https:\/\/iwhiteinstant.com\/pt\/produto\/iwhite-glow-whitening-kit\/#breadcrumb"},"inLanguage":"pt-PT","potentialAction":[{"@type":"ReadAction","target":["https:\/\/iwhiteinstant.com\/pt\/produto\/iwhite-glow-whitening-kit\/"]}]},{"@type":"ImageObject","inLanguage":"pt-PT","@id":"https:\/\/iwhiteinstant.com\/pt\/produto\/iwhite-glow-whitening-kit\/#primaryimage","url":"https:\/\/iwhiteinstant.com\/app\/uploads\/sites\/9\/2024\/08\/iWhite-Glow-whitening-kit.png","contentUrl":"https:\/\/iwhiteinstant.com\/app\/uploads\/sites\/9\/2024\/08\/iWhite-Glow-whitening-kit.png","width":800,"height":800,"caption":"iWhite-Glow-whitening-kit"},{"@type":"BreadcrumbList","@id":"https:\/\/iwhiteinstant.com\/pt\/produto\/iwhite-glow-whitening-kit\/#breadcrumb","itemListElement":[{"@type":"ListItem","position":1,"name":"Home","item":"https:\/\/iwhiteinstant.com\/pt\/"},{"@type":"ListItem","position":2,"name":"Produtos iWhite","item":"https:\/\/iwhiteinstant.com\/pt\/produtos-iwhite\/"},{"@type":"ListItem","position":3,"name":"iWhite Glow Whitening Kit"}]},{"@type":"WebSite","@id":"https:\/\/iwhiteinstant.com\/pt\/#website","url":"https:\/\/iwhiteinstant.com\/pt\/","name":"iWhite","description":"","publisher":{"@id":"https:\/\/iwhiteinstant.com\/pt\/#organization"},"potentialAction":[{"@type":"SearchAction","target":{"@type":"EntryPoint","urlTemplate":"https:\/\/iwhiteinstant.com\/pt\/?s={search_term_string}"},"query-input":{"@type":"PropertyValueSpecification","valueRequired":true,"valueName":"search_term_string"}}],"inLanguage":"pt-PT"},{"@type":"Organization","@id":"https:\/\/iwhiteinstant.com\/pt\/#organization","name":"iWhite","url":"https:\/\/iwhiteinstant.com\/pt\/","logo":{"@type":"ImageObject","inLanguage":"pt-PT","@id":"https:\/\/iwhiteinstant.com\/pt\/#\/schema\/logo\/image\/","url":"https:\/\/iwhiteinstant.com\/app\/uploads\/sites\/9\/2024\/08\/Iwhite-logo.png","contentUrl":"https:\/\/iwhiteinstant.com\/app\/uploads\/sites\/9\/2024\/08\/Iwhite-logo.png","width":160,"height":40,"caption":"iWhite"},"image":{"@id":"https:\/\/iwhiteinstant.com\/pt\/#\/schema\/logo\/image\/"}}]}},"_links":{"self":[{"href":"https:\/\/iwhiteinstant.com\/pt\/wp-json\/wp\/v2\/product\/33","targetHints":{"allow":["GET"]}}],"collection":[{"href":"https:\/\/iwhiteinstant.com\/pt\/wp-json\/wp\/v2\/product"}],"about":[{"href":"https:\/\/iwhiteinstant.com\/pt\/wp-json\/wp\/v2\/types\/product"}],"replies":[{"embeddable":true,"href":"https:\/\/iwhiteinstant.com\/pt\/wp-json\/wp\/v2\/comments?post=33"}],"version-history":[{"count":8,"href":"https:\/\/iwhiteinstant.com\/pt\/wp-json\/wp\/v2\/product\/33\/revisions"}],"predecessor-version":[{"id":181,"href":"https:\/\/iwhiteinstant.com\/pt\/wp-json\/wp\/v2\/product\/33\/revisions\/181"}],"wp:featuredmedia":[{"embeddable":true,"href":"https:\/\/iwhiteinstant.com\/pt\/wp-json\/wp\/v2\/media\/179"}],"wp:attachment":[{"href":"https:\/\/iwhiteinstant.com\/pt\/wp-json\/wp\/v2\/media?parent=33"}],"wp:term":[{"taxonomy":"product_brand","embeddable":true,"href":"https:\/\/iwhiteinstant.com\/pt\/wp-json\/wp\/v2\/product_brand?post=33"},{"taxonomy":"product_cat","embeddable":true,"href":"https:\/\/iwhiteinstant.com\/pt\/wp-json\/wp\/v2\/product_cat?post=33"},{"taxonomy":"product_tag","embeddable":true,"href":"https:\/\/iwhiteinstant.com\/pt\/wp-json\/wp\/v2\/product_tag?post=33"}],"curies":[{"name":"wp","href":"https:\/\/api.w.org\/{rel}","templated":true}]}}