{"id":21,"date":"2024-08-19T09:55:47","date_gmt":"2024-08-19T09:55:47","guid":{"rendered":"https:\/\/iwhiteinstant.com\/ro\/?page_id=21"},"modified":"2024-12-20T15:20:10","modified_gmt":"2024-12-20T14:20:10","slug":"tehnologia-iwhite","status":"publish","type":"page","link":"https:\/\/iwhiteinstant.com\/ro\/tehnologia-iwhite\/","title":{"rendered":"Tehnologia iWhite"},"content":{"rendered":"\n<div class=\"wp-block-karopharma-free-text pt-large pb-large bg-center bg-cover bg-no-repeat\" style=\"background-image:url()\"><div class=\"free-text-wrapper container max-w-medium text-left\">\n<h1 class=\"wp-block-heading is-style-heading-huge has-primary-color has-text-color\">Tehnologia iWhite<sup>\u00a9<\/sup><\/h1>\n\n\n\n<p>Am inventat un tratament de albire a din\u021bilor <strong>f\u0103r\u0103 peroxid de hidrogen<\/strong>, dar \u0219i <strong>mai eficient<\/strong>, bazat pe o tehnologie unic\u0103 FCC (Film-Crystallized Calcium).<\/p>\n\n\n\n<p>Micile cristale albe bioactive sunt utilizate \u00een combina\u021bie cu un agent polimeric puternic care formeaz\u0103 un film. Datorit\u0103 acestei tehnologii inovatoare, cristalele bioactive albe vor fi fixate fizic pe suprafa\u021ba dintelui. Fixarea fizic\u0103 a cristalelor albe duce la un efect optic de albire. Aceast\u0103 tehnologie FCC este \u00eent\u0103rit\u0103 de o noutate inovatoare de albire a din\u021bilor: P.A.P., o molecul\u0103 puternic\u0103 de \u00eendep\u0103rtare a petelor care descompune decolor\u0103rile de pe din\u021bi \u00een buc\u0103\u021bi mici, f\u0103r\u0103 a afecta structura din\u021bilor.<\/p>\n\n\n\n<p><strong>Studiile clinice au demonstrat c\u0103 iWhite Instant este 100%<\/strong> sigur pentru din\u021bi \u0219i \u00ee\u021bi ofer\u0103 un <strong>efect imediat de albire<\/strong> dup\u0103 prima aplicare. Unii pacien\u021bi au avut o \u00eembun\u0103t\u0103\u021bire de p\u00e2n\u0103 la 8 nuan\u021be dup\u0103 un singur tratament. Cu toate acestea, fiecare persoan\u0103 este diferit\u0103 \u0219i rezultatele pot varia de la o persoan\u0103 la alta.<\/p>\n<\/div><\/div>\n\n\n\n<div class=\"wp-block-karopharma-free-text pt-large pb-large bg-center bg-cover bg-no-repeat  is-style-primary\" style=\"background-image:url()\"><div class=\"free-text-wrapper container max-w-medium text-left\">\n<h2 class=\"wp-block-heading is-style-heading-h2\">Rezultate instante<sup>****<\/sup><\/h2>\n\n\n\n<p>Un studiu clinic a fost efectuat la birourile unui expert independent, foarte respectat. Acest medic dentist este fostul pre\u0219edinte al Academiei Belgiene de Stomatologie Estetic\u0103 (BAED) \u0219i membru al mai multor academii de investigare estetic\u0103 \u0219i efectueaz\u0103 proceduri de albire a din\u021bilor de peste 20 de ani. Rezultatele acestui studiu privind eficacitatea iWhite Instant au ar\u0103tat o medie de 4,8 nuan\u021be, \u00een timp ce unii pacien\u021bi au avut rezultate de 8 nuan\u021be dup\u0103 un tratament de 20 de minute!<\/p>\n<\/div><\/div>\n\n\n\n<div class=\"wp-block-karopharma-free-text pt-large pb-large bg-center bg-cover bg-no-repeat\" style=\"background-image:url()\"><div class=\"free-text-wrapper container max-w-medium text-left\">\n<figure class=\"wp-block-table is-style-secondary-stripes\"><table><thead><tr><th>Rezultate Instant<\/th><th>Procentul Pacien\u021bilor (%)<\/th><\/tr><\/thead><tbody><tr><td>Nuan\u021ba 0<\/td><td>4%<\/td><\/tr><tr><td>Nuan\u021ba 1<\/td><td>0%<\/td><\/tr><tr><td>Nuan\u021ba 2<\/td><td>4%<\/td><\/tr><tr><td>Nuan\u021ba 3<\/td><td>24%<\/td><\/tr><tr><td>Nuan\u021ba 4<\/td><td>16%<\/td><\/tr><tr><td>Nuan\u021ba 5<\/td><td>8%<\/td><\/tr><tr><td>Nuan\u021ba 6<\/td><td>12%<\/td><\/tr><tr><td>Nuan\u021ba 7<\/td><td>24%<\/td><\/tr><tr><td>Nuan\u021ba 8<\/td><td>8%<\/td><\/tr><\/tbody><\/table><figcaption class=\"wp-element-caption\"><small>Tabelul 1: Imbun\u0103t\u0103\u021birea distribu\u021biei nuan\u021belor<\/small><\/figcaption><\/figure>\n<\/div><\/div>\n\n\n\n<div class=\"wp-block-karopharma-free-text pt-large pb-large bg-center bg-cover bg-no-repeat  is-style-primary\" style=\"background-image:url()\"><div class=\"free-text-wrapper container max-w-medium text-left\">\n<h2 class=\"wp-block-heading is-style-heading-h2\">100% sigur<\/h2>\n\n\n\n<p>Niciunul dintre pacien\u021bi nu a suferit de probleme gingivale sau sensibilitate dup\u0103 tratament \u0219i to\u021bi au fost mul\u021bumi\u021bi de confortul general al gutierelor u\u0219or de utilizat.<\/p>\n<\/div><\/div>\n\n\n\n<div class=\"wp-block-karopharma-free-text pt-large pb-large bg-center bg-cover bg-no-repeat\" style=\"background-image:url()\"><div class=\"free-text-wrapper container max-w-medium text-left\">\n<figure class=\"wp-block-table is-style-secondary-stripes\"><table><thead><tr><th>\u00centrebare<\/th><th>R\u0103spuns<\/th><th>T1 (n)<\/th><th>T2 (n)<\/th><\/tr><\/thead><tbody><tr><td>Pacientul are ulcere aftoase?<\/td><td>Nu<br>Da<\/td><td>100%<br>0<\/td><td>100%<br>0<\/td><\/tr><tr><td>Are pacientul pete albe pe \u021besuturile moi? <\/td><td>Nu<br>Da<\/td><td>100%<br>0<\/td><td>100%<br>0<\/td><\/tr><tr><td>Sim\u021bi\u021bi sensibilitate la nivelul din\u021bilor? <\/td><td>Nu<br>Da<\/td><td>100%<br>0<\/td><td>100%<br>0<\/td><\/tr><\/tbody><\/table><figcaption class=\"wp-element-caption\"><small>Tabelul 2: Distribuirea datelor referitoare la acceptabilitate<\/small><\/figcaption><\/figure>\n\n\n\n<p class=\"is-style-paragraph-small\">**** Studiu clinic (studiu clinic aleator \u00een dublu-orb pentru un produs de albire a din\u021bilor vs un produs placebo).<\/p>\n<\/div><\/div>\n","protected":false},"excerpt":{"rendered":"","protected":false},"author":2,"featured_media":0,"parent":0,"menu_order":0,"comment_status":"closed","ping_status":"closed","template":"","meta":{"_acf_changed":false,"footnotes":""},"from-article-database":[],"class_list":["post-21","page","type-page","status-publish","hentry"],"acf":[],"yoast_head":"<!-- This site is optimized with the Yoast SEO plugin v26.6 - https:\/\/yoast.com\/wordpress\/plugins\/seo\/ -->\n<title>Tehnologia iWhite - iWhite<\/title>\n<meta name=\"description\" content=\"Am inventat un tratament de albire a din\u021bilor f\u0103r\u0103 peroxid de hidrogen, dar \u0219i mai eficient, bazat pe o tehnologie unic\u0103 FCC (Film-Crystallized Calcium).\" \/>\n<meta name=\"robots\" content=\"index, follow, max-snippet:-1, max-image-preview:large, max-video-preview:-1\" \/>\n<link rel=\"canonical\" href=\"https:\/\/iwhiteinstant.com\/ro\/tehnologia-iwhite\/\" \/>\n<meta property=\"og:locale\" content=\"ro_RO\" \/>\n<meta property=\"og:type\" content=\"article\" \/>\n<meta property=\"og:title\" content=\"Tehnologia iWhite - iWhite\" \/>\n<meta property=\"og:description\" content=\"Am inventat un tratament de albire a din\u021bilor f\u0103r\u0103 peroxid de hidrogen, dar \u0219i mai eficient, bazat pe o tehnologie unic\u0103 FCC (Film-Crystallized Calcium).\" \/>\n<meta property=\"og:url\" content=\"https:\/\/iwhiteinstant.com\/ro\/tehnologia-iwhite\/\" \/>\n<meta property=\"og:site_name\" content=\"iWhite\" \/>\n<meta property=\"article:modified_time\" content=\"2024-12-20T14:20:10+00:00\" \/>\n<meta name=\"twitter:card\" content=\"summary_large_image\" \/>\n<meta name=\"twitter:label1\" content=\"Est. reading time\" \/>\n\t<meta name=\"twitter:data1\" content=\"3 minute\" \/>\n<script type=\"application\/ld+json\" class=\"yoast-schema-graph\">{\"@context\":\"https:\/\/schema.org\",\"@graph\":[{\"@type\":\"WebPage\",\"@id\":\"https:\/\/iwhiteinstant.com\/ro\/tehnologia-iwhite\/\",\"url\":\"https:\/\/iwhiteinstant.com\/ro\/tehnologia-iwhite\/\",\"name\":\"Tehnologia iWhite - iWhite\",\"isPartOf\":{\"@id\":\"https:\/\/iwhiteinstant.com\/ro\/#website\"},\"datePublished\":\"2024-08-19T09:55:47+00:00\",\"dateModified\":\"2024-12-20T14:20:10+00:00\",\"description\":\"Am inventat un tratament de albire a din\u021bilor f\u0103r\u0103 peroxid de hidrogen, dar \u0219i mai eficient, bazat pe o tehnologie unic\u0103 FCC (Film-Crystallized Calcium).\",\"breadcrumb\":{\"@id\":\"https:\/\/iwhiteinstant.com\/ro\/tehnologia-iwhite\/#breadcrumb\"},\"inLanguage\":\"ro-RO\",\"potentialAction\":[{\"@type\":\"ReadAction\",\"target\":[\"https:\/\/iwhiteinstant.com\/ro\/tehnologia-iwhite\/\"]}]},{\"@type\":\"BreadcrumbList\",\"@id\":\"https:\/\/iwhiteinstant.com\/ro\/tehnologia-iwhite\/#breadcrumb\",\"itemListElement\":[{\"@type\":\"ListItem\",\"position\":1,\"name\":\"Home\",\"item\":\"https:\/\/iwhiteinstant.com\/ro\/\"},{\"@type\":\"ListItem\",\"position\":2,\"name\":\"Tehnologia iWhite\"}]},{\"@type\":\"WebSite\",\"@id\":\"https:\/\/iwhiteinstant.com\/ro\/#website\",\"url\":\"https:\/\/iwhiteinstant.com\/ro\/\",\"name\":\"iWhite\",\"description\":\"\",\"publisher\":{\"@id\":\"https:\/\/iwhiteinstant.com\/ro\/#organization\"},\"potentialAction\":[{\"@type\":\"SearchAction\",\"target\":{\"@type\":\"EntryPoint\",\"urlTemplate\":\"https:\/\/iwhiteinstant.com\/ro\/?s={search_term_string}\"},\"query-input\":{\"@type\":\"PropertyValueSpecification\",\"valueRequired\":true,\"valueName\":\"search_term_string\"}}],\"inLanguage\":\"ro-RO\"},{\"@type\":\"Organization\",\"@id\":\"https:\/\/iwhiteinstant.com\/ro\/#organization\",\"name\":\"iWhite\",\"url\":\"https:\/\/iwhiteinstant.com\/ro\/\",\"logo\":{\"@type\":\"ImageObject\",\"inLanguage\":\"ro-RO\",\"@id\":\"https:\/\/iwhiteinstant.com\/ro\/#\/schema\/logo\/image\/\",\"url\":\"https:\/\/iwhiteinstant.com\/app\/uploads\/sites\/10\/2024\/08\/Iwhite-logo.png\",\"contentUrl\":\"https:\/\/iwhiteinstant.com\/app\/uploads\/sites\/10\/2024\/08\/Iwhite-logo.png\",\"width\":160,\"height\":40,\"caption\":\"iWhite\"},\"image\":{\"@id\":\"https:\/\/iwhiteinstant.com\/ro\/#\/schema\/logo\/image\/\"}}]}<\/script>\n<!-- \/ Yoast SEO plugin. -->","yoast_head_json":{"title":"Tehnologia iWhite - iWhite","description":"Am inventat un tratament de albire a din\u021bilor f\u0103r\u0103 peroxid de hidrogen, dar \u0219i mai eficient, bazat pe o tehnologie unic\u0103 FCC (Film-Crystallized Calcium).","robots":{"index":"index","follow":"follow","max-snippet":"max-snippet:-1","max-image-preview":"max-image-preview:large","max-video-preview":"max-video-preview:-1"},"canonical":"https:\/\/iwhiteinstant.com\/ro\/tehnologia-iwhite\/","og_locale":"ro_RO","og_type":"article","og_title":"Tehnologia iWhite - iWhite","og_description":"Am inventat un tratament de albire a din\u021bilor f\u0103r\u0103 peroxid de hidrogen, dar \u0219i mai eficient, bazat pe o tehnologie unic\u0103 FCC (Film-Crystallized Calcium).","og_url":"https:\/\/iwhiteinstant.com\/ro\/tehnologia-iwhite\/","og_site_name":"iWhite","article_modified_time":"2024-12-20T14:20:10+00:00","twitter_card":"summary_large_image","twitter_misc":{"Est. reading time":"3 minute"},"schema":{"@context":"https:\/\/schema.org","@graph":[{"@type":"WebPage","@id":"https:\/\/iwhiteinstant.com\/ro\/tehnologia-iwhite\/","url":"https:\/\/iwhiteinstant.com\/ro\/tehnologia-iwhite\/","name":"Tehnologia iWhite - iWhite","isPartOf":{"@id":"https:\/\/iwhiteinstant.com\/ro\/#website"},"datePublished":"2024-08-19T09:55:47+00:00","dateModified":"2024-12-20T14:20:10+00:00","description":"Am inventat un tratament de albire a din\u021bilor f\u0103r\u0103 peroxid de hidrogen, dar \u0219i mai eficient, bazat pe o tehnologie unic\u0103 FCC (Film-Crystallized Calcium).","breadcrumb":{"@id":"https:\/\/iwhiteinstant.com\/ro\/tehnologia-iwhite\/#breadcrumb"},"inLanguage":"ro-RO","potentialAction":[{"@type":"ReadAction","target":["https:\/\/iwhiteinstant.com\/ro\/tehnologia-iwhite\/"]}]},{"@type":"BreadcrumbList","@id":"https:\/\/iwhiteinstant.com\/ro\/tehnologia-iwhite\/#breadcrumb","itemListElement":[{"@type":"ListItem","position":1,"name":"Home","item":"https:\/\/iwhiteinstant.com\/ro\/"},{"@type":"ListItem","position":2,"name":"Tehnologia iWhite"}]},{"@type":"WebSite","@id":"https:\/\/iwhiteinstant.com\/ro\/#website","url":"https:\/\/iwhiteinstant.com\/ro\/","name":"iWhite","description":"","publisher":{"@id":"https:\/\/iwhiteinstant.com\/ro\/#organization"},"potentialAction":[{"@type":"SearchAction","target":{"@type":"EntryPoint","urlTemplate":"https:\/\/iwhiteinstant.com\/ro\/?s={search_term_string}"},"query-input":{"@type":"PropertyValueSpecification","valueRequired":true,"valueName":"search_term_string"}}],"inLanguage":"ro-RO"},{"@type":"Organization","@id":"https:\/\/iwhiteinstant.com\/ro\/#organization","name":"iWhite","url":"https:\/\/iwhiteinstant.com\/ro\/","logo":{"@type":"ImageObject","inLanguage":"ro-RO","@id":"https:\/\/iwhiteinstant.com\/ro\/#\/schema\/logo\/image\/","url":"https:\/\/iwhiteinstant.com\/app\/uploads\/sites\/10\/2024\/08\/Iwhite-logo.png","contentUrl":"https:\/\/iwhiteinstant.com\/app\/uploads\/sites\/10\/2024\/08\/Iwhite-logo.png","width":160,"height":40,"caption":"iWhite"},"image":{"@id":"https:\/\/iwhiteinstant.com\/ro\/#\/schema\/logo\/image\/"}}]}},"_links":{"self":[{"href":"https:\/\/iwhiteinstant.com\/ro\/wp-json\/wp\/v2\/pages\/21","targetHints":{"allow":["GET"]}}],"collection":[{"href":"https:\/\/iwhiteinstant.com\/ro\/wp-json\/wp\/v2\/pages"}],"about":[{"href":"https:\/\/iwhiteinstant.com\/ro\/wp-json\/wp\/v2\/types\/page"}],"author":[{"embeddable":true,"href":"https:\/\/iwhiteinstant.com\/ro\/wp-json\/wp\/v2\/users\/2"}],"replies":[{"embeddable":true,"href":"https:\/\/iwhiteinstant.com\/ro\/wp-json\/wp\/v2\/comments?post=21"}],"version-history":[{"count":2,"href":"https:\/\/iwhiteinstant.com\/ro\/wp-json\/wp\/v2\/pages\/21\/revisions"}],"predecessor-version":[{"id":97,"href":"https:\/\/iwhiteinstant.com\/ro\/wp-json\/wp\/v2\/pages\/21\/revisions\/97"}],"wp:attachment":[{"href":"https:\/\/iwhiteinstant.com\/ro\/wp-json\/wp\/v2\/media?parent=21"}],"wp:term":[{"taxonomy":"from-article-database","embeddable":true,"href":"https:\/\/iwhiteinstant.com\/ro\/wp-json\/wp\/v2\/from-article-database?post=21"}],"curies":[{"name":"wp","href":"https:\/\/api.w.org\/{rel}","templated":true}]}}