{"id":23,"date":"2024-08-19T09:55:58","date_gmt":"2024-08-19T09:55:58","guid":{"rendered":"https:\/\/iwhiteinstant.com\/ro\/?page_id=23"},"modified":"2025-06-23T14:37:08","modified_gmt":"2025-06-23T12:37:08","slug":"intrebari-frecvente","status":"publish","type":"page","link":"https:\/\/iwhiteinstant.com\/ro\/intrebari-frecvente\/","title":{"rendered":"\u00centreb\u0103ri frecvente"},"content":{"rendered":"\n<div class=\"wp-block-karopharma-free-text pt-large pb-large bg-center bg-cover bg-no-repeat bg-box is-style-primary\" style=\"background-image:url(https:\/\/iwhiteinstant.com\/cdn-cgi\/image\/format=auto\/app\/uploads\/sites\/10\/2024\/08\/faq.jpg)\"><div class=\"free-text-wrapper container max-w-small text-center\">\n<h1 class=\"wp-block-heading is-style-heading-huge has-primary-color has-text-color\">\u00centreb\u0103ri frecvente<\/h1>\n\n\n\n<h2 class=\"wp-block-heading is-style-heading-h3\">Afl\u0103 r\u0103spunsul la \u00eentreb\u0103ri frecvente<\/h2>\n<\/div><\/div>\n\n\n\n<div class=\"wp-block-karopharma-accordions\"><div class=\"container\">\n<details class=\"wp-block-karopharma-accordion\"><summary><h2 class=\"accordion-title\">C\u00e2t de albi vor deveni din\u021bii mei?<\/h2><\/summary><div class=\"accordion-content\">\n<p>Rezultatele albirii pot varia de la o persoan\u0103 la alta \u0219i pot depinde de originea \u0219i gravitatea decolor\u0103rii din\u021bilor sau de natura structurii dentare. Cu toate acestea, mai multe teste independente de eficacitate arat\u0103 rezultate satisf\u0103c\u0103toare semnificative cu tehnologia iWhite. Aceast\u0103 tehnologie a dovedit c\u0103 albe\u0219te din\u021bii cu p\u00e2n\u0103 la 8 nuan\u021be dup\u0103 o singur\u0103 aplicare de 20 de minute.<\/p>\n<\/div><\/details>\n\n\n\n<details class=\"wp-block-karopharma-accordion\"><summary><h2 class=\"accordion-title\">C\u00e2t timp vor dura rezultatele de albire?<\/h2><\/summary><div class=\"accordion-content\">\n<p>Acest lucru va depinde de igiena oral\u0103 personal\u0103 \u0219i de decolorarea ini\u021bial\u0103. Produse precum tutunul, vinul ro\u0219u, ceaiul \u0219i cafeaua pot provoca noi decolor\u0103ri. Pentru rezultate optime, se recomand\u0103 utilizarea zilnic\u0103, s\u0103pt\u0103m\u00e2nal\u0103 \u0219i\/sau lunar\u0103 a produselor iWhite.<\/p>\n<\/div><\/details>\n\n\n\n<details class=\"wp-block-karopharma-accordion\"><summary><h2 class=\"accordion-title\">C\u00e2t de des pot utiliza produsele de albire a din\u021bilor iWhite?<\/h2><\/summary><div class=\"accordion-content\">\n<p>Acest lucru depinde de produsul iWhite pe care \u00eel utilizezi. De exemplu, kiturile de albire (iWhite Instant Whitening Kit, iWhite Instant2 Whitening Kit \u0219i iWhite Dark Stains Whitening Kit) pot fi utilizate \u00een fiecare zi timp de 5 zile consecutive, dar kitul iWhite Express poate fi utilizat doar o dat\u0103 pe s\u0103pt\u0103m\u00e2n\u0103. Este recomandat s\u0103 verifici instruc\u021biunile de utilizare ale fiec\u0103rui produs \u00eenainte de aplicare.<\/p>\n<\/div><\/details>\n\n\n\n<details class=\"wp-block-karopharma-accordion\"><summary><h2 class=\"accordion-title\">Sunt sigure produsele iWhite de albire a din\u021bilor?<\/h2><\/summary><div class=\"accordion-content\">\n<p>Da, absolut, produsele din gama iWhite de albire a din\u021bilor sunt produse cosmetice \u00eenregistrate \u0219i con\u021bin ingrediente cosmetice europene aprobate. Deoarece produsele de albire a din\u021bilor iWhite nu con\u021bin peroxid de hidrogen, nu vor ap\u0103rea leziuni \u0219i\/sau sensibilitate ale din\u021bilor \u0219i\/sau gingiilor.<\/p>\n<\/div><\/details>\n\n\n\n<details class=\"wp-block-karopharma-accordion\"><summary><h2 class=\"accordion-title\">Pot utiliza produsele de albire a din\u021bilor iWhite dac\u0103 suf\u0103r de probleme ale gingiilor?<\/h2><\/summary><div class=\"accordion-content\">\n<p>Gama noastr\u0103 iWhite sensitive ar putea fi solu\u021bia perfect\u0103 pentru tine, \u00eens\u0103 este totu\u0219i recomandat s\u0103 consul\u021bi un dentist \u00eenainte de a utiliza produsul.<\/p>\n<\/div><\/details>\n\n\n\n<details class=\"wp-block-karopharma-accordion\"><summary><h2 class=\"accordion-title\">Pot utiliza produsele de albire a din\u021bilor iWhite dac\u0103 am\/am avut tratamente dentare \u0219i\/sau ortodontice?<\/h2><\/summary><div class=\"accordion-content\">\n<p>Nu utiliza acest produs \u00een termen de 2 s\u0103pt\u0103m\u00e2ni \u00een cazul tratamentelor dentare \u0219i\/sau ortodontice (obtura\u021bii, coroane, implanturi, canal dentar, \u2026)<\/p>\n<\/div><\/details>\n\n\n\n<details class=\"wp-block-karopharma-accordion\"><summary><h2 class=\"accordion-title\">Produsele de albire a din\u021bilor iWhite vor avea vreun efect asupra plombelor, coroanelor \u0219i furnirelor?<\/h2><\/summary><div class=\"accordion-content\">\n<p>Coroanele, fa\u021betele \u0219i plombele nu se albesc, dar nu vor fi afectate de tratament.<\/p>\n<\/div><\/details>\n\n\n\n<details class=\"wp-block-karopharma-accordion\"><summary><h2 class=\"accordion-title\">Gama de albire a din\u021bilor iWhite poate fi utilizat\u0103 \u00een timpul sarcinii \u0219i\/sau al\u0103pt\u0103rii?<\/h2><\/summary><div class=\"accordion-content\">\n<p>Nu recomand\u0103m utilizarea gamei de albire a din\u021bilor iWhite \u00een timpul sarcinii \u0219i\/sau al\u0103pt\u0103rii?<\/p>\n<\/div><\/details>\n<\/div><\/div>\n","protected":false},"excerpt":{"rendered":"","protected":false},"author":2,"featured_media":0,"parent":0,"menu_order":0,"comment_status":"closed","ping_status":"closed","template":"","meta":{"_acf_changed":false,"footnotes":""},"from-article-database":[],"class_list":["post-23","page","type-page","status-publish","hentry"],"acf":[],"yoast_head":"<!-- This site is optimized with the Yoast SEO plugin v26.6 - https:\/\/yoast.com\/wordpress\/plugins\/seo\/ -->\n<title>\u00centreb\u0103ri frecvente - iWhite<\/title>\n<meta name=\"description\" content=\"Afl\u0103 r\u0103spunsul la \u00eentreb\u0103ri frecvente: C\u00e2t de albi vor deveni din\u021bii mei? C\u00e2t timp vor dura rezultatele de albire?\" \/>\n<meta name=\"robots\" content=\"index, follow, max-snippet:-1, max-image-preview:large, max-video-preview:-1\" \/>\n<link rel=\"canonical\" href=\"https:\/\/iwhiteinstant.com\/ro\/intrebari-frecvente\/\" \/>\n<meta property=\"og:locale\" content=\"ro_RO\" \/>\n<meta property=\"og:type\" content=\"article\" \/>\n<meta property=\"og:title\" content=\"\u00centreb\u0103ri frecvente - iWhite\" \/>\n<meta property=\"og:description\" content=\"Afl\u0103 r\u0103spunsul la \u00eentreb\u0103ri frecvente: C\u00e2t de albi vor deveni din\u021bii mei? C\u00e2t timp vor dura rezultatele de albire?\" \/>\n<meta property=\"og:url\" content=\"https:\/\/iwhiteinstant.com\/ro\/intrebari-frecvente\/\" \/>\n<meta property=\"og:site_name\" content=\"iWhite\" \/>\n<meta property=\"article:modified_time\" content=\"2025-06-23T12:37:08+00:00\" \/>\n<meta name=\"twitter:card\" content=\"summary_large_image\" \/>\n<meta name=\"twitter:label1\" content=\"Est. reading time\" \/>\n\t<meta name=\"twitter:data1\" content=\"3 minute\" \/>\n<script type=\"application\/ld+json\" class=\"yoast-schema-graph\">{\"@context\":\"https:\/\/schema.org\",\"@graph\":[{\"@type\":\"WebPage\",\"@id\":\"https:\/\/iwhiteinstant.com\/ro\/intrebari-frecvente\/\",\"url\":\"https:\/\/iwhiteinstant.com\/ro\/intrebari-frecvente\/\",\"name\":\"\u00centreb\u0103ri frecvente - iWhite\",\"isPartOf\":{\"@id\":\"https:\/\/iwhiteinstant.com\/ro\/#website\"},\"datePublished\":\"2024-08-19T09:55:58+00:00\",\"dateModified\":\"2025-06-23T12:37:08+00:00\",\"description\":\"Afl\u0103 r\u0103spunsul la \u00eentreb\u0103ri frecvente: C\u00e2t de albi vor deveni din\u021bii mei? C\u00e2t timp vor dura rezultatele de albire?\",\"breadcrumb\":{\"@id\":\"https:\/\/iwhiteinstant.com\/ro\/intrebari-frecvente\/#breadcrumb\"},\"inLanguage\":\"ro-RO\",\"potentialAction\":[{\"@type\":\"ReadAction\",\"target\":[\"https:\/\/iwhiteinstant.com\/ro\/intrebari-frecvente\/\"]}]},{\"@type\":\"BreadcrumbList\",\"@id\":\"https:\/\/iwhiteinstant.com\/ro\/intrebari-frecvente\/#breadcrumb\",\"itemListElement\":[{\"@type\":\"ListItem\",\"position\":1,\"name\":\"Home\",\"item\":\"https:\/\/iwhiteinstant.com\/ro\/\"},{\"@type\":\"ListItem\",\"position\":2,\"name\":\"\u00centreb\u0103ri frecvente\"}]},{\"@type\":\"WebSite\",\"@id\":\"https:\/\/iwhiteinstant.com\/ro\/#website\",\"url\":\"https:\/\/iwhiteinstant.com\/ro\/\",\"name\":\"iWhite\",\"description\":\"\",\"publisher\":{\"@id\":\"https:\/\/iwhiteinstant.com\/ro\/#organization\"},\"potentialAction\":[{\"@type\":\"SearchAction\",\"target\":{\"@type\":\"EntryPoint\",\"urlTemplate\":\"https:\/\/iwhiteinstant.com\/ro\/?s={search_term_string}\"},\"query-input\":{\"@type\":\"PropertyValueSpecification\",\"valueRequired\":true,\"valueName\":\"search_term_string\"}}],\"inLanguage\":\"ro-RO\"},{\"@type\":\"Organization\",\"@id\":\"https:\/\/iwhiteinstant.com\/ro\/#organization\",\"name\":\"iWhite\",\"url\":\"https:\/\/iwhiteinstant.com\/ro\/\",\"logo\":{\"@type\":\"ImageObject\",\"inLanguage\":\"ro-RO\",\"@id\":\"https:\/\/iwhiteinstant.com\/ro\/#\/schema\/logo\/image\/\",\"url\":\"https:\/\/iwhiteinstant.com\/app\/uploads\/sites\/10\/2024\/08\/Iwhite-logo.png\",\"contentUrl\":\"https:\/\/iwhiteinstant.com\/app\/uploads\/sites\/10\/2024\/08\/Iwhite-logo.png\",\"width\":160,\"height\":40,\"caption\":\"iWhite\"},\"image\":{\"@id\":\"https:\/\/iwhiteinstant.com\/ro\/#\/schema\/logo\/image\/\"}}]}<\/script>\n<!-- \/ Yoast SEO plugin. -->","yoast_head_json":{"title":"\u00centreb\u0103ri frecvente - iWhite","description":"Afl\u0103 r\u0103spunsul la \u00eentreb\u0103ri frecvente: C\u00e2t de albi vor deveni din\u021bii mei? C\u00e2t timp vor dura rezultatele de albire?","robots":{"index":"index","follow":"follow","max-snippet":"max-snippet:-1","max-image-preview":"max-image-preview:large","max-video-preview":"max-video-preview:-1"},"canonical":"https:\/\/iwhiteinstant.com\/ro\/intrebari-frecvente\/","og_locale":"ro_RO","og_type":"article","og_title":"\u00centreb\u0103ri frecvente - iWhite","og_description":"Afl\u0103 r\u0103spunsul la \u00eentreb\u0103ri frecvente: C\u00e2t de albi vor deveni din\u021bii mei? C\u00e2t timp vor dura rezultatele de albire?","og_url":"https:\/\/iwhiteinstant.com\/ro\/intrebari-frecvente\/","og_site_name":"iWhite","article_modified_time":"2025-06-23T12:37:08+00:00","twitter_card":"summary_large_image","twitter_misc":{"Est. reading time":"3 minute"},"schema":{"@context":"https:\/\/schema.org","@graph":[{"@type":"WebPage","@id":"https:\/\/iwhiteinstant.com\/ro\/intrebari-frecvente\/","url":"https:\/\/iwhiteinstant.com\/ro\/intrebari-frecvente\/","name":"\u00centreb\u0103ri frecvente - iWhite","isPartOf":{"@id":"https:\/\/iwhiteinstant.com\/ro\/#website"},"datePublished":"2024-08-19T09:55:58+00:00","dateModified":"2025-06-23T12:37:08+00:00","description":"Afl\u0103 r\u0103spunsul la \u00eentreb\u0103ri frecvente: C\u00e2t de albi vor deveni din\u021bii mei? C\u00e2t timp vor dura rezultatele de albire?","breadcrumb":{"@id":"https:\/\/iwhiteinstant.com\/ro\/intrebari-frecvente\/#breadcrumb"},"inLanguage":"ro-RO","potentialAction":[{"@type":"ReadAction","target":["https:\/\/iwhiteinstant.com\/ro\/intrebari-frecvente\/"]}]},{"@type":"BreadcrumbList","@id":"https:\/\/iwhiteinstant.com\/ro\/intrebari-frecvente\/#breadcrumb","itemListElement":[{"@type":"ListItem","position":1,"name":"Home","item":"https:\/\/iwhiteinstant.com\/ro\/"},{"@type":"ListItem","position":2,"name":"\u00centreb\u0103ri frecvente"}]},{"@type":"WebSite","@id":"https:\/\/iwhiteinstant.com\/ro\/#website","url":"https:\/\/iwhiteinstant.com\/ro\/","name":"iWhite","description":"","publisher":{"@id":"https:\/\/iwhiteinstant.com\/ro\/#organization"},"potentialAction":[{"@type":"SearchAction","target":{"@type":"EntryPoint","urlTemplate":"https:\/\/iwhiteinstant.com\/ro\/?s={search_term_string}"},"query-input":{"@type":"PropertyValueSpecification","valueRequired":true,"valueName":"search_term_string"}}],"inLanguage":"ro-RO"},{"@type":"Organization","@id":"https:\/\/iwhiteinstant.com\/ro\/#organization","name":"iWhite","url":"https:\/\/iwhiteinstant.com\/ro\/","logo":{"@type":"ImageObject","inLanguage":"ro-RO","@id":"https:\/\/iwhiteinstant.com\/ro\/#\/schema\/logo\/image\/","url":"https:\/\/iwhiteinstant.com\/app\/uploads\/sites\/10\/2024\/08\/Iwhite-logo.png","contentUrl":"https:\/\/iwhiteinstant.com\/app\/uploads\/sites\/10\/2024\/08\/Iwhite-logo.png","width":160,"height":40,"caption":"iWhite"},"image":{"@id":"https:\/\/iwhiteinstant.com\/ro\/#\/schema\/logo\/image\/"}}]}},"_links":{"self":[{"href":"https:\/\/iwhiteinstant.com\/ro\/wp-json\/wp\/v2\/pages\/23","targetHints":{"allow":["GET"]}}],"collection":[{"href":"https:\/\/iwhiteinstant.com\/ro\/wp-json\/wp\/v2\/pages"}],"about":[{"href":"https:\/\/iwhiteinstant.com\/ro\/wp-json\/wp\/v2\/types\/page"}],"author":[{"embeddable":true,"href":"https:\/\/iwhiteinstant.com\/ro\/wp-json\/wp\/v2\/users\/2"}],"replies":[{"embeddable":true,"href":"https:\/\/iwhiteinstant.com\/ro\/wp-json\/wp\/v2\/comments?post=23"}],"version-history":[{"count":3,"href":"https:\/\/iwhiteinstant.com\/ro\/wp-json\/wp\/v2\/pages\/23\/revisions"}],"predecessor-version":[{"id":288,"href":"https:\/\/iwhiteinstant.com\/ro\/wp-json\/wp\/v2\/pages\/23\/revisions\/288"}],"wp:attachment":[{"href":"https:\/\/iwhiteinstant.com\/ro\/wp-json\/wp\/v2\/media?parent=23"}],"wp:term":[{"taxonomy":"from-article-database","embeddable":true,"href":"https:\/\/iwhiteinstant.com\/ro\/wp-json\/wp\/v2\/from-article-database?post=23"}],"curies":[{"name":"wp","href":"https:\/\/api.w.org\/{rel}","templated":true}]}}