{"id":25,"date":"2024-08-19T09:56:08","date_gmt":"2024-08-19T09:56:08","guid":{"rendered":"https:\/\/iwhiteinstant.com\/ro\/?page_id=25"},"modified":"2024-12-20T15:20:06","modified_gmt":"2024-12-20T14:20:06","slug":"sfaturi-si-trucuri","status":"publish","type":"page","link":"https:\/\/iwhiteinstant.com\/ro\/sfaturi-si-trucuri\/","title":{"rendered":"Sfaturi \u0219i trucuri"},"content":{"rendered":"\n<div class=\"wp-block-karopharma-free-text pt-large pb-large bg-bottom bg-cover bg-no-repeat bg-box is-style-primary\" style=\"background-image:url(https:\/\/iwhiteinstant.com\/cdn-cgi\/image\/format=auto\/app\/uploads\/sites\/10\/2024\/08\/tips-tricks2.jpg)\"><div class=\"free-text-wrapper container max-w-small text-center\">\n<h1 class=\"wp-block-heading is-style-heading-huge has-primary-color has-text-color\">Sfaturi \u0219i trucuri<\/h1>\n\n\n\n<h2 class=\"wp-block-heading is-style-heading-h3\">iWhite se angajeaz\u0103 s\u0103 protejeze s\u0103n\u0103tatea oral\u0103. Descoper\u0103 sfaturile \u0219i trucurile noastre care te vor ajuta s\u0103-\u021bi \u00eembun\u0103t\u0103\u021be\u0219ti s\u0103n\u0103tatea oral\u0103.<\/h2>\n<\/div><\/div>\n\n\n\n<div class=\"wp-block-karopharma-accordions\"><div class=\"container\">\n<details class=\"wp-block-karopharma-accordion\"><summary><h2 class=\"accordion-title\">C\u00e2t timp trebuie s\u0103 te speli pe din\u021bi?<\/h2><\/summary><div class=\"accordion-content\">\n<p>Periaz\u0103 cel pu\u021bin 2 minute pentru un rezultat optim \u0219i pentru a elimina placa bacterian\u0103, alimentele, resturile \u0219i bacteriile. Periaz\u0103 fiecare dintre cele 4 zone timp de cel pu\u021bin 30 de secunde.<\/p>\n\n\n\n<figure class=\"wp-block-image size-large is-resized\"><img loading=\"lazy\" decoding=\"async\" width=\"1024\" height=\"1024\" src=\"https:\/\/iwhiteinstant.com\/app\/uploads\/sites\/10\/2024\/08\/how-long-1024x1024.jpg\" alt=\"C\u00e2t timp trebuie s\u0103 te speli pe din\u021bi?\" class=\"wp-image-89\" style=\"width:512px;height:512px\" srcset=\"https:\/\/iwhiteinstant.com\/app\/uploads\/sites\/10\/2024\/08\/how-long-1024x1024.jpg 1024w, https:\/\/iwhiteinstant.com\/app\/uploads\/sites\/10\/2024\/08\/how-long-320x320.jpg 320w, https:\/\/iwhiteinstant.com\/app\/uploads\/sites\/10\/2024\/08\/how-long-150x150.jpg 150w, https:\/\/iwhiteinstant.com\/app\/uploads\/sites\/10\/2024\/08\/how-long-768x768.jpg 768w, https:\/\/iwhiteinstant.com\/app\/uploads\/sites\/10\/2024\/08\/how-long-300x300.jpg 300w, https:\/\/iwhiteinstant.com\/app\/uploads\/sites\/10\/2024\/08\/how-long-600x600.jpg 600w, https:\/\/iwhiteinstant.com\/app\/uploads\/sites\/10\/2024\/08\/how-long-100x100.jpg 100w, https:\/\/iwhiteinstant.com\/app\/uploads\/sites\/10\/2024\/08\/how-long.jpg 1200w\" sizes=\"auto, (max-width: 1024px) 100vw, 1024px\" \/><\/figure>\n<\/div><\/details>\n\n\n\n<details class=\"wp-block-karopharma-accordion\"><summary><h2 class=\"accordion-title\">C\u00e2t de des trebuie s\u0103 schimbi periu\u021ba?<\/h2><\/summary><div class=\"accordion-content\">\n<p>\u00cenlocuie\u0219te periu\u021ba de din\u021bi la fiecare 3 luni. \u00cenlocuie\u0219te-o mai devreme dac\u0103 ai fost bolnav, mai ales dac\u0103 periu\u021ba de din\u021bi este depozitat\u0103 aproape de alte periu\u021be de din\u021bi.<\/p>\n\n\n\n<figure class=\"wp-block-image size-full is-resized\"><img loading=\"lazy\" decoding=\"async\" width=\"720\" height=\"720\" src=\"https:\/\/iwhiteinstant.com\/app\/uploads\/sites\/10\/2024\/08\/how-often.jpg\" alt=\"C\u00e2t de des trebuie s\u0103 schimbi periu\u021ba?\" class=\"wp-image-91\" style=\"width:360px;height:360px\" srcset=\"https:\/\/iwhiteinstant.com\/app\/uploads\/sites\/10\/2024\/08\/how-often.jpg 720w, https:\/\/iwhiteinstant.com\/app\/uploads\/sites\/10\/2024\/08\/how-often-320x320.jpg 320w, https:\/\/iwhiteinstant.com\/app\/uploads\/sites\/10\/2024\/08\/how-often-150x150.jpg 150w, https:\/\/iwhiteinstant.com\/app\/uploads\/sites\/10\/2024\/08\/how-often-300x300.jpg 300w, https:\/\/iwhiteinstant.com\/app\/uploads\/sites\/10\/2024\/08\/how-often-600x600.jpg 600w, https:\/\/iwhiteinstant.com\/app\/uploads\/sites\/10\/2024\/08\/how-often-100x100.jpg 100w\" sizes=\"auto, (max-width: 720px) 100vw, 720px\" \/><\/figure>\n<\/div><\/details>\n\n\n\n<details class=\"wp-block-karopharma-accordion\"><summary><h2 class=\"accordion-title\">C\u00e2nd ar trebui s\u0103 te speli pe din\u021bi?<\/h2><\/summary><div class=\"accordion-content\">\n<p>Cel mai bine este s\u0103 te speli pe din\u021bi \u00eenainte de micul dejun. S-ar putea s\u0103 previi mai bine cariile dac\u0103 te speli pe din\u021bi \u00eenainte de micul dejun, deoarece astfel vei elimina c\u00e2t mai multe bacterii \u00een loc s\u0103 le &#8222;hr\u0103ne\u0219ti&#8221;. \u00ce\u021bi recomand\u0103m s\u0103 te speli pe din\u021bi de dou\u0103 ori pe zi timp de 2 minute.<\/p>\n\n\n\n<figure class=\"wp-block-image size-large is-resized\"><img loading=\"lazy\" decoding=\"async\" width=\"1024\" height=\"1024\" src=\"https:\/\/iwhiteinstant.com\/app\/uploads\/sites\/10\/2024\/08\/when-should-you-1024x1024.jpg\" alt=\"C\u00e2nd ar trebui s\u0103 te speli pe din\u021bi?\" class=\"wp-image-87\" style=\"width:512px;height:512px\" srcset=\"https:\/\/iwhiteinstant.com\/app\/uploads\/sites\/10\/2024\/08\/when-should-you-1024x1024.jpg 1024w, https:\/\/iwhiteinstant.com\/app\/uploads\/sites\/10\/2024\/08\/when-should-you-320x320.jpg 320w, https:\/\/iwhiteinstant.com\/app\/uploads\/sites\/10\/2024\/08\/when-should-you-150x150.jpg 150w, https:\/\/iwhiteinstant.com\/app\/uploads\/sites\/10\/2024\/08\/when-should-you-768x768.jpg 768w, https:\/\/iwhiteinstant.com\/app\/uploads\/sites\/10\/2024\/08\/when-should-you-300x300.jpg 300w, https:\/\/iwhiteinstant.com\/app\/uploads\/sites\/10\/2024\/08\/when-should-you-600x600.jpg 600w, https:\/\/iwhiteinstant.com\/app\/uploads\/sites\/10\/2024\/08\/when-should-you-100x100.jpg 100w, https:\/\/iwhiteinstant.com\/app\/uploads\/sites\/10\/2024\/08\/when-should-you.jpg 1200w\" sizes=\"auto, (max-width: 1024px) 100vw, 1024px\" \/><\/figure>\n<\/div><\/details>\n\n\n\n<details class=\"wp-block-karopharma-accordion\"><summary><h2 class=\"accordion-title\">3 motive pentru care ar trebui s\u0103 folose\u0219ti ap\u0103 de gur\u0103<\/h2><\/summary><div class=\"accordion-content\">\n<p>\u00ce\u021bi albe\u0219te imediat din\u021bii, \u00eendep\u0103rteaz\u0103 \u0219i previne placa bacterian\u0103, \u00eent\u0103re\u0219te \u0219i remineralizeaz\u0103 din\u021bii. Bucur\u0103-te de z\u00e2mbetul t\u0103u intens str\u0103lucitor!<\/p>\n\n\n\n<figure class=\"wp-block-image size-large is-resized\"><img loading=\"lazy\" decoding=\"async\" width=\"1024\" height=\"1024\" src=\"https:\/\/iwhiteinstant.com\/app\/uploads\/sites\/10\/2024\/08\/three-reasons-1024x1024.jpg\" alt=\"three-reasons\" class=\"wp-image-83\" style=\"width:512px;height:512px\" srcset=\"https:\/\/iwhiteinstant.com\/app\/uploads\/sites\/10\/2024\/08\/three-reasons-1024x1024.jpg 1024w, https:\/\/iwhiteinstant.com\/app\/uploads\/sites\/10\/2024\/08\/three-reasons-320x320.jpg 320w, https:\/\/iwhiteinstant.com\/app\/uploads\/sites\/10\/2024\/08\/three-reasons-150x150.jpg 150w, https:\/\/iwhiteinstant.com\/app\/uploads\/sites\/10\/2024\/08\/three-reasons-768x768.jpg 768w, https:\/\/iwhiteinstant.com\/app\/uploads\/sites\/10\/2024\/08\/three-reasons-300x300.jpg 300w, https:\/\/iwhiteinstant.com\/app\/uploads\/sites\/10\/2024\/08\/three-reasons-600x600.jpg 600w, https:\/\/iwhiteinstant.com\/app\/uploads\/sites\/10\/2024\/08\/three-reasons-100x100.jpg 100w, https:\/\/iwhiteinstant.com\/app\/uploads\/sites\/10\/2024\/08\/three-reasons.jpg 1080w\" sizes=\"auto, (max-width: 1024px) 100vw, 1024px\" \/><\/figure>\n<\/div><\/details>\n\n\n\n<details class=\"wp-block-karopharma-accordion\"><summary><h2 class=\"accordion-title\">Ce trebuie s\u0103 faci dup\u0103 ce ai consumat alimente acide?<\/h2><\/summary><div class=\"accordion-content\">\n<p>Cel mai bine este s\u0103 cl\u0103te\u0219ti gura cu ap\u0103 dup\u0103 ce ai m\u00e2ncat fructe acide \u0219i s\u0103 nu perii din\u021bii. Acidul natural din fructe care r\u0103m\u00e2ne \u00een gur\u0103 poate \u00eenmuia temporar stratul exterior al dintelui. Aceast\u0103 \u00eenmuiere temporar\u0103 ar putea permite periu\u021bei tale de din\u021bi s\u0103 frece smal\u021bul din\u021bilor. Prin urmare, ar fi bine s\u0103 cl\u0103te\u0219ti mai \u00eent\u00e2i gura cu ap\u0103.<\/p>\n\n\n\n<figure class=\"wp-block-image size-large is-resized\"><img loading=\"lazy\" decoding=\"async\" width=\"1024\" height=\"1024\" src=\"https:\/\/iwhiteinstant.com\/app\/uploads\/sites\/10\/2024\/08\/what-to-do-after-1024x1024.jpg\" alt=\"Ce trebuie s\u0103 faci dup\u0103 ce ai consumat alimente acide?\" class=\"wp-image-85\" style=\"width:512px;height:512px\" srcset=\"https:\/\/iwhiteinstant.com\/app\/uploads\/sites\/10\/2024\/08\/what-to-do-after-1024x1024.jpg 1024w, https:\/\/iwhiteinstant.com\/app\/uploads\/sites\/10\/2024\/08\/what-to-do-after-320x320.jpg 320w, https:\/\/iwhiteinstant.com\/app\/uploads\/sites\/10\/2024\/08\/what-to-do-after-150x150.jpg 150w, https:\/\/iwhiteinstant.com\/app\/uploads\/sites\/10\/2024\/08\/what-to-do-after-768x768.jpg 768w, https:\/\/iwhiteinstant.com\/app\/uploads\/sites\/10\/2024\/08\/what-to-do-after-300x300.jpg 300w, https:\/\/iwhiteinstant.com\/app\/uploads\/sites\/10\/2024\/08\/what-to-do-after-600x600.jpg 600w, https:\/\/iwhiteinstant.com\/app\/uploads\/sites\/10\/2024\/08\/what-to-do-after-100x100.jpg 100w, https:\/\/iwhiteinstant.com\/app\/uploads\/sites\/10\/2024\/08\/what-to-do-after.jpg 1200w\" sizes=\"auto, (max-width: 1024px) 100vw, 1024px\" \/><\/figure>\n<\/div><\/details>\n\n\n\n<details class=\"wp-block-karopharma-accordion\"><summary><h2 class=\"accordion-title\">De ce sunt c\u0103p\u0219unile bune pentru din\u021bi?<\/h2><\/summary><div class=\"accordion-content\">\n<p>C\u0103p\u0219unile ajut\u0103 la dizolvarea petelor \u0219i con\u021bin vitamina C care \u00ee\u021bi \u00eent\u0103re\u0219te din\u021bii.<\/p>\n\n\n\n<figure class=\"wp-block-image size-large is-resized\"><img loading=\"lazy\" decoding=\"async\" width=\"1024\" height=\"1024\" src=\"https:\/\/iwhiteinstant.com\/app\/uploads\/sites\/10\/2024\/08\/why-are-strawberries-1024x1024.jpg\" alt=\"why-are-strawberries\" class=\"wp-image-82\" style=\"width:512px;height:512px\" srcset=\"https:\/\/iwhiteinstant.com\/app\/uploads\/sites\/10\/2024\/08\/why-are-strawberries-1024x1024.jpg 1024w, https:\/\/iwhiteinstant.com\/app\/uploads\/sites\/10\/2024\/08\/why-are-strawberries-320x320.jpg 320w, https:\/\/iwhiteinstant.com\/app\/uploads\/sites\/10\/2024\/08\/why-are-strawberries-150x150.jpg 150w, https:\/\/iwhiteinstant.com\/app\/uploads\/sites\/10\/2024\/08\/why-are-strawberries-768x768.jpg 768w, https:\/\/iwhiteinstant.com\/app\/uploads\/sites\/10\/2024\/08\/why-are-strawberries-300x300.jpg 300w, https:\/\/iwhiteinstant.com\/app\/uploads\/sites\/10\/2024\/08\/why-are-strawberries-600x600.jpg 600w, https:\/\/iwhiteinstant.com\/app\/uploads\/sites\/10\/2024\/08\/why-are-strawberries-100x100.jpg 100w, https:\/\/iwhiteinstant.com\/app\/uploads\/sites\/10\/2024\/08\/why-are-strawberries.jpg 1099w\" sizes=\"auto, (max-width: 1024px) 100vw, 1024px\" \/><\/figure>\n<\/div><\/details>\n\n\n\n<details class=\"wp-block-karopharma-accordion\"><summary><h2 class=\"accordion-title\">\u0218tiai c\u0103 ciocolata neagr\u0103 te ajut\u0103 s\u0103 \u00ee\u021bi protejezi din\u021bii?<\/h2><\/summary><div class=\"accordion-content\">\n<p>Ciocolata neagr\u0103 con\u021bine teobromin\u0103 care ajut\u0103 la \u00eent\u0103rirea smal\u021bului.<\/p>\n\n\n\n<figure class=\"wp-block-image size-full is-resized\"><img loading=\"lazy\" decoding=\"async\" width=\"991\" height=\"991\" src=\"https:\/\/iwhiteinstant.com\/app\/uploads\/sites\/10\/2024\/08\/dark-chocolate.jpg\" alt=\"dark-chocolate\" class=\"wp-image-79\" style=\"width:496px;height:496px\" srcset=\"https:\/\/iwhiteinstant.com\/app\/uploads\/sites\/10\/2024\/08\/dark-chocolate.jpg 991w, https:\/\/iwhiteinstant.com\/app\/uploads\/sites\/10\/2024\/08\/dark-chocolate-320x320.jpg 320w, https:\/\/iwhiteinstant.com\/app\/uploads\/sites\/10\/2024\/08\/dark-chocolate-150x150.jpg 150w, https:\/\/iwhiteinstant.com\/app\/uploads\/sites\/10\/2024\/08\/dark-chocolate-768x768.jpg 768w, https:\/\/iwhiteinstant.com\/app\/uploads\/sites\/10\/2024\/08\/dark-chocolate-300x300.jpg 300w, https:\/\/iwhiteinstant.com\/app\/uploads\/sites\/10\/2024\/08\/dark-chocolate-600x600.jpg 600w, https:\/\/iwhiteinstant.com\/app\/uploads\/sites\/10\/2024\/08\/dark-chocolate-100x100.jpg 100w\" sizes=\"auto, (max-width: 991px) 100vw, 991px\" \/><\/figure>\n<\/div><\/details>\n\n\n\n<details class=\"wp-block-karopharma-accordion\"><summary><h2 class=\"accordion-title\">Smal\u021bul se regenereaz\u0103?<\/h2><\/summary><div class=\"accordion-content\">\n<p>Nu, chiar dac\u0103 este cel mai dur material al corpului, acesta este uneori supus presiunii exercitate de alimentele \u0219i b\u0103uturile acide sau de periajul excesiv. iWhite Instant 2 nu numai c\u0103 va albi din\u021bii, dar va face smal\u021bul mai puternic \u0219i \u00eel va reconstrui, red\u00e2ndu-i culoarea alb\u0103 natural\u0103.<\/p>\n\n\n\n<figure class=\"wp-block-image size-full is-resized\"><img loading=\"lazy\" decoding=\"async\" width=\"860\" height=\"608\" src=\"https:\/\/iwhiteinstant.com\/app\/uploads\/sites\/10\/2024\/08\/instant-whitening-kits.jpg\" alt=\"instant-whitening-kits\" class=\"wp-image-77\" style=\"width:430px;height:304px\" srcset=\"https:\/\/iwhiteinstant.com\/app\/uploads\/sites\/10\/2024\/08\/instant-whitening-kits.jpg 860w, https:\/\/iwhiteinstant.com\/app\/uploads\/sites\/10\/2024\/08\/instant-whitening-kits-320x226.jpg 320w, https:\/\/iwhiteinstant.com\/app\/uploads\/sites\/10\/2024\/08\/instant-whitening-kits-768x543.jpg 768w, https:\/\/iwhiteinstant.com\/app\/uploads\/sites\/10\/2024\/08\/instant-whitening-kits-600x424.jpg 600w\" sizes=\"auto, (max-width: 860px) 100vw, 860px\" \/><\/figure>\n<\/div><\/details>\n\n\n\n<details class=\"wp-block-karopharma-accordion\"><summary><h2 class=\"accordion-title\">\u0218tia\u021bi c\u0103 este mai bine s\u0103 te sp\u0103li pe din\u021bi \u00eenainte de a aplica iWhite Dark Stains?<\/h2><\/summary><div class=\"accordion-content\">\n<p>Periajul \u00eendep\u0103rteaz\u0103 biofilmul de pe din\u021bi. Prin \u00eendep\u0103rtarea acestui strat lubrifiant natural, produsul poate ac\u021biona mai eficient pe suprafa\u021ba dentar\u0103.<\/p>\n\n\n\n<figure class=\"wp-block-image size-large is-resized\"><img loading=\"lazy\" decoding=\"async\" width=\"1024\" height=\"1024\" src=\"https:\/\/iwhiteinstant.com\/app\/uploads\/sites\/10\/2024\/08\/darkstains-new-1024x1024.jpg\" alt=\"darkstains-new\" class=\"wp-image-262\" style=\"width:512px;height:512px\" srcset=\"https:\/\/iwhiteinstant.com\/app\/uploads\/sites\/10\/2024\/08\/darkstains-new-1024x1024.jpg 1024w, https:\/\/iwhiteinstant.com\/app\/uploads\/sites\/10\/2024\/08\/darkstains-new-320x320.jpg 320w, https:\/\/iwhiteinstant.com\/app\/uploads\/sites\/10\/2024\/08\/darkstains-new-150x150.jpg 150w, https:\/\/iwhiteinstant.com\/app\/uploads\/sites\/10\/2024\/08\/darkstains-new-768x768.jpg 768w, https:\/\/iwhiteinstant.com\/app\/uploads\/sites\/10\/2024\/08\/darkstains-new-300x300.jpg 300w, https:\/\/iwhiteinstant.com\/app\/uploads\/sites\/10\/2024\/08\/darkstains-new-600x600.jpg 600w, https:\/\/iwhiteinstant.com\/app\/uploads\/sites\/10\/2024\/08\/darkstains-new-100x100.jpg 100w, https:\/\/iwhiteinstant.com\/app\/uploads\/sites\/10\/2024\/08\/darkstains-new.jpg 1418w\" sizes=\"auto, (max-width: 1024px) 100vw, 1024px\" \/><\/figure>\n<\/div><\/details>\n\n\n\n<details class=\"wp-block-karopharma-accordion\"><summary><h2 class=\"accordion-title\">Este dovleacul bun pentru din\u021bii t\u0103i?<\/h2><\/summary><div class=\"accordion-content\">\n<p>Da! Dovleacul este bogat \u00een zinc, magneziu, vitamina A \u0219i vitamina C: toate benefice pentru gingiile, smal\u021bul \u0219i s\u0103n\u0103tatea oral\u0103 general\u0103.<\/p>\n\n\n\n<figure class=\"wp-block-image size-large is-resized\"><img loading=\"lazy\" decoding=\"async\" width=\"1024\" height=\"1024\" src=\"https:\/\/iwhiteinstant.com\/app\/uploads\/sites\/10\/2024\/08\/pumpkin-1024x1024.jpg\" alt=\"pumpkin\" class=\"wp-image-80\" style=\"width:512px;height:512px\" srcset=\"https:\/\/iwhiteinstant.com\/app\/uploads\/sites\/10\/2024\/08\/pumpkin-1024x1024.jpg 1024w, https:\/\/iwhiteinstant.com\/app\/uploads\/sites\/10\/2024\/08\/pumpkin-320x320.jpg 320w, https:\/\/iwhiteinstant.com\/app\/uploads\/sites\/10\/2024\/08\/pumpkin-150x150.jpg 150w, https:\/\/iwhiteinstant.com\/app\/uploads\/sites\/10\/2024\/08\/pumpkin-768x768.jpg 768w, https:\/\/iwhiteinstant.com\/app\/uploads\/sites\/10\/2024\/08\/pumpkin-300x300.jpg 300w, https:\/\/iwhiteinstant.com\/app\/uploads\/sites\/10\/2024\/08\/pumpkin-600x600.jpg 600w, https:\/\/iwhiteinstant.com\/app\/uploads\/sites\/10\/2024\/08\/pumpkin-100x100.jpg 100w, https:\/\/iwhiteinstant.com\/app\/uploads\/sites\/10\/2024\/08\/pumpkin.jpg 1080w\" sizes=\"auto, (max-width: 1024px) 100vw, 1024px\" \/><\/figure>\n<\/div><\/details>\n<\/div><\/div>\n","protected":false},"excerpt":{"rendered":"","protected":false},"author":2,"featured_media":0,"parent":0,"menu_order":0,"comment_status":"closed","ping_status":"closed","template":"","meta":{"_acf_changed":false,"footnotes":""},"from-article-database":[],"class_list":["post-25","page","type-page","status-publish","hentry"],"acf":[],"yoast_head":"<!-- This site is optimized with the Yoast SEO plugin v26.6 - https:\/\/yoast.com\/wordpress\/plugins\/seo\/ -->\n<title>Sfaturi \u0219i trucuri - iWhite<\/title>\n<meta name=\"description\" content=\"iWhite se angajeaz\u0103 s\u0103 protejeze s\u0103n\u0103tatea oral\u0103. Descoper\u0103 sfaturile \u0219i trucurile noastre care te vor ajuta s\u0103-\u021bi \u00eembun\u0103t\u0103\u021be\u0219ti s\u0103n\u0103tatea oral\u0103.\" \/>\n<meta name=\"robots\" content=\"index, follow, max-snippet:-1, max-image-preview:large, max-video-preview:-1\" \/>\n<link rel=\"canonical\" href=\"https:\/\/iwhiteinstant.com\/ro\/sfaturi-si-trucuri\/\" \/>\n<meta property=\"og:locale\" content=\"ro_RO\" \/>\n<meta property=\"og:type\" content=\"article\" \/>\n<meta property=\"og:title\" content=\"Sfaturi \u0219i trucuri - iWhite\" \/>\n<meta property=\"og:description\" content=\"iWhite se angajeaz\u0103 s\u0103 protejeze s\u0103n\u0103tatea oral\u0103. Descoper\u0103 sfaturile \u0219i trucurile noastre care te vor ajuta s\u0103-\u021bi \u00eembun\u0103t\u0103\u021be\u0219ti s\u0103n\u0103tatea oral\u0103.\" \/>\n<meta property=\"og:url\" content=\"https:\/\/iwhiteinstant.com\/ro\/sfaturi-si-trucuri\/\" \/>\n<meta property=\"og:site_name\" content=\"iWhite\" \/>\n<meta property=\"article:modified_time\" content=\"2024-12-20T14:20:06+00:00\" \/>\n<meta property=\"og:image\" content=\"https:\/\/iwhiteinstant.com\/app\/uploads\/sites\/10\/2024\/08\/how-long.jpg\" \/>\n\t<meta property=\"og:image:width\" content=\"1200\" \/>\n\t<meta property=\"og:image:height\" content=\"1200\" \/>\n\t<meta property=\"og:image:type\" content=\"image\/jpeg\" \/>\n<meta name=\"twitter:card\" content=\"summary_large_image\" \/>\n<meta name=\"twitter:label1\" content=\"Est. reading time\" \/>\n\t<meta name=\"twitter:data1\" content=\"5 minute\" \/>\n<script type=\"application\/ld+json\" class=\"yoast-schema-graph\">{\"@context\":\"https:\/\/schema.org\",\"@graph\":[{\"@type\":\"WebPage\",\"@id\":\"https:\/\/iwhiteinstant.com\/ro\/sfaturi-si-trucuri\/\",\"url\":\"https:\/\/iwhiteinstant.com\/ro\/sfaturi-si-trucuri\/\",\"name\":\"Sfaturi \u0219i trucuri - iWhite\",\"isPartOf\":{\"@id\":\"https:\/\/iwhiteinstant.com\/ro\/#website\"},\"primaryImageOfPage\":{\"@id\":\"https:\/\/iwhiteinstant.com\/ro\/sfaturi-si-trucuri\/#primaryimage\"},\"image\":{\"@id\":\"https:\/\/iwhiteinstant.com\/ro\/sfaturi-si-trucuri\/#primaryimage\"},\"thumbnailUrl\":\"https:\/\/iwhiteinstant.com\/app\/uploads\/sites\/10\/2024\/08\/how-long-1024x1024.jpg\",\"datePublished\":\"2024-08-19T09:56:08+00:00\",\"dateModified\":\"2024-12-20T14:20:06+00:00\",\"description\":\"iWhite se angajeaz\u0103 s\u0103 protejeze s\u0103n\u0103tatea oral\u0103. Descoper\u0103 sfaturile \u0219i trucurile noastre care te vor ajuta s\u0103-\u021bi \u00eembun\u0103t\u0103\u021be\u0219ti s\u0103n\u0103tatea oral\u0103.\",\"breadcrumb\":{\"@id\":\"https:\/\/iwhiteinstant.com\/ro\/sfaturi-si-trucuri\/#breadcrumb\"},\"inLanguage\":\"ro-RO\",\"potentialAction\":[{\"@type\":\"ReadAction\",\"target\":[\"https:\/\/iwhiteinstant.com\/ro\/sfaturi-si-trucuri\/\"]}]},{\"@type\":\"ImageObject\",\"inLanguage\":\"ro-RO\",\"@id\":\"https:\/\/iwhiteinstant.com\/ro\/sfaturi-si-trucuri\/#primaryimage\",\"url\":\"https:\/\/iwhiteinstant.com\/app\/uploads\/sites\/10\/2024\/08\/how-long-1024x1024.jpg\",\"contentUrl\":\"https:\/\/iwhiteinstant.com\/app\/uploads\/sites\/10\/2024\/08\/how-long-1024x1024.jpg\"},{\"@type\":\"BreadcrumbList\",\"@id\":\"https:\/\/iwhiteinstant.com\/ro\/sfaturi-si-trucuri\/#breadcrumb\",\"itemListElement\":[{\"@type\":\"ListItem\",\"position\":1,\"name\":\"Home\",\"item\":\"https:\/\/iwhiteinstant.com\/ro\/\"},{\"@type\":\"ListItem\",\"position\":2,\"name\":\"Sfaturi \u0219i trucuri\"}]},{\"@type\":\"WebSite\",\"@id\":\"https:\/\/iwhiteinstant.com\/ro\/#website\",\"url\":\"https:\/\/iwhiteinstant.com\/ro\/\",\"name\":\"iWhite\",\"description\":\"\",\"publisher\":{\"@id\":\"https:\/\/iwhiteinstant.com\/ro\/#organization\"},\"potentialAction\":[{\"@type\":\"SearchAction\",\"target\":{\"@type\":\"EntryPoint\",\"urlTemplate\":\"https:\/\/iwhiteinstant.com\/ro\/?s={search_term_string}\"},\"query-input\":{\"@type\":\"PropertyValueSpecification\",\"valueRequired\":true,\"valueName\":\"search_term_string\"}}],\"inLanguage\":\"ro-RO\"},{\"@type\":\"Organization\",\"@id\":\"https:\/\/iwhiteinstant.com\/ro\/#organization\",\"name\":\"iWhite\",\"url\":\"https:\/\/iwhiteinstant.com\/ro\/\",\"logo\":{\"@type\":\"ImageObject\",\"inLanguage\":\"ro-RO\",\"@id\":\"https:\/\/iwhiteinstant.com\/ro\/#\/schema\/logo\/image\/\",\"url\":\"https:\/\/iwhiteinstant.com\/app\/uploads\/sites\/10\/2024\/08\/Iwhite-logo.png\",\"contentUrl\":\"https:\/\/iwhiteinstant.com\/app\/uploads\/sites\/10\/2024\/08\/Iwhite-logo.png\",\"width\":160,\"height\":40,\"caption\":\"iWhite\"},\"image\":{\"@id\":\"https:\/\/iwhiteinstant.com\/ro\/#\/schema\/logo\/image\/\"}}]}<\/script>\n<!-- \/ Yoast SEO plugin. -->","yoast_head_json":{"title":"Sfaturi \u0219i trucuri - iWhite","description":"iWhite se angajeaz\u0103 s\u0103 protejeze s\u0103n\u0103tatea oral\u0103. Descoper\u0103 sfaturile \u0219i trucurile noastre care te vor ajuta s\u0103-\u021bi \u00eembun\u0103t\u0103\u021be\u0219ti s\u0103n\u0103tatea oral\u0103.","robots":{"index":"index","follow":"follow","max-snippet":"max-snippet:-1","max-image-preview":"max-image-preview:large","max-video-preview":"max-video-preview:-1"},"canonical":"https:\/\/iwhiteinstant.com\/ro\/sfaturi-si-trucuri\/","og_locale":"ro_RO","og_type":"article","og_title":"Sfaturi \u0219i trucuri - iWhite","og_description":"iWhite se angajeaz\u0103 s\u0103 protejeze s\u0103n\u0103tatea oral\u0103. Descoper\u0103 sfaturile \u0219i trucurile noastre care te vor ajuta s\u0103-\u021bi \u00eembun\u0103t\u0103\u021be\u0219ti s\u0103n\u0103tatea oral\u0103.","og_url":"https:\/\/iwhiteinstant.com\/ro\/sfaturi-si-trucuri\/","og_site_name":"iWhite","article_modified_time":"2024-12-20T14:20:06+00:00","og_image":[{"width":1200,"height":1200,"url":"https:\/\/iwhiteinstant.com\/app\/uploads\/sites\/10\/2024\/08\/how-long.jpg","type":"image\/jpeg"}],"twitter_card":"summary_large_image","twitter_misc":{"Est. reading time":"5 minute"},"schema":{"@context":"https:\/\/schema.org","@graph":[{"@type":"WebPage","@id":"https:\/\/iwhiteinstant.com\/ro\/sfaturi-si-trucuri\/","url":"https:\/\/iwhiteinstant.com\/ro\/sfaturi-si-trucuri\/","name":"Sfaturi \u0219i trucuri - iWhite","isPartOf":{"@id":"https:\/\/iwhiteinstant.com\/ro\/#website"},"primaryImageOfPage":{"@id":"https:\/\/iwhiteinstant.com\/ro\/sfaturi-si-trucuri\/#primaryimage"},"image":{"@id":"https:\/\/iwhiteinstant.com\/ro\/sfaturi-si-trucuri\/#primaryimage"},"thumbnailUrl":"https:\/\/iwhiteinstant.com\/app\/uploads\/sites\/10\/2024\/08\/how-long-1024x1024.jpg","datePublished":"2024-08-19T09:56:08+00:00","dateModified":"2024-12-20T14:20:06+00:00","description":"iWhite se angajeaz\u0103 s\u0103 protejeze s\u0103n\u0103tatea oral\u0103. Descoper\u0103 sfaturile \u0219i trucurile noastre care te vor ajuta s\u0103-\u021bi \u00eembun\u0103t\u0103\u021be\u0219ti s\u0103n\u0103tatea oral\u0103.","breadcrumb":{"@id":"https:\/\/iwhiteinstant.com\/ro\/sfaturi-si-trucuri\/#breadcrumb"},"inLanguage":"ro-RO","potentialAction":[{"@type":"ReadAction","target":["https:\/\/iwhiteinstant.com\/ro\/sfaturi-si-trucuri\/"]}]},{"@type":"ImageObject","inLanguage":"ro-RO","@id":"https:\/\/iwhiteinstant.com\/ro\/sfaturi-si-trucuri\/#primaryimage","url":"https:\/\/iwhiteinstant.com\/app\/uploads\/sites\/10\/2024\/08\/how-long-1024x1024.jpg","contentUrl":"https:\/\/iwhiteinstant.com\/app\/uploads\/sites\/10\/2024\/08\/how-long-1024x1024.jpg"},{"@type":"BreadcrumbList","@id":"https:\/\/iwhiteinstant.com\/ro\/sfaturi-si-trucuri\/#breadcrumb","itemListElement":[{"@type":"ListItem","position":1,"name":"Home","item":"https:\/\/iwhiteinstant.com\/ro\/"},{"@type":"ListItem","position":2,"name":"Sfaturi \u0219i trucuri"}]},{"@type":"WebSite","@id":"https:\/\/iwhiteinstant.com\/ro\/#website","url":"https:\/\/iwhiteinstant.com\/ro\/","name":"iWhite","description":"","publisher":{"@id":"https:\/\/iwhiteinstant.com\/ro\/#organization"},"potentialAction":[{"@type":"SearchAction","target":{"@type":"EntryPoint","urlTemplate":"https:\/\/iwhiteinstant.com\/ro\/?s={search_term_string}"},"query-input":{"@type":"PropertyValueSpecification","valueRequired":true,"valueName":"search_term_string"}}],"inLanguage":"ro-RO"},{"@type":"Organization","@id":"https:\/\/iwhiteinstant.com\/ro\/#organization","name":"iWhite","url":"https:\/\/iwhiteinstant.com\/ro\/","logo":{"@type":"ImageObject","inLanguage":"ro-RO","@id":"https:\/\/iwhiteinstant.com\/ro\/#\/schema\/logo\/image\/","url":"https:\/\/iwhiteinstant.com\/app\/uploads\/sites\/10\/2024\/08\/Iwhite-logo.png","contentUrl":"https:\/\/iwhiteinstant.com\/app\/uploads\/sites\/10\/2024\/08\/Iwhite-logo.png","width":160,"height":40,"caption":"iWhite"},"image":{"@id":"https:\/\/iwhiteinstant.com\/ro\/#\/schema\/logo\/image\/"}}]}},"_links":{"self":[{"href":"https:\/\/iwhiteinstant.com\/ro\/wp-json\/wp\/v2\/pages\/25","targetHints":{"allow":["GET"]}}],"collection":[{"href":"https:\/\/iwhiteinstant.com\/ro\/wp-json\/wp\/v2\/pages"}],"about":[{"href":"https:\/\/iwhiteinstant.com\/ro\/wp-json\/wp\/v2\/types\/page"}],"author":[{"embeddable":true,"href":"https:\/\/iwhiteinstant.com\/ro\/wp-json\/wp\/v2\/users\/2"}],"replies":[{"embeddable":true,"href":"https:\/\/iwhiteinstant.com\/ro\/wp-json\/wp\/v2\/comments?post=25"}],"version-history":[{"count":9,"href":"https:\/\/iwhiteinstant.com\/ro\/wp-json\/wp\/v2\/pages\/25\/revisions"}],"predecessor-version":[{"id":263,"href":"https:\/\/iwhiteinstant.com\/ro\/wp-json\/wp\/v2\/pages\/25\/revisions\/263"}],"wp:attachment":[{"href":"https:\/\/iwhiteinstant.com\/ro\/wp-json\/wp\/v2\/media?parent=25"}],"wp:term":[{"taxonomy":"from-article-database","embeddable":true,"href":"https:\/\/iwhiteinstant.com\/ro\/wp-json\/wp\/v2\/from-article-database?post=25"}],"curies":[{"name":"wp","href":"https:\/\/api.w.org\/{rel}","templated":true}]}}