{"id":28,"date":"2024-08-19T10:16:22","date_gmt":"2024-08-19T10:16:22","guid":{"rendered":"https:\/\/iwhiteinstant.com\/ro\/?post_type=product&#038;p=28"},"modified":"2025-01-08T10:50:03","modified_gmt":"2025-01-08T09:50:03","slug":"iwhite-superior-kit-pentru-albirea-dintilor","status":"publish","type":"product","link":"https:\/\/iwhiteinstant.com\/ro\/produs\/iwhite-superior-kit-pentru-albirea-dintilor\/","title":{"rendered":"iWhite Superior Kit pentru albirea din\u021bilor"},"content":{"rendered":"\n<div style=\"height:100px\" aria-hidden=\"true\" class=\"wp-block-spacer is-style-responsive-small\"><\/div>\n\n\n\n<section class=\"wp-block-karopharma-image-with-text image-with-text image-with-text__not-full-width is-style-primary\"><div class=\"image-with-text-container \"><div class=\"image-with-text-container-image-container\"><img decoding=\"async\" loading=\"lazy\" src=\"https:\/\/iwhiteinstant.com\/cdn-cgi\/image\/format=auto\/app\/uploads\/sites\/10\/2024\/08\/superior-image.jpg\" alt=\"superior-image\"\/><\/div><div class=\"image-with-text-container-content\" style=\"text-align:left\" data-test=\"content\"><div class=\"content\"><h2>U\u0219or de folosit<\/h2><p class=\"body\" data-test=\"body\">Acest tratament profesional este foarte u\u0219or de folosit chiar la tine acas\u0103. Gutierele de unic\u0103 folosin\u021b\u0103 iWhite sunt sub\u021biri \u0219i flexibile pentru a asigura o potrivire confortabil\u0103 \u0219i o performan\u021b\u0103 maxim\u0103. Gutierele iWhite con\u021bin un gel de albire nou, puternic, infuzat cu bicarbonat de sodiu \u0219i minerale de albire\u2026 oferindu-\u021bi un z\u00e2mbet alb \u0219i str\u0103lucitor. \u00cen plus, aceast\u0103 nou\u0103 formul\u0103 este \u00eent\u0103rit\u0103 cu calciu \u0219i Xilitol, ingrediente active esen\u021biale cu o experien\u021b\u0103 clinic\u0103 dovedit\u0103 pentru \u00eent\u0103rirea din\u021bilor.<\/p>\n<div class=\"wp-block-buttons is-layout-flex wp-block-buttons-is-layout-flex\"><\/div>\n<\/div><\/div><\/div><\/section>\n\n\n\n<div class=\"wp-block-karopharma-accordions is-style-secondary\"><div class=\"container\">\n<details class=\"wp-block-karopharma-accordion\"><summary><h2 class=\"accordion-title\">Cum se utilizeaz\u0103?<\/h2><\/summary><div class=\"accordion-content\">\n<p>Acest tratament se va utiliza acas\u0103, timp de 20 de minute, cu un efect imedia de albire a din\u021bilor, cu p\u00e2n\u0103 la 8 nuan\u021be! Utilizeaz\u0103 timp de 5 zile consecutive pentru rezultate optime uimitoare.<\/p>\n<\/div><\/details>\n\n\n\n<details class=\"wp-block-karopharma-accordion\"><summary><h2 class=\"accordion-title\">Cum \u00ee\u021bi albe\u0219te \u0219i \u00ee\u021bi \u00eent\u0103re\u0219te din\u021bii iWhite Superior?<\/h2><\/summary><div class=\"accordion-content\">\n<p><strong>Ac\u021biunea 1:<\/strong> tehnologia iWhite este \u00eent\u0103rit\u0103 de ingrediente care stimuleaz\u0103 albirea:<\/p>\n\n\n\n<ul class=\"is-style-default wp-block-list\">\n<li>Bicarbonat de sodiu 100% natural: un ingredient activ natural de albire a din\u021bilor, eficient \u0219i pentru \u00eendep\u0103rtarea petelor \u0219i pentru a-\u021bi oferi un z\u00e2mbet mai str\u0103lucitor.<\/li>\n\n\n\n<li>Mineral vulcanic natural inovator, conceput special pentru a maximiza eficacitatea de albire, respect\u00e2nd \u00een acela\u0219i timp smal\u021bul.<\/li>\n<\/ul>\n\n\n\n<p><strong>Ac\u021biunea 2:<\/strong> Pe m\u0103sur\u0103 ce \u0219i din\u021bii t\u0103i \u00eemb\u0103tr\u00e2nesc, este, de asemenea, important s\u0103 \u00ee\u021bi \u00eent\u0103re\u0219ti \u0219i s\u0103 \u00ee\u021bi stimulezi smal\u021bul pentru a proteja albul din\u021bilor:<\/p>\n\n\n\n<ul class=\"is-style-default wp-block-list\">\n<li>Microperle de calciu: pierderea de calciu datorat\u0103 \u00eemb\u0103tr\u00e2nirii va influen\u021ba culoarea din\u021bilor t\u0103i. Prin ad\u0103ugarea de calciu la tratamentul nostru de albire, acest lucru va alimenta, consolida \u0219i reconstrui smal\u021bul. Tehnologia microperlelor permite eliberarea concentrat\u0103 \u0219i direc\u021bionat\u0103 a ingredientelor active, ceea ce \u00eenseamn\u0103 c\u0103 tu decizi c\u00e2nd \u0219i unde sunt elibera\u021bi activii concentra\u021bi. Astfel, atunci c\u00e2nd introduci gutierele \u00een gur\u0103: va trebui s\u0103 le \u00eempingi u\u0219or pe din\u021bi, microperlele se vor sparge \u0219i numai atunci activii concentra\u021bi sunt elibera\u021bi direct pe smal\u021b.<\/li>\n\n\n\n<li>Xilitolul: este un ingredient activ important pentru garantarea igienei dentare. Cum? Prin interferarea cu capacitatea bacteriilor de a produce acid \u0219i cre\u0219terea pH-ului, acest lucru va preveni \u0219i chiar restabili deteriorarea smal\u021bului.<\/li>\n<\/ul>\n<\/div><\/details>\n\n\n\n<details class=\"wp-block-karopharma-accordion\"><summary><h2 class=\"accordion-title\">Tehnologia Microperle iWhite = ce?<\/h2><\/summary><div class=\"accordion-content\">\n<p>O tehnologie inovatoare care permite eliberarea concentrat\u0103 \u0219i direc\u021bionat\u0103 a ingredientelor active. Aceasta \u00eenseamn\u0103 c\u0103 tu decizi c\u00e2nd \u0219i unde sunt elibera\u021bi activii concentra\u021bi direct \u00een smal\u021b. \u00cen kitul de albire iWhite Dark Stains, microperlele active sunt \u00eenc\u0103rcate cu calciu.<\/p>\n<\/div><\/details>\n<\/div><\/div>\n\n\n\n<div class=\"wp-block-karopharma-free-text pt-large pb-none bg-center bg-cover bg-no-repeat\" style=\"background-image:url()\"><div class=\"free-text-wrapper container max-w-medium text-center\">\n<h2 class=\"wp-block-heading\">La 3 pa\u0219i distan\u021b\u0103 de un z\u00e2mbet alb \u0219i str\u0103lucitor\u2026<\/h2>\n<\/div><\/div>\n\n\n\n<section class=\"wp-block-karopharma-usp usp undefined\"><div class=\"usp-wrapper\">\n<section class=\"wp-block-karopharma-usp-single usp-single undefined\"><div class=\"icon\"><svg width=\"21\" height=\"16\" viewBox=\"0 0 21 16\" fill=\"none\" xmlns=\"http:\/\/www.w3.org\/2000\/svg\"><path d=\"M19.2567 0.164742L6.13095 13.2905L1.49056 8.65006C1.2709 8.4304 0.914742 8.4304 0.695039 8.65006L0.164742 9.18036C-0.0549141 9.40001 -0.0549141 9.75617 0.164742 9.97587L5.73321 15.5443C5.95287 15.764 6.30903 15.764 6.52873 15.5443L20.5825 1.4906C20.8021 1.27095 20.8021 0.914789 20.5825 0.695086L20.0521 0.164742C19.8325 -0.0549141 19.4763 -0.0549141 19.2567 0.164742Z\" fill=\"white\"><\/path><\/svg><\/div>\n<h4 class=\"wp-block-heading has-text-align-center is-style-heading-h4\">1. APAS\u0102<\/h4>\n\n\n\n<p class=\"has-text-align-center is-style-body-text\">Prin \u00eempingerea u\u0219oar\u0103 a gutierei, microperlele se vor sparge.<\/p>\n<\/section>\n\n\n\n<section class=\"wp-block-karopharma-usp-single usp-single undefined\"><div class=\"icon\"><svg width=\"21\" height=\"16\" viewBox=\"0 0 21 16\" fill=\"none\" xmlns=\"http:\/\/www.w3.org\/2000\/svg\"><path d=\"M19.2567 0.164742L6.13095 13.2905L1.49056 8.65006C1.2709 8.4304 0.914742 8.4304 0.695039 8.65006L0.164742 9.18036C-0.0549141 9.40001 -0.0549141 9.75617 0.164742 9.97587L5.73321 15.5443C5.95287 15.764 6.30903 15.764 6.52873 15.5443L20.5825 1.4906C20.8021 1.27095 20.8021 0.914789 20.5825 0.695086L20.0521 0.164742C19.8325 -0.0549141 19.4763 -0.0549141 19.2567 0.164742Z\" fill=\"white\"><\/path><\/svg><\/div>\n<h4 class=\"wp-block-heading has-text-align-center is-style-heading-h4\">2. ACTIVEAZ\u0102<\/h4>\n\n\n\n<p class=\"has-text-align-center is-style-body-text\">Ingredientele active concentrate din microperle sunt eliberate.<\/p>\n<\/section>\n\n\n\n<section class=\"wp-block-karopharma-usp-single usp-single undefined\"><div class=\"icon\"><svg width=\"21\" height=\"16\" viewBox=\"0 0 21 16\" fill=\"none\" xmlns=\"http:\/\/www.w3.org\/2000\/svg\"><path d=\"M19.2567 0.164742L6.13095 13.2905L1.49056 8.65006C1.2709 8.4304 0.914742 8.4304 0.695039 8.65006L0.164742 9.18036C-0.0549141 9.40001 -0.0549141 9.75617 0.164742 9.97587L5.73321 15.5443C5.95287 15.764 6.30903 15.764 6.52873 15.5443L20.5825 1.4906C20.8021 1.27095 20.8021 0.914789 20.5825 0.695086L20.0521 0.164742C19.8325 -0.0549141 19.4763 -0.0549141 19.2567 0.164742Z\" fill=\"white\"><\/path><\/svg><\/div>\n<h4 class=\"wp-block-heading has-text-align-center is-style-heading-h4\">3. REZULTAT<\/h4>\n\n\n\n<p class=\"has-text-align-center is-style-body-text\">Gel de albire iWhite + microperle = MAGIE!<br>Poart\u0103-l timp de 20 de minute \u0219i verific\u0103 singur rezultatele instante!!!<\/p>\n<\/section>\n<\/div><\/section>\n\n\n\n<div class=\"wp-block-karopharma-free-text pt-large pb-none bg-center bg-cover bg-no-repeat\" style=\"background-image:url()\"><div class=\"free-text-wrapper container max-w-medium text-center\">\n<h3 class=\"wp-block-heading is-style-heading-h2 has-primary-color has-text-color\">S-ar putea s\u0103 v\u0103 plac\u0103 \u0219i<\/h3>\n<\/div><\/div>\n","protected":false},"excerpt":{"rendered":"<p>Albe\u0219te \u0219i \u00eent\u0103re\u0219te instantaneu din\u021bii.<\/p>\n","protected":false},"featured_media":134,"comment_status":"open","ping_status":"closed","template":"","meta":{"_acf_changed":false,"footnotes":""},"product_brand":[],"product_cat":[19],"product_tag":[],"class_list":{"0":"post-28","1":"product","2":"type-product","3":"status-publish","4":"has-post-thumbnail","6":"product_cat-kit-de-albire","8":"first","9":"instock","10":"shipping-taxable","11":"product-type-simple"},"acf":[],"yoast_head":"<!-- This site is optimized with the Yoast SEO plugin v26.6 - https:\/\/yoast.com\/wordpress\/plugins\/seo\/ -->\n<title>iWhite Superior Kit pentru albirea din\u021bilor - iWhite<\/title>\n<meta name=\"description\" content=\"Kitul iWhite Superior este propulsat de noua \u0219i unica tehnologie de albire a din\u021bilor care albe\u0219te instantaneu din\u021bii cu p\u00e2n\u0103 la 8 nuan\u021be* \u0219i \u00eent\u0103re\u0219te din\u021bii.\" \/>\n<meta name=\"robots\" content=\"index, follow, max-snippet:-1, max-image-preview:large, max-video-preview:-1\" \/>\n<link rel=\"canonical\" href=\"https:\/\/iwhiteinstant.com\/ro\/produs\/iwhite-superior-kit-pentru-albirea-dintilor\/\" \/>\n<meta property=\"og:locale\" content=\"ro_RO\" \/>\n<meta property=\"og:type\" content=\"article\" \/>\n<meta property=\"og:title\" content=\"iWhite Superior Kit pentru albirea din\u021bilor - iWhite\" \/>\n<meta property=\"og:description\" content=\"Kitul iWhite Superior este propulsat de noua \u0219i unica tehnologie de albire a din\u021bilor care albe\u0219te instantaneu din\u021bii cu p\u00e2n\u0103 la 8 nuan\u021be* \u0219i \u00eent\u0103re\u0219te din\u021bii.\" \/>\n<meta property=\"og:url\" content=\"https:\/\/iwhiteinstant.com\/ro\/produs\/iwhite-superior-kit-pentru-albirea-dintilor\/\" \/>\n<meta property=\"og:site_name\" content=\"iWhite\" \/>\n<meta property=\"article:modified_time\" content=\"2025-01-08T09:50:03+00:00\" \/>\n<meta property=\"og:image\" content=\"https:\/\/iwhiteinstant.com\/app\/uploads\/sites\/10\/2024\/08\/iWhite-Superior-whitening-kit.png\" \/>\n\t<meta property=\"og:image:width\" content=\"800\" \/>\n\t<meta property=\"og:image:height\" content=\"800\" \/>\n\t<meta property=\"og:image:type\" content=\"image\/png\" \/>\n<meta name=\"twitter:card\" content=\"summary_large_image\" \/>\n<meta name=\"twitter:label1\" content=\"Est. reading time\" \/>\n\t<meta name=\"twitter:data1\" content=\"6 minute\" \/>\n<script type=\"application\/ld+json\" class=\"yoast-schema-graph\">{\"@context\":\"https:\/\/schema.org\",\"@graph\":[{\"@type\":\"WebPage\",\"@id\":\"https:\/\/iwhiteinstant.com\/ro\/produs\/iwhite-superior-kit-pentru-albirea-dintilor\/\",\"url\":\"https:\/\/iwhiteinstant.com\/ro\/produs\/iwhite-superior-kit-pentru-albirea-dintilor\/\",\"name\":\"iWhite Superior Kit pentru albirea din\u021bilor - iWhite\",\"isPartOf\":{\"@id\":\"https:\/\/iwhiteinstant.com\/ro\/#website\"},\"primaryImageOfPage\":{\"@id\":\"https:\/\/iwhiteinstant.com\/ro\/produs\/iwhite-superior-kit-pentru-albirea-dintilor\/#primaryimage\"},\"image\":{\"@id\":\"https:\/\/iwhiteinstant.com\/ro\/produs\/iwhite-superior-kit-pentru-albirea-dintilor\/#primaryimage\"},\"thumbnailUrl\":\"https:\/\/iwhiteinstant.com\/app\/uploads\/sites\/10\/2024\/08\/iWhite-Superior-whitening-kit.png\",\"datePublished\":\"2024-08-19T10:16:22+00:00\",\"dateModified\":\"2025-01-08T09:50:03+00:00\",\"description\":\"Kitul iWhite Superior este propulsat de noua \u0219i unica tehnologie de albire a din\u021bilor care albe\u0219te instantaneu din\u021bii cu p\u00e2n\u0103 la 8 nuan\u021be* \u0219i \u00eent\u0103re\u0219te din\u021bii.\",\"breadcrumb\":{\"@id\":\"https:\/\/iwhiteinstant.com\/ro\/produs\/iwhite-superior-kit-pentru-albirea-dintilor\/#breadcrumb\"},\"inLanguage\":\"ro-RO\",\"potentialAction\":[{\"@type\":\"ReadAction\",\"target\":[\"https:\/\/iwhiteinstant.com\/ro\/produs\/iwhite-superior-kit-pentru-albirea-dintilor\/\"]}]},{\"@type\":\"ImageObject\",\"inLanguage\":\"ro-RO\",\"@id\":\"https:\/\/iwhiteinstant.com\/ro\/produs\/iwhite-superior-kit-pentru-albirea-dintilor\/#primaryimage\",\"url\":\"https:\/\/iwhiteinstant.com\/app\/uploads\/sites\/10\/2024\/08\/iWhite-Superior-whitening-kit.png\",\"contentUrl\":\"https:\/\/iwhiteinstant.com\/app\/uploads\/sites\/10\/2024\/08\/iWhite-Superior-whitening-kit.png\",\"width\":800,\"height\":800,\"caption\":\"iWhite Superior Kit pentru albirea din\u021bilor\"},{\"@type\":\"BreadcrumbList\",\"@id\":\"https:\/\/iwhiteinstant.com\/ro\/produs\/iwhite-superior-kit-pentru-albirea-dintilor\/#breadcrumb\",\"itemListElement\":[{\"@type\":\"ListItem\",\"position\":1,\"name\":\"Home\",\"item\":\"https:\/\/iwhiteinstant.com\/ro\/\"},{\"@type\":\"ListItem\",\"position\":2,\"name\":\"Gama iWhite\",\"item\":\"https:\/\/iwhiteinstant.com\/ro\/gama-iwhite\/\"},{\"@type\":\"ListItem\",\"position\":3,\"name\":\"iWhite Superior Kit pentru albirea din\u021bilor\"}]},{\"@type\":\"WebSite\",\"@id\":\"https:\/\/iwhiteinstant.com\/ro\/#website\",\"url\":\"https:\/\/iwhiteinstant.com\/ro\/\",\"name\":\"iWhite\",\"description\":\"\",\"publisher\":{\"@id\":\"https:\/\/iwhiteinstant.com\/ro\/#organization\"},\"potentialAction\":[{\"@type\":\"SearchAction\",\"target\":{\"@type\":\"EntryPoint\",\"urlTemplate\":\"https:\/\/iwhiteinstant.com\/ro\/?s={search_term_string}\"},\"query-input\":{\"@type\":\"PropertyValueSpecification\",\"valueRequired\":true,\"valueName\":\"search_term_string\"}}],\"inLanguage\":\"ro-RO\"},{\"@type\":\"Organization\",\"@id\":\"https:\/\/iwhiteinstant.com\/ro\/#organization\",\"name\":\"iWhite\",\"url\":\"https:\/\/iwhiteinstant.com\/ro\/\",\"logo\":{\"@type\":\"ImageObject\",\"inLanguage\":\"ro-RO\",\"@id\":\"https:\/\/iwhiteinstant.com\/ro\/#\/schema\/logo\/image\/\",\"url\":\"https:\/\/iwhiteinstant.com\/app\/uploads\/sites\/10\/2024\/08\/Iwhite-logo.png\",\"contentUrl\":\"https:\/\/iwhiteinstant.com\/app\/uploads\/sites\/10\/2024\/08\/Iwhite-logo.png\",\"width\":160,\"height\":40,\"caption\":\"iWhite\"},\"image\":{\"@id\":\"https:\/\/iwhiteinstant.com\/ro\/#\/schema\/logo\/image\/\"}}]}<\/script>\n<!-- \/ Yoast SEO plugin. -->","yoast_head_json":{"title":"iWhite Superior Kit pentru albirea din\u021bilor - iWhite","description":"Kitul iWhite Superior este propulsat de noua \u0219i unica tehnologie de albire a din\u021bilor care albe\u0219te instantaneu din\u021bii cu p\u00e2n\u0103 la 8 nuan\u021be* \u0219i \u00eent\u0103re\u0219te din\u021bii.","robots":{"index":"index","follow":"follow","max-snippet":"max-snippet:-1","max-image-preview":"max-image-preview:large","max-video-preview":"max-video-preview:-1"},"canonical":"https:\/\/iwhiteinstant.com\/ro\/produs\/iwhite-superior-kit-pentru-albirea-dintilor\/","og_locale":"ro_RO","og_type":"article","og_title":"iWhite Superior Kit pentru albirea din\u021bilor - iWhite","og_description":"Kitul iWhite Superior este propulsat de noua \u0219i unica tehnologie de albire a din\u021bilor care albe\u0219te instantaneu din\u021bii cu p\u00e2n\u0103 la 8 nuan\u021be* \u0219i \u00eent\u0103re\u0219te din\u021bii.","og_url":"https:\/\/iwhiteinstant.com\/ro\/produs\/iwhite-superior-kit-pentru-albirea-dintilor\/","og_site_name":"iWhite","article_modified_time":"2025-01-08T09:50:03+00:00","og_image":[{"width":800,"height":800,"url":"https:\/\/iwhiteinstant.com\/app\/uploads\/sites\/10\/2024\/08\/iWhite-Superior-whitening-kit.png","type":"image\/png"}],"twitter_card":"summary_large_image","twitter_misc":{"Est. reading time":"6 minute"},"schema":{"@context":"https:\/\/schema.org","@graph":[{"@type":"WebPage","@id":"https:\/\/iwhiteinstant.com\/ro\/produs\/iwhite-superior-kit-pentru-albirea-dintilor\/","url":"https:\/\/iwhiteinstant.com\/ro\/produs\/iwhite-superior-kit-pentru-albirea-dintilor\/","name":"iWhite Superior Kit pentru albirea din\u021bilor - iWhite","isPartOf":{"@id":"https:\/\/iwhiteinstant.com\/ro\/#website"},"primaryImageOfPage":{"@id":"https:\/\/iwhiteinstant.com\/ro\/produs\/iwhite-superior-kit-pentru-albirea-dintilor\/#primaryimage"},"image":{"@id":"https:\/\/iwhiteinstant.com\/ro\/produs\/iwhite-superior-kit-pentru-albirea-dintilor\/#primaryimage"},"thumbnailUrl":"https:\/\/iwhiteinstant.com\/app\/uploads\/sites\/10\/2024\/08\/iWhite-Superior-whitening-kit.png","datePublished":"2024-08-19T10:16:22+00:00","dateModified":"2025-01-08T09:50:03+00:00","description":"Kitul iWhite Superior este propulsat de noua \u0219i unica tehnologie de albire a din\u021bilor care albe\u0219te instantaneu din\u021bii cu p\u00e2n\u0103 la 8 nuan\u021be* \u0219i \u00eent\u0103re\u0219te din\u021bii.","breadcrumb":{"@id":"https:\/\/iwhiteinstant.com\/ro\/produs\/iwhite-superior-kit-pentru-albirea-dintilor\/#breadcrumb"},"inLanguage":"ro-RO","potentialAction":[{"@type":"ReadAction","target":["https:\/\/iwhiteinstant.com\/ro\/produs\/iwhite-superior-kit-pentru-albirea-dintilor\/"]}]},{"@type":"ImageObject","inLanguage":"ro-RO","@id":"https:\/\/iwhiteinstant.com\/ro\/produs\/iwhite-superior-kit-pentru-albirea-dintilor\/#primaryimage","url":"https:\/\/iwhiteinstant.com\/app\/uploads\/sites\/10\/2024\/08\/iWhite-Superior-whitening-kit.png","contentUrl":"https:\/\/iwhiteinstant.com\/app\/uploads\/sites\/10\/2024\/08\/iWhite-Superior-whitening-kit.png","width":800,"height":800,"caption":"iWhite Superior Kit pentru albirea din\u021bilor"},{"@type":"BreadcrumbList","@id":"https:\/\/iwhiteinstant.com\/ro\/produs\/iwhite-superior-kit-pentru-albirea-dintilor\/#breadcrumb","itemListElement":[{"@type":"ListItem","position":1,"name":"Home","item":"https:\/\/iwhiteinstant.com\/ro\/"},{"@type":"ListItem","position":2,"name":"Gama iWhite","item":"https:\/\/iwhiteinstant.com\/ro\/gama-iwhite\/"},{"@type":"ListItem","position":3,"name":"iWhite Superior Kit pentru albirea din\u021bilor"}]},{"@type":"WebSite","@id":"https:\/\/iwhiteinstant.com\/ro\/#website","url":"https:\/\/iwhiteinstant.com\/ro\/","name":"iWhite","description":"","publisher":{"@id":"https:\/\/iwhiteinstant.com\/ro\/#organization"},"potentialAction":[{"@type":"SearchAction","target":{"@type":"EntryPoint","urlTemplate":"https:\/\/iwhiteinstant.com\/ro\/?s={search_term_string}"},"query-input":{"@type":"PropertyValueSpecification","valueRequired":true,"valueName":"search_term_string"}}],"inLanguage":"ro-RO"},{"@type":"Organization","@id":"https:\/\/iwhiteinstant.com\/ro\/#organization","name":"iWhite","url":"https:\/\/iwhiteinstant.com\/ro\/","logo":{"@type":"ImageObject","inLanguage":"ro-RO","@id":"https:\/\/iwhiteinstant.com\/ro\/#\/schema\/logo\/image\/","url":"https:\/\/iwhiteinstant.com\/app\/uploads\/sites\/10\/2024\/08\/Iwhite-logo.png","contentUrl":"https:\/\/iwhiteinstant.com\/app\/uploads\/sites\/10\/2024\/08\/Iwhite-logo.png","width":160,"height":40,"caption":"iWhite"},"image":{"@id":"https:\/\/iwhiteinstant.com\/ro\/#\/schema\/logo\/image\/"}}]}},"_links":{"self":[{"href":"https:\/\/iwhiteinstant.com\/ro\/wp-json\/wp\/v2\/product\/28","targetHints":{"allow":["GET"]}}],"collection":[{"href":"https:\/\/iwhiteinstant.com\/ro\/wp-json\/wp\/v2\/product"}],"about":[{"href":"https:\/\/iwhiteinstant.com\/ro\/wp-json\/wp\/v2\/types\/product"}],"replies":[{"embeddable":true,"href":"https:\/\/iwhiteinstant.com\/ro\/wp-json\/wp\/v2\/comments?post=28"}],"version-history":[{"count":8,"href":"https:\/\/iwhiteinstant.com\/ro\/wp-json\/wp\/v2\/product\/28\/revisions"}],"predecessor-version":[{"id":275,"href":"https:\/\/iwhiteinstant.com\/ro\/wp-json\/wp\/v2\/product\/28\/revisions\/275"}],"wp:featuredmedia":[{"embeddable":true,"href":"https:\/\/iwhiteinstant.com\/ro\/wp-json\/wp\/v2\/media\/134"}],"wp:attachment":[{"href":"https:\/\/iwhiteinstant.com\/ro\/wp-json\/wp\/v2\/media?parent=28"}],"wp:term":[{"taxonomy":"product_brand","embeddable":true,"href":"https:\/\/iwhiteinstant.com\/ro\/wp-json\/wp\/v2\/product_brand?post=28"},{"taxonomy":"product_cat","embeddable":true,"href":"https:\/\/iwhiteinstant.com\/ro\/wp-json\/wp\/v2\/product_cat?post=28"},{"taxonomy":"product_tag","embeddable":true,"href":"https:\/\/iwhiteinstant.com\/ro\/wp-json\/wp\/v2\/product_tag?post=28"}],"curies":[{"name":"wp","href":"https:\/\/api.w.org\/{rel}","templated":true}]}}