{"id":31,"date":"2024-08-19T10:24:49","date_gmt":"2024-08-19T10:24:49","guid":{"rendered":"https:\/\/iwhiteinstant.com\/ro\/?post_type=product&#038;p=31"},"modified":"2026-03-10T12:39:59","modified_gmt":"2026-03-10T11:39:59","slug":"pasta-de-dinti-iwhite-supreme","status":"publish","type":"product","link":"https:\/\/iwhiteinstant.com\/ro\/produs\/pasta-de-dinti-iwhite-supreme\/","title":{"rendered":"Past\u0103 de din\u021bi iWhite Supreme"},"content":{"rendered":"\n<div class=\"wp-block-karopharma-free-text pt-large pb-small bg-center bg-cover bg-no-repeat\" style=\"background-image:url()\"><div class=\"free-text-wrapper container max-w-medium text-left\">\n<h2 class=\"wp-block-heading is-style-heading-h2\">C\u00e2nd doi devin unul: o combina\u021bie de tehnologii unice<\/h2>\n\n\n\n<p>iWhite este cunoscut pentru tehnologia sa unic\u0103 iWhite cu P.A.P., o molecul\u0103 puternic\u0103 de \u00eendep\u0103rtare a petelor care descompune decolor\u0103rile de pe din\u021bi \u00een buc\u0103\u021bi mici, f\u0103r\u0103 a afecta structura din\u021bilor. De aceea, smal\u021bul din\u021bilor \u0219i gingiile sunt perfect sigure, deoarece tehnologia iWhite ac\u021bioneaz\u0103 exclusiv asupra petelor \u00een sine, duc\u00e2nd la din\u021bi clar mai albi \u0219i oferindu-v\u0103 acel z\u00e2mbet alb str\u0103lucitor.<\/p>\n\n\n\n<p>Cu o misiunea de a inova continuu, iWhite a dezvoltat o nou\u0103 tehnologie care vine in completarea tehnologiei iWhite \u0219i face posibil\u0103 ob\u021binerea unor rezultate \u0219i mai bune.<\/p>\n<\/div><\/div>\n\n\n\n<div class=\"wp-block-karopharma-product-promotion text-align-right pt-medium pb-medium bg-center bg-cover bg-no-repeat\" style=\"background-image:url()\"><div class=\"container max-w-medium\">\n<div class=\"wp-block-group is-layout-flow wp-block-group-is-layout-flow\">\n<figure class=\"wp-block-karopharma-product-promotion-image product-promotion-image\"><img fetchpriority=\"high\" decoding=\"async\" datatest=\"image\" src=\"https:\/\/iwhiteinstant.com\/cdn-cgi\/image\/format=auto\/app\/uploads\/sites\/10\/2024\/08\/Active-Micropearls-Technology.png\" loading=\"eager\" alt=\"Active-Micropearls-Technology\" width=\"518\" height=\"432\" srcset=\"https:\/\/iwhiteinstant.com\/cdn-cgi\/image\/format=auto,width=584\/app\/uploads\/sites\/10\/2024\/08\/Active-Micropearls-Technology.png 584w, https:\/\/iwhiteinstant.com\/cdn-cgi\/image\/format=auto,width=272\/app\/uploads\/sites\/10\/2024\/08\/Active-Micropearls-Technology.png 272w\" sizes=\"(max-width: 584px) 100vw, 584px\"\/><\/figure>\n<\/div>\n\n\n\n<div class=\"wp-block-group is-layout-flow wp-block-group-is-layout-flow\">\n<h2 class=\"wp-block-heading heading is-style-heading-h4\">Face\u021bi cuno\u0219tin\u021b\u0103 cu cea mai nou\u0103 tehnologie iWhite Microperle Active<\/h2>\n\n\n\n<p class=\"paragraph is-style-paragraph-body-text\">Prin utilizarea tehnologiei Microperle Active, este posibil\u0103 eliberarea direc\u021bionat\u0103 a ingredientelor active. Astfel, atunci c\u00e2nd \u00ee\u021bi cure\u021bi din\u021bii, abia atunci substan\u021bele active concentrate sunt eliberate direct pe smal\u021b. \u00cen pasta de din\u021bi iWhite Supreme Whitening, tehnologia Microperle Active \u00eencapsuleaz\u0103 activi de neutralizare a petelor: pirofosfa\u021bi. Ace\u0219ti activi formeaz\u0103 o barier\u0103 protectoare pe suprafa\u021ba din\u021bilor \u0219i ajut\u0103 la prevenirea p\u0103t\u0103rii din\u021bilor.<\/p>\n<\/div>\n<\/div><\/div>\n\n\n\n<div class=\"wp-block-karopharma-free-text pt-small pb-large bg-center bg-cover bg-no-repeat\" style=\"background-image:url()\"><div class=\"free-text-wrapper container max-w-medium text-left\">\n<h3 class=\"wp-block-heading is-style-heading-h4 has-primary-color has-text-color\">&#8222;\u00cen timp ce alte produse \u00ee\u0219i pot pierde eficien\u021ba din cauza evapor\u0103rii ingredientelor, pasta de din\u021bi iWhite Supreme p\u0103streaz\u0103 continuu ingredientele puternice, active, datorit\u0103 microperlelor.&#8221;<\/h3>\n<\/div><\/div>\n\n\n\n<div class=\"wp-block-karopharma-free-text pt-large pb-none bg-center bg-cover bg-no-repeat  is-style-primary\" style=\"background-image:url()\"><div class=\"free-text-wrapper container max-w-medium text-center\">\n<h3 class=\"wp-block-heading is-style-heading-h2\">Rutina ofer\u0103 cel mai bun rezultat<\/h3>\n\n\n\n<p class=\"is-style-paragraph-preamble\">Pentru a ob\u021bine cele mai bune rezultate de albire, este important s\u0103 men\u021bii o rutin\u0103. Po\u021bi combina pasta noastr\u0103 de din\u021bi cu kitul nostru de albire (lunar) \u0219i cu apa noastr\u0103 de gur\u0103 &amp; a\u021ba interdentar\u0103 (zilnic).<\/p>\n\n\n\n<div class=\"wp-block-buttons is-layout-flex wp-block-buttons-is-layout-flex\">\n<div class=\"wp-block-button\"><a class=\"wp-block-button__link wp-element-button\" href=\"https:\/\/iwhiteinstant.com\/ro\/rutina-iwhite\/\">Cite\u0219te mai multe despre rutina iWhite<\/a><\/div>\n<\/div>\n<\/div><\/div>\n\n\n<div class=\"product-list wp-block-karopharma-product-list is-style-primary\" data-testid=\"product-list\">\n      <div class=\"swiper-container\">\n      <div class=\"swiper\">\n        <div class=\"swiper-wrapper\">\n                      <div class=\"swiper-slide\">\n              <div class=\"product-card\" data-testid=\"product-card\">\n  <a\n    href=https:\/\/iwhiteinstant.com\/ro\/produs\/dispozitiv-de-albire-interdentara-iwhite\/\n    class=\"product-card-link\"\n    title=\"Dispozitiv de albire interdentar\u0103, iWhite\"\n  >\n  <figure class=\"product-card-image\" data-testid=\"product-image\">\n                          <img decoding=\"async\" src=\"https:\/\/iwhiteinstant.com\/cdn-cgi\/image\/width=700,format=auto\/app\/uploads\/sites\/10\/2024\/08\/iWhite-Interdental-Whitener.png\"\n        srcset=\"https:\/\/iwhiteinstant.com\/cdn-cgi\/image\/width=250,format=auto\/app\/uploads\/sites\/10\/2024\/08\/iWhite-Interdental-Whitener.png 250w,\n                https:\/\/iwhiteinstant.com\/cdn-cgi\/image\/width=500,format=auto\/app\/uploads\/sites\/10\/2024\/08\/iWhite-Interdental-Whitener.png 500w,\n                https:\/\/iwhiteinstant.com\/cdn-cgi\/image\/width=700,format=auto\/app\/uploads\/sites\/10\/2024\/08\/iWhite-Interdental-Whitener.png 700w\"\n        sizes=\"(max-width: 400px) 250px, (max-width: 800px) 500px, 700px\"\n        alt=\"Dispozitiv de albire interdentar\u0103, iWhite\"\n        class=\"img\">\n            <\/figure>\n    <div class=\"product-card-content\">\n      <div class=\"heading-wrapper\">\n        <h2 class=\"heading\">Dispozitiv de albire interdentar\u0103, iWhite<\/h2>\n      <\/div>\n      <div class=\"product-card-description\">\u00cenc\u0103rcat cu activi de albire a din\u021bilor<\/div>\n                      <\/div>\n  <\/a>\n          <div class=\"button-wrapper buy-now \" data-testid=\"buy-now\">\n      <div class=\"buy-now-container dropdown-container\">\n      <div class=\"theme-button button-primary-color dropdown-link\" aria-label=\"Cump\u0103r\u0103 acum\">\n          Cump\u0103r\u0103 acum <i class=\"dropdown\"><\/i>\n      <\/div>\n      <ul class=\"reseller-list submenu\">\n                    <li>\n              <a\n                href=\"https:\/\/comenzi.bebetei.ro\/ingrijire-personala\/ingrijire-orala\/albire-dinti\/dispozitiv-de-albire-interdentar-iwhite-p395481\" onclick=\"dataLayer.push({'event':'ga_event', 'eventCategory':'Click on Reseller', 'eventAction':'Bebe Tei', 'eventLabel':'Dispozitiv de albire interdentar\u0103, iWhite', 'eventValue': undefined})\" rel=\"noopener\" target=\"_blank\" title=\"Bebe Tei\"\n                data-testid=\"buy-now-reseller\">\n                <i class=\"fa-solid fa-arrow-right\"><\/i> Bebe Tei\n              <\/a>\n          <\/li>\n                    <li>\n              <a\n                href=\"https:\/\/www.dm.ro\/iwhite-dispozitiv-de-albire-interdentar-p5425012531598.html\" onclick=\"dataLayer.push({'event':'ga_event', 'eventCategory':'Click on Reseller', 'eventAction':'DM', 'eventLabel':'Dispozitiv de albire interdentar\u0103, iWhite', 'eventValue': undefined})\" rel=\"noopener\" target=\"_blank\" title=\"DM\"\n                data-testid=\"buy-now-reseller\">\n                <i class=\"fa-solid fa-arrow-right\"><\/i> DM\n              <\/a>\n          <\/li>\n                    <li>\n              <a\n                href=\"https:\/\/www.emag.ro\/dispozitiv-de-albire-interdentar-iwhite-5425012531598\/pd\/DXB6HYYBM\/\" onclick=\"dataLayer.push({'event':'ga_event', 'eventCategory':'Click on Reseller', 'eventAction':'emag', 'eventLabel':'Dispozitiv de albire interdentar\u0103, iWhite', 'eventValue': undefined})\" rel=\"noopener\" target=\"_blank\" title=\"emag\"\n                data-testid=\"buy-now-reseller\">\n                <i class=\"fa-solid fa-arrow-right\"><\/i> emag\n              <\/a>\n          <\/li>\n                    <li>\n              <a\n                href=\"https:\/\/comenzi.farmaciatei.ro\/ingrijire-personala\/ingrijire-orala\/tratamente-bucale\/dispozitiv-de-albire-interdentar-iwhite-p366674\" onclick=\"dataLayer.push({'event':'ga_event', 'eventCategory':'Click on Reseller', 'eventAction':'Farmacia Tei', 'eventLabel':'Dispozitiv de albire interdentar\u0103, iWhite', 'eventValue': undefined})\" rel=\"noopener\" target=\"_blank\" title=\"Farmacia Tei\"\n                data-testid=\"buy-now-reseller\">\n                <i class=\"fa-solid fa-arrow-right\"><\/i> Farmacia Tei\n              <\/a>\n          <\/li>\n                <\/ul>\n    <\/div>\n  <\/div>\n  <\/div>\n            <\/div>\n                      <div class=\"swiper-slide\">\n              <div class=\"product-card\" data-testid=\"product-card\">\n  <a\n    href=https:\/\/iwhiteinstant.com\/ro\/produs\/apa-de-gura-pentru-albire-instant-iwhite\/\n    class=\"product-card-link\"\n    title=\"Apa de gur\u0103 pentru albire Instant iWhite\"\n  >\n  <figure class=\"product-card-image\" data-testid=\"product-image\">\n                          <img decoding=\"async\" src=\"https:\/\/iwhiteinstant.com\/cdn-cgi\/image\/width=700,format=auto\/app\/uploads\/sites\/10\/2024\/08\/iWhite-Instant-Whitening-Mouthwash.png\"\n        srcset=\"https:\/\/iwhiteinstant.com\/cdn-cgi\/image\/width=250,format=auto\/app\/uploads\/sites\/10\/2024\/08\/iWhite-Instant-Whitening-Mouthwash.png 250w,\n                https:\/\/iwhiteinstant.com\/cdn-cgi\/image\/width=500,format=auto\/app\/uploads\/sites\/10\/2024\/08\/iWhite-Instant-Whitening-Mouthwash.png 500w,\n                https:\/\/iwhiteinstant.com\/cdn-cgi\/image\/width=700,format=auto\/app\/uploads\/sites\/10\/2024\/08\/iWhite-Instant-Whitening-Mouthwash.png 700w\"\n        sizes=\"(max-width: 400px) 250px, (max-width: 800px) 500px, 700px\"\n        alt=\"Apa de gur\u0103 pentru albire Instant iWhite\"\n        class=\"img\">\n            <\/figure>\n    <div class=\"product-card-content\">\n      <div class=\"heading-wrapper\">\n        <h2 class=\"heading\">Apa de gur\u0103 pentru albire Instant iWhite<\/h2>\n      <\/div>\n      <div class=\"product-card-description\">Apa de gur\u0103 de albire pentru uz zilnic. Dizolv\u0103 decolorarea din\u021bilor.<\/div>\n                      <\/div>\n  <\/a>\n          <div class=\"button-wrapper buy-now \" data-testid=\"buy-now\">\n      <div class=\"buy-now-container dropdown-container\">\n      <div class=\"theme-button button-primary-color dropdown-link\" aria-label=\"Cump\u0103r\u0103 acum\">\n          Cump\u0103r\u0103 acum <i class=\"dropdown\"><\/i>\n      <\/div>\n      <ul class=\"reseller-list submenu\">\n                    <li>\n              <a\n                href=\"https:\/\/comenzi.bebetei.ro\/ingrijire-personala\/ingrijire-orala\/apa-de-gura\/apa-de-gura-instant-mouthwash-500-ml-iwhite-p399137\" onclick=\"dataLayer.push({'event':'ga_event', 'eventCategory':'Click on Reseller', 'eventAction':'Bebe Tei', 'eventLabel':'Apa de gur\u0103 pentru albire Instant iWhite', 'eventValue': undefined})\" rel=\"noopener\" target=\"_blank\" title=\"Bebe Tei\"\n                data-testid=\"buy-now-reseller\">\n                <i class=\"fa-solid fa-arrow-right\"><\/i> Bebe Tei\n              <\/a>\n          <\/li>\n                    <li>\n              <a\n                href=\"https:\/\/www.dm.ro\/iwhite-apa-de-gura-pentru-albire-p5425012531147.html\" onclick=\"dataLayer.push({'event':'ga_event', 'eventCategory':'Click on Reseller', 'eventAction':'DM', 'eventLabel':'Apa de gur\u0103 pentru albire Instant iWhite', 'eventValue': undefined})\" rel=\"noopener\" target=\"_blank\" title=\"DM\"\n                data-testid=\"buy-now-reseller\">\n                <i class=\"fa-solid fa-arrow-right\"><\/i> DM\n              <\/a>\n          <\/li>\n                    <li>\n              <a\n                href=\"https:\/\/www.douglas.ro\/p\/iwhite-whitening-mouthwash-instant-teeth-1106493\" onclick=\"dataLayer.push({'event':'ga_event', 'eventCategory':'Click on Reseller', 'eventAction':'Douglas', 'eventLabel':'Apa de gur\u0103 pentru albire Instant iWhite', 'eventValue': undefined})\" rel=\"noopener\" target=\"_blank\" title=\"Douglas\"\n                data-testid=\"buy-now-reseller\">\n                <i class=\"fa-solid fa-arrow-right\"><\/i> Douglas\n              <\/a>\n          <\/li>\n                    <li>\n              <a\n                href=\"https:\/\/comenzi.farmaciatei.ro\/ingrijire-personala\/ingrijire-orala\/apa-de-gura\/apa-de-gura-pentru-albirea-dintilor-500-ml-iwhite-p367522\" onclick=\"dataLayer.push({'event':'ga_event', 'eventCategory':'Click on Reseller', 'eventAction':'Farmacia Tei', 'eventLabel':'Apa de gur\u0103 pentru albire Instant iWhite', 'eventValue': undefined})\" rel=\"noopener\" target=\"_blank\" title=\"Farmacia Tei\"\n                data-testid=\"buy-now-reseller\">\n                <i class=\"fa-solid fa-arrow-right\"><\/i> Farmacia Tei\n              <\/a>\n          <\/li>\n                <\/ul>\n    <\/div>\n  <\/div>\n  <\/div>\n            <\/div>\n                  <\/div>\n        <div class=\"swiper-scrollbar\"><\/div>\n      <\/div>\n    <\/div>\n  <\/div>\n\n\n\n<div class=\"wp-block-karopharma-free-text pt-large pb-none bg-center bg-cover bg-no-repeat\" style=\"background-image:url()\"><div class=\"free-text-wrapper container max-w-medium text-center\">\n<h3 class=\"wp-block-heading is-style-heading-h2 has-primary-color has-text-color\">S-ar putea s\u0103 v\u0103 plac\u0103 \u0219i<\/h3>\n<\/div><\/div>\n","protected":false},"excerpt":{"rendered":"<p>Albe\u0219te din\u021bii intens<\/p>\n","protected":false},"featured_media":151,"comment_status":"open","ping_status":"closed","template":"","meta":{"_acf_changed":false,"footnotes":""},"product_brand":[],"product_cat":[24],"product_tag":[],"class_list":{"0":"post-31","1":"product","2":"type-product","3":"status-publish","4":"has-post-thumbnail","6":"product_cat-pasta-de-dinti","8":"first","9":"instock","10":"shipping-taxable","11":"product-type-simple"},"acf":[],"yoast_head":"<!-- This site is optimized with the Yoast SEO plugin v26.6 - https:\/\/yoast.com\/wordpress\/plugins\/seo\/ -->\n<title>Past\u0103 de din\u021bi iWhite Supreme - iWhite<\/title>\n<meta name=\"description\" content=\"Pasta de din\u021bi iWhite Supreme este perfect\u0103 pentru albirea zilnic\u0103 a din\u021bilor \u0219i pentru protejarea acestora \u00eempotriva influen\u021belor externe. Ingredientele active creeaz\u0103 o barier\u0103 protectoare pe suprafa\u021ba din\u021bilor pentru a preveni colorarea.\" \/>\n<meta name=\"robots\" content=\"index, follow, max-snippet:-1, max-image-preview:large, max-video-preview:-1\" \/>\n<link rel=\"canonical\" href=\"https:\/\/iwhiteinstant.com\/ro\/produs\/pasta-de-dinti-iwhite-supreme\/\" \/>\n<meta property=\"og:locale\" content=\"ro_RO\" \/>\n<meta property=\"og:type\" content=\"article\" \/>\n<meta property=\"og:title\" content=\"Past\u0103 de din\u021bi iWhite Supreme - iWhite\" \/>\n<meta property=\"og:description\" content=\"Pasta de din\u021bi iWhite Supreme este perfect\u0103 pentru albirea zilnic\u0103 a din\u021bilor \u0219i pentru protejarea acestora \u00eempotriva influen\u021belor externe. Ingredientele active creeaz\u0103 o barier\u0103 protectoare pe suprafa\u021ba din\u021bilor pentru a preveni colorarea.\" \/>\n<meta property=\"og:url\" content=\"https:\/\/iwhiteinstant.com\/ro\/produs\/pasta-de-dinti-iwhite-supreme\/\" \/>\n<meta property=\"og:site_name\" content=\"iWhite\" \/>\n<meta property=\"article:modified_time\" content=\"2026-03-10T11:39:59+00:00\" \/>\n<meta property=\"og:image\" content=\"https:\/\/iwhiteinstant.com\/app\/uploads\/sites\/10\/2024\/08\/iWhite-Supreme-toothpaste.png\" \/>\n\t<meta property=\"og:image:width\" content=\"800\" \/>\n\t<meta property=\"og:image:height\" content=\"800\" \/>\n\t<meta property=\"og:image:type\" content=\"image\/png\" \/>\n<meta name=\"twitter:card\" content=\"summary_large_image\" \/>\n<meta name=\"twitter:label1\" content=\"Est. reading time\" \/>\n\t<meta name=\"twitter:data1\" content=\"4 minute\" \/>\n<script type=\"application\/ld+json\" class=\"yoast-schema-graph\">{\"@context\":\"https:\/\/schema.org\",\"@graph\":[{\"@type\":\"WebPage\",\"@id\":\"https:\/\/iwhiteinstant.com\/ro\/produs\/pasta-de-dinti-iwhite-supreme\/\",\"url\":\"https:\/\/iwhiteinstant.com\/ro\/produs\/pasta-de-dinti-iwhite-supreme\/\",\"name\":\"Past\u0103 de din\u021bi iWhite Supreme - iWhite\",\"isPartOf\":{\"@id\":\"https:\/\/iwhiteinstant.com\/ro\/#website\"},\"primaryImageOfPage\":{\"@id\":\"https:\/\/iwhiteinstant.com\/ro\/produs\/pasta-de-dinti-iwhite-supreme\/#primaryimage\"},\"image\":{\"@id\":\"https:\/\/iwhiteinstant.com\/ro\/produs\/pasta-de-dinti-iwhite-supreme\/#primaryimage\"},\"thumbnailUrl\":\"https:\/\/iwhiteinstant.com\/app\/uploads\/sites\/10\/2024\/08\/iWhite-Supreme-toothpaste.png\",\"datePublished\":\"2024-08-19T10:24:49+00:00\",\"dateModified\":\"2026-03-10T11:39:59+00:00\",\"description\":\"Pasta de din\u021bi iWhite Supreme este perfect\u0103 pentru albirea zilnic\u0103 a din\u021bilor \u0219i pentru protejarea acestora \u00eempotriva influen\u021belor externe. Ingredientele active creeaz\u0103 o barier\u0103 protectoare pe suprafa\u021ba din\u021bilor pentru a preveni colorarea.\",\"breadcrumb\":{\"@id\":\"https:\/\/iwhiteinstant.com\/ro\/produs\/pasta-de-dinti-iwhite-supreme\/#breadcrumb\"},\"inLanguage\":\"ro-RO\",\"potentialAction\":[{\"@type\":\"ReadAction\",\"target\":[\"https:\/\/iwhiteinstant.com\/ro\/produs\/pasta-de-dinti-iwhite-supreme\/\"]}]},{\"@type\":\"ImageObject\",\"inLanguage\":\"ro-RO\",\"@id\":\"https:\/\/iwhiteinstant.com\/ro\/produs\/pasta-de-dinti-iwhite-supreme\/#primaryimage\",\"url\":\"https:\/\/iwhiteinstant.com\/app\/uploads\/sites\/10\/2024\/08\/iWhite-Supreme-toothpaste.png\",\"contentUrl\":\"https:\/\/iwhiteinstant.com\/app\/uploads\/sites\/10\/2024\/08\/iWhite-Supreme-toothpaste.png\",\"width\":800,\"height\":800,\"caption\":\"Past\u0103 de din\u021bi iWhite Supreme\"},{\"@type\":\"BreadcrumbList\",\"@id\":\"https:\/\/iwhiteinstant.com\/ro\/produs\/pasta-de-dinti-iwhite-supreme\/#breadcrumb\",\"itemListElement\":[{\"@type\":\"ListItem\",\"position\":1,\"name\":\"Home\",\"item\":\"https:\/\/iwhiteinstant.com\/ro\/\"},{\"@type\":\"ListItem\",\"position\":2,\"name\":\"Gama iWhite\",\"item\":\"https:\/\/iwhiteinstant.com\/ro\/gama-iwhite\/\"},{\"@type\":\"ListItem\",\"position\":3,\"name\":\"Past\u0103 de din\u021bi iWhite Supreme\"}]},{\"@type\":\"WebSite\",\"@id\":\"https:\/\/iwhiteinstant.com\/ro\/#website\",\"url\":\"https:\/\/iwhiteinstant.com\/ro\/\",\"name\":\"iWhite\",\"description\":\"\",\"publisher\":{\"@id\":\"https:\/\/iwhiteinstant.com\/ro\/#organization\"},\"potentialAction\":[{\"@type\":\"SearchAction\",\"target\":{\"@type\":\"EntryPoint\",\"urlTemplate\":\"https:\/\/iwhiteinstant.com\/ro\/?s={search_term_string}\"},\"query-input\":{\"@type\":\"PropertyValueSpecification\",\"valueRequired\":true,\"valueName\":\"search_term_string\"}}],\"inLanguage\":\"ro-RO\"},{\"@type\":\"Organization\",\"@id\":\"https:\/\/iwhiteinstant.com\/ro\/#organization\",\"name\":\"iWhite\",\"url\":\"https:\/\/iwhiteinstant.com\/ro\/\",\"logo\":{\"@type\":\"ImageObject\",\"inLanguage\":\"ro-RO\",\"@id\":\"https:\/\/iwhiteinstant.com\/ro\/#\/schema\/logo\/image\/\",\"url\":\"https:\/\/iwhiteinstant.com\/app\/uploads\/sites\/10\/2024\/08\/Iwhite-logo.png\",\"contentUrl\":\"https:\/\/iwhiteinstant.com\/app\/uploads\/sites\/10\/2024\/08\/Iwhite-logo.png\",\"width\":160,\"height\":40,\"caption\":\"iWhite\"},\"image\":{\"@id\":\"https:\/\/iwhiteinstant.com\/ro\/#\/schema\/logo\/image\/\"}}]}<\/script>\n<!-- \/ Yoast SEO plugin. -->","yoast_head_json":{"title":"Past\u0103 de din\u021bi iWhite Supreme - iWhite","description":"Pasta de din\u021bi iWhite Supreme este perfect\u0103 pentru albirea zilnic\u0103 a din\u021bilor \u0219i pentru protejarea acestora \u00eempotriva influen\u021belor externe. Ingredientele active creeaz\u0103 o barier\u0103 protectoare pe suprafa\u021ba din\u021bilor pentru a preveni colorarea.","robots":{"index":"index","follow":"follow","max-snippet":"max-snippet:-1","max-image-preview":"max-image-preview:large","max-video-preview":"max-video-preview:-1"},"canonical":"https:\/\/iwhiteinstant.com\/ro\/produs\/pasta-de-dinti-iwhite-supreme\/","og_locale":"ro_RO","og_type":"article","og_title":"Past\u0103 de din\u021bi iWhite Supreme - iWhite","og_description":"Pasta de din\u021bi iWhite Supreme este perfect\u0103 pentru albirea zilnic\u0103 a din\u021bilor \u0219i pentru protejarea acestora \u00eempotriva influen\u021belor externe. Ingredientele active creeaz\u0103 o barier\u0103 protectoare pe suprafa\u021ba din\u021bilor pentru a preveni colorarea.","og_url":"https:\/\/iwhiteinstant.com\/ro\/produs\/pasta-de-dinti-iwhite-supreme\/","og_site_name":"iWhite","article_modified_time":"2026-03-10T11:39:59+00:00","og_image":[{"width":800,"height":800,"url":"https:\/\/iwhiteinstant.com\/app\/uploads\/sites\/10\/2024\/08\/iWhite-Supreme-toothpaste.png","type":"image\/png"}],"twitter_card":"summary_large_image","twitter_misc":{"Est. reading time":"4 minute"},"schema":{"@context":"https:\/\/schema.org","@graph":[{"@type":"WebPage","@id":"https:\/\/iwhiteinstant.com\/ro\/produs\/pasta-de-dinti-iwhite-supreme\/","url":"https:\/\/iwhiteinstant.com\/ro\/produs\/pasta-de-dinti-iwhite-supreme\/","name":"Past\u0103 de din\u021bi iWhite Supreme - iWhite","isPartOf":{"@id":"https:\/\/iwhiteinstant.com\/ro\/#website"},"primaryImageOfPage":{"@id":"https:\/\/iwhiteinstant.com\/ro\/produs\/pasta-de-dinti-iwhite-supreme\/#primaryimage"},"image":{"@id":"https:\/\/iwhiteinstant.com\/ro\/produs\/pasta-de-dinti-iwhite-supreme\/#primaryimage"},"thumbnailUrl":"https:\/\/iwhiteinstant.com\/app\/uploads\/sites\/10\/2024\/08\/iWhite-Supreme-toothpaste.png","datePublished":"2024-08-19T10:24:49+00:00","dateModified":"2026-03-10T11:39:59+00:00","description":"Pasta de din\u021bi iWhite Supreme este perfect\u0103 pentru albirea zilnic\u0103 a din\u021bilor \u0219i pentru protejarea acestora \u00eempotriva influen\u021belor externe. Ingredientele active creeaz\u0103 o barier\u0103 protectoare pe suprafa\u021ba din\u021bilor pentru a preveni colorarea.","breadcrumb":{"@id":"https:\/\/iwhiteinstant.com\/ro\/produs\/pasta-de-dinti-iwhite-supreme\/#breadcrumb"},"inLanguage":"ro-RO","potentialAction":[{"@type":"ReadAction","target":["https:\/\/iwhiteinstant.com\/ro\/produs\/pasta-de-dinti-iwhite-supreme\/"]}]},{"@type":"ImageObject","inLanguage":"ro-RO","@id":"https:\/\/iwhiteinstant.com\/ro\/produs\/pasta-de-dinti-iwhite-supreme\/#primaryimage","url":"https:\/\/iwhiteinstant.com\/app\/uploads\/sites\/10\/2024\/08\/iWhite-Supreme-toothpaste.png","contentUrl":"https:\/\/iwhiteinstant.com\/app\/uploads\/sites\/10\/2024\/08\/iWhite-Supreme-toothpaste.png","width":800,"height":800,"caption":"Past\u0103 de din\u021bi iWhite Supreme"},{"@type":"BreadcrumbList","@id":"https:\/\/iwhiteinstant.com\/ro\/produs\/pasta-de-dinti-iwhite-supreme\/#breadcrumb","itemListElement":[{"@type":"ListItem","position":1,"name":"Home","item":"https:\/\/iwhiteinstant.com\/ro\/"},{"@type":"ListItem","position":2,"name":"Gama iWhite","item":"https:\/\/iwhiteinstant.com\/ro\/gama-iwhite\/"},{"@type":"ListItem","position":3,"name":"Past\u0103 de din\u021bi iWhite Supreme"}]},{"@type":"WebSite","@id":"https:\/\/iwhiteinstant.com\/ro\/#website","url":"https:\/\/iwhiteinstant.com\/ro\/","name":"iWhite","description":"","publisher":{"@id":"https:\/\/iwhiteinstant.com\/ro\/#organization"},"potentialAction":[{"@type":"SearchAction","target":{"@type":"EntryPoint","urlTemplate":"https:\/\/iwhiteinstant.com\/ro\/?s={search_term_string}"},"query-input":{"@type":"PropertyValueSpecification","valueRequired":true,"valueName":"search_term_string"}}],"inLanguage":"ro-RO"},{"@type":"Organization","@id":"https:\/\/iwhiteinstant.com\/ro\/#organization","name":"iWhite","url":"https:\/\/iwhiteinstant.com\/ro\/","logo":{"@type":"ImageObject","inLanguage":"ro-RO","@id":"https:\/\/iwhiteinstant.com\/ro\/#\/schema\/logo\/image\/","url":"https:\/\/iwhiteinstant.com\/app\/uploads\/sites\/10\/2024\/08\/Iwhite-logo.png","contentUrl":"https:\/\/iwhiteinstant.com\/app\/uploads\/sites\/10\/2024\/08\/Iwhite-logo.png","width":160,"height":40,"caption":"iWhite"},"image":{"@id":"https:\/\/iwhiteinstant.com\/ro\/#\/schema\/logo\/image\/"}}]}},"_links":{"self":[{"href":"https:\/\/iwhiteinstant.com\/ro\/wp-json\/wp\/v2\/product\/31","targetHints":{"allow":["GET"]}}],"collection":[{"href":"https:\/\/iwhiteinstant.com\/ro\/wp-json\/wp\/v2\/product"}],"about":[{"href":"https:\/\/iwhiteinstant.com\/ro\/wp-json\/wp\/v2\/types\/product"}],"replies":[{"embeddable":true,"href":"https:\/\/iwhiteinstant.com\/ro\/wp-json\/wp\/v2\/comments?post=31"}],"version-history":[{"count":10,"href":"https:\/\/iwhiteinstant.com\/ro\/wp-json\/wp\/v2\/product\/31\/revisions"}],"predecessor-version":[{"id":296,"href":"https:\/\/iwhiteinstant.com\/ro\/wp-json\/wp\/v2\/product\/31\/revisions\/296"}],"wp:featuredmedia":[{"embeddable":true,"href":"https:\/\/iwhiteinstant.com\/ro\/wp-json\/wp\/v2\/media\/151"}],"wp:attachment":[{"href":"https:\/\/iwhiteinstant.com\/ro\/wp-json\/wp\/v2\/media?parent=31"}],"wp:term":[{"taxonomy":"product_brand","embeddable":true,"href":"https:\/\/iwhiteinstant.com\/ro\/wp-json\/wp\/v2\/product_brand?post=31"},{"taxonomy":"product_cat","embeddable":true,"href":"https:\/\/iwhiteinstant.com\/ro\/wp-json\/wp\/v2\/product_cat?post=31"},{"taxonomy":"product_tag","embeddable":true,"href":"https:\/\/iwhiteinstant.com\/ro\/wp-json\/wp\/v2\/product_tag?post=31"}],"curies":[{"name":"wp","href":"https:\/\/api.w.org\/{rel}","templated":true}]}}