{"id":37,"date":"2024-08-19T10:25:22","date_gmt":"2024-08-19T10:25:22","guid":{"rendered":"https:\/\/iwhiteinstant.com\/ro\/?post_type=product&#038;p=37"},"modified":"2025-03-28T15:24:39","modified_gmt":"2025-03-28T14:24:39","slug":"apa-de-gura-pentru-albire-instant-iwhite","status":"publish","type":"product","link":"https:\/\/iwhiteinstant.com\/ro\/produs\/apa-de-gura-pentru-albire-instant-iwhite\/","title":{"rendered":"Apa de gur\u0103 pentru albire Instant iWhite"},"content":{"rendered":"\n<section class=\"wp-block-karopharma-image-with-text image-with-text image-with-text__not-full-width is-style-primary\"><div class=\"image-with-text-container \"><div class=\"image-with-text-container-image-container\"><img decoding=\"async\" loading=\"lazy\" src=\"https:\/\/iwhiteinstant.com\/cdn-cgi\/image\/format=auto\/app\/uploads\/sites\/10\/2024\/08\/three-reasons.jpg\" alt=\"three-reasons\"\/><\/div><div class=\"image-with-text-container-content\" style=\"text-align:left\" data-test=\"content\"><div class=\"content\"><h2>Te \u00eentrebi de ce ar trebui s\u0103 folose\u0219ti zilnic o ap\u0103 de gur\u0103? Iat\u0103 c\u00e2teva motive pentru a \u00eencepe chiar acum.<\/h2><p class=\"body\" data-test=\"body\">1. \u00ce\u021bi albe\u0219te din\u021bii imediat<br>2. \u00cendep\u0103rteaz\u0103 placa de pe din\u021bi \u0219i previne formarea unei noi pl\u0103ci<br>3. \u00ce\u021bi \u00eent\u0103re\u0219te \u0219i remineralizeaz\u0103 din\u021bii<\/p>\n<div class=\"wp-block-buttons is-layout-flex wp-block-buttons-is-layout-flex\">\n<div class=\"wp-block-button\"><a class=\"wp-block-button__link wp-element-button\" href=\"https:\/\/iwhiteinstant.com\/ro\/rutina-iwhite\/\">Afl\u0103 care este rutina perfect\u0103 de albire a din\u021bilor<\/a><\/div>\n<\/div>\n<\/div><\/div><\/div><\/section>\n\n\n\n<div class=\"wp-block-karopharma-free-text pt-large pb-none bg-center bg-cover bg-no-repeat  is-style-secondary\" style=\"background-image:url()\"><div class=\"free-text-wrapper container max-w-medium text-center\">\n<h3 class=\"wp-block-heading is-style-heading-h2\">Men\u021bine o rutin\u0103<\/h3>\n\n\n\n<p class=\"has-text-align-center is-style-paragraph-preamble\">Pentru a ob\u021bine cele mai bune rezultate de albire, este important s\u0103 men\u021bine\u021bi o rutin\u0103. Pute\u021bi combina apa noastr\u0103 de gur\u0103 cu alte c\u00e2teva produse ca tratament zilnic de albire.<\/p>\n<\/div><\/div>\n\n\n<div class=\"product-list wp-block-karopharma-product-list is-style-secondary\" data-testid=\"product-list\">\n      <div class=\"swiper-container\">\n      <div class=\"swiper\">\n        <div class=\"swiper-wrapper\">\n                      <div class=\"swiper-slide\">\n              <div class=\"product-card\" data-testid=\"product-card\">\n  <a\n    href=https:\/\/iwhiteinstant.com\/ro\/produs\/dispozitiv-de-albire-interdentara-iwhite\/\n    class=\"product-card-link\"\n    title=\"Dispozitiv de albire interdentar\u0103, iWhite\"\n  >\n  <figure class=\"product-card-image\" data-testid=\"product-image\">\n                          <img decoding=\"async\" src=\"https:\/\/iwhiteinstant.com\/cdn-cgi\/image\/width=700,format=auto\/app\/uploads\/sites\/10\/2024\/08\/iWhite-Interdental-Whitener.png\"\n        srcset=\"https:\/\/iwhiteinstant.com\/cdn-cgi\/image\/width=250,format=auto\/app\/uploads\/sites\/10\/2024\/08\/iWhite-Interdental-Whitener.png 250w,\n                https:\/\/iwhiteinstant.com\/cdn-cgi\/image\/width=500,format=auto\/app\/uploads\/sites\/10\/2024\/08\/iWhite-Interdental-Whitener.png 500w,\n                https:\/\/iwhiteinstant.com\/cdn-cgi\/image\/width=700,format=auto\/app\/uploads\/sites\/10\/2024\/08\/iWhite-Interdental-Whitener.png 700w\"\n        sizes=\"(max-width: 400px) 250px, (max-width: 800px) 500px, 700px\"\n        alt=\"Dispozitiv de albire interdentar\u0103, iWhite\"\n        class=\"img\">\n            <\/figure>\n    <div class=\"product-card-content\">\n      <div class=\"heading-wrapper\">\n        <h2 class=\"heading\">Dispozitiv de albire interdentar\u0103, iWhite<\/h2>\n      <\/div>\n      <div class=\"product-card-description\">\u00cenc\u0103rcat cu activi de albire a din\u021bilor<\/div>\n                      <\/div>\n  <\/a>\n          <div class=\"button-wrapper buy-now \" data-testid=\"buy-now\">\n      <div class=\"buy-now-container dropdown-container\">\n      <div class=\"theme-button button-primary-color dropdown-link\" aria-label=\"Cump\u0103r\u0103 acum\">\n          Cump\u0103r\u0103 acum <i class=\"dropdown\"><\/i>\n      <\/div>\n      <ul class=\"reseller-list submenu\">\n                    <li>\n              <a\n                href=\"https:\/\/comenzi.bebetei.ro\/ingrijire-personala\/ingrijire-orala\/albire-dinti\/dispozitiv-de-albire-interdentar-iwhite-p395481\" onclick=\"dataLayer.push({'event':'ga_event', 'eventCategory':'Click on Reseller', 'eventAction':'Bebe Tei', 'eventLabel':'Dispozitiv de albire interdentar\u0103, iWhite', 'eventValue': undefined})\" rel=\"noopener\" target=\"_blank\" title=\"Bebe Tei\"\n                data-testid=\"buy-now-reseller\">\n                <i class=\"fa-solid fa-arrow-right\"><\/i> Bebe Tei\n              <\/a>\n          <\/li>\n                    <li>\n              <a\n                href=\"https:\/\/www.dm.ro\/iwhite-dispozitiv-de-albire-interdentar-p5425012531598.html\" onclick=\"dataLayer.push({'event':'ga_event', 'eventCategory':'Click on Reseller', 'eventAction':'DM', 'eventLabel':'Dispozitiv de albire interdentar\u0103, iWhite', 'eventValue': undefined})\" rel=\"noopener\" target=\"_blank\" title=\"DM\"\n                data-testid=\"buy-now-reseller\">\n                <i class=\"fa-solid fa-arrow-right\"><\/i> DM\n              <\/a>\n          <\/li>\n                    <li>\n              <a\n                href=\"https:\/\/www.emag.ro\/dispozitiv-de-albire-interdentar-iwhite-5425012531598\/pd\/DXB6HYYBM\/\" onclick=\"dataLayer.push({'event':'ga_event', 'eventCategory':'Click on Reseller', 'eventAction':'emag', 'eventLabel':'Dispozitiv de albire interdentar\u0103, iWhite', 'eventValue': undefined})\" rel=\"noopener\" target=\"_blank\" title=\"emag\"\n                data-testid=\"buy-now-reseller\">\n                <i class=\"fa-solid fa-arrow-right\"><\/i> emag\n              <\/a>\n          <\/li>\n                    <li>\n              <a\n                href=\"https:\/\/comenzi.farmaciatei.ro\/ingrijire-personala\/ingrijire-orala\/tratamente-bucale\/dispozitiv-de-albire-interdentar-iwhite-p366674\" onclick=\"dataLayer.push({'event':'ga_event', 'eventCategory':'Click on Reseller', 'eventAction':'Farmacia Tei', 'eventLabel':'Dispozitiv de albire interdentar\u0103, iWhite', 'eventValue': undefined})\" rel=\"noopener\" target=\"_blank\" title=\"Farmacia Tei\"\n                data-testid=\"buy-now-reseller\">\n                <i class=\"fa-solid fa-arrow-right\"><\/i> Farmacia Tei\n              <\/a>\n          <\/li>\n                <\/ul>\n    <\/div>\n  <\/div>\n  <\/div>\n            <\/div>\n                  <\/div>\n        <div class=\"swiper-scrollbar\"><\/div>\n      <\/div>\n    <\/div>\n  <\/div>\n\n\n\n<div class=\"wp-block-karopharma-free-text pt-large pb-none bg-center bg-cover bg-no-repeat\" style=\"background-image:url()\"><div class=\"free-text-wrapper container max-w-medium text-center\">\n<h3 class=\"wp-block-heading is-style-heading-h2 has-primary-color has-text-color\">S-ar putea s\u0103 v\u0103 plac\u0103 \u0219i<\/h3>\n<\/div><\/div>\n","protected":false},"excerpt":{"rendered":"<p>Apa de gur\u0103 de albire pentru uz zilnic. Dizolv\u0103 decolorarea din\u021bilor.<\/p>\n","protected":false},"featured_media":169,"comment_status":"open","ping_status":"closed","template":"","meta":{"_acf_changed":false,"footnotes":""},"product_brand":[],"product_cat":[20],"product_tag":[],"class_list":{"0":"post-37","1":"product","2":"type-product","3":"status-publish","4":"has-post-thumbnail","6":"product_cat-apa-de-gura","8":"first","9":"instock","10":"shipping-taxable","11":"product-type-simple"},"acf":[],"yoast_head":"<!-- This site is optimized with the Yoast SEO plugin v26.6 - https:\/\/yoast.com\/wordpress\/plugins\/seo\/ -->\n<title>Apa de gur\u0103 pentru albire Instant iWhite - iWhite<\/title>\n<meta name=\"description\" content=\"Str\u0103lucire imediat\u0103 \u0219i din\u021bi mai albi dup\u0103 utilizarea unei ape de gur\u0103, chiar este posibil? Datorit\u0103 tehnologiei de albire cu tripl\u0103 ac\u021biune a iWhite, este posibil.\" \/>\n<meta name=\"robots\" content=\"index, follow, max-snippet:-1, max-image-preview:large, max-video-preview:-1\" \/>\n<link rel=\"canonical\" href=\"https:\/\/iwhiteinstant.com\/ro\/produs\/apa-de-gura-pentru-albire-instant-iwhite\/\" \/>\n<meta property=\"og:locale\" content=\"ro_RO\" \/>\n<meta property=\"og:type\" content=\"article\" \/>\n<meta property=\"og:title\" content=\"Apa de gur\u0103 pentru albire Instant iWhite - iWhite\" \/>\n<meta property=\"og:description\" content=\"Str\u0103lucire imediat\u0103 \u0219i din\u021bi mai albi dup\u0103 utilizarea unei ape de gur\u0103, chiar este posibil? Datorit\u0103 tehnologiei de albire cu tripl\u0103 ac\u021biune a iWhite, este posibil.\" \/>\n<meta property=\"og:url\" content=\"https:\/\/iwhiteinstant.com\/ro\/produs\/apa-de-gura-pentru-albire-instant-iwhite\/\" \/>\n<meta property=\"og:site_name\" content=\"iWhite\" \/>\n<meta property=\"article:modified_time\" content=\"2025-03-28T14:24:39+00:00\" \/>\n<meta property=\"og:image\" content=\"https:\/\/iwhiteinstant.com\/app\/uploads\/sites\/10\/2024\/08\/iWhite-Instant-Whitening-Mouthwash.png\" \/>\n\t<meta property=\"og:image:width\" content=\"800\" \/>\n\t<meta property=\"og:image:height\" content=\"800\" \/>\n\t<meta property=\"og:image:type\" content=\"image\/png\" \/>\n<meta name=\"twitter:card\" content=\"summary_large_image\" \/>\n<meta name=\"twitter:label1\" content=\"Est. reading time\" \/>\n\t<meta name=\"twitter:data1\" content=\"2 minute\" \/>\n<script type=\"application\/ld+json\" class=\"yoast-schema-graph\">{\"@context\":\"https:\/\/schema.org\",\"@graph\":[{\"@type\":\"WebPage\",\"@id\":\"https:\/\/iwhiteinstant.com\/ro\/produs\/apa-de-gura-pentru-albire-instant-iwhite\/\",\"url\":\"https:\/\/iwhiteinstant.com\/ro\/produs\/apa-de-gura-pentru-albire-instant-iwhite\/\",\"name\":\"Apa de gur\u0103 pentru albire Instant iWhite - iWhite\",\"isPartOf\":{\"@id\":\"https:\/\/iwhiteinstant.com\/ro\/#website\"},\"primaryImageOfPage\":{\"@id\":\"https:\/\/iwhiteinstant.com\/ro\/produs\/apa-de-gura-pentru-albire-instant-iwhite\/#primaryimage\"},\"image\":{\"@id\":\"https:\/\/iwhiteinstant.com\/ro\/produs\/apa-de-gura-pentru-albire-instant-iwhite\/#primaryimage\"},\"thumbnailUrl\":\"https:\/\/iwhiteinstant.com\/app\/uploads\/sites\/10\/2024\/08\/iWhite-Instant-Whitening-Mouthwash.png\",\"datePublished\":\"2024-08-19T10:25:22+00:00\",\"dateModified\":\"2025-03-28T14:24:39+00:00\",\"description\":\"Str\u0103lucire imediat\u0103 \u0219i din\u021bi mai albi dup\u0103 utilizarea unei ape de gur\u0103, chiar este posibil? Datorit\u0103 tehnologiei de albire cu tripl\u0103 ac\u021biune a iWhite, este posibil.\",\"breadcrumb\":{\"@id\":\"https:\/\/iwhiteinstant.com\/ro\/produs\/apa-de-gura-pentru-albire-instant-iwhite\/#breadcrumb\"},\"inLanguage\":\"ro-RO\",\"potentialAction\":[{\"@type\":\"ReadAction\",\"target\":[\"https:\/\/iwhiteinstant.com\/ro\/produs\/apa-de-gura-pentru-albire-instant-iwhite\/\"]}]},{\"@type\":\"ImageObject\",\"inLanguage\":\"ro-RO\",\"@id\":\"https:\/\/iwhiteinstant.com\/ro\/produs\/apa-de-gura-pentru-albire-instant-iwhite\/#primaryimage\",\"url\":\"https:\/\/iwhiteinstant.com\/app\/uploads\/sites\/10\/2024\/08\/iWhite-Instant-Whitening-Mouthwash.png\",\"contentUrl\":\"https:\/\/iwhiteinstant.com\/app\/uploads\/sites\/10\/2024\/08\/iWhite-Instant-Whitening-Mouthwash.png\",\"width\":800,\"height\":800,\"caption\":\"Apa de gur\u0103 pentru albire Instant iWhite\"},{\"@type\":\"BreadcrumbList\",\"@id\":\"https:\/\/iwhiteinstant.com\/ro\/produs\/apa-de-gura-pentru-albire-instant-iwhite\/#breadcrumb\",\"itemListElement\":[{\"@type\":\"ListItem\",\"position\":1,\"name\":\"Home\",\"item\":\"https:\/\/iwhiteinstant.com\/ro\/\"},{\"@type\":\"ListItem\",\"position\":2,\"name\":\"Gama iWhite\",\"item\":\"https:\/\/iwhiteinstant.com\/ro\/gama-iwhite\/\"},{\"@type\":\"ListItem\",\"position\":3,\"name\":\"Apa de gur\u0103 pentru albire Instant iWhite\"}]},{\"@type\":\"WebSite\",\"@id\":\"https:\/\/iwhiteinstant.com\/ro\/#website\",\"url\":\"https:\/\/iwhiteinstant.com\/ro\/\",\"name\":\"iWhite\",\"description\":\"\",\"publisher\":{\"@id\":\"https:\/\/iwhiteinstant.com\/ro\/#organization\"},\"potentialAction\":[{\"@type\":\"SearchAction\",\"target\":{\"@type\":\"EntryPoint\",\"urlTemplate\":\"https:\/\/iwhiteinstant.com\/ro\/?s={search_term_string}\"},\"query-input\":{\"@type\":\"PropertyValueSpecification\",\"valueRequired\":true,\"valueName\":\"search_term_string\"}}],\"inLanguage\":\"ro-RO\"},{\"@type\":\"Organization\",\"@id\":\"https:\/\/iwhiteinstant.com\/ro\/#organization\",\"name\":\"iWhite\",\"url\":\"https:\/\/iwhiteinstant.com\/ro\/\",\"logo\":{\"@type\":\"ImageObject\",\"inLanguage\":\"ro-RO\",\"@id\":\"https:\/\/iwhiteinstant.com\/ro\/#\/schema\/logo\/image\/\",\"url\":\"https:\/\/iwhiteinstant.com\/app\/uploads\/sites\/10\/2024\/08\/Iwhite-logo.png\",\"contentUrl\":\"https:\/\/iwhiteinstant.com\/app\/uploads\/sites\/10\/2024\/08\/Iwhite-logo.png\",\"width\":160,\"height\":40,\"caption\":\"iWhite\"},\"image\":{\"@id\":\"https:\/\/iwhiteinstant.com\/ro\/#\/schema\/logo\/image\/\"}}]}<\/script>\n<!-- \/ Yoast SEO plugin. -->","yoast_head_json":{"title":"Apa de gur\u0103 pentru albire Instant iWhite - iWhite","description":"Str\u0103lucire imediat\u0103 \u0219i din\u021bi mai albi dup\u0103 utilizarea unei ape de gur\u0103, chiar este posibil? Datorit\u0103 tehnologiei de albire cu tripl\u0103 ac\u021biune a iWhite, este posibil.","robots":{"index":"index","follow":"follow","max-snippet":"max-snippet:-1","max-image-preview":"max-image-preview:large","max-video-preview":"max-video-preview:-1"},"canonical":"https:\/\/iwhiteinstant.com\/ro\/produs\/apa-de-gura-pentru-albire-instant-iwhite\/","og_locale":"ro_RO","og_type":"article","og_title":"Apa de gur\u0103 pentru albire Instant iWhite - iWhite","og_description":"Str\u0103lucire imediat\u0103 \u0219i din\u021bi mai albi dup\u0103 utilizarea unei ape de gur\u0103, chiar este posibil? Datorit\u0103 tehnologiei de albire cu tripl\u0103 ac\u021biune a iWhite, este posibil.","og_url":"https:\/\/iwhiteinstant.com\/ro\/produs\/apa-de-gura-pentru-albire-instant-iwhite\/","og_site_name":"iWhite","article_modified_time":"2025-03-28T14:24:39+00:00","og_image":[{"width":800,"height":800,"url":"https:\/\/iwhiteinstant.com\/app\/uploads\/sites\/10\/2024\/08\/iWhite-Instant-Whitening-Mouthwash.png","type":"image\/png"}],"twitter_card":"summary_large_image","twitter_misc":{"Est. reading time":"2 minute"},"schema":{"@context":"https:\/\/schema.org","@graph":[{"@type":"WebPage","@id":"https:\/\/iwhiteinstant.com\/ro\/produs\/apa-de-gura-pentru-albire-instant-iwhite\/","url":"https:\/\/iwhiteinstant.com\/ro\/produs\/apa-de-gura-pentru-albire-instant-iwhite\/","name":"Apa de gur\u0103 pentru albire Instant iWhite - iWhite","isPartOf":{"@id":"https:\/\/iwhiteinstant.com\/ro\/#website"},"primaryImageOfPage":{"@id":"https:\/\/iwhiteinstant.com\/ro\/produs\/apa-de-gura-pentru-albire-instant-iwhite\/#primaryimage"},"image":{"@id":"https:\/\/iwhiteinstant.com\/ro\/produs\/apa-de-gura-pentru-albire-instant-iwhite\/#primaryimage"},"thumbnailUrl":"https:\/\/iwhiteinstant.com\/app\/uploads\/sites\/10\/2024\/08\/iWhite-Instant-Whitening-Mouthwash.png","datePublished":"2024-08-19T10:25:22+00:00","dateModified":"2025-03-28T14:24:39+00:00","description":"Str\u0103lucire imediat\u0103 \u0219i din\u021bi mai albi dup\u0103 utilizarea unei ape de gur\u0103, chiar este posibil? Datorit\u0103 tehnologiei de albire cu tripl\u0103 ac\u021biune a iWhite, este posibil.","breadcrumb":{"@id":"https:\/\/iwhiteinstant.com\/ro\/produs\/apa-de-gura-pentru-albire-instant-iwhite\/#breadcrumb"},"inLanguage":"ro-RO","potentialAction":[{"@type":"ReadAction","target":["https:\/\/iwhiteinstant.com\/ro\/produs\/apa-de-gura-pentru-albire-instant-iwhite\/"]}]},{"@type":"ImageObject","inLanguage":"ro-RO","@id":"https:\/\/iwhiteinstant.com\/ro\/produs\/apa-de-gura-pentru-albire-instant-iwhite\/#primaryimage","url":"https:\/\/iwhiteinstant.com\/app\/uploads\/sites\/10\/2024\/08\/iWhite-Instant-Whitening-Mouthwash.png","contentUrl":"https:\/\/iwhiteinstant.com\/app\/uploads\/sites\/10\/2024\/08\/iWhite-Instant-Whitening-Mouthwash.png","width":800,"height":800,"caption":"Apa de gur\u0103 pentru albire Instant iWhite"},{"@type":"BreadcrumbList","@id":"https:\/\/iwhiteinstant.com\/ro\/produs\/apa-de-gura-pentru-albire-instant-iwhite\/#breadcrumb","itemListElement":[{"@type":"ListItem","position":1,"name":"Home","item":"https:\/\/iwhiteinstant.com\/ro\/"},{"@type":"ListItem","position":2,"name":"Gama iWhite","item":"https:\/\/iwhiteinstant.com\/ro\/gama-iwhite\/"},{"@type":"ListItem","position":3,"name":"Apa de gur\u0103 pentru albire Instant iWhite"}]},{"@type":"WebSite","@id":"https:\/\/iwhiteinstant.com\/ro\/#website","url":"https:\/\/iwhiteinstant.com\/ro\/","name":"iWhite","description":"","publisher":{"@id":"https:\/\/iwhiteinstant.com\/ro\/#organization"},"potentialAction":[{"@type":"SearchAction","target":{"@type":"EntryPoint","urlTemplate":"https:\/\/iwhiteinstant.com\/ro\/?s={search_term_string}"},"query-input":{"@type":"PropertyValueSpecification","valueRequired":true,"valueName":"search_term_string"}}],"inLanguage":"ro-RO"},{"@type":"Organization","@id":"https:\/\/iwhiteinstant.com\/ro\/#organization","name":"iWhite","url":"https:\/\/iwhiteinstant.com\/ro\/","logo":{"@type":"ImageObject","inLanguage":"ro-RO","@id":"https:\/\/iwhiteinstant.com\/ro\/#\/schema\/logo\/image\/","url":"https:\/\/iwhiteinstant.com\/app\/uploads\/sites\/10\/2024\/08\/Iwhite-logo.png","contentUrl":"https:\/\/iwhiteinstant.com\/app\/uploads\/sites\/10\/2024\/08\/Iwhite-logo.png","width":160,"height":40,"caption":"iWhite"},"image":{"@id":"https:\/\/iwhiteinstant.com\/ro\/#\/schema\/logo\/image\/"}}]}},"_links":{"self":[{"href":"https:\/\/iwhiteinstant.com\/ro\/wp-json\/wp\/v2\/product\/37","targetHints":{"allow":["GET"]}}],"collection":[{"href":"https:\/\/iwhiteinstant.com\/ro\/wp-json\/wp\/v2\/product"}],"about":[{"href":"https:\/\/iwhiteinstant.com\/ro\/wp-json\/wp\/v2\/types\/product"}],"replies":[{"embeddable":true,"href":"https:\/\/iwhiteinstant.com\/ro\/wp-json\/wp\/v2\/comments?post=37"}],"version-history":[{"count":9,"href":"https:\/\/iwhiteinstant.com\/ro\/wp-json\/wp\/v2\/product\/37\/revisions"}],"predecessor-version":[{"id":284,"href":"https:\/\/iwhiteinstant.com\/ro\/wp-json\/wp\/v2\/product\/37\/revisions\/284"}],"wp:featuredmedia":[{"embeddable":true,"href":"https:\/\/iwhiteinstant.com\/ro\/wp-json\/wp\/v2\/media\/169"}],"wp:attachment":[{"href":"https:\/\/iwhiteinstant.com\/ro\/wp-json\/wp\/v2\/media?parent=37"}],"wp:term":[{"taxonomy":"product_brand","embeddable":true,"href":"https:\/\/iwhiteinstant.com\/ro\/wp-json\/wp\/v2\/product_brand?post=37"},{"taxonomy":"product_cat","embeddable":true,"href":"https:\/\/iwhiteinstant.com\/ro\/wp-json\/wp\/v2\/product_cat?post=37"},{"taxonomy":"product_tag","embeddable":true,"href":"https:\/\/iwhiteinstant.com\/ro\/wp-json\/wp\/v2\/product_tag?post=37"}],"curies":[{"name":"wp","href":"https:\/\/api.w.org\/{rel}","templated":true}]}}