{"id":39,"date":"2024-08-19T10:25:32","date_gmt":"2024-08-19T10:25:32","guid":{"rendered":"https:\/\/iwhiteinstant.com\/ro\/?post_type=product&#038;p=39"},"modified":"2025-03-28T15:24:11","modified_gmt":"2025-03-28T14:24:11","slug":"periuta-de-dinti-iwhite-whitening","status":"publish","type":"product","link":"https:\/\/iwhiteinstant.com\/ro\/produs\/periuta-de-dinti-iwhite-whitening\/","title":{"rendered":"Periu\u021ba de din\u021bi iWhite Whitening"},"content":{"rendered":"\n<div class=\"wp-block-karopharma-free-text pt-large pb-none bg-center bg-cover bg-no-repeat\" style=\"background-image:url()\"><div class=\"free-text-wrapper container max-w-medium text-center\">\n<h3 class=\"wp-block-heading is-style-heading-h2 has-primary-color has-text-color\">S-ar putea s\u0103 v\u0103 plac\u0103 \u0219i<\/h3>\n<\/div><\/div>\n","protected":false},"excerpt":{"rendered":"<p>\u00cendep\u0103rteaz\u0103 placa dentar\u0103 \u0219i petele<\/p>\n","protected":false},"featured_media":174,"comment_status":"open","ping_status":"closed","template":"","meta":{"_acf_changed":false,"footnotes":""},"product_brand":[],"product_cat":[21,23],"product_tag":[],"class_list":{"0":"post-39","1":"product","2":"type-product","3":"status-publish","4":"has-post-thumbnail","6":"product_cat-periuta-de-dinti","7":"product_cat-produse-de-albire-zilnice","9":"first","10":"instock","11":"shipping-taxable","12":"product-type-simple"},"acf":[],"yoast_head":"<!-- This site is optimized with the Yoast SEO plugin v26.6 - https:\/\/yoast.com\/wordpress\/plugins\/seo\/ -->\n<title>Periu\u021ba de din\u021bi iWhite Whitening - iWhite<\/title>\n<meta name=\"description\" content=\"Periu\u021ba de din\u021bi pentru albire iWhite este fabricat\u0103 din peri speciali de \u00eendep\u0103rtare a petelor \u0219i de lustruire care ajut\u0103 la \u00eendep\u0103rtarea petelor de suprafa\u021b\u0103 \u0219i la albirea din\u021bilor.\" \/>\n<meta name=\"robots\" content=\"index, follow, max-snippet:-1, max-image-preview:large, max-video-preview:-1\" \/>\n<link rel=\"canonical\" href=\"https:\/\/iwhiteinstant.com\/ro\/produs\/periuta-de-dinti-iwhite-whitening\/\" \/>\n<meta property=\"og:locale\" content=\"ro_RO\" \/>\n<meta property=\"og:type\" content=\"article\" \/>\n<meta property=\"og:title\" content=\"Periu\u021ba de din\u021bi iWhite Whitening - iWhite\" \/>\n<meta property=\"og:description\" content=\"Periu\u021ba de din\u021bi pentru albire iWhite este fabricat\u0103 din peri speciali de \u00eendep\u0103rtare a petelor \u0219i de lustruire care ajut\u0103 la \u00eendep\u0103rtarea petelor de suprafa\u021b\u0103 \u0219i la albirea din\u021bilor.\" \/>\n<meta property=\"og:url\" content=\"https:\/\/iwhiteinstant.com\/ro\/produs\/periuta-de-dinti-iwhite-whitening\/\" \/>\n<meta property=\"og:site_name\" content=\"iWhite\" \/>\n<meta property=\"article:modified_time\" content=\"2025-03-28T14:24:11+00:00\" \/>\n<meta property=\"og:image\" content=\"https:\/\/iwhiteinstant.com\/app\/uploads\/sites\/10\/2024\/08\/iWhite-Whitening-Toothbrush.png\" \/>\n\t<meta property=\"og:image:width\" content=\"800\" \/>\n\t<meta property=\"og:image:height\" content=\"800\" \/>\n\t<meta property=\"og:image:type\" content=\"image\/png\" \/>\n<meta name=\"twitter:card\" content=\"summary_large_image\" \/>\n<meta name=\"twitter:label1\" content=\"Est. reading time\" \/>\n\t<meta name=\"twitter:data1\" content=\"1 minut\" \/>\n<script type=\"application\/ld+json\" class=\"yoast-schema-graph\">{\"@context\":\"https:\/\/schema.org\",\"@graph\":[{\"@type\":\"WebPage\",\"@id\":\"https:\/\/iwhiteinstant.com\/ro\/produs\/periuta-de-dinti-iwhite-whitening\/\",\"url\":\"https:\/\/iwhiteinstant.com\/ro\/produs\/periuta-de-dinti-iwhite-whitening\/\",\"name\":\"Periu\u021ba de din\u021bi iWhite Whitening - iWhite\",\"isPartOf\":{\"@id\":\"https:\/\/iwhiteinstant.com\/ro\/#website\"},\"primaryImageOfPage\":{\"@id\":\"https:\/\/iwhiteinstant.com\/ro\/produs\/periuta-de-dinti-iwhite-whitening\/#primaryimage\"},\"image\":{\"@id\":\"https:\/\/iwhiteinstant.com\/ro\/produs\/periuta-de-dinti-iwhite-whitening\/#primaryimage\"},\"thumbnailUrl\":\"https:\/\/iwhiteinstant.com\/app\/uploads\/sites\/10\/2024\/08\/iWhite-Whitening-Toothbrush.png\",\"datePublished\":\"2024-08-19T10:25:32+00:00\",\"dateModified\":\"2025-03-28T14:24:11+00:00\",\"description\":\"Periu\u021ba de din\u021bi pentru albire iWhite este fabricat\u0103 din peri speciali de \u00eendep\u0103rtare a petelor \u0219i de lustruire care ajut\u0103 la \u00eendep\u0103rtarea petelor de suprafa\u021b\u0103 \u0219i la albirea din\u021bilor.\",\"breadcrumb\":{\"@id\":\"https:\/\/iwhiteinstant.com\/ro\/produs\/periuta-de-dinti-iwhite-whitening\/#breadcrumb\"},\"inLanguage\":\"ro-RO\",\"potentialAction\":[{\"@type\":\"ReadAction\",\"target\":[\"https:\/\/iwhiteinstant.com\/ro\/produs\/periuta-de-dinti-iwhite-whitening\/\"]}]},{\"@type\":\"ImageObject\",\"inLanguage\":\"ro-RO\",\"@id\":\"https:\/\/iwhiteinstant.com\/ro\/produs\/periuta-de-dinti-iwhite-whitening\/#primaryimage\",\"url\":\"https:\/\/iwhiteinstant.com\/app\/uploads\/sites\/10\/2024\/08\/iWhite-Whitening-Toothbrush.png\",\"contentUrl\":\"https:\/\/iwhiteinstant.com\/app\/uploads\/sites\/10\/2024\/08\/iWhite-Whitening-Toothbrush.png\",\"width\":800,\"height\":800,\"caption\":\"Periu\u021ba de din\u021bi iWhite Whitening\"},{\"@type\":\"BreadcrumbList\",\"@id\":\"https:\/\/iwhiteinstant.com\/ro\/produs\/periuta-de-dinti-iwhite-whitening\/#breadcrumb\",\"itemListElement\":[{\"@type\":\"ListItem\",\"position\":1,\"name\":\"Home\",\"item\":\"https:\/\/iwhiteinstant.com\/ro\/\"},{\"@type\":\"ListItem\",\"position\":2,\"name\":\"Gama iWhite\",\"item\":\"https:\/\/iwhiteinstant.com\/ro\/gama-iwhite\/\"},{\"@type\":\"ListItem\",\"position\":3,\"name\":\"Periu\u021ba de din\u021bi iWhite Whitening\"}]},{\"@type\":\"WebSite\",\"@id\":\"https:\/\/iwhiteinstant.com\/ro\/#website\",\"url\":\"https:\/\/iwhiteinstant.com\/ro\/\",\"name\":\"iWhite\",\"description\":\"\",\"publisher\":{\"@id\":\"https:\/\/iwhiteinstant.com\/ro\/#organization\"},\"potentialAction\":[{\"@type\":\"SearchAction\",\"target\":{\"@type\":\"EntryPoint\",\"urlTemplate\":\"https:\/\/iwhiteinstant.com\/ro\/?s={search_term_string}\"},\"query-input\":{\"@type\":\"PropertyValueSpecification\",\"valueRequired\":true,\"valueName\":\"search_term_string\"}}],\"inLanguage\":\"ro-RO\"},{\"@type\":\"Organization\",\"@id\":\"https:\/\/iwhiteinstant.com\/ro\/#organization\",\"name\":\"iWhite\",\"url\":\"https:\/\/iwhiteinstant.com\/ro\/\",\"logo\":{\"@type\":\"ImageObject\",\"inLanguage\":\"ro-RO\",\"@id\":\"https:\/\/iwhiteinstant.com\/ro\/#\/schema\/logo\/image\/\",\"url\":\"https:\/\/iwhiteinstant.com\/app\/uploads\/sites\/10\/2024\/08\/Iwhite-logo.png\",\"contentUrl\":\"https:\/\/iwhiteinstant.com\/app\/uploads\/sites\/10\/2024\/08\/Iwhite-logo.png\",\"width\":160,\"height\":40,\"caption\":\"iWhite\"},\"image\":{\"@id\":\"https:\/\/iwhiteinstant.com\/ro\/#\/schema\/logo\/image\/\"}}]}<\/script>\n<!-- \/ Yoast SEO plugin. -->","yoast_head_json":{"title":"Periu\u021ba de din\u021bi iWhite Whitening - iWhite","description":"Periu\u021ba de din\u021bi pentru albire iWhite este fabricat\u0103 din peri speciali de \u00eendep\u0103rtare a petelor \u0219i de lustruire care ajut\u0103 la \u00eendep\u0103rtarea petelor de suprafa\u021b\u0103 \u0219i la albirea din\u021bilor.","robots":{"index":"index","follow":"follow","max-snippet":"max-snippet:-1","max-image-preview":"max-image-preview:large","max-video-preview":"max-video-preview:-1"},"canonical":"https:\/\/iwhiteinstant.com\/ro\/produs\/periuta-de-dinti-iwhite-whitening\/","og_locale":"ro_RO","og_type":"article","og_title":"Periu\u021ba de din\u021bi iWhite Whitening - iWhite","og_description":"Periu\u021ba de din\u021bi pentru albire iWhite este fabricat\u0103 din peri speciali de \u00eendep\u0103rtare a petelor \u0219i de lustruire care ajut\u0103 la \u00eendep\u0103rtarea petelor de suprafa\u021b\u0103 \u0219i la albirea din\u021bilor.","og_url":"https:\/\/iwhiteinstant.com\/ro\/produs\/periuta-de-dinti-iwhite-whitening\/","og_site_name":"iWhite","article_modified_time":"2025-03-28T14:24:11+00:00","og_image":[{"width":800,"height":800,"url":"https:\/\/iwhiteinstant.com\/app\/uploads\/sites\/10\/2024\/08\/iWhite-Whitening-Toothbrush.png","type":"image\/png"}],"twitter_card":"summary_large_image","twitter_misc":{"Est. reading time":"1 minut"},"schema":{"@context":"https:\/\/schema.org","@graph":[{"@type":"WebPage","@id":"https:\/\/iwhiteinstant.com\/ro\/produs\/periuta-de-dinti-iwhite-whitening\/","url":"https:\/\/iwhiteinstant.com\/ro\/produs\/periuta-de-dinti-iwhite-whitening\/","name":"Periu\u021ba de din\u021bi iWhite Whitening - iWhite","isPartOf":{"@id":"https:\/\/iwhiteinstant.com\/ro\/#website"},"primaryImageOfPage":{"@id":"https:\/\/iwhiteinstant.com\/ro\/produs\/periuta-de-dinti-iwhite-whitening\/#primaryimage"},"image":{"@id":"https:\/\/iwhiteinstant.com\/ro\/produs\/periuta-de-dinti-iwhite-whitening\/#primaryimage"},"thumbnailUrl":"https:\/\/iwhiteinstant.com\/app\/uploads\/sites\/10\/2024\/08\/iWhite-Whitening-Toothbrush.png","datePublished":"2024-08-19T10:25:32+00:00","dateModified":"2025-03-28T14:24:11+00:00","description":"Periu\u021ba de din\u021bi pentru albire iWhite este fabricat\u0103 din peri speciali de \u00eendep\u0103rtare a petelor \u0219i de lustruire care ajut\u0103 la \u00eendep\u0103rtarea petelor de suprafa\u021b\u0103 \u0219i la albirea din\u021bilor.","breadcrumb":{"@id":"https:\/\/iwhiteinstant.com\/ro\/produs\/periuta-de-dinti-iwhite-whitening\/#breadcrumb"},"inLanguage":"ro-RO","potentialAction":[{"@type":"ReadAction","target":["https:\/\/iwhiteinstant.com\/ro\/produs\/periuta-de-dinti-iwhite-whitening\/"]}]},{"@type":"ImageObject","inLanguage":"ro-RO","@id":"https:\/\/iwhiteinstant.com\/ro\/produs\/periuta-de-dinti-iwhite-whitening\/#primaryimage","url":"https:\/\/iwhiteinstant.com\/app\/uploads\/sites\/10\/2024\/08\/iWhite-Whitening-Toothbrush.png","contentUrl":"https:\/\/iwhiteinstant.com\/app\/uploads\/sites\/10\/2024\/08\/iWhite-Whitening-Toothbrush.png","width":800,"height":800,"caption":"Periu\u021ba de din\u021bi iWhite Whitening"},{"@type":"BreadcrumbList","@id":"https:\/\/iwhiteinstant.com\/ro\/produs\/periuta-de-dinti-iwhite-whitening\/#breadcrumb","itemListElement":[{"@type":"ListItem","position":1,"name":"Home","item":"https:\/\/iwhiteinstant.com\/ro\/"},{"@type":"ListItem","position":2,"name":"Gama iWhite","item":"https:\/\/iwhiteinstant.com\/ro\/gama-iwhite\/"},{"@type":"ListItem","position":3,"name":"Periu\u021ba de din\u021bi iWhite Whitening"}]},{"@type":"WebSite","@id":"https:\/\/iwhiteinstant.com\/ro\/#website","url":"https:\/\/iwhiteinstant.com\/ro\/","name":"iWhite","description":"","publisher":{"@id":"https:\/\/iwhiteinstant.com\/ro\/#organization"},"potentialAction":[{"@type":"SearchAction","target":{"@type":"EntryPoint","urlTemplate":"https:\/\/iwhiteinstant.com\/ro\/?s={search_term_string}"},"query-input":{"@type":"PropertyValueSpecification","valueRequired":true,"valueName":"search_term_string"}}],"inLanguage":"ro-RO"},{"@type":"Organization","@id":"https:\/\/iwhiteinstant.com\/ro\/#organization","name":"iWhite","url":"https:\/\/iwhiteinstant.com\/ro\/","logo":{"@type":"ImageObject","inLanguage":"ro-RO","@id":"https:\/\/iwhiteinstant.com\/ro\/#\/schema\/logo\/image\/","url":"https:\/\/iwhiteinstant.com\/app\/uploads\/sites\/10\/2024\/08\/Iwhite-logo.png","contentUrl":"https:\/\/iwhiteinstant.com\/app\/uploads\/sites\/10\/2024\/08\/Iwhite-logo.png","width":160,"height":40,"caption":"iWhite"},"image":{"@id":"https:\/\/iwhiteinstant.com\/ro\/#\/schema\/logo\/image\/"}}]}},"_links":{"self":[{"href":"https:\/\/iwhiteinstant.com\/ro\/wp-json\/wp\/v2\/product\/39","targetHints":{"allow":["GET"]}}],"collection":[{"href":"https:\/\/iwhiteinstant.com\/ro\/wp-json\/wp\/v2\/product"}],"about":[{"href":"https:\/\/iwhiteinstant.com\/ro\/wp-json\/wp\/v2\/types\/product"}],"replies":[{"embeddable":true,"href":"https:\/\/iwhiteinstant.com\/ro\/wp-json\/wp\/v2\/comments?post=39"}],"version-history":[{"count":7,"href":"https:\/\/iwhiteinstant.com\/ro\/wp-json\/wp\/v2\/product\/39\/revisions"}],"predecessor-version":[{"id":283,"href":"https:\/\/iwhiteinstant.com\/ro\/wp-json\/wp\/v2\/product\/39\/revisions\/283"}],"wp:featuredmedia":[{"embeddable":true,"href":"https:\/\/iwhiteinstant.com\/ro\/wp-json\/wp\/v2\/media\/174"}],"wp:attachment":[{"href":"https:\/\/iwhiteinstant.com\/ro\/wp-json\/wp\/v2\/media?parent=39"}],"wp:term":[{"taxonomy":"product_brand","embeddable":true,"href":"https:\/\/iwhiteinstant.com\/ro\/wp-json\/wp\/v2\/product_brand?post=39"},{"taxonomy":"product_cat","embeddable":true,"href":"https:\/\/iwhiteinstant.com\/ro\/wp-json\/wp\/v2\/product_cat?post=39"},{"taxonomy":"product_tag","embeddable":true,"href":"https:\/\/iwhiteinstant.com\/ro\/wp-json\/wp\/v2\/product_tag?post=39"}],"curies":[{"name":"wp","href":"https:\/\/api.w.org\/{rel}","templated":true}]}}