{"id":41,"date":"2024-08-19T10:25:42","date_gmt":"2024-08-19T10:25:42","guid":{"rendered":"https:\/\/iwhiteinstant.com\/ro\/?post_type=product&#038;p=41"},"modified":"2025-08-27T15:13:00","modified_gmt":"2025-08-27T13:13:00","slug":"dispozitiv-de-albire-interdentara-iwhite","status":"publish","type":"product","link":"https:\/\/iwhiteinstant.com\/ro\/produs\/dispozitiv-de-albire-interdentara-iwhite\/","title":{"rendered":"Dispozitiv de albire interdentar\u0103, iWhite"},"content":{"rendered":"\n<div class=\"wp-block-karopharma-free-text pt-large pb-none bg-center bg-cover bg-no-repeat\" style=\"background-image:url()\"><div class=\"free-text-wrapper container max-w-medium text-center\">\n<h3 class=\"wp-block-heading is-style-heading-h2 has-primary-color has-text-color\">S-ar putea s\u0103 v\u0103 plac\u0103 \u0219i<\/h3>\n<\/div><\/div>\n","protected":false},"excerpt":{"rendered":"<p>\u00cenc\u0103rcat cu activi de albire a din\u021bilor<\/p>\n","protected":false},"featured_media":178,"comment_status":"open","ping_status":"closed","template":"","meta":{"_acf_changed":false,"footnotes":""},"product_brand":[],"product_cat":[23],"product_tag":[],"class_list":{"0":"post-41","1":"product","2":"type-product","3":"status-publish","4":"has-post-thumbnail","6":"product_cat-produse-de-albire-zilnice","8":"first","9":"instock","10":"shipping-taxable","11":"product-type-simple"},"acf":[],"yoast_head":"<!-- This site is optimized with the Yoast SEO plugin v26.6 - https:\/\/yoast.com\/wordpress\/plugins\/seo\/ -->\n<title>Dispozitiv de albire interdentar\u0103, iWhite - iWhite<\/title>\n<meta name=\"description\" content=\"Dizpozitivul invonator de albire interdentar\u0103 iWhite este \u00eenc\u0103rcat cu activi de albire a din\u021bilor. Formula se bazeaz\u0103 pe tehnologia tripl\u0103 de albire.\" \/>\n<meta name=\"robots\" content=\"index, follow, max-snippet:-1, max-image-preview:large, max-video-preview:-1\" \/>\n<link rel=\"canonical\" href=\"https:\/\/iwhiteinstant.com\/ro\/produs\/dispozitiv-de-albire-interdentara-iwhite\/\" \/>\n<meta property=\"og:locale\" content=\"ro_RO\" \/>\n<meta property=\"og:type\" content=\"article\" \/>\n<meta property=\"og:title\" content=\"Dispozitiv de albire interdentar\u0103, iWhite - iWhite\" \/>\n<meta property=\"og:description\" content=\"Dizpozitivul invonator de albire interdentar\u0103 iWhite este \u00eenc\u0103rcat cu activi de albire a din\u021bilor. Formula se bazeaz\u0103 pe tehnologia tripl\u0103 de albire.\" \/>\n<meta property=\"og:url\" content=\"https:\/\/iwhiteinstant.com\/ro\/produs\/dispozitiv-de-albire-interdentara-iwhite\/\" \/>\n<meta property=\"og:site_name\" content=\"iWhite\" \/>\n<meta property=\"article:modified_time\" content=\"2025-08-27T13:13:00+00:00\" \/>\n<meta property=\"og:image\" content=\"https:\/\/iwhiteinstant.com\/app\/uploads\/sites\/10\/2024\/08\/iWhite-Interdental-Whitener.png\" \/>\n\t<meta property=\"og:image:width\" content=\"800\" \/>\n\t<meta property=\"og:image:height\" content=\"800\" \/>\n\t<meta property=\"og:image:type\" content=\"image\/png\" \/>\n<meta name=\"twitter:card\" content=\"summary_large_image\" \/>\n<meta name=\"twitter:label1\" content=\"Est. reading time\" \/>\n\t<meta name=\"twitter:data1\" content=\"1 minut\" \/>\n<script type=\"application\/ld+json\" class=\"yoast-schema-graph\">{\"@context\":\"https:\/\/schema.org\",\"@graph\":[{\"@type\":\"WebPage\",\"@id\":\"https:\/\/iwhiteinstant.com\/ro\/produs\/dispozitiv-de-albire-interdentara-iwhite\/\",\"url\":\"https:\/\/iwhiteinstant.com\/ro\/produs\/dispozitiv-de-albire-interdentara-iwhite\/\",\"name\":\"Dispozitiv de albire interdentar\u0103, iWhite - iWhite\",\"isPartOf\":{\"@id\":\"https:\/\/iwhiteinstant.com\/ro\/#website\"},\"primaryImageOfPage\":{\"@id\":\"https:\/\/iwhiteinstant.com\/ro\/produs\/dispozitiv-de-albire-interdentara-iwhite\/#primaryimage\"},\"image\":{\"@id\":\"https:\/\/iwhiteinstant.com\/ro\/produs\/dispozitiv-de-albire-interdentara-iwhite\/#primaryimage\"},\"thumbnailUrl\":\"https:\/\/iwhiteinstant.com\/app\/uploads\/sites\/10\/2024\/08\/iWhite-Interdental-Whitener.png\",\"datePublished\":\"2024-08-19T10:25:42+00:00\",\"dateModified\":\"2025-08-27T13:13:00+00:00\",\"description\":\"Dizpozitivul invonator de albire interdentar\u0103 iWhite este \u00eenc\u0103rcat cu activi de albire a din\u021bilor. Formula se bazeaz\u0103 pe tehnologia tripl\u0103 de albire.\",\"breadcrumb\":{\"@id\":\"https:\/\/iwhiteinstant.com\/ro\/produs\/dispozitiv-de-albire-interdentara-iwhite\/#breadcrumb\"},\"inLanguage\":\"ro-RO\",\"potentialAction\":[{\"@type\":\"ReadAction\",\"target\":[\"https:\/\/iwhiteinstant.com\/ro\/produs\/dispozitiv-de-albire-interdentara-iwhite\/\"]}]},{\"@type\":\"ImageObject\",\"inLanguage\":\"ro-RO\",\"@id\":\"https:\/\/iwhiteinstant.com\/ro\/produs\/dispozitiv-de-albire-interdentara-iwhite\/#primaryimage\",\"url\":\"https:\/\/iwhiteinstant.com\/app\/uploads\/sites\/10\/2024\/08\/iWhite-Interdental-Whitener.png\",\"contentUrl\":\"https:\/\/iwhiteinstant.com\/app\/uploads\/sites\/10\/2024\/08\/iWhite-Interdental-Whitener.png\",\"width\":800,\"height\":800,\"caption\":\"Dispozitiv de albire interdentar\u0103, iWhite\"},{\"@type\":\"BreadcrumbList\",\"@id\":\"https:\/\/iwhiteinstant.com\/ro\/produs\/dispozitiv-de-albire-interdentara-iwhite\/#breadcrumb\",\"itemListElement\":[{\"@type\":\"ListItem\",\"position\":1,\"name\":\"Home\",\"item\":\"https:\/\/iwhiteinstant.com\/ro\/\"},{\"@type\":\"ListItem\",\"position\":2,\"name\":\"Gama iWhite\",\"item\":\"https:\/\/iwhiteinstant.com\/ro\/gama-iwhite\/\"},{\"@type\":\"ListItem\",\"position\":3,\"name\":\"Dispozitiv de albire interdentar\u0103, iWhite\"}]},{\"@type\":\"WebSite\",\"@id\":\"https:\/\/iwhiteinstant.com\/ro\/#website\",\"url\":\"https:\/\/iwhiteinstant.com\/ro\/\",\"name\":\"iWhite\",\"description\":\"\",\"publisher\":{\"@id\":\"https:\/\/iwhiteinstant.com\/ro\/#organization\"},\"potentialAction\":[{\"@type\":\"SearchAction\",\"target\":{\"@type\":\"EntryPoint\",\"urlTemplate\":\"https:\/\/iwhiteinstant.com\/ro\/?s={search_term_string}\"},\"query-input\":{\"@type\":\"PropertyValueSpecification\",\"valueRequired\":true,\"valueName\":\"search_term_string\"}}],\"inLanguage\":\"ro-RO\"},{\"@type\":\"Organization\",\"@id\":\"https:\/\/iwhiteinstant.com\/ro\/#organization\",\"name\":\"iWhite\",\"url\":\"https:\/\/iwhiteinstant.com\/ro\/\",\"logo\":{\"@type\":\"ImageObject\",\"inLanguage\":\"ro-RO\",\"@id\":\"https:\/\/iwhiteinstant.com\/ro\/#\/schema\/logo\/image\/\",\"url\":\"https:\/\/iwhiteinstant.com\/app\/uploads\/sites\/10\/2024\/08\/Iwhite-logo.png\",\"contentUrl\":\"https:\/\/iwhiteinstant.com\/app\/uploads\/sites\/10\/2024\/08\/Iwhite-logo.png\",\"width\":160,\"height\":40,\"caption\":\"iWhite\"},\"image\":{\"@id\":\"https:\/\/iwhiteinstant.com\/ro\/#\/schema\/logo\/image\/\"}}]}<\/script>\n<!-- \/ Yoast SEO plugin. -->","yoast_head_json":{"title":"Dispozitiv de albire interdentar\u0103, iWhite - iWhite","description":"Dizpozitivul invonator de albire interdentar\u0103 iWhite este \u00eenc\u0103rcat cu activi de albire a din\u021bilor. Formula se bazeaz\u0103 pe tehnologia tripl\u0103 de albire.","robots":{"index":"index","follow":"follow","max-snippet":"max-snippet:-1","max-image-preview":"max-image-preview:large","max-video-preview":"max-video-preview:-1"},"canonical":"https:\/\/iwhiteinstant.com\/ro\/produs\/dispozitiv-de-albire-interdentara-iwhite\/","og_locale":"ro_RO","og_type":"article","og_title":"Dispozitiv de albire interdentar\u0103, iWhite - iWhite","og_description":"Dizpozitivul invonator de albire interdentar\u0103 iWhite este \u00eenc\u0103rcat cu activi de albire a din\u021bilor. Formula se bazeaz\u0103 pe tehnologia tripl\u0103 de albire.","og_url":"https:\/\/iwhiteinstant.com\/ro\/produs\/dispozitiv-de-albire-interdentara-iwhite\/","og_site_name":"iWhite","article_modified_time":"2025-08-27T13:13:00+00:00","og_image":[{"width":800,"height":800,"url":"https:\/\/iwhiteinstant.com\/app\/uploads\/sites\/10\/2024\/08\/iWhite-Interdental-Whitener.png","type":"image\/png"}],"twitter_card":"summary_large_image","twitter_misc":{"Est. reading time":"1 minut"},"schema":{"@context":"https:\/\/schema.org","@graph":[{"@type":"WebPage","@id":"https:\/\/iwhiteinstant.com\/ro\/produs\/dispozitiv-de-albire-interdentara-iwhite\/","url":"https:\/\/iwhiteinstant.com\/ro\/produs\/dispozitiv-de-albire-interdentara-iwhite\/","name":"Dispozitiv de albire interdentar\u0103, iWhite - iWhite","isPartOf":{"@id":"https:\/\/iwhiteinstant.com\/ro\/#website"},"primaryImageOfPage":{"@id":"https:\/\/iwhiteinstant.com\/ro\/produs\/dispozitiv-de-albire-interdentara-iwhite\/#primaryimage"},"image":{"@id":"https:\/\/iwhiteinstant.com\/ro\/produs\/dispozitiv-de-albire-interdentara-iwhite\/#primaryimage"},"thumbnailUrl":"https:\/\/iwhiteinstant.com\/app\/uploads\/sites\/10\/2024\/08\/iWhite-Interdental-Whitener.png","datePublished":"2024-08-19T10:25:42+00:00","dateModified":"2025-08-27T13:13:00+00:00","description":"Dizpozitivul invonator de albire interdentar\u0103 iWhite este \u00eenc\u0103rcat cu activi de albire a din\u021bilor. Formula se bazeaz\u0103 pe tehnologia tripl\u0103 de albire.","breadcrumb":{"@id":"https:\/\/iwhiteinstant.com\/ro\/produs\/dispozitiv-de-albire-interdentara-iwhite\/#breadcrumb"},"inLanguage":"ro-RO","potentialAction":[{"@type":"ReadAction","target":["https:\/\/iwhiteinstant.com\/ro\/produs\/dispozitiv-de-albire-interdentara-iwhite\/"]}]},{"@type":"ImageObject","inLanguage":"ro-RO","@id":"https:\/\/iwhiteinstant.com\/ro\/produs\/dispozitiv-de-albire-interdentara-iwhite\/#primaryimage","url":"https:\/\/iwhiteinstant.com\/app\/uploads\/sites\/10\/2024\/08\/iWhite-Interdental-Whitener.png","contentUrl":"https:\/\/iwhiteinstant.com\/app\/uploads\/sites\/10\/2024\/08\/iWhite-Interdental-Whitener.png","width":800,"height":800,"caption":"Dispozitiv de albire interdentar\u0103, iWhite"},{"@type":"BreadcrumbList","@id":"https:\/\/iwhiteinstant.com\/ro\/produs\/dispozitiv-de-albire-interdentara-iwhite\/#breadcrumb","itemListElement":[{"@type":"ListItem","position":1,"name":"Home","item":"https:\/\/iwhiteinstant.com\/ro\/"},{"@type":"ListItem","position":2,"name":"Gama iWhite","item":"https:\/\/iwhiteinstant.com\/ro\/gama-iwhite\/"},{"@type":"ListItem","position":3,"name":"Dispozitiv de albire interdentar\u0103, iWhite"}]},{"@type":"WebSite","@id":"https:\/\/iwhiteinstant.com\/ro\/#website","url":"https:\/\/iwhiteinstant.com\/ro\/","name":"iWhite","description":"","publisher":{"@id":"https:\/\/iwhiteinstant.com\/ro\/#organization"},"potentialAction":[{"@type":"SearchAction","target":{"@type":"EntryPoint","urlTemplate":"https:\/\/iwhiteinstant.com\/ro\/?s={search_term_string}"},"query-input":{"@type":"PropertyValueSpecification","valueRequired":true,"valueName":"search_term_string"}}],"inLanguage":"ro-RO"},{"@type":"Organization","@id":"https:\/\/iwhiteinstant.com\/ro\/#organization","name":"iWhite","url":"https:\/\/iwhiteinstant.com\/ro\/","logo":{"@type":"ImageObject","inLanguage":"ro-RO","@id":"https:\/\/iwhiteinstant.com\/ro\/#\/schema\/logo\/image\/","url":"https:\/\/iwhiteinstant.com\/app\/uploads\/sites\/10\/2024\/08\/Iwhite-logo.png","contentUrl":"https:\/\/iwhiteinstant.com\/app\/uploads\/sites\/10\/2024\/08\/Iwhite-logo.png","width":160,"height":40,"caption":"iWhite"},"image":{"@id":"https:\/\/iwhiteinstant.com\/ro\/#\/schema\/logo\/image\/"}}]}},"_links":{"self":[{"href":"https:\/\/iwhiteinstant.com\/ro\/wp-json\/wp\/v2\/product\/41","targetHints":{"allow":["GET"]}}],"collection":[{"href":"https:\/\/iwhiteinstant.com\/ro\/wp-json\/wp\/v2\/product"}],"about":[{"href":"https:\/\/iwhiteinstant.com\/ro\/wp-json\/wp\/v2\/types\/product"}],"replies":[{"embeddable":true,"href":"https:\/\/iwhiteinstant.com\/ro\/wp-json\/wp\/v2\/comments?post=41"}],"version-history":[{"count":7,"href":"https:\/\/iwhiteinstant.com\/ro\/wp-json\/wp\/v2\/product\/41\/revisions"}],"predecessor-version":[{"id":292,"href":"https:\/\/iwhiteinstant.com\/ro\/wp-json\/wp\/v2\/product\/41\/revisions\/292"}],"wp:featuredmedia":[{"embeddable":true,"href":"https:\/\/iwhiteinstant.com\/ro\/wp-json\/wp\/v2\/media\/178"}],"wp:attachment":[{"href":"https:\/\/iwhiteinstant.com\/ro\/wp-json\/wp\/v2\/media?parent=41"}],"wp:term":[{"taxonomy":"product_brand","embeddable":true,"href":"https:\/\/iwhiteinstant.com\/ro\/wp-json\/wp\/v2\/product_brand?post=41"},{"taxonomy":"product_cat","embeddable":true,"href":"https:\/\/iwhiteinstant.com\/ro\/wp-json\/wp\/v2\/product_cat?post=41"},{"taxonomy":"product_tag","embeddable":true,"href":"https:\/\/iwhiteinstant.com\/ro\/wp-json\/wp\/v2\/product_tag?post=41"}],"curies":[{"name":"wp","href":"https:\/\/api.w.org\/{rel}","templated":true}]}}