{"id":43,"date":"2024-08-19T10:25:51","date_gmt":"2024-08-19T10:25:51","guid":{"rendered":"https:\/\/iwhiteinstant.com\/ro\/?post_type=product&#038;p=43"},"modified":"2025-01-08T10:48:50","modified_gmt":"2025-01-08T09:48:50","slug":"iwhite-natural-benzi-de-albire-dizolvabile","status":"publish","type":"product","link":"https:\/\/iwhiteinstant.com\/ro\/produs\/iwhite-natural-benzi-de-albire-dizolvabile\/","title":{"rendered":"iWhite Natural, benzi de albire dizolvabile"},"content":{"rendered":"\n<div class=\"wp-block-karopharma-accordions is-style-secondary\"><div class=\"container\">\n<details class=\"wp-block-karopharma-accordion\"><summary><h2 class=\"accordion-title\">Din\u021bi mai str\u0103lucitori \u0219i mai albi datorit\u0103 tehnologiei revolu\u021bionare cu tripl\u0103 ac\u021biune, iWhite:<\/h2><\/summary><div class=\"accordion-content\">\n<p><strong>Din\u021bi mai albi cu p\u00e2n\u0103 la 7 nuna\u021be<br><\/strong>iWhite este un deschiz\u0103tor de drumuri \u00een tehnologia de albire a din\u021bilor f\u0103r\u0103 peroxid de hidrogen. Benzile de albire dizolvabile iWhite Natural sunt formulate cu aceea\u0219i tehnologie iWhite ca toate kiturile noastre performante de albire f\u0103r\u0103 peroxid de hidrogen, ceea ce \u00eenseamn\u0103 c\u0103 este demonstrat clinic c\u0103 sunt sigure \u0219i eficiente. Rezultatul? Un z\u00e2mbet alb str\u0103lucitor, din\u021bi cu p\u00e2n\u0103 la 7 nuan\u021be mai albi!<\/p>\n\n\n\n<p><strong>Infuzat cu activi 100% naturali de albire a din\u021bilor<br><\/strong>Anumite fructe precum papaya \u0219i c\u0103p\u0219unile au puterea de a albi din\u021bii! Iat\u0103 c\u00e2teva informa\u021bii despre aceste fructe cu putere de albire care \u00ee\u021bi ofer\u0103 acel z\u00e2mbet mare \u0219i alb:<\/p>\n\n\n\n<p><strong><mark style=\"background-color:rgba(0, 0, 0, 0)\" class=\"has-inline-color has-secondary-color\">Papaya<\/mark><\/strong> asigur\u0103 \u00eendep\u0103rtarea p\u0103r\u021bii proteice a pl\u0103cii bacteriene, elimin\u00e2nd astfel petele care sunt legate de proteine. Este dovedit clinic c\u0103 are efect de albire dup\u0103 1 aplicare.<\/p>\n\n\n\n<p><strong><mark style=\"background-color:rgba(0, 0, 0, 0)\" class=\"has-inline-color has-secondary-color\">C\u0103p\u0219unile<\/mark><\/strong> sunt, de asemenea, cunoscute ca agen\u021bi naturali puternici de albire. Este demonstrat clinic c\u0103 acestea au efecte de albire a din\u021bilor \u0219i de cur\u0103\u021bare, ajut\u00e2nd la dizolvarea petelor.<\/p>\n<\/div><\/details>\n\n\n\n<details class=\"wp-block-karopharma-accordion\"><summary><h2 class=\"accordion-title\">Albirea din\u021bilor f\u0103r\u0103 efort!<\/h2><\/summary><div class=\"accordion-content\">\n<p>Pur \u0219i simplu pune benzile de albire pe din\u021bi \u0219i las\u0103-le s\u0103 fac\u0103 toat\u0103 treaba. Acestea vor albi din\u021bii \u0219i apoi se vor auto-dizolva. F\u0103r\u0103 agita\u021bie sau complica\u021bii, po\u021bi folosi benzile oric\u00e2nd \u0219i oriunde dore\u0219ti s\u0103 \u00ee\u021bi albe\u0219ti din\u021bii!<\/p>\n\n\n\n<p>Utilizeaz\u0103 timp de 14 zile consecutive pentru cele mai uimitoare &amp; optime rezultate.<\/p>\n<\/div><\/details>\n<\/div><\/div>\n\n\n\n<div class=\"wp-block-karopharma-free-text pt-large pb-none bg-center bg-cover bg-no-repeat\" style=\"background-image:url()\"><div class=\"free-text-wrapper container max-w-medium text-center\">\n<h3 class=\"wp-block-heading is-style-heading-h2 has-primary-color has-text-color\">S-ar putea s\u0103 v\u0103 plac\u0103 \u0219i<\/h3>\n<\/div><\/div>\n","protected":false},"excerpt":{"rendered":"<p>Albe\u0219te din\u021bii oric\u00e2nd \u0219i oriunde!<\/p>\n","protected":false},"featured_media":182,"comment_status":"open","ping_status":"closed","template":"","meta":{"_acf_changed":false,"footnotes":""},"product_brand":[],"product_cat":[22],"product_tag":[],"class_list":{"0":"post-43","1":"product","2":"type-product","3":"status-publish","4":"has-post-thumbnail","6":"product_cat-albire-naturala","8":"first","9":"instock","10":"shipping-taxable","11":"product-type-simple"},"acf":[],"yoast_head":"<!-- This site is optimized with the Yoast SEO plugin v26.6 - https:\/\/yoast.com\/wordpress\/plugins\/seo\/ -->\n<title>iWhite Natural, benzi de albire dizolvabile - iWhite<\/title>\n<meta name=\"description\" content=\"Benzile de albire dizolvabile, iWhite Natural, \u00ee\u021bi albesc \u00een siguran\u021b\u0103 din\u021bii, oric\u00e2nd \u0219i oriunde, f\u0103r\u0103 a fi necesar\u0103 \u00eendep\u0103rtarea lor. \u00cen plus, aceste benzi revolu\u021bionare sunt \u00eenc\u0103rcate cu ingrediente 100% natrurale, bl\u00e2nde cu smal\u021bul dar dure cu petele.\" \/>\n<meta name=\"robots\" content=\"index, follow, max-snippet:-1, max-image-preview:large, max-video-preview:-1\" \/>\n<link rel=\"canonical\" href=\"https:\/\/iwhiteinstant.com\/ro\/produs\/iwhite-natural-benzi-de-albire-dizolvabile\/\" \/>\n<meta property=\"og:locale\" content=\"ro_RO\" \/>\n<meta property=\"og:type\" content=\"article\" \/>\n<meta property=\"og:title\" content=\"iWhite Natural, benzi de albire dizolvabile - iWhite\" \/>\n<meta property=\"og:description\" content=\"Benzile de albire dizolvabile, iWhite Natural, \u00ee\u021bi albesc \u00een siguran\u021b\u0103 din\u021bii, oric\u00e2nd \u0219i oriunde, f\u0103r\u0103 a fi necesar\u0103 \u00eendep\u0103rtarea lor. \u00cen plus, aceste benzi revolu\u021bionare sunt \u00eenc\u0103rcate cu ingrediente 100% natrurale, bl\u00e2nde cu smal\u021bul dar dure cu petele.\" \/>\n<meta property=\"og:url\" content=\"https:\/\/iwhiteinstant.com\/ro\/produs\/iwhite-natural-benzi-de-albire-dizolvabile\/\" \/>\n<meta property=\"og:site_name\" content=\"iWhite\" \/>\n<meta property=\"article:modified_time\" content=\"2025-01-08T09:48:50+00:00\" \/>\n<meta property=\"og:image\" content=\"https:\/\/iwhiteinstant.com\/app\/uploads\/sites\/10\/2024\/08\/iWhite-Natural-Dissolving-Whitening-Strips.png\" \/>\n\t<meta property=\"og:image:width\" content=\"800\" \/>\n\t<meta property=\"og:image:height\" content=\"800\" \/>\n\t<meta property=\"og:image:type\" content=\"image\/png\" \/>\n<meta name=\"twitter:card\" content=\"summary_large_image\" \/>\n<meta name=\"twitter:label1\" content=\"Est. reading time\" \/>\n\t<meta name=\"twitter:data1\" content=\"3 minute\" \/>\n<script type=\"application\/ld+json\" class=\"yoast-schema-graph\">{\"@context\":\"https:\/\/schema.org\",\"@graph\":[{\"@type\":\"WebPage\",\"@id\":\"https:\/\/iwhiteinstant.com\/ro\/produs\/iwhite-natural-benzi-de-albire-dizolvabile\/\",\"url\":\"https:\/\/iwhiteinstant.com\/ro\/produs\/iwhite-natural-benzi-de-albire-dizolvabile\/\",\"name\":\"iWhite Natural, benzi de albire dizolvabile - iWhite\",\"isPartOf\":{\"@id\":\"https:\/\/iwhiteinstant.com\/ro\/#website\"},\"primaryImageOfPage\":{\"@id\":\"https:\/\/iwhiteinstant.com\/ro\/produs\/iwhite-natural-benzi-de-albire-dizolvabile\/#primaryimage\"},\"image\":{\"@id\":\"https:\/\/iwhiteinstant.com\/ro\/produs\/iwhite-natural-benzi-de-albire-dizolvabile\/#primaryimage\"},\"thumbnailUrl\":\"https:\/\/iwhiteinstant.com\/app\/uploads\/sites\/10\/2024\/08\/iWhite-Natural-Dissolving-Whitening-Strips.png\",\"datePublished\":\"2024-08-19T10:25:51+00:00\",\"dateModified\":\"2025-01-08T09:48:50+00:00\",\"description\":\"Benzile de albire dizolvabile, iWhite Natural, \u00ee\u021bi albesc \u00een siguran\u021b\u0103 din\u021bii, oric\u00e2nd \u0219i oriunde, f\u0103r\u0103 a fi necesar\u0103 \u00eendep\u0103rtarea lor. \u00cen plus, aceste benzi revolu\u021bionare sunt \u00eenc\u0103rcate cu ingrediente 100% natrurale, bl\u00e2nde cu smal\u021bul dar dure cu petele.\",\"breadcrumb\":{\"@id\":\"https:\/\/iwhiteinstant.com\/ro\/produs\/iwhite-natural-benzi-de-albire-dizolvabile\/#breadcrumb\"},\"inLanguage\":\"ro-RO\",\"potentialAction\":[{\"@type\":\"ReadAction\",\"target\":[\"https:\/\/iwhiteinstant.com\/ro\/produs\/iwhite-natural-benzi-de-albire-dizolvabile\/\"]}]},{\"@type\":\"ImageObject\",\"inLanguage\":\"ro-RO\",\"@id\":\"https:\/\/iwhiteinstant.com\/ro\/produs\/iwhite-natural-benzi-de-albire-dizolvabile\/#primaryimage\",\"url\":\"https:\/\/iwhiteinstant.com\/app\/uploads\/sites\/10\/2024\/08\/iWhite-Natural-Dissolving-Whitening-Strips.png\",\"contentUrl\":\"https:\/\/iwhiteinstant.com\/app\/uploads\/sites\/10\/2024\/08\/iWhite-Natural-Dissolving-Whitening-Strips.png\",\"width\":800,\"height\":800,\"caption\":\"iWhite Natural, benzi de albire dizolvabile\"},{\"@type\":\"BreadcrumbList\",\"@id\":\"https:\/\/iwhiteinstant.com\/ro\/produs\/iwhite-natural-benzi-de-albire-dizolvabile\/#breadcrumb\",\"itemListElement\":[{\"@type\":\"ListItem\",\"position\":1,\"name\":\"Home\",\"item\":\"https:\/\/iwhiteinstant.com\/ro\/\"},{\"@type\":\"ListItem\",\"position\":2,\"name\":\"Gama iWhite\",\"item\":\"https:\/\/iwhiteinstant.com\/ro\/gama-iwhite\/\"},{\"@type\":\"ListItem\",\"position\":3,\"name\":\"iWhite Natural, benzi de albire dizolvabile\"}]},{\"@type\":\"WebSite\",\"@id\":\"https:\/\/iwhiteinstant.com\/ro\/#website\",\"url\":\"https:\/\/iwhiteinstant.com\/ro\/\",\"name\":\"iWhite\",\"description\":\"\",\"publisher\":{\"@id\":\"https:\/\/iwhiteinstant.com\/ro\/#organization\"},\"potentialAction\":[{\"@type\":\"SearchAction\",\"target\":{\"@type\":\"EntryPoint\",\"urlTemplate\":\"https:\/\/iwhiteinstant.com\/ro\/?s={search_term_string}\"},\"query-input\":{\"@type\":\"PropertyValueSpecification\",\"valueRequired\":true,\"valueName\":\"search_term_string\"}}],\"inLanguage\":\"ro-RO\"},{\"@type\":\"Organization\",\"@id\":\"https:\/\/iwhiteinstant.com\/ro\/#organization\",\"name\":\"iWhite\",\"url\":\"https:\/\/iwhiteinstant.com\/ro\/\",\"logo\":{\"@type\":\"ImageObject\",\"inLanguage\":\"ro-RO\",\"@id\":\"https:\/\/iwhiteinstant.com\/ro\/#\/schema\/logo\/image\/\",\"url\":\"https:\/\/iwhiteinstant.com\/app\/uploads\/sites\/10\/2024\/08\/Iwhite-logo.png\",\"contentUrl\":\"https:\/\/iwhiteinstant.com\/app\/uploads\/sites\/10\/2024\/08\/Iwhite-logo.png\",\"width\":160,\"height\":40,\"caption\":\"iWhite\"},\"image\":{\"@id\":\"https:\/\/iwhiteinstant.com\/ro\/#\/schema\/logo\/image\/\"}}]}<\/script>\n<!-- \/ Yoast SEO plugin. -->","yoast_head_json":{"title":"iWhite Natural, benzi de albire dizolvabile - iWhite","description":"Benzile de albire dizolvabile, iWhite Natural, \u00ee\u021bi albesc \u00een siguran\u021b\u0103 din\u021bii, oric\u00e2nd \u0219i oriunde, f\u0103r\u0103 a fi necesar\u0103 \u00eendep\u0103rtarea lor. \u00cen plus, aceste benzi revolu\u021bionare sunt \u00eenc\u0103rcate cu ingrediente 100% natrurale, bl\u00e2nde cu smal\u021bul dar dure cu petele.","robots":{"index":"index","follow":"follow","max-snippet":"max-snippet:-1","max-image-preview":"max-image-preview:large","max-video-preview":"max-video-preview:-1"},"canonical":"https:\/\/iwhiteinstant.com\/ro\/produs\/iwhite-natural-benzi-de-albire-dizolvabile\/","og_locale":"ro_RO","og_type":"article","og_title":"iWhite Natural, benzi de albire dizolvabile - iWhite","og_description":"Benzile de albire dizolvabile, iWhite Natural, \u00ee\u021bi albesc \u00een siguran\u021b\u0103 din\u021bii, oric\u00e2nd \u0219i oriunde, f\u0103r\u0103 a fi necesar\u0103 \u00eendep\u0103rtarea lor. \u00cen plus, aceste benzi revolu\u021bionare sunt \u00eenc\u0103rcate cu ingrediente 100% natrurale, bl\u00e2nde cu smal\u021bul dar dure cu petele.","og_url":"https:\/\/iwhiteinstant.com\/ro\/produs\/iwhite-natural-benzi-de-albire-dizolvabile\/","og_site_name":"iWhite","article_modified_time":"2025-01-08T09:48:50+00:00","og_image":[{"width":800,"height":800,"url":"https:\/\/iwhiteinstant.com\/app\/uploads\/sites\/10\/2024\/08\/iWhite-Natural-Dissolving-Whitening-Strips.png","type":"image\/png"}],"twitter_card":"summary_large_image","twitter_misc":{"Est. reading time":"3 minute"},"schema":{"@context":"https:\/\/schema.org","@graph":[{"@type":"WebPage","@id":"https:\/\/iwhiteinstant.com\/ro\/produs\/iwhite-natural-benzi-de-albire-dizolvabile\/","url":"https:\/\/iwhiteinstant.com\/ro\/produs\/iwhite-natural-benzi-de-albire-dizolvabile\/","name":"iWhite Natural, benzi de albire dizolvabile - iWhite","isPartOf":{"@id":"https:\/\/iwhiteinstant.com\/ro\/#website"},"primaryImageOfPage":{"@id":"https:\/\/iwhiteinstant.com\/ro\/produs\/iwhite-natural-benzi-de-albire-dizolvabile\/#primaryimage"},"image":{"@id":"https:\/\/iwhiteinstant.com\/ro\/produs\/iwhite-natural-benzi-de-albire-dizolvabile\/#primaryimage"},"thumbnailUrl":"https:\/\/iwhiteinstant.com\/app\/uploads\/sites\/10\/2024\/08\/iWhite-Natural-Dissolving-Whitening-Strips.png","datePublished":"2024-08-19T10:25:51+00:00","dateModified":"2025-01-08T09:48:50+00:00","description":"Benzile de albire dizolvabile, iWhite Natural, \u00ee\u021bi albesc \u00een siguran\u021b\u0103 din\u021bii, oric\u00e2nd \u0219i oriunde, f\u0103r\u0103 a fi necesar\u0103 \u00eendep\u0103rtarea lor. \u00cen plus, aceste benzi revolu\u021bionare sunt \u00eenc\u0103rcate cu ingrediente 100% natrurale, bl\u00e2nde cu smal\u021bul dar dure cu petele.","breadcrumb":{"@id":"https:\/\/iwhiteinstant.com\/ro\/produs\/iwhite-natural-benzi-de-albire-dizolvabile\/#breadcrumb"},"inLanguage":"ro-RO","potentialAction":[{"@type":"ReadAction","target":["https:\/\/iwhiteinstant.com\/ro\/produs\/iwhite-natural-benzi-de-albire-dizolvabile\/"]}]},{"@type":"ImageObject","inLanguage":"ro-RO","@id":"https:\/\/iwhiteinstant.com\/ro\/produs\/iwhite-natural-benzi-de-albire-dizolvabile\/#primaryimage","url":"https:\/\/iwhiteinstant.com\/app\/uploads\/sites\/10\/2024\/08\/iWhite-Natural-Dissolving-Whitening-Strips.png","contentUrl":"https:\/\/iwhiteinstant.com\/app\/uploads\/sites\/10\/2024\/08\/iWhite-Natural-Dissolving-Whitening-Strips.png","width":800,"height":800,"caption":"iWhite Natural, benzi de albire dizolvabile"},{"@type":"BreadcrumbList","@id":"https:\/\/iwhiteinstant.com\/ro\/produs\/iwhite-natural-benzi-de-albire-dizolvabile\/#breadcrumb","itemListElement":[{"@type":"ListItem","position":1,"name":"Home","item":"https:\/\/iwhiteinstant.com\/ro\/"},{"@type":"ListItem","position":2,"name":"Gama iWhite","item":"https:\/\/iwhiteinstant.com\/ro\/gama-iwhite\/"},{"@type":"ListItem","position":3,"name":"iWhite Natural, benzi de albire dizolvabile"}]},{"@type":"WebSite","@id":"https:\/\/iwhiteinstant.com\/ro\/#website","url":"https:\/\/iwhiteinstant.com\/ro\/","name":"iWhite","description":"","publisher":{"@id":"https:\/\/iwhiteinstant.com\/ro\/#organization"},"potentialAction":[{"@type":"SearchAction","target":{"@type":"EntryPoint","urlTemplate":"https:\/\/iwhiteinstant.com\/ro\/?s={search_term_string}"},"query-input":{"@type":"PropertyValueSpecification","valueRequired":true,"valueName":"search_term_string"}}],"inLanguage":"ro-RO"},{"@type":"Organization","@id":"https:\/\/iwhiteinstant.com\/ro\/#organization","name":"iWhite","url":"https:\/\/iwhiteinstant.com\/ro\/","logo":{"@type":"ImageObject","inLanguage":"ro-RO","@id":"https:\/\/iwhiteinstant.com\/ro\/#\/schema\/logo\/image\/","url":"https:\/\/iwhiteinstant.com\/app\/uploads\/sites\/10\/2024\/08\/Iwhite-logo.png","contentUrl":"https:\/\/iwhiteinstant.com\/app\/uploads\/sites\/10\/2024\/08\/Iwhite-logo.png","width":160,"height":40,"caption":"iWhite"},"image":{"@id":"https:\/\/iwhiteinstant.com\/ro\/#\/schema\/logo\/image\/"}}]}},"_links":{"self":[{"href":"https:\/\/iwhiteinstant.com\/ro\/wp-json\/wp\/v2\/product\/43","targetHints":{"allow":["GET"]}}],"collection":[{"href":"https:\/\/iwhiteinstant.com\/ro\/wp-json\/wp\/v2\/product"}],"about":[{"href":"https:\/\/iwhiteinstant.com\/ro\/wp-json\/wp\/v2\/types\/product"}],"replies":[{"embeddable":true,"href":"https:\/\/iwhiteinstant.com\/ro\/wp-json\/wp\/v2\/comments?post=43"}],"version-history":[{"count":9,"href":"https:\/\/iwhiteinstant.com\/ro\/wp-json\/wp\/v2\/product\/43\/revisions"}],"predecessor-version":[{"id":273,"href":"https:\/\/iwhiteinstant.com\/ro\/wp-json\/wp\/v2\/product\/43\/revisions\/273"}],"wp:featuredmedia":[{"embeddable":true,"href":"https:\/\/iwhiteinstant.com\/ro\/wp-json\/wp\/v2\/media\/182"}],"wp:attachment":[{"href":"https:\/\/iwhiteinstant.com\/ro\/wp-json\/wp\/v2\/media?parent=43"}],"wp:term":[{"taxonomy":"product_brand","embeddable":true,"href":"https:\/\/iwhiteinstant.com\/ro\/wp-json\/wp\/v2\/product_brand?post=43"},{"taxonomy":"product_cat","embeddable":true,"href":"https:\/\/iwhiteinstant.com\/ro\/wp-json\/wp\/v2\/product_cat?post=43"},{"taxonomy":"product_tag","embeddable":true,"href":"https:\/\/iwhiteinstant.com\/ro\/wp-json\/wp\/v2\/product_tag?post=43"}],"curies":[{"name":"wp","href":"https:\/\/api.w.org\/{rel}","templated":true}]}}