{"id":45,"date":"2024-08-19T10:26:02","date_gmt":"2024-08-19T10:26:02","guid":{"rendered":"https:\/\/iwhiteinstant.com\/ro\/?post_type=product&#038;p=45"},"modified":"2025-08-27T15:14:32","modified_gmt":"2025-08-27T13:14:32","slug":"kit-de-albire-iwhite-glow","status":"publish","type":"product","link":"https:\/\/iwhiteinstant.com\/ro\/produs\/kit-de-albire-iwhite-glow\/","title":{"rendered":"Kit de albire iWhite Glow"},"content":{"rendered":"\n<section class=\"wp-block-karopharma-image-with-text image-with-text image-with-text__not-full-width is-style-primary\"><div class=\"image-with-text-container \"><div class=\"image-with-text-container-image-container\"><img decoding=\"async\" loading=\"lazy\" src=\"https:\/\/iwhiteinstant.com\/cdn-cgi\/image\/format=auto\/app\/uploads\/sites\/10\/2024\/08\/whitening-kit-mirror-large.jpg\" alt=\"whitening-kit-mirror-large\"\/><\/div><div class=\"image-with-text-container-content\" style=\"text-align:left\" data-test=\"content\"><div class=\"content\"><h2>Ce face ca iWhite Glow s\u0103 fie diferit?<\/h2><p class=\"body\" data-test=\"body\">Gutierele iWhite con\u021bin un gel unic de albire \u00een care tehnologia iWhite este infuzat\u0103 cu ingrediente naturale de str\u0103lucire \u0219i particule de diamant.<br><br>Pe de o parte, tehnologia iWhite \u00ee\u021bi ofer\u0103 din\u021bi mai albi cu p\u00e2n\u0103 la 8 nuan\u021be. Pe de alt\u0103 parte, sclipirile de diamant, cristalele albastre \u0219i particulele str\u0103lucitoare \u00ee\u021bi vor lumina din\u021bii \u00eentr-un mod natural.<br><br>Combinarea tehnologiei iWhite cu aceste 3 ingrediente va da un impuls z\u00e2mbetului t\u0103u alb.<br><br>Este important s\u0103 \u0219tii c\u0103 iWhite este 100% sigur. iWhite Glow con\u021bine ingrediente dovedite clinic \u0219i este 100% f\u0103r\u0103 peroxid de hidrogen. F\u0103r\u0103 efecte secundare, doar un z\u00e2mbet alb str\u0103lucitor!<\/p>\n<div class=\"wp-block-buttons is-layout-flex wp-block-buttons-is-layout-flex\"><\/div>\n<\/div><\/div><\/div><\/section>\n\n\n\n<div class=\"wp-block-karopharma-free-text pt-large pb-none bg-center bg-cover bg-no-repeat\" style=\"background-image:url()\"><div class=\"free-text-wrapper container max-w-medium text-center\">\n<h3 class=\"wp-block-heading is-style-heading-h2 has-primary-color has-text-color\">S-ar putea s\u0103 v\u0103 plac\u0103 \u0219i<\/h3>\n<\/div><\/div>\n","protected":false},"excerpt":{"rendered":"<p>Efect de str\u0103lucire zi \u0219i noapte<\/p>\n","protected":false},"featured_media":144,"comment_status":"open","ping_status":"closed","template":"","meta":{"_acf_changed":false,"footnotes":""},"product_brand":[],"product_cat":[19],"product_tag":[],"class_list":{"0":"post-45","1":"product","2":"type-product","3":"status-publish","4":"has-post-thumbnail","6":"product_cat-kit-de-albire","8":"first","9":"instock","10":"shipping-taxable","11":"product-type-simple"},"acf":[],"yoast_head":"<!-- This site is optimized with the Yoast SEO plugin v26.6 - https:\/\/yoast.com\/wordpress\/plugins\/seo\/ -->\n<title>Kit de albire iWhite Glow - iWhite<\/title>\n<meta name=\"description\" content=\"Un Kit de albire nou \u0219i revolu\u021bionar care \u00ee\u021bi va face din\u021bii cu p\u00e2n\u0103 la 8 nuan\u021be mai albi... dar \u00eei face \u0219i str\u0103lucitori \u0219i lumino\u0219i? Noi \u00ee\u021bi oferim solu\u021bia.\" \/>\n<meta name=\"robots\" content=\"index, follow, max-snippet:-1, max-image-preview:large, max-video-preview:-1\" \/>\n<link rel=\"canonical\" href=\"https:\/\/iwhiteinstant.com\/ro\/produs\/kit-de-albire-iwhite-glow\/\" \/>\n<meta property=\"og:locale\" content=\"ro_RO\" \/>\n<meta property=\"og:type\" content=\"article\" \/>\n<meta property=\"og:title\" content=\"Kit de albire iWhite Glow - iWhite\" \/>\n<meta property=\"og:description\" content=\"Un Kit de albire nou \u0219i revolu\u021bionar care \u00ee\u021bi va face din\u021bii cu p\u00e2n\u0103 la 8 nuan\u021be mai albi... dar \u00eei face \u0219i str\u0103lucitori \u0219i lumino\u0219i? Noi \u00ee\u021bi oferim solu\u021bia.\" \/>\n<meta property=\"og:url\" content=\"https:\/\/iwhiteinstant.com\/ro\/produs\/kit-de-albire-iwhite-glow\/\" \/>\n<meta property=\"og:site_name\" content=\"iWhite\" \/>\n<meta property=\"article:modified_time\" content=\"2025-08-27T13:14:32+00:00\" \/>\n<meta property=\"og:image\" content=\"https:\/\/iwhiteinstant.com\/app\/uploads\/sites\/10\/2024\/08\/iWhite-Glow-whitening-kit.png\" \/>\n\t<meta property=\"og:image:width\" content=\"800\" \/>\n\t<meta property=\"og:image:height\" content=\"800\" \/>\n\t<meta property=\"og:image:type\" content=\"image\/png\" \/>\n<meta name=\"twitter:card\" content=\"summary_large_image\" \/>\n<meta name=\"twitter:label1\" content=\"Est. reading time\" \/>\n\t<meta name=\"twitter:data1\" content=\"2 minute\" \/>\n<script type=\"application\/ld+json\" class=\"yoast-schema-graph\">{\"@context\":\"https:\/\/schema.org\",\"@graph\":[{\"@type\":\"WebPage\",\"@id\":\"https:\/\/iwhiteinstant.com\/ro\/produs\/kit-de-albire-iwhite-glow\/\",\"url\":\"https:\/\/iwhiteinstant.com\/ro\/produs\/kit-de-albire-iwhite-glow\/\",\"name\":\"Kit de albire iWhite Glow - iWhite\",\"isPartOf\":{\"@id\":\"https:\/\/iwhiteinstant.com\/ro\/#website\"},\"primaryImageOfPage\":{\"@id\":\"https:\/\/iwhiteinstant.com\/ro\/produs\/kit-de-albire-iwhite-glow\/#primaryimage\"},\"image\":{\"@id\":\"https:\/\/iwhiteinstant.com\/ro\/produs\/kit-de-albire-iwhite-glow\/#primaryimage\"},\"thumbnailUrl\":\"https:\/\/iwhiteinstant.com\/app\/uploads\/sites\/10\/2024\/08\/iWhite-Glow-whitening-kit.png\",\"datePublished\":\"2024-08-19T10:26:02+00:00\",\"dateModified\":\"2025-08-27T13:14:32+00:00\",\"description\":\"Un Kit de albire nou \u0219i revolu\u021bionar care \u00ee\u021bi va face din\u021bii cu p\u00e2n\u0103 la 8 nuan\u021be mai albi... dar \u00eei face \u0219i str\u0103lucitori \u0219i lumino\u0219i? Noi \u00ee\u021bi oferim solu\u021bia.\",\"breadcrumb\":{\"@id\":\"https:\/\/iwhiteinstant.com\/ro\/produs\/kit-de-albire-iwhite-glow\/#breadcrumb\"},\"inLanguage\":\"ro-RO\",\"potentialAction\":[{\"@type\":\"ReadAction\",\"target\":[\"https:\/\/iwhiteinstant.com\/ro\/produs\/kit-de-albire-iwhite-glow\/\"]}]},{\"@type\":\"ImageObject\",\"inLanguage\":\"ro-RO\",\"@id\":\"https:\/\/iwhiteinstant.com\/ro\/produs\/kit-de-albire-iwhite-glow\/#primaryimage\",\"url\":\"https:\/\/iwhiteinstant.com\/app\/uploads\/sites\/10\/2024\/08\/iWhite-Glow-whitening-kit.png\",\"contentUrl\":\"https:\/\/iwhiteinstant.com\/app\/uploads\/sites\/10\/2024\/08\/iWhite-Glow-whitening-kit.png\",\"width\":800,\"height\":800,\"caption\":\"iWhite-Glow-whitening-kit\"},{\"@type\":\"BreadcrumbList\",\"@id\":\"https:\/\/iwhiteinstant.com\/ro\/produs\/kit-de-albire-iwhite-glow\/#breadcrumb\",\"itemListElement\":[{\"@type\":\"ListItem\",\"position\":1,\"name\":\"Home\",\"item\":\"https:\/\/iwhiteinstant.com\/ro\/\"},{\"@type\":\"ListItem\",\"position\":2,\"name\":\"Gama iWhite\",\"item\":\"https:\/\/iwhiteinstant.com\/ro\/gama-iwhite\/\"},{\"@type\":\"ListItem\",\"position\":3,\"name\":\"Kit de albire iWhite Glow\"}]},{\"@type\":\"WebSite\",\"@id\":\"https:\/\/iwhiteinstant.com\/ro\/#website\",\"url\":\"https:\/\/iwhiteinstant.com\/ro\/\",\"name\":\"iWhite\",\"description\":\"\",\"publisher\":{\"@id\":\"https:\/\/iwhiteinstant.com\/ro\/#organization\"},\"potentialAction\":[{\"@type\":\"SearchAction\",\"target\":{\"@type\":\"EntryPoint\",\"urlTemplate\":\"https:\/\/iwhiteinstant.com\/ro\/?s={search_term_string}\"},\"query-input\":{\"@type\":\"PropertyValueSpecification\",\"valueRequired\":true,\"valueName\":\"search_term_string\"}}],\"inLanguage\":\"ro-RO\"},{\"@type\":\"Organization\",\"@id\":\"https:\/\/iwhiteinstant.com\/ro\/#organization\",\"name\":\"iWhite\",\"url\":\"https:\/\/iwhiteinstant.com\/ro\/\",\"logo\":{\"@type\":\"ImageObject\",\"inLanguage\":\"ro-RO\",\"@id\":\"https:\/\/iwhiteinstant.com\/ro\/#\/schema\/logo\/image\/\",\"url\":\"https:\/\/iwhiteinstant.com\/app\/uploads\/sites\/10\/2024\/08\/Iwhite-logo.png\",\"contentUrl\":\"https:\/\/iwhiteinstant.com\/app\/uploads\/sites\/10\/2024\/08\/Iwhite-logo.png\",\"width\":160,\"height\":40,\"caption\":\"iWhite\"},\"image\":{\"@id\":\"https:\/\/iwhiteinstant.com\/ro\/#\/schema\/logo\/image\/\"}}]}<\/script>\n<!-- \/ Yoast SEO plugin. -->","yoast_head_json":{"title":"Kit de albire iWhite Glow - iWhite","description":"Un Kit de albire nou \u0219i revolu\u021bionar care \u00ee\u021bi va face din\u021bii cu p\u00e2n\u0103 la 8 nuan\u021be mai albi... dar \u00eei face \u0219i str\u0103lucitori \u0219i lumino\u0219i? Noi \u00ee\u021bi oferim solu\u021bia.","robots":{"index":"index","follow":"follow","max-snippet":"max-snippet:-1","max-image-preview":"max-image-preview:large","max-video-preview":"max-video-preview:-1"},"canonical":"https:\/\/iwhiteinstant.com\/ro\/produs\/kit-de-albire-iwhite-glow\/","og_locale":"ro_RO","og_type":"article","og_title":"Kit de albire iWhite Glow - iWhite","og_description":"Un Kit de albire nou \u0219i revolu\u021bionar care \u00ee\u021bi va face din\u021bii cu p\u00e2n\u0103 la 8 nuan\u021be mai albi... dar \u00eei face \u0219i str\u0103lucitori \u0219i lumino\u0219i? Noi \u00ee\u021bi oferim solu\u021bia.","og_url":"https:\/\/iwhiteinstant.com\/ro\/produs\/kit-de-albire-iwhite-glow\/","og_site_name":"iWhite","article_modified_time":"2025-08-27T13:14:32+00:00","og_image":[{"width":800,"height":800,"url":"https:\/\/iwhiteinstant.com\/app\/uploads\/sites\/10\/2024\/08\/iWhite-Glow-whitening-kit.png","type":"image\/png"}],"twitter_card":"summary_large_image","twitter_misc":{"Est. reading time":"2 minute"},"schema":{"@context":"https:\/\/schema.org","@graph":[{"@type":"WebPage","@id":"https:\/\/iwhiteinstant.com\/ro\/produs\/kit-de-albire-iwhite-glow\/","url":"https:\/\/iwhiteinstant.com\/ro\/produs\/kit-de-albire-iwhite-glow\/","name":"Kit de albire iWhite Glow - iWhite","isPartOf":{"@id":"https:\/\/iwhiteinstant.com\/ro\/#website"},"primaryImageOfPage":{"@id":"https:\/\/iwhiteinstant.com\/ro\/produs\/kit-de-albire-iwhite-glow\/#primaryimage"},"image":{"@id":"https:\/\/iwhiteinstant.com\/ro\/produs\/kit-de-albire-iwhite-glow\/#primaryimage"},"thumbnailUrl":"https:\/\/iwhiteinstant.com\/app\/uploads\/sites\/10\/2024\/08\/iWhite-Glow-whitening-kit.png","datePublished":"2024-08-19T10:26:02+00:00","dateModified":"2025-08-27T13:14:32+00:00","description":"Un Kit de albire nou \u0219i revolu\u021bionar care \u00ee\u021bi va face din\u021bii cu p\u00e2n\u0103 la 8 nuan\u021be mai albi... dar \u00eei face \u0219i str\u0103lucitori \u0219i lumino\u0219i? Noi \u00ee\u021bi oferim solu\u021bia.","breadcrumb":{"@id":"https:\/\/iwhiteinstant.com\/ro\/produs\/kit-de-albire-iwhite-glow\/#breadcrumb"},"inLanguage":"ro-RO","potentialAction":[{"@type":"ReadAction","target":["https:\/\/iwhiteinstant.com\/ro\/produs\/kit-de-albire-iwhite-glow\/"]}]},{"@type":"ImageObject","inLanguage":"ro-RO","@id":"https:\/\/iwhiteinstant.com\/ro\/produs\/kit-de-albire-iwhite-glow\/#primaryimage","url":"https:\/\/iwhiteinstant.com\/app\/uploads\/sites\/10\/2024\/08\/iWhite-Glow-whitening-kit.png","contentUrl":"https:\/\/iwhiteinstant.com\/app\/uploads\/sites\/10\/2024\/08\/iWhite-Glow-whitening-kit.png","width":800,"height":800,"caption":"iWhite-Glow-whitening-kit"},{"@type":"BreadcrumbList","@id":"https:\/\/iwhiteinstant.com\/ro\/produs\/kit-de-albire-iwhite-glow\/#breadcrumb","itemListElement":[{"@type":"ListItem","position":1,"name":"Home","item":"https:\/\/iwhiteinstant.com\/ro\/"},{"@type":"ListItem","position":2,"name":"Gama iWhite","item":"https:\/\/iwhiteinstant.com\/ro\/gama-iwhite\/"},{"@type":"ListItem","position":3,"name":"Kit de albire iWhite Glow"}]},{"@type":"WebSite","@id":"https:\/\/iwhiteinstant.com\/ro\/#website","url":"https:\/\/iwhiteinstant.com\/ro\/","name":"iWhite","description":"","publisher":{"@id":"https:\/\/iwhiteinstant.com\/ro\/#organization"},"potentialAction":[{"@type":"SearchAction","target":{"@type":"EntryPoint","urlTemplate":"https:\/\/iwhiteinstant.com\/ro\/?s={search_term_string}"},"query-input":{"@type":"PropertyValueSpecification","valueRequired":true,"valueName":"search_term_string"}}],"inLanguage":"ro-RO"},{"@type":"Organization","@id":"https:\/\/iwhiteinstant.com\/ro\/#organization","name":"iWhite","url":"https:\/\/iwhiteinstant.com\/ro\/","logo":{"@type":"ImageObject","inLanguage":"ro-RO","@id":"https:\/\/iwhiteinstant.com\/ro\/#\/schema\/logo\/image\/","url":"https:\/\/iwhiteinstant.com\/app\/uploads\/sites\/10\/2024\/08\/Iwhite-logo.png","contentUrl":"https:\/\/iwhiteinstant.com\/app\/uploads\/sites\/10\/2024\/08\/Iwhite-logo.png","width":160,"height":40,"caption":"iWhite"},"image":{"@id":"https:\/\/iwhiteinstant.com\/ro\/#\/schema\/logo\/image\/"}}]}},"_links":{"self":[{"href":"https:\/\/iwhiteinstant.com\/ro\/wp-json\/wp\/v2\/product\/45","targetHints":{"allow":["GET"]}}],"collection":[{"href":"https:\/\/iwhiteinstant.com\/ro\/wp-json\/wp\/v2\/product"}],"about":[{"href":"https:\/\/iwhiteinstant.com\/ro\/wp-json\/wp\/v2\/types\/product"}],"replies":[{"embeddable":true,"href":"https:\/\/iwhiteinstant.com\/ro\/wp-json\/wp\/v2\/comments?post=45"}],"version-history":[{"count":8,"href":"https:\/\/iwhiteinstant.com\/ro\/wp-json\/wp\/v2\/product\/45\/revisions"}],"predecessor-version":[{"id":293,"href":"https:\/\/iwhiteinstant.com\/ro\/wp-json\/wp\/v2\/product\/45\/revisions\/293"}],"wp:featuredmedia":[{"embeddable":true,"href":"https:\/\/iwhiteinstant.com\/ro\/wp-json\/wp\/v2\/media\/144"}],"wp:attachment":[{"href":"https:\/\/iwhiteinstant.com\/ro\/wp-json\/wp\/v2\/media?parent=45"}],"wp:term":[{"taxonomy":"product_brand","embeddable":true,"href":"https:\/\/iwhiteinstant.com\/ro\/wp-json\/wp\/v2\/product_brand?post=45"},{"taxonomy":"product_cat","embeddable":true,"href":"https:\/\/iwhiteinstant.com\/ro\/wp-json\/wp\/v2\/product_cat?post=45"},{"taxonomy":"product_tag","embeddable":true,"href":"https:\/\/iwhiteinstant.com\/ro\/wp-json\/wp\/v2\/product_tag?post=45"}],"curies":[{"name":"wp","href":"https:\/\/api.w.org\/{rel}","templated":true}]}}