{"id":47,"date":"2024-08-19T10:26:12","date_gmt":"2024-08-19T10:26:12","guid":{"rendered":"https:\/\/iwhiteinstant.com\/ro\/?post_type=product&#038;p=47"},"modified":"2025-08-27T15:11:10","modified_gmt":"2025-08-27T13:11:10","slug":"kit-de-albire-iwhite-dark-stains","status":"publish","type":"product","link":"https:\/\/iwhiteinstant.com\/ro\/produs\/kit-de-albire-iwhite-dark-stains\/","title":{"rendered":"Kit de albire iWhite Dark Stains"},"content":{"rendered":"\n<div style=\"height:100px\" aria-hidden=\"true\" class=\"wp-block-spacer is-style-responsive-small\"><\/div>\n\n\n\n<section class=\"wp-block-karopharma-image-with-text image-with-text image-with-text__not-full-width is-style-primary\"><div class=\"image-with-text-container \"><div class=\"image-with-text-container-image-container\"><img decoding=\"async\" loading=\"lazy\" src=\"https:\/\/iwhiteinstant.com\/cdn-cgi\/image\/format=auto\/app\/uploads\/sites\/10\/2024\/08\/iwhite-dark-stains-image.jpg\" alt=\"iwhite-dark-stains-image\"\/><\/div><div class=\"image-with-text-container-content\" style=\"text-align:left\" data-test=\"content\"><div class=\"content\"><h2>Te bucuri de cea\u0219ca ta de cafea sau ceai \u00een timp ce ai un z\u00e2mbet alb \u0219i str\u0103lucitor?<\/h2><p class=\"body\" data-test=\"body\">Nu mai ai nicio grij\u0103 datorit\u0103 acestui kit de albire revolu\u021bionar care este, de asemenea, foarte u\u0219or de utilizat, ceea ce \u00eenseamn\u0103: f\u0103r\u0103 preparare cu geluri sau amestecarea ingredientelor \u0219i dureaz\u0103 doar 20 de minute pe zi!<br><br>Gutierele de unic\u0103 folosin\u021b\u0103 iWhite sunt sub\u021biri \u0219i flexibile pentru a asigura o potrivire confortabil\u0103 \u0219i o performan\u021b\u0103 maxim\u0103. Acestea con\u021bin un gel de albire nou, revolu\u021bionar, infuzat cu c\u0103rbune activ. Acest ingredient activ unic neutralizeaz\u0103 \u0219i elimin\u0103 petele \u00eentunecate de la cafea, ceai, tutun \u0219i vin ro\u0219u! O formul\u0103 inovatoare bazat\u0103 pe o tehnologie care s-a dovedit a fi sigur\u0103 pentru din\u021bi \u0219i eficient\u0103 instant. \u00ce\u021bi oferim un z\u00e2mbet alb str\u0103lucitor \u0219i din\u021bi mai albi cu p\u00e2n\u0103 la 8 nuan\u021be*.<\/p>\n<div class=\"wp-block-buttons is-layout-flex wp-block-buttons-is-layout-flex\"><\/div>\n<\/div><\/div><\/div><\/section>\n\n\n\n<div class=\"wp-block-karopharma-accordions is-style-secondary\"><div class=\"container\">\n<details class=\"wp-block-karopharma-accordion\"><summary><h2 class=\"accordion-title\">Cum se utilizeaz\u0103?<\/h2><\/summary><div class=\"accordion-content\">\n<p>Po\u021bi \u00eencepe imediat ce deschizi pachetul. \u0218i chiar observi un efect imediat de albire dup\u0103 prima aplicare! Utilizeaz\u0103 timp de 5 zile consecutive pentru rezultate \u0219i mai uimitoare &amp; optime.<\/p>\n<\/div><\/details>\n\n\n\n<details class=\"wp-block-karopharma-accordion\"><summary><h2 class=\"accordion-title\">Cum elimin\u0103 iWhite petele de pe din\u021bi?<\/h2><\/summary><div class=\"accordion-content\">\n<p><strong>Ac\u021biunea 1: <\/strong>prin utilizarea microperlelor de c\u0103rbune activ, petele \u00eentunecate vor fi capturate \u0219i respira\u021bia ur\u00e2t mirositoare va fi eliminat\u0103. Deoarece c\u0103rbunele activ are adsorb\u021bii fizice puternice, petele vor fi \u00eendep\u0103rtate.<\/p>\n\n\n\n<p><strong>Ac\u021biunea 2: <\/strong>Hexametafosfatul va preveni apari\u021bia de noi pete. Acesta creeaz\u0103 un strat protector pe smal\u021b care previne crearea de noi pete.<\/p>\n<\/div><\/details>\n\n\n\n<details class=\"wp-block-karopharma-accordion\"><summary><h2 class=\"accordion-title\">Tehnologia iWhite Micropearle = ce?<\/h2><\/summary><div class=\"accordion-content\">\n<p>O tehnologie inovatoare care permite eliberarea concentrat\u0103 \u0219i direc\u021bionat\u0103 a activilor din interior. Aceasta \u00eenseamn\u0103 c\u0103 tu decizi c\u00e2nd \u0219i unde sunt elibera\u021bi activii concentra\u021bi direct pe smal\u021b. \u00cen kitul de albire iWhite Dark Stains, Microperlele active sunt \u00eenc\u0103rcate cu c\u0103rbune activ.<\/p>\n<\/div><\/details>\n<\/div><\/div>\n\n\n\n<div class=\"wp-block-karopharma-free-text pt-large pb-none bg-center bg-cover bg-no-repeat\" style=\"background-image:url()\"><div class=\"free-text-wrapper container max-w-medium text-center\">\n<h2 class=\"wp-block-heading\">La 3 pa\u0219i distan\u021b\u0103 de un z\u00e2mbet alb \u0219i str\u0103lucitor..<\/h2>\n<\/div><\/div>\n\n\n\n<section class=\"wp-block-karopharma-usp usp undefined\"><div class=\"usp-wrapper\">\n<section class=\"wp-block-karopharma-usp-single usp-single undefined\"><div class=\"icon\"><svg width=\"21\" height=\"16\" viewBox=\"0 0 21 16\" fill=\"none\" xmlns=\"http:\/\/www.w3.org\/2000\/svg\"><path d=\"M19.2567 0.164742L6.13095 13.2905L1.49056 8.65006C1.2709 8.4304 0.914742 8.4304 0.695039 8.65006L0.164742 9.18036C-0.0549141 9.40001 -0.0549141 9.75617 0.164742 9.97587L5.73321 15.5443C5.95287 15.764 6.30903 15.764 6.52873 15.5443L20.5825 1.4906C20.8021 1.27095 20.8021 0.914789 20.5825 0.695086L20.0521 0.164742C19.8325 -0.0549141 19.4763 -0.0549141 19.2567 0.164742Z\" fill=\"white\"><\/path><\/svg><\/div>\n<h4 class=\"wp-block-heading has-text-align-center is-style-heading-h4\">1. APASA<\/h4>\n\n\n\n<p class=\"has-text-align-center is-style-body-text\">Ap\u0103s\u00e2nd u\u0219or pe gutiere, microperlele se vor sparge.<\/p>\n<\/section>\n\n\n\n<section class=\"wp-block-karopharma-usp-single usp-single undefined\"><div class=\"icon\"><svg width=\"21\" height=\"16\" viewBox=\"0 0 21 16\" fill=\"none\" xmlns=\"http:\/\/www.w3.org\/2000\/svg\"><path d=\"M19.2567 0.164742L6.13095 13.2905L1.49056 8.65006C1.2709 8.4304 0.914742 8.4304 0.695039 8.65006L0.164742 9.18036C-0.0549141 9.40001 -0.0549141 9.75617 0.164742 9.97587L5.73321 15.5443C5.95287 15.764 6.30903 15.764 6.52873 15.5443L20.5825 1.4906C20.8021 1.27095 20.8021 0.914789 20.5825 0.695086L20.0521 0.164742C19.8325 -0.0549141 19.4763 -0.0549141 19.2567 0.164742Z\" fill=\"white\"><\/path><\/svg><\/div>\n<h4 class=\"wp-block-heading has-text-align-center is-style-heading-h4\">2. ACTIVEAZ\u0102<\/h4>\n\n\n\n<p class=\"has-text-align-center is-style-body-text\">Activii concentra\u021bi din microperle sunt elibera\u021bi.<\/p>\n<\/section>\n\n\n\n<section class=\"wp-block-karopharma-usp-single usp-single undefined\"><div class=\"icon\"><svg width=\"21\" height=\"16\" viewBox=\"0 0 21 16\" fill=\"none\" xmlns=\"http:\/\/www.w3.org\/2000\/svg\"><path d=\"M19.2567 0.164742L6.13095 13.2905L1.49056 8.65006C1.2709 8.4304 0.914742 8.4304 0.695039 8.65006L0.164742 9.18036C-0.0549141 9.40001 -0.0549141 9.75617 0.164742 9.97587L5.73321 15.5443C5.95287 15.764 6.30903 15.764 6.52873 15.5443L20.5825 1.4906C20.8021 1.27095 20.8021 0.914789 20.5825 0.695086L20.0521 0.164742C19.8325 -0.0549141 19.4763 -0.0549141 19.2567 0.164742Z\" fill=\"white\"><\/path><\/svg><\/div>\n<h4 class=\"wp-block-heading has-text-align-center is-style-heading-h4\">3. REZULTAT<\/h4>\n\n\n\n<p class=\"has-text-align-center is-style-body-text\">Gel de albire iWhite + microperle = MAGIE! Poart\u0103-l timp de 20 de minute \u0219i verific\u0103 singur rezultatele instante!!!<\/p>\n<\/section>\n<\/div><\/section>\n\n\n\n<div class=\"wp-block-karopharma-free-text pt-large pb-none bg-center bg-cover bg-no-repeat\" style=\"background-image:url()\"><div class=\"free-text-wrapper container max-w-medium text-center\">\n<h3 class=\"wp-block-heading is-style-heading-h2 has-primary-color has-text-color\">S-ar putea s\u0103 v\u0103 plac\u0103 \u0219i<\/h3>\n<\/div><\/div>\n","protected":false},"excerpt":{"rendered":"<p>\u00cendep\u0103rteaz\u0103 petele cauzate de cafea, ceai, tutun \u0219i vin ro\u0219u<\/p>\n","protected":false},"featured_media":139,"comment_status":"open","ping_status":"closed","template":"","meta":{"_acf_changed":false,"footnotes":""},"product_brand":[],"product_cat":[19],"product_tag":[],"class_list":{"0":"post-47","1":"product","2":"type-product","3":"status-publish","4":"has-post-thumbnail","6":"product_cat-kit-de-albire","8":"first","9":"instock","10":"shipping-taxable","11":"product-type-simple"},"acf":[],"yoast_head":"<!-- This site is optimized with the Yoast SEO plugin v26.6 - https:\/\/yoast.com\/wordpress\/plugins\/seo\/ -->\n<title>Kit de albire iWhite Dark Stains - iWhite<\/title>\n<meta name=\"description\" content=\"Consumul de vin, cafea sau ceai \u0219i fumatul... pot cauza, din p\u0103cate, pete pe din\u021bi. Deoarece nimeni nu dore\u0219te s\u0103 aib\u0103 din\u021bii p\u0103ta\u021bi, iWhite a dezvoltat un kit unic de albire: iWhite Dark Stains\" \/>\n<meta name=\"robots\" content=\"index, follow, max-snippet:-1, max-image-preview:large, max-video-preview:-1\" \/>\n<link rel=\"canonical\" href=\"https:\/\/iwhiteinstant.com\/ro\/produs\/kit-de-albire-iwhite-dark-stains\/\" \/>\n<meta property=\"og:locale\" content=\"ro_RO\" \/>\n<meta property=\"og:type\" content=\"article\" \/>\n<meta property=\"og:title\" content=\"Kit de albire iWhite Dark Stains - iWhite\" \/>\n<meta property=\"og:description\" content=\"Consumul de vin, cafea sau ceai \u0219i fumatul... pot cauza, din p\u0103cate, pete pe din\u021bi. Deoarece nimeni nu dore\u0219te s\u0103 aib\u0103 din\u021bii p\u0103ta\u021bi, iWhite a dezvoltat un kit unic de albire: iWhite Dark Stains\" \/>\n<meta property=\"og:url\" content=\"https:\/\/iwhiteinstant.com\/ro\/produs\/kit-de-albire-iwhite-dark-stains\/\" \/>\n<meta property=\"og:site_name\" content=\"iWhite\" \/>\n<meta property=\"article:modified_time\" content=\"2025-08-27T13:11:10+00:00\" \/>\n<meta property=\"og:image\" content=\"https:\/\/iwhiteinstant.com\/app\/uploads\/sites\/10\/2024\/08\/iWhite-Dark-stains-whitening-kit.png\" \/>\n\t<meta property=\"og:image:width\" content=\"800\" \/>\n\t<meta property=\"og:image:height\" content=\"800\" \/>\n\t<meta property=\"og:image:type\" content=\"image\/png\" \/>\n<meta name=\"twitter:card\" content=\"summary_large_image\" \/>\n<meta name=\"twitter:label1\" content=\"Est. reading time\" \/>\n\t<meta name=\"twitter:data1\" content=\"5 minute\" \/>\n<script type=\"application\/ld+json\" class=\"yoast-schema-graph\">{\"@context\":\"https:\/\/schema.org\",\"@graph\":[{\"@type\":\"WebPage\",\"@id\":\"https:\/\/iwhiteinstant.com\/ro\/produs\/kit-de-albire-iwhite-dark-stains\/\",\"url\":\"https:\/\/iwhiteinstant.com\/ro\/produs\/kit-de-albire-iwhite-dark-stains\/\",\"name\":\"Kit de albire iWhite Dark Stains - iWhite\",\"isPartOf\":{\"@id\":\"https:\/\/iwhiteinstant.com\/ro\/#website\"},\"primaryImageOfPage\":{\"@id\":\"https:\/\/iwhiteinstant.com\/ro\/produs\/kit-de-albire-iwhite-dark-stains\/#primaryimage\"},\"image\":{\"@id\":\"https:\/\/iwhiteinstant.com\/ro\/produs\/kit-de-albire-iwhite-dark-stains\/#primaryimage\"},\"thumbnailUrl\":\"https:\/\/iwhiteinstant.com\/app\/uploads\/sites\/10\/2024\/08\/iWhite-Dark-stains-whitening-kit.png\",\"datePublished\":\"2024-08-19T10:26:12+00:00\",\"dateModified\":\"2025-08-27T13:11:10+00:00\",\"description\":\"Consumul de vin, cafea sau ceai \u0219i fumatul... pot cauza, din p\u0103cate, pete pe din\u021bi. Deoarece nimeni nu dore\u0219te s\u0103 aib\u0103 din\u021bii p\u0103ta\u021bi, iWhite a dezvoltat un kit unic de albire: iWhite Dark Stains\",\"breadcrumb\":{\"@id\":\"https:\/\/iwhiteinstant.com\/ro\/produs\/kit-de-albire-iwhite-dark-stains\/#breadcrumb\"},\"inLanguage\":\"ro-RO\",\"potentialAction\":[{\"@type\":\"ReadAction\",\"target\":[\"https:\/\/iwhiteinstant.com\/ro\/produs\/kit-de-albire-iwhite-dark-stains\/\"]}]},{\"@type\":\"ImageObject\",\"inLanguage\":\"ro-RO\",\"@id\":\"https:\/\/iwhiteinstant.com\/ro\/produs\/kit-de-albire-iwhite-dark-stains\/#primaryimage\",\"url\":\"https:\/\/iwhiteinstant.com\/app\/uploads\/sites\/10\/2024\/08\/iWhite-Dark-stains-whitening-kit.png\",\"contentUrl\":\"https:\/\/iwhiteinstant.com\/app\/uploads\/sites\/10\/2024\/08\/iWhite-Dark-stains-whitening-kit.png\",\"width\":800,\"height\":800,\"caption\":\"Kit de albire iWhite Dark Stains\"},{\"@type\":\"BreadcrumbList\",\"@id\":\"https:\/\/iwhiteinstant.com\/ro\/produs\/kit-de-albire-iwhite-dark-stains\/#breadcrumb\",\"itemListElement\":[{\"@type\":\"ListItem\",\"position\":1,\"name\":\"Home\",\"item\":\"https:\/\/iwhiteinstant.com\/ro\/\"},{\"@type\":\"ListItem\",\"position\":2,\"name\":\"Gama iWhite\",\"item\":\"https:\/\/iwhiteinstant.com\/ro\/gama-iwhite\/\"},{\"@type\":\"ListItem\",\"position\":3,\"name\":\"Kit de albire iWhite Dark Stains\"}]},{\"@type\":\"WebSite\",\"@id\":\"https:\/\/iwhiteinstant.com\/ro\/#website\",\"url\":\"https:\/\/iwhiteinstant.com\/ro\/\",\"name\":\"iWhite\",\"description\":\"\",\"publisher\":{\"@id\":\"https:\/\/iwhiteinstant.com\/ro\/#organization\"},\"potentialAction\":[{\"@type\":\"SearchAction\",\"target\":{\"@type\":\"EntryPoint\",\"urlTemplate\":\"https:\/\/iwhiteinstant.com\/ro\/?s={search_term_string}\"},\"query-input\":{\"@type\":\"PropertyValueSpecification\",\"valueRequired\":true,\"valueName\":\"search_term_string\"}}],\"inLanguage\":\"ro-RO\"},{\"@type\":\"Organization\",\"@id\":\"https:\/\/iwhiteinstant.com\/ro\/#organization\",\"name\":\"iWhite\",\"url\":\"https:\/\/iwhiteinstant.com\/ro\/\",\"logo\":{\"@type\":\"ImageObject\",\"inLanguage\":\"ro-RO\",\"@id\":\"https:\/\/iwhiteinstant.com\/ro\/#\/schema\/logo\/image\/\",\"url\":\"https:\/\/iwhiteinstant.com\/app\/uploads\/sites\/10\/2024\/08\/Iwhite-logo.png\",\"contentUrl\":\"https:\/\/iwhiteinstant.com\/app\/uploads\/sites\/10\/2024\/08\/Iwhite-logo.png\",\"width\":160,\"height\":40,\"caption\":\"iWhite\"},\"image\":{\"@id\":\"https:\/\/iwhiteinstant.com\/ro\/#\/schema\/logo\/image\/\"}}]}<\/script>\n<!-- \/ Yoast SEO plugin. -->","yoast_head_json":{"title":"Kit de albire iWhite Dark Stains - iWhite","description":"Consumul de vin, cafea sau ceai \u0219i fumatul... pot cauza, din p\u0103cate, pete pe din\u021bi. Deoarece nimeni nu dore\u0219te s\u0103 aib\u0103 din\u021bii p\u0103ta\u021bi, iWhite a dezvoltat un kit unic de albire: iWhite Dark Stains","robots":{"index":"index","follow":"follow","max-snippet":"max-snippet:-1","max-image-preview":"max-image-preview:large","max-video-preview":"max-video-preview:-1"},"canonical":"https:\/\/iwhiteinstant.com\/ro\/produs\/kit-de-albire-iwhite-dark-stains\/","og_locale":"ro_RO","og_type":"article","og_title":"Kit de albire iWhite Dark Stains - iWhite","og_description":"Consumul de vin, cafea sau ceai \u0219i fumatul... pot cauza, din p\u0103cate, pete pe din\u021bi. Deoarece nimeni nu dore\u0219te s\u0103 aib\u0103 din\u021bii p\u0103ta\u021bi, iWhite a dezvoltat un kit unic de albire: iWhite Dark Stains","og_url":"https:\/\/iwhiteinstant.com\/ro\/produs\/kit-de-albire-iwhite-dark-stains\/","og_site_name":"iWhite","article_modified_time":"2025-08-27T13:11:10+00:00","og_image":[{"width":800,"height":800,"url":"https:\/\/iwhiteinstant.com\/app\/uploads\/sites\/10\/2024\/08\/iWhite-Dark-stains-whitening-kit.png","type":"image\/png"}],"twitter_card":"summary_large_image","twitter_misc":{"Est. reading time":"5 minute"},"schema":{"@context":"https:\/\/schema.org","@graph":[{"@type":"WebPage","@id":"https:\/\/iwhiteinstant.com\/ro\/produs\/kit-de-albire-iwhite-dark-stains\/","url":"https:\/\/iwhiteinstant.com\/ro\/produs\/kit-de-albire-iwhite-dark-stains\/","name":"Kit de albire iWhite Dark Stains - iWhite","isPartOf":{"@id":"https:\/\/iwhiteinstant.com\/ro\/#website"},"primaryImageOfPage":{"@id":"https:\/\/iwhiteinstant.com\/ro\/produs\/kit-de-albire-iwhite-dark-stains\/#primaryimage"},"image":{"@id":"https:\/\/iwhiteinstant.com\/ro\/produs\/kit-de-albire-iwhite-dark-stains\/#primaryimage"},"thumbnailUrl":"https:\/\/iwhiteinstant.com\/app\/uploads\/sites\/10\/2024\/08\/iWhite-Dark-stains-whitening-kit.png","datePublished":"2024-08-19T10:26:12+00:00","dateModified":"2025-08-27T13:11:10+00:00","description":"Consumul de vin, cafea sau ceai \u0219i fumatul... pot cauza, din p\u0103cate, pete pe din\u021bi. Deoarece nimeni nu dore\u0219te s\u0103 aib\u0103 din\u021bii p\u0103ta\u021bi, iWhite a dezvoltat un kit unic de albire: iWhite Dark Stains","breadcrumb":{"@id":"https:\/\/iwhiteinstant.com\/ro\/produs\/kit-de-albire-iwhite-dark-stains\/#breadcrumb"},"inLanguage":"ro-RO","potentialAction":[{"@type":"ReadAction","target":["https:\/\/iwhiteinstant.com\/ro\/produs\/kit-de-albire-iwhite-dark-stains\/"]}]},{"@type":"ImageObject","inLanguage":"ro-RO","@id":"https:\/\/iwhiteinstant.com\/ro\/produs\/kit-de-albire-iwhite-dark-stains\/#primaryimage","url":"https:\/\/iwhiteinstant.com\/app\/uploads\/sites\/10\/2024\/08\/iWhite-Dark-stains-whitening-kit.png","contentUrl":"https:\/\/iwhiteinstant.com\/app\/uploads\/sites\/10\/2024\/08\/iWhite-Dark-stains-whitening-kit.png","width":800,"height":800,"caption":"Kit de albire iWhite Dark Stains"},{"@type":"BreadcrumbList","@id":"https:\/\/iwhiteinstant.com\/ro\/produs\/kit-de-albire-iwhite-dark-stains\/#breadcrumb","itemListElement":[{"@type":"ListItem","position":1,"name":"Home","item":"https:\/\/iwhiteinstant.com\/ro\/"},{"@type":"ListItem","position":2,"name":"Gama iWhite","item":"https:\/\/iwhiteinstant.com\/ro\/gama-iwhite\/"},{"@type":"ListItem","position":3,"name":"Kit de albire iWhite Dark Stains"}]},{"@type":"WebSite","@id":"https:\/\/iwhiteinstant.com\/ro\/#website","url":"https:\/\/iwhiteinstant.com\/ro\/","name":"iWhite","description":"","publisher":{"@id":"https:\/\/iwhiteinstant.com\/ro\/#organization"},"potentialAction":[{"@type":"SearchAction","target":{"@type":"EntryPoint","urlTemplate":"https:\/\/iwhiteinstant.com\/ro\/?s={search_term_string}"},"query-input":{"@type":"PropertyValueSpecification","valueRequired":true,"valueName":"search_term_string"}}],"inLanguage":"ro-RO"},{"@type":"Organization","@id":"https:\/\/iwhiteinstant.com\/ro\/#organization","name":"iWhite","url":"https:\/\/iwhiteinstant.com\/ro\/","logo":{"@type":"ImageObject","inLanguage":"ro-RO","@id":"https:\/\/iwhiteinstant.com\/ro\/#\/schema\/logo\/image\/","url":"https:\/\/iwhiteinstant.com\/app\/uploads\/sites\/10\/2024\/08\/Iwhite-logo.png","contentUrl":"https:\/\/iwhiteinstant.com\/app\/uploads\/sites\/10\/2024\/08\/Iwhite-logo.png","width":160,"height":40,"caption":"iWhite"},"image":{"@id":"https:\/\/iwhiteinstant.com\/ro\/#\/schema\/logo\/image\/"}}]}},"_links":{"self":[{"href":"https:\/\/iwhiteinstant.com\/ro\/wp-json\/wp\/v2\/product\/47","targetHints":{"allow":["GET"]}}],"collection":[{"href":"https:\/\/iwhiteinstant.com\/ro\/wp-json\/wp\/v2\/product"}],"about":[{"href":"https:\/\/iwhiteinstant.com\/ro\/wp-json\/wp\/v2\/types\/product"}],"replies":[{"embeddable":true,"href":"https:\/\/iwhiteinstant.com\/ro\/wp-json\/wp\/v2\/comments?post=47"}],"version-history":[{"count":9,"href":"https:\/\/iwhiteinstant.com\/ro\/wp-json\/wp\/v2\/product\/47\/revisions"}],"predecessor-version":[{"id":291,"href":"https:\/\/iwhiteinstant.com\/ro\/wp-json\/wp\/v2\/product\/47\/revisions\/291"}],"wp:featuredmedia":[{"embeddable":true,"href":"https:\/\/iwhiteinstant.com\/ro\/wp-json\/wp\/v2\/media\/139"}],"wp:attachment":[{"href":"https:\/\/iwhiteinstant.com\/ro\/wp-json\/wp\/v2\/media?parent=47"}],"wp:term":[{"taxonomy":"product_brand","embeddable":true,"href":"https:\/\/iwhiteinstant.com\/ro\/wp-json\/wp\/v2\/product_brand?post=47"},{"taxonomy":"product_cat","embeddable":true,"href":"https:\/\/iwhiteinstant.com\/ro\/wp-json\/wp\/v2\/product_cat?post=47"},{"taxonomy":"product_tag","embeddable":true,"href":"https:\/\/iwhiteinstant.com\/ro\/wp-json\/wp\/v2\/product_tag?post=47"}],"curies":[{"name":"wp","href":"https:\/\/api.w.org\/{rel}","templated":true}]}}