{"id":44,"date":"2024-11-15T10:29:18","date_gmt":"2024-11-15T09:29:18","guid":{"rendered":"https:\/\/iwhiteinstant.com\/se\/?page_id=44"},"modified":"2024-12-20T15:22:01","modified_gmt":"2024-12-20T14:22:01","slug":"iwhite-teknologi","status":"publish","type":"page","link":"https:\/\/iwhiteinstant.com\/se\/iwhite-teknologi\/","title":{"rendered":"Teknologi"},"content":{"rendered":"\n<div class=\"wp-block-karopharma-free-text pt-large pb-large bg-center bg-cover bg-no-repeat\" style=\"background-image:url()\"><div class=\"free-text-wrapper container max-w-medium text-left\">\n<h1 class=\"wp-block-heading is-style-heading-huge has-primary-color has-text-color\">iWhite Teknologi<sup>\u00a9<\/sup><\/h1>\n\n\n\n<p>Vi har uppfunnit en tandblekningsbehandling som \u00e4r <strong>utan v\u00e4teperoxid<\/strong> men \u00e4nnu <strong>mer effektiv<\/strong>, baserad p\u00e5 en unik FCC (Film-Kristalliserad Kalcium)-teknologi.<\/p>\n\n\n\n<p>Sm\u00e5 vita bioaktiva kristaller anv\u00e4nds i kombination med en stark filmformande polymeragent. Tack vare denna innovativa teknologi kommer de vita bioaktiva kristallerna att fysiskt f\u00e4stas p\u00e5 tandytan. Den fysiska fixeringen av de vita kristallerna leder till en optisk bleknings-effekt. Denna FCC-teknologi f\u00f6rst\u00e4rks av en innovativ tandblekningsnyhet: P.A.P., som \u00e4r en stark fl\u00e4ckborttagningsmolekyl som bryter ner missf\u00e4rgningar p\u00e5 t\u00e4nderna i sm\u00e5 bitar utan att p\u00e5verka tandstrukturen.<\/p>\n\n\n\n<p><strong>Kliniska studier har visat att iWhite Instant \u00e4r 100% tandv\u00e4nligt<\/strong> och ger en <strong>omedelbar blekningseffekt<\/strong> efter <strong>f\u00f6rsta appliceringen<\/strong>. Vissa patienter hade upp till 8 nyanser f\u00f6rb\u00e4ttring efter en behandling. Dock \u00e4r varje person unik och resultaten kan variera.<\/p>\n<\/div><\/div>\n\n\n\n<div class=\"wp-block-karopharma-free-text pt-large pb-large bg-center bg-cover bg-no-repeat  is-style-primary\" style=\"background-image:url()\"><div class=\"free-text-wrapper container max-w-medium text-left\">\n<h2 class=\"wp-block-heading is-style-heading-h2\">Omedelbara Resultat<sup>****<\/sup><\/h2>\n\n\n\n<p>En klinisk studie genomf\u00f6rdes p\u00e5 kontor som tillh\u00f6r en oberoende, v\u00e4lrenommerad expert. Denna tandl\u00e4kare var tidigare ordf\u00f6rande f\u00f6r den belgiska akademin f\u00f6r estetisk tandv\u00e5rd (BAED) och medlem i flera akademier inom estetisk unders\u00f6kning och har utf\u00f6rt blekningsprocedurer i mer \u00e4n 20 \u00e5r. Resultaten fr\u00e5n denna studie av effektiviteten hos iWhite Instant visade i genomsnitt 4,8 nyansers f\u00f6rb\u00e4ttring, medan vissa patienter fick resultat p\u00e5 8 nyanser efter en 20-minutersbehandling!<\/p>\n<\/div><\/div>\n\n\n\n<div class=\"wp-block-karopharma-free-text pt-large pb-large bg-center bg-cover bg-no-repeat\" style=\"background-image:url()\"><div class=\"free-text-wrapper container max-w-medium text-left\">\n<figure class=\"wp-block-table is-style-secondary-stripes\"><table><thead><tr><th>Nyansf\u00f6rb\u00e4ttring (SH)<\/th><th>Andel av patienter (%)<\/th><\/tr><\/thead><tbody><tr><td>SH 0<\/td><td>4%<\/td><\/tr><tr><td>SH 1<\/td><td>0%<\/td><\/tr><tr><td>SH 2<\/td><td>4%<\/td><\/tr><tr><td>SH 3<\/td><td>24%<\/td><\/tr><tr><td>SH 4<\/td><td>16%<\/td><\/tr><tr><td>SH 5<\/td><td>8%<\/td><\/tr><tr><td>SH 6<\/td><td>12%<\/td><\/tr><tr><td>SH 7<\/td><td>24%<\/td><\/tr><tr><td>SH 8<\/td><td>8%<\/td><\/tr><\/tbody><\/table><figcaption class=\"wp-element-caption\"><small>Tabell 1: F\u00f6rdelning av nyansf\u00f6rb\u00e4ttring<\/small><\/figcaption><\/figure>\n<\/div><\/div>\n\n\n\n<div class=\"wp-block-karopharma-free-text pt-large pb-large bg-center bg-cover bg-no-repeat  is-style-primary\" style=\"background-image:url()\"><div class=\"free-text-wrapper container max-w-medium text-left\">\n<h2 class=\"wp-block-heading is-style-heading-h2\">100% s\u00e4kert<\/h2>\n\n\n\n<p>Ingen av patienterna led av tandk\u00f6ttsproblem eller tandk\u00e4nslighet efter behandlingen och alla var n\u00f6jda med de l\u00e4ttanv\u00e4nda brickornas \u00f6vergripande bekv\u00e4mlighet.<\/p>\n<\/div><\/div>\n\n\n\n<div class=\"wp-block-karopharma-free-text pt-large pb-large bg-center bg-cover bg-no-repeat\" style=\"background-image:url()\"><div class=\"free-text-wrapper container max-w-medium text-left\">\n<figure class=\"wp-block-table is-style-secondary-stripes\"><table><thead><tr><th>Fr\u00e5ga<\/th><th>Svar<\/th><th>T1 (n)<\/th><th>T2 (n)<\/th><\/tr><\/thead><tbody><tr><td>Har patienten aft\u00f6sa s\u00e5r?<\/td><td>Nej<br>Ja<\/td><td>100%<br>0<\/td><td>100%<br>0<\/td><\/tr><tr><td>Har patienten vita fl\u00e4ckar p\u00e5 mjukv\u00e4vnaderna?<\/td><td>Nej<br>Ja<\/td><td>100%<br>0<\/td><td>100%<br>0<\/td><\/tr><tr><td>K\u00e4nner du k\u00e4nslighet i t\u00e4nderna?<\/td><td>Nej<br>Ja<\/td><td>100%<br>0<\/td><td>100%<br>0<\/td><\/tr><\/tbody><\/table><figcaption class=\"wp-element-caption\"><small>Tabell 2: F\u00f6rdelning av uppgifter om godtagbarhet<\/small><br><\/figcaption><\/figure>\n\n\n\n<p class=\"is-style-paragraph-small\">**** Klinisk studie (dubbelt dold, randomiserad klinisk studie av en tandblekningsprodukt j\u00e4mf\u00f6rt med en placebo).<\/p>\n<\/div><\/div>\n","protected":false},"excerpt":{"rendered":"","protected":false},"author":2,"featured_media":0,"parent":0,"menu_order":0,"comment_status":"closed","ping_status":"closed","template":"","meta":{"_acf_changed":false,"footnotes":""},"from-article-database":[],"class_list":["post-44","page","type-page","status-publish","hentry"],"acf":[],"yoast_head":"<!-- This site is optimized with the Yoast SEO plugin v26.6 - https:\/\/yoast.com\/wordpress\/plugins\/seo\/ -->\n<title>Teknologi - iWhite<\/title>\n<meta name=\"description\" content=\"Vi har uppfunnit en tandblekningsbehandling som \u00e4r utan v\u00e4teperoxid men \u00e4nnu mer effektiv, baserad p\u00e5 en unik FCC (Film-Kristalliserad Kalcium)-teknologi.\" \/>\n<meta name=\"robots\" content=\"index, follow, max-snippet:-1, max-image-preview:large, max-video-preview:-1\" \/>\n<link rel=\"canonical\" href=\"https:\/\/iwhiteinstant.com\/se\/iwhite-teknologi\/\" \/>\n<meta property=\"og:locale\" content=\"sv_SE\" \/>\n<meta property=\"og:type\" content=\"article\" \/>\n<meta property=\"og:title\" content=\"Teknologi - iWhite\" \/>\n<meta property=\"og:description\" content=\"Vi har uppfunnit en tandblekningsbehandling som \u00e4r utan v\u00e4teperoxid men \u00e4nnu mer effektiv, baserad p\u00e5 en unik FCC (Film-Kristalliserad Kalcium)-teknologi.\" \/>\n<meta property=\"og:url\" content=\"https:\/\/iwhiteinstant.com\/se\/iwhite-teknologi\/\" \/>\n<meta property=\"og:site_name\" content=\"iWhite\" \/>\n<meta property=\"article:modified_time\" content=\"2024-12-20T14:22:01+00:00\" \/>\n<meta name=\"twitter:card\" content=\"summary_large_image\" \/>\n<meta name=\"twitter:label1\" content=\"Est. reading time\" \/>\n\t<meta name=\"twitter:data1\" content=\"2 minuter\" \/>\n<script type=\"application\/ld+json\" class=\"yoast-schema-graph\">{\"@context\":\"https:\/\/schema.org\",\"@graph\":[{\"@type\":\"WebPage\",\"@id\":\"https:\/\/iwhiteinstant.com\/se\/iwhite-teknologi\/\",\"url\":\"https:\/\/iwhiteinstant.com\/se\/iwhite-teknologi\/\",\"name\":\"Teknologi - iWhite\",\"isPartOf\":{\"@id\":\"https:\/\/iwhiteinstant.com\/se\/#website\"},\"datePublished\":\"2024-11-15T09:29:18+00:00\",\"dateModified\":\"2024-12-20T14:22:01+00:00\",\"description\":\"Vi har uppfunnit en tandblekningsbehandling som \u00e4r utan v\u00e4teperoxid men \u00e4nnu mer effektiv, baserad p\u00e5 en unik FCC (Film-Kristalliserad Kalcium)-teknologi.\",\"breadcrumb\":{\"@id\":\"https:\/\/iwhiteinstant.com\/se\/iwhite-teknologi\/#breadcrumb\"},\"inLanguage\":\"sv-SE\",\"potentialAction\":[{\"@type\":\"ReadAction\",\"target\":[\"https:\/\/iwhiteinstant.com\/se\/iwhite-teknologi\/\"]}]},{\"@type\":\"BreadcrumbList\",\"@id\":\"https:\/\/iwhiteinstant.com\/se\/iwhite-teknologi\/#breadcrumb\",\"itemListElement\":[{\"@type\":\"ListItem\",\"position\":1,\"name\":\"Home\",\"item\":\"https:\/\/iwhiteinstant.com\/se\/\"},{\"@type\":\"ListItem\",\"position\":2,\"name\":\"Teknologi\"}]},{\"@type\":\"WebSite\",\"@id\":\"https:\/\/iwhiteinstant.com\/se\/#website\",\"url\":\"https:\/\/iwhiteinstant.com\/se\/\",\"name\":\"iWhite\",\"description\":\"\",\"publisher\":{\"@id\":\"https:\/\/iwhiteinstant.com\/se\/#organization\"},\"potentialAction\":[{\"@type\":\"SearchAction\",\"target\":{\"@type\":\"EntryPoint\",\"urlTemplate\":\"https:\/\/iwhiteinstant.com\/se\/?s={search_term_string}\"},\"query-input\":{\"@type\":\"PropertyValueSpecification\",\"valueRequired\":true,\"valueName\":\"search_term_string\"}}],\"inLanguage\":\"sv-SE\"},{\"@type\":\"Organization\",\"@id\":\"https:\/\/iwhiteinstant.com\/se\/#organization\",\"name\":\"iWhite\",\"url\":\"https:\/\/iwhiteinstant.com\/se\/\",\"logo\":{\"@type\":\"ImageObject\",\"inLanguage\":\"sv-SE\",\"@id\":\"https:\/\/iwhiteinstant.com\/se\/#\/schema\/logo\/image\/\",\"url\":\"https:\/\/iwhiteinstant.com\/app\/uploads\/sites\/15\/2024\/11\/Iwhite-logo.png\",\"contentUrl\":\"https:\/\/iwhiteinstant.com\/app\/uploads\/sites\/15\/2024\/11\/Iwhite-logo.png\",\"width\":160,\"height\":40,\"caption\":\"iWhite\"},\"image\":{\"@id\":\"https:\/\/iwhiteinstant.com\/se\/#\/schema\/logo\/image\/\"}}]}<\/script>\n<!-- \/ Yoast SEO plugin. -->","yoast_head_json":{"title":"Teknologi - iWhite","description":"Vi har uppfunnit en tandblekningsbehandling som \u00e4r utan v\u00e4teperoxid men \u00e4nnu mer effektiv, baserad p\u00e5 en unik FCC (Film-Kristalliserad Kalcium)-teknologi.","robots":{"index":"index","follow":"follow","max-snippet":"max-snippet:-1","max-image-preview":"max-image-preview:large","max-video-preview":"max-video-preview:-1"},"canonical":"https:\/\/iwhiteinstant.com\/se\/iwhite-teknologi\/","og_locale":"sv_SE","og_type":"article","og_title":"Teknologi - iWhite","og_description":"Vi har uppfunnit en tandblekningsbehandling som \u00e4r utan v\u00e4teperoxid men \u00e4nnu mer effektiv, baserad p\u00e5 en unik FCC (Film-Kristalliserad Kalcium)-teknologi.","og_url":"https:\/\/iwhiteinstant.com\/se\/iwhite-teknologi\/","og_site_name":"iWhite","article_modified_time":"2024-12-20T14:22:01+00:00","twitter_card":"summary_large_image","twitter_misc":{"Est. reading time":"2 minuter"},"schema":{"@context":"https:\/\/schema.org","@graph":[{"@type":"WebPage","@id":"https:\/\/iwhiteinstant.com\/se\/iwhite-teknologi\/","url":"https:\/\/iwhiteinstant.com\/se\/iwhite-teknologi\/","name":"Teknologi - iWhite","isPartOf":{"@id":"https:\/\/iwhiteinstant.com\/se\/#website"},"datePublished":"2024-11-15T09:29:18+00:00","dateModified":"2024-12-20T14:22:01+00:00","description":"Vi har uppfunnit en tandblekningsbehandling som \u00e4r utan v\u00e4teperoxid men \u00e4nnu mer effektiv, baserad p\u00e5 en unik FCC (Film-Kristalliserad Kalcium)-teknologi.","breadcrumb":{"@id":"https:\/\/iwhiteinstant.com\/se\/iwhite-teknologi\/#breadcrumb"},"inLanguage":"sv-SE","potentialAction":[{"@type":"ReadAction","target":["https:\/\/iwhiteinstant.com\/se\/iwhite-teknologi\/"]}]},{"@type":"BreadcrumbList","@id":"https:\/\/iwhiteinstant.com\/se\/iwhite-teknologi\/#breadcrumb","itemListElement":[{"@type":"ListItem","position":1,"name":"Home","item":"https:\/\/iwhiteinstant.com\/se\/"},{"@type":"ListItem","position":2,"name":"Teknologi"}]},{"@type":"WebSite","@id":"https:\/\/iwhiteinstant.com\/se\/#website","url":"https:\/\/iwhiteinstant.com\/se\/","name":"iWhite","description":"","publisher":{"@id":"https:\/\/iwhiteinstant.com\/se\/#organization"},"potentialAction":[{"@type":"SearchAction","target":{"@type":"EntryPoint","urlTemplate":"https:\/\/iwhiteinstant.com\/se\/?s={search_term_string}"},"query-input":{"@type":"PropertyValueSpecification","valueRequired":true,"valueName":"search_term_string"}}],"inLanguage":"sv-SE"},{"@type":"Organization","@id":"https:\/\/iwhiteinstant.com\/se\/#organization","name":"iWhite","url":"https:\/\/iwhiteinstant.com\/se\/","logo":{"@type":"ImageObject","inLanguage":"sv-SE","@id":"https:\/\/iwhiteinstant.com\/se\/#\/schema\/logo\/image\/","url":"https:\/\/iwhiteinstant.com\/app\/uploads\/sites\/15\/2024\/11\/Iwhite-logo.png","contentUrl":"https:\/\/iwhiteinstant.com\/app\/uploads\/sites\/15\/2024\/11\/Iwhite-logo.png","width":160,"height":40,"caption":"iWhite"},"image":{"@id":"https:\/\/iwhiteinstant.com\/se\/#\/schema\/logo\/image\/"}}]}},"_links":{"self":[{"href":"https:\/\/iwhiteinstant.com\/se\/wp-json\/wp\/v2\/pages\/44","targetHints":{"allow":["GET"]}}],"collection":[{"href":"https:\/\/iwhiteinstant.com\/se\/wp-json\/wp\/v2\/pages"}],"about":[{"href":"https:\/\/iwhiteinstant.com\/se\/wp-json\/wp\/v2\/types\/page"}],"author":[{"embeddable":true,"href":"https:\/\/iwhiteinstant.com\/se\/wp-json\/wp\/v2\/users\/2"}],"replies":[{"embeddable":true,"href":"https:\/\/iwhiteinstant.com\/se\/wp-json\/wp\/v2\/comments?post=44"}],"version-history":[{"count":6,"href":"https:\/\/iwhiteinstant.com\/se\/wp-json\/wp\/v2\/pages\/44\/revisions"}],"predecessor-version":[{"id":248,"href":"https:\/\/iwhiteinstant.com\/se\/wp-json\/wp\/v2\/pages\/44\/revisions\/248"}],"wp:attachment":[{"href":"https:\/\/iwhiteinstant.com\/se\/wp-json\/wp\/v2\/media?parent=44"}],"wp:term":[{"taxonomy":"from-article-database","embeddable":true,"href":"https:\/\/iwhiteinstant.com\/se\/wp-json\/wp\/v2\/from-article-database?post=44"}],"curies":[{"name":"wp","href":"https:\/\/api.w.org\/{rel}","templated":true}]}}