{"id":50,"date":"2024-11-15T10:34:11","date_gmt":"2024-11-15T09:34:11","guid":{"rendered":"https:\/\/iwhiteinstant.com\/se\/?page_id=50"},"modified":"2025-06-23T14:37:55","modified_gmt":"2025-06-23T12:37:55","slug":"vanliga-fragor","status":"publish","type":"page","link":"https:\/\/iwhiteinstant.com\/se\/vanliga-fragor\/","title":{"rendered":"FAQ"},"content":{"rendered":"\n<div class=\"wp-block-karopharma-free-text pt-large pb-large bg-center bg-cover bg-no-repeat bg-box is-style-primary\" style=\"background-image:url(https:\/\/iwhiteinstant.com\/cdn-cgi\/image\/format=auto\/app\/uploads\/sites\/15\/2024\/11\/faq.jpg)\"><div class=\"free-text-wrapper container max-w-small text-center\">\n<h1 class=\"wp-block-heading is-style-heading-huge has-primary-color has-text-color\">Vanliga fr\u00e5gor<\/h1>\n\n\n\n<h2 class=\"wp-block-heading is-style-heading-h3\">Ta reda p\u00e5 svaret p\u00e5 vanliga fr\u00e5gor<\/h2>\n<\/div><\/div>\n\n\n\n<div class=\"wp-block-karopharma-accordions\"><div class=\"container\">\n<details class=\"wp-block-karopharma-accordion\"><summary><h2 class=\"accordion-title\">Hur vita kommer mina t\u00e4nder att bli?<\/h2><\/summary><div class=\"accordion-content\">\n<p>Blekresultaten kan variera fr\u00e5n person till person och kan bero p\u00e5 ursprunget och sv\u00e5righetsgraden av tandmissf\u00e4rgningen eller p\u00e5 tandens struktur. Flera oberoende effektivitetstester visar dock p\u00e5 betydande tillfredsst\u00e4llande resultat med iWhite-teknologin. Denna teknologi har bevisats kunna bleka dina t\u00e4nder upp till 8 nyanser med endast en applicering p\u00e5 20 minuter.<\/p>\n<\/div><\/details>\n\n\n\n<details class=\"wp-block-karopharma-accordion\"><summary><h2 class=\"accordion-title\">Hur l\u00e4nge h\u00e5ller blekningsresultaten?<\/h2><\/summary><div class=\"accordion-content\">\n<p>Detta beror p\u00e5 din personliga munhygien och den initiala missf\u00e4rgningen. Produkter som tobak, r\u00f6dvin, te och kaffe kan orsaka nya missf\u00e4rgningar. F\u00f6r optimala resultat rekommenderas det att anv\u00e4nda v\u00e5ra iWhite-produkter dagligen, veckovis och\/eller m\u00e5nadsvis.<\/p>\n<\/div><\/details>\n\n\n\n<details class=\"wp-block-karopharma-accordion\"><summary><h2 class=\"accordion-title\">Hur ofta kan jag anv\u00e4nda iWhite tandblekningsprodukter?<\/h2><\/summary><div class=\"accordion-content\">\n<p>Detta beror p\u00e5 vilken iWhite-produkt du anv\u00e4nder. Till exempel kan blekningskiten (iWhite Instant Whitening Kit, iWhite Instant2 Whitening Kit och iWhite Dark Stains Whitening Kit) anv\u00e4ndas varje dag i 5 p\u00e5 varandra f\u00f6ljande dagar, men iWhite Express-kitet kan endast anv\u00e4ndas en g\u00e5ng i veckan. Det \u00e4r tillr\u00e5dligt att kontrollera bruksanvisningen f\u00f6r varje produkt innan applicering.<\/p>\n<\/div><\/details>\n\n\n\n<details class=\"wp-block-karopharma-accordion\"><summary><h2 class=\"accordion-title\">\u00c4r iWhite tandblekningsprodukter s\u00e4kra?<\/h2><\/summary><div class=\"accordion-content\">\n<p>Ja, absolut, iWhite tandblekningssortimentet \u00e4r registrerade kosmetiska produkter och inneh\u00e5ller godk\u00e4nda europeiska kosmetiska ingredienser. Eftersom iWhite tandblekningsprodukter \u00e4r fria fr\u00e5n v\u00e4teperoxid, kommer skador och\/eller k\u00e4nslighet p\u00e5 t\u00e4nderna och\/eller tandk\u00f6ttet inte att uppst\u00e5.<\/p>\n<\/div><\/details>\n\n\n\n<details class=\"wp-block-karopharma-accordion\"><summary><h2 class=\"accordion-title\">Kan jag anv\u00e4nda iWhite tandblekningsprodukter om jag har tandk\u00f6ttsproblem?<\/h2><\/summary><div class=\"accordion-content\">\n<p>V\u00e5rt iWhite Sensitive-sortiment kan vara den perfekta l\u00f6sningen f\u00f6r dig, men det \u00e4r fortfarande tillr\u00e5dligt att konsultera en tandl\u00e4kare innan du anv\u00e4nder produkten.<\/p>\n<\/div><\/details>\n\n\n\n<details class=\"wp-block-karopharma-accordion\"><summary><h2 class=\"accordion-title\">Kan jag anv\u00e4nda iWhites tandblekningsprodukter om jag f\u00e5r\/har f\u00e5tt tandv\u00e5rdsbehandling och\/eller tandreglering?<\/h2><\/summary><div class=\"accordion-content\">\n<p>Anv\u00e4nd inte produkten inom 2 veckor om du f\u00e5tt tandv\u00e5rdsbehandling och\/eller tandreglering (rotfyllning, krona, implantat, rotkanal \u2026).<\/p>\n<\/div><\/details>\n\n\n\n<details class=\"wp-block-karopharma-accordion\"><summary><h2 class=\"accordion-title\">Kommer iWhite tandblekningsprodukter att p\u00e5verka fyllningar, kronor och skalfasader?<\/h2><\/summary><div class=\"accordion-content\">\n<p>Kronor, skalfasader och fyllningar bleknar inte, men p\u00e5verkas inte av behandlingen.<\/p>\n<\/div><\/details>\n\n\n\n<details class=\"wp-block-karopharma-accordion\"><summary><h2 class=\"accordion-title\">Kan iWhite tandblekningssortimentet anv\u00e4ndas under graviditet och\/eller amning?<\/h2><\/summary><div class=\"accordion-content\">\n<p>Vi rekommenderar inte att anv\u00e4nda iWhite tandblekningssortimentet n\u00e4r du \u00e4r gravid eller ammar.<\/p>\n<\/div><\/details>\n<\/div><\/div>\n","protected":false},"excerpt":{"rendered":"","protected":false},"author":2,"featured_media":0,"parent":0,"menu_order":0,"comment_status":"closed","ping_status":"closed","template":"","meta":{"_acf_changed":false,"footnotes":""},"from-article-database":[],"class_list":["post-50","page","type-page","status-publish","hentry"],"acf":[],"yoast_head":"<!-- This site is optimized with the Yoast SEO plugin v26.6 - https:\/\/yoast.com\/wordpress\/plugins\/seo\/ -->\n<title>FAQ - iWhite<\/title>\n<meta name=\"description\" content=\"Hur vita kommer mina t\u00e4nder att bli? Hur l\u00e4nge h\u00e5ller blekningsresultaten? Hur ofta kan jag anv\u00e4nda iWhite tandblekningsprodukter?\" \/>\n<meta name=\"robots\" content=\"index, follow, max-snippet:-1, max-image-preview:large, max-video-preview:-1\" \/>\n<link rel=\"canonical\" href=\"https:\/\/iwhiteinstant.com\/se\/vanliga-fragor\/\" \/>\n<meta property=\"og:locale\" content=\"sv_SE\" \/>\n<meta property=\"og:type\" content=\"article\" \/>\n<meta property=\"og:title\" content=\"FAQ - iWhite\" \/>\n<meta property=\"og:description\" content=\"Hur vita kommer mina t\u00e4nder att bli? Hur l\u00e4nge h\u00e5ller blekningsresultaten? Hur ofta kan jag anv\u00e4nda iWhite tandblekningsprodukter?\" \/>\n<meta property=\"og:url\" content=\"https:\/\/iwhiteinstant.com\/se\/vanliga-fragor\/\" \/>\n<meta property=\"og:site_name\" content=\"iWhite\" \/>\n<meta property=\"article:modified_time\" content=\"2025-06-23T12:37:55+00:00\" \/>\n<meta name=\"twitter:card\" content=\"summary_large_image\" \/>\n<meta name=\"twitter:label1\" content=\"Est. reading time\" \/>\n\t<meta name=\"twitter:data1\" content=\"2 minuter\" \/>\n<script type=\"application\/ld+json\" class=\"yoast-schema-graph\">{\"@context\":\"https:\/\/schema.org\",\"@graph\":[{\"@type\":\"WebPage\",\"@id\":\"https:\/\/iwhiteinstant.com\/se\/vanliga-fragor\/\",\"url\":\"https:\/\/iwhiteinstant.com\/se\/vanliga-fragor\/\",\"name\":\"FAQ - iWhite\",\"isPartOf\":{\"@id\":\"https:\/\/iwhiteinstant.com\/se\/#website\"},\"datePublished\":\"2024-11-15T09:34:11+00:00\",\"dateModified\":\"2025-06-23T12:37:55+00:00\",\"description\":\"Hur vita kommer mina t\u00e4nder att bli? Hur l\u00e4nge h\u00e5ller blekningsresultaten? Hur ofta kan jag anv\u00e4nda iWhite tandblekningsprodukter?\",\"breadcrumb\":{\"@id\":\"https:\/\/iwhiteinstant.com\/se\/vanliga-fragor\/#breadcrumb\"},\"inLanguage\":\"sv-SE\",\"potentialAction\":[{\"@type\":\"ReadAction\",\"target\":[\"https:\/\/iwhiteinstant.com\/se\/vanliga-fragor\/\"]}]},{\"@type\":\"BreadcrumbList\",\"@id\":\"https:\/\/iwhiteinstant.com\/se\/vanliga-fragor\/#breadcrumb\",\"itemListElement\":[{\"@type\":\"ListItem\",\"position\":1,\"name\":\"Home\",\"item\":\"https:\/\/iwhiteinstant.com\/se\/\"},{\"@type\":\"ListItem\",\"position\":2,\"name\":\"FAQ\"}]},{\"@type\":\"WebSite\",\"@id\":\"https:\/\/iwhiteinstant.com\/se\/#website\",\"url\":\"https:\/\/iwhiteinstant.com\/se\/\",\"name\":\"iWhite\",\"description\":\"\",\"publisher\":{\"@id\":\"https:\/\/iwhiteinstant.com\/se\/#organization\"},\"potentialAction\":[{\"@type\":\"SearchAction\",\"target\":{\"@type\":\"EntryPoint\",\"urlTemplate\":\"https:\/\/iwhiteinstant.com\/se\/?s={search_term_string}\"},\"query-input\":{\"@type\":\"PropertyValueSpecification\",\"valueRequired\":true,\"valueName\":\"search_term_string\"}}],\"inLanguage\":\"sv-SE\"},{\"@type\":\"Organization\",\"@id\":\"https:\/\/iwhiteinstant.com\/se\/#organization\",\"name\":\"iWhite\",\"url\":\"https:\/\/iwhiteinstant.com\/se\/\",\"logo\":{\"@type\":\"ImageObject\",\"inLanguage\":\"sv-SE\",\"@id\":\"https:\/\/iwhiteinstant.com\/se\/#\/schema\/logo\/image\/\",\"url\":\"https:\/\/iwhiteinstant.com\/app\/uploads\/sites\/15\/2024\/11\/Iwhite-logo.png\",\"contentUrl\":\"https:\/\/iwhiteinstant.com\/app\/uploads\/sites\/15\/2024\/11\/Iwhite-logo.png\",\"width\":160,\"height\":40,\"caption\":\"iWhite\"},\"image\":{\"@id\":\"https:\/\/iwhiteinstant.com\/se\/#\/schema\/logo\/image\/\"}}]}<\/script>\n<!-- \/ Yoast SEO plugin. -->","yoast_head_json":{"title":"FAQ - iWhite","description":"Hur vita kommer mina t\u00e4nder att bli? Hur l\u00e4nge h\u00e5ller blekningsresultaten? Hur ofta kan jag anv\u00e4nda iWhite tandblekningsprodukter?","robots":{"index":"index","follow":"follow","max-snippet":"max-snippet:-1","max-image-preview":"max-image-preview:large","max-video-preview":"max-video-preview:-1"},"canonical":"https:\/\/iwhiteinstant.com\/se\/vanliga-fragor\/","og_locale":"sv_SE","og_type":"article","og_title":"FAQ - iWhite","og_description":"Hur vita kommer mina t\u00e4nder att bli? Hur l\u00e4nge h\u00e5ller blekningsresultaten? Hur ofta kan jag anv\u00e4nda iWhite tandblekningsprodukter?","og_url":"https:\/\/iwhiteinstant.com\/se\/vanliga-fragor\/","og_site_name":"iWhite","article_modified_time":"2025-06-23T12:37:55+00:00","twitter_card":"summary_large_image","twitter_misc":{"Est. reading time":"2 minuter"},"schema":{"@context":"https:\/\/schema.org","@graph":[{"@type":"WebPage","@id":"https:\/\/iwhiteinstant.com\/se\/vanliga-fragor\/","url":"https:\/\/iwhiteinstant.com\/se\/vanliga-fragor\/","name":"FAQ - iWhite","isPartOf":{"@id":"https:\/\/iwhiteinstant.com\/se\/#website"},"datePublished":"2024-11-15T09:34:11+00:00","dateModified":"2025-06-23T12:37:55+00:00","description":"Hur vita kommer mina t\u00e4nder att bli? Hur l\u00e4nge h\u00e5ller blekningsresultaten? Hur ofta kan jag anv\u00e4nda iWhite tandblekningsprodukter?","breadcrumb":{"@id":"https:\/\/iwhiteinstant.com\/se\/vanliga-fragor\/#breadcrumb"},"inLanguage":"sv-SE","potentialAction":[{"@type":"ReadAction","target":["https:\/\/iwhiteinstant.com\/se\/vanliga-fragor\/"]}]},{"@type":"BreadcrumbList","@id":"https:\/\/iwhiteinstant.com\/se\/vanliga-fragor\/#breadcrumb","itemListElement":[{"@type":"ListItem","position":1,"name":"Home","item":"https:\/\/iwhiteinstant.com\/se\/"},{"@type":"ListItem","position":2,"name":"FAQ"}]},{"@type":"WebSite","@id":"https:\/\/iwhiteinstant.com\/se\/#website","url":"https:\/\/iwhiteinstant.com\/se\/","name":"iWhite","description":"","publisher":{"@id":"https:\/\/iwhiteinstant.com\/se\/#organization"},"potentialAction":[{"@type":"SearchAction","target":{"@type":"EntryPoint","urlTemplate":"https:\/\/iwhiteinstant.com\/se\/?s={search_term_string}"},"query-input":{"@type":"PropertyValueSpecification","valueRequired":true,"valueName":"search_term_string"}}],"inLanguage":"sv-SE"},{"@type":"Organization","@id":"https:\/\/iwhiteinstant.com\/se\/#organization","name":"iWhite","url":"https:\/\/iwhiteinstant.com\/se\/","logo":{"@type":"ImageObject","inLanguage":"sv-SE","@id":"https:\/\/iwhiteinstant.com\/se\/#\/schema\/logo\/image\/","url":"https:\/\/iwhiteinstant.com\/app\/uploads\/sites\/15\/2024\/11\/Iwhite-logo.png","contentUrl":"https:\/\/iwhiteinstant.com\/app\/uploads\/sites\/15\/2024\/11\/Iwhite-logo.png","width":160,"height":40,"caption":"iWhite"},"image":{"@id":"https:\/\/iwhiteinstant.com\/se\/#\/schema\/logo\/image\/"}}]}},"_links":{"self":[{"href":"https:\/\/iwhiteinstant.com\/se\/wp-json\/wp\/v2\/pages\/50","targetHints":{"allow":["GET"]}}],"collection":[{"href":"https:\/\/iwhiteinstant.com\/se\/wp-json\/wp\/v2\/pages"}],"about":[{"href":"https:\/\/iwhiteinstant.com\/se\/wp-json\/wp\/v2\/types\/page"}],"author":[{"embeddable":true,"href":"https:\/\/iwhiteinstant.com\/se\/wp-json\/wp\/v2\/users\/2"}],"replies":[{"embeddable":true,"href":"https:\/\/iwhiteinstant.com\/se\/wp-json\/wp\/v2\/comments?post=50"}],"version-history":[{"count":4,"href":"https:\/\/iwhiteinstant.com\/se\/wp-json\/wp\/v2\/pages\/50\/revisions"}],"predecessor-version":[{"id":265,"href":"https:\/\/iwhiteinstant.com\/se\/wp-json\/wp\/v2\/pages\/50\/revisions\/265"}],"wp:attachment":[{"href":"https:\/\/iwhiteinstant.com\/se\/wp-json\/wp\/v2\/media?parent=50"}],"wp:term":[{"taxonomy":"from-article-database","embeddable":true,"href":"https:\/\/iwhiteinstant.com\/se\/wp-json\/wp\/v2\/from-article-database?post=50"}],"curies":[{"name":"wp","href":"https:\/\/api.w.org\/{rel}","templated":true}]}}