{"id":58,"date":"2024-11-15T10:44:41","date_gmt":"2024-11-15T09:44:41","guid":{"rendered":"https:\/\/iwhiteinstant.com\/se\/?page_id=58"},"modified":"2024-12-20T15:21:53","modified_gmt":"2024-12-20T14:21:53","slug":"om-iwhite","status":"publish","type":"page","link":"https:\/\/iwhiteinstant.com\/se\/om-iwhite\/","title":{"rendered":"Om iWhite"},"content":{"rendered":"\n<div class=\"wp-block-karopharma-free-text pt-large pb-large bg-center bg-cover bg-no-repeat bg-box\" style=\"background-image:url(https:\/\/iwhiteinstant.com\/cdn-cgi\/image\/format=auto\/app\/uploads\/sites\/15\/2024\/11\/about-iwhite.jpg)\"><div class=\"free-text-wrapper container max-w-small text-left\">\n<h1 class=\"wp-block-heading is-style-heading-huge has-primary-color has-text-color\">Dr\u00f6mmen om ett vitt, bl\u00e4ndande leende<\/h1>\n\n\n\n<p>Karo Healthcare (Sylphar) \u00e4r en tillverkare av medicintekniska enheter och kosmetiska produkter och startade 2008 som en spin-off fr\u00e5n ett b\u00f6rsnoterat tandv\u00e5rdsf\u00f6retag. V\u00e5rt fokus ligger p\u00e5 att ta fram innovativa, konsumentv\u00e4nliga produkter som sticker ut p\u00e5 grund av sina revolutionerande anv\u00e4ndningsmetoder. <\/p>\n<\/div><\/div>\n\n\n\n<div class=\"wp-block-karopharma-free-text pt-large pb-small bg-center bg-cover bg-no-repeat\" style=\"background-image:url()\"><div class=\"free-text-wrapper container max-w-medium text-left\">\n<p>V\u00e5ra produkter finns p\u00e5 apoteket, i detaljhandeln och online.<\/p>\n\n\n\n<p>Ett specialiserat produktutvecklingsteam garanterar kontinuerlig produktinnovation i linje med kundens specifika behov. Strikta kvalitetskontroller, i enlighet med standarderna ISO 13485 och ISO 22716 och garantier att v\u00e5ra produkter \u00e4r av konsekvent h\u00f6g kvalitet och f\u00f6ljer riktlinjerna f\u00f6r medicintekniska produkter och kosmetisk lagstiftning. Vi \u00e4r \u00e4ven registrerade hos Agency for Medicines and Health Products) (FAGG) och \u00e4r kontrolleras \u00e4ven som tillverkare av medicintekniska produkter. All forskning och utveckling styrs och kontrolleras i reglerade, h\u00f6gkvalitativa milj\u00f6er p\u00e5 v\u00e5rt huvudkontor i Deurle, Belgien.<\/p>\n<\/div><\/div>\n","protected":false},"excerpt":{"rendered":"","protected":false},"author":2,"featured_media":0,"parent":0,"menu_order":0,"comment_status":"closed","ping_status":"closed","template":"","meta":{"_acf_changed":false,"footnotes":""},"from-article-database":[],"class_list":["post-58","page","type-page","status-publish","hentry"],"acf":[],"yoast_head":"<!-- This site is optimized with the Yoast SEO plugin v26.6 - https:\/\/yoast.com\/wordpress\/plugins\/seo\/ -->\n<title>Om iWhite - iWhite<\/title>\n<meta name=\"description\" content=\"Dr\u00f6mmen om ett vitt, bl\u00e4ndande leende - iWhite\" \/>\n<meta name=\"robots\" content=\"index, follow, max-snippet:-1, max-image-preview:large, max-video-preview:-1\" \/>\n<link rel=\"canonical\" href=\"https:\/\/iwhiteinstant.com\/se\/om-iwhite\/\" \/>\n<meta property=\"og:locale\" content=\"sv_SE\" \/>\n<meta property=\"og:type\" content=\"article\" \/>\n<meta property=\"og:title\" content=\"Om iWhite - iWhite\" \/>\n<meta property=\"og:description\" content=\"Dr\u00f6mmen om ett vitt, bl\u00e4ndande leende - iWhite\" \/>\n<meta property=\"og:url\" content=\"https:\/\/iwhiteinstant.com\/se\/om-iwhite\/\" \/>\n<meta property=\"og:site_name\" content=\"iWhite\" \/>\n<meta property=\"article:modified_time\" content=\"2024-12-20T14:21:53+00:00\" \/>\n<meta name=\"twitter:card\" content=\"summary_large_image\" \/>\n<meta name=\"twitter:label1\" content=\"Est. reading time\" \/>\n\t<meta name=\"twitter:data1\" content=\"1 minut\" \/>\n<script type=\"application\/ld+json\" class=\"yoast-schema-graph\">{\"@context\":\"https:\/\/schema.org\",\"@graph\":[{\"@type\":\"WebPage\",\"@id\":\"https:\/\/iwhiteinstant.com\/se\/om-iwhite\/\",\"url\":\"https:\/\/iwhiteinstant.com\/se\/om-iwhite\/\",\"name\":\"Om iWhite - iWhite\",\"isPartOf\":{\"@id\":\"https:\/\/iwhiteinstant.com\/se\/#website\"},\"datePublished\":\"2024-11-15T09:44:41+00:00\",\"dateModified\":\"2024-12-20T14:21:53+00:00\",\"description\":\"Dr\u00f6mmen om ett vitt, bl\u00e4ndande leende - iWhite\",\"breadcrumb\":{\"@id\":\"https:\/\/iwhiteinstant.com\/se\/om-iwhite\/#breadcrumb\"},\"inLanguage\":\"sv-SE\",\"potentialAction\":[{\"@type\":\"ReadAction\",\"target\":[\"https:\/\/iwhiteinstant.com\/se\/om-iwhite\/\"]}]},{\"@type\":\"BreadcrumbList\",\"@id\":\"https:\/\/iwhiteinstant.com\/se\/om-iwhite\/#breadcrumb\",\"itemListElement\":[{\"@type\":\"ListItem\",\"position\":1,\"name\":\"Home\",\"item\":\"https:\/\/iwhiteinstant.com\/se\/\"},{\"@type\":\"ListItem\",\"position\":2,\"name\":\"Om iWhite\"}]},{\"@type\":\"WebSite\",\"@id\":\"https:\/\/iwhiteinstant.com\/se\/#website\",\"url\":\"https:\/\/iwhiteinstant.com\/se\/\",\"name\":\"iWhite\",\"description\":\"\",\"publisher\":{\"@id\":\"https:\/\/iwhiteinstant.com\/se\/#organization\"},\"potentialAction\":[{\"@type\":\"SearchAction\",\"target\":{\"@type\":\"EntryPoint\",\"urlTemplate\":\"https:\/\/iwhiteinstant.com\/se\/?s={search_term_string}\"},\"query-input\":{\"@type\":\"PropertyValueSpecification\",\"valueRequired\":true,\"valueName\":\"search_term_string\"}}],\"inLanguage\":\"sv-SE\"},{\"@type\":\"Organization\",\"@id\":\"https:\/\/iwhiteinstant.com\/se\/#organization\",\"name\":\"iWhite\",\"url\":\"https:\/\/iwhiteinstant.com\/se\/\",\"logo\":{\"@type\":\"ImageObject\",\"inLanguage\":\"sv-SE\",\"@id\":\"https:\/\/iwhiteinstant.com\/se\/#\/schema\/logo\/image\/\",\"url\":\"https:\/\/iwhiteinstant.com\/app\/uploads\/sites\/15\/2024\/11\/Iwhite-logo.png\",\"contentUrl\":\"https:\/\/iwhiteinstant.com\/app\/uploads\/sites\/15\/2024\/11\/Iwhite-logo.png\",\"width\":160,\"height\":40,\"caption\":\"iWhite\"},\"image\":{\"@id\":\"https:\/\/iwhiteinstant.com\/se\/#\/schema\/logo\/image\/\"}}]}<\/script>\n<!-- \/ Yoast SEO plugin. -->","yoast_head_json":{"title":"Om iWhite - iWhite","description":"Dr\u00f6mmen om ett vitt, bl\u00e4ndande leende - iWhite","robots":{"index":"index","follow":"follow","max-snippet":"max-snippet:-1","max-image-preview":"max-image-preview:large","max-video-preview":"max-video-preview:-1"},"canonical":"https:\/\/iwhiteinstant.com\/se\/om-iwhite\/","og_locale":"sv_SE","og_type":"article","og_title":"Om iWhite - iWhite","og_description":"Dr\u00f6mmen om ett vitt, bl\u00e4ndande leende - iWhite","og_url":"https:\/\/iwhiteinstant.com\/se\/om-iwhite\/","og_site_name":"iWhite","article_modified_time":"2024-12-20T14:21:53+00:00","twitter_card":"summary_large_image","twitter_misc":{"Est. reading time":"1 minut"},"schema":{"@context":"https:\/\/schema.org","@graph":[{"@type":"WebPage","@id":"https:\/\/iwhiteinstant.com\/se\/om-iwhite\/","url":"https:\/\/iwhiteinstant.com\/se\/om-iwhite\/","name":"Om iWhite - iWhite","isPartOf":{"@id":"https:\/\/iwhiteinstant.com\/se\/#website"},"datePublished":"2024-11-15T09:44:41+00:00","dateModified":"2024-12-20T14:21:53+00:00","description":"Dr\u00f6mmen om ett vitt, bl\u00e4ndande leende - iWhite","breadcrumb":{"@id":"https:\/\/iwhiteinstant.com\/se\/om-iwhite\/#breadcrumb"},"inLanguage":"sv-SE","potentialAction":[{"@type":"ReadAction","target":["https:\/\/iwhiteinstant.com\/se\/om-iwhite\/"]}]},{"@type":"BreadcrumbList","@id":"https:\/\/iwhiteinstant.com\/se\/om-iwhite\/#breadcrumb","itemListElement":[{"@type":"ListItem","position":1,"name":"Home","item":"https:\/\/iwhiteinstant.com\/se\/"},{"@type":"ListItem","position":2,"name":"Om iWhite"}]},{"@type":"WebSite","@id":"https:\/\/iwhiteinstant.com\/se\/#website","url":"https:\/\/iwhiteinstant.com\/se\/","name":"iWhite","description":"","publisher":{"@id":"https:\/\/iwhiteinstant.com\/se\/#organization"},"potentialAction":[{"@type":"SearchAction","target":{"@type":"EntryPoint","urlTemplate":"https:\/\/iwhiteinstant.com\/se\/?s={search_term_string}"},"query-input":{"@type":"PropertyValueSpecification","valueRequired":true,"valueName":"search_term_string"}}],"inLanguage":"sv-SE"},{"@type":"Organization","@id":"https:\/\/iwhiteinstant.com\/se\/#organization","name":"iWhite","url":"https:\/\/iwhiteinstant.com\/se\/","logo":{"@type":"ImageObject","inLanguage":"sv-SE","@id":"https:\/\/iwhiteinstant.com\/se\/#\/schema\/logo\/image\/","url":"https:\/\/iwhiteinstant.com\/app\/uploads\/sites\/15\/2024\/11\/Iwhite-logo.png","contentUrl":"https:\/\/iwhiteinstant.com\/app\/uploads\/sites\/15\/2024\/11\/Iwhite-logo.png","width":160,"height":40,"caption":"iWhite"},"image":{"@id":"https:\/\/iwhiteinstant.com\/se\/#\/schema\/logo\/image\/"}}]}},"_links":{"self":[{"href":"https:\/\/iwhiteinstant.com\/se\/wp-json\/wp\/v2\/pages\/58","targetHints":{"allow":["GET"]}}],"collection":[{"href":"https:\/\/iwhiteinstant.com\/se\/wp-json\/wp\/v2\/pages"}],"about":[{"href":"https:\/\/iwhiteinstant.com\/se\/wp-json\/wp\/v2\/types\/page"}],"author":[{"embeddable":true,"href":"https:\/\/iwhiteinstant.com\/se\/wp-json\/wp\/v2\/users\/2"}],"replies":[{"embeddable":true,"href":"https:\/\/iwhiteinstant.com\/se\/wp-json\/wp\/v2\/comments?post=58"}],"version-history":[{"count":4,"href":"https:\/\/iwhiteinstant.com\/se\/wp-json\/wp\/v2\/pages\/58\/revisions"}],"predecessor-version":[{"id":245,"href":"https:\/\/iwhiteinstant.com\/se\/wp-json\/wp\/v2\/pages\/58\/revisions\/245"}],"wp:attachment":[{"href":"https:\/\/iwhiteinstant.com\/se\/wp-json\/wp\/v2\/media?parent=58"}],"wp:term":[{"taxonomy":"from-article-database","embeddable":true,"href":"https:\/\/iwhiteinstant.com\/se\/wp-json\/wp\/v2\/from-article-database?post=58"}],"curies":[{"name":"wp","href":"https:\/\/api.w.org\/{rel}","templated":true}]}}