{"id":101,"date":"2024-11-15T11:05:54","date_gmt":"2024-11-15T10:05:54","guid":{"rendered":"https:\/\/iwhiteinstant.com\/se\/?post_type=product&#038;p=101"},"modified":"2024-12-20T15:21:31","modified_gmt":"2024-12-20T14:21:31","slug":"iwhite-dark-stains-whitening-kit","status":"publish","type":"product","link":"https:\/\/iwhiteinstant.com\/se\/produkt\/iwhite-dark-stains-whitening-kit\/","title":{"rendered":"iWhite Dark Stains Whitening Kit"},"content":{"rendered":"\n<div style=\"height:100px\" aria-hidden=\"true\" class=\"wp-block-spacer is-style-responsive-small\"><\/div>\n\n\n\n<section class=\"wp-block-karopharma-image-with-text image-with-text image-with-text__not-full-width is-style-primary\"><div class=\"image-with-text-container \"><div class=\"image-with-text-container-image-container\"><img decoding=\"async\" loading=\"lazy\" src=\"https:\/\/iwhiteinstant.com\/cdn-cgi\/image\/format=auto\/app\/uploads\/sites\/15\/2024\/11\/iwhite-dark-stains-image.jpg\" alt=\"iwhite-dark-stains-image\"\/><\/div><div class=\"image-with-text-container-content\" style=\"text-align:left\" data-test=\"content\"><div class=\"content\"><h2>Kan du njuta din kopp kaffe eller te och samtidigt ha ett vitt leende?<\/h2><p class=\"body\" data-test=\"body\">Du beh\u00f6ver inte oroa dig l\u00e4ngre, tack vare denna banbrytande blekningssats som ocks\u00e5 \u00e4r mycket enkelt att anv\u00e4nda. Ingen f\u00f6rberedelse med geler eller blandning av ingredienser och det tar bara 20 minuter om dagen!<br><br>iWhite eng\u00e5ngsskenor \u00e4r tunna och flexibla f\u00f6r att s\u00e4kerst\u00e4lla en bekv\u00e4m passform och maximal prestanda. De inneh\u00e5ller en ny, revolutionerande blekningsgel med aktivt kol. Denna unika aktiva ingrediens neutraliserar och eliminerar m\u00f6rka fl\u00e4ckar fr\u00e5n kaffe, te, tobak och r\u00f6dvin!<br>En innovativ formula baserad p\u00e5 teknik som har visat sig vara s\u00e4ker f\u00f6r t\u00e4nderna och omedelbart effektiv. Ger dig ett bl\u00e4ndvitt leende och upp till 8 nyanser* vitare t\u00e4nder.<\/p>\n<div class=\"wp-block-buttons is-layout-flex wp-block-buttons-is-layout-flex\"><\/div>\n<\/div><\/div><\/div><\/section>\n\n\n\n<div class=\"wp-block-karopharma-accordions is-style-secondary\"><div class=\"container\">\n<details class=\"wp-block-karopharma-accordion\"><summary><h2 class=\"accordion-title\">Hur fungerar det?<\/h2><\/summary><div class=\"accordion-content\">\n<p>Du kan b\u00f6rja direkt n\u00e4r du \u00f6ppnar paketet. Du ser till och med en omedelbar blekningseffekt efter f\u00f6rsta appliceringen! Anv\u00e4nd 5 dagar i f\u00f6ljd f\u00f6r \u00e4nnu mer h\u00e4pnadsv\u00e4ckande och optimala resultat.<\/p>\n<\/div><\/details>\n\n\n\n<details class=\"wp-block-karopharma-accordion\"><summary><h2 class=\"accordion-title\">Hur tar iWhite bort fl\u00e4ckar p\u00e5 t\u00e4nderna?<\/h2><\/summary><div class=\"accordion-content\">\n<p><strong>Verkan 1: <\/strong>Genom att anv\u00e4nda mikrop\u00e4rlor av aktivt kol f\u00e5ngas m\u00f6rka fl\u00e4ckar upp och d\u00e5lig andedr\u00e4kt f\u00f6rsvinner. Eftersom aktivt kol har stark fysisk adsorption avl\u00e4gsnas fl\u00e4ckar.<\/p>\n\n\n\n<p><strong>Verkan 2: <\/strong>Hexametafosfat f\u00f6rhindrar att nya fl\u00e4ckar uppst\u00e5r. Det skapar ett skyddande lager p\u00e5 emaljen som f\u00f6rhindrar att nya fl\u00e4ckar bildas.<\/p>\n<\/div><\/details>\n\n\n\n<details class=\"wp-block-karopharma-accordion\"><summary><h2 class=\"accordion-title\">iWhite Micropearl-teknologi = vad \u00e4r det?<\/h2><\/summary><div class=\"accordion-content\">\n<p>En innovativ teknik som m\u00f6jligg\u00f6r koncentrerad och riktad fris\u00e4ttning av de aktiva \u00e4mnena inuti. Det inneb\u00e4r att du best\u00e4mmer n\u00e4r och var de koncentrerade aktiva \u00e4mnena ska frig\u00f6ras direkt till emaljen. I iWhite Dark Stains blekningssats laddas aktiva mikrop\u00e4rlor med aktivt kol.<\/p>\n<\/div><\/details>\n<\/div><\/div>\n\n\n\n<div class=\"wp-block-karopharma-free-text pt-large pb-none bg-center bg-cover bg-no-repeat\" style=\"background-image:url()\"><div class=\"free-text-wrapper container max-w-medium text-center\">\n<h2 class=\"wp-block-heading\">3 steg fr\u00e5n ett skinande, vitt leende.<\/h2>\n<\/div><\/div>\n\n\n\n<section class=\"wp-block-karopharma-usp usp undefined\"><div class=\"usp-wrapper\">\n<section class=\"wp-block-karopharma-usp-single usp-single undefined\"><div class=\"icon\"><svg width=\"21\" height=\"16\" viewBox=\"0 0 21 16\" fill=\"none\" xmlns=\"http:\/\/www.w3.org\/2000\/svg\"><path d=\"M19.2567 0.164742L6.13095 13.2905L1.49056 8.65006C1.2709 8.4304 0.914742 8.4304 0.695039 8.65006L0.164742 9.18036C-0.0549141 9.40001 -0.0549141 9.75617 0.164742 9.97587L5.73321 15.5443C5.95287 15.764 6.30903 15.764 6.52873 15.5443L20.5825 1.4906C20.8021 1.27095 20.8021 0.914789 20.5825 0.695086L20.0521 0.164742C19.8325 -0.0549141 19.4763 -0.0549141 19.2567 0.164742Z\" fill=\"white\"><\/path><\/svg><\/div>\n<h4 class=\"wp-block-heading has-text-align-center is-style-heading-h4\">1. TRYCK<\/h4>\n\n\n\n<p class=\"has-text-align-center is-style-body-text\">N\u00e4r du f\u00f6rsiktigt trycker p\u00e5 skenorna spricker mikrop\u00e4rlorna.<\/p>\n<\/section>\n\n\n\n<section class=\"wp-block-karopharma-usp-single usp-single undefined\"><div class=\"icon\"><svg width=\"21\" height=\"16\" viewBox=\"0 0 21 16\" fill=\"none\" xmlns=\"http:\/\/www.w3.org\/2000\/svg\"><path d=\"M19.2567 0.164742L6.13095 13.2905L1.49056 8.65006C1.2709 8.4304 0.914742 8.4304 0.695039 8.65006L0.164742 9.18036C-0.0549141 9.40001 -0.0549141 9.75617 0.164742 9.97587L5.73321 15.5443C5.95287 15.764 6.30903 15.764 6.52873 15.5443L20.5825 1.4906C20.8021 1.27095 20.8021 0.914789 20.5825 0.695086L20.0521 0.164742C19.8325 -0.0549141 19.4763 -0.0549141 19.2567 0.164742Z\" fill=\"white\"><\/path><\/svg><\/div>\n<h4 class=\"wp-block-heading has-text-align-center is-style-heading-h4\">2. AKTIVERA<\/h4>\n\n\n\n<p class=\"has-text-align-center is-style-body-text\">De koncentrerade aktiva \u00e4mnena i mikrop\u00e4rlorna frig\u00f6rs.<\/p>\n<\/section>\n\n\n\n<section class=\"wp-block-karopharma-usp-single usp-single undefined\"><div class=\"icon\"><svg width=\"21\" height=\"16\" viewBox=\"0 0 21 16\" fill=\"none\" xmlns=\"http:\/\/www.w3.org\/2000\/svg\"><path d=\"M19.2567 0.164742L6.13095 13.2905L1.49056 8.65006C1.2709 8.4304 0.914742 8.4304 0.695039 8.65006L0.164742 9.18036C-0.0549141 9.40001 -0.0549141 9.75617 0.164742 9.97587L5.73321 15.5443C5.95287 15.764 6.30903 15.764 6.52873 15.5443L20.5825 1.4906C20.8021 1.27095 20.8021 0.914789 20.5825 0.695086L20.0521 0.164742C19.8325 -0.0549141 19.4763 -0.0549141 19.2567 0.164742Z\" fill=\"white\"><\/path><\/svg><\/div>\n<h4 class=\"wp-block-heading has-text-align-center is-style-heading-h4\">3. RESULTAT<\/h4>\n\n\n\n<p class=\"has-text-align-center is-style-body-text\">iWhite Whitening Gel + mikrop\u00e4rlor = MAGI! Anv\u00e4nd den i 20 minuter och se resultatet p\u00e5 egen hand!!<\/p>\n<\/section>\n<\/div><\/section>\n","protected":false},"excerpt":{"rendered":"<p>Blekningskit f\u00f6r att ta bort fl\u00e4ckar fr\u00e5n kaffe, te, tobak och r\u00f6dvin.<\/p>\n","protected":false},"featured_media":102,"comment_status":"closed","ping_status":"closed","template":"","meta":{"_acf_changed":false,"footnotes":""},"product_brand":[],"product_cat":[22],"product_tag":[],"class_list":{"0":"post-101","1":"product","2":"type-product","3":"status-publish","4":"has-post-thumbnail","6":"product_cat-whitening-kit","8":"first","9":"instock","10":"shipping-taxable","11":"product-type-simple"},"acf":[],"yoast_head":"<!-- This site is optimized with the Yoast SEO plugin v26.6 - https:\/\/yoast.com\/wordpress\/plugins\/seo\/ -->\n<title>iWhite Dark Stains Whitening Kit - iWhite<\/title>\n<meta name=\"description\" content=\"Att dricka vin, kaffe eller te och r\u00f6ka ... kan tyv\u00e4rr orsaka fl\u00e4ckar p\u00e5 t\u00e4nderna. Eftersom ingen vill ha fl\u00e4ckiga t\u00e4nder utvecklade iWhite ett unikt vitg\u00f6rande kit\" \/>\n<meta name=\"robots\" content=\"index, follow, max-snippet:-1, max-image-preview:large, max-video-preview:-1\" \/>\n<link rel=\"canonical\" href=\"https:\/\/iwhiteinstant.com\/se\/produkt\/iwhite-dark-stains-whitening-kit\/\" \/>\n<meta property=\"og:locale\" content=\"sv_SE\" \/>\n<meta property=\"og:type\" content=\"article\" \/>\n<meta property=\"og:title\" content=\"iWhite Dark Stains Whitening Kit - iWhite\" \/>\n<meta property=\"og:description\" content=\"Att dricka vin, kaffe eller te och r\u00f6ka ... kan tyv\u00e4rr orsaka fl\u00e4ckar p\u00e5 t\u00e4nderna. Eftersom ingen vill ha fl\u00e4ckiga t\u00e4nder utvecklade iWhite ett unikt vitg\u00f6rande kit\" \/>\n<meta property=\"og:url\" content=\"https:\/\/iwhiteinstant.com\/se\/produkt\/iwhite-dark-stains-whitening-kit\/\" \/>\n<meta property=\"og:site_name\" content=\"iWhite\" \/>\n<meta property=\"article:modified_time\" content=\"2024-12-20T14:21:31+00:00\" \/>\n<meta property=\"og:image\" content=\"https:\/\/iwhiteinstant.com\/app\/uploads\/sites\/15\/2024\/11\/iWhite-Dark-stains-whitening-kit.png\" \/>\n\t<meta property=\"og:image:width\" content=\"800\" \/>\n\t<meta property=\"og:image:height\" content=\"800\" \/>\n\t<meta property=\"og:image:type\" content=\"image\/png\" \/>\n<meta name=\"twitter:card\" content=\"summary_large_image\" \/>\n<meta name=\"twitter:label1\" content=\"Est. reading time\" \/>\n\t<meta name=\"twitter:data1\" content=\"2 minuter\" \/>\n<script type=\"application\/ld+json\" class=\"yoast-schema-graph\">{\"@context\":\"https:\/\/schema.org\",\"@graph\":[{\"@type\":\"WebPage\",\"@id\":\"https:\/\/iwhiteinstant.com\/se\/produkt\/iwhite-dark-stains-whitening-kit\/\",\"url\":\"https:\/\/iwhiteinstant.com\/se\/produkt\/iwhite-dark-stains-whitening-kit\/\",\"name\":\"iWhite Dark Stains Whitening Kit - iWhite\",\"isPartOf\":{\"@id\":\"https:\/\/iwhiteinstant.com\/se\/#website\"},\"primaryImageOfPage\":{\"@id\":\"https:\/\/iwhiteinstant.com\/se\/produkt\/iwhite-dark-stains-whitening-kit\/#primaryimage\"},\"image\":{\"@id\":\"https:\/\/iwhiteinstant.com\/se\/produkt\/iwhite-dark-stains-whitening-kit\/#primaryimage\"},\"thumbnailUrl\":\"https:\/\/iwhiteinstant.com\/app\/uploads\/sites\/15\/2024\/11\/iWhite-Dark-stains-whitening-kit.png\",\"datePublished\":\"2024-11-15T10:05:54+00:00\",\"dateModified\":\"2024-12-20T14:21:31+00:00\",\"description\":\"Att dricka vin, kaffe eller te och r\u00f6ka ... kan tyv\u00e4rr orsaka fl\u00e4ckar p\u00e5 t\u00e4nderna. Eftersom ingen vill ha fl\u00e4ckiga t\u00e4nder utvecklade iWhite ett unikt vitg\u00f6rande kit\",\"breadcrumb\":{\"@id\":\"https:\/\/iwhiteinstant.com\/se\/produkt\/iwhite-dark-stains-whitening-kit\/#breadcrumb\"},\"inLanguage\":\"sv-SE\",\"potentialAction\":[{\"@type\":\"ReadAction\",\"target\":[\"https:\/\/iwhiteinstant.com\/se\/produkt\/iwhite-dark-stains-whitening-kit\/\"]}]},{\"@type\":\"ImageObject\",\"inLanguage\":\"sv-SE\",\"@id\":\"https:\/\/iwhiteinstant.com\/se\/produkt\/iwhite-dark-stains-whitening-kit\/#primaryimage\",\"url\":\"https:\/\/iwhiteinstant.com\/app\/uploads\/sites\/15\/2024\/11\/iWhite-Dark-stains-whitening-kit.png\",\"contentUrl\":\"https:\/\/iwhiteinstant.com\/app\/uploads\/sites\/15\/2024\/11\/iWhite-Dark-stains-whitening-kit.png\",\"width\":800,\"height\":800,\"caption\":\"iWhite-Dark-stains-whitening-kit\"},{\"@type\":\"BreadcrumbList\",\"@id\":\"https:\/\/iwhiteinstant.com\/se\/produkt\/iwhite-dark-stains-whitening-kit\/#breadcrumb\",\"itemListElement\":[{\"@type\":\"ListItem\",\"position\":1,\"name\":\"Home\",\"item\":\"https:\/\/iwhiteinstant.com\/se\/\"},{\"@type\":\"ListItem\",\"position\":2,\"name\":\"Sortiment\",\"item\":\"https:\/\/iwhiteinstant.com\/se\/iwhite-sortimentet\/\"},{\"@type\":\"ListItem\",\"position\":3,\"name\":\"iWhite Dark Stains Whitening Kit\"}]},{\"@type\":\"WebSite\",\"@id\":\"https:\/\/iwhiteinstant.com\/se\/#website\",\"url\":\"https:\/\/iwhiteinstant.com\/se\/\",\"name\":\"iWhite\",\"description\":\"\",\"publisher\":{\"@id\":\"https:\/\/iwhiteinstant.com\/se\/#organization\"},\"potentialAction\":[{\"@type\":\"SearchAction\",\"target\":{\"@type\":\"EntryPoint\",\"urlTemplate\":\"https:\/\/iwhiteinstant.com\/se\/?s={search_term_string}\"},\"query-input\":{\"@type\":\"PropertyValueSpecification\",\"valueRequired\":true,\"valueName\":\"search_term_string\"}}],\"inLanguage\":\"sv-SE\"},{\"@type\":\"Organization\",\"@id\":\"https:\/\/iwhiteinstant.com\/se\/#organization\",\"name\":\"iWhite\",\"url\":\"https:\/\/iwhiteinstant.com\/se\/\",\"logo\":{\"@type\":\"ImageObject\",\"inLanguage\":\"sv-SE\",\"@id\":\"https:\/\/iwhiteinstant.com\/se\/#\/schema\/logo\/image\/\",\"url\":\"https:\/\/iwhiteinstant.com\/app\/uploads\/sites\/15\/2024\/11\/Iwhite-logo.png\",\"contentUrl\":\"https:\/\/iwhiteinstant.com\/app\/uploads\/sites\/15\/2024\/11\/Iwhite-logo.png\",\"width\":160,\"height\":40,\"caption\":\"iWhite\"},\"image\":{\"@id\":\"https:\/\/iwhiteinstant.com\/se\/#\/schema\/logo\/image\/\"}}]}<\/script>\n<!-- \/ Yoast SEO plugin. -->","yoast_head_json":{"title":"iWhite Dark Stains Whitening Kit - iWhite","description":"Att dricka vin, kaffe eller te och r\u00f6ka ... kan tyv\u00e4rr orsaka fl\u00e4ckar p\u00e5 t\u00e4nderna. Eftersom ingen vill ha fl\u00e4ckiga t\u00e4nder utvecklade iWhite ett unikt vitg\u00f6rande kit","robots":{"index":"index","follow":"follow","max-snippet":"max-snippet:-1","max-image-preview":"max-image-preview:large","max-video-preview":"max-video-preview:-1"},"canonical":"https:\/\/iwhiteinstant.com\/se\/produkt\/iwhite-dark-stains-whitening-kit\/","og_locale":"sv_SE","og_type":"article","og_title":"iWhite Dark Stains Whitening Kit - iWhite","og_description":"Att dricka vin, kaffe eller te och r\u00f6ka ... kan tyv\u00e4rr orsaka fl\u00e4ckar p\u00e5 t\u00e4nderna. Eftersom ingen vill ha fl\u00e4ckiga t\u00e4nder utvecklade iWhite ett unikt vitg\u00f6rande kit","og_url":"https:\/\/iwhiteinstant.com\/se\/produkt\/iwhite-dark-stains-whitening-kit\/","og_site_name":"iWhite","article_modified_time":"2024-12-20T14:21:31+00:00","og_image":[{"width":800,"height":800,"url":"https:\/\/iwhiteinstant.com\/app\/uploads\/sites\/15\/2024\/11\/iWhite-Dark-stains-whitening-kit.png","type":"image\/png"}],"twitter_card":"summary_large_image","twitter_misc":{"Est. reading time":"2 minuter"},"schema":{"@context":"https:\/\/schema.org","@graph":[{"@type":"WebPage","@id":"https:\/\/iwhiteinstant.com\/se\/produkt\/iwhite-dark-stains-whitening-kit\/","url":"https:\/\/iwhiteinstant.com\/se\/produkt\/iwhite-dark-stains-whitening-kit\/","name":"iWhite Dark Stains Whitening Kit - iWhite","isPartOf":{"@id":"https:\/\/iwhiteinstant.com\/se\/#website"},"primaryImageOfPage":{"@id":"https:\/\/iwhiteinstant.com\/se\/produkt\/iwhite-dark-stains-whitening-kit\/#primaryimage"},"image":{"@id":"https:\/\/iwhiteinstant.com\/se\/produkt\/iwhite-dark-stains-whitening-kit\/#primaryimage"},"thumbnailUrl":"https:\/\/iwhiteinstant.com\/app\/uploads\/sites\/15\/2024\/11\/iWhite-Dark-stains-whitening-kit.png","datePublished":"2024-11-15T10:05:54+00:00","dateModified":"2024-12-20T14:21:31+00:00","description":"Att dricka vin, kaffe eller te och r\u00f6ka ... kan tyv\u00e4rr orsaka fl\u00e4ckar p\u00e5 t\u00e4nderna. Eftersom ingen vill ha fl\u00e4ckiga t\u00e4nder utvecklade iWhite ett unikt vitg\u00f6rande kit","breadcrumb":{"@id":"https:\/\/iwhiteinstant.com\/se\/produkt\/iwhite-dark-stains-whitening-kit\/#breadcrumb"},"inLanguage":"sv-SE","potentialAction":[{"@type":"ReadAction","target":["https:\/\/iwhiteinstant.com\/se\/produkt\/iwhite-dark-stains-whitening-kit\/"]}]},{"@type":"ImageObject","inLanguage":"sv-SE","@id":"https:\/\/iwhiteinstant.com\/se\/produkt\/iwhite-dark-stains-whitening-kit\/#primaryimage","url":"https:\/\/iwhiteinstant.com\/app\/uploads\/sites\/15\/2024\/11\/iWhite-Dark-stains-whitening-kit.png","contentUrl":"https:\/\/iwhiteinstant.com\/app\/uploads\/sites\/15\/2024\/11\/iWhite-Dark-stains-whitening-kit.png","width":800,"height":800,"caption":"iWhite-Dark-stains-whitening-kit"},{"@type":"BreadcrumbList","@id":"https:\/\/iwhiteinstant.com\/se\/produkt\/iwhite-dark-stains-whitening-kit\/#breadcrumb","itemListElement":[{"@type":"ListItem","position":1,"name":"Home","item":"https:\/\/iwhiteinstant.com\/se\/"},{"@type":"ListItem","position":2,"name":"Sortiment","item":"https:\/\/iwhiteinstant.com\/se\/iwhite-sortimentet\/"},{"@type":"ListItem","position":3,"name":"iWhite Dark Stains Whitening Kit"}]},{"@type":"WebSite","@id":"https:\/\/iwhiteinstant.com\/se\/#website","url":"https:\/\/iwhiteinstant.com\/se\/","name":"iWhite","description":"","publisher":{"@id":"https:\/\/iwhiteinstant.com\/se\/#organization"},"potentialAction":[{"@type":"SearchAction","target":{"@type":"EntryPoint","urlTemplate":"https:\/\/iwhiteinstant.com\/se\/?s={search_term_string}"},"query-input":{"@type":"PropertyValueSpecification","valueRequired":true,"valueName":"search_term_string"}}],"inLanguage":"sv-SE"},{"@type":"Organization","@id":"https:\/\/iwhiteinstant.com\/se\/#organization","name":"iWhite","url":"https:\/\/iwhiteinstant.com\/se\/","logo":{"@type":"ImageObject","inLanguage":"sv-SE","@id":"https:\/\/iwhiteinstant.com\/se\/#\/schema\/logo\/image\/","url":"https:\/\/iwhiteinstant.com\/app\/uploads\/sites\/15\/2024\/11\/Iwhite-logo.png","contentUrl":"https:\/\/iwhiteinstant.com\/app\/uploads\/sites\/15\/2024\/11\/Iwhite-logo.png","width":160,"height":40,"caption":"iWhite"},"image":{"@id":"https:\/\/iwhiteinstant.com\/se\/#\/schema\/logo\/image\/"}}]}},"_links":{"self":[{"href":"https:\/\/iwhiteinstant.com\/se\/wp-json\/wp\/v2\/product\/101","targetHints":{"allow":["GET"]}}],"collection":[{"href":"https:\/\/iwhiteinstant.com\/se\/wp-json\/wp\/v2\/product"}],"about":[{"href":"https:\/\/iwhiteinstant.com\/se\/wp-json\/wp\/v2\/types\/product"}],"replies":[{"embeddable":true,"href":"https:\/\/iwhiteinstant.com\/se\/wp-json\/wp\/v2\/comments?post=101"}],"version-history":[{"count":9,"href":"https:\/\/iwhiteinstant.com\/se\/wp-json\/wp\/v2\/product\/101\/revisions"}],"predecessor-version":[{"id":207,"href":"https:\/\/iwhiteinstant.com\/se\/wp-json\/wp\/v2\/product\/101\/revisions\/207"}],"wp:featuredmedia":[{"embeddable":true,"href":"https:\/\/iwhiteinstant.com\/se\/wp-json\/wp\/v2\/media\/102"}],"wp:attachment":[{"href":"https:\/\/iwhiteinstant.com\/se\/wp-json\/wp\/v2\/media?parent=101"}],"wp:term":[{"taxonomy":"product_brand","embeddable":true,"href":"https:\/\/iwhiteinstant.com\/se\/wp-json\/wp\/v2\/product_brand?post=101"},{"taxonomy":"product_cat","embeddable":true,"href":"https:\/\/iwhiteinstant.com\/se\/wp-json\/wp\/v2\/product_cat?post=101"},{"taxonomy":"product_tag","embeddable":true,"href":"https:\/\/iwhiteinstant.com\/se\/wp-json\/wp\/v2\/product_tag?post=101"}],"curies":[{"name":"wp","href":"https:\/\/api.w.org\/{rel}","templated":true}]}}