{"id":72,"date":"2024-11-15T10:56:38","date_gmt":"2024-11-15T09:56:38","guid":{"rendered":"https:\/\/iwhiteinstant.com\/se\/?post_type=product&#038;p=72"},"modified":"2024-12-20T15:21:51","modified_gmt":"2024-12-20T14:21:51","slug":"iwhite-superior-whitening-kit","status":"publish","type":"product","link":"https:\/\/iwhiteinstant.com\/se\/produkt\/iwhite-superior-whitening-kit\/","title":{"rendered":"iWhite Superior Whitening Kit"},"content":{"rendered":"\n<div style=\"height:100px\" aria-hidden=\"true\" class=\"wp-block-spacer is-style-responsive-small\"><\/div>\n\n\n\n<section class=\"wp-block-karopharma-image-with-text image-with-text image-with-text__not-full-width is-style-primary\"><div class=\"image-with-text-container \"><div class=\"image-with-text-container-image-container\"><img decoding=\"async\" loading=\"lazy\" src=\"https:\/\/iwhiteinstant.com\/cdn-cgi\/image\/format=auto\/app\/uploads\/sites\/15\/2024\/11\/superior-image.jpg\" alt=\"superior-image\"\/><\/div><div class=\"image-with-text-container-content\" style=\"text-align:left\" data-test=\"content\"><div class=\"content\"><h2>Enkel att b\u00e4ra och att anv\u00e4nda<\/h2><p class=\"body\" data-test=\"body\">Denna professionella behandling f\u00f6r hemmabruk \u00e4r enkel att b\u00e4ra och att anv\u00e4nda. iWhite eng\u00e5ngsskenor \u00e4r tunna och flexibla f\u00f6r att s\u00e4kerst\u00e4lla en bekv\u00e4m passform och maximal prestanda. iWhite-skenorna inneh\u00e5ller en ny, kraftfull blekningsgel som inneh\u00e5ller bikarbonat och blekande mineraler\u2026 som ger dig ett vitt och gnistrande leende. Dessutom \u00e4r den h\u00e4r nya formulan f\u00f6rst\u00e4rkt med kalcium och xylitol, viktiga aktiva \u00e4mnen med kliniskt dokumenterad effekt n\u00e4r det g\u00e4ller att st\u00e4rka dina t\u00e4nder.<\/p>\n<div class=\"wp-block-buttons is-layout-flex wp-block-buttons-is-layout-flex\"><\/div>\n<\/div><\/div><\/div><\/section>\n\n\n\n<div class=\"wp-block-karopharma-accordions is-style-secondary\"><div class=\"container\">\n<details class=\"wp-block-karopharma-accordion\"><summary><h2 class=\"accordion-title\">Hur anv\u00e4nder man det?<\/h2><\/summary><div class=\"accordion-content\">\n<p>Den h\u00e4r behandlingen f\u00f6r hemmabruk b\u00f6r endast anv\u00e4ndas 20 minuter om dagen. Den ger omedelbar blekingseffekt efter f\u00f6rsta appliceringen, upp till 8 nyanser vitare t\u00e4nder! Anv\u00e4nd 5 dagar i f\u00f6ljd f\u00f6r ett \u00e4nnu mer h\u00e4pnadsv\u00e4ckande och optimalt resultat.<\/p>\n<\/div><\/details>\n\n\n\n<details class=\"wp-block-karopharma-accordion\"><summary><h2 class=\"accordion-title\">Hur bleker och st\u00e4rker iWhite Superior dina t\u00e4nder?<\/h2><\/summary><div class=\"accordion-content\">\n<p><strong>Verkan 1<\/strong>: iWhite-teknologin f\u00f6rst\u00e4rks av ingredienser som boostar blekningen:<\/p>\n\n\n\n<ul class=\"wp-block-list is-style-default\">\n<li>100 % naturligt bikarbonat: ett naturligt aktivt tandblekningsmedel som \u00e4ven effektivt tar bort fl\u00e4ckar och ger dig ett klarare leende.<\/li>\n\n\n\n<li>Innovativt naturligt vulkanmineral, s\u00e4rskilt utformat f\u00f6r att maximera blekningseffekten samtidigt som emaljen aktas.<\/li>\n<\/ul>\n\n\n\n<p><strong>Verkan 2:<\/strong> Eftersom t\u00e4nderna ocks\u00e5 \u00e5ldras \u00e4r det ocks\u00e5 viktigt att st\u00e4rka och boosta emaljen f\u00f6r att skydda t\u00e4ndernas vithet:<\/p>\n\n\n\n<ul class=\"wp-block-list is-style-default\">\n<li>Kalciummikrop\u00e4rlor: f\u00f6rlust av kalcium p\u00e5 grund av \u00e5ldrande p\u00e5verkar f\u00e4rgen p\u00e5 dina t\u00e4nder. Genom att tills\u00e4tta kalcium till v\u00e5r blekningsbehandling kommer detta att ge n\u00e4ring \u00e5t, f\u00f6rst\u00e4rka och \u00e5teruppbygga emaljen. Micropearl-tekniken m\u00f6jligg\u00f6r koncentrerad och riktad fris\u00e4ttning av de aktiva \u00e4mnena, vilket inneb\u00e4r att du best\u00e4mmer n\u00e4r och var de koncentrerade aktiva \u00e4mnena ska frig\u00f6ras. S\u00e5 n\u00e4r du f\u00f6r in brickorna i munnen m\u00e5ste du f\u00f6rsiktigt trycka dem mot t\u00e4nderna. Mikrop\u00e4rlorna spricker d\u00e5 och f\u00f6rst d\u00e4refter frig\u00f6rs de koncentrerade aktiva \u00e4mnena direkt p\u00e5 emaljen.<\/li>\n\n\n\n<li>Xylitol: \u00e4r en viktig aktiv ingrediens som garanterar tandhygien. Hur d\u00e5? Genom att st\u00f6ra bakteriernas f\u00f6rm\u00e5ga att producera syra och h\u00f6ja pH-v\u00e4rdet kan man f\u00f6rhindra och till och med \u00e5terst\u00e4lla skador p\u00e5 emaljen.<\/li>\n<\/ul>\n<\/div><\/details>\n\n\n\n<details class=\"wp-block-karopharma-accordion\"><summary><h2 class=\"accordion-title\">iWhite Micropearl-teknik = vad \u00e4r det?<\/h2><\/summary><div class=\"accordion-content\">\n<p>En innovativ teknik som m\u00f6jligg\u00f6r koncentrerad och riktad fris\u00e4ttning av de aktiva \u00e4mnena inuti. Det inneb\u00e4r att du best\u00e4mmer n\u00e4r och var de koncentrerade aktiva \u00e4mnena ska frig\u00f6ras direkt till emaljen. I blekningssatsen iWhite Dark Stains \u00e4r de aktiva mikrop\u00e4rlorna laddade med kalcium.<\/p>\n<\/div><\/details>\n<\/div><\/div>\n\n\n\n<div class=\"wp-block-karopharma-free-text pt-large pb-none bg-center bg-cover bg-no-repeat\" style=\"background-image:url()\"><div class=\"free-text-wrapper container max-w-medium text-center\">\n<h2 class=\"wp-block-heading\">3 steg fr\u00e5n ett skinande, vitt leende.<\/h2>\n<\/div><\/div>\n\n\n\n<section class=\"wp-block-karopharma-usp usp undefined\"><div class=\"usp-wrapper\">\n<section class=\"wp-block-karopharma-usp-single usp-single undefined\"><div class=\"icon\"><svg width=\"21\" height=\"16\" viewBox=\"0 0 21 16\" fill=\"none\" xmlns=\"http:\/\/www.w3.org\/2000\/svg\"><path d=\"M19.2567 0.164742L6.13095 13.2905L1.49056 8.65006C1.2709 8.4304 0.914742 8.4304 0.695039 8.65006L0.164742 9.18036C-0.0549141 9.40001 -0.0549141 9.75617 0.164742 9.97587L5.73321 15.5443C5.95287 15.764 6.30903 15.764 6.52873 15.5443L20.5825 1.4906C20.8021 1.27095 20.8021 0.914789 20.5825 0.695086L20.0521 0.164742C19.8325 -0.0549141 19.4763 -0.0549141 19.2567 0.164742Z\" fill=\"white\"><\/path><\/svg><\/div>\n<h4 class=\"wp-block-heading has-text-align-center is-style-heading-h4\">1. TRYCK<\/h4>\n\n\n\n<p class=\"has-text-align-center is-style-body-text\">N\u00e4r du f\u00f6rsiktigt trycker p\u00e5 brickorna spricker mikrop\u00e4rlorna.<\/p>\n<\/section>\n\n\n\n<section class=\"wp-block-karopharma-usp-single usp-single undefined\"><div class=\"icon\"><svg width=\"21\" height=\"16\" viewBox=\"0 0 21 16\" fill=\"none\" xmlns=\"http:\/\/www.w3.org\/2000\/svg\"><path d=\"M19.2567 0.164742L6.13095 13.2905L1.49056 8.65006C1.2709 8.4304 0.914742 8.4304 0.695039 8.65006L0.164742 9.18036C-0.0549141 9.40001 -0.0549141 9.75617 0.164742 9.97587L5.73321 15.5443C5.95287 15.764 6.30903 15.764 6.52873 15.5443L20.5825 1.4906C20.8021 1.27095 20.8021 0.914789 20.5825 0.695086L20.0521 0.164742C19.8325 -0.0549141 19.4763 -0.0549141 19.2567 0.164742Z\" fill=\"white\"><\/path><\/svg><\/div>\n<h4 class=\"wp-block-heading has-text-align-center is-style-heading-h4\">2. AKTIVERA<\/h4>\n\n\n\n<p class=\"has-text-align-center is-style-body-text\">De koncentrerade aktiva \u00e4mnena i mikrop\u00e4rlorna frig\u00f6rs.<\/p>\n<\/section>\n\n\n\n<section class=\"wp-block-karopharma-usp-single usp-single undefined\"><div class=\"icon\"><svg width=\"21\" height=\"16\" viewBox=\"0 0 21 16\" fill=\"none\" xmlns=\"http:\/\/www.w3.org\/2000\/svg\"><path d=\"M19.2567 0.164742L6.13095 13.2905L1.49056 8.65006C1.2709 8.4304 0.914742 8.4304 0.695039 8.65006L0.164742 9.18036C-0.0549141 9.40001 -0.0549141 9.75617 0.164742 9.97587L5.73321 15.5443C5.95287 15.764 6.30903 15.764 6.52873 15.5443L20.5825 1.4906C20.8021 1.27095 20.8021 0.914789 20.5825 0.695086L20.0521 0.164742C19.8325 -0.0549141 19.4763 -0.0549141 19.2567 0.164742Z\" fill=\"white\"><\/path><\/svg><\/div>\n<h4 class=\"wp-block-heading has-text-align-center is-style-heading-h4\">3. RESULTAT<\/h4>\n\n\n\n<p class=\"has-text-align-center is-style-body-text\">iWhite Whitening Gel + mikrop\u00e4rlor = MAGI!<br>Anv\u00e4nd den i 20 minuter och se resultatet p\u00e5 egen hand!!<\/p>\n<\/section>\n<\/div><\/section>\n","protected":false},"excerpt":{"rendered":"<p>G\u00f6r omedelbart t\u00e4nderna vitare och starkare.<\/p>\n","protected":false},"featured_media":104,"comment_status":"closed","ping_status":"closed","template":"","meta":{"_acf_changed":false,"footnotes":""},"product_brand":[],"product_cat":[22],"product_tag":[],"class_list":{"0":"post-72","1":"product","2":"type-product","3":"status-publish","4":"has-post-thumbnail","6":"product_cat-whitening-kit","8":"first","9":"instock","10":"shipping-taxable","11":"product-type-simple"},"acf":[],"yoast_head":"<!-- This site is optimized with the Yoast SEO plugin v26.6 - https:\/\/yoast.com\/wordpress\/plugins\/seo\/ -->\n<title>iWhite Superior Whitening Kit - iWhite<\/title>\n<meta name=\"description\" content=\"iWhite Superior blekningssats inneh\u00e5ller den nya och unika tekniken f\u00f6r tandblekning som omedelbart bleker t\u00e4nderna upp till 8 nyanser och samtidigt st\u00e4rker dem.\" \/>\n<meta name=\"robots\" content=\"index, follow, max-snippet:-1, max-image-preview:large, max-video-preview:-1\" \/>\n<link rel=\"canonical\" href=\"https:\/\/iwhiteinstant.com\/se\/produkt\/iwhite-superior-whitening-kit\/\" \/>\n<meta property=\"og:locale\" content=\"sv_SE\" \/>\n<meta property=\"og:type\" content=\"article\" \/>\n<meta property=\"og:title\" content=\"iWhite Superior Whitening Kit - iWhite\" \/>\n<meta property=\"og:description\" content=\"iWhite Superior blekningssats inneh\u00e5ller den nya och unika tekniken f\u00f6r tandblekning som omedelbart bleker t\u00e4nderna upp till 8 nyanser och samtidigt st\u00e4rker dem.\" \/>\n<meta property=\"og:url\" content=\"https:\/\/iwhiteinstant.com\/se\/produkt\/iwhite-superior-whitening-kit\/\" \/>\n<meta property=\"og:site_name\" content=\"iWhite\" \/>\n<meta property=\"article:modified_time\" content=\"2024-12-20T14:21:51+00:00\" \/>\n<meta property=\"og:image\" content=\"https:\/\/iwhiteinstant.com\/app\/uploads\/sites\/15\/2024\/11\/iWhite-Superior-whitening-kit.png\" \/>\n\t<meta property=\"og:image:width\" content=\"800\" \/>\n\t<meta property=\"og:image:height\" content=\"800\" \/>\n\t<meta property=\"og:image:type\" content=\"image\/png\" \/>\n<meta name=\"twitter:card\" content=\"summary_large_image\" \/>\n<meta name=\"twitter:label1\" content=\"Est. reading time\" \/>\n\t<meta name=\"twitter:data1\" content=\"3 minuter\" \/>\n<script type=\"application\/ld+json\" class=\"yoast-schema-graph\">{\"@context\":\"https:\/\/schema.org\",\"@graph\":[{\"@type\":\"WebPage\",\"@id\":\"https:\/\/iwhiteinstant.com\/se\/produkt\/iwhite-superior-whitening-kit\/\",\"url\":\"https:\/\/iwhiteinstant.com\/se\/produkt\/iwhite-superior-whitening-kit\/\",\"name\":\"iWhite Superior Whitening Kit - iWhite\",\"isPartOf\":{\"@id\":\"https:\/\/iwhiteinstant.com\/se\/#website\"},\"primaryImageOfPage\":{\"@id\":\"https:\/\/iwhiteinstant.com\/se\/produkt\/iwhite-superior-whitening-kit\/#primaryimage\"},\"image\":{\"@id\":\"https:\/\/iwhiteinstant.com\/se\/produkt\/iwhite-superior-whitening-kit\/#primaryimage\"},\"thumbnailUrl\":\"https:\/\/iwhiteinstant.com\/app\/uploads\/sites\/15\/2024\/11\/iWhite-Superior-whitening-kit.png\",\"datePublished\":\"2024-11-15T09:56:38+00:00\",\"dateModified\":\"2024-12-20T14:21:51+00:00\",\"description\":\"iWhite Superior blekningssats inneh\u00e5ller den nya och unika tekniken f\u00f6r tandblekning som omedelbart bleker t\u00e4nderna upp till 8 nyanser och samtidigt st\u00e4rker dem.\",\"breadcrumb\":{\"@id\":\"https:\/\/iwhiteinstant.com\/se\/produkt\/iwhite-superior-whitening-kit\/#breadcrumb\"},\"inLanguage\":\"sv-SE\",\"potentialAction\":[{\"@type\":\"ReadAction\",\"target\":[\"https:\/\/iwhiteinstant.com\/se\/produkt\/iwhite-superior-whitening-kit\/\"]}]},{\"@type\":\"ImageObject\",\"inLanguage\":\"sv-SE\",\"@id\":\"https:\/\/iwhiteinstant.com\/se\/produkt\/iwhite-superior-whitening-kit\/#primaryimage\",\"url\":\"https:\/\/iwhiteinstant.com\/app\/uploads\/sites\/15\/2024\/11\/iWhite-Superior-whitening-kit.png\",\"contentUrl\":\"https:\/\/iwhiteinstant.com\/app\/uploads\/sites\/15\/2024\/11\/iWhite-Superior-whitening-kit.png\",\"width\":800,\"height\":800,\"caption\":\"iWhite-Superior-whitening-kit\"},{\"@type\":\"BreadcrumbList\",\"@id\":\"https:\/\/iwhiteinstant.com\/se\/produkt\/iwhite-superior-whitening-kit\/#breadcrumb\",\"itemListElement\":[{\"@type\":\"ListItem\",\"position\":1,\"name\":\"Home\",\"item\":\"https:\/\/iwhiteinstant.com\/se\/\"},{\"@type\":\"ListItem\",\"position\":2,\"name\":\"Sortiment\",\"item\":\"https:\/\/iwhiteinstant.com\/se\/iwhite-sortimentet\/\"},{\"@type\":\"ListItem\",\"position\":3,\"name\":\"iWhite Superior Whitening Kit\"}]},{\"@type\":\"WebSite\",\"@id\":\"https:\/\/iwhiteinstant.com\/se\/#website\",\"url\":\"https:\/\/iwhiteinstant.com\/se\/\",\"name\":\"iWhite\",\"description\":\"\",\"publisher\":{\"@id\":\"https:\/\/iwhiteinstant.com\/se\/#organization\"},\"potentialAction\":[{\"@type\":\"SearchAction\",\"target\":{\"@type\":\"EntryPoint\",\"urlTemplate\":\"https:\/\/iwhiteinstant.com\/se\/?s={search_term_string}\"},\"query-input\":{\"@type\":\"PropertyValueSpecification\",\"valueRequired\":true,\"valueName\":\"search_term_string\"}}],\"inLanguage\":\"sv-SE\"},{\"@type\":\"Organization\",\"@id\":\"https:\/\/iwhiteinstant.com\/se\/#organization\",\"name\":\"iWhite\",\"url\":\"https:\/\/iwhiteinstant.com\/se\/\",\"logo\":{\"@type\":\"ImageObject\",\"inLanguage\":\"sv-SE\",\"@id\":\"https:\/\/iwhiteinstant.com\/se\/#\/schema\/logo\/image\/\",\"url\":\"https:\/\/iwhiteinstant.com\/app\/uploads\/sites\/15\/2024\/11\/Iwhite-logo.png\",\"contentUrl\":\"https:\/\/iwhiteinstant.com\/app\/uploads\/sites\/15\/2024\/11\/Iwhite-logo.png\",\"width\":160,\"height\":40,\"caption\":\"iWhite\"},\"image\":{\"@id\":\"https:\/\/iwhiteinstant.com\/se\/#\/schema\/logo\/image\/\"}}]}<\/script>\n<!-- \/ Yoast SEO plugin. -->","yoast_head_json":{"title":"iWhite Superior Whitening Kit - iWhite","description":"iWhite Superior blekningssats inneh\u00e5ller den nya och unika tekniken f\u00f6r tandblekning som omedelbart bleker t\u00e4nderna upp till 8 nyanser och samtidigt st\u00e4rker dem.","robots":{"index":"index","follow":"follow","max-snippet":"max-snippet:-1","max-image-preview":"max-image-preview:large","max-video-preview":"max-video-preview:-1"},"canonical":"https:\/\/iwhiteinstant.com\/se\/produkt\/iwhite-superior-whitening-kit\/","og_locale":"sv_SE","og_type":"article","og_title":"iWhite Superior Whitening Kit - iWhite","og_description":"iWhite Superior blekningssats inneh\u00e5ller den nya och unika tekniken f\u00f6r tandblekning som omedelbart bleker t\u00e4nderna upp till 8 nyanser och samtidigt st\u00e4rker dem.","og_url":"https:\/\/iwhiteinstant.com\/se\/produkt\/iwhite-superior-whitening-kit\/","og_site_name":"iWhite","article_modified_time":"2024-12-20T14:21:51+00:00","og_image":[{"width":800,"height":800,"url":"https:\/\/iwhiteinstant.com\/app\/uploads\/sites\/15\/2024\/11\/iWhite-Superior-whitening-kit.png","type":"image\/png"}],"twitter_card":"summary_large_image","twitter_misc":{"Est. reading time":"3 minuter"},"schema":{"@context":"https:\/\/schema.org","@graph":[{"@type":"WebPage","@id":"https:\/\/iwhiteinstant.com\/se\/produkt\/iwhite-superior-whitening-kit\/","url":"https:\/\/iwhiteinstant.com\/se\/produkt\/iwhite-superior-whitening-kit\/","name":"iWhite Superior Whitening Kit - iWhite","isPartOf":{"@id":"https:\/\/iwhiteinstant.com\/se\/#website"},"primaryImageOfPage":{"@id":"https:\/\/iwhiteinstant.com\/se\/produkt\/iwhite-superior-whitening-kit\/#primaryimage"},"image":{"@id":"https:\/\/iwhiteinstant.com\/se\/produkt\/iwhite-superior-whitening-kit\/#primaryimage"},"thumbnailUrl":"https:\/\/iwhiteinstant.com\/app\/uploads\/sites\/15\/2024\/11\/iWhite-Superior-whitening-kit.png","datePublished":"2024-11-15T09:56:38+00:00","dateModified":"2024-12-20T14:21:51+00:00","description":"iWhite Superior blekningssats inneh\u00e5ller den nya och unika tekniken f\u00f6r tandblekning som omedelbart bleker t\u00e4nderna upp till 8 nyanser och samtidigt st\u00e4rker dem.","breadcrumb":{"@id":"https:\/\/iwhiteinstant.com\/se\/produkt\/iwhite-superior-whitening-kit\/#breadcrumb"},"inLanguage":"sv-SE","potentialAction":[{"@type":"ReadAction","target":["https:\/\/iwhiteinstant.com\/se\/produkt\/iwhite-superior-whitening-kit\/"]}]},{"@type":"ImageObject","inLanguage":"sv-SE","@id":"https:\/\/iwhiteinstant.com\/se\/produkt\/iwhite-superior-whitening-kit\/#primaryimage","url":"https:\/\/iwhiteinstant.com\/app\/uploads\/sites\/15\/2024\/11\/iWhite-Superior-whitening-kit.png","contentUrl":"https:\/\/iwhiteinstant.com\/app\/uploads\/sites\/15\/2024\/11\/iWhite-Superior-whitening-kit.png","width":800,"height":800,"caption":"iWhite-Superior-whitening-kit"},{"@type":"BreadcrumbList","@id":"https:\/\/iwhiteinstant.com\/se\/produkt\/iwhite-superior-whitening-kit\/#breadcrumb","itemListElement":[{"@type":"ListItem","position":1,"name":"Home","item":"https:\/\/iwhiteinstant.com\/se\/"},{"@type":"ListItem","position":2,"name":"Sortiment","item":"https:\/\/iwhiteinstant.com\/se\/iwhite-sortimentet\/"},{"@type":"ListItem","position":3,"name":"iWhite Superior Whitening Kit"}]},{"@type":"WebSite","@id":"https:\/\/iwhiteinstant.com\/se\/#website","url":"https:\/\/iwhiteinstant.com\/se\/","name":"iWhite","description":"","publisher":{"@id":"https:\/\/iwhiteinstant.com\/se\/#organization"},"potentialAction":[{"@type":"SearchAction","target":{"@type":"EntryPoint","urlTemplate":"https:\/\/iwhiteinstant.com\/se\/?s={search_term_string}"},"query-input":{"@type":"PropertyValueSpecification","valueRequired":true,"valueName":"search_term_string"}}],"inLanguage":"sv-SE"},{"@type":"Organization","@id":"https:\/\/iwhiteinstant.com\/se\/#organization","name":"iWhite","url":"https:\/\/iwhiteinstant.com\/se\/","logo":{"@type":"ImageObject","inLanguage":"sv-SE","@id":"https:\/\/iwhiteinstant.com\/se\/#\/schema\/logo\/image\/","url":"https:\/\/iwhiteinstant.com\/app\/uploads\/sites\/15\/2024\/11\/Iwhite-logo.png","contentUrl":"https:\/\/iwhiteinstant.com\/app\/uploads\/sites\/15\/2024\/11\/Iwhite-logo.png","width":160,"height":40,"caption":"iWhite"},"image":{"@id":"https:\/\/iwhiteinstant.com\/se\/#\/schema\/logo\/image\/"}}]}},"_links":{"self":[{"href":"https:\/\/iwhiteinstant.com\/se\/wp-json\/wp\/v2\/product\/72","targetHints":{"allow":["GET"]}}],"collection":[{"href":"https:\/\/iwhiteinstant.com\/se\/wp-json\/wp\/v2\/product"}],"about":[{"href":"https:\/\/iwhiteinstant.com\/se\/wp-json\/wp\/v2\/types\/product"}],"replies":[{"embeddable":true,"href":"https:\/\/iwhiteinstant.com\/se\/wp-json\/wp\/v2\/comments?post=72"}],"version-history":[{"count":8,"href":"https:\/\/iwhiteinstant.com\/se\/wp-json\/wp\/v2\/product\/72\/revisions"}],"predecessor-version":[{"id":211,"href":"https:\/\/iwhiteinstant.com\/se\/wp-json\/wp\/v2\/product\/72\/revisions\/211"}],"wp:featuredmedia":[{"embeddable":true,"href":"https:\/\/iwhiteinstant.com\/se\/wp-json\/wp\/v2\/media\/104"}],"wp:attachment":[{"href":"https:\/\/iwhiteinstant.com\/se\/wp-json\/wp\/v2\/media?parent=72"}],"wp:term":[{"taxonomy":"product_brand","embeddable":true,"href":"https:\/\/iwhiteinstant.com\/se\/wp-json\/wp\/v2\/product_brand?post=72"},{"taxonomy":"product_cat","embeddable":true,"href":"https:\/\/iwhiteinstant.com\/se\/wp-json\/wp\/v2\/product_cat?post=72"},{"taxonomy":"product_tag","embeddable":true,"href":"https:\/\/iwhiteinstant.com\/se\/wp-json\/wp\/v2\/product_tag?post=72"}],"curies":[{"name":"wp","href":"https:\/\/api.w.org\/{rel}","templated":true}]}}