{"id":81,"date":"2024-11-15T10:59:05","date_gmt":"2024-11-15T09:59:05","guid":{"rendered":"https:\/\/iwhiteinstant.com\/se\/?post_type=product&#038;p=81"},"modified":"2024-12-20T15:21:45","modified_gmt":"2024-12-20T14:21:45","slug":"iwhite-dark-stains-tandkram","status":"publish","type":"product","link":"https:\/\/iwhiteinstant.com\/se\/produkt\/iwhite-dark-stains-tandkram\/","title":{"rendered":"iWhite Dark Stains Tandkr\u00e4m"},"content":{"rendered":"\n<div class=\"wp-block-karopharma-product-promotion text-align-right pt-medium pb-medium bg-center bg-cover bg-no-repeat\" style=\"background-image:url()\"><div class=\"container max-w-medium\">\n<div class=\"wp-block-group is-layout-flow wp-block-group-is-layout-flow\">\n<figure class=\"wp-block-karopharma-product-promotion-image product-promotion-image\"><img fetchpriority=\"high\" decoding=\"async\" datatest=\"image\" src=\"https:\/\/iwhiteinstant.com\/cdn-cgi\/image\/format=auto\/app\/uploads\/sites\/15\/2024\/11\/iWhite-DS-Technology-Micropearls-MF.png\" loading=\"eager\" alt=\"iWhite-DS-Technology-Micropearls-MF\" width=\"518\" height=\"440\" srcset=\"https:\/\/iwhiteinstant.com\/cdn-cgi\/image\/format=auto,width=584\/app\/uploads\/sites\/15\/2024\/11\/iWhite-DS-Technology-Micropearls-MF.png 584w, https:\/\/iwhiteinstant.com\/cdn-cgi\/image\/format=auto,width=272\/app\/uploads\/sites\/15\/2024\/11\/iWhite-DS-Technology-Micropearls-MF.png 272w\" sizes=\"(max-width: 584px) 100vw, 584px\"\/><\/figure>\n<\/div>\n\n\n\n<div class=\"wp-block-group is-layout-flow wp-block-group-is-layout-flow\">\n<h2 class=\"wp-block-heading heading is-style-heading-h4\">Mikrop\u00e4rlor fyllda med aktivt kol<\/h2>\n\n\n\n<p>iWhite Advanced Dark Stains tandkr\u00e4m kombinerar iWhite-teknologin med den nya Active Micropearls-teknologin. Denna nya teknik m\u00f6jligg\u00f6r en koncentrerad och riktad frig\u00f6relse av de aktiva \u00e4mnena. S\u00e5 det \u00e4r bara n\u00e4r du borstar t\u00e4nderna som de koncentrerade aktiva \u00e4mnena frig\u00f6rs direkt p\u00e5 emaljen.<\/p>\n\n\n\n<p>Mikrop\u00e4rlorna i Advanced Dark Stains tandkr\u00e4m kapslar in ett \u00e4mne som ger pigmentadsorption: aktivt kol. Denna aktiva ingrediens binder, neutraliserar och eliminerar m\u00f6rka fl\u00e4ckar p\u00e5 emaljen och \u00e5terst\u00e4ller t\u00e4ndernas naturliga vithet.<\/p>\n<\/div>\n<\/div><\/div>\n\n\n\n<div class=\"wp-block-karopharma-free-text pt-large pb-none bg-center bg-cover bg-no-repeat  is-style-primary\" style=\"background-image:url()\"><div class=\"free-text-wrapper container max-w-medium text-center\">\n<h3 class=\"wp-block-heading is-style-heading-h2\">Rutin ger b\u00e4st resultat<\/h3>\n\n\n\n<p class=\"is-style-paragraph-preamble\">F\u00f6r att uppn\u00e5 b\u00e4sta m\u00f6jliga blekningsresultat \u00e4r det viktigt att uppr\u00e4tth\u00e5lla en rutin. Du kan kombinera v\u00e5r tandkr\u00e4m med v\u00e5r bleningssats (varje m\u00e5nad) och med v\u00e5r munsk\u00f6lj och interdentala blekning (varje dag).<\/p>\n\n\n\n<div class=\"wp-block-buttons is-layout-flex wp-block-buttons-is-layout-flex\">\n<div class=\"wp-block-button\"><a class=\"wp-block-button__link wp-element-button\" href=\"https:\/\/iwhiteinstant.com\/se\/iwhite-rutinen\/\">L\u00e4s er om iWhite-rutinen<\/a><\/div>\n<\/div>\n<\/div><\/div>\n\n\n<div class=\"product-list wp-block-karopharma-product-list is-style-primary\" data-testid=\"product-list\">\n      <div class=\"swiper-container\">\n      <div class=\"swiper\">\n        <div class=\"swiper-wrapper\">\n                      <div class=\"swiper-slide\">\n              <div class=\"product-card\" data-testid=\"product-card\">\n  <a\n    href=https:\/\/iwhiteinstant.com\/se\/produkt\/iwhite-dark-stains-whitening-kit\/\n    class=\"product-card-link\"\n    title=\"iWhite Dark Stains Whitening Kit\"\n  >\n  <figure class=\"product-card-image\" data-testid=\"product-image\">\n                          <img decoding=\"async\" src=\"https:\/\/iwhiteinstant.com\/cdn-cgi\/image\/width=700,format=auto\/app\/uploads\/sites\/15\/2024\/11\/iWhite-Dark-stains-whitening-kit.png\"\n        srcset=\"https:\/\/iwhiteinstant.com\/cdn-cgi\/image\/width=250,format=auto\/app\/uploads\/sites\/15\/2024\/11\/iWhite-Dark-stains-whitening-kit.png 250w,\n                https:\/\/iwhiteinstant.com\/cdn-cgi\/image\/width=500,format=auto\/app\/uploads\/sites\/15\/2024\/11\/iWhite-Dark-stains-whitening-kit.png 500w,\n                https:\/\/iwhiteinstant.com\/cdn-cgi\/image\/width=700,format=auto\/app\/uploads\/sites\/15\/2024\/11\/iWhite-Dark-stains-whitening-kit.png 700w\"\n        sizes=\"(max-width: 400px) 250px, (max-width: 800px) 500px, 700px\"\n        alt=\"iWhite-Dark-stains-whitening-kit\"\n        class=\"img\">\n            <\/figure>\n    <div class=\"product-card-content\">\n      <div class=\"heading-wrapper\">\n        <h2 class=\"heading\">iWhite Dark Stains Whitening Kit<\/h2>\n      <\/div>\n      <div class=\"product-card-description\">Blekningskit f\u00f6r att ta bort fl\u00e4ckar fr\u00e5n kaffe, te, tobak och r\u00f6dvin.<\/div>\n                      <\/div>\n  <\/a>\n          <div class=\"button-wrapper buy-now \" data-testid=\"buy-now\">\n      <div class=\"buy-now-container dropdown-container\">\n      <div class=\"theme-button button-primary-color dropdown-link\" aria-label=\"K\u00f6p nu\">\n          K\u00f6p nu <i class=\"dropdown\"><\/i>\n      <\/div>\n      <ul class=\"reseller-list submenu\">\n                    <li>\n              <a\n                href=\"https:\/\/www.apotea.se\/iwhite-dark-stains-whitening-kit\" onclick=\"dataLayer.push({'event':'ga_event', 'eventCategory':'Click on Reseller', 'eventAction':'Apotea', 'eventLabel':'iWhite Dark Stains Whitening Kit', 'eventValue': undefined})\" rel=\"noopener\" target=\"_blank\" title=\"Apotea\"\n                data-testid=\"buy-now-reseller\">\n                <i class=\"fa-solid fa-arrow-right\"><\/i> Apotea\n              <\/a>\n          <\/li>\n                    <li>\n              <a\n                href=\"https:\/\/dozapotek.se\/iwhite-darkstains-whitening-kit-10-st-792570.html\" onclick=\"dataLayer.push({'event':'ga_event', 'eventCategory':'Click on Reseller', 'eventAction':'Doz Apotek', 'eventLabel':'iWhite Dark Stains Whitening Kit', 'eventValue': undefined})\" rel=\"noopener\" target=\"_blank\" title=\"Doz Apotek\"\n                data-testid=\"buy-now-reseller\">\n                <i class=\"fa-solid fa-arrow-right\"><\/i> Doz Apotek\n              <\/a>\n          <\/li>\n                    <li>\n              <a\n                href=\"https:\/\/www.kronansapotek.se\/iwhite-instant-dark-stains-whitening-kit\/p\/792570\/\" onclick=\"dataLayer.push({'event':'ga_event', 'eventCategory':'Click on Reseller', 'eventAction':'Kronans Apotek', 'eventLabel':'iWhite Dark Stains Whitening Kit', 'eventValue': undefined})\" rel=\"noopener\" target=\"_blank\" title=\"Kronans Apotek\"\n                data-testid=\"buy-now-reseller\">\n                <i class=\"fa-solid fa-arrow-right\"><\/i> Kronans Apotek\n              <\/a>\n          <\/li>\n                <\/ul>\n    <\/div>\n  <\/div>\n  <\/div>\n            <\/div>\n                      <div class=\"swiper-slide\">\n              <div class=\"product-card\" data-testid=\"product-card\">\n  <a\n    href=https:\/\/iwhiteinstant.com\/se\/produkt\/iwhite-instant-whitening-munskolj\/\n    class=\"product-card-link\"\n    title=\"iWhite Instant Whitening Munsk\u00f6lj\"\n  >\n  <figure class=\"product-card-image\" data-testid=\"product-image\">\n                          <img decoding=\"async\" src=\"https:\/\/iwhiteinstant.com\/cdn-cgi\/image\/width=700,format=auto\/app\/uploads\/sites\/15\/2024\/11\/iWhite-Instant-Whitening-Mouthwash.png\"\n        srcset=\"https:\/\/iwhiteinstant.com\/cdn-cgi\/image\/width=250,format=auto\/app\/uploads\/sites\/15\/2024\/11\/iWhite-Instant-Whitening-Mouthwash.png 250w,\n                https:\/\/iwhiteinstant.com\/cdn-cgi\/image\/width=500,format=auto\/app\/uploads\/sites\/15\/2024\/11\/iWhite-Instant-Whitening-Mouthwash.png 500w,\n                https:\/\/iwhiteinstant.com\/cdn-cgi\/image\/width=700,format=auto\/app\/uploads\/sites\/15\/2024\/11\/iWhite-Instant-Whitening-Mouthwash.png 700w\"\n        sizes=\"(max-width: 400px) 250px, (max-width: 800px) 500px, 700px\"\n        alt=\"iWhite-Instant-Whitening-Mouthwash\"\n        class=\"img\">\n            <\/figure>\n    <div class=\"product-card-content\">\n      <div class=\"heading-wrapper\">\n        <h2 class=\"heading\">iWhite Instant Whitening Munsk\u00f6lj<\/h2>\n      <\/div>\n      <div class=\"product-card-description\">Blekande munsk\u00f6lj f\u00f6r daglig anv\u00e4ndning som l\u00f6ser upp missf\u00e4rgningar.<\/div>\n                      <\/div>\n  <\/a>\n          <div class=\"button-wrapper buy-now \" data-testid=\"buy-now\">\n      <div class=\"buy-now-container dropdown-container\">\n      <div class=\"theme-button button-primary-color dropdown-link\" aria-label=\"K\u00f6p nu\">\n          K\u00f6p nu <i class=\"dropdown\"><\/i>\n      <\/div>\n      <ul class=\"reseller-list submenu\">\n                    <li>\n              <a\n                href=\"https:\/\/www.apohem.se\/munvard\/munskolj\/iwhite-munskolj-500-ml\" onclick=\"dataLayer.push({'event':'ga_event', 'eventCategory':'Click on Reseller', 'eventAction':'Apohem', 'eventLabel':'iWhite Instant Whitening Munsk\u00f6lj', 'eventValue': undefined})\" rel=\"noopener\" target=\"_blank\" title=\"Apohem\"\n                data-testid=\"buy-now-reseller\">\n                <i class=\"fa-solid fa-arrow-right\"><\/i> Apohem\n              <\/a>\n          <\/li>\n                    <li>\n              <a\n                href=\"https:\/\/www.apotea.se\/iwhite-instant-munskolj-500-ml\" onclick=\"dataLayer.push({'event':'ga_event', 'eventCategory':'Click on Reseller', 'eventAction':'Apotea', 'eventLabel':'iWhite Instant Whitening Munsk\u00f6lj', 'eventValue': undefined})\" rel=\"noopener\" target=\"_blank\" title=\"Apotea\"\n                data-testid=\"buy-now-reseller\">\n                <i class=\"fa-solid fa-arrow-right\"><\/i> Apotea\n              <\/a>\n          <\/li>\n                    <li>\n              <a\n                href=\"https:\/\/dozapotek.se\/iwhite-instant-munskolj-500-ml-759682.html\" onclick=\"dataLayer.push({'event':'ga_event', 'eventCategory':'Click on Reseller', 'eventAction':'Doz Apotek', 'eventLabel':'iWhite Instant Whitening Munsk\u00f6lj', 'eventValue': undefined})\" rel=\"noopener\" target=\"_blank\" title=\"Doz Apotek\"\n                data-testid=\"buy-now-reseller\">\n                <i class=\"fa-solid fa-arrow-right\"><\/i> Doz Apotek\n              <\/a>\n          <\/li>\n                    <li>\n              <a\n                href=\"https:\/\/www.kronansapotek.se\/iwhite-instant-munskolj\/p\/759682\/\" onclick=\"dataLayer.push({'event':'ga_event', 'eventCategory':'Click on Reseller', 'eventAction':'Kronans Apotek', 'eventLabel':'iWhite Instant Whitening Munsk\u00f6lj', 'eventValue': undefined})\" rel=\"noopener\" target=\"_blank\" title=\"Kronans Apotek\"\n                data-testid=\"buy-now-reseller\">\n                <i class=\"fa-solid fa-arrow-right\"><\/i> Kronans Apotek\n              <\/a>\n          <\/li>\n                    <li>\n              <a\n                href=\"https:\/\/www.meds.se\/iwhite\/iwhite-instant-whitening-munskolj-500-ml\" onclick=\"dataLayer.push({'event':'ga_event', 'eventCategory':'Click on Reseller', 'eventAction':'Meds', 'eventLabel':'iWhite Instant Whitening Munsk\u00f6lj', 'eventValue': undefined})\" rel=\"noopener\" target=\"_blank\" title=\"Meds\"\n                data-testid=\"buy-now-reseller\">\n                <i class=\"fa-solid fa-arrow-right\"><\/i> Meds\n              <\/a>\n          <\/li>\n                <\/ul>\n    <\/div>\n  <\/div>\n  <\/div>\n            <\/div>\n                      <div class=\"swiper-slide\">\n              <div class=\"product-card\" data-testid=\"product-card\">\n  <a\n    href=https:\/\/iwhiteinstant.com\/se\/produkt\/iwhite-interdental-whitener\/\n    class=\"product-card-link\"\n    title=\"iWhite Interdental Whitener\"\n  >\n  <figure class=\"product-card-image\" data-testid=\"product-image\">\n                          <img decoding=\"async\" src=\"https:\/\/iwhiteinstant.com\/cdn-cgi\/image\/width=700,format=auto\/app\/uploads\/sites\/15\/2024\/11\/iWhite-Interdental-Whitener.png\"\n        srcset=\"https:\/\/iwhiteinstant.com\/cdn-cgi\/image\/width=250,format=auto\/app\/uploads\/sites\/15\/2024\/11\/iWhite-Interdental-Whitener.png 250w,\n                https:\/\/iwhiteinstant.com\/cdn-cgi\/image\/width=500,format=auto\/app\/uploads\/sites\/15\/2024\/11\/iWhite-Interdental-Whitener.png 500w,\n                https:\/\/iwhiteinstant.com\/cdn-cgi\/image\/width=700,format=auto\/app\/uploads\/sites\/15\/2024\/11\/iWhite-Interdental-Whitener.png 700w\"\n        sizes=\"(max-width: 400px) 250px, (max-width: 800px) 500px, 700px\"\n        alt=\"iWhite-Interdental-Whitener\"\n        class=\"img\">\n            <\/figure>\n    <div class=\"product-card-content\">\n      <div class=\"heading-wrapper\">\n        <h2 class=\"heading\">iWhite Interdental Whitener<\/h2>\n      <\/div>\n      <div class=\"product-card-description\">Eliminerar fl\u00e4ckar mellan t\u00e4nderna och plack, tack vare sin trippelblekande formula.<\/div>\n                      <\/div>\n  <\/a>\n          <div class=\"button-wrapper buy-now \" data-testid=\"buy-now\">\n      <div class=\"buy-now-container dropdown-container\">\n      <div class=\"theme-button button-primary-color dropdown-link\" aria-label=\"K\u00f6p nu\">\n          K\u00f6p nu <i class=\"dropdown\"><\/i>\n      <\/div>\n      <ul class=\"reseller-list submenu\">\n                    <li>\n              <a\n                href=\"https:\/\/dozapotek.se\/iwhite-interdental-whitener-1-st-792588.html\" onclick=\"dataLayer.push({'event':'ga_event', 'eventCategory':'Click on Reseller', 'eventAction':'Doz Apotek', 'eventLabel':'iWhite Interdental Whitener', 'eventValue': undefined})\" rel=\"noopener\" target=\"_blank\" title=\"Doz Apotek\"\n                data-testid=\"buy-now-reseller\">\n                <i class=\"fa-solid fa-arrow-right\"><\/i> Doz Apotek\n              <\/a>\n          <\/li>\n                    <li>\n              <a\n                href=\"https:\/\/www.kronansapotek.se\/iwhite-instant-interdental-whitener\/p\/792588\/\" onclick=\"dataLayer.push({'event':'ga_event', 'eventCategory':'Click on Reseller', 'eventAction':'Kronans Apotek', 'eventLabel':'iWhite Interdental Whitener', 'eventValue': undefined})\" rel=\"noopener\" target=\"_blank\" title=\"Kronans Apotek\"\n                data-testid=\"buy-now-reseller\">\n                <i class=\"fa-solid fa-arrow-right\"><\/i> Kronans Apotek\n              <\/a>\n          <\/li>\n                    <li>\n              <a\n                href=\"https:\/\/www.meds.se\/iwhite\/iwhite-interdental-whitener\" onclick=\"dataLayer.push({'event':'ga_event', 'eventCategory':'Click on Reseller', 'eventAction':'Meds', 'eventLabel':'iWhite Interdental Whitener', 'eventValue': undefined})\" rel=\"noopener\" target=\"_blank\" title=\"Meds\"\n                data-testid=\"buy-now-reseller\">\n                <i class=\"fa-solid fa-arrow-right\"><\/i> Meds\n              <\/a>\n          <\/li>\n                <\/ul>\n    <\/div>\n  <\/div>\n  <\/div>\n            <\/div>\n                  <\/div>\n        <div class=\"swiper-scrollbar\"><\/div>\n      <\/div>\n    <\/div>\n  <\/div>\n","protected":false},"excerpt":{"rendered":"<p>Tandkr\u00e4m som eliminerar m\u00f6rka fl\u00e4ckar och st\u00e4rker dina t\u00e4nder.<\/p>\n","protected":false},"featured_media":82,"comment_status":"closed","ping_status":"closed","template":"","meta":{"_acf_changed":false,"footnotes":""},"product_brand":[],"product_cat":[19,18],"product_tag":[],"class_list":{"0":"post-81","1":"product","2":"type-product","3":"status-publish","4":"has-post-thumbnail","6":"product_cat-dagliga-whitening-produkter","7":"product_cat-tandkram","9":"first","10":"instock","11":"shipping-taxable","12":"product-type-simple"},"acf":[],"yoast_head":"<!-- This site is optimized with the Yoast SEO plugin v26.6 - https:\/\/yoast.com\/wordpress\/plugins\/seo\/ -->\n<title>iWhite Dark Stains Tandkr\u00e4m - iWhite<\/title>\n<meta name=\"description\" content=\"M\u00f6rka fl\u00e4ckar p\u00e5 t\u00e4nderna uppst\u00e5r n\u00e4r smutspartiklar, som t.ex. pigmenterade rester fr\u00e5n mat eller dryck, byggs upp i den tunna filmen p\u00e5 tandens emalj.\" \/>\n<meta name=\"robots\" content=\"index, follow, max-snippet:-1, max-image-preview:large, max-video-preview:-1\" \/>\n<link rel=\"canonical\" href=\"https:\/\/iwhiteinstant.com\/se\/produkt\/iwhite-dark-stains-tandkram\/\" \/>\n<meta property=\"og:locale\" content=\"sv_SE\" \/>\n<meta property=\"og:type\" content=\"article\" \/>\n<meta property=\"og:title\" content=\"iWhite Dark Stains Tandkr\u00e4m - iWhite\" \/>\n<meta property=\"og:description\" content=\"M\u00f6rka fl\u00e4ckar p\u00e5 t\u00e4nderna uppst\u00e5r n\u00e4r smutspartiklar, som t.ex. pigmenterade rester fr\u00e5n mat eller dryck, byggs upp i den tunna filmen p\u00e5 tandens emalj.\" \/>\n<meta property=\"og:url\" content=\"https:\/\/iwhiteinstant.com\/se\/produkt\/iwhite-dark-stains-tandkram\/\" \/>\n<meta property=\"og:site_name\" content=\"iWhite\" \/>\n<meta property=\"article:modified_time\" content=\"2024-12-20T14:21:45+00:00\" \/>\n<meta property=\"og:image\" content=\"https:\/\/iwhiteinstant.com\/app\/uploads\/sites\/15\/2024\/11\/iWhite-Advanced-dark-stains-toothpaste.png\" \/>\n\t<meta property=\"og:image:width\" content=\"800\" \/>\n\t<meta property=\"og:image:height\" content=\"800\" \/>\n\t<meta property=\"og:image:type\" content=\"image\/png\" \/>\n<meta name=\"twitter:card\" content=\"summary_large_image\" \/>\n<meta name=\"twitter:label1\" content=\"Est. reading time\" \/>\n\t<meta name=\"twitter:data1\" content=\"1 minut\" \/>\n<script type=\"application\/ld+json\" class=\"yoast-schema-graph\">{\"@context\":\"https:\/\/schema.org\",\"@graph\":[{\"@type\":\"WebPage\",\"@id\":\"https:\/\/iwhiteinstant.com\/se\/produkt\/iwhite-dark-stains-tandkram\/\",\"url\":\"https:\/\/iwhiteinstant.com\/se\/produkt\/iwhite-dark-stains-tandkram\/\",\"name\":\"iWhite Dark Stains Tandkr\u00e4m - iWhite\",\"isPartOf\":{\"@id\":\"https:\/\/iwhiteinstant.com\/se\/#website\"},\"primaryImageOfPage\":{\"@id\":\"https:\/\/iwhiteinstant.com\/se\/produkt\/iwhite-dark-stains-tandkram\/#primaryimage\"},\"image\":{\"@id\":\"https:\/\/iwhiteinstant.com\/se\/produkt\/iwhite-dark-stains-tandkram\/#primaryimage\"},\"thumbnailUrl\":\"https:\/\/iwhiteinstant.com\/app\/uploads\/sites\/15\/2024\/11\/iWhite-Advanced-dark-stains-toothpaste.png\",\"datePublished\":\"2024-11-15T09:59:05+00:00\",\"dateModified\":\"2024-12-20T14:21:45+00:00\",\"description\":\"M\u00f6rka fl\u00e4ckar p\u00e5 t\u00e4nderna uppst\u00e5r n\u00e4r smutspartiklar, som t.ex. pigmenterade rester fr\u00e5n mat eller dryck, byggs upp i den tunna filmen p\u00e5 tandens emalj.\",\"breadcrumb\":{\"@id\":\"https:\/\/iwhiteinstant.com\/se\/produkt\/iwhite-dark-stains-tandkram\/#breadcrumb\"},\"inLanguage\":\"sv-SE\",\"potentialAction\":[{\"@type\":\"ReadAction\",\"target\":[\"https:\/\/iwhiteinstant.com\/se\/produkt\/iwhite-dark-stains-tandkram\/\"]}]},{\"@type\":\"ImageObject\",\"inLanguage\":\"sv-SE\",\"@id\":\"https:\/\/iwhiteinstant.com\/se\/produkt\/iwhite-dark-stains-tandkram\/#primaryimage\",\"url\":\"https:\/\/iwhiteinstant.com\/app\/uploads\/sites\/15\/2024\/11\/iWhite-Advanced-dark-stains-toothpaste.png\",\"contentUrl\":\"https:\/\/iwhiteinstant.com\/app\/uploads\/sites\/15\/2024\/11\/iWhite-Advanced-dark-stains-toothpaste.png\",\"width\":800,\"height\":800,\"caption\":\"iWhite-dark-stains-toothpaste\"},{\"@type\":\"BreadcrumbList\",\"@id\":\"https:\/\/iwhiteinstant.com\/se\/produkt\/iwhite-dark-stains-tandkram\/#breadcrumb\",\"itemListElement\":[{\"@type\":\"ListItem\",\"position\":1,\"name\":\"Home\",\"item\":\"https:\/\/iwhiteinstant.com\/se\/\"},{\"@type\":\"ListItem\",\"position\":2,\"name\":\"Sortiment\",\"item\":\"https:\/\/iwhiteinstant.com\/se\/iwhite-sortimentet\/\"},{\"@type\":\"ListItem\",\"position\":3,\"name\":\"iWhite Dark Stains Tandkr\u00e4m\"}]},{\"@type\":\"WebSite\",\"@id\":\"https:\/\/iwhiteinstant.com\/se\/#website\",\"url\":\"https:\/\/iwhiteinstant.com\/se\/\",\"name\":\"iWhite\",\"description\":\"\",\"publisher\":{\"@id\":\"https:\/\/iwhiteinstant.com\/se\/#organization\"},\"potentialAction\":[{\"@type\":\"SearchAction\",\"target\":{\"@type\":\"EntryPoint\",\"urlTemplate\":\"https:\/\/iwhiteinstant.com\/se\/?s={search_term_string}\"},\"query-input\":{\"@type\":\"PropertyValueSpecification\",\"valueRequired\":true,\"valueName\":\"search_term_string\"}}],\"inLanguage\":\"sv-SE\"},{\"@type\":\"Organization\",\"@id\":\"https:\/\/iwhiteinstant.com\/se\/#organization\",\"name\":\"iWhite\",\"url\":\"https:\/\/iwhiteinstant.com\/se\/\",\"logo\":{\"@type\":\"ImageObject\",\"inLanguage\":\"sv-SE\",\"@id\":\"https:\/\/iwhiteinstant.com\/se\/#\/schema\/logo\/image\/\",\"url\":\"https:\/\/iwhiteinstant.com\/app\/uploads\/sites\/15\/2024\/11\/Iwhite-logo.png\",\"contentUrl\":\"https:\/\/iwhiteinstant.com\/app\/uploads\/sites\/15\/2024\/11\/Iwhite-logo.png\",\"width\":160,\"height\":40,\"caption\":\"iWhite\"},\"image\":{\"@id\":\"https:\/\/iwhiteinstant.com\/se\/#\/schema\/logo\/image\/\"}}]}<\/script>\n<!-- \/ Yoast SEO plugin. -->","yoast_head_json":{"title":"iWhite Dark Stains Tandkr\u00e4m - iWhite","description":"M\u00f6rka fl\u00e4ckar p\u00e5 t\u00e4nderna uppst\u00e5r n\u00e4r smutspartiklar, som t.ex. pigmenterade rester fr\u00e5n mat eller dryck, byggs upp i den tunna filmen p\u00e5 tandens emalj.","robots":{"index":"index","follow":"follow","max-snippet":"max-snippet:-1","max-image-preview":"max-image-preview:large","max-video-preview":"max-video-preview:-1"},"canonical":"https:\/\/iwhiteinstant.com\/se\/produkt\/iwhite-dark-stains-tandkram\/","og_locale":"sv_SE","og_type":"article","og_title":"iWhite Dark Stains Tandkr\u00e4m - iWhite","og_description":"M\u00f6rka fl\u00e4ckar p\u00e5 t\u00e4nderna uppst\u00e5r n\u00e4r smutspartiklar, som t.ex. pigmenterade rester fr\u00e5n mat eller dryck, byggs upp i den tunna filmen p\u00e5 tandens emalj.","og_url":"https:\/\/iwhiteinstant.com\/se\/produkt\/iwhite-dark-stains-tandkram\/","og_site_name":"iWhite","article_modified_time":"2024-12-20T14:21:45+00:00","og_image":[{"width":800,"height":800,"url":"https:\/\/iwhiteinstant.com\/app\/uploads\/sites\/15\/2024\/11\/iWhite-Advanced-dark-stains-toothpaste.png","type":"image\/png"}],"twitter_card":"summary_large_image","twitter_misc":{"Est. reading time":"1 minut"},"schema":{"@context":"https:\/\/schema.org","@graph":[{"@type":"WebPage","@id":"https:\/\/iwhiteinstant.com\/se\/produkt\/iwhite-dark-stains-tandkram\/","url":"https:\/\/iwhiteinstant.com\/se\/produkt\/iwhite-dark-stains-tandkram\/","name":"iWhite Dark Stains Tandkr\u00e4m - iWhite","isPartOf":{"@id":"https:\/\/iwhiteinstant.com\/se\/#website"},"primaryImageOfPage":{"@id":"https:\/\/iwhiteinstant.com\/se\/produkt\/iwhite-dark-stains-tandkram\/#primaryimage"},"image":{"@id":"https:\/\/iwhiteinstant.com\/se\/produkt\/iwhite-dark-stains-tandkram\/#primaryimage"},"thumbnailUrl":"https:\/\/iwhiteinstant.com\/app\/uploads\/sites\/15\/2024\/11\/iWhite-Advanced-dark-stains-toothpaste.png","datePublished":"2024-11-15T09:59:05+00:00","dateModified":"2024-12-20T14:21:45+00:00","description":"M\u00f6rka fl\u00e4ckar p\u00e5 t\u00e4nderna uppst\u00e5r n\u00e4r smutspartiklar, som t.ex. pigmenterade rester fr\u00e5n mat eller dryck, byggs upp i den tunna filmen p\u00e5 tandens emalj.","breadcrumb":{"@id":"https:\/\/iwhiteinstant.com\/se\/produkt\/iwhite-dark-stains-tandkram\/#breadcrumb"},"inLanguage":"sv-SE","potentialAction":[{"@type":"ReadAction","target":["https:\/\/iwhiteinstant.com\/se\/produkt\/iwhite-dark-stains-tandkram\/"]}]},{"@type":"ImageObject","inLanguage":"sv-SE","@id":"https:\/\/iwhiteinstant.com\/se\/produkt\/iwhite-dark-stains-tandkram\/#primaryimage","url":"https:\/\/iwhiteinstant.com\/app\/uploads\/sites\/15\/2024\/11\/iWhite-Advanced-dark-stains-toothpaste.png","contentUrl":"https:\/\/iwhiteinstant.com\/app\/uploads\/sites\/15\/2024\/11\/iWhite-Advanced-dark-stains-toothpaste.png","width":800,"height":800,"caption":"iWhite-dark-stains-toothpaste"},{"@type":"BreadcrumbList","@id":"https:\/\/iwhiteinstant.com\/se\/produkt\/iwhite-dark-stains-tandkram\/#breadcrumb","itemListElement":[{"@type":"ListItem","position":1,"name":"Home","item":"https:\/\/iwhiteinstant.com\/se\/"},{"@type":"ListItem","position":2,"name":"Sortiment","item":"https:\/\/iwhiteinstant.com\/se\/iwhite-sortimentet\/"},{"@type":"ListItem","position":3,"name":"iWhite Dark Stains Tandkr\u00e4m"}]},{"@type":"WebSite","@id":"https:\/\/iwhiteinstant.com\/se\/#website","url":"https:\/\/iwhiteinstant.com\/se\/","name":"iWhite","description":"","publisher":{"@id":"https:\/\/iwhiteinstant.com\/se\/#organization"},"potentialAction":[{"@type":"SearchAction","target":{"@type":"EntryPoint","urlTemplate":"https:\/\/iwhiteinstant.com\/se\/?s={search_term_string}"},"query-input":{"@type":"PropertyValueSpecification","valueRequired":true,"valueName":"search_term_string"}}],"inLanguage":"sv-SE"},{"@type":"Organization","@id":"https:\/\/iwhiteinstant.com\/se\/#organization","name":"iWhite","url":"https:\/\/iwhiteinstant.com\/se\/","logo":{"@type":"ImageObject","inLanguage":"sv-SE","@id":"https:\/\/iwhiteinstant.com\/se\/#\/schema\/logo\/image\/","url":"https:\/\/iwhiteinstant.com\/app\/uploads\/sites\/15\/2024\/11\/Iwhite-logo.png","contentUrl":"https:\/\/iwhiteinstant.com\/app\/uploads\/sites\/15\/2024\/11\/Iwhite-logo.png","width":160,"height":40,"caption":"iWhite"},"image":{"@id":"https:\/\/iwhiteinstant.com\/se\/#\/schema\/logo\/image\/"}}]}},"_links":{"self":[{"href":"https:\/\/iwhiteinstant.com\/se\/wp-json\/wp\/v2\/product\/81","targetHints":{"allow":["GET"]}}],"collection":[{"href":"https:\/\/iwhiteinstant.com\/se\/wp-json\/wp\/v2\/product"}],"about":[{"href":"https:\/\/iwhiteinstant.com\/se\/wp-json\/wp\/v2\/types\/product"}],"replies":[{"embeddable":true,"href":"https:\/\/iwhiteinstant.com\/se\/wp-json\/wp\/v2\/comments?post=81"}],"version-history":[{"count":5,"href":"https:\/\/iwhiteinstant.com\/se\/wp-json\/wp\/v2\/product\/81\/revisions"}],"predecessor-version":[{"id":218,"href":"https:\/\/iwhiteinstant.com\/se\/wp-json\/wp\/v2\/product\/81\/revisions\/218"}],"wp:featuredmedia":[{"embeddable":true,"href":"https:\/\/iwhiteinstant.com\/se\/wp-json\/wp\/v2\/media\/82"}],"wp:attachment":[{"href":"https:\/\/iwhiteinstant.com\/se\/wp-json\/wp\/v2\/media?parent=81"}],"wp:term":[{"taxonomy":"product_brand","embeddable":true,"href":"https:\/\/iwhiteinstant.com\/se\/wp-json\/wp\/v2\/product_brand?post=81"},{"taxonomy":"product_cat","embeddable":true,"href":"https:\/\/iwhiteinstant.com\/se\/wp-json\/wp\/v2\/product_cat?post=81"},{"taxonomy":"product_tag","embeddable":true,"href":"https:\/\/iwhiteinstant.com\/se\/wp-json\/wp\/v2\/product_tag?post=81"}],"curies":[{"name":"wp","href":"https:\/\/api.w.org\/{rel}","templated":true}]}}