{"id":88,"date":"2024-11-15T11:00:18","date_gmt":"2024-11-15T10:00:18","guid":{"rendered":"https:\/\/iwhiteinstant.com\/se\/?post_type=product&#038;p=88"},"modified":"2024-12-20T15:21:40","modified_gmt":"2024-12-20T14:21:40","slug":"iwhite-interdental-whitener","status":"publish","type":"product","link":"https:\/\/iwhiteinstant.com\/se\/produkt\/iwhite-interdental-whitener\/","title":{"rendered":"iWhite Interdental Whitener"},"content":{"rendered":"","protected":false},"excerpt":{"rendered":"<p>Eliminerar fl\u00e4ckar mellan t\u00e4nderna och plack, tack vare sin trippelblekande formula.<\/p>\n","protected":false},"featured_media":89,"comment_status":"closed","ping_status":"closed","template":"","meta":{"_acf_changed":false,"footnotes":""},"product_brand":[],"product_cat":[19],"product_tag":[],"class_list":{"0":"post-88","1":"product","2":"type-product","3":"status-publish","4":"has-post-thumbnail","6":"product_cat-dagliga-whitening-produkter","8":"first","9":"instock","10":"shipping-taxable","11":"product-type-simple"},"acf":[],"yoast_head":"<!-- This site is optimized with the Yoast SEO plugin v26.6 - https:\/\/yoast.com\/wordpress\/plugins\/seo\/ -->\n<title>iWhite Interdental Whitener - iWhite<\/title>\n<meta name=\"description\" content=\"iWhite Interdental Whitener \u00e4r en innovativt blekningsmedel som verkar mellan t\u00e4nderna och \u00e4r laddat med aktiva tandbleknings\u00e4mnen. Formulan bygger p\u00e5 trippelblekningstekniken.\" \/>\n<meta name=\"robots\" content=\"index, follow, max-snippet:-1, max-image-preview:large, max-video-preview:-1\" \/>\n<link rel=\"canonical\" href=\"https:\/\/iwhiteinstant.com\/se\/produkt\/iwhite-interdental-whitener\/\" \/>\n<meta property=\"og:locale\" content=\"sv_SE\" \/>\n<meta property=\"og:type\" content=\"article\" \/>\n<meta property=\"og:title\" content=\"iWhite Interdental Whitener - iWhite\" \/>\n<meta property=\"og:description\" content=\"iWhite Interdental Whitener \u00e4r en innovativt blekningsmedel som verkar mellan t\u00e4nderna och \u00e4r laddat med aktiva tandbleknings\u00e4mnen. Formulan bygger p\u00e5 trippelblekningstekniken.\" \/>\n<meta property=\"og:url\" content=\"https:\/\/iwhiteinstant.com\/se\/produkt\/iwhite-interdental-whitener\/\" \/>\n<meta property=\"og:site_name\" content=\"iWhite\" \/>\n<meta property=\"article:modified_time\" content=\"2024-12-20T14:21:40+00:00\" \/>\n<meta property=\"og:image\" content=\"https:\/\/iwhiteinstant.com\/app\/uploads\/sites\/15\/2024\/11\/iWhite-Interdental-Whitener.png\" \/>\n\t<meta property=\"og:image:width\" content=\"800\" \/>\n\t<meta property=\"og:image:height\" content=\"800\" \/>\n\t<meta property=\"og:image:type\" content=\"image\/png\" \/>\n<meta name=\"twitter:card\" content=\"summary_large_image\" \/>\n<meta name=\"twitter:label1\" content=\"Est. reading time\" \/>\n\t<meta name=\"twitter:data1\" content=\"1 minut\" \/>\n<script type=\"application\/ld+json\" class=\"yoast-schema-graph\">{\"@context\":\"https:\/\/schema.org\",\"@graph\":[{\"@type\":\"WebPage\",\"@id\":\"https:\/\/iwhiteinstant.com\/se\/produkt\/iwhite-interdental-whitener\/\",\"url\":\"https:\/\/iwhiteinstant.com\/se\/produkt\/iwhite-interdental-whitener\/\",\"name\":\"iWhite Interdental Whitener - iWhite\",\"isPartOf\":{\"@id\":\"https:\/\/iwhiteinstant.com\/se\/#website\"},\"primaryImageOfPage\":{\"@id\":\"https:\/\/iwhiteinstant.com\/se\/produkt\/iwhite-interdental-whitener\/#primaryimage\"},\"image\":{\"@id\":\"https:\/\/iwhiteinstant.com\/se\/produkt\/iwhite-interdental-whitener\/#primaryimage\"},\"thumbnailUrl\":\"https:\/\/iwhiteinstant.com\/app\/uploads\/sites\/15\/2024\/11\/iWhite-Interdental-Whitener.png\",\"datePublished\":\"2024-11-15T10:00:18+00:00\",\"dateModified\":\"2024-12-20T14:21:40+00:00\",\"description\":\"iWhite Interdental Whitener \u00e4r en innovativt blekningsmedel som verkar mellan t\u00e4nderna och \u00e4r laddat med aktiva tandbleknings\u00e4mnen. Formulan bygger p\u00e5 trippelblekningstekniken.\",\"breadcrumb\":{\"@id\":\"https:\/\/iwhiteinstant.com\/se\/produkt\/iwhite-interdental-whitener\/#breadcrumb\"},\"inLanguage\":\"sv-SE\",\"potentialAction\":[{\"@type\":\"ReadAction\",\"target\":[\"https:\/\/iwhiteinstant.com\/se\/produkt\/iwhite-interdental-whitener\/\"]}]},{\"@type\":\"ImageObject\",\"inLanguage\":\"sv-SE\",\"@id\":\"https:\/\/iwhiteinstant.com\/se\/produkt\/iwhite-interdental-whitener\/#primaryimage\",\"url\":\"https:\/\/iwhiteinstant.com\/app\/uploads\/sites\/15\/2024\/11\/iWhite-Interdental-Whitener.png\",\"contentUrl\":\"https:\/\/iwhiteinstant.com\/app\/uploads\/sites\/15\/2024\/11\/iWhite-Interdental-Whitener.png\",\"width\":800,\"height\":800,\"caption\":\"iWhite-Interdental-Whitener\"},{\"@type\":\"BreadcrumbList\",\"@id\":\"https:\/\/iwhiteinstant.com\/se\/produkt\/iwhite-interdental-whitener\/#breadcrumb\",\"itemListElement\":[{\"@type\":\"ListItem\",\"position\":1,\"name\":\"Home\",\"item\":\"https:\/\/iwhiteinstant.com\/se\/\"},{\"@type\":\"ListItem\",\"position\":2,\"name\":\"Sortiment\",\"item\":\"https:\/\/iwhiteinstant.com\/se\/iwhite-sortimentet\/\"},{\"@type\":\"ListItem\",\"position\":3,\"name\":\"iWhite Interdental Whitener\"}]},{\"@type\":\"WebSite\",\"@id\":\"https:\/\/iwhiteinstant.com\/se\/#website\",\"url\":\"https:\/\/iwhiteinstant.com\/se\/\",\"name\":\"iWhite\",\"description\":\"\",\"publisher\":{\"@id\":\"https:\/\/iwhiteinstant.com\/se\/#organization\"},\"potentialAction\":[{\"@type\":\"SearchAction\",\"target\":{\"@type\":\"EntryPoint\",\"urlTemplate\":\"https:\/\/iwhiteinstant.com\/se\/?s={search_term_string}\"},\"query-input\":{\"@type\":\"PropertyValueSpecification\",\"valueRequired\":true,\"valueName\":\"search_term_string\"}}],\"inLanguage\":\"sv-SE\"},{\"@type\":\"Organization\",\"@id\":\"https:\/\/iwhiteinstant.com\/se\/#organization\",\"name\":\"iWhite\",\"url\":\"https:\/\/iwhiteinstant.com\/se\/\",\"logo\":{\"@type\":\"ImageObject\",\"inLanguage\":\"sv-SE\",\"@id\":\"https:\/\/iwhiteinstant.com\/se\/#\/schema\/logo\/image\/\",\"url\":\"https:\/\/iwhiteinstant.com\/app\/uploads\/sites\/15\/2024\/11\/Iwhite-logo.png\",\"contentUrl\":\"https:\/\/iwhiteinstant.com\/app\/uploads\/sites\/15\/2024\/11\/Iwhite-logo.png\",\"width\":160,\"height\":40,\"caption\":\"iWhite\"},\"image\":{\"@id\":\"https:\/\/iwhiteinstant.com\/se\/#\/schema\/logo\/image\/\"}}]}<\/script>\n<!-- \/ Yoast SEO plugin. -->","yoast_head_json":{"title":"iWhite Interdental Whitener - iWhite","description":"iWhite Interdental Whitener \u00e4r en innovativt blekningsmedel som verkar mellan t\u00e4nderna och \u00e4r laddat med aktiva tandbleknings\u00e4mnen. Formulan bygger p\u00e5 trippelblekningstekniken.","robots":{"index":"index","follow":"follow","max-snippet":"max-snippet:-1","max-image-preview":"max-image-preview:large","max-video-preview":"max-video-preview:-1"},"canonical":"https:\/\/iwhiteinstant.com\/se\/produkt\/iwhite-interdental-whitener\/","og_locale":"sv_SE","og_type":"article","og_title":"iWhite Interdental Whitener - iWhite","og_description":"iWhite Interdental Whitener \u00e4r en innovativt blekningsmedel som verkar mellan t\u00e4nderna och \u00e4r laddat med aktiva tandbleknings\u00e4mnen. Formulan bygger p\u00e5 trippelblekningstekniken.","og_url":"https:\/\/iwhiteinstant.com\/se\/produkt\/iwhite-interdental-whitener\/","og_site_name":"iWhite","article_modified_time":"2024-12-20T14:21:40+00:00","og_image":[{"width":800,"height":800,"url":"https:\/\/iwhiteinstant.com\/app\/uploads\/sites\/15\/2024\/11\/iWhite-Interdental-Whitener.png","type":"image\/png"}],"twitter_card":"summary_large_image","twitter_misc":{"Est. reading time":"1 minut"},"schema":{"@context":"https:\/\/schema.org","@graph":[{"@type":"WebPage","@id":"https:\/\/iwhiteinstant.com\/se\/produkt\/iwhite-interdental-whitener\/","url":"https:\/\/iwhiteinstant.com\/se\/produkt\/iwhite-interdental-whitener\/","name":"iWhite Interdental Whitener - iWhite","isPartOf":{"@id":"https:\/\/iwhiteinstant.com\/se\/#website"},"primaryImageOfPage":{"@id":"https:\/\/iwhiteinstant.com\/se\/produkt\/iwhite-interdental-whitener\/#primaryimage"},"image":{"@id":"https:\/\/iwhiteinstant.com\/se\/produkt\/iwhite-interdental-whitener\/#primaryimage"},"thumbnailUrl":"https:\/\/iwhiteinstant.com\/app\/uploads\/sites\/15\/2024\/11\/iWhite-Interdental-Whitener.png","datePublished":"2024-11-15T10:00:18+00:00","dateModified":"2024-12-20T14:21:40+00:00","description":"iWhite Interdental Whitener \u00e4r en innovativt blekningsmedel som verkar mellan t\u00e4nderna och \u00e4r laddat med aktiva tandbleknings\u00e4mnen. Formulan bygger p\u00e5 trippelblekningstekniken.","breadcrumb":{"@id":"https:\/\/iwhiteinstant.com\/se\/produkt\/iwhite-interdental-whitener\/#breadcrumb"},"inLanguage":"sv-SE","potentialAction":[{"@type":"ReadAction","target":["https:\/\/iwhiteinstant.com\/se\/produkt\/iwhite-interdental-whitener\/"]}]},{"@type":"ImageObject","inLanguage":"sv-SE","@id":"https:\/\/iwhiteinstant.com\/se\/produkt\/iwhite-interdental-whitener\/#primaryimage","url":"https:\/\/iwhiteinstant.com\/app\/uploads\/sites\/15\/2024\/11\/iWhite-Interdental-Whitener.png","contentUrl":"https:\/\/iwhiteinstant.com\/app\/uploads\/sites\/15\/2024\/11\/iWhite-Interdental-Whitener.png","width":800,"height":800,"caption":"iWhite-Interdental-Whitener"},{"@type":"BreadcrumbList","@id":"https:\/\/iwhiteinstant.com\/se\/produkt\/iwhite-interdental-whitener\/#breadcrumb","itemListElement":[{"@type":"ListItem","position":1,"name":"Home","item":"https:\/\/iwhiteinstant.com\/se\/"},{"@type":"ListItem","position":2,"name":"Sortiment","item":"https:\/\/iwhiteinstant.com\/se\/iwhite-sortimentet\/"},{"@type":"ListItem","position":3,"name":"iWhite Interdental Whitener"}]},{"@type":"WebSite","@id":"https:\/\/iwhiteinstant.com\/se\/#website","url":"https:\/\/iwhiteinstant.com\/se\/","name":"iWhite","description":"","publisher":{"@id":"https:\/\/iwhiteinstant.com\/se\/#organization"},"potentialAction":[{"@type":"SearchAction","target":{"@type":"EntryPoint","urlTemplate":"https:\/\/iwhiteinstant.com\/se\/?s={search_term_string}"},"query-input":{"@type":"PropertyValueSpecification","valueRequired":true,"valueName":"search_term_string"}}],"inLanguage":"sv-SE"},{"@type":"Organization","@id":"https:\/\/iwhiteinstant.com\/se\/#organization","name":"iWhite","url":"https:\/\/iwhiteinstant.com\/se\/","logo":{"@type":"ImageObject","inLanguage":"sv-SE","@id":"https:\/\/iwhiteinstant.com\/se\/#\/schema\/logo\/image\/","url":"https:\/\/iwhiteinstant.com\/app\/uploads\/sites\/15\/2024\/11\/Iwhite-logo.png","contentUrl":"https:\/\/iwhiteinstant.com\/app\/uploads\/sites\/15\/2024\/11\/Iwhite-logo.png","width":160,"height":40,"caption":"iWhite"},"image":{"@id":"https:\/\/iwhiteinstant.com\/se\/#\/schema\/logo\/image\/"}}]}},"_links":{"self":[{"href":"https:\/\/iwhiteinstant.com\/se\/wp-json\/wp\/v2\/product\/88","targetHints":{"allow":["GET"]}}],"collection":[{"href":"https:\/\/iwhiteinstant.com\/se\/wp-json\/wp\/v2\/product"}],"about":[{"href":"https:\/\/iwhiteinstant.com\/se\/wp-json\/wp\/v2\/types\/product"}],"replies":[{"embeddable":true,"href":"https:\/\/iwhiteinstant.com\/se\/wp-json\/wp\/v2\/comments?post=88"}],"version-history":[{"count":5,"href":"https:\/\/iwhiteinstant.com\/se\/wp-json\/wp\/v2\/product\/88\/revisions"}],"predecessor-version":[{"id":216,"href":"https:\/\/iwhiteinstant.com\/se\/wp-json\/wp\/v2\/product\/88\/revisions\/216"}],"wp:featuredmedia":[{"embeddable":true,"href":"https:\/\/iwhiteinstant.com\/se\/wp-json\/wp\/v2\/media\/89"}],"wp:attachment":[{"href":"https:\/\/iwhiteinstant.com\/se\/wp-json\/wp\/v2\/media?parent=88"}],"wp:term":[{"taxonomy":"product_brand","embeddable":true,"href":"https:\/\/iwhiteinstant.com\/se\/wp-json\/wp\/v2\/product_brand?post=88"},{"taxonomy":"product_cat","embeddable":true,"href":"https:\/\/iwhiteinstant.com\/se\/wp-json\/wp\/v2\/product_cat?post=88"},{"taxonomy":"product_tag","embeddable":true,"href":"https:\/\/iwhiteinstant.com\/se\/wp-json\/wp\/v2\/product_tag?post=88"}],"curies":[{"name":"wp","href":"https:\/\/api.w.org\/{rel}","templated":true}]}}