{"id":91,"date":"2024-11-15T11:00:42","date_gmt":"2024-11-15T10:00:42","guid":{"rendered":"https:\/\/iwhiteinstant.com\/se\/?post_type=product&#038;p=91"},"modified":"2024-12-20T15:21:38","modified_gmt":"2024-12-20T14:21:38","slug":"iwhite-natural-dissolving-whitening-strips","status":"publish","type":"product","link":"https:\/\/iwhiteinstant.com\/se\/produkt\/iwhite-natural-dissolving-whitening-strips\/","title":{"rendered":"iWhite Natural Dissolving Whitening Strips"},"content":{"rendered":"\n<div class=\"wp-block-karopharma-accordions is-style-secondary\"><div class=\"container\">\n<details class=\"wp-block-karopharma-accordion\"><summary><h2 class=\"accordion-title\">Ljusare och vitare t\u00e4nder tack vare v\u00e5rt teknikgenombrott med iwhite triple-action:<\/h2><\/summary><div class=\"accordion-content\">\n<p><strong>Upp till 7 nyanser vitare t\u00e4nder<\/strong><br>iWhite var och \u00e4r en f\u00f6reg\u00e5ngare inom tandblekning utan v\u00e4teperoxid. iWhite Naturals sj\u00e4lvuppl\u00f6sande blekningsremsor \u00e4r framtagna med samma iWhite-teknik som v\u00e5ra h\u00f6gpresterande och v\u00e4teperoxidfria blekningssatser, vilket inneb\u00e4r att de kliniskt bevisat \u00e4r s\u00e4kra och effektiva. Och resultatet? Ett str\u00e5lande leende med upp till 7 nyanser vitare t\u00e4nder!<\/p>\n\n\n\n<p><strong>Inneh\u00e5ller 100 % naturliga bleknings\u00e4mnen<br><\/strong>Vissa frukter som papaya och jordgubbar kan g\u00f6ra t\u00e4nderna vitare! L\u00e5t oss dela med oss av n\u00e5gra insikter om de d\u00e4r blekande frukterna som ger dig det d\u00e4r stora vita leendet:<\/p>\n\n\n\n<p><strong><mark style=\"background-color:rgba(0, 0, 0, 0)\" class=\"has-inline-color has-secondary-color\">Papainet <\/mark><\/strong>i papayan avl\u00e4gsnar proteindelen av placket och tar d\u00e4rmed bort fl\u00e4ckar som \u00e4r bundna till dessa proteiner. Det \u00e4r kliniskt bevisat att du f\u00e5r en blekningseffekt efter 1 applicering.<\/p>\n\n\n\n<p><strong><mark style=\"background-color:rgba(0, 0, 0, 0)\" class=\"has-inline-color has-secondary-color\">Jordgubbar<\/mark><\/strong> \u00e4r ocks\u00e5 k\u00e4nda som starka, naturliga blekningsagenter. Det \u00e4r kliniskt bevisat att jordgubbar har en blekande och reng\u00f6rande effekt som hj\u00e4lper till att l\u00f6sa upp fl\u00e4ckar.<\/p>\n<\/div><\/details>\n\n\n\n<details class=\"wp-block-karopharma-accordion\"><summary><h2 class=\"accordion-title\">Tandblekning utan anstr\u00e4ngning<\/h2><\/summary><div class=\"accordion-content\">\n<p>Placera bara de blekande remsorna p\u00e5 t\u00e4nderna och l\u00e5t dem g\u00f6ra jobbet \u00e5t dig. De bleknar och l\u00f6ses sedan upp automatiskt. Inget kr\u00e5ngel, du kan anv\u00e4nda remsorna n\u00e4r som helst och var som helst n\u00e4r DU vill g\u00f6ra t\u00e4nderna vitare!<\/p>\n<\/div><\/details>\n<\/div><\/div>\n","protected":false},"excerpt":{"rendered":"<p>G\u00f6r dina t\u00e4nder vitare n\u00e4r du vill och var du vill!<\/p>\n","protected":false},"featured_media":93,"comment_status":"closed","ping_status":"closed","template":"","meta":{"_acf_changed":false,"footnotes":""},"product_brand":[],"product_cat":[20],"product_tag":[],"class_list":{"0":"post-91","1":"product","2":"type-product","3":"status-publish","4":"has-post-thumbnail","6":"product_cat-naturlig-whitening","8":"first","9":"instock","10":"shipping-taxable","11":"product-type-simple"},"acf":[],"yoast_head":"<!-- This site is optimized with the Yoast SEO plugin v26.6 - https:\/\/yoast.com\/wordpress\/plugins\/seo\/ -->\n<title>iWhite Natural Dissolving Whitening Strips - iWhite<\/title>\n<meta name=\"description\" content=\"White Naturals sj\u00e4lvuppl\u00f6sande blekningsremsor bleker dina t\u00e4nder s\u00e4kert, var som helst och n\u00e4r som helst utan att du beh\u00f6ver ta bort n\u00e5got\" \/>\n<meta name=\"robots\" content=\"index, follow, max-snippet:-1, max-image-preview:large, max-video-preview:-1\" \/>\n<link rel=\"canonical\" href=\"https:\/\/iwhiteinstant.com\/se\/produkt\/iwhite-natural-dissolving-whitening-strips\/\" \/>\n<meta property=\"og:locale\" content=\"sv_SE\" \/>\n<meta property=\"og:type\" content=\"article\" \/>\n<meta property=\"og:title\" content=\"iWhite Natural Dissolving Whitening Strips - iWhite\" \/>\n<meta property=\"og:description\" content=\"White Naturals sj\u00e4lvuppl\u00f6sande blekningsremsor bleker dina t\u00e4nder s\u00e4kert, var som helst och n\u00e4r som helst utan att du beh\u00f6ver ta bort n\u00e5got\" \/>\n<meta property=\"og:url\" content=\"https:\/\/iwhiteinstant.com\/se\/produkt\/iwhite-natural-dissolving-whitening-strips\/\" \/>\n<meta property=\"og:site_name\" content=\"iWhite\" \/>\n<meta property=\"article:modified_time\" content=\"2024-12-20T14:21:38+00:00\" \/>\n<meta property=\"og:image\" content=\"https:\/\/iwhiteinstant.com\/app\/uploads\/sites\/15\/2024\/11\/iWhite-Natural-Dissolving-Whitening-Strips.png\" \/>\n\t<meta property=\"og:image:width\" content=\"800\" \/>\n\t<meta property=\"og:image:height\" content=\"800\" \/>\n\t<meta property=\"og:image:type\" content=\"image\/png\" \/>\n<meta name=\"twitter:card\" content=\"summary_large_image\" \/>\n<meta name=\"twitter:label1\" content=\"Est. reading time\" \/>\n\t<meta name=\"twitter:data1\" content=\"2 minuter\" \/>\n<script type=\"application\/ld+json\" class=\"yoast-schema-graph\">{\"@context\":\"https:\/\/schema.org\",\"@graph\":[{\"@type\":\"WebPage\",\"@id\":\"https:\/\/iwhiteinstant.com\/se\/produkt\/iwhite-natural-dissolving-whitening-strips\/\",\"url\":\"https:\/\/iwhiteinstant.com\/se\/produkt\/iwhite-natural-dissolving-whitening-strips\/\",\"name\":\"iWhite Natural Dissolving Whitening Strips - iWhite\",\"isPartOf\":{\"@id\":\"https:\/\/iwhiteinstant.com\/se\/#website\"},\"primaryImageOfPage\":{\"@id\":\"https:\/\/iwhiteinstant.com\/se\/produkt\/iwhite-natural-dissolving-whitening-strips\/#primaryimage\"},\"image\":{\"@id\":\"https:\/\/iwhiteinstant.com\/se\/produkt\/iwhite-natural-dissolving-whitening-strips\/#primaryimage\"},\"thumbnailUrl\":\"https:\/\/iwhiteinstant.com\/app\/uploads\/sites\/15\/2024\/11\/iWhite-Natural-Dissolving-Whitening-Strips.png\",\"datePublished\":\"2024-11-15T10:00:42+00:00\",\"dateModified\":\"2024-12-20T14:21:38+00:00\",\"description\":\"White Naturals sj\u00e4lvuppl\u00f6sande blekningsremsor bleker dina t\u00e4nder s\u00e4kert, var som helst och n\u00e4r som helst utan att du beh\u00f6ver ta bort n\u00e5got\",\"breadcrumb\":{\"@id\":\"https:\/\/iwhiteinstant.com\/se\/produkt\/iwhite-natural-dissolving-whitening-strips\/#breadcrumb\"},\"inLanguage\":\"sv-SE\",\"potentialAction\":[{\"@type\":\"ReadAction\",\"target\":[\"https:\/\/iwhiteinstant.com\/se\/produkt\/iwhite-natural-dissolving-whitening-strips\/\"]}]},{\"@type\":\"ImageObject\",\"inLanguage\":\"sv-SE\",\"@id\":\"https:\/\/iwhiteinstant.com\/se\/produkt\/iwhite-natural-dissolving-whitening-strips\/#primaryimage\",\"url\":\"https:\/\/iwhiteinstant.com\/app\/uploads\/sites\/15\/2024\/11\/iWhite-Natural-Dissolving-Whitening-Strips.png\",\"contentUrl\":\"https:\/\/iwhiteinstant.com\/app\/uploads\/sites\/15\/2024\/11\/iWhite-Natural-Dissolving-Whitening-Strips.png\",\"width\":800,\"height\":800,\"caption\":\"iWhite-Natural-Dissolving-Whitening-Strips\"},{\"@type\":\"BreadcrumbList\",\"@id\":\"https:\/\/iwhiteinstant.com\/se\/produkt\/iwhite-natural-dissolving-whitening-strips\/#breadcrumb\",\"itemListElement\":[{\"@type\":\"ListItem\",\"position\":1,\"name\":\"Home\",\"item\":\"https:\/\/iwhiteinstant.com\/se\/\"},{\"@type\":\"ListItem\",\"position\":2,\"name\":\"Sortiment\",\"item\":\"https:\/\/iwhiteinstant.com\/se\/iwhite-sortimentet\/\"},{\"@type\":\"ListItem\",\"position\":3,\"name\":\"iWhite Natural Dissolving Whitening Strips\"}]},{\"@type\":\"WebSite\",\"@id\":\"https:\/\/iwhiteinstant.com\/se\/#website\",\"url\":\"https:\/\/iwhiteinstant.com\/se\/\",\"name\":\"iWhite\",\"description\":\"\",\"publisher\":{\"@id\":\"https:\/\/iwhiteinstant.com\/se\/#organization\"},\"potentialAction\":[{\"@type\":\"SearchAction\",\"target\":{\"@type\":\"EntryPoint\",\"urlTemplate\":\"https:\/\/iwhiteinstant.com\/se\/?s={search_term_string}\"},\"query-input\":{\"@type\":\"PropertyValueSpecification\",\"valueRequired\":true,\"valueName\":\"search_term_string\"}}],\"inLanguage\":\"sv-SE\"},{\"@type\":\"Organization\",\"@id\":\"https:\/\/iwhiteinstant.com\/se\/#organization\",\"name\":\"iWhite\",\"url\":\"https:\/\/iwhiteinstant.com\/se\/\",\"logo\":{\"@type\":\"ImageObject\",\"inLanguage\":\"sv-SE\",\"@id\":\"https:\/\/iwhiteinstant.com\/se\/#\/schema\/logo\/image\/\",\"url\":\"https:\/\/iwhiteinstant.com\/app\/uploads\/sites\/15\/2024\/11\/Iwhite-logo.png\",\"contentUrl\":\"https:\/\/iwhiteinstant.com\/app\/uploads\/sites\/15\/2024\/11\/Iwhite-logo.png\",\"width\":160,\"height\":40,\"caption\":\"iWhite\"},\"image\":{\"@id\":\"https:\/\/iwhiteinstant.com\/se\/#\/schema\/logo\/image\/\"}}]}<\/script>\n<!-- \/ Yoast SEO plugin. -->","yoast_head_json":{"title":"iWhite Natural Dissolving Whitening Strips - iWhite","description":"White Naturals sj\u00e4lvuppl\u00f6sande blekningsremsor bleker dina t\u00e4nder s\u00e4kert, var som helst och n\u00e4r som helst utan att du beh\u00f6ver ta bort n\u00e5got","robots":{"index":"index","follow":"follow","max-snippet":"max-snippet:-1","max-image-preview":"max-image-preview:large","max-video-preview":"max-video-preview:-1"},"canonical":"https:\/\/iwhiteinstant.com\/se\/produkt\/iwhite-natural-dissolving-whitening-strips\/","og_locale":"sv_SE","og_type":"article","og_title":"iWhite Natural Dissolving Whitening Strips - iWhite","og_description":"White Naturals sj\u00e4lvuppl\u00f6sande blekningsremsor bleker dina t\u00e4nder s\u00e4kert, var som helst och n\u00e4r som helst utan att du beh\u00f6ver ta bort n\u00e5got","og_url":"https:\/\/iwhiteinstant.com\/se\/produkt\/iwhite-natural-dissolving-whitening-strips\/","og_site_name":"iWhite","article_modified_time":"2024-12-20T14:21:38+00:00","og_image":[{"width":800,"height":800,"url":"https:\/\/iwhiteinstant.com\/app\/uploads\/sites\/15\/2024\/11\/iWhite-Natural-Dissolving-Whitening-Strips.png","type":"image\/png"}],"twitter_card":"summary_large_image","twitter_misc":{"Est. reading time":"2 minuter"},"schema":{"@context":"https:\/\/schema.org","@graph":[{"@type":"WebPage","@id":"https:\/\/iwhiteinstant.com\/se\/produkt\/iwhite-natural-dissolving-whitening-strips\/","url":"https:\/\/iwhiteinstant.com\/se\/produkt\/iwhite-natural-dissolving-whitening-strips\/","name":"iWhite Natural Dissolving Whitening Strips - iWhite","isPartOf":{"@id":"https:\/\/iwhiteinstant.com\/se\/#website"},"primaryImageOfPage":{"@id":"https:\/\/iwhiteinstant.com\/se\/produkt\/iwhite-natural-dissolving-whitening-strips\/#primaryimage"},"image":{"@id":"https:\/\/iwhiteinstant.com\/se\/produkt\/iwhite-natural-dissolving-whitening-strips\/#primaryimage"},"thumbnailUrl":"https:\/\/iwhiteinstant.com\/app\/uploads\/sites\/15\/2024\/11\/iWhite-Natural-Dissolving-Whitening-Strips.png","datePublished":"2024-11-15T10:00:42+00:00","dateModified":"2024-12-20T14:21:38+00:00","description":"White Naturals sj\u00e4lvuppl\u00f6sande blekningsremsor bleker dina t\u00e4nder s\u00e4kert, var som helst och n\u00e4r som helst utan att du beh\u00f6ver ta bort n\u00e5got","breadcrumb":{"@id":"https:\/\/iwhiteinstant.com\/se\/produkt\/iwhite-natural-dissolving-whitening-strips\/#breadcrumb"},"inLanguage":"sv-SE","potentialAction":[{"@type":"ReadAction","target":["https:\/\/iwhiteinstant.com\/se\/produkt\/iwhite-natural-dissolving-whitening-strips\/"]}]},{"@type":"ImageObject","inLanguage":"sv-SE","@id":"https:\/\/iwhiteinstant.com\/se\/produkt\/iwhite-natural-dissolving-whitening-strips\/#primaryimage","url":"https:\/\/iwhiteinstant.com\/app\/uploads\/sites\/15\/2024\/11\/iWhite-Natural-Dissolving-Whitening-Strips.png","contentUrl":"https:\/\/iwhiteinstant.com\/app\/uploads\/sites\/15\/2024\/11\/iWhite-Natural-Dissolving-Whitening-Strips.png","width":800,"height":800,"caption":"iWhite-Natural-Dissolving-Whitening-Strips"},{"@type":"BreadcrumbList","@id":"https:\/\/iwhiteinstant.com\/se\/produkt\/iwhite-natural-dissolving-whitening-strips\/#breadcrumb","itemListElement":[{"@type":"ListItem","position":1,"name":"Home","item":"https:\/\/iwhiteinstant.com\/se\/"},{"@type":"ListItem","position":2,"name":"Sortiment","item":"https:\/\/iwhiteinstant.com\/se\/iwhite-sortimentet\/"},{"@type":"ListItem","position":3,"name":"iWhite Natural Dissolving Whitening Strips"}]},{"@type":"WebSite","@id":"https:\/\/iwhiteinstant.com\/se\/#website","url":"https:\/\/iwhiteinstant.com\/se\/","name":"iWhite","description":"","publisher":{"@id":"https:\/\/iwhiteinstant.com\/se\/#organization"},"potentialAction":[{"@type":"SearchAction","target":{"@type":"EntryPoint","urlTemplate":"https:\/\/iwhiteinstant.com\/se\/?s={search_term_string}"},"query-input":{"@type":"PropertyValueSpecification","valueRequired":true,"valueName":"search_term_string"}}],"inLanguage":"sv-SE"},{"@type":"Organization","@id":"https:\/\/iwhiteinstant.com\/se\/#organization","name":"iWhite","url":"https:\/\/iwhiteinstant.com\/se\/","logo":{"@type":"ImageObject","inLanguage":"sv-SE","@id":"https:\/\/iwhiteinstant.com\/se\/#\/schema\/logo\/image\/","url":"https:\/\/iwhiteinstant.com\/app\/uploads\/sites\/15\/2024\/11\/Iwhite-logo.png","contentUrl":"https:\/\/iwhiteinstant.com\/app\/uploads\/sites\/15\/2024\/11\/Iwhite-logo.png","width":160,"height":40,"caption":"iWhite"},"image":{"@id":"https:\/\/iwhiteinstant.com\/se\/#\/schema\/logo\/image\/"}}]}},"_links":{"self":[{"href":"https:\/\/iwhiteinstant.com\/se\/wp-json\/wp\/v2\/product\/91","targetHints":{"allow":["GET"]}}],"collection":[{"href":"https:\/\/iwhiteinstant.com\/se\/wp-json\/wp\/v2\/product"}],"about":[{"href":"https:\/\/iwhiteinstant.com\/se\/wp-json\/wp\/v2\/types\/product"}],"replies":[{"embeddable":true,"href":"https:\/\/iwhiteinstant.com\/se\/wp-json\/wp\/v2\/comments?post=91"}],"version-history":[{"count":3,"href":"https:\/\/iwhiteinstant.com\/se\/wp-json\/wp\/v2\/product\/91\/revisions"}],"predecessor-version":[{"id":213,"href":"https:\/\/iwhiteinstant.com\/se\/wp-json\/wp\/v2\/product\/91\/revisions\/213"}],"wp:featuredmedia":[{"embeddable":true,"href":"https:\/\/iwhiteinstant.com\/se\/wp-json\/wp\/v2\/media\/93"}],"wp:attachment":[{"href":"https:\/\/iwhiteinstant.com\/se\/wp-json\/wp\/v2\/media?parent=91"}],"wp:term":[{"taxonomy":"product_brand","embeddable":true,"href":"https:\/\/iwhiteinstant.com\/se\/wp-json\/wp\/v2\/product_brand?post=91"},{"taxonomy":"product_cat","embeddable":true,"href":"https:\/\/iwhiteinstant.com\/se\/wp-json\/wp\/v2\/product_cat?post=91"},{"taxonomy":"product_tag","embeddable":true,"href":"https:\/\/iwhiteinstant.com\/se\/wp-json\/wp\/v2\/product_tag?post=91"}],"curies":[{"name":"wp","href":"https:\/\/api.w.org\/{rel}","templated":true}]}}