{"id":98,"date":"2024-11-15T11:05:14","date_gmt":"2024-11-15T10:05:14","guid":{"rendered":"https:\/\/iwhiteinstant.com\/se\/?post_type=product&#038;p=98"},"modified":"2024-12-20T15:21:33","modified_gmt":"2024-12-20T14:21:33","slug":"iwhite-glow-whitening-kit","status":"publish","type":"product","link":"https:\/\/iwhiteinstant.com\/se\/produkt\/iwhite-glow-whitening-kit\/","title":{"rendered":"iWhite Glow Whitening Kit"},"content":{"rendered":"\n<section class=\"wp-block-karopharma-image-with-text image-with-text image-with-text__not-full-width is-style-primary\"><div class=\"image-with-text-container \"><div class=\"image-with-text-container-image-container\"><img decoding=\"async\" loading=\"lazy\" src=\"https:\/\/iwhiteinstant.com\/cdn-cgi\/image\/format=auto\/app\/uploads\/sites\/15\/2024\/11\/whitening-kit-mirror-large.jpg\" alt=\"whitening-kit-mirror-large\"\/><\/div><div class=\"image-with-text-container-content\" style=\"text-align:left\" data-test=\"content\"><div class=\"content\"><h2>Vad \u00e4r det som g\u00f6r iWhite Glow annorlunda?<\/h2><p class=\"body\" data-test=\"body\">iWhite-skenorna inneh\u00e5ller en unik blekningsgel d\u00e4r iWhite-teknologin \u00e4r berikad med naturliga glittrande ingredienser och diamantpartiklar.<br><br>\u00c5 ena sidan ger iWhite-teknologin dig upp till 8 nyanser vitare t\u00e4nder. \u00c5 andra sidan kommer diamantglittret, bl\u00e5 kristaller och glittrande partiklar att ljusa upp dina t\u00e4nder p\u00e5 ett naturligt s\u00e4tt.<br><br>Kombinationen av iWhite-teknologin med dessa 3 ingredienser ger en extra boost till ditt vita leende.<br><br>Det \u00e4r viktigt att veta att iWhite \u00e4r 100 % s\u00e4kert att anv\u00e4nda. iWhite Glow inneh\u00e5ller kliniskt bevisade ingredienser och \u00e4r 100 % fri fr\u00e5n v\u00e4teperoxid. Inga biverkningar, bara ett vitt leende!<\/p>\n<div class=\"wp-block-buttons is-layout-flex wp-block-buttons-is-layout-flex\"><\/div>\n<\/div><\/div><\/div><\/section>\n","protected":false},"excerpt":{"rendered":"<p>Omedelbar blekningseffekt med extra lyster, dag som natt.<\/p>\n","protected":false},"featured_media":99,"comment_status":"closed","ping_status":"closed","template":"","meta":{"_acf_changed":false,"footnotes":""},"product_brand":[],"product_cat":[22],"product_tag":[],"class_list":{"0":"post-98","1":"product","2":"type-product","3":"status-publish","4":"has-post-thumbnail","6":"product_cat-whitening-kit","8":"first","9":"instock","10":"shipping-taxable","11":"product-type-simple"},"acf":[],"yoast_head":"<!-- This site is optimized with the Yoast SEO plugin v26.6 - https:\/\/yoast.com\/wordpress\/plugins\/seo\/ -->\n<title>iWhite Glow Whitening Kit - iWhite<\/title>\n<meta name=\"description\" content=\"Ett nytt och revolutionerande blekningskit som g\u00f6r dina t\u00e4nder upp till 8 nyanser vitare... men som ocks\u00e5 f\u00e5r dem att glittra och lysa?\" \/>\n<meta name=\"robots\" content=\"index, follow, max-snippet:-1, max-image-preview:large, max-video-preview:-1\" \/>\n<link rel=\"canonical\" href=\"https:\/\/iwhiteinstant.com\/se\/produkt\/iwhite-glow-whitening-kit\/\" \/>\n<meta property=\"og:locale\" content=\"sv_SE\" \/>\n<meta property=\"og:type\" content=\"article\" \/>\n<meta property=\"og:title\" content=\"iWhite Glow Whitening Kit - iWhite\" \/>\n<meta property=\"og:description\" content=\"Ett nytt och revolutionerande blekningskit som g\u00f6r dina t\u00e4nder upp till 8 nyanser vitare... men som ocks\u00e5 f\u00e5r dem att glittra och lysa?\" \/>\n<meta property=\"og:url\" content=\"https:\/\/iwhiteinstant.com\/se\/produkt\/iwhite-glow-whitening-kit\/\" \/>\n<meta property=\"og:site_name\" content=\"iWhite\" \/>\n<meta property=\"article:modified_time\" content=\"2024-12-20T14:21:33+00:00\" \/>\n<meta property=\"og:image\" content=\"https:\/\/iwhiteinstant.com\/app\/uploads\/sites\/15\/2024\/11\/iWhite-Glow-whitening-kit.png\" \/>\n\t<meta property=\"og:image:width\" content=\"800\" \/>\n\t<meta property=\"og:image:height\" content=\"800\" \/>\n\t<meta property=\"og:image:type\" content=\"image\/png\" \/>\n<meta name=\"twitter:card\" content=\"summary_large_image\" \/>\n<meta name=\"twitter:label1\" content=\"Est. reading time\" \/>\n\t<meta name=\"twitter:data1\" content=\"1 minut\" \/>\n<script type=\"application\/ld+json\" class=\"yoast-schema-graph\">{\"@context\":\"https:\/\/schema.org\",\"@graph\":[{\"@type\":\"WebPage\",\"@id\":\"https:\/\/iwhiteinstant.com\/se\/produkt\/iwhite-glow-whitening-kit\/\",\"url\":\"https:\/\/iwhiteinstant.com\/se\/produkt\/iwhite-glow-whitening-kit\/\",\"name\":\"iWhite Glow Whitening Kit - iWhite\",\"isPartOf\":{\"@id\":\"https:\/\/iwhiteinstant.com\/se\/#website\"},\"primaryImageOfPage\":{\"@id\":\"https:\/\/iwhiteinstant.com\/se\/produkt\/iwhite-glow-whitening-kit\/#primaryimage\"},\"image\":{\"@id\":\"https:\/\/iwhiteinstant.com\/se\/produkt\/iwhite-glow-whitening-kit\/#primaryimage\"},\"thumbnailUrl\":\"https:\/\/iwhiteinstant.com\/app\/uploads\/sites\/15\/2024\/11\/iWhite-Glow-whitening-kit.png\",\"datePublished\":\"2024-11-15T10:05:14+00:00\",\"dateModified\":\"2024-12-20T14:21:33+00:00\",\"description\":\"Ett nytt och revolutionerande blekningskit som g\u00f6r dina t\u00e4nder upp till 8 nyanser vitare... men som ocks\u00e5 f\u00e5r dem att glittra och lysa?\",\"breadcrumb\":{\"@id\":\"https:\/\/iwhiteinstant.com\/se\/produkt\/iwhite-glow-whitening-kit\/#breadcrumb\"},\"inLanguage\":\"sv-SE\",\"potentialAction\":[{\"@type\":\"ReadAction\",\"target\":[\"https:\/\/iwhiteinstant.com\/se\/produkt\/iwhite-glow-whitening-kit\/\"]}]},{\"@type\":\"ImageObject\",\"inLanguage\":\"sv-SE\",\"@id\":\"https:\/\/iwhiteinstant.com\/se\/produkt\/iwhite-glow-whitening-kit\/#primaryimage\",\"url\":\"https:\/\/iwhiteinstant.com\/app\/uploads\/sites\/15\/2024\/11\/iWhite-Glow-whitening-kit.png\",\"contentUrl\":\"https:\/\/iwhiteinstant.com\/app\/uploads\/sites\/15\/2024\/11\/iWhite-Glow-whitening-kit.png\",\"width\":800,\"height\":800,\"caption\":\"iWhite-Glow-whitening-kit\"},{\"@type\":\"BreadcrumbList\",\"@id\":\"https:\/\/iwhiteinstant.com\/se\/produkt\/iwhite-glow-whitening-kit\/#breadcrumb\",\"itemListElement\":[{\"@type\":\"ListItem\",\"position\":1,\"name\":\"Home\",\"item\":\"https:\/\/iwhiteinstant.com\/se\/\"},{\"@type\":\"ListItem\",\"position\":2,\"name\":\"Sortiment\",\"item\":\"https:\/\/iwhiteinstant.com\/se\/iwhite-sortimentet\/\"},{\"@type\":\"ListItem\",\"position\":3,\"name\":\"iWhite Glow Whitening Kit\"}]},{\"@type\":\"WebSite\",\"@id\":\"https:\/\/iwhiteinstant.com\/se\/#website\",\"url\":\"https:\/\/iwhiteinstant.com\/se\/\",\"name\":\"iWhite\",\"description\":\"\",\"publisher\":{\"@id\":\"https:\/\/iwhiteinstant.com\/se\/#organization\"},\"potentialAction\":[{\"@type\":\"SearchAction\",\"target\":{\"@type\":\"EntryPoint\",\"urlTemplate\":\"https:\/\/iwhiteinstant.com\/se\/?s={search_term_string}\"},\"query-input\":{\"@type\":\"PropertyValueSpecification\",\"valueRequired\":true,\"valueName\":\"search_term_string\"}}],\"inLanguage\":\"sv-SE\"},{\"@type\":\"Organization\",\"@id\":\"https:\/\/iwhiteinstant.com\/se\/#organization\",\"name\":\"iWhite\",\"url\":\"https:\/\/iwhiteinstant.com\/se\/\",\"logo\":{\"@type\":\"ImageObject\",\"inLanguage\":\"sv-SE\",\"@id\":\"https:\/\/iwhiteinstant.com\/se\/#\/schema\/logo\/image\/\",\"url\":\"https:\/\/iwhiteinstant.com\/app\/uploads\/sites\/15\/2024\/11\/Iwhite-logo.png\",\"contentUrl\":\"https:\/\/iwhiteinstant.com\/app\/uploads\/sites\/15\/2024\/11\/Iwhite-logo.png\",\"width\":160,\"height\":40,\"caption\":\"iWhite\"},\"image\":{\"@id\":\"https:\/\/iwhiteinstant.com\/se\/#\/schema\/logo\/image\/\"}}]}<\/script>\n<!-- \/ Yoast SEO plugin. -->","yoast_head_json":{"title":"iWhite Glow Whitening Kit - iWhite","description":"Ett nytt och revolutionerande blekningskit som g\u00f6r dina t\u00e4nder upp till 8 nyanser vitare... men som ocks\u00e5 f\u00e5r dem att glittra och lysa?","robots":{"index":"index","follow":"follow","max-snippet":"max-snippet:-1","max-image-preview":"max-image-preview:large","max-video-preview":"max-video-preview:-1"},"canonical":"https:\/\/iwhiteinstant.com\/se\/produkt\/iwhite-glow-whitening-kit\/","og_locale":"sv_SE","og_type":"article","og_title":"iWhite Glow Whitening Kit - iWhite","og_description":"Ett nytt och revolutionerande blekningskit som g\u00f6r dina t\u00e4nder upp till 8 nyanser vitare... men som ocks\u00e5 f\u00e5r dem att glittra och lysa?","og_url":"https:\/\/iwhiteinstant.com\/se\/produkt\/iwhite-glow-whitening-kit\/","og_site_name":"iWhite","article_modified_time":"2024-12-20T14:21:33+00:00","og_image":[{"width":800,"height":800,"url":"https:\/\/iwhiteinstant.com\/app\/uploads\/sites\/15\/2024\/11\/iWhite-Glow-whitening-kit.png","type":"image\/png"}],"twitter_card":"summary_large_image","twitter_misc":{"Est. reading time":"1 minut"},"schema":{"@context":"https:\/\/schema.org","@graph":[{"@type":"WebPage","@id":"https:\/\/iwhiteinstant.com\/se\/produkt\/iwhite-glow-whitening-kit\/","url":"https:\/\/iwhiteinstant.com\/se\/produkt\/iwhite-glow-whitening-kit\/","name":"iWhite Glow Whitening Kit - iWhite","isPartOf":{"@id":"https:\/\/iwhiteinstant.com\/se\/#website"},"primaryImageOfPage":{"@id":"https:\/\/iwhiteinstant.com\/se\/produkt\/iwhite-glow-whitening-kit\/#primaryimage"},"image":{"@id":"https:\/\/iwhiteinstant.com\/se\/produkt\/iwhite-glow-whitening-kit\/#primaryimage"},"thumbnailUrl":"https:\/\/iwhiteinstant.com\/app\/uploads\/sites\/15\/2024\/11\/iWhite-Glow-whitening-kit.png","datePublished":"2024-11-15T10:05:14+00:00","dateModified":"2024-12-20T14:21:33+00:00","description":"Ett nytt och revolutionerande blekningskit som g\u00f6r dina t\u00e4nder upp till 8 nyanser vitare... men som ocks\u00e5 f\u00e5r dem att glittra och lysa?","breadcrumb":{"@id":"https:\/\/iwhiteinstant.com\/se\/produkt\/iwhite-glow-whitening-kit\/#breadcrumb"},"inLanguage":"sv-SE","potentialAction":[{"@type":"ReadAction","target":["https:\/\/iwhiteinstant.com\/se\/produkt\/iwhite-glow-whitening-kit\/"]}]},{"@type":"ImageObject","inLanguage":"sv-SE","@id":"https:\/\/iwhiteinstant.com\/se\/produkt\/iwhite-glow-whitening-kit\/#primaryimage","url":"https:\/\/iwhiteinstant.com\/app\/uploads\/sites\/15\/2024\/11\/iWhite-Glow-whitening-kit.png","contentUrl":"https:\/\/iwhiteinstant.com\/app\/uploads\/sites\/15\/2024\/11\/iWhite-Glow-whitening-kit.png","width":800,"height":800,"caption":"iWhite-Glow-whitening-kit"},{"@type":"BreadcrumbList","@id":"https:\/\/iwhiteinstant.com\/se\/produkt\/iwhite-glow-whitening-kit\/#breadcrumb","itemListElement":[{"@type":"ListItem","position":1,"name":"Home","item":"https:\/\/iwhiteinstant.com\/se\/"},{"@type":"ListItem","position":2,"name":"Sortiment","item":"https:\/\/iwhiteinstant.com\/se\/iwhite-sortimentet\/"},{"@type":"ListItem","position":3,"name":"iWhite Glow Whitening Kit"}]},{"@type":"WebSite","@id":"https:\/\/iwhiteinstant.com\/se\/#website","url":"https:\/\/iwhiteinstant.com\/se\/","name":"iWhite","description":"","publisher":{"@id":"https:\/\/iwhiteinstant.com\/se\/#organization"},"potentialAction":[{"@type":"SearchAction","target":{"@type":"EntryPoint","urlTemplate":"https:\/\/iwhiteinstant.com\/se\/?s={search_term_string}"},"query-input":{"@type":"PropertyValueSpecification","valueRequired":true,"valueName":"search_term_string"}}],"inLanguage":"sv-SE"},{"@type":"Organization","@id":"https:\/\/iwhiteinstant.com\/se\/#organization","name":"iWhite","url":"https:\/\/iwhiteinstant.com\/se\/","logo":{"@type":"ImageObject","inLanguage":"sv-SE","@id":"https:\/\/iwhiteinstant.com\/se\/#\/schema\/logo\/image\/","url":"https:\/\/iwhiteinstant.com\/app\/uploads\/sites\/15\/2024\/11\/Iwhite-logo.png","contentUrl":"https:\/\/iwhiteinstant.com\/app\/uploads\/sites\/15\/2024\/11\/Iwhite-logo.png","width":160,"height":40,"caption":"iWhite"},"image":{"@id":"https:\/\/iwhiteinstant.com\/se\/#\/schema\/logo\/image\/"}}]}},"_links":{"self":[{"href":"https:\/\/iwhiteinstant.com\/se\/wp-json\/wp\/v2\/product\/98","targetHints":{"allow":["GET"]}}],"collection":[{"href":"https:\/\/iwhiteinstant.com\/se\/wp-json\/wp\/v2\/product"}],"about":[{"href":"https:\/\/iwhiteinstant.com\/se\/wp-json\/wp\/v2\/types\/product"}],"replies":[{"embeddable":true,"href":"https:\/\/iwhiteinstant.com\/se\/wp-json\/wp\/v2\/comments?post=98"}],"version-history":[{"count":9,"href":"https:\/\/iwhiteinstant.com\/se\/wp-json\/wp\/v2\/product\/98\/revisions"}],"predecessor-version":[{"id":209,"href":"https:\/\/iwhiteinstant.com\/se\/wp-json\/wp\/v2\/product\/98\/revisions\/209"}],"wp:featuredmedia":[{"embeddable":true,"href":"https:\/\/iwhiteinstant.com\/se\/wp-json\/wp\/v2\/media\/99"}],"wp:attachment":[{"href":"https:\/\/iwhiteinstant.com\/se\/wp-json\/wp\/v2\/media?parent=98"}],"wp:term":[{"taxonomy":"product_brand","embeddable":true,"href":"https:\/\/iwhiteinstant.com\/se\/wp-json\/wp\/v2\/product_brand?post=98"},{"taxonomy":"product_cat","embeddable":true,"href":"https:\/\/iwhiteinstant.com\/se\/wp-json\/wp\/v2\/product_cat?post=98"},{"taxonomy":"product_tag","embeddable":true,"href":"https:\/\/iwhiteinstant.com\/se\/wp-json\/wp\/v2\/product_tag?post=98"}],"curies":[{"name":"wp","href":"https:\/\/api.w.org\/{rel}","templated":true}]}}